{"id":461665,"date":"2023-10-17T19:57:56","date_gmt":"2023-10-17T17:57:56","guid":{"rendered":"https:\/\/www.daisho.be\/produit\/tatami-multisport-performance-mma-nero\/"},"modified":"2026-03-31T14:52:33","modified_gmt":"2026-03-31T12:52:33","slug":"tatami-multisport-performance-mma-nero","status":"publish","type":"product","link":"https:\/\/www.daisho.be\/it\/produit\/tatami-multisport-performance-mma-nero\/","title":{"rendered":"Tatami MULTISPORT PERFORMANCE MMA NERO"},"content":{"rendered":"<p>Il tappetino ProGame Tatami Multisport Performance \u00e8 stato progettato per soddisfare le esigenze dei praticanti di varie arti marziali.<br \/>\n\u00c8 un prodotto di alta qualit\u00e0 che offre un ottimo rapporto qualit\u00e0-prezzo.<br \/>\nQuesto tappetino \u00e8 facile e veloce da maneggiare grazie alla sua leggerezza e al sistema a puzzle.<br \/>\nSpecifiche:<br \/>\nDimensioni: 1000 x 1000 x 40 mm<br \/>\nPeso: 2,7 kg in 35 mm.<br \/>\nColori: Nero\/Grigio<br \/>\nSicurezza: EN 1177 HIC (Head Injury Criteria)<br \/>\nNota:<br \/>\nI bordi non sono inclusi nei tatami.<br \/>\nContattaci per verificare la disponibilit\u00e0 dei bordi.<\/p>\n","protected":false},"excerpt":{"rendered":"<p>Il tappetino ProGame Tatami Multisport Performance \u00e8 stato progettato per soddisfare le esigenze dei praticanti di varie arti marziali. \u00c8 un prodotto di alta qualit\u00e0 che offre un ottimo rapporto qualit\u00e0-prezzo. Questo tappetino \u00e8 facile e veloce da maneggiare grazie alla sua leggerezza e al sistema a puzzle. Specifiche: Dimensioni: 1000 x 1000 x 40 [&hellip;]<\/p>\n","protected":false},"featured_media":461667,"comment_status":"closed","ping_status":"closed","template":"","meta":{"inline_featured_image":false},"product_brand":[],"product_cat":[2130,2096,2013],"product_tag":[2553,2025],"sport":[],"class_list":{"0":"post-461665","1":"product","2":"type-product","3":"status-publish","4":"has-post-thumbnail","6":"product_cat-attrezzatura-per-lallenamento-di-muay-thai","7":"product_cat-attrezzatura-per-lallenamento-mma","8":"product_cat-tappeti-tatami-per-judo-karate-e-taekwondo-arti-marziali","9":"product_tag-citazione","10":"product_tag-progame-tatamis-it","11":"product_shipping_class-prodotti-ingombranti","12":"pa_size-4-cm","14":"first","15":"instock","16":"taxable","17":"shipping-taxable","18":"purchasable","19":"product-type-variable"},"yoast_head":"<!-- This site is optimized with the Yoast SEO plugin v27.2 - https:\/\/yoast.com\/product\/yoast-seo-wordpress\/ -->\n<title>Tatami MULTISPORT PERFORMANCE MMA NERO &#8211; Daisho<\/title>\n<meta name=\"description\" content=\"Tappetini ad alte prestazioni, versatili, leggeri e di alta qualit\u00e0, facili e veloci da maneggiare. Trovali su www.daisho.be|Daisho\" \/>\n<meta name=\"robots\" content=\"index, follow, max-snippet:-1, max-image-preview:large, max-video-preview:-1\" \/>\n<link rel=\"canonical\" href=\"https:\/\/www.daisho.be\/it\/produit\/tatami-multisport-performance-mma-nero\/\" \/>\n<meta property=\"og:locale\" content=\"it_IT\" \/>\n<meta property=\"og:type\" content=\"article\" \/>\n<meta property=\"og:title\" content=\"Tatami MULTISPORT PERFORMANCE MMA NERO &#8211; Daisho\" \/>\n<meta property=\"og:description\" content=\"Tappetini ad alte prestazioni, versatili, leggeri e di alta qualit\u00e0, facili e veloci da maneggiare. Trovali su www.daisho.be|Daisho\" \/>\n<meta property=\"og:url\" content=\"https:\/\/www.daisho.be\/it\/produit\/tatami-multisport-performance-mma-nero\/\" \/>\n<meta property=\"og:site_name\" content=\"Daisho\" \/>\n<meta property=\"article:modified_time\" content=\"2026-03-31T12:52:33+00:00\" \/>\n<meta property=\"og:image\" content=\"https:\/\/www.daisho.be\/wp-content\/uploads\/2023\/11\/image-90.jpg\" \/>\n\t<meta property=\"og:image:width\" content=\"1920\" \/>\n\t<meta property=\"og:image:height\" content=\"1440\" \/>\n\t<meta property=\"og:image:type\" content=\"image\/jpeg\" \/>\n<meta name=\"twitter:card\" content=\"summary_large_image\" \/>\n<script type=\"application\/ld+json\" class=\"yoast-schema-graph\">{\"@context\":\"https:\/\/schema.org\",\"@graph\":[{\"@type\":\"WebPage\",\"@id\":\"https:\/\/www.daisho.be\/it\/produit\/tatami-multisport-performance-mma-nero\/\",\"url\":\"https:\/\/www.daisho.be\/it\/produit\/tatami-multisport-performance-mma-nero\/\",\"name\":\"Tatami MULTISPORT PERFORMANCE MMA NERO &#8211; Daisho\",\"isPartOf\":{\"@id\":\"https:\/\/www.daisho.be\/it\/#website\"},\"primaryImageOfPage\":{\"@id\":\"https:\/\/www.daisho.be\/it\/produit\/tatami-multisport-performance-mma-nero\/#primaryimage\"},\"image\":{\"@id\":\"https:\/\/www.daisho.be\/it\/produit\/tatami-multisport-performance-mma-nero\/#primaryimage\"},\"thumbnailUrl\":\"https:\/\/www.daisho.be\/wp-content\/uploads\/2023\/11\/image-90.jpg\",\"datePublished\":\"2023-10-17T17:57:56+00:00\",\"dateModified\":\"2026-03-31T12:52:33+00:00\",\"description\":\"Tappetini ad alte prestazioni, versatili, leggeri e di alta qualit\u00e0, facili e veloci da maneggiare. Trovali su www.daisho.be|Daisho\",\"breadcrumb\":{\"@id\":\"https:\/\/www.daisho.be\/it\/produit\/tatami-multisport-performance-mma-nero\/#breadcrumb\"},\"inLanguage\":\"it-IT\",\"potentialAction\":[{\"@type\":\"ReadAction\",\"target\":[\"https:\/\/www.daisho.be\/it\/produit\/tatami-multisport-performance-mma-nero\/\"]}]},{\"@type\":\"ImageObject\",\"inLanguage\":\"it-IT\",\"@id\":\"https:\/\/www.daisho.be\/it\/produit\/tatami-multisport-performance-mma-nero\/#primaryimage\",\"url\":\"https:\/\/www.daisho.be\/wp-content\/uploads\/2023\/11\/image-90.jpg\",\"contentUrl\":\"https:\/\/www.daisho.be\/wp-content\/uploads\/2023\/11\/image-90.jpg\",\"width\":1920,\"height\":1440,\"caption\":\"Tatami MULTISPORT PERFORMANCE MMA BLACK -1\"},{\"@type\":\"BreadcrumbList\",\"@id\":\"https:\/\/www.daisho.be\/it\/produit\/tatami-multisport-performance-mma-nero\/#breadcrumb\",\"itemListElement\":[{\"@type\":\"ListItem\",\"position\":1,\"name\":\"Accueil\",\"item\":\"https:\/\/www.daisho.be\/it\/\"},{\"@type\":\"ListItem\",\"position\":2,\"name\":\"Prodotti\",\"item\":\"https:\/\/www.daisho.be\/it\/prodotti\/\"},{\"@type\":\"ListItem\",\"position\":3,\"name\":\"Attrezzature e abbigliamento per arti marziali e sport da combattimento\",\"item\":\"https:\/\/www.daisho.be\/it\/categorie-produit\/attrezzature-e-abbigliamento-per-arti-marziali-e-sport-da-combattimento\/\"},{\"@type\":\"ListItem\",\"position\":4,\"name\":\"Muay Thai\",\"item\":\"https:\/\/www.daisho.be\/it\/categorie-produit\/attrezzature-e-abbigliamento-per-arti-marziali-e-sport-da-combattimento\/muay-thai-it-2\/\"},{\"@type\":\"ListItem\",\"position\":5,\"name\":\"Attrezzatura per l'allenamento di Muay Thai\",\"item\":\"https:\/\/www.daisho.be\/it\/categorie-produit\/attrezzature-e-abbigliamento-per-arti-marziali-e-sport-da-combattimento\/muay-thai-it-2\/attrezzatura-per-lallenamento-di-muay-thai\/\"},{\"@type\":\"ListItem\",\"position\":6,\"name\":\"Tatami MULTISPORT PERFORMANCE MMA NERO\"}]},{\"@type\":\"WebSite\",\"@id\":\"https:\/\/www.daisho.be\/it\/#website\",\"url\":\"https:\/\/www.daisho.be\/it\/\",\"name\":\"Daisho\",\"description\":\"Sp&eacute;cialiste de l'&eacute;quipement sportif d'arts martiaux\",\"publisher\":{\"@id\":\"https:\/\/www.daisho.be\/it\/#organization\"},\"potentialAction\":[{\"@type\":\"SearchAction\",\"target\":{\"@type\":\"EntryPoint\",\"urlTemplate\":\"https:\/\/www.daisho.be\/it\/?s={search_term_string}\"},\"query-input\":{\"@type\":\"PropertyValueSpecification\",\"valueRequired\":true,\"valueName\":\"search_term_string\"}}],\"inLanguage\":\"it-IT\"},{\"@type\":\"Organization\",\"@id\":\"https:\/\/www.daisho.be\/it\/#organization\",\"name\":\"Daisho\",\"url\":\"https:\/\/www.daisho.be\/it\/\",\"logo\":{\"@type\":\"ImageObject\",\"inLanguage\":\"it-IT\",\"@id\":\"https:\/\/www.daisho.be\/it\/#\/schema\/logo\/image\/\",\"url\":\"https:\/\/www.daisho.be\/wp-content\/uploads\/2019\/07\/color-nothing-horizontale4x-e1564486100247.png\",\"contentUrl\":\"https:\/\/www.daisho.be\/wp-content\/uploads\/2019\/07\/color-nothing-horizontale4x-e1564486100247.png\",\"width\":1547,\"height\":385,\"caption\":\"Daisho\"},\"image\":{\"@id\":\"https:\/\/www.daisho.be\/it\/#\/schema\/logo\/image\/\"}}]}<\/script>\n<!-- \/ Yoast SEO plugin. -->","yoast_head_json":{"title":"Tatami MULTISPORT PERFORMANCE MMA NERO &#8211; Daisho","description":"Tappetini ad alte prestazioni, versatili, leggeri e di alta qualit\u00e0, facili e veloci da maneggiare. Trovali su www.daisho.be|Daisho","robots":{"index":"index","follow":"follow","max-snippet":"max-snippet:-1","max-image-preview":"max-image-preview:large","max-video-preview":"max-video-preview:-1"},"canonical":"https:\/\/www.daisho.be\/it\/produit\/tatami-multisport-performance-mma-nero\/","og_locale":"it_IT","og_type":"article","og_title":"Tatami MULTISPORT PERFORMANCE MMA NERO &#8211; Daisho","og_description":"Tappetini ad alte prestazioni, versatili, leggeri e di alta qualit\u00e0, facili e veloci da maneggiare. Trovali su www.daisho.be|Daisho","og_url":"https:\/\/www.daisho.be\/it\/produit\/tatami-multisport-performance-mma-nero\/","og_site_name":"Daisho","article_modified_time":"2026-03-31T12:52:33+00:00","og_image":[{"width":1920,"height":1440,"url":"https:\/\/www.daisho.be\/wp-content\/uploads\/2023\/11\/image-90.jpg","type":"image\/jpeg"}],"twitter_card":"summary_large_image","schema":{"@context":"https:\/\/schema.org","@graph":[{"@type":"WebPage","@id":"https:\/\/www.daisho.be\/it\/produit\/tatami-multisport-performance-mma-nero\/","url":"https:\/\/www.daisho.be\/it\/produit\/tatami-multisport-performance-mma-nero\/","name":"Tatami MULTISPORT PERFORMANCE MMA NERO &#8211; Daisho","isPartOf":{"@id":"https:\/\/www.daisho.be\/it\/#website"},"primaryImageOfPage":{"@id":"https:\/\/www.daisho.be\/it\/produit\/tatami-multisport-performance-mma-nero\/#primaryimage"},"image":{"@id":"https:\/\/www.daisho.be\/it\/produit\/tatami-multisport-performance-mma-nero\/#primaryimage"},"thumbnailUrl":"https:\/\/www.daisho.be\/wp-content\/uploads\/2023\/11\/image-90.jpg","datePublished":"2023-10-17T17:57:56+00:00","dateModified":"2026-03-31T12:52:33+00:00","description":"Tappetini ad alte prestazioni, versatili, leggeri e di alta qualit\u00e0, facili e veloci da maneggiare. Trovali su www.daisho.be|Daisho","breadcrumb":{"@id":"https:\/\/www.daisho.be\/it\/produit\/tatami-multisport-performance-mma-nero\/#breadcrumb"},"inLanguage":"it-IT","potentialAction":[{"@type":"ReadAction","target":["https:\/\/www.daisho.be\/it\/produit\/tatami-multisport-performance-mma-nero\/"]}]},{"@type":"ImageObject","inLanguage":"it-IT","@id":"https:\/\/www.daisho.be\/it\/produit\/tatami-multisport-performance-mma-nero\/#primaryimage","url":"https:\/\/www.daisho.be\/wp-content\/uploads\/2023\/11\/image-90.jpg","contentUrl":"https:\/\/www.daisho.be\/wp-content\/uploads\/2023\/11\/image-90.jpg","width":1920,"height":1440,"caption":"Tatami MULTISPORT PERFORMANCE MMA BLACK -1"},{"@type":"BreadcrumbList","@id":"https:\/\/www.daisho.be\/it\/produit\/tatami-multisport-performance-mma-nero\/#breadcrumb","itemListElement":[{"@type":"ListItem","position":1,"name":"Accueil","item":"https:\/\/www.daisho.be\/it\/"},{"@type":"ListItem","position":2,"name":"Prodotti","item":"https:\/\/www.daisho.be\/it\/prodotti\/"},{"@type":"ListItem","position":3,"name":"Attrezzature e abbigliamento per arti marziali e sport da combattimento","item":"https:\/\/www.daisho.be\/it\/categorie-produit\/attrezzature-e-abbigliamento-per-arti-marziali-e-sport-da-combattimento\/"},{"@type":"ListItem","position":4,"name":"Muay Thai","item":"https:\/\/www.daisho.be\/it\/categorie-produit\/attrezzature-e-abbigliamento-per-arti-marziali-e-sport-da-combattimento\/muay-thai-it-2\/"},{"@type":"ListItem","position":5,"name":"Attrezzatura per l'allenamento di Muay Thai","item":"https:\/\/www.daisho.be\/it\/categorie-produit\/attrezzature-e-abbigliamento-per-arti-marziali-e-sport-da-combattimento\/muay-thai-it-2\/attrezzatura-per-lallenamento-di-muay-thai\/"},{"@type":"ListItem","position":6,"name":"Tatami MULTISPORT PERFORMANCE MMA NERO"}]},{"@type":"WebSite","@id":"https:\/\/www.daisho.be\/it\/#website","url":"https:\/\/www.daisho.be\/it\/","name":"Daisho","description":"Sp&eacute;cialiste de l'&eacute;quipement sportif d'arts martiaux","publisher":{"@id":"https:\/\/www.daisho.be\/it\/#organization"},"potentialAction":[{"@type":"SearchAction","target":{"@type":"EntryPoint","urlTemplate":"https:\/\/www.daisho.be\/it\/?s={search_term_string}"},"query-input":{"@type":"PropertyValueSpecification","valueRequired":true,"valueName":"search_term_string"}}],"inLanguage":"it-IT"},{"@type":"Organization","@id":"https:\/\/www.daisho.be\/it\/#organization","name":"Daisho","url":"https:\/\/www.daisho.be\/it\/","logo":{"@type":"ImageObject","inLanguage":"it-IT","@id":"https:\/\/www.daisho.be\/it\/#\/schema\/logo\/image\/","url":"https:\/\/www.daisho.be\/wp-content\/uploads\/2019\/07\/color-nothing-horizontale4x-e1564486100247.png","contentUrl":"https:\/\/www.daisho.be\/wp-content\/uploads\/2019\/07\/color-nothing-horizontale4x-e1564486100247.png","width":1547,"height":385,"caption":"Daisho"},"image":{"@id":"https:\/\/www.daisho.be\/it\/#\/schema\/logo\/image\/"}}]}},"_links":{"self":[{"href":"https:\/\/www.daisho.be\/it\/wp-json\/wp\/v2\/product\/461665","targetHints":{"allow":["GET"]}}],"collection":[{"href":"https:\/\/www.daisho.be\/it\/wp-json\/wp\/v2\/product"}],"about":[{"href":"https:\/\/www.daisho.be\/it\/wp-json\/wp\/v2\/types\/product"}],"replies":[{"embeddable":true,"href":"https:\/\/www.daisho.be\/it\/wp-json\/wp\/v2\/comments?post=461665"}],"wp:featuredmedia":[{"embeddable":true,"href":"https:\/\/www.daisho.be\/it\/wp-json\/wp\/v2\/media\/461667"}],"wp:attachment":[{"href":"https:\/\/www.daisho.be\/it\/wp-json\/wp\/v2\/media?parent=461665"}],"wp:term":[{"taxonomy":"product_brand","embeddable":true,"href":"https:\/\/www.daisho.be\/it\/wp-json\/wp\/v2\/product_brand?post=461665"},{"taxonomy":"product_cat","embeddable":true,"href":"https:\/\/www.daisho.be\/it\/wp-json\/wp\/v2\/product_cat?post=461665"},{"taxonomy":"product_tag","embeddable":true,"href":"https:\/\/www.daisho.be\/it\/wp-json\/wp\/v2\/product_tag?post=461665"},{"taxonomy":"sport","embeddable":true,"href":"https:\/\/www.daisho.be\/it\/wp-json\/wp\/v2\/sport?post=461665"}],"curies":[{"name":"wp","href":"https:\/\/api.w.org\/{rel}","templated":true}]}}