{"id":461145,"date":"2024-01-13T12:13:27","date_gmt":"2024-01-13T11:13:27","guid":{"rendered":"https:\/\/www.daisho.be\/produit\/specchio-fisso-amadeus-cornice-argento\/"},"modified":"2026-03-31T14:52:04","modified_gmt":"2026-03-31T12:52:04","slug":"specchio-fisso-amadeus-cornice-argento","status":"publish","type":"product","link":"https:\/\/www.daisho.be\/it\/produit\/specchio-fisso-amadeus-cornice-argento\/","title":{"rendered":"Specchio fisso Amadeus &#8211; Cornice argento 170&#215;100 cm"},"content":{"rendered":"<p>Amadeus \u00e8 uno specchio professionale progettato per essere utilizzato in armonia con le nostre sbarre da ballo a parete. Grazie a un&#8217;apertura appositamente progettata attraverso il vetro e il supporto, Amadeus pu\u00f2 essere installato con le nostre console a muro Arabesque. Disponibile in due dimensioni, 2 x 1 m e 1,7 x 1 m, questo specchio dal riflesso perfetto \u00e8 lo strumento ideale per perfezionare la tua tecnica e sfruttare al meglio il tuo spazio.<br \/>\nMigliore utilizzo del tuo spazio.<br \/>\nAbbiamo sviluppato la soluzione ideale per combinare efficacemente specchi e sbarre da ballo. I nostri team di progettazione e produzione hanno creato uno specchio con un&#8217;apertura incorniciata che non indebolisce l&#8217;integrit\u00e0 dell&#8217;intera struttura. Grazie allo spazio di 20 x 10 centimetri, le console Arabesque si attaccano direttamente alla parete senza aggiungere ulteriore pressione allo specchio, garantendo un&#8217;installazione sicura.<br \/>\nIl vetro di 4 millimetri di spessore dello specchio professionale Amadeus \u00e8 di altissima qualit\u00e0. Permette a pi\u00f9 studenti a distanze diverse di vedersi senza distorsioni e di lavorare con precisione.<br \/>\nDettagli che fanno la differenza.<br \/>\nLe staffe in acciaio zincato avvitate alla parete sono progettate in modo che lo specchio possa essere appeso utilizzando le tacche della cornice. Una volta appeso alle staffe, lo specchio \u00e8 completamente piatto sulla parete. Questo sistema distribuisce il peso su tutta la superficie, garantendo un allineamento perfetto e una stabilit\u00e0 totale per l&#8217;intera installazione, indipendentemente dal numero di specchi. Le cornici in alluminio e l&#8217;apertura proteggono lo specchio e permettono di montarne diversi in modo sicuro e senza deviazioni.<br \/>\nNoi di Dinamica Ballet prestiamo attenzione ai dettagli, ecco perch\u00e9 puoi scegliere tra cornici argentate o nere per abbinare l&#8217;Amadeus alla consolle del locale da ballo. Gli specchi, le console e le barre di legno sono venduti separatamente, cos\u00ec puoi scegliere i modelli pi\u00f9 adatti al tuo spazio. L&#8217;Amadeus pu\u00f2 essere utilizzato anche in combinazione con i nostri specchi Figaro standard per creare grandi installazioni di specchi e barre da ballo.<br \/>\nUno specchio ad alta sicurezza.<br \/>\nLo spessore dello specchio, la protezione delle cornici in alluminio e il sistema di fissaggio conferiscono all&#8217;Amadeus una grande resistenza e un altissimo grado di protezione contro le rotture. Tuttavia, in caso di impatto violento sullo specchio, questo potrebbe rompersi. Per questo motivo applichiamo una pellicola di sicurezza per evitare che i frammenti di vetro si stacchino e colpiscano qualcuno. Amadeus \u00e8 conforme agli standard europei di sicurezza e prestazioni EN-6060.             <\/p>\n","protected":false},"excerpt":{"rendered":"<p>Amadeus \u00e8 uno specchio professionale progettato per essere utilizzato in armonia con le nostre sbarre da ballo a parete. Grazie a un&#8217;apertura appositamente progettata attraverso il vetro e il supporto, Amadeus pu\u00f2 essere installato con le nostre console a muro Arabesque. Disponibile in due dimensioni, 2 x 1 m e 1,7 x 1 m, questo [&hellip;]<\/p>\n","protected":false},"featured_media":461149,"comment_status":"open","ping_status":"closed","template":"","meta":{"inline_featured_image":false},"product_brand":[],"product_cat":[2049,2345],"product_tag":[2346],"sport":[],"class_list":{"0":"post-461145","1":"product","2":"type-product","3":"status-publish","4":"has-post-thumbnail","6":"product_cat-attrezzature-per-lallenamento-del-karate","7":"product_cat-specchi","8":"product_tag-dinamica-balletto","9":"product_shipping_class-prodotti-pesanti","10":"pa_size-170x100-cms","12":"first","13":"instock","14":"taxable","15":"shipping-taxable","16":"purchasable","17":"product-type-variable"},"yoast_head":"<!-- This site is optimized with the Yoast SEO plugin v27.2 - https:\/\/yoast.com\/product\/yoast-seo-wordpress\/ -->\n<title>Specchio fisso Amadeus - Cornice argento 170x100 cm &#8211; Daisho<\/title>\n<meta name=\"description\" content=\"Specchio da ballo professionale con apertura per le sbarre, riflesso perfetto, sicurezza rinforzata, 2 misure disponibili. Trovali su www.daisho.be|Daisho\" \/>\n<meta name=\"robots\" content=\"index, follow, max-snippet:-1, max-image-preview:large, max-video-preview:-1\" \/>\n<link rel=\"canonical\" href=\"https:\/\/www.daisho.be\/it\/produit\/specchio-fisso-amadeus-cornice-argento\/\" \/>\n<meta property=\"og:locale\" content=\"it_IT\" \/>\n<meta property=\"og:type\" content=\"article\" \/>\n<meta property=\"og:title\" content=\"Specchio fisso Amadeus - Cornice argento 170x100 cm &#8211; Daisho\" \/>\n<meta property=\"og:description\" content=\"Specchio da ballo professionale con apertura per le sbarre, riflesso perfetto, sicurezza rinforzata, 2 misure disponibili. Trovali su www.daisho.be|Daisho\" \/>\n<meta property=\"og:url\" content=\"https:\/\/www.daisho.be\/it\/produit\/specchio-fisso-amadeus-cornice-argento\/\" \/>\n<meta property=\"og:site_name\" content=\"Daisho\" \/>\n<meta property=\"article:modified_time\" content=\"2026-03-31T12:52:04+00:00\" \/>\n<meta property=\"og:image\" content=\"https:\/\/www.daisho.be\/wp-content\/uploads\/2024\/01\/image-204.jpg\" \/>\n\t<meta property=\"og:image:width\" content=\"801\" \/>\n\t<meta property=\"og:image:height\" content=\"1200\" \/>\n\t<meta property=\"og:image:type\" content=\"image\/jpeg\" \/>\n<meta name=\"twitter:card\" content=\"summary_large_image\" \/>\n<meta name=\"twitter:label1\" content=\"Tempo di lettura stimato\" \/>\n\t<meta name=\"twitter:data1\" content=\"2 minuti\" \/>\n<script type=\"application\/ld+json\" class=\"yoast-schema-graph\">{\"@context\":\"https:\/\/schema.org\",\"@graph\":[{\"@type\":\"WebPage\",\"@id\":\"https:\/\/www.daisho.be\/it\/produit\/specchio-fisso-amadeus-cornice-argento\/\",\"url\":\"https:\/\/www.daisho.be\/it\/produit\/specchio-fisso-amadeus-cornice-argento\/\",\"name\":\"Specchio fisso Amadeus - Cornice argento 170x100 cm &#8211; Daisho\",\"isPartOf\":{\"@id\":\"https:\/\/www.daisho.be\/it\/#website\"},\"primaryImageOfPage\":{\"@id\":\"https:\/\/www.daisho.be\/it\/produit\/specchio-fisso-amadeus-cornice-argento\/#primaryimage\"},\"image\":{\"@id\":\"https:\/\/www.daisho.be\/it\/produit\/specchio-fisso-amadeus-cornice-argento\/#primaryimage\"},\"thumbnailUrl\":\"https:\/\/www.daisho.be\/wp-content\/uploads\/2024\/01\/image-204.jpg\",\"datePublished\":\"2024-01-13T11:13:27+00:00\",\"dateModified\":\"2026-03-31T12:52:04+00:00\",\"description\":\"Specchio da ballo professionale con apertura per le sbarre, riflesso perfetto, sicurezza rinforzata, 2 misure disponibili. Trovali su www.daisho.be|Daisho\",\"breadcrumb\":{\"@id\":\"https:\/\/www.daisho.be\/it\/produit\/specchio-fisso-amadeus-cornice-argento\/#breadcrumb\"},\"inLanguage\":\"it-IT\",\"potentialAction\":[{\"@type\":\"ReadAction\",\"target\":[\"https:\/\/www.daisho.be\/it\/produit\/specchio-fisso-amadeus-cornice-argento\/\"]}]},{\"@type\":\"ImageObject\",\"inLanguage\":\"it-IT\",\"@id\":\"https:\/\/www.daisho.be\/it\/produit\/specchio-fisso-amadeus-cornice-argento\/#primaryimage\",\"url\":\"https:\/\/www.daisho.be\/wp-content\/uploads\/2024\/01\/image-204.jpg\",\"contentUrl\":\"https:\/\/www.daisho.be\/wp-content\/uploads\/2024\/01\/image-204.jpg\",\"width\":801,\"height\":1200,\"caption\":\"Specchio fisso Amadeus - Cornice argento 170x100 cm-1\"},{\"@type\":\"BreadcrumbList\",\"@id\":\"https:\/\/www.daisho.be\/it\/produit\/specchio-fisso-amadeus-cornice-argento\/#breadcrumb\",\"itemListElement\":[{\"@type\":\"ListItem\",\"position\":1,\"name\":\"Accueil\",\"item\":\"https:\/\/www.daisho.be\/it\/\"},{\"@type\":\"ListItem\",\"position\":2,\"name\":\"Prodotti\",\"item\":\"https:\/\/www.daisho.be\/it\/prodotti\/\"},{\"@type\":\"ListItem\",\"position\":3,\"name\":\"Attrezzature e abbigliamento per arti marziali e sport da combattimento\",\"item\":\"https:\/\/www.daisho.be\/it\/categorie-produit\/attrezzature-e-abbigliamento-per-arti-marziali-e-sport-da-combattimento\/\"},{\"@type\":\"ListItem\",\"position\":4,\"name\":\"Karate\",\"item\":\"https:\/\/www.daisho.be\/it\/categorie-produit\/attrezzature-e-abbigliamento-per-arti-marziali-e-sport-da-combattimento\/karate-it-2\/\"},{\"@type\":\"ListItem\",\"position\":5,\"name\":\"Attrezzature per l'allenamento del karate\",\"item\":\"https:\/\/www.daisho.be\/it\/categorie-produit\/attrezzature-e-abbigliamento-per-arti-marziali-e-sport-da-combattimento\/karate-it-2\/attrezzature-per-lallenamento-del-karate\/\"},{\"@type\":\"ListItem\",\"position\":6,\"name\":\"Specchio fisso Amadeus &#8211; Cornice argento 170&#215;100 cm\"}]},{\"@type\":\"WebSite\",\"@id\":\"https:\/\/www.daisho.be\/it\/#website\",\"url\":\"https:\/\/www.daisho.be\/it\/\",\"name\":\"Daisho\",\"description\":\"Sp&eacute;cialiste de l'&eacute;quipement sportif d'arts martiaux\",\"publisher\":{\"@id\":\"https:\/\/www.daisho.be\/it\/#organization\"},\"potentialAction\":[{\"@type\":\"SearchAction\",\"target\":{\"@type\":\"EntryPoint\",\"urlTemplate\":\"https:\/\/www.daisho.be\/it\/?s={search_term_string}\"},\"query-input\":{\"@type\":\"PropertyValueSpecification\",\"valueRequired\":true,\"valueName\":\"search_term_string\"}}],\"inLanguage\":\"it-IT\"},{\"@type\":\"Organization\",\"@id\":\"https:\/\/www.daisho.be\/it\/#organization\",\"name\":\"Daisho\",\"url\":\"https:\/\/www.daisho.be\/it\/\",\"logo\":{\"@type\":\"ImageObject\",\"inLanguage\":\"it-IT\",\"@id\":\"https:\/\/www.daisho.be\/it\/#\/schema\/logo\/image\/\",\"url\":\"https:\/\/www.daisho.be\/wp-content\/uploads\/2019\/07\/color-nothing-horizontale4x-e1564486100247.png\",\"contentUrl\":\"https:\/\/www.daisho.be\/wp-content\/uploads\/2019\/07\/color-nothing-horizontale4x-e1564486100247.png\",\"width\":1547,\"height\":385,\"caption\":\"Daisho\"},\"image\":{\"@id\":\"https:\/\/www.daisho.be\/it\/#\/schema\/logo\/image\/\"}}]}<\/script>\n<!-- \/ Yoast SEO plugin. -->","yoast_head_json":{"title":"Specchio fisso Amadeus - Cornice argento 170x100 cm &#8211; Daisho","description":"Specchio da ballo professionale con apertura per le sbarre, riflesso perfetto, sicurezza rinforzata, 2 misure disponibili. Trovali su www.daisho.be|Daisho","robots":{"index":"index","follow":"follow","max-snippet":"max-snippet:-1","max-image-preview":"max-image-preview:large","max-video-preview":"max-video-preview:-1"},"canonical":"https:\/\/www.daisho.be\/it\/produit\/specchio-fisso-amadeus-cornice-argento\/","og_locale":"it_IT","og_type":"article","og_title":"Specchio fisso Amadeus - Cornice argento 170x100 cm &#8211; Daisho","og_description":"Specchio da ballo professionale con apertura per le sbarre, riflesso perfetto, sicurezza rinforzata, 2 misure disponibili. Trovali su www.daisho.be|Daisho","og_url":"https:\/\/www.daisho.be\/it\/produit\/specchio-fisso-amadeus-cornice-argento\/","og_site_name":"Daisho","article_modified_time":"2026-03-31T12:52:04+00:00","og_image":[{"width":801,"height":1200,"url":"https:\/\/www.daisho.be\/wp-content\/uploads\/2024\/01\/image-204.jpg","type":"image\/jpeg"}],"twitter_card":"summary_large_image","twitter_misc":{"Tempo di lettura stimato":"2 minuti"},"schema":{"@context":"https:\/\/schema.org","@graph":[{"@type":"WebPage","@id":"https:\/\/www.daisho.be\/it\/produit\/specchio-fisso-amadeus-cornice-argento\/","url":"https:\/\/www.daisho.be\/it\/produit\/specchio-fisso-amadeus-cornice-argento\/","name":"Specchio fisso Amadeus - Cornice argento 170x100 cm &#8211; Daisho","isPartOf":{"@id":"https:\/\/www.daisho.be\/it\/#website"},"primaryImageOfPage":{"@id":"https:\/\/www.daisho.be\/it\/produit\/specchio-fisso-amadeus-cornice-argento\/#primaryimage"},"image":{"@id":"https:\/\/www.daisho.be\/it\/produit\/specchio-fisso-amadeus-cornice-argento\/#primaryimage"},"thumbnailUrl":"https:\/\/www.daisho.be\/wp-content\/uploads\/2024\/01\/image-204.jpg","datePublished":"2024-01-13T11:13:27+00:00","dateModified":"2026-03-31T12:52:04+00:00","description":"Specchio da ballo professionale con apertura per le sbarre, riflesso perfetto, sicurezza rinforzata, 2 misure disponibili. Trovali su www.daisho.be|Daisho","breadcrumb":{"@id":"https:\/\/www.daisho.be\/it\/produit\/specchio-fisso-amadeus-cornice-argento\/#breadcrumb"},"inLanguage":"it-IT","potentialAction":[{"@type":"ReadAction","target":["https:\/\/www.daisho.be\/it\/produit\/specchio-fisso-amadeus-cornice-argento\/"]}]},{"@type":"ImageObject","inLanguage":"it-IT","@id":"https:\/\/www.daisho.be\/it\/produit\/specchio-fisso-amadeus-cornice-argento\/#primaryimage","url":"https:\/\/www.daisho.be\/wp-content\/uploads\/2024\/01\/image-204.jpg","contentUrl":"https:\/\/www.daisho.be\/wp-content\/uploads\/2024\/01\/image-204.jpg","width":801,"height":1200,"caption":"Specchio fisso Amadeus - Cornice argento 170x100 cm-1"},{"@type":"BreadcrumbList","@id":"https:\/\/www.daisho.be\/it\/produit\/specchio-fisso-amadeus-cornice-argento\/#breadcrumb","itemListElement":[{"@type":"ListItem","position":1,"name":"Accueil","item":"https:\/\/www.daisho.be\/it\/"},{"@type":"ListItem","position":2,"name":"Prodotti","item":"https:\/\/www.daisho.be\/it\/prodotti\/"},{"@type":"ListItem","position":3,"name":"Attrezzature e abbigliamento per arti marziali e sport da combattimento","item":"https:\/\/www.daisho.be\/it\/categorie-produit\/attrezzature-e-abbigliamento-per-arti-marziali-e-sport-da-combattimento\/"},{"@type":"ListItem","position":4,"name":"Karate","item":"https:\/\/www.daisho.be\/it\/categorie-produit\/attrezzature-e-abbigliamento-per-arti-marziali-e-sport-da-combattimento\/karate-it-2\/"},{"@type":"ListItem","position":5,"name":"Attrezzature per l'allenamento del karate","item":"https:\/\/www.daisho.be\/it\/categorie-produit\/attrezzature-e-abbigliamento-per-arti-marziali-e-sport-da-combattimento\/karate-it-2\/attrezzature-per-lallenamento-del-karate\/"},{"@type":"ListItem","position":6,"name":"Specchio fisso Amadeus &#8211; Cornice argento 170&#215;100 cm"}]},{"@type":"WebSite","@id":"https:\/\/www.daisho.be\/it\/#website","url":"https:\/\/www.daisho.be\/it\/","name":"Daisho","description":"Sp&eacute;cialiste de l'&eacute;quipement sportif d'arts martiaux","publisher":{"@id":"https:\/\/www.daisho.be\/it\/#organization"},"potentialAction":[{"@type":"SearchAction","target":{"@type":"EntryPoint","urlTemplate":"https:\/\/www.daisho.be\/it\/?s={search_term_string}"},"query-input":{"@type":"PropertyValueSpecification","valueRequired":true,"valueName":"search_term_string"}}],"inLanguage":"it-IT"},{"@type":"Organization","@id":"https:\/\/www.daisho.be\/it\/#organization","name":"Daisho","url":"https:\/\/www.daisho.be\/it\/","logo":{"@type":"ImageObject","inLanguage":"it-IT","@id":"https:\/\/www.daisho.be\/it\/#\/schema\/logo\/image\/","url":"https:\/\/www.daisho.be\/wp-content\/uploads\/2019\/07\/color-nothing-horizontale4x-e1564486100247.png","contentUrl":"https:\/\/www.daisho.be\/wp-content\/uploads\/2019\/07\/color-nothing-horizontale4x-e1564486100247.png","width":1547,"height":385,"caption":"Daisho"},"image":{"@id":"https:\/\/www.daisho.be\/it\/#\/schema\/logo\/image\/"}}]}},"_links":{"self":[{"href":"https:\/\/www.daisho.be\/it\/wp-json\/wp\/v2\/product\/461145","targetHints":{"allow":["GET"]}}],"collection":[{"href":"https:\/\/www.daisho.be\/it\/wp-json\/wp\/v2\/product"}],"about":[{"href":"https:\/\/www.daisho.be\/it\/wp-json\/wp\/v2\/types\/product"}],"replies":[{"embeddable":true,"href":"https:\/\/www.daisho.be\/it\/wp-json\/wp\/v2\/comments?post=461145"}],"wp:featuredmedia":[{"embeddable":true,"href":"https:\/\/www.daisho.be\/it\/wp-json\/wp\/v2\/media\/461149"}],"wp:attachment":[{"href":"https:\/\/www.daisho.be\/it\/wp-json\/wp\/v2\/media?parent=461145"}],"wp:term":[{"taxonomy":"product_brand","embeddable":true,"href":"https:\/\/www.daisho.be\/it\/wp-json\/wp\/v2\/product_brand?post=461145"},{"taxonomy":"product_cat","embeddable":true,"href":"https:\/\/www.daisho.be\/it\/wp-json\/wp\/v2\/product_cat?post=461145"},{"taxonomy":"product_tag","embeddable":true,"href":"https:\/\/www.daisho.be\/it\/wp-json\/wp\/v2\/product_tag?post=461145"},{"taxonomy":"sport","embeddable":true,"href":"https:\/\/www.daisho.be\/it\/wp-json\/wp\/v2\/sport?post=461145"}],"curies":[{"name":"wp","href":"https:\/\/api.w.org\/{rel}","templated":true}]}}