{"id":461091,"date":"2024-01-13T12:14:14","date_gmt":"2024-01-13T11:14:14","guid":{"rendered":"https:\/\/www.daisho.be\/produit\/specchio-fisso-figaro-cornice-argento\/"},"modified":"2026-03-03T16:05:08","modified_gmt":"2026-03-03T15:05:08","slug":"specchio-fisso-figaro-cornice-argento","status":"publish","type":"product","link":"https:\/\/www.daisho.be\/it\/produit\/specchio-fisso-figaro-cornice-argento\/","title":{"rendered":"Specchio fisso Figaro &#8211; Cornice argento 200&#215;125 cm"},"content":{"rendered":"<p>Le Figaro \u00e8 uno specchio per i professionisti delle arti dello spettacolo e dello sport.<br \/>\nFornisce un riflesso perfetto, senza distorsioni a qualsiasi distanza, cos\u00ec ballerini, musicisti e atleti possono lavorare sulla loro tecnica con precisione.<br \/>\n\u00c8 stato progettato in modo da poter assemblare tutte le unit\u00e0 di cui hai bisogno per creare uno spazio continuo con una sensazione di ampiezza ed eleganza.<br \/>\nFigaro \u00e8 uno specchio ad alta sicurezza grazie al sistema di montaggio a parete e alla pellicola antisfondamento che impedisce ai frammenti di staccarsi in caso di impatto violento.<br \/>\nUno strumento di lavoro essenziale.<br \/>\nPer migliorare la tua tecnica in qualsiasi disciplina artistica o sportiva, uno specchio di alta precisione \u00e8 essenziale. Il vetro di 4 millimetri di spessore dello specchio professionale Figaro \u00e8 di altissima qualit\u00e0.<br \/>\nPermette a pi\u00f9 studenti a distanze diverse di vedersi senza distorsioni e di lavorare con precisione. Le staffe in acciaio zincato garantiscono un fissaggio perfetto alla parete e una superficie piatta e non inclinata.<br \/>\nLe cornici in alluminio proteggono lo specchio e permettono di collegare le varie unit\u00e0 in modo sicuro e senza deviazioni.<br \/>\nDimensioni e colori per creare lo studio perfetto.<br \/>\nLo specchio \u00e8 un elemento essenziale di ogni stanza e abbiamo progettato Figaro in diverse dimensioni e con una cornice nera o argento per adattarsi alle dimensioni e allo stile del tuo studio.<br \/>\n\u00c8 disponibile in 3 misure, il classico 2&#215;1 m e modelli pi\u00f9 piccoli adatti ai bambini.<br \/>\nMassima sicurezza per la tranquillit\u00e0 di tutti.<br \/>\nLo spessore dello specchio, la protezione delle cornici in alluminio e il sistema di fissaggio rendono il Figaro estremamente robusto e resistente alla rottura.<br \/>\nTuttavia, un impatto violento sullo specchio potrebbe causarne la frantumazione. Ecco perch\u00e9 applichiamo una pellicola protettiva di sicurezza per evitare che i frammenti di vetro si stacchino e colpiscano qualcuno.<br \/>\nLe staffe per il montaggio a parete sono progettate in modo che lo specchio possa essere appeso utilizzando le tacche della cornice. Il peso \u00e8 distribuito su tutta la superficie e il fatto che poggi completamente sulla parete garantisce una perfetta stabilit\u00e0.<br \/>\nIl supporto in acciaio zincato impedisce l&#8217;ossidazione.<br \/>\nIl Figaro \u00e8 conforme agli standard europei di sicurezza e prestazioni EN-6060.<br \/>\nLa flessibilit\u00e0 di un unico specchio fisso.<br \/>\nLe due piccole staffe in acciaio zincato antiruggine si fissano alla parete con due viti.<br \/>\nLa cornice in alluminio, che circonda l&#8217;intero specchio, \u00e8 dotata di due tacche per appendere lo specchio.<br \/>\nQuesto sistema garantisce sicurezza e flessibilit\u00e0, perch\u00e9 se dovessi avere bisogno di installare gli specchi in un&#8217;altra stanza, potrai spostarli facilmente.<br \/>\nUna volta appeso alle staffe, lo specchio \u00e8 completamente piatto sulla parete.<br \/>\nQuesto sistema distribuisce il peso su tutta la superficie, garantendo un allineamento perfetto e una stabilit\u00e0 totale dell&#8217;intera installazione, indipendentemente dal numero di specchi.<br \/>\nPuoi combinare il Figaro con le nostre barre da pavimento per ottimizzare lo spazio e creare la tua sala da ballo ideale.<\/p>\n","protected":false},"excerpt":{"rendered":"<p>Le Figaro \u00e8 uno specchio per i professionisti delle arti dello spettacolo e dello sport. Fornisce un riflesso perfetto, senza distorsioni a qualsiasi distanza, cos\u00ec ballerini, musicisti e atleti possono lavorare sulla loro tecnica con precisione. \u00c8 stato progettato in modo da poter assemblare tutte le unit\u00e0 di cui hai bisogno per creare uno spazio [&hellip;]<\/p>\n","protected":false},"featured_media":461094,"comment_status":"open","ping_status":"closed","template":"","meta":{"inline_featured_image":false},"product_brand":[],"product_cat":[2049,2345],"product_tag":[2346],"sport":[],"class_list":{"0":"post-461091","1":"product","2":"type-product","3":"status-publish","4":"has-post-thumbnail","6":"product_cat-attrezzature-per-lallenamento-del-karate","7":"product_cat-specchi","8":"product_tag-dinamica-balletto","9":"product_shipping_class-prodotti-pesanti","10":"pa_size-200x125-cms","12":"first","13":"instock","14":"taxable","15":"shipping-taxable","16":"purchasable","17":"product-type-variable"},"yoast_head":"<!-- This site is optimized with the Yoast SEO plugin v27.2 - https:\/\/yoast.com\/product\/yoast-seo-wordpress\/ -->\n<title>Specchio fisso Figaro - Cornice argento 200x125 cm &#8211; Daisho<\/title>\n<meta name=\"description\" content=\"Specchio da parete, riflesso perfetto senza distorsioni, elevata sicurezza antisfondamento, modulare e ideale per la danza e lo sport. Trovalo su www.daisho.be | Daisho\" \/>\n<meta name=\"robots\" content=\"index, follow, max-snippet:-1, max-image-preview:large, max-video-preview:-1\" \/>\n<link rel=\"canonical\" href=\"https:\/\/www.daisho.be\/it\/produit\/specchio-fisso-figaro-cornice-argento\/\" \/>\n<meta property=\"og:locale\" content=\"it_IT\" \/>\n<meta property=\"og:type\" content=\"article\" \/>\n<meta property=\"og:title\" content=\"Specchio fisso Figaro - Cornice argento 200x125 cm &#8211; Daisho\" \/>\n<meta property=\"og:description\" content=\"Specchio da parete, riflesso perfetto senza distorsioni, elevata sicurezza antisfondamento, modulare e ideale per la danza e lo sport. Trovalo su www.daisho.be | Daisho\" \/>\n<meta property=\"og:url\" content=\"https:\/\/www.daisho.be\/it\/produit\/specchio-fisso-figaro-cornice-argento\/\" \/>\n<meta property=\"og:site_name\" content=\"Daisho\" \/>\n<meta property=\"article:modified_time\" content=\"2026-03-03T15:05:08+00:00\" \/>\n<meta property=\"og:image\" content=\"https:\/\/www.daisho.be\/wp-content\/uploads\/2024\/01\/image-211.jpg\" \/>\n\t<meta property=\"og:image:width\" content=\"801\" \/>\n\t<meta property=\"og:image:height\" content=\"1200\" \/>\n\t<meta property=\"og:image:type\" content=\"image\/jpeg\" \/>\n<meta name=\"twitter:card\" content=\"summary_large_image\" \/>\n<meta name=\"twitter:label1\" content=\"Tempo di lettura stimato\" \/>\n\t<meta name=\"twitter:data1\" content=\"2 minuti\" \/>\n<script type=\"application\/ld+json\" class=\"yoast-schema-graph\">{\"@context\":\"https:\/\/schema.org\",\"@graph\":[{\"@type\":\"WebPage\",\"@id\":\"https:\/\/www.daisho.be\/it\/produit\/specchio-fisso-figaro-cornice-argento\/\",\"url\":\"https:\/\/www.daisho.be\/it\/produit\/specchio-fisso-figaro-cornice-argento\/\",\"name\":\"Specchio fisso Figaro - Cornice argento 200x125 cm &#8211; Daisho\",\"isPartOf\":{\"@id\":\"https:\/\/www.daisho.be\/it\/#website\"},\"primaryImageOfPage\":{\"@id\":\"https:\/\/www.daisho.be\/it\/produit\/specchio-fisso-figaro-cornice-argento\/#primaryimage\"},\"image\":{\"@id\":\"https:\/\/www.daisho.be\/it\/produit\/specchio-fisso-figaro-cornice-argento\/#primaryimage\"},\"thumbnailUrl\":\"https:\/\/www.daisho.be\/wp-content\/uploads\/2024\/01\/image-211.jpg\",\"datePublished\":\"2024-01-13T11:14:14+00:00\",\"dateModified\":\"2026-03-03T15:05:08+00:00\",\"description\":\"Specchio da parete, riflesso perfetto senza distorsioni, elevata sicurezza antisfondamento, modulare e ideale per la danza e lo sport. Trovalo su www.daisho.be | Daisho\",\"breadcrumb\":{\"@id\":\"https:\/\/www.daisho.be\/it\/produit\/specchio-fisso-figaro-cornice-argento\/#breadcrumb\"},\"inLanguage\":\"it-IT\",\"potentialAction\":[{\"@type\":\"ReadAction\",\"target\":[\"https:\/\/www.daisho.be\/it\/produit\/specchio-fisso-figaro-cornice-argento\/\"]}]},{\"@type\":\"ImageObject\",\"inLanguage\":\"it-IT\",\"@id\":\"https:\/\/www.daisho.be\/it\/produit\/specchio-fisso-figaro-cornice-argento\/#primaryimage\",\"url\":\"https:\/\/www.daisho.be\/wp-content\/uploads\/2024\/01\/image-211.jpg\",\"contentUrl\":\"https:\/\/www.daisho.be\/wp-content\/uploads\/2024\/01\/image-211.jpg\",\"width\":801,\"height\":1200,\"caption\":\"Specchio fisso Figaro - Cornice argento 200x125 cm-1\"},{\"@type\":\"BreadcrumbList\",\"@id\":\"https:\/\/www.daisho.be\/it\/produit\/specchio-fisso-figaro-cornice-argento\/#breadcrumb\",\"itemListElement\":[{\"@type\":\"ListItem\",\"position\":1,\"name\":\"Accueil\",\"item\":\"https:\/\/www.daisho.be\/it\/\"},{\"@type\":\"ListItem\",\"position\":2,\"name\":\"Prodotti\",\"item\":\"https:\/\/www.daisho.be\/it\/prodotti\/\"},{\"@type\":\"ListItem\",\"position\":3,\"name\":\"Attrezzature e abbigliamento per arti marziali e sport da combattimento\",\"item\":\"https:\/\/www.daisho.be\/it\/categorie-produit\/attrezzature-e-abbigliamento-per-arti-marziali-e-sport-da-combattimento\/\"},{\"@type\":\"ListItem\",\"position\":4,\"name\":\"Karate\",\"item\":\"https:\/\/www.daisho.be\/it\/categorie-produit\/attrezzature-e-abbigliamento-per-arti-marziali-e-sport-da-combattimento\/karate-it-2\/\"},{\"@type\":\"ListItem\",\"position\":5,\"name\":\"Attrezzature per l'allenamento del karate\",\"item\":\"https:\/\/www.daisho.be\/it\/categorie-produit\/attrezzature-e-abbigliamento-per-arti-marziali-e-sport-da-combattimento\/karate-it-2\/attrezzature-per-lallenamento-del-karate\/\"},{\"@type\":\"ListItem\",\"position\":6,\"name\":\"Specchio fisso Figaro &#8211; Cornice argento 200&#215;125 cm\"}]},{\"@type\":\"WebSite\",\"@id\":\"https:\/\/www.daisho.be\/it\/#website\",\"url\":\"https:\/\/www.daisho.be\/it\/\",\"name\":\"Daisho\",\"description\":\"Sp&eacute;cialiste de l'&eacute;quipement sportif d'arts martiaux\",\"publisher\":{\"@id\":\"https:\/\/www.daisho.be\/it\/#organization\"},\"potentialAction\":[{\"@type\":\"SearchAction\",\"target\":{\"@type\":\"EntryPoint\",\"urlTemplate\":\"https:\/\/www.daisho.be\/it\/?s={search_term_string}\"},\"query-input\":{\"@type\":\"PropertyValueSpecification\",\"valueRequired\":true,\"valueName\":\"search_term_string\"}}],\"inLanguage\":\"it-IT\"},{\"@type\":\"Organization\",\"@id\":\"https:\/\/www.daisho.be\/it\/#organization\",\"name\":\"Daisho\",\"url\":\"https:\/\/www.daisho.be\/it\/\",\"logo\":{\"@type\":\"ImageObject\",\"inLanguage\":\"it-IT\",\"@id\":\"https:\/\/www.daisho.be\/it\/#\/schema\/logo\/image\/\",\"url\":\"https:\/\/www.daisho.be\/wp-content\/uploads\/2019\/07\/color-nothing-horizontale4x-e1564486100247.png\",\"contentUrl\":\"https:\/\/www.daisho.be\/wp-content\/uploads\/2019\/07\/color-nothing-horizontale4x-e1564486100247.png\",\"width\":1547,\"height\":385,\"caption\":\"Daisho\"},\"image\":{\"@id\":\"https:\/\/www.daisho.be\/it\/#\/schema\/logo\/image\/\"}}]}<\/script>\n<!-- \/ Yoast SEO plugin. -->","yoast_head_json":{"title":"Specchio fisso Figaro - Cornice argento 200x125 cm &#8211; Daisho","description":"Specchio da parete, riflesso perfetto senza distorsioni, elevata sicurezza antisfondamento, modulare e ideale per la danza e lo sport. Trovalo su www.daisho.be | Daisho","robots":{"index":"index","follow":"follow","max-snippet":"max-snippet:-1","max-image-preview":"max-image-preview:large","max-video-preview":"max-video-preview:-1"},"canonical":"https:\/\/www.daisho.be\/it\/produit\/specchio-fisso-figaro-cornice-argento\/","og_locale":"it_IT","og_type":"article","og_title":"Specchio fisso Figaro - Cornice argento 200x125 cm &#8211; Daisho","og_description":"Specchio da parete, riflesso perfetto senza distorsioni, elevata sicurezza antisfondamento, modulare e ideale per la danza e lo sport. Trovalo su www.daisho.be | Daisho","og_url":"https:\/\/www.daisho.be\/it\/produit\/specchio-fisso-figaro-cornice-argento\/","og_site_name":"Daisho","article_modified_time":"2026-03-03T15:05:08+00:00","og_image":[{"width":801,"height":1200,"url":"https:\/\/www.daisho.be\/wp-content\/uploads\/2024\/01\/image-211.jpg","type":"image\/jpeg"}],"twitter_card":"summary_large_image","twitter_misc":{"Tempo di lettura stimato":"2 minuti"},"schema":{"@context":"https:\/\/schema.org","@graph":[{"@type":"WebPage","@id":"https:\/\/www.daisho.be\/it\/produit\/specchio-fisso-figaro-cornice-argento\/","url":"https:\/\/www.daisho.be\/it\/produit\/specchio-fisso-figaro-cornice-argento\/","name":"Specchio fisso Figaro - Cornice argento 200x125 cm &#8211; Daisho","isPartOf":{"@id":"https:\/\/www.daisho.be\/it\/#website"},"primaryImageOfPage":{"@id":"https:\/\/www.daisho.be\/it\/produit\/specchio-fisso-figaro-cornice-argento\/#primaryimage"},"image":{"@id":"https:\/\/www.daisho.be\/it\/produit\/specchio-fisso-figaro-cornice-argento\/#primaryimage"},"thumbnailUrl":"https:\/\/www.daisho.be\/wp-content\/uploads\/2024\/01\/image-211.jpg","datePublished":"2024-01-13T11:14:14+00:00","dateModified":"2026-03-03T15:05:08+00:00","description":"Specchio da parete, riflesso perfetto senza distorsioni, elevata sicurezza antisfondamento, modulare e ideale per la danza e lo sport. Trovalo su www.daisho.be | Daisho","breadcrumb":{"@id":"https:\/\/www.daisho.be\/it\/produit\/specchio-fisso-figaro-cornice-argento\/#breadcrumb"},"inLanguage":"it-IT","potentialAction":[{"@type":"ReadAction","target":["https:\/\/www.daisho.be\/it\/produit\/specchio-fisso-figaro-cornice-argento\/"]}]},{"@type":"ImageObject","inLanguage":"it-IT","@id":"https:\/\/www.daisho.be\/it\/produit\/specchio-fisso-figaro-cornice-argento\/#primaryimage","url":"https:\/\/www.daisho.be\/wp-content\/uploads\/2024\/01\/image-211.jpg","contentUrl":"https:\/\/www.daisho.be\/wp-content\/uploads\/2024\/01\/image-211.jpg","width":801,"height":1200,"caption":"Specchio fisso Figaro - Cornice argento 200x125 cm-1"},{"@type":"BreadcrumbList","@id":"https:\/\/www.daisho.be\/it\/produit\/specchio-fisso-figaro-cornice-argento\/#breadcrumb","itemListElement":[{"@type":"ListItem","position":1,"name":"Accueil","item":"https:\/\/www.daisho.be\/it\/"},{"@type":"ListItem","position":2,"name":"Prodotti","item":"https:\/\/www.daisho.be\/it\/prodotti\/"},{"@type":"ListItem","position":3,"name":"Attrezzature e abbigliamento per arti marziali e sport da combattimento","item":"https:\/\/www.daisho.be\/it\/categorie-produit\/attrezzature-e-abbigliamento-per-arti-marziali-e-sport-da-combattimento\/"},{"@type":"ListItem","position":4,"name":"Karate","item":"https:\/\/www.daisho.be\/it\/categorie-produit\/attrezzature-e-abbigliamento-per-arti-marziali-e-sport-da-combattimento\/karate-it-2\/"},{"@type":"ListItem","position":5,"name":"Attrezzature per l'allenamento del karate","item":"https:\/\/www.daisho.be\/it\/categorie-produit\/attrezzature-e-abbigliamento-per-arti-marziali-e-sport-da-combattimento\/karate-it-2\/attrezzature-per-lallenamento-del-karate\/"},{"@type":"ListItem","position":6,"name":"Specchio fisso Figaro &#8211; Cornice argento 200&#215;125 cm"}]},{"@type":"WebSite","@id":"https:\/\/www.daisho.be\/it\/#website","url":"https:\/\/www.daisho.be\/it\/","name":"Daisho","description":"Sp&eacute;cialiste de l'&eacute;quipement sportif d'arts martiaux","publisher":{"@id":"https:\/\/www.daisho.be\/it\/#organization"},"potentialAction":[{"@type":"SearchAction","target":{"@type":"EntryPoint","urlTemplate":"https:\/\/www.daisho.be\/it\/?s={search_term_string}"},"query-input":{"@type":"PropertyValueSpecification","valueRequired":true,"valueName":"search_term_string"}}],"inLanguage":"it-IT"},{"@type":"Organization","@id":"https:\/\/www.daisho.be\/it\/#organization","name":"Daisho","url":"https:\/\/www.daisho.be\/it\/","logo":{"@type":"ImageObject","inLanguage":"it-IT","@id":"https:\/\/www.daisho.be\/it\/#\/schema\/logo\/image\/","url":"https:\/\/www.daisho.be\/wp-content\/uploads\/2019\/07\/color-nothing-horizontale4x-e1564486100247.png","contentUrl":"https:\/\/www.daisho.be\/wp-content\/uploads\/2019\/07\/color-nothing-horizontale4x-e1564486100247.png","width":1547,"height":385,"caption":"Daisho"},"image":{"@id":"https:\/\/www.daisho.be\/it\/#\/schema\/logo\/image\/"}}]}},"_links":{"self":[{"href":"https:\/\/www.daisho.be\/it\/wp-json\/wp\/v2\/product\/461091","targetHints":{"allow":["GET"]}}],"collection":[{"href":"https:\/\/www.daisho.be\/it\/wp-json\/wp\/v2\/product"}],"about":[{"href":"https:\/\/www.daisho.be\/it\/wp-json\/wp\/v2\/types\/product"}],"replies":[{"embeddable":true,"href":"https:\/\/www.daisho.be\/it\/wp-json\/wp\/v2\/comments?post=461091"}],"wp:featuredmedia":[{"embeddable":true,"href":"https:\/\/www.daisho.be\/it\/wp-json\/wp\/v2\/media\/461094"}],"wp:attachment":[{"href":"https:\/\/www.daisho.be\/it\/wp-json\/wp\/v2\/media?parent=461091"}],"wp:term":[{"taxonomy":"product_brand","embeddable":true,"href":"https:\/\/www.daisho.be\/it\/wp-json\/wp\/v2\/product_brand?post=461091"},{"taxonomy":"product_cat","embeddable":true,"href":"https:\/\/www.daisho.be\/it\/wp-json\/wp\/v2\/product_cat?post=461091"},{"taxonomy":"product_tag","embeddable":true,"href":"https:\/\/www.daisho.be\/it\/wp-json\/wp\/v2\/product_tag?post=461091"},{"taxonomy":"sport","embeddable":true,"href":"https:\/\/www.daisho.be\/it\/wp-json\/wp\/v2\/sport?post=461091"}],"curies":[{"name":"wp","href":"https:\/\/api.w.org\/{rel}","templated":true}]}}