{"id":460969,"date":"2022-08-08T09:31:08","date_gmt":"2022-08-08T07:31:08","guid":{"rendered":"https:\/\/www.daisho.be\/produit\/balsamo-orientale-100ml-prestoglas\/"},"modified":"2022-08-08T09:31:08","modified_gmt":"2022-08-08T07:31:08","slug":"balsamo-orientale-100ml-prestoglas","status":"publish","type":"product","link":"https:\/\/www.daisho.be\/it\/produit\/balsamo-orientale-100ml-prestoglas\/","title":{"rendered":"Balsamo orientale 100ml PRESTOGLAS"},"content":{"rendered":"<p>Il fratello minore del Thai Balm, il suo contenuto di oli essenziali \u00e8 meno concentrato ma contiene gli stessi ingredienti, per cui puoi fare un massaggio pi\u00f9 esteso. Efficace sia per preparare i muscoli all&#8217;esercizio fisico che per lenirli, \u00e8 un prodotto tuttofare essenziale nel tuo kit di cura.<\/p>\n","protected":false},"excerpt":{"rendered":"<p>Il fratello minore del Thai Balm, il suo contenuto di oli essenziali \u00e8 meno concentrato ma contiene gli stessi ingredienti, per cui puoi fare un massaggio pi\u00f9 esteso. Efficace sia per preparare i muscoli all&#8217;esercizio fisico che per lenirli, \u00e8 un prodotto tuttofare essenziale nel tuo kit di cura.<\/p>\n","protected":false},"featured_media":460970,"comment_status":"open","ping_status":"closed","template":"","meta":{"inline_featured_image":false},"product_brand":[],"product_cat":[2085,2170,2208],"product_tag":[2321],"sport":[],"class_list":{"0":"post-460969","1":"product","2":"type-product","3":"status-publish","4":"has-post-thumbnail","6":"product_cat-creme","7":"product_cat-cura","8":"product_cat-terapia-del-massaggio","9":"product_tag-prestoglas-it","10":"pa_size-sans-taille-defaut","12":"first","13":"instock","14":"taxable","15":"shipping-taxable","16":"purchasable","17":"product-type-simple"},"yoast_head":"<!-- This site is optimized with the Yoast SEO plugin v27.2 - https:\/\/yoast.com\/product\/yoast-seo-wordpress\/ -->\n<title>Balsamo orientale 100ml PRESTOGLAS &#8211; Daisho<\/title>\n<meta name=\"robots\" content=\"index, follow, max-snippet:-1, max-image-preview:large, max-video-preview:-1\" \/>\n<link rel=\"canonical\" href=\"https:\/\/www.daisho.be\/it\/produit\/balsamo-orientale-100ml-prestoglas\/\" \/>\n<meta property=\"og:locale\" content=\"it_IT\" \/>\n<meta property=\"og:type\" content=\"article\" \/>\n<meta property=\"og:title\" content=\"Balsamo orientale 100ml PRESTOGLAS &#8211; Daisho\" \/>\n<meta property=\"og:description\" content=\"Il fratello minore del Thai Balm, il suo contenuto di oli essenziali \u00e8 meno concentrato ma contiene gli stessi ingredienti, per cui puoi fare un massaggio pi\u00f9 esteso. Efficace sia per preparare i muscoli all&#8217;esercizio fisico che per lenirli, \u00e8 un prodotto tuttofare essenziale nel tuo kit di cura.\" \/>\n<meta property=\"og:url\" content=\"https:\/\/www.daisho.be\/it\/produit\/balsamo-orientale-100ml-prestoglas\/\" \/>\n<meta property=\"og:site_name\" content=\"Daisho\" \/>\n<meta property=\"og:image\" content=\"https:\/\/www.daisho.be\/wp-content\/uploads\/2023\/08\/image.png\" \/>\n\t<meta property=\"og:image:width\" content=\"1200\" \/>\n\t<meta property=\"og:image:height\" content=\"1200\" \/>\n\t<meta property=\"og:image:type\" content=\"image\/png\" \/>\n<meta name=\"twitter:card\" content=\"summary_large_image\" \/>\n<script type=\"application\/ld+json\" class=\"yoast-schema-graph\">{\"@context\":\"https:\/\/schema.org\",\"@graph\":[{\"@type\":\"WebPage\",\"@id\":\"https:\/\/www.daisho.be\/it\/produit\/balsamo-orientale-100ml-prestoglas\/\",\"url\":\"https:\/\/www.daisho.be\/it\/produit\/balsamo-orientale-100ml-prestoglas\/\",\"name\":\"Balsamo orientale 100ml PRESTOGLAS &#8211; Daisho\",\"isPartOf\":{\"@id\":\"https:\/\/www.daisho.be\/it\/#website\"},\"primaryImageOfPage\":{\"@id\":\"https:\/\/www.daisho.be\/it\/produit\/balsamo-orientale-100ml-prestoglas\/#primaryimage\"},\"image\":{\"@id\":\"https:\/\/www.daisho.be\/it\/produit\/balsamo-orientale-100ml-prestoglas\/#primaryimage\"},\"thumbnailUrl\":\"https:\/\/www.daisho.be\/wp-content\/uploads\/2023\/08\/image.png\",\"datePublished\":\"2022-08-08T07:31:08+00:00\",\"breadcrumb\":{\"@id\":\"https:\/\/www.daisho.be\/it\/produit\/balsamo-orientale-100ml-prestoglas\/#breadcrumb\"},\"inLanguage\":\"it-IT\",\"potentialAction\":[{\"@type\":\"ReadAction\",\"target\":[\"https:\/\/www.daisho.be\/it\/produit\/balsamo-orientale-100ml-prestoglas\/\"]}]},{\"@type\":\"ImageObject\",\"inLanguage\":\"it-IT\",\"@id\":\"https:\/\/www.daisho.be\/it\/produit\/balsamo-orientale-100ml-prestoglas\/#primaryimage\",\"url\":\"https:\/\/www.daisho.be\/wp-content\/uploads\/2023\/08\/image.png\",\"contentUrl\":\"https:\/\/www.daisho.be\/wp-content\/uploads\/2023\/08\/image.png\",\"width\":1200,\"height\":1200},{\"@type\":\"BreadcrumbList\",\"@id\":\"https:\/\/www.daisho.be\/it\/produit\/balsamo-orientale-100ml-prestoglas\/#breadcrumb\",\"itemListElement\":[{\"@type\":\"ListItem\",\"position\":1,\"name\":\"Accueil\",\"item\":\"https:\/\/www.daisho.be\/it\/\"},{\"@type\":\"ListItem\",\"position\":2,\"name\":\"Prodotti\",\"item\":\"https:\/\/www.daisho.be\/it\/prodotti\/\"},{\"@type\":\"ListItem\",\"position\":3,\"name\":\"Cura dello sport\",\"item\":\"https:\/\/www.daisho.be\/it\/categorie-produit\/cura-dello-sport\/\"},{\"@type\":\"ListItem\",\"position\":4,\"name\":\"Creme\",\"item\":\"https:\/\/www.daisho.be\/it\/categorie-produit\/cura-dello-sport\/creme\/\"},{\"@type\":\"ListItem\",\"position\":5,\"name\":\"Balsamo orientale 100ml PRESTOGLAS\"}]},{\"@type\":\"WebSite\",\"@id\":\"https:\/\/www.daisho.be\/it\/#website\",\"url\":\"https:\/\/www.daisho.be\/it\/\",\"name\":\"Daisho\",\"description\":\"Sp&eacute;cialiste de l'&eacute;quipement sportif d'arts martiaux\",\"publisher\":{\"@id\":\"https:\/\/www.daisho.be\/it\/#organization\"},\"potentialAction\":[{\"@type\":\"SearchAction\",\"target\":{\"@type\":\"EntryPoint\",\"urlTemplate\":\"https:\/\/www.daisho.be\/it\/?s={search_term_string}\"},\"query-input\":{\"@type\":\"PropertyValueSpecification\",\"valueRequired\":true,\"valueName\":\"search_term_string\"}}],\"inLanguage\":\"it-IT\"},{\"@type\":\"Organization\",\"@id\":\"https:\/\/www.daisho.be\/it\/#organization\",\"name\":\"Daisho\",\"url\":\"https:\/\/www.daisho.be\/it\/\",\"logo\":{\"@type\":\"ImageObject\",\"inLanguage\":\"it-IT\",\"@id\":\"https:\/\/www.daisho.be\/it\/#\/schema\/logo\/image\/\",\"url\":\"https:\/\/www.daisho.be\/wp-content\/uploads\/2019\/07\/color-nothing-horizontale4x-e1564486100247.png\",\"contentUrl\":\"https:\/\/www.daisho.be\/wp-content\/uploads\/2019\/07\/color-nothing-horizontale4x-e1564486100247.png\",\"width\":1547,\"height\":385,\"caption\":\"Daisho\"},\"image\":{\"@id\":\"https:\/\/www.daisho.be\/it\/#\/schema\/logo\/image\/\"}}]}<\/script>\n<!-- \/ Yoast SEO plugin. -->","yoast_head_json":{"title":"Balsamo orientale 100ml PRESTOGLAS &#8211; Daisho","robots":{"index":"index","follow":"follow","max-snippet":"max-snippet:-1","max-image-preview":"max-image-preview:large","max-video-preview":"max-video-preview:-1"},"canonical":"https:\/\/www.daisho.be\/it\/produit\/balsamo-orientale-100ml-prestoglas\/","og_locale":"it_IT","og_type":"article","og_title":"Balsamo orientale 100ml PRESTOGLAS &#8211; Daisho","og_description":"Il fratello minore del Thai Balm, il suo contenuto di oli essenziali \u00e8 meno concentrato ma contiene gli stessi ingredienti, per cui puoi fare un massaggio pi\u00f9 esteso. Efficace sia per preparare i muscoli all&#8217;esercizio fisico che per lenirli, \u00e8 un prodotto tuttofare essenziale nel tuo kit di cura.","og_url":"https:\/\/www.daisho.be\/it\/produit\/balsamo-orientale-100ml-prestoglas\/","og_site_name":"Daisho","og_image":[{"width":1200,"height":1200,"url":"https:\/\/www.daisho.be\/wp-content\/uploads\/2023\/08\/image.png","type":"image\/png"}],"twitter_card":"summary_large_image","schema":{"@context":"https:\/\/schema.org","@graph":[{"@type":"WebPage","@id":"https:\/\/www.daisho.be\/it\/produit\/balsamo-orientale-100ml-prestoglas\/","url":"https:\/\/www.daisho.be\/it\/produit\/balsamo-orientale-100ml-prestoglas\/","name":"Balsamo orientale 100ml PRESTOGLAS &#8211; Daisho","isPartOf":{"@id":"https:\/\/www.daisho.be\/it\/#website"},"primaryImageOfPage":{"@id":"https:\/\/www.daisho.be\/it\/produit\/balsamo-orientale-100ml-prestoglas\/#primaryimage"},"image":{"@id":"https:\/\/www.daisho.be\/it\/produit\/balsamo-orientale-100ml-prestoglas\/#primaryimage"},"thumbnailUrl":"https:\/\/www.daisho.be\/wp-content\/uploads\/2023\/08\/image.png","datePublished":"2022-08-08T07:31:08+00:00","breadcrumb":{"@id":"https:\/\/www.daisho.be\/it\/produit\/balsamo-orientale-100ml-prestoglas\/#breadcrumb"},"inLanguage":"it-IT","potentialAction":[{"@type":"ReadAction","target":["https:\/\/www.daisho.be\/it\/produit\/balsamo-orientale-100ml-prestoglas\/"]}]},{"@type":"ImageObject","inLanguage":"it-IT","@id":"https:\/\/www.daisho.be\/it\/produit\/balsamo-orientale-100ml-prestoglas\/#primaryimage","url":"https:\/\/www.daisho.be\/wp-content\/uploads\/2023\/08\/image.png","contentUrl":"https:\/\/www.daisho.be\/wp-content\/uploads\/2023\/08\/image.png","width":1200,"height":1200},{"@type":"BreadcrumbList","@id":"https:\/\/www.daisho.be\/it\/produit\/balsamo-orientale-100ml-prestoglas\/#breadcrumb","itemListElement":[{"@type":"ListItem","position":1,"name":"Accueil","item":"https:\/\/www.daisho.be\/it\/"},{"@type":"ListItem","position":2,"name":"Prodotti","item":"https:\/\/www.daisho.be\/it\/prodotti\/"},{"@type":"ListItem","position":3,"name":"Cura dello sport","item":"https:\/\/www.daisho.be\/it\/categorie-produit\/cura-dello-sport\/"},{"@type":"ListItem","position":4,"name":"Creme","item":"https:\/\/www.daisho.be\/it\/categorie-produit\/cura-dello-sport\/creme\/"},{"@type":"ListItem","position":5,"name":"Balsamo orientale 100ml PRESTOGLAS"}]},{"@type":"WebSite","@id":"https:\/\/www.daisho.be\/it\/#website","url":"https:\/\/www.daisho.be\/it\/","name":"Daisho","description":"Sp&eacute;cialiste de l'&eacute;quipement sportif d'arts martiaux","publisher":{"@id":"https:\/\/www.daisho.be\/it\/#organization"},"potentialAction":[{"@type":"SearchAction","target":{"@type":"EntryPoint","urlTemplate":"https:\/\/www.daisho.be\/it\/?s={search_term_string}"},"query-input":{"@type":"PropertyValueSpecification","valueRequired":true,"valueName":"search_term_string"}}],"inLanguage":"it-IT"},{"@type":"Organization","@id":"https:\/\/www.daisho.be\/it\/#organization","name":"Daisho","url":"https:\/\/www.daisho.be\/it\/","logo":{"@type":"ImageObject","inLanguage":"it-IT","@id":"https:\/\/www.daisho.be\/it\/#\/schema\/logo\/image\/","url":"https:\/\/www.daisho.be\/wp-content\/uploads\/2019\/07\/color-nothing-horizontale4x-e1564486100247.png","contentUrl":"https:\/\/www.daisho.be\/wp-content\/uploads\/2019\/07\/color-nothing-horizontale4x-e1564486100247.png","width":1547,"height":385,"caption":"Daisho"},"image":{"@id":"https:\/\/www.daisho.be\/it\/#\/schema\/logo\/image\/"}}]}},"_links":{"self":[{"href":"https:\/\/www.daisho.be\/it\/wp-json\/wp\/v2\/product\/460969","targetHints":{"allow":["GET"]}}],"collection":[{"href":"https:\/\/www.daisho.be\/it\/wp-json\/wp\/v2\/product"}],"about":[{"href":"https:\/\/www.daisho.be\/it\/wp-json\/wp\/v2\/types\/product"}],"replies":[{"embeddable":true,"href":"https:\/\/www.daisho.be\/it\/wp-json\/wp\/v2\/comments?post=460969"}],"wp:featuredmedia":[{"embeddable":true,"href":"https:\/\/www.daisho.be\/it\/wp-json\/wp\/v2\/media\/460970"}],"wp:attachment":[{"href":"https:\/\/www.daisho.be\/it\/wp-json\/wp\/v2\/media?parent=460969"}],"wp:term":[{"taxonomy":"product_brand","embeddable":true,"href":"https:\/\/www.daisho.be\/it\/wp-json\/wp\/v2\/product_brand?post=460969"},{"taxonomy":"product_cat","embeddable":true,"href":"https:\/\/www.daisho.be\/it\/wp-json\/wp\/v2\/product_cat?post=460969"},{"taxonomy":"product_tag","embeddable":true,"href":"https:\/\/www.daisho.be\/it\/wp-json\/wp\/v2\/product_tag?post=460969"},{"taxonomy":"sport","embeddable":true,"href":"https:\/\/www.daisho.be\/it\/wp-json\/wp\/v2\/sport?post=460969"}],"curies":[{"name":"wp","href":"https:\/\/api.w.org\/{rel}","templated":true}]}}