{"id":460937,"date":"2024-01-23T11:23:06","date_gmt":"2024-01-23T10:23:06","guid":{"rendered":"https:\/\/www.daisho.be\/produit\/adidas-uomo-pro-leather-shell-nero-oro\/"},"modified":"2025-12-24T16:14:42","modified_gmt":"2025-12-24T15:14:42","slug":"adidas-uomo-pro-leather-shell-nero-oro","status":"publish","type":"product","link":"https:\/\/www.daisho.be\/it\/produit\/adidas-uomo-pro-leather-shell-nero-oro\/","title":{"rendered":"adidas Uomo PRO Leather Shell Nero\/Oro"},"content":{"rendered":"<p>L&#8217;adidas Men&#8217;s PRO Leather Shell \u00e8 una protezione inguinale di alta qualit\u00e0 progettata per gli sport da combattimento come boxe, kickboxing, Muay Thai e MMA.<br \/>\n\u00c8 realizzata in vera pelle di mucca, un materiale naturale resistente e facile da curare.<br \/>\nL&#8217;interno \u00e8 composto da un blocco di schiuma iniettata che assorbe gli urti e da un guscio rigido che protegge l&#8217;area sensibile.<br \/>\nUna fodera in poliestere separa il corpo dal guscio e dalla schiuma ammortizzante per un maggiore comfort.<\/p>\n<p>Caratteristiche :<br \/>\n&#8211; Materiale esterno in vera pelle di vacchetta<br \/>\n&#8211; Interno in schiuma iniettata e guscio rigido<br \/>\n&#8211; Fodera in poliestere<br \/>\n&#8211; Fascia elastica e chiusura con lacci<br \/>\n&#8211; Approvato CE<\/p>\n<p>Il guscio da uomo in pelle adidas PRO \u00e8 un&#8217;ottima scelta per gli atleti di tutti i livelli che cercano una protezione ottimale.<br \/>\n\u00c8 comodo da indossare e offre la massima protezione contro i colpi sotto la vita.<\/p>\n<p><i class=\"fa fa-clock-o\"><\/i>  DATA DI RIFORNIMENTO 05\/06\/2025<\/p>\n","protected":false},"excerpt":{"rendered":"<p>L&#8217;adidas Men&#8217;s PRO Leather Shell \u00e8 una protezione inguinale di alta qualit\u00e0 progettata per gli sport da combattimento come boxe, kickboxing, Muay Thai e MMA. \u00c8 realizzata in vera pelle di mucca, un materiale naturale resistente e facile da curare. L&#8217;interno \u00e8 composto da un blocco di schiuma iniettata che assorbe gli urti e da [&hellip;]<\/p>\n","protected":false},"featured_media":460942,"comment_status":"open","ping_status":"closed","template":"","meta":{"inline_featured_image":false},"product_brand":[],"product_cat":[2046,2045,2270],"product_tag":[2176],"sport":[],"class_list":{"0":"post-460937","1":"product","2":"type-product","3":"status-publish","4":"has-post-thumbnail","6":"product_cat-protezione-per-la-boxe","7":"product_cat-protezioni","8":"product_cat-protezioni-da-boxe-adidas","9":"product_tag-adidas-it","10":"pa_size-l","11":"pa_size-m","12":"pa_size-s","13":"pa_size-xl","15":"first","16":"instock","17":"taxable","18":"shipping-taxable","19":"purchasable","20":"product-type-variable"},"yoast_head":"<!-- This site is optimized with the Yoast SEO plugin v27.2 - https:\/\/yoast.com\/product\/yoast-seo-wordpress\/ -->\n<title>adidas Uomo PRO Leather Shell Nero\/Oro &#8211; Daisho<\/title>\n<meta name=\"description\" content=\"Le adidas PRO Leather Shell da uomo sono una scelta eccellente per gli atleti di tutti i livelli che cercano una protezione ottimale.\" \/>\n<meta name=\"robots\" content=\"index, follow, max-snippet:-1, max-image-preview:large, max-video-preview:-1\" \/>\n<link rel=\"canonical\" href=\"https:\/\/www.daisho.be\/it\/produit\/adidas-uomo-pro-leather-shell-nero-oro\/\" \/>\n<meta property=\"og:locale\" content=\"it_IT\" \/>\n<meta property=\"og:type\" content=\"article\" \/>\n<meta property=\"og:title\" content=\"adidas Uomo PRO Leather Shell Nero\/Oro &#8211; Daisho\" \/>\n<meta property=\"og:description\" content=\"Le adidas PRO Leather Shell da uomo sono una scelta eccellente per gli atleti di tutti i livelli che cercano una protezione ottimale.\" \/>\n<meta property=\"og:url\" content=\"https:\/\/www.daisho.be\/it\/produit\/adidas-uomo-pro-leather-shell-nero-oro\/\" \/>\n<meta property=\"og:site_name\" content=\"Daisho\" \/>\n<meta property=\"article:modified_time\" content=\"2025-12-24T15:14:42+00:00\" \/>\n<meta property=\"og:image\" content=\"https:\/\/www.daisho.be\/wp-content\/uploads\/2024\/01\/image-239.jpg\" \/>\n\t<meta property=\"og:image:width\" content=\"800\" \/>\n\t<meta property=\"og:image:height\" content=\"800\" \/>\n\t<meta property=\"og:image:type\" content=\"image\/jpeg\" \/>\n<meta name=\"twitter:card\" content=\"summary_large_image\" \/>\n<meta name=\"twitter:label1\" content=\"Tempo di lettura stimato\" \/>\n\t<meta name=\"twitter:data1\" content=\"1 minuto\" \/>\n<script type=\"application\/ld+json\" class=\"yoast-schema-graph\">{\"@context\":\"https:\/\/schema.org\",\"@graph\":[{\"@type\":\"WebPage\",\"@id\":\"https:\/\/www.daisho.be\/it\/produit\/adidas-uomo-pro-leather-shell-nero-oro\/\",\"url\":\"https:\/\/www.daisho.be\/it\/produit\/adidas-uomo-pro-leather-shell-nero-oro\/\",\"name\":\"adidas Uomo PRO Leather Shell Nero\/Oro &#8211; Daisho\",\"isPartOf\":{\"@id\":\"https:\/\/www.daisho.be\/it\/#website\"},\"primaryImageOfPage\":{\"@id\":\"https:\/\/www.daisho.be\/it\/produit\/adidas-uomo-pro-leather-shell-nero-oro\/#primaryimage\"},\"image\":{\"@id\":\"https:\/\/www.daisho.be\/it\/produit\/adidas-uomo-pro-leather-shell-nero-oro\/#primaryimage\"},\"thumbnailUrl\":\"https:\/\/www.daisho.be\/wp-content\/uploads\/2024\/01\/image-239.jpg\",\"datePublished\":\"2024-01-23T10:23:06+00:00\",\"dateModified\":\"2025-12-24T15:14:42+00:00\",\"description\":\"Le adidas PRO Leather Shell da uomo sono una scelta eccellente per gli atleti di tutti i livelli che cercano una protezione ottimale.\",\"breadcrumb\":{\"@id\":\"https:\/\/www.daisho.be\/it\/produit\/adidas-uomo-pro-leather-shell-nero-oro\/#breadcrumb\"},\"inLanguage\":\"it-IT\",\"potentialAction\":[{\"@type\":\"ReadAction\",\"target\":[\"https:\/\/www.daisho.be\/it\/produit\/adidas-uomo-pro-leather-shell-nero-oro\/\"]}]},{\"@type\":\"ImageObject\",\"inLanguage\":\"it-IT\",\"@id\":\"https:\/\/www.daisho.be\/it\/produit\/adidas-uomo-pro-leather-shell-nero-oro\/#primaryimage\",\"url\":\"https:\/\/www.daisho.be\/wp-content\/uploads\/2024\/01\/image-239.jpg\",\"contentUrl\":\"https:\/\/www.daisho.be\/wp-content\/uploads\/2024\/01\/image-239.jpg\",\"width\":800,\"height\":800,\"caption\":\"adidas Uomo PRO Leather Shell Nero\/Oro-1\"},{\"@type\":\"BreadcrumbList\",\"@id\":\"https:\/\/www.daisho.be\/it\/produit\/adidas-uomo-pro-leather-shell-nero-oro\/#breadcrumb\",\"itemListElement\":[{\"@type\":\"ListItem\",\"position\":1,\"name\":\"Accueil\",\"item\":\"https:\/\/www.daisho.be\/it\/\"},{\"@type\":\"ListItem\",\"position\":2,\"name\":\"Prodotti\",\"item\":\"https:\/\/www.daisho.be\/it\/prodotti\/\"},{\"@type\":\"ListItem\",\"position\":3,\"name\":\"Attrezzature e abbigliamento per arti marziali e sport da combattimento\",\"item\":\"https:\/\/www.daisho.be\/it\/categorie-produit\/attrezzature-e-abbigliamento-per-arti-marziali-e-sport-da-combattimento\/\"},{\"@type\":\"ListItem\",\"position\":4,\"name\":\"Boxe\",\"item\":\"https:\/\/www.daisho.be\/it\/categorie-produit\/attrezzature-e-abbigliamento-per-arti-marziali-e-sport-da-combattimento\/boxe-it-2\/\"},{\"@type\":\"ListItem\",\"position\":5,\"name\":\"Protezione per la boxe\",\"item\":\"https:\/\/www.daisho.be\/it\/categorie-produit\/attrezzature-e-abbigliamento-per-arti-marziali-e-sport-da-combattimento\/boxe-it-2\/protezione-per-la-boxe\/\"},{\"@type\":\"ListItem\",\"position\":6,\"name\":\"adidas Uomo PRO Leather Shell Nero\/Oro\"}]},{\"@type\":\"WebSite\",\"@id\":\"https:\/\/www.daisho.be\/it\/#website\",\"url\":\"https:\/\/www.daisho.be\/it\/\",\"name\":\"Daisho\",\"description\":\"Sp&eacute;cialiste de l'&eacute;quipement sportif d'arts martiaux\",\"publisher\":{\"@id\":\"https:\/\/www.daisho.be\/it\/#organization\"},\"potentialAction\":[{\"@type\":\"SearchAction\",\"target\":{\"@type\":\"EntryPoint\",\"urlTemplate\":\"https:\/\/www.daisho.be\/it\/?s={search_term_string}\"},\"query-input\":{\"@type\":\"PropertyValueSpecification\",\"valueRequired\":true,\"valueName\":\"search_term_string\"}}],\"inLanguage\":\"it-IT\"},{\"@type\":\"Organization\",\"@id\":\"https:\/\/www.daisho.be\/it\/#organization\",\"name\":\"Daisho\",\"url\":\"https:\/\/www.daisho.be\/it\/\",\"logo\":{\"@type\":\"ImageObject\",\"inLanguage\":\"it-IT\",\"@id\":\"https:\/\/www.daisho.be\/it\/#\/schema\/logo\/image\/\",\"url\":\"https:\/\/www.daisho.be\/wp-content\/uploads\/2019\/07\/color-nothing-horizontale4x-e1564486100247.png\",\"contentUrl\":\"https:\/\/www.daisho.be\/wp-content\/uploads\/2019\/07\/color-nothing-horizontale4x-e1564486100247.png\",\"width\":1547,\"height\":385,\"caption\":\"Daisho\"},\"image\":{\"@id\":\"https:\/\/www.daisho.be\/it\/#\/schema\/logo\/image\/\"}}]}<\/script>\n<!-- \/ Yoast SEO plugin. -->","yoast_head_json":{"title":"adidas Uomo PRO Leather Shell Nero\/Oro &#8211; Daisho","description":"Le adidas PRO Leather Shell da uomo sono una scelta eccellente per gli atleti di tutti i livelli che cercano una protezione ottimale.","robots":{"index":"index","follow":"follow","max-snippet":"max-snippet:-1","max-image-preview":"max-image-preview:large","max-video-preview":"max-video-preview:-1"},"canonical":"https:\/\/www.daisho.be\/it\/produit\/adidas-uomo-pro-leather-shell-nero-oro\/","og_locale":"it_IT","og_type":"article","og_title":"adidas Uomo PRO Leather Shell Nero\/Oro &#8211; Daisho","og_description":"Le adidas PRO Leather Shell da uomo sono una scelta eccellente per gli atleti di tutti i livelli che cercano una protezione ottimale.","og_url":"https:\/\/www.daisho.be\/it\/produit\/adidas-uomo-pro-leather-shell-nero-oro\/","og_site_name":"Daisho","article_modified_time":"2025-12-24T15:14:42+00:00","og_image":[{"width":800,"height":800,"url":"https:\/\/www.daisho.be\/wp-content\/uploads\/2024\/01\/image-239.jpg","type":"image\/jpeg"}],"twitter_card":"summary_large_image","twitter_misc":{"Tempo di lettura stimato":"1 minuto"},"schema":{"@context":"https:\/\/schema.org","@graph":[{"@type":"WebPage","@id":"https:\/\/www.daisho.be\/it\/produit\/adidas-uomo-pro-leather-shell-nero-oro\/","url":"https:\/\/www.daisho.be\/it\/produit\/adidas-uomo-pro-leather-shell-nero-oro\/","name":"adidas Uomo PRO Leather Shell Nero\/Oro &#8211; Daisho","isPartOf":{"@id":"https:\/\/www.daisho.be\/it\/#website"},"primaryImageOfPage":{"@id":"https:\/\/www.daisho.be\/it\/produit\/adidas-uomo-pro-leather-shell-nero-oro\/#primaryimage"},"image":{"@id":"https:\/\/www.daisho.be\/it\/produit\/adidas-uomo-pro-leather-shell-nero-oro\/#primaryimage"},"thumbnailUrl":"https:\/\/www.daisho.be\/wp-content\/uploads\/2024\/01\/image-239.jpg","datePublished":"2024-01-23T10:23:06+00:00","dateModified":"2025-12-24T15:14:42+00:00","description":"Le adidas PRO Leather Shell da uomo sono una scelta eccellente per gli atleti di tutti i livelli che cercano una protezione ottimale.","breadcrumb":{"@id":"https:\/\/www.daisho.be\/it\/produit\/adidas-uomo-pro-leather-shell-nero-oro\/#breadcrumb"},"inLanguage":"it-IT","potentialAction":[{"@type":"ReadAction","target":["https:\/\/www.daisho.be\/it\/produit\/adidas-uomo-pro-leather-shell-nero-oro\/"]}]},{"@type":"ImageObject","inLanguage":"it-IT","@id":"https:\/\/www.daisho.be\/it\/produit\/adidas-uomo-pro-leather-shell-nero-oro\/#primaryimage","url":"https:\/\/www.daisho.be\/wp-content\/uploads\/2024\/01\/image-239.jpg","contentUrl":"https:\/\/www.daisho.be\/wp-content\/uploads\/2024\/01\/image-239.jpg","width":800,"height":800,"caption":"adidas Uomo PRO Leather Shell Nero\/Oro-1"},{"@type":"BreadcrumbList","@id":"https:\/\/www.daisho.be\/it\/produit\/adidas-uomo-pro-leather-shell-nero-oro\/#breadcrumb","itemListElement":[{"@type":"ListItem","position":1,"name":"Accueil","item":"https:\/\/www.daisho.be\/it\/"},{"@type":"ListItem","position":2,"name":"Prodotti","item":"https:\/\/www.daisho.be\/it\/prodotti\/"},{"@type":"ListItem","position":3,"name":"Attrezzature e abbigliamento per arti marziali e sport da combattimento","item":"https:\/\/www.daisho.be\/it\/categorie-produit\/attrezzature-e-abbigliamento-per-arti-marziali-e-sport-da-combattimento\/"},{"@type":"ListItem","position":4,"name":"Boxe","item":"https:\/\/www.daisho.be\/it\/categorie-produit\/attrezzature-e-abbigliamento-per-arti-marziali-e-sport-da-combattimento\/boxe-it-2\/"},{"@type":"ListItem","position":5,"name":"Protezione per la boxe","item":"https:\/\/www.daisho.be\/it\/categorie-produit\/attrezzature-e-abbigliamento-per-arti-marziali-e-sport-da-combattimento\/boxe-it-2\/protezione-per-la-boxe\/"},{"@type":"ListItem","position":6,"name":"adidas Uomo PRO Leather Shell Nero\/Oro"}]},{"@type":"WebSite","@id":"https:\/\/www.daisho.be\/it\/#website","url":"https:\/\/www.daisho.be\/it\/","name":"Daisho","description":"Sp&eacute;cialiste de l'&eacute;quipement sportif d'arts martiaux","publisher":{"@id":"https:\/\/www.daisho.be\/it\/#organization"},"potentialAction":[{"@type":"SearchAction","target":{"@type":"EntryPoint","urlTemplate":"https:\/\/www.daisho.be\/it\/?s={search_term_string}"},"query-input":{"@type":"PropertyValueSpecification","valueRequired":true,"valueName":"search_term_string"}}],"inLanguage":"it-IT"},{"@type":"Organization","@id":"https:\/\/www.daisho.be\/it\/#organization","name":"Daisho","url":"https:\/\/www.daisho.be\/it\/","logo":{"@type":"ImageObject","inLanguage":"it-IT","@id":"https:\/\/www.daisho.be\/it\/#\/schema\/logo\/image\/","url":"https:\/\/www.daisho.be\/wp-content\/uploads\/2019\/07\/color-nothing-horizontale4x-e1564486100247.png","contentUrl":"https:\/\/www.daisho.be\/wp-content\/uploads\/2019\/07\/color-nothing-horizontale4x-e1564486100247.png","width":1547,"height":385,"caption":"Daisho"},"image":{"@id":"https:\/\/www.daisho.be\/it\/#\/schema\/logo\/image\/"}}]}},"_links":{"self":[{"href":"https:\/\/www.daisho.be\/it\/wp-json\/wp\/v2\/product\/460937","targetHints":{"allow":["GET"]}}],"collection":[{"href":"https:\/\/www.daisho.be\/it\/wp-json\/wp\/v2\/product"}],"about":[{"href":"https:\/\/www.daisho.be\/it\/wp-json\/wp\/v2\/types\/product"}],"replies":[{"embeddable":true,"href":"https:\/\/www.daisho.be\/it\/wp-json\/wp\/v2\/comments?post=460937"}],"wp:featuredmedia":[{"embeddable":true,"href":"https:\/\/www.daisho.be\/it\/wp-json\/wp\/v2\/media\/460942"}],"wp:attachment":[{"href":"https:\/\/www.daisho.be\/it\/wp-json\/wp\/v2\/media?parent=460937"}],"wp:term":[{"taxonomy":"product_brand","embeddable":true,"href":"https:\/\/www.daisho.be\/it\/wp-json\/wp\/v2\/product_brand?post=460937"},{"taxonomy":"product_cat","embeddable":true,"href":"https:\/\/www.daisho.be\/it\/wp-json\/wp\/v2\/product_cat?post=460937"},{"taxonomy":"product_tag","embeddable":true,"href":"https:\/\/www.daisho.be\/it\/wp-json\/wp\/v2\/product_tag?post=460937"},{"taxonomy":"sport","embeddable":true,"href":"https:\/\/www.daisho.be\/it\/wp-json\/wp\/v2\/sport?post=460937"}],"curies":[{"name":"wp","href":"https:\/\/api.w.org\/{rel}","templated":true}]}}