{"id":460566,"date":"2024-02-14T14:23:57","date_gmt":"2024-02-14T13:23:57","guid":{"rendered":"https:\/\/www.daisho.be\/produit\/bamboo-shinai\/"},"modified":"2026-01-03T15:07:13","modified_gmt":"2026-01-03T14:07:13","slug":"bamboo-shinai","status":"publish","type":"product","link":"https:\/\/www.daisho.be\/it\/produit\/bamboo-shinai\/","title":{"rendered":"BAMBOO SHINAI"},"content":{"rendered":"<p>Lo shinai \u00e8 una spada da allenamento utilizzata come sostituto del bokken o della katana.<br \/>\nI coltelli Shinai in bamb\u00f9 sono estremamente robusti. Il manico \u00e8 rivestito in pelle bovina per una buona presa.<br \/>\nShinai sono disponibili in diverse lunghezze. <\/p>\n<p>Caratteristiche:<\/p>\n<p> realizzato in robusto bamb\u00f9<br \/>\n manico e punta rivestiti in pelle bovina<br \/>\n con tsuba (protezione della mano) in plastica e porta tsuba in gomma<br \/>\n la shinai \u00e8 adatta a tutti gli allenamenti<\/p>\n<p>Lunghezze disponibili:<\/p>\n<p> 112 cm \/ 36 pollici<br \/>\n 115 cm \/ 37 pollici<br \/>\n 118 cm \/ 38 pollici<br \/>\n 120 cm \/ 39 pollici<\/p>\n","protected":false},"excerpt":{"rendered":"<p>Lo shinai \u00e8 una spada da allenamento utilizzata come sostituto del bokken o della katana. I coltelli Shinai in bamb\u00f9 sono estremamente robusti. Il manico \u00e8 rivestito in pelle bovina per una buona presa. Shinai sono disponibili in diverse lunghezze. Caratteristiche: realizzato in robusto bamb\u00f9 manico e punta rivestiti in pelle bovina con tsuba (protezione [&hellip;]<\/p>\n","protected":false},"featured_media":460573,"comment_status":"open","ping_status":"closed","template":"","meta":{"inline_featured_image":false},"product_brand":[],"product_cat":[2111,2113,2112],"product_tag":[2157],"sport":[454,453],"class_list":{"0":"post-460566","1":"product","2":"type-product","3":"status-publish","4":"has-post-thumbnail","6":"product_cat-armi","7":"product_cat-armi-per-kendo-e-iaido","8":"product_cat-armi-per-laikido","9":"product_tag-s-b-j-it","10":"product_shipping_class-prodotti-ingombranti","11":"pa_size-112-cm","12":"pa_size-115-cm","13":"pa_size-118-cm","14":"pa_size-120-cm","15":"sport-iaido","16":"sport-kendo","18":"first","19":"instock","20":"taxable","21":"shipping-taxable","22":"purchasable","23":"product-type-variable"},"yoast_head":"<!-- This site is optimized with the Yoast SEO plugin v27.2 - https:\/\/yoast.com\/product\/yoast-seo-wordpress\/ -->\n<title>BAMBOO SHINAI &#8211; Daisho<\/title>\n<meta name=\"description\" content=\"Shinai in bamb\u00f9 per la pratica del kendo. Disponibile in 4 diverse lunghezze nel nostro negozio online www.daisho.be | Daisho\" \/>\n<meta name=\"robots\" content=\"index, follow, max-snippet:-1, max-image-preview:large, max-video-preview:-1\" \/>\n<link rel=\"canonical\" href=\"https:\/\/www.daisho.be\/it\/produit\/bamboo-shinai\/\" \/>\n<meta property=\"og:locale\" content=\"it_IT\" \/>\n<meta property=\"og:type\" content=\"article\" \/>\n<meta property=\"og:title\" content=\"BAMBOO SHINAI &#8211; Daisho\" \/>\n<meta property=\"og:description\" content=\"Shinai in bamb\u00f9 per la pratica del kendo. Disponibile in 4 diverse lunghezze nel nostro negozio online www.daisho.be | Daisho\" \/>\n<meta property=\"og:url\" content=\"https:\/\/www.daisho.be\/it\/produit\/bamboo-shinai\/\" \/>\n<meta property=\"og:site_name\" content=\"Daisho\" \/>\n<meta property=\"article:modified_time\" content=\"2026-01-03T14:07:13+00:00\" \/>\n<meta property=\"og:image\" content=\"https:\/\/www.daisho.be\/wp-content\/uploads\/2024\/02\/image-37.jpg\" \/>\n\t<meta property=\"og:image:width\" content=\"1200\" \/>\n\t<meta property=\"og:image:height\" content=\"1051\" \/>\n\t<meta property=\"og:image:type\" content=\"image\/jpeg\" \/>\n<meta name=\"twitter:card\" content=\"summary_large_image\" \/>\n<script type=\"application\/ld+json\" class=\"yoast-schema-graph\">{\"@context\":\"https:\/\/schema.org\",\"@graph\":[{\"@type\":\"WebPage\",\"@id\":\"https:\/\/www.daisho.be\/it\/produit\/bamboo-shinai\/\",\"url\":\"https:\/\/www.daisho.be\/it\/produit\/bamboo-shinai\/\",\"name\":\"BAMBOO SHINAI &#8211; Daisho\",\"isPartOf\":{\"@id\":\"https:\/\/www.daisho.be\/it\/#website\"},\"primaryImageOfPage\":{\"@id\":\"https:\/\/www.daisho.be\/it\/produit\/bamboo-shinai\/#primaryimage\"},\"image\":{\"@id\":\"https:\/\/www.daisho.be\/it\/produit\/bamboo-shinai\/#primaryimage\"},\"thumbnailUrl\":\"https:\/\/www.daisho.be\/wp-content\/uploads\/2024\/02\/image-37.jpg\",\"datePublished\":\"2024-02-14T13:23:57+00:00\",\"dateModified\":\"2026-01-03T14:07:13+00:00\",\"description\":\"Shinai in bamb\u00f9 per la pratica del kendo. Disponibile in 4 diverse lunghezze nel nostro negozio online www.daisho.be | Daisho\",\"breadcrumb\":{\"@id\":\"https:\/\/www.daisho.be\/it\/produit\/bamboo-shinai\/#breadcrumb\"},\"inLanguage\":\"it-IT\",\"potentialAction\":[{\"@type\":\"ReadAction\",\"target\":[\"https:\/\/www.daisho.be\/it\/produit\/bamboo-shinai\/\"]}]},{\"@type\":\"ImageObject\",\"inLanguage\":\"it-IT\",\"@id\":\"https:\/\/www.daisho.be\/it\/produit\/bamboo-shinai\/#primaryimage\",\"url\":\"https:\/\/www.daisho.be\/wp-content\/uploads\/2024\/02\/image-37.jpg\",\"contentUrl\":\"https:\/\/www.daisho.be\/wp-content\/uploads\/2024\/02\/image-37.jpg\",\"width\":1200,\"height\":1051,\"caption\":\"BAMB\u00d9 SHINAI-1\"},{\"@type\":\"BreadcrumbList\",\"@id\":\"https:\/\/www.daisho.be\/it\/produit\/bamboo-shinai\/#breadcrumb\",\"itemListElement\":[{\"@type\":\"ListItem\",\"position\":1,\"name\":\"Accueil\",\"item\":\"https:\/\/www.daisho.be\/it\/\"},{\"@type\":\"ListItem\",\"position\":2,\"name\":\"Prodotti\",\"item\":\"https:\/\/www.daisho.be\/it\/prodotti\/\"},{\"@type\":\"ListItem\",\"position\":3,\"name\":\"Attrezzature e abbigliamento per arti marziali e sport da combattimento\",\"item\":\"https:\/\/www.daisho.be\/it\/categorie-produit\/attrezzature-e-abbigliamento-per-arti-marziali-e-sport-da-combattimento\/\"},{\"@type\":\"ListItem\",\"position\":4,\"name\":\"Kendo e Iaido\",\"item\":\"https:\/\/www.daisho.be\/it\/categorie-produit\/attrezzature-e-abbigliamento-per-arti-marziali-e-sport-da-combattimento\/kendo-e-iaido-it\/\"},{\"@type\":\"ListItem\",\"position\":5,\"name\":\"Armi per Kendo e Iaido\",\"item\":\"https:\/\/www.daisho.be\/it\/categorie-produit\/attrezzature-e-abbigliamento-per-arti-marziali-e-sport-da-combattimento\/kendo-e-iaido-it\/armi-per-kendo-e-iaido\/\"},{\"@type\":\"ListItem\",\"position\":6,\"name\":\"BAMBOO SHINAI\"}]},{\"@type\":\"WebSite\",\"@id\":\"https:\/\/www.daisho.be\/it\/#website\",\"url\":\"https:\/\/www.daisho.be\/it\/\",\"name\":\"Daisho\",\"description\":\"Sp&eacute;cialiste de l'&eacute;quipement sportif d'arts martiaux\",\"publisher\":{\"@id\":\"https:\/\/www.daisho.be\/it\/#organization\"},\"potentialAction\":[{\"@type\":\"SearchAction\",\"target\":{\"@type\":\"EntryPoint\",\"urlTemplate\":\"https:\/\/www.daisho.be\/it\/?s={search_term_string}\"},\"query-input\":{\"@type\":\"PropertyValueSpecification\",\"valueRequired\":true,\"valueName\":\"search_term_string\"}}],\"inLanguage\":\"it-IT\"},{\"@type\":\"Organization\",\"@id\":\"https:\/\/www.daisho.be\/it\/#organization\",\"name\":\"Daisho\",\"url\":\"https:\/\/www.daisho.be\/it\/\",\"logo\":{\"@type\":\"ImageObject\",\"inLanguage\":\"it-IT\",\"@id\":\"https:\/\/www.daisho.be\/it\/#\/schema\/logo\/image\/\",\"url\":\"https:\/\/www.daisho.be\/wp-content\/uploads\/2019\/07\/color-nothing-horizontale4x-e1564486100247.png\",\"contentUrl\":\"https:\/\/www.daisho.be\/wp-content\/uploads\/2019\/07\/color-nothing-horizontale4x-e1564486100247.png\",\"width\":1547,\"height\":385,\"caption\":\"Daisho\"},\"image\":{\"@id\":\"https:\/\/www.daisho.be\/it\/#\/schema\/logo\/image\/\"}}]}<\/script>\n<!-- \/ Yoast SEO plugin. -->","yoast_head_json":{"title":"BAMBOO SHINAI &#8211; Daisho","description":"Shinai in bamb\u00f9 per la pratica del kendo. Disponibile in 4 diverse lunghezze nel nostro negozio online www.daisho.be | Daisho","robots":{"index":"index","follow":"follow","max-snippet":"max-snippet:-1","max-image-preview":"max-image-preview:large","max-video-preview":"max-video-preview:-1"},"canonical":"https:\/\/www.daisho.be\/it\/produit\/bamboo-shinai\/","og_locale":"it_IT","og_type":"article","og_title":"BAMBOO SHINAI &#8211; Daisho","og_description":"Shinai in bamb\u00f9 per la pratica del kendo. Disponibile in 4 diverse lunghezze nel nostro negozio online www.daisho.be | Daisho","og_url":"https:\/\/www.daisho.be\/it\/produit\/bamboo-shinai\/","og_site_name":"Daisho","article_modified_time":"2026-01-03T14:07:13+00:00","og_image":[{"width":1200,"height":1051,"url":"https:\/\/www.daisho.be\/wp-content\/uploads\/2024\/02\/image-37.jpg","type":"image\/jpeg"}],"twitter_card":"summary_large_image","schema":{"@context":"https:\/\/schema.org","@graph":[{"@type":"WebPage","@id":"https:\/\/www.daisho.be\/it\/produit\/bamboo-shinai\/","url":"https:\/\/www.daisho.be\/it\/produit\/bamboo-shinai\/","name":"BAMBOO SHINAI &#8211; Daisho","isPartOf":{"@id":"https:\/\/www.daisho.be\/it\/#website"},"primaryImageOfPage":{"@id":"https:\/\/www.daisho.be\/it\/produit\/bamboo-shinai\/#primaryimage"},"image":{"@id":"https:\/\/www.daisho.be\/it\/produit\/bamboo-shinai\/#primaryimage"},"thumbnailUrl":"https:\/\/www.daisho.be\/wp-content\/uploads\/2024\/02\/image-37.jpg","datePublished":"2024-02-14T13:23:57+00:00","dateModified":"2026-01-03T14:07:13+00:00","description":"Shinai in bamb\u00f9 per la pratica del kendo. Disponibile in 4 diverse lunghezze nel nostro negozio online www.daisho.be | Daisho","breadcrumb":{"@id":"https:\/\/www.daisho.be\/it\/produit\/bamboo-shinai\/#breadcrumb"},"inLanguage":"it-IT","potentialAction":[{"@type":"ReadAction","target":["https:\/\/www.daisho.be\/it\/produit\/bamboo-shinai\/"]}]},{"@type":"ImageObject","inLanguage":"it-IT","@id":"https:\/\/www.daisho.be\/it\/produit\/bamboo-shinai\/#primaryimage","url":"https:\/\/www.daisho.be\/wp-content\/uploads\/2024\/02\/image-37.jpg","contentUrl":"https:\/\/www.daisho.be\/wp-content\/uploads\/2024\/02\/image-37.jpg","width":1200,"height":1051,"caption":"BAMB\u00d9 SHINAI-1"},{"@type":"BreadcrumbList","@id":"https:\/\/www.daisho.be\/it\/produit\/bamboo-shinai\/#breadcrumb","itemListElement":[{"@type":"ListItem","position":1,"name":"Accueil","item":"https:\/\/www.daisho.be\/it\/"},{"@type":"ListItem","position":2,"name":"Prodotti","item":"https:\/\/www.daisho.be\/it\/prodotti\/"},{"@type":"ListItem","position":3,"name":"Attrezzature e abbigliamento per arti marziali e sport da combattimento","item":"https:\/\/www.daisho.be\/it\/categorie-produit\/attrezzature-e-abbigliamento-per-arti-marziali-e-sport-da-combattimento\/"},{"@type":"ListItem","position":4,"name":"Kendo e Iaido","item":"https:\/\/www.daisho.be\/it\/categorie-produit\/attrezzature-e-abbigliamento-per-arti-marziali-e-sport-da-combattimento\/kendo-e-iaido-it\/"},{"@type":"ListItem","position":5,"name":"Armi per Kendo e Iaido","item":"https:\/\/www.daisho.be\/it\/categorie-produit\/attrezzature-e-abbigliamento-per-arti-marziali-e-sport-da-combattimento\/kendo-e-iaido-it\/armi-per-kendo-e-iaido\/"},{"@type":"ListItem","position":6,"name":"BAMBOO SHINAI"}]},{"@type":"WebSite","@id":"https:\/\/www.daisho.be\/it\/#website","url":"https:\/\/www.daisho.be\/it\/","name":"Daisho","description":"Sp&eacute;cialiste de l'&eacute;quipement sportif d'arts martiaux","publisher":{"@id":"https:\/\/www.daisho.be\/it\/#organization"},"potentialAction":[{"@type":"SearchAction","target":{"@type":"EntryPoint","urlTemplate":"https:\/\/www.daisho.be\/it\/?s={search_term_string}"},"query-input":{"@type":"PropertyValueSpecification","valueRequired":true,"valueName":"search_term_string"}}],"inLanguage":"it-IT"},{"@type":"Organization","@id":"https:\/\/www.daisho.be\/it\/#organization","name":"Daisho","url":"https:\/\/www.daisho.be\/it\/","logo":{"@type":"ImageObject","inLanguage":"it-IT","@id":"https:\/\/www.daisho.be\/it\/#\/schema\/logo\/image\/","url":"https:\/\/www.daisho.be\/wp-content\/uploads\/2019\/07\/color-nothing-horizontale4x-e1564486100247.png","contentUrl":"https:\/\/www.daisho.be\/wp-content\/uploads\/2019\/07\/color-nothing-horizontale4x-e1564486100247.png","width":1547,"height":385,"caption":"Daisho"},"image":{"@id":"https:\/\/www.daisho.be\/it\/#\/schema\/logo\/image\/"}}]}},"_links":{"self":[{"href":"https:\/\/www.daisho.be\/it\/wp-json\/wp\/v2\/product\/460566","targetHints":{"allow":["GET"]}}],"collection":[{"href":"https:\/\/www.daisho.be\/it\/wp-json\/wp\/v2\/product"}],"about":[{"href":"https:\/\/www.daisho.be\/it\/wp-json\/wp\/v2\/types\/product"}],"replies":[{"embeddable":true,"href":"https:\/\/www.daisho.be\/it\/wp-json\/wp\/v2\/comments?post=460566"}],"wp:featuredmedia":[{"embeddable":true,"href":"https:\/\/www.daisho.be\/it\/wp-json\/wp\/v2\/media\/460573"}],"wp:attachment":[{"href":"https:\/\/www.daisho.be\/it\/wp-json\/wp\/v2\/media?parent=460566"}],"wp:term":[{"taxonomy":"product_brand","embeddable":true,"href":"https:\/\/www.daisho.be\/it\/wp-json\/wp\/v2\/product_brand?post=460566"},{"taxonomy":"product_cat","embeddable":true,"href":"https:\/\/www.daisho.be\/it\/wp-json\/wp\/v2\/product_cat?post=460566"},{"taxonomy":"product_tag","embeddable":true,"href":"https:\/\/www.daisho.be\/it\/wp-json\/wp\/v2\/product_tag?post=460566"},{"taxonomy":"sport","embeddable":true,"href":"https:\/\/www.daisho.be\/it\/wp-json\/wp\/v2\/sport?post=460566"}],"curies":[{"name":"wp","href":"https:\/\/api.w.org\/{rel}","templated":true}]}}