{"id":460540,"date":"2022-02-05T16:08:17","date_gmt":"2022-02-05T15:08:17","guid":{"rendered":"https:\/\/www.daisho.be\/produit\/guanti-da-allenamento-adidas-grappling-nero-argento\/"},"modified":"2025-03-03T12:17:02","modified_gmt":"2025-03-03T11:17:02","slug":"guanti-da-allenamento-adidas-grappling-nero-argento","status":"publish","type":"product","link":"https:\/\/www.daisho.be\/it\/produit\/guanti-da-allenamento-adidas-grappling-nero-argento\/","title":{"rendered":"Guanti da allenamento adidas Grappling Nero\/Argento"},"content":{"rendered":"<p>Questi guanti da MMA sono realizzati in pelle sintetica di alta qualit\u00e0. La chiusura in velcro \u00e8 in PU. L&#8217;imbottitura \u00e8 in schiuma EVA, che rimbalza bene. Questo garantisce una buona protezione per le mani e le articolazioni.<\/p>\n<p> L&#8217;interno \u00e8 foderato con un materiale ad asciugatura rapida che offre maggiore comfort e durata. Questi guantoni sono adatti per le MMA e lo sparring libero, nonch\u00e9 per l&#8217;allenamento al sacco e al pad della boxe. Vantaggi: &#8211; chiusura in velcro &#8211; perfetta vestibilit\u00e0 &#8211; molto sicuri &#8211; imbottitura in EVA    <\/p>\n","protected":false},"excerpt":{"rendered":"<p>Questi guanti da MMA sono realizzati in pelle sintetica di alta qualit\u00e0. La chiusura in velcro \u00e8 in PU. L&#8217;imbottitura \u00e8 in schiuma EVA, che rimbalza bene. Questo garantisce una buona protezione per le mani e le articolazioni. L&#8217;interno \u00e8 foderato con un materiale ad asciugatura rapida che offre maggiore comfort e durata. Questi guantoni [&hellip;]<\/p>\n","protected":false},"featured_media":460554,"comment_status":"open","ping_status":"closed","template":"","meta":{"inline_featured_image":false},"product_brand":[],"product_cat":[2308,2307,2276,2264],"product_tag":[2176],"sport":[],"class_list":{"0":"post-460540","1":"product","2":"type-product","3":"status-publish","4":"has-post-thumbnail","6":"product_cat-guanti-da-muay-thai-adidas","7":"product_cat-guantoni-da-boxe-adidas","8":"product_cat-protezioni-adidas-kickboxing","9":"product_cat-protezioni-adidas-mma","10":"product_tag-adidas-it","11":"pa_size-l","12":"pa_size-m","13":"pa_size-s","14":"pa_size-xl","16":"first","17":"instock","18":"taxable","19":"shipping-taxable","20":"purchasable","21":"product-type-variable"},"yoast_head":"<!-- This site is optimized with the Yoast SEO plugin v27.2 - https:\/\/yoast.com\/product\/yoast-seo-wordpress\/ -->\n<title>Guanti da allenamento adidas Grappling Nero\/Argento &#8211; Daisho<\/title>\n<meta name=\"description\" content=\"Scopri i guanti da allenamento Adidas che combinano qualit\u00e0 e durata. Acquistali ora sul nostro sito www.daisho.be|Daisho\" \/>\n<meta name=\"robots\" content=\"index, follow, max-snippet:-1, max-image-preview:large, max-video-preview:-1\" \/>\n<link rel=\"canonical\" href=\"https:\/\/www.daisho.be\/it\/produit\/guanti-da-allenamento-adidas-grappling-nero-argento\/\" \/>\n<meta property=\"og:locale\" content=\"it_IT\" \/>\n<meta property=\"og:type\" content=\"article\" \/>\n<meta property=\"og:title\" content=\"Guanti da allenamento adidas Grappling Nero\/Argento &#8211; Daisho\" \/>\n<meta property=\"og:description\" content=\"Scopri i guanti da allenamento Adidas che combinano qualit\u00e0 e durata. Acquistali ora sul nostro sito www.daisho.be|Daisho\" \/>\n<meta property=\"og:url\" content=\"https:\/\/www.daisho.be\/it\/produit\/guanti-da-allenamento-adidas-grappling-nero-argento\/\" \/>\n<meta property=\"og:site_name\" content=\"Daisho\" \/>\n<meta property=\"article:modified_time\" content=\"2025-03-03T11:17:02+00:00\" \/>\n<meta property=\"og:image\" content=\"https:\/\/www.daisho.be\/wp-content\/uploads\/2022\/02\/image-323.jpg\" \/>\n\t<meta property=\"og:image:width\" content=\"300\" \/>\n\t<meta property=\"og:image:height\" content=\"300\" \/>\n\t<meta property=\"og:image:type\" content=\"image\/jpeg\" \/>\n<meta name=\"twitter:card\" content=\"summary_large_image\" \/>\n<script type=\"application\/ld+json\" class=\"yoast-schema-graph\">{\"@context\":\"https:\/\/schema.org\",\"@graph\":[{\"@type\":\"WebPage\",\"@id\":\"https:\/\/www.daisho.be\/it\/produit\/guanti-da-allenamento-adidas-grappling-nero-argento\/\",\"url\":\"https:\/\/www.daisho.be\/it\/produit\/guanti-da-allenamento-adidas-grappling-nero-argento\/\",\"name\":\"Guanti da allenamento adidas Grappling Nero\/Argento &#8211; Daisho\",\"isPartOf\":{\"@id\":\"https:\/\/www.daisho.be\/it\/#website\"},\"primaryImageOfPage\":{\"@id\":\"https:\/\/www.daisho.be\/it\/produit\/guanti-da-allenamento-adidas-grappling-nero-argento\/#primaryimage\"},\"image\":{\"@id\":\"https:\/\/www.daisho.be\/it\/produit\/guanti-da-allenamento-adidas-grappling-nero-argento\/#primaryimage\"},\"thumbnailUrl\":\"https:\/\/www.daisho.be\/wp-content\/uploads\/2022\/02\/image-323.jpg\",\"datePublished\":\"2022-02-05T15:08:17+00:00\",\"dateModified\":\"2025-03-03T11:17:02+00:00\",\"description\":\"Scopri i guanti da allenamento Adidas che combinano qualit\u00e0 e durata. Acquistali ora sul nostro sito www.daisho.be|Daisho\",\"breadcrumb\":{\"@id\":\"https:\/\/www.daisho.be\/it\/produit\/guanti-da-allenamento-adidas-grappling-nero-argento\/#breadcrumb\"},\"inLanguage\":\"it-IT\",\"potentialAction\":[{\"@type\":\"ReadAction\",\"target\":[\"https:\/\/www.daisho.be\/it\/produit\/guanti-da-allenamento-adidas-grappling-nero-argento\/\"]}]},{\"@type\":\"ImageObject\",\"inLanguage\":\"it-IT\",\"@id\":\"https:\/\/www.daisho.be\/it\/produit\/guanti-da-allenamento-adidas-grappling-nero-argento\/#primaryimage\",\"url\":\"https:\/\/www.daisho.be\/wp-content\/uploads\/2022\/02\/image-323.jpg\",\"contentUrl\":\"https:\/\/www.daisho.be\/wp-content\/uploads\/2022\/02\/image-323.jpg\",\"width\":300,\"height\":300,\"caption\":\"Guanti da allenamento adidas Grappling Nero\/Argento-1\"},{\"@type\":\"BreadcrumbList\",\"@id\":\"https:\/\/www.daisho.be\/it\/produit\/guanti-da-allenamento-adidas-grappling-nero-argento\/#breadcrumb\",\"itemListElement\":[{\"@type\":\"ListItem\",\"position\":1,\"name\":\"Accueil\",\"item\":\"https:\/\/www.daisho.be\/it\/\"},{\"@type\":\"ListItem\",\"position\":2,\"name\":\"Prodotti\",\"item\":\"https:\/\/www.daisho.be\/it\/prodotti\/\"},{\"@type\":\"ListItem\",\"position\":3,\"name\":\"ADIDAS SPORT DA COMBATTIMENTO\",\"item\":\"https:\/\/www.daisho.be\/it\/categorie-produit\/adidas-sport-da-combattimento\/\"},{\"@type\":\"ListItem\",\"position\":4,\"name\":\"Muay Thai\",\"item\":\"https:\/\/www.daisho.be\/it\/categorie-produit\/adidas-sport-da-combattimento\/muay-thai-it\/\"},{\"@type\":\"ListItem\",\"position\":5,\"name\":\"Guanti da Muay Thai Adidas\",\"item\":\"https:\/\/www.daisho.be\/it\/categorie-produit\/adidas-sport-da-combattimento\/muay-thai-it\/guanti-da-muay-thai-adidas\/\"},{\"@type\":\"ListItem\",\"position\":6,\"name\":\"Guanti da allenamento adidas Grappling Nero\/Argento\"}]},{\"@type\":\"WebSite\",\"@id\":\"https:\/\/www.daisho.be\/it\/#website\",\"url\":\"https:\/\/www.daisho.be\/it\/\",\"name\":\"Daisho\",\"description\":\"Sp&eacute;cialiste de l'&eacute;quipement sportif d'arts martiaux\",\"publisher\":{\"@id\":\"https:\/\/www.daisho.be\/it\/#organization\"},\"potentialAction\":[{\"@type\":\"SearchAction\",\"target\":{\"@type\":\"EntryPoint\",\"urlTemplate\":\"https:\/\/www.daisho.be\/it\/?s={search_term_string}\"},\"query-input\":{\"@type\":\"PropertyValueSpecification\",\"valueRequired\":true,\"valueName\":\"search_term_string\"}}],\"inLanguage\":\"it-IT\"},{\"@type\":\"Organization\",\"@id\":\"https:\/\/www.daisho.be\/it\/#organization\",\"name\":\"Daisho\",\"url\":\"https:\/\/www.daisho.be\/it\/\",\"logo\":{\"@type\":\"ImageObject\",\"inLanguage\":\"it-IT\",\"@id\":\"https:\/\/www.daisho.be\/it\/#\/schema\/logo\/image\/\",\"url\":\"https:\/\/www.daisho.be\/wp-content\/uploads\/2019\/07\/color-nothing-horizontale4x-e1564486100247.png\",\"contentUrl\":\"https:\/\/www.daisho.be\/wp-content\/uploads\/2019\/07\/color-nothing-horizontale4x-e1564486100247.png\",\"width\":1547,\"height\":385,\"caption\":\"Daisho\"},\"image\":{\"@id\":\"https:\/\/www.daisho.be\/it\/#\/schema\/logo\/image\/\"}}]}<\/script>\n<!-- \/ Yoast SEO plugin. -->","yoast_head_json":{"title":"Guanti da allenamento adidas Grappling Nero\/Argento &#8211; Daisho","description":"Scopri i guanti da allenamento Adidas che combinano qualit\u00e0 e durata. Acquistali ora sul nostro sito www.daisho.be|Daisho","robots":{"index":"index","follow":"follow","max-snippet":"max-snippet:-1","max-image-preview":"max-image-preview:large","max-video-preview":"max-video-preview:-1"},"canonical":"https:\/\/www.daisho.be\/it\/produit\/guanti-da-allenamento-adidas-grappling-nero-argento\/","og_locale":"it_IT","og_type":"article","og_title":"Guanti da allenamento adidas Grappling Nero\/Argento &#8211; Daisho","og_description":"Scopri i guanti da allenamento Adidas che combinano qualit\u00e0 e durata. Acquistali ora sul nostro sito www.daisho.be|Daisho","og_url":"https:\/\/www.daisho.be\/it\/produit\/guanti-da-allenamento-adidas-grappling-nero-argento\/","og_site_name":"Daisho","article_modified_time":"2025-03-03T11:17:02+00:00","og_image":[{"width":300,"height":300,"url":"https:\/\/www.daisho.be\/wp-content\/uploads\/2022\/02\/image-323.jpg","type":"image\/jpeg"}],"twitter_card":"summary_large_image","schema":{"@context":"https:\/\/schema.org","@graph":[{"@type":"WebPage","@id":"https:\/\/www.daisho.be\/it\/produit\/guanti-da-allenamento-adidas-grappling-nero-argento\/","url":"https:\/\/www.daisho.be\/it\/produit\/guanti-da-allenamento-adidas-grappling-nero-argento\/","name":"Guanti da allenamento adidas Grappling Nero\/Argento &#8211; Daisho","isPartOf":{"@id":"https:\/\/www.daisho.be\/it\/#website"},"primaryImageOfPage":{"@id":"https:\/\/www.daisho.be\/it\/produit\/guanti-da-allenamento-adidas-grappling-nero-argento\/#primaryimage"},"image":{"@id":"https:\/\/www.daisho.be\/it\/produit\/guanti-da-allenamento-adidas-grappling-nero-argento\/#primaryimage"},"thumbnailUrl":"https:\/\/www.daisho.be\/wp-content\/uploads\/2022\/02\/image-323.jpg","datePublished":"2022-02-05T15:08:17+00:00","dateModified":"2025-03-03T11:17:02+00:00","description":"Scopri i guanti da allenamento Adidas che combinano qualit\u00e0 e durata. Acquistali ora sul nostro sito www.daisho.be|Daisho","breadcrumb":{"@id":"https:\/\/www.daisho.be\/it\/produit\/guanti-da-allenamento-adidas-grappling-nero-argento\/#breadcrumb"},"inLanguage":"it-IT","potentialAction":[{"@type":"ReadAction","target":["https:\/\/www.daisho.be\/it\/produit\/guanti-da-allenamento-adidas-grappling-nero-argento\/"]}]},{"@type":"ImageObject","inLanguage":"it-IT","@id":"https:\/\/www.daisho.be\/it\/produit\/guanti-da-allenamento-adidas-grappling-nero-argento\/#primaryimage","url":"https:\/\/www.daisho.be\/wp-content\/uploads\/2022\/02\/image-323.jpg","contentUrl":"https:\/\/www.daisho.be\/wp-content\/uploads\/2022\/02\/image-323.jpg","width":300,"height":300,"caption":"Guanti da allenamento adidas Grappling Nero\/Argento-1"},{"@type":"BreadcrumbList","@id":"https:\/\/www.daisho.be\/it\/produit\/guanti-da-allenamento-adidas-grappling-nero-argento\/#breadcrumb","itemListElement":[{"@type":"ListItem","position":1,"name":"Accueil","item":"https:\/\/www.daisho.be\/it\/"},{"@type":"ListItem","position":2,"name":"Prodotti","item":"https:\/\/www.daisho.be\/it\/prodotti\/"},{"@type":"ListItem","position":3,"name":"ADIDAS SPORT DA COMBATTIMENTO","item":"https:\/\/www.daisho.be\/it\/categorie-produit\/adidas-sport-da-combattimento\/"},{"@type":"ListItem","position":4,"name":"Muay Thai","item":"https:\/\/www.daisho.be\/it\/categorie-produit\/adidas-sport-da-combattimento\/muay-thai-it\/"},{"@type":"ListItem","position":5,"name":"Guanti da Muay Thai Adidas","item":"https:\/\/www.daisho.be\/it\/categorie-produit\/adidas-sport-da-combattimento\/muay-thai-it\/guanti-da-muay-thai-adidas\/"},{"@type":"ListItem","position":6,"name":"Guanti da allenamento adidas Grappling Nero\/Argento"}]},{"@type":"WebSite","@id":"https:\/\/www.daisho.be\/it\/#website","url":"https:\/\/www.daisho.be\/it\/","name":"Daisho","description":"Sp&eacute;cialiste de l'&eacute;quipement sportif d'arts martiaux","publisher":{"@id":"https:\/\/www.daisho.be\/it\/#organization"},"potentialAction":[{"@type":"SearchAction","target":{"@type":"EntryPoint","urlTemplate":"https:\/\/www.daisho.be\/it\/?s={search_term_string}"},"query-input":{"@type":"PropertyValueSpecification","valueRequired":true,"valueName":"search_term_string"}}],"inLanguage":"it-IT"},{"@type":"Organization","@id":"https:\/\/www.daisho.be\/it\/#organization","name":"Daisho","url":"https:\/\/www.daisho.be\/it\/","logo":{"@type":"ImageObject","inLanguage":"it-IT","@id":"https:\/\/www.daisho.be\/it\/#\/schema\/logo\/image\/","url":"https:\/\/www.daisho.be\/wp-content\/uploads\/2019\/07\/color-nothing-horizontale4x-e1564486100247.png","contentUrl":"https:\/\/www.daisho.be\/wp-content\/uploads\/2019\/07\/color-nothing-horizontale4x-e1564486100247.png","width":1547,"height":385,"caption":"Daisho"},"image":{"@id":"https:\/\/www.daisho.be\/it\/#\/schema\/logo\/image\/"}}]}},"_links":{"self":[{"href":"https:\/\/www.daisho.be\/it\/wp-json\/wp\/v2\/product\/460540","targetHints":{"allow":["GET"]}}],"collection":[{"href":"https:\/\/www.daisho.be\/it\/wp-json\/wp\/v2\/product"}],"about":[{"href":"https:\/\/www.daisho.be\/it\/wp-json\/wp\/v2\/types\/product"}],"replies":[{"embeddable":true,"href":"https:\/\/www.daisho.be\/it\/wp-json\/wp\/v2\/comments?post=460540"}],"wp:featuredmedia":[{"embeddable":true,"href":"https:\/\/www.daisho.be\/it\/wp-json\/wp\/v2\/media\/460554"}],"wp:attachment":[{"href":"https:\/\/www.daisho.be\/it\/wp-json\/wp\/v2\/media?parent=460540"}],"wp:term":[{"taxonomy":"product_brand","embeddable":true,"href":"https:\/\/www.daisho.be\/it\/wp-json\/wp\/v2\/product_brand?post=460540"},{"taxonomy":"product_cat","embeddable":true,"href":"https:\/\/www.daisho.be\/it\/wp-json\/wp\/v2\/product_cat?post=460540"},{"taxonomy":"product_tag","embeddable":true,"href":"https:\/\/www.daisho.be\/it\/wp-json\/wp\/v2\/product_tag?post=460540"},{"taxonomy":"sport","embeddable":true,"href":"https:\/\/www.daisho.be\/it\/wp-json\/wp\/v2\/sport?post=460540"}],"curies":[{"name":"wp","href":"https:\/\/api.w.org\/{rel}","templated":true}]}}