{"id":460345,"date":"2022-10-17T16:11:39","date_gmt":"2022-10-17T14:11:39","guid":{"rendered":"https:\/\/www.daisho.be\/produit\/supporto-da-parete-victory-sports-per-sacco-da-boxe\/"},"modified":"2022-10-17T16:11:39","modified_gmt":"2022-10-17T14:11:39","slug":"supporto-da-parete-victory-sports-per-sacco-da-boxe","status":"publish","type":"product","link":"https:\/\/www.daisho.be\/it\/produit\/supporto-da-parete-victory-sports-per-sacco-da-boxe\/","title":{"rendered":"Supporto da parete Victory Sports per sacco da boxe"},"content":{"rendered":"<p>Il materiale pi\u00f9 venduto per il sacco da boxe \u00e8 questa staffa per appendere il sacco da boxe, estremamente resistente e adatta a qualsiasi sacco da boxe.<\/p>\n<p>Si tratta di una staffa per appendere il sacco da boxe economica e di alta qualit\u00e0. Questo prodotto ha una garanzia di 2 anni. Se vuoi appendere un sacco da boxe, \u00e8 necessario fissarlo saldamente alla parete.<br \/>\nCon il supporto da parete per sacco da boxe di Victory Sports, stai acquistando il miglior supporto da parete disponibile. Il supporto da parete in acciaio \u00e8 progettato per resistere senza problemi a tutte le forze esercitate sul sacco da boxe. Il supporto a parete \u00e8 estremamente robusto e pu\u00f2 essere utilizzato sia a casa che in palestra.<br \/>\nIl supporto da parete \u00e8 completo di ferramenta per il montaggio. Il supporto da appendere\/staffa da parete \u00e8 adatto a tutte le marche di sacchi da boxe.<br \/>\nIl peso massimo della staffa da parete \u00e8 di 70 kg. La staffa da appendere \u00e8 lunga 75 cm. Il punto di sospensione del sacco da boxe \u00e8 a 75 cm dalla parete. L&#8217;altezza necessaria per montare il supporto da boxe Victory Sports alla parete dipende dalla tua lunghezza e dalla lunghezza del sacco da boxe.<\/p>\n<p>Puoi calcolare come segue: &#8211; la parte superiore del sacco da boxe deve essere 10 cm pi\u00f9 lunga della tua lunghezza; &#8211; poi viene la catena da 30 cm e infine la staffa da parete. Quindi la tua lunghezza + 10 cm + 30 cm.         <\/p>\n<p>Questa \u00e8 l&#8217;altezza ideale, che puoi sempre variare se lo desideri. Vantaggi di un porta sacco da boxe: &#8211; materiale molto resistente e durevole &#8211; adatto a tutte le marche di sacchi da boxe &#8211; garanzia di 2 anni &#8211; facile da fissare &#8211; testato fino a 70 kg &#8211; a casa e in palestra<\/p>\n","protected":false},"excerpt":{"rendered":"<p>Il materiale pi\u00f9 venduto per il sacco da boxe \u00e8 questa staffa per appendere il sacco da boxe, estremamente resistente e adatta a qualsiasi sacco da boxe. Si tratta di una staffa per appendere il sacco da boxe economica e di alta qualit\u00e0. Questo prodotto ha una garanzia di 2 anni. Se vuoi appendere un [&hellip;]<\/p>\n","protected":false},"featured_media":460347,"comment_status":"closed","ping_status":"closed","template":"","meta":{"inline_featured_image":false},"product_brand":[],"product_cat":[2050,2096,2041,2129],"product_tag":[2267],"sport":[],"class_list":{"0":"post-460345","1":"product","2":"type-product","3":"status-publish","4":"has-post-thumbnail","6":"product_cat-attrezzatura-per-lallenamento-di-kickboxing","7":"product_cat-attrezzatura-per-lallenamento-mma","8":"product_cat-attrezzature-per-lallenamento-della-boxe","9":"product_cat-sacchi-da-boxe","10":"product_tag-sport-di-vittoria","11":"product_shipping_class-prodotti-pesanti","13":"first","14":"instock","15":"taxable","16":"shipping-taxable","17":"purchasable","18":"product-type-simple"},"yoast_head":"<!-- This site is optimized with the Yoast SEO plugin v27.2 - https:\/\/yoast.com\/product\/yoast-seo-wordpress\/ -->\n<title>Supporto da parete Victory Sports per sacco da boxe &#8211; Daisho<\/title>\n<meta name=\"robots\" content=\"index, follow, max-snippet:-1, max-image-preview:large, max-video-preview:-1\" \/>\n<link rel=\"canonical\" href=\"https:\/\/www.daisho.be\/it\/produit\/supporto-da-parete-victory-sports-per-sacco-da-boxe\/\" \/>\n<meta property=\"og:locale\" content=\"it_IT\" \/>\n<meta property=\"og:type\" content=\"article\" \/>\n<meta property=\"og:title\" content=\"Supporto da parete Victory Sports per sacco da boxe &#8211; Daisho\" \/>\n<meta property=\"og:description\" content=\"Il materiale pi\u00f9 venduto per il sacco da boxe \u00e8 questa staffa per appendere il sacco da boxe, estremamente resistente e adatta a qualsiasi sacco da boxe. Si tratta di una staffa per appendere il sacco da boxe economica e di alta qualit\u00e0. Questo prodotto ha una garanzia di 2 anni. Se vuoi appendere un [&hellip;]\" \/>\n<meta property=\"og:url\" content=\"https:\/\/www.daisho.be\/it\/produit\/supporto-da-parete-victory-sports-per-sacco-da-boxe\/\" \/>\n<meta property=\"og:site_name\" content=\"Daisho\" \/>\n<meta property=\"og:image\" content=\"https:\/\/www.daisho.be\/wp-content\/uploads\/2022\/10\/image-70.jpg\" \/>\n\t<meta property=\"og:image:width\" content=\"585\" \/>\n\t<meta property=\"og:image:height\" content=\"585\" \/>\n\t<meta property=\"og:image:type\" content=\"image\/jpeg\" \/>\n<meta name=\"twitter:card\" content=\"summary_large_image\" \/>\n<meta name=\"twitter:label1\" content=\"Tempo di lettura stimato\" \/>\n\t<meta name=\"twitter:data1\" content=\"1 minuto\" \/>\n<script type=\"application\/ld+json\" class=\"yoast-schema-graph\">{\"@context\":\"https:\/\/schema.org\",\"@graph\":[{\"@type\":\"WebPage\",\"@id\":\"https:\/\/www.daisho.be\/it\/produit\/supporto-da-parete-victory-sports-per-sacco-da-boxe\/\",\"url\":\"https:\/\/www.daisho.be\/it\/produit\/supporto-da-parete-victory-sports-per-sacco-da-boxe\/\",\"name\":\"Supporto da parete Victory Sports per sacco da boxe &#8211; Daisho\",\"isPartOf\":{\"@id\":\"https:\/\/www.daisho.be\/it\/#website\"},\"primaryImageOfPage\":{\"@id\":\"https:\/\/www.daisho.be\/it\/produit\/supporto-da-parete-victory-sports-per-sacco-da-boxe\/#primaryimage\"},\"image\":{\"@id\":\"https:\/\/www.daisho.be\/it\/produit\/supporto-da-parete-victory-sports-per-sacco-da-boxe\/#primaryimage\"},\"thumbnailUrl\":\"https:\/\/www.daisho.be\/wp-content\/uploads\/2022\/10\/image-70.jpg\",\"datePublished\":\"2022-10-17T14:11:39+00:00\",\"breadcrumb\":{\"@id\":\"https:\/\/www.daisho.be\/it\/produit\/supporto-da-parete-victory-sports-per-sacco-da-boxe\/#breadcrumb\"},\"inLanguage\":\"it-IT\",\"potentialAction\":[{\"@type\":\"ReadAction\",\"target\":[\"https:\/\/www.daisho.be\/it\/produit\/supporto-da-parete-victory-sports-per-sacco-da-boxe\/\"]}]},{\"@type\":\"ImageObject\",\"inLanguage\":\"it-IT\",\"@id\":\"https:\/\/www.daisho.be\/it\/produit\/supporto-da-parete-victory-sports-per-sacco-da-boxe\/#primaryimage\",\"url\":\"https:\/\/www.daisho.be\/wp-content\/uploads\/2022\/10\/image-70.jpg\",\"contentUrl\":\"https:\/\/www.daisho.be\/wp-content\/uploads\/2022\/10\/image-70.jpg\",\"width\":585,\"height\":585},{\"@type\":\"BreadcrumbList\",\"@id\":\"https:\/\/www.daisho.be\/it\/produit\/supporto-da-parete-victory-sports-per-sacco-da-boxe\/#breadcrumb\",\"itemListElement\":[{\"@type\":\"ListItem\",\"position\":1,\"name\":\"Accueil\",\"item\":\"https:\/\/www.daisho.be\/it\/\"},{\"@type\":\"ListItem\",\"position\":2,\"name\":\"Prodotti\",\"item\":\"https:\/\/www.daisho.be\/it\/prodotti\/\"},{\"@type\":\"ListItem\",\"position\":3,\"name\":\"Attrezzature e abbigliamento per arti marziali e sport da combattimento\",\"item\":\"https:\/\/www.daisho.be\/it\/categorie-produit\/attrezzature-e-abbigliamento-per-arti-marziali-e-sport-da-combattimento\/\"},{\"@type\":\"ListItem\",\"position\":4,\"name\":\"Kick Boxing\",\"item\":\"https:\/\/www.daisho.be\/it\/categorie-produit\/attrezzature-e-abbigliamento-per-arti-marziali-e-sport-da-combattimento\/kick-boxing-it-2\/\"},{\"@type\":\"ListItem\",\"position\":5,\"name\":\"Attrezzatura per l'allenamento di kickboxing\",\"item\":\"https:\/\/www.daisho.be\/it\/categorie-produit\/attrezzature-e-abbigliamento-per-arti-marziali-e-sport-da-combattimento\/kick-boxing-it-2\/attrezzatura-per-lallenamento-di-kickboxing\/\"},{\"@type\":\"ListItem\",\"position\":6,\"name\":\"Supporto da parete Victory Sports per sacco da boxe\"}]},{\"@type\":\"WebSite\",\"@id\":\"https:\/\/www.daisho.be\/it\/#website\",\"url\":\"https:\/\/www.daisho.be\/it\/\",\"name\":\"Daisho\",\"description\":\"Sp&eacute;cialiste de l'&eacute;quipement sportif d'arts martiaux\",\"publisher\":{\"@id\":\"https:\/\/www.daisho.be\/it\/#organization\"},\"potentialAction\":[{\"@type\":\"SearchAction\",\"target\":{\"@type\":\"EntryPoint\",\"urlTemplate\":\"https:\/\/www.daisho.be\/it\/?s={search_term_string}\"},\"query-input\":{\"@type\":\"PropertyValueSpecification\",\"valueRequired\":true,\"valueName\":\"search_term_string\"}}],\"inLanguage\":\"it-IT\"},{\"@type\":\"Organization\",\"@id\":\"https:\/\/www.daisho.be\/it\/#organization\",\"name\":\"Daisho\",\"url\":\"https:\/\/www.daisho.be\/it\/\",\"logo\":{\"@type\":\"ImageObject\",\"inLanguage\":\"it-IT\",\"@id\":\"https:\/\/www.daisho.be\/it\/#\/schema\/logo\/image\/\",\"url\":\"https:\/\/www.daisho.be\/wp-content\/uploads\/2019\/07\/color-nothing-horizontale4x-e1564486100247.png\",\"contentUrl\":\"https:\/\/www.daisho.be\/wp-content\/uploads\/2019\/07\/color-nothing-horizontale4x-e1564486100247.png\",\"width\":1547,\"height\":385,\"caption\":\"Daisho\"},\"image\":{\"@id\":\"https:\/\/www.daisho.be\/it\/#\/schema\/logo\/image\/\"}}]}<\/script>\n<!-- \/ Yoast SEO plugin. -->","yoast_head_json":{"title":"Supporto da parete Victory Sports per sacco da boxe &#8211; Daisho","robots":{"index":"index","follow":"follow","max-snippet":"max-snippet:-1","max-image-preview":"max-image-preview:large","max-video-preview":"max-video-preview:-1"},"canonical":"https:\/\/www.daisho.be\/it\/produit\/supporto-da-parete-victory-sports-per-sacco-da-boxe\/","og_locale":"it_IT","og_type":"article","og_title":"Supporto da parete Victory Sports per sacco da boxe &#8211; Daisho","og_description":"Il materiale pi\u00f9 venduto per il sacco da boxe \u00e8 questa staffa per appendere il sacco da boxe, estremamente resistente e adatta a qualsiasi sacco da boxe. Si tratta di una staffa per appendere il sacco da boxe economica e di alta qualit\u00e0. Questo prodotto ha una garanzia di 2 anni. Se vuoi appendere un [&hellip;]","og_url":"https:\/\/www.daisho.be\/it\/produit\/supporto-da-parete-victory-sports-per-sacco-da-boxe\/","og_site_name":"Daisho","og_image":[{"width":585,"height":585,"url":"https:\/\/www.daisho.be\/wp-content\/uploads\/2022\/10\/image-70.jpg","type":"image\/jpeg"}],"twitter_card":"summary_large_image","twitter_misc":{"Tempo di lettura stimato":"1 minuto"},"schema":{"@context":"https:\/\/schema.org","@graph":[{"@type":"WebPage","@id":"https:\/\/www.daisho.be\/it\/produit\/supporto-da-parete-victory-sports-per-sacco-da-boxe\/","url":"https:\/\/www.daisho.be\/it\/produit\/supporto-da-parete-victory-sports-per-sacco-da-boxe\/","name":"Supporto da parete Victory Sports per sacco da boxe &#8211; Daisho","isPartOf":{"@id":"https:\/\/www.daisho.be\/it\/#website"},"primaryImageOfPage":{"@id":"https:\/\/www.daisho.be\/it\/produit\/supporto-da-parete-victory-sports-per-sacco-da-boxe\/#primaryimage"},"image":{"@id":"https:\/\/www.daisho.be\/it\/produit\/supporto-da-parete-victory-sports-per-sacco-da-boxe\/#primaryimage"},"thumbnailUrl":"https:\/\/www.daisho.be\/wp-content\/uploads\/2022\/10\/image-70.jpg","datePublished":"2022-10-17T14:11:39+00:00","breadcrumb":{"@id":"https:\/\/www.daisho.be\/it\/produit\/supporto-da-parete-victory-sports-per-sacco-da-boxe\/#breadcrumb"},"inLanguage":"it-IT","potentialAction":[{"@type":"ReadAction","target":["https:\/\/www.daisho.be\/it\/produit\/supporto-da-parete-victory-sports-per-sacco-da-boxe\/"]}]},{"@type":"ImageObject","inLanguage":"it-IT","@id":"https:\/\/www.daisho.be\/it\/produit\/supporto-da-parete-victory-sports-per-sacco-da-boxe\/#primaryimage","url":"https:\/\/www.daisho.be\/wp-content\/uploads\/2022\/10\/image-70.jpg","contentUrl":"https:\/\/www.daisho.be\/wp-content\/uploads\/2022\/10\/image-70.jpg","width":585,"height":585},{"@type":"BreadcrumbList","@id":"https:\/\/www.daisho.be\/it\/produit\/supporto-da-parete-victory-sports-per-sacco-da-boxe\/#breadcrumb","itemListElement":[{"@type":"ListItem","position":1,"name":"Accueil","item":"https:\/\/www.daisho.be\/it\/"},{"@type":"ListItem","position":2,"name":"Prodotti","item":"https:\/\/www.daisho.be\/it\/prodotti\/"},{"@type":"ListItem","position":3,"name":"Attrezzature e abbigliamento per arti marziali e sport da combattimento","item":"https:\/\/www.daisho.be\/it\/categorie-produit\/attrezzature-e-abbigliamento-per-arti-marziali-e-sport-da-combattimento\/"},{"@type":"ListItem","position":4,"name":"Kick Boxing","item":"https:\/\/www.daisho.be\/it\/categorie-produit\/attrezzature-e-abbigliamento-per-arti-marziali-e-sport-da-combattimento\/kick-boxing-it-2\/"},{"@type":"ListItem","position":5,"name":"Attrezzatura per l'allenamento di kickboxing","item":"https:\/\/www.daisho.be\/it\/categorie-produit\/attrezzature-e-abbigliamento-per-arti-marziali-e-sport-da-combattimento\/kick-boxing-it-2\/attrezzatura-per-lallenamento-di-kickboxing\/"},{"@type":"ListItem","position":6,"name":"Supporto da parete Victory Sports per sacco da boxe"}]},{"@type":"WebSite","@id":"https:\/\/www.daisho.be\/it\/#website","url":"https:\/\/www.daisho.be\/it\/","name":"Daisho","description":"Sp&eacute;cialiste de l'&eacute;quipement sportif d'arts martiaux","publisher":{"@id":"https:\/\/www.daisho.be\/it\/#organization"},"potentialAction":[{"@type":"SearchAction","target":{"@type":"EntryPoint","urlTemplate":"https:\/\/www.daisho.be\/it\/?s={search_term_string}"},"query-input":{"@type":"PropertyValueSpecification","valueRequired":true,"valueName":"search_term_string"}}],"inLanguage":"it-IT"},{"@type":"Organization","@id":"https:\/\/www.daisho.be\/it\/#organization","name":"Daisho","url":"https:\/\/www.daisho.be\/it\/","logo":{"@type":"ImageObject","inLanguage":"it-IT","@id":"https:\/\/www.daisho.be\/it\/#\/schema\/logo\/image\/","url":"https:\/\/www.daisho.be\/wp-content\/uploads\/2019\/07\/color-nothing-horizontale4x-e1564486100247.png","contentUrl":"https:\/\/www.daisho.be\/wp-content\/uploads\/2019\/07\/color-nothing-horizontale4x-e1564486100247.png","width":1547,"height":385,"caption":"Daisho"},"image":{"@id":"https:\/\/www.daisho.be\/it\/#\/schema\/logo\/image\/"}}]}},"_links":{"self":[{"href":"https:\/\/www.daisho.be\/it\/wp-json\/wp\/v2\/product\/460345","targetHints":{"allow":["GET"]}}],"collection":[{"href":"https:\/\/www.daisho.be\/it\/wp-json\/wp\/v2\/product"}],"about":[{"href":"https:\/\/www.daisho.be\/it\/wp-json\/wp\/v2\/types\/product"}],"replies":[{"embeddable":true,"href":"https:\/\/www.daisho.be\/it\/wp-json\/wp\/v2\/comments?post=460345"}],"wp:featuredmedia":[{"embeddable":true,"href":"https:\/\/www.daisho.be\/it\/wp-json\/wp\/v2\/media\/460347"}],"wp:attachment":[{"href":"https:\/\/www.daisho.be\/it\/wp-json\/wp\/v2\/media?parent=460345"}],"wp:term":[{"taxonomy":"product_brand","embeddable":true,"href":"https:\/\/www.daisho.be\/it\/wp-json\/wp\/v2\/product_brand?post=460345"},{"taxonomy":"product_cat","embeddable":true,"href":"https:\/\/www.daisho.be\/it\/wp-json\/wp\/v2\/product_cat?post=460345"},{"taxonomy":"product_tag","embeddable":true,"href":"https:\/\/www.daisho.be\/it\/wp-json\/wp\/v2\/product_tag?post=460345"},{"taxonomy":"sport","embeddable":true,"href":"https:\/\/www.daisho.be\/it\/wp-json\/wp\/v2\/sport?post=460345"}],"curies":[{"name":"wp","href":"https:\/\/api.w.org\/{rel}","templated":true}]}}