{"id":460112,"date":"2023-01-23T16:36:09","date_gmt":"2023-01-23T15:36:09","guid":{"rendered":"https:\/\/www.daisho.be\/produit\/borsa-per-il-trasporto-dei-bastoni-escrima\/"},"modified":"2023-01-23T16:36:09","modified_gmt":"2023-01-23T15:36:09","slug":"borsa-per-il-trasporto-dei-bastoni-escrima","status":"publish","type":"product","link":"https:\/\/www.daisho.be\/it\/produit\/borsa-per-il-trasporto-dei-bastoni-escrima\/","title":{"rendered":"Borsa per il trasporto dei bastoni Escrima"},"content":{"rendered":"<p>La borsa per bastoni Escrima \u00e8 leggermente foderata all&#8217;interno e ha un rivestimento esterno di alta qualit\u00e0 in robusta pelle artificiale.<br \/>\nAll&#8217;esterno \u00e8 presente una piccola tasca per i documenti. La borsa \u00e8 adatta a bastoni di lunghezza massima di circa 66 cm.<br \/>\nLa borsa pu\u00f2 contenere fino a 3 bastoni da Escrima.<\/p>\n<p>Specifiche: &#8211; Dimensioni: circa 70 x 10 cm &#8211; Tasca esterna circa 17 x 8 cm &#8211; Materiale esterno finta pelle &#8211; Fodera in tessuto con imbottitura <\/p>\n","protected":false},"excerpt":{"rendered":"<p>La borsa per bastoni Escrima \u00e8 leggermente foderata all&#8217;interno e ha un rivestimento esterno di alta qualit\u00e0 in robusta pelle artificiale. All&#8217;esterno \u00e8 presente una piccola tasca per i documenti. La borsa \u00e8 adatta a bastoni di lunghezza massima di circa 66 cm. La borsa pu\u00f2 contenere fino a 3 bastoni da Escrima. Specifiche: &#8211; [&hellip;]<\/p>\n","protected":false},"featured_media":460114,"comment_status":"open","ping_status":"closed","template":"","meta":{"inline_featured_image":false},"product_brand":[],"product_cat":[2111,2113,2057],"product_tag":[2157],"sport":[],"class_list":{"0":"post-460112","1":"product","2":"type-product","3":"status-publish","4":"has-post-thumbnail","6":"product_cat-armi","7":"product_cat-armi-per-kendo-e-iaido","8":"product_cat-borse-sportive","9":"product_tag-s-b-j-it","10":"pa_size-sans-taille-defaut","12":"first","13":"instock","14":"taxable","15":"shipping-taxable","16":"purchasable","17":"product-type-variable"},"yoast_head":"<!-- This site is optimized with the Yoast SEO plugin v27.2 - https:\/\/yoast.com\/product\/yoast-seo-wordpress\/ -->\n<title>Borsa per il trasporto dei bastoni Escrima &#8211; Daisho<\/title>\n<meta name=\"robots\" content=\"index, follow, max-snippet:-1, max-image-preview:large, max-video-preview:-1\" \/>\n<link rel=\"canonical\" href=\"https:\/\/www.daisho.be\/it\/produit\/borsa-per-il-trasporto-dei-bastoni-escrima\/\" \/>\n<meta property=\"og:locale\" content=\"it_IT\" \/>\n<meta property=\"og:type\" content=\"article\" \/>\n<meta property=\"og:title\" content=\"Borsa per il trasporto dei bastoni Escrima &#8211; Daisho\" \/>\n<meta property=\"og:description\" content=\"La borsa per bastoni Escrima \u00e8 leggermente foderata all&#8217;interno e ha un rivestimento esterno di alta qualit\u00e0 in robusta pelle artificiale. All&#8217;esterno \u00e8 presente una piccola tasca per i documenti. La borsa \u00e8 adatta a bastoni di lunghezza massima di circa 66 cm. La borsa pu\u00f2 contenere fino a 3 bastoni da Escrima. Specifiche: &#8211; [&hellip;]\" \/>\n<meta property=\"og:url\" content=\"https:\/\/www.daisho.be\/it\/produit\/borsa-per-il-trasporto-dei-bastoni-escrima\/\" \/>\n<meta property=\"og:site_name\" content=\"Daisho\" \/>\n<meta property=\"og:image\" content=\"https:\/\/www.daisho.be\/wp-content\/uploads\/2023\/01\/image-212.jpg\" \/>\n\t<meta property=\"og:image:width\" content=\"1200\" \/>\n\t<meta property=\"og:image:height\" content=\"888\" \/>\n\t<meta property=\"og:image:type\" content=\"image\/jpeg\" \/>\n<meta name=\"twitter:card\" content=\"summary_large_image\" \/>\n<script type=\"application\/ld+json\" class=\"yoast-schema-graph\">{\"@context\":\"https:\/\/schema.org\",\"@graph\":[{\"@type\":\"WebPage\",\"@id\":\"https:\/\/www.daisho.be\/it\/produit\/borsa-per-il-trasporto-dei-bastoni-escrima\/\",\"url\":\"https:\/\/www.daisho.be\/it\/produit\/borsa-per-il-trasporto-dei-bastoni-escrima\/\",\"name\":\"Borsa per il trasporto dei bastoni Escrima &#8211; Daisho\",\"isPartOf\":{\"@id\":\"https:\/\/www.daisho.be\/it\/#website\"},\"primaryImageOfPage\":{\"@id\":\"https:\/\/www.daisho.be\/it\/produit\/borsa-per-il-trasporto-dei-bastoni-escrima\/#primaryimage\"},\"image\":{\"@id\":\"https:\/\/www.daisho.be\/it\/produit\/borsa-per-il-trasporto-dei-bastoni-escrima\/#primaryimage\"},\"thumbnailUrl\":\"https:\/\/www.daisho.be\/wp-content\/uploads\/2023\/01\/image-212.jpg\",\"datePublished\":\"2023-01-23T15:36:09+00:00\",\"breadcrumb\":{\"@id\":\"https:\/\/www.daisho.be\/it\/produit\/borsa-per-il-trasporto-dei-bastoni-escrima\/#breadcrumb\"},\"inLanguage\":\"it-IT\",\"potentialAction\":[{\"@type\":\"ReadAction\",\"target\":[\"https:\/\/www.daisho.be\/it\/produit\/borsa-per-il-trasporto-dei-bastoni-escrima\/\"]}]},{\"@type\":\"ImageObject\",\"inLanguage\":\"it-IT\",\"@id\":\"https:\/\/www.daisho.be\/it\/produit\/borsa-per-il-trasporto-dei-bastoni-escrima\/#primaryimage\",\"url\":\"https:\/\/www.daisho.be\/wp-content\/uploads\/2023\/01\/image-212.jpg\",\"contentUrl\":\"https:\/\/www.daisho.be\/wp-content\/uploads\/2023\/01\/image-212.jpg\",\"width\":1200,\"height\":888},{\"@type\":\"BreadcrumbList\",\"@id\":\"https:\/\/www.daisho.be\/it\/produit\/borsa-per-il-trasporto-dei-bastoni-escrima\/#breadcrumb\",\"itemListElement\":[{\"@type\":\"ListItem\",\"position\":1,\"name\":\"Accueil\",\"item\":\"https:\/\/www.daisho.be\/it\/\"},{\"@type\":\"ListItem\",\"position\":2,\"name\":\"Prodotti\",\"item\":\"https:\/\/www.daisho.be\/it\/prodotti\/\"},{\"@type\":\"ListItem\",\"position\":3,\"name\":\"Attrezzature e abbigliamento per arti marziali e sport da combattimento\",\"item\":\"https:\/\/www.daisho.be\/it\/categorie-produit\/attrezzature-e-abbigliamento-per-arti-marziali-e-sport-da-combattimento\/\"},{\"@type\":\"ListItem\",\"position\":4,\"name\":\"Kendo e Iaido\",\"item\":\"https:\/\/www.daisho.be\/it\/categorie-produit\/attrezzature-e-abbigliamento-per-arti-marziali-e-sport-da-combattimento\/kendo-e-iaido-it\/\"},{\"@type\":\"ListItem\",\"position\":5,\"name\":\"Armi per Kendo e Iaido\",\"item\":\"https:\/\/www.daisho.be\/it\/categorie-produit\/attrezzature-e-abbigliamento-per-arti-marziali-e-sport-da-combattimento\/kendo-e-iaido-it\/armi-per-kendo-e-iaido\/\"},{\"@type\":\"ListItem\",\"position\":6,\"name\":\"Borsa per il trasporto dei bastoni Escrima\"}]},{\"@type\":\"WebSite\",\"@id\":\"https:\/\/www.daisho.be\/it\/#website\",\"url\":\"https:\/\/www.daisho.be\/it\/\",\"name\":\"Daisho\",\"description\":\"Sp&eacute;cialiste de l'&eacute;quipement sportif d'arts martiaux\",\"publisher\":{\"@id\":\"https:\/\/www.daisho.be\/it\/#organization\"},\"potentialAction\":[{\"@type\":\"SearchAction\",\"target\":{\"@type\":\"EntryPoint\",\"urlTemplate\":\"https:\/\/www.daisho.be\/it\/?s={search_term_string}\"},\"query-input\":{\"@type\":\"PropertyValueSpecification\",\"valueRequired\":true,\"valueName\":\"search_term_string\"}}],\"inLanguage\":\"it-IT\"},{\"@type\":\"Organization\",\"@id\":\"https:\/\/www.daisho.be\/it\/#organization\",\"name\":\"Daisho\",\"url\":\"https:\/\/www.daisho.be\/it\/\",\"logo\":{\"@type\":\"ImageObject\",\"inLanguage\":\"it-IT\",\"@id\":\"https:\/\/www.daisho.be\/it\/#\/schema\/logo\/image\/\",\"url\":\"https:\/\/www.daisho.be\/wp-content\/uploads\/2019\/07\/color-nothing-horizontale4x-e1564486100247.png\",\"contentUrl\":\"https:\/\/www.daisho.be\/wp-content\/uploads\/2019\/07\/color-nothing-horizontale4x-e1564486100247.png\",\"width\":1547,\"height\":385,\"caption\":\"Daisho\"},\"image\":{\"@id\":\"https:\/\/www.daisho.be\/it\/#\/schema\/logo\/image\/\"}}]}<\/script>\n<!-- \/ Yoast SEO plugin. -->","yoast_head_json":{"title":"Borsa per il trasporto dei bastoni Escrima &#8211; Daisho","robots":{"index":"index","follow":"follow","max-snippet":"max-snippet:-1","max-image-preview":"max-image-preview:large","max-video-preview":"max-video-preview:-1"},"canonical":"https:\/\/www.daisho.be\/it\/produit\/borsa-per-il-trasporto-dei-bastoni-escrima\/","og_locale":"it_IT","og_type":"article","og_title":"Borsa per il trasporto dei bastoni Escrima &#8211; Daisho","og_description":"La borsa per bastoni Escrima \u00e8 leggermente foderata all&#8217;interno e ha un rivestimento esterno di alta qualit\u00e0 in robusta pelle artificiale. All&#8217;esterno \u00e8 presente una piccola tasca per i documenti. La borsa \u00e8 adatta a bastoni di lunghezza massima di circa 66 cm. La borsa pu\u00f2 contenere fino a 3 bastoni da Escrima. Specifiche: &#8211; [&hellip;]","og_url":"https:\/\/www.daisho.be\/it\/produit\/borsa-per-il-trasporto-dei-bastoni-escrima\/","og_site_name":"Daisho","og_image":[{"width":1200,"height":888,"url":"https:\/\/www.daisho.be\/wp-content\/uploads\/2023\/01\/image-212.jpg","type":"image\/jpeg"}],"twitter_card":"summary_large_image","schema":{"@context":"https:\/\/schema.org","@graph":[{"@type":"WebPage","@id":"https:\/\/www.daisho.be\/it\/produit\/borsa-per-il-trasporto-dei-bastoni-escrima\/","url":"https:\/\/www.daisho.be\/it\/produit\/borsa-per-il-trasporto-dei-bastoni-escrima\/","name":"Borsa per il trasporto dei bastoni Escrima &#8211; Daisho","isPartOf":{"@id":"https:\/\/www.daisho.be\/it\/#website"},"primaryImageOfPage":{"@id":"https:\/\/www.daisho.be\/it\/produit\/borsa-per-il-trasporto-dei-bastoni-escrima\/#primaryimage"},"image":{"@id":"https:\/\/www.daisho.be\/it\/produit\/borsa-per-il-trasporto-dei-bastoni-escrima\/#primaryimage"},"thumbnailUrl":"https:\/\/www.daisho.be\/wp-content\/uploads\/2023\/01\/image-212.jpg","datePublished":"2023-01-23T15:36:09+00:00","breadcrumb":{"@id":"https:\/\/www.daisho.be\/it\/produit\/borsa-per-il-trasporto-dei-bastoni-escrima\/#breadcrumb"},"inLanguage":"it-IT","potentialAction":[{"@type":"ReadAction","target":["https:\/\/www.daisho.be\/it\/produit\/borsa-per-il-trasporto-dei-bastoni-escrima\/"]}]},{"@type":"ImageObject","inLanguage":"it-IT","@id":"https:\/\/www.daisho.be\/it\/produit\/borsa-per-il-trasporto-dei-bastoni-escrima\/#primaryimage","url":"https:\/\/www.daisho.be\/wp-content\/uploads\/2023\/01\/image-212.jpg","contentUrl":"https:\/\/www.daisho.be\/wp-content\/uploads\/2023\/01\/image-212.jpg","width":1200,"height":888},{"@type":"BreadcrumbList","@id":"https:\/\/www.daisho.be\/it\/produit\/borsa-per-il-trasporto-dei-bastoni-escrima\/#breadcrumb","itemListElement":[{"@type":"ListItem","position":1,"name":"Accueil","item":"https:\/\/www.daisho.be\/it\/"},{"@type":"ListItem","position":2,"name":"Prodotti","item":"https:\/\/www.daisho.be\/it\/prodotti\/"},{"@type":"ListItem","position":3,"name":"Attrezzature e abbigliamento per arti marziali e sport da combattimento","item":"https:\/\/www.daisho.be\/it\/categorie-produit\/attrezzature-e-abbigliamento-per-arti-marziali-e-sport-da-combattimento\/"},{"@type":"ListItem","position":4,"name":"Kendo e Iaido","item":"https:\/\/www.daisho.be\/it\/categorie-produit\/attrezzature-e-abbigliamento-per-arti-marziali-e-sport-da-combattimento\/kendo-e-iaido-it\/"},{"@type":"ListItem","position":5,"name":"Armi per Kendo e Iaido","item":"https:\/\/www.daisho.be\/it\/categorie-produit\/attrezzature-e-abbigliamento-per-arti-marziali-e-sport-da-combattimento\/kendo-e-iaido-it\/armi-per-kendo-e-iaido\/"},{"@type":"ListItem","position":6,"name":"Borsa per il trasporto dei bastoni Escrima"}]},{"@type":"WebSite","@id":"https:\/\/www.daisho.be\/it\/#website","url":"https:\/\/www.daisho.be\/it\/","name":"Daisho","description":"Sp&eacute;cialiste de l'&eacute;quipement sportif d'arts martiaux","publisher":{"@id":"https:\/\/www.daisho.be\/it\/#organization"},"potentialAction":[{"@type":"SearchAction","target":{"@type":"EntryPoint","urlTemplate":"https:\/\/www.daisho.be\/it\/?s={search_term_string}"},"query-input":{"@type":"PropertyValueSpecification","valueRequired":true,"valueName":"search_term_string"}}],"inLanguage":"it-IT"},{"@type":"Organization","@id":"https:\/\/www.daisho.be\/it\/#organization","name":"Daisho","url":"https:\/\/www.daisho.be\/it\/","logo":{"@type":"ImageObject","inLanguage":"it-IT","@id":"https:\/\/www.daisho.be\/it\/#\/schema\/logo\/image\/","url":"https:\/\/www.daisho.be\/wp-content\/uploads\/2019\/07\/color-nothing-horizontale4x-e1564486100247.png","contentUrl":"https:\/\/www.daisho.be\/wp-content\/uploads\/2019\/07\/color-nothing-horizontale4x-e1564486100247.png","width":1547,"height":385,"caption":"Daisho"},"image":{"@id":"https:\/\/www.daisho.be\/it\/#\/schema\/logo\/image\/"}}]}},"_links":{"self":[{"href":"https:\/\/www.daisho.be\/it\/wp-json\/wp\/v2\/product\/460112","targetHints":{"allow":["GET"]}}],"collection":[{"href":"https:\/\/www.daisho.be\/it\/wp-json\/wp\/v2\/product"}],"about":[{"href":"https:\/\/www.daisho.be\/it\/wp-json\/wp\/v2\/types\/product"}],"replies":[{"embeddable":true,"href":"https:\/\/www.daisho.be\/it\/wp-json\/wp\/v2\/comments?post=460112"}],"wp:featuredmedia":[{"embeddable":true,"href":"https:\/\/www.daisho.be\/it\/wp-json\/wp\/v2\/media\/460114"}],"wp:attachment":[{"href":"https:\/\/www.daisho.be\/it\/wp-json\/wp\/v2\/media?parent=460112"}],"wp:term":[{"taxonomy":"product_brand","embeddable":true,"href":"https:\/\/www.daisho.be\/it\/wp-json\/wp\/v2\/product_brand?post=460112"},{"taxonomy":"product_cat","embeddable":true,"href":"https:\/\/www.daisho.be\/it\/wp-json\/wp\/v2\/product_cat?post=460112"},{"taxonomy":"product_tag","embeddable":true,"href":"https:\/\/www.daisho.be\/it\/wp-json\/wp\/v2\/product_tag?post=460112"},{"taxonomy":"sport","embeddable":true,"href":"https:\/\/www.daisho.be\/it\/wp-json\/wp\/v2\/sport?post=460112"}],"curies":[{"name":"wp","href":"https:\/\/api.w.org\/{rel}","templated":true}]}}