{"id":459445,"date":"2022-02-15T16:28:34","date_gmt":"2022-02-15T15:28:34","guid":{"rendered":"https:\/\/www.daisho.be\/produit\/borsa-sportiva-adidas-military-combat-blu-camo-argento\/"},"modified":"2025-02-28T11:30:27","modified_gmt":"2025-02-28T10:30:27","slug":"borsa-sportiva-adidas-military-combat-blu-camo-argento","status":"publish","type":"product","link":"https:\/\/www.daisho.be\/it\/produit\/borsa-sportiva-adidas-military-combat-blu-camo-argento\/","title":{"rendered":"Borsa sportiva adidas Military Combat Blu Camo\/Argento"},"content":{"rendered":"<p>Questa borsa sportiva adidas \u00e8 chiamata borsa sportiva militare. Questa borsa sportiva \u00e8 pratica perch\u00e9 pu\u00f2 essere ingrandita o ridotta arrotolando la parte superiore. La borsa \u00e8 dotata di una pratica tasca frontale aggiuntiva.<\/p>\n<p>La borsa \u00e8 dotata di una tasca interna traspirante che offre spazio extra per riporre, ad esempio, oggetti bagnati o scarpe. Nella parte superiore della borsa c&#8217;\u00e8 una maniglia extra. Vantaggi: &#8211; realizzata in robusto poliestere &#8211; ampio scomparto per riporre oggetti &#8211; pratica per ridurre le dimensioni &#8211; scomparti extra per riporre oggetti<\/p>\n<p>Taglia M: lunghezza circa 62 cm, altezza circa 31 cm, larghezza circa 31 cm volume: circa 25 litri<\/p>\n","protected":false},"excerpt":{"rendered":"<p>Questa borsa sportiva adidas \u00e8 chiamata borsa sportiva militare. Questa borsa sportiva \u00e8 pratica perch\u00e9 pu\u00f2 essere ingrandita o ridotta arrotolando la parte superiore. La borsa \u00e8 dotata di una pratica tasca frontale aggiuntiva. La borsa \u00e8 dotata di una tasca interna traspirante che offre spazio extra per riporre, ad esempio, oggetti bagnati o scarpe. [&hellip;]<\/p>\n","protected":false},"featured_media":459451,"comment_status":"closed","ping_status":"closed","template":"","meta":{"inline_featured_image":false},"product_brand":[],"product_cat":[2262,2059,2057],"product_tag":[2176],"sport":[],"class_list":{"0":"post-459445","1":"product","2":"type-product","3":"status-publish","4":"has-post-thumbnail","6":"product_cat-borsa-da-karate-adidas","7":"product_cat-borse-da-karate","8":"product_cat-borse-sportive","9":"product_tag-adidas-it","10":"pa_size-l","11":"pa_size-m","13":"first","14":"instock","15":"taxable","16":"shipping-taxable","17":"purchasable","18":"product-type-variable"},"yoast_head":"<!-- This site is optimized with the Yoast SEO plugin v27.2 - https:\/\/yoast.com\/product\/yoast-seo-wordpress\/ -->\n<title>Borsa sportiva adidas Military Combat Blu Camo\/Argento &#8211; Daisho<\/title>\n<meta name=\"description\" content=\"La borsa sportiva militare Adidas si adatta alle tue esigenze. Puoi regolare le dimensioni in base alle tue esigenze. Acquistalo su www.daisho.be\" \/>\n<meta name=\"robots\" content=\"index, follow, max-snippet:-1, max-image-preview:large, max-video-preview:-1\" \/>\n<link rel=\"canonical\" href=\"https:\/\/www.daisho.be\/it\/produit\/borsa-sportiva-adidas-military-combat-blu-camo-argento\/\" \/>\n<meta property=\"og:locale\" content=\"it_IT\" \/>\n<meta property=\"og:type\" content=\"article\" \/>\n<meta property=\"og:title\" content=\"Borsa sportiva adidas Military Combat Blu Camo\/Argento &#8211; Daisho\" \/>\n<meta property=\"og:description\" content=\"La borsa sportiva militare Adidas si adatta alle tue esigenze. Puoi regolare le dimensioni in base alle tue esigenze. Acquistalo su www.daisho.be\" \/>\n<meta property=\"og:url\" content=\"https:\/\/www.daisho.be\/it\/produit\/borsa-sportiva-adidas-military-combat-blu-camo-argento\/\" \/>\n<meta property=\"og:site_name\" content=\"Daisho\" \/>\n<meta property=\"article:modified_time\" content=\"2025-02-28T10:30:27+00:00\" \/>\n<meta property=\"og:image\" content=\"https:\/\/www.daisho.be\/wp-content\/uploads\/2023\/12\/image-35.jpg\" \/>\n\t<meta property=\"og:image:width\" content=\"583\" \/>\n\t<meta property=\"og:image:height\" content=\"580\" \/>\n\t<meta property=\"og:image:type\" content=\"image\/jpeg\" \/>\n<meta name=\"twitter:card\" content=\"summary_large_image\" \/>\n<script type=\"application\/ld+json\" class=\"yoast-schema-graph\">{\"@context\":\"https:\/\/schema.org\",\"@graph\":[{\"@type\":\"WebPage\",\"@id\":\"https:\/\/www.daisho.be\/it\/produit\/borsa-sportiva-adidas-military-combat-blu-camo-argento\/\",\"url\":\"https:\/\/www.daisho.be\/it\/produit\/borsa-sportiva-adidas-military-combat-blu-camo-argento\/\",\"name\":\"Borsa sportiva adidas Military Combat Blu Camo\/Argento &#8211; Daisho\",\"isPartOf\":{\"@id\":\"https:\/\/www.daisho.be\/it\/#website\"},\"primaryImageOfPage\":{\"@id\":\"https:\/\/www.daisho.be\/it\/produit\/borsa-sportiva-adidas-military-combat-blu-camo-argento\/#primaryimage\"},\"image\":{\"@id\":\"https:\/\/www.daisho.be\/it\/produit\/borsa-sportiva-adidas-military-combat-blu-camo-argento\/#primaryimage\"},\"thumbnailUrl\":\"https:\/\/www.daisho.be\/wp-content\/uploads\/2023\/12\/image-35.jpg\",\"datePublished\":\"2022-02-15T15:28:34+00:00\",\"dateModified\":\"2025-02-28T10:30:27+00:00\",\"description\":\"La borsa sportiva militare Adidas si adatta alle tue esigenze. Puoi regolare le dimensioni in base alle tue esigenze. Acquistalo su www.daisho.be\",\"breadcrumb\":{\"@id\":\"https:\/\/www.daisho.be\/it\/produit\/borsa-sportiva-adidas-military-combat-blu-camo-argento\/#breadcrumb\"},\"inLanguage\":\"it-IT\",\"potentialAction\":[{\"@type\":\"ReadAction\",\"target\":[\"https:\/\/www.daisho.be\/it\/produit\/borsa-sportiva-adidas-military-combat-blu-camo-argento\/\"]}]},{\"@type\":\"ImageObject\",\"inLanguage\":\"it-IT\",\"@id\":\"https:\/\/www.daisho.be\/it\/produit\/borsa-sportiva-adidas-military-combat-blu-camo-argento\/#primaryimage\",\"url\":\"https:\/\/www.daisho.be\/wp-content\/uploads\/2023\/12\/image-35.jpg\",\"contentUrl\":\"https:\/\/www.daisho.be\/wp-content\/uploads\/2023\/12\/image-35.jpg\",\"width\":583,\"height\":580,\"caption\":\"Borsa sportiva adidas Military Combat Blue Camo\/Silver-1\"},{\"@type\":\"BreadcrumbList\",\"@id\":\"https:\/\/www.daisho.be\/it\/produit\/borsa-sportiva-adidas-military-combat-blu-camo-argento\/#breadcrumb\",\"itemListElement\":[{\"@type\":\"ListItem\",\"position\":1,\"name\":\"Accueil\",\"item\":\"https:\/\/www.daisho.be\/it\/\"},{\"@type\":\"ListItem\",\"position\":2,\"name\":\"Prodotti\",\"item\":\"https:\/\/www.daisho.be\/it\/prodotti\/\"},{\"@type\":\"ListItem\",\"position\":3,\"name\":\"ADIDAS SPORT DA COMBATTIMENTO\",\"item\":\"https:\/\/www.daisho.be\/it\/categorie-produit\/adidas-sport-da-combattimento\/\"},{\"@type\":\"ListItem\",\"position\":4,\"name\":\"Karate\",\"item\":\"https:\/\/www.daisho.be\/it\/categorie-produit\/adidas-sport-da-combattimento\/karate-it\/\"},{\"@type\":\"ListItem\",\"position\":5,\"name\":\"Borsa da karate Adidas\",\"item\":\"https:\/\/www.daisho.be\/it\/categorie-produit\/adidas-sport-da-combattimento\/karate-it\/borsa-da-karate-adidas\/\"},{\"@type\":\"ListItem\",\"position\":6,\"name\":\"Borsa sportiva adidas Military Combat Blu Camo\/Argento\"}]},{\"@type\":\"WebSite\",\"@id\":\"https:\/\/www.daisho.be\/it\/#website\",\"url\":\"https:\/\/www.daisho.be\/it\/\",\"name\":\"Daisho\",\"description\":\"Sp&eacute;cialiste de l'&eacute;quipement sportif d'arts martiaux\",\"publisher\":{\"@id\":\"https:\/\/www.daisho.be\/it\/#organization\"},\"potentialAction\":[{\"@type\":\"SearchAction\",\"target\":{\"@type\":\"EntryPoint\",\"urlTemplate\":\"https:\/\/www.daisho.be\/it\/?s={search_term_string}\"},\"query-input\":{\"@type\":\"PropertyValueSpecification\",\"valueRequired\":true,\"valueName\":\"search_term_string\"}}],\"inLanguage\":\"it-IT\"},{\"@type\":\"Organization\",\"@id\":\"https:\/\/www.daisho.be\/it\/#organization\",\"name\":\"Daisho\",\"url\":\"https:\/\/www.daisho.be\/it\/\",\"logo\":{\"@type\":\"ImageObject\",\"inLanguage\":\"it-IT\",\"@id\":\"https:\/\/www.daisho.be\/it\/#\/schema\/logo\/image\/\",\"url\":\"https:\/\/www.daisho.be\/wp-content\/uploads\/2019\/07\/color-nothing-horizontale4x-e1564486100247.png\",\"contentUrl\":\"https:\/\/www.daisho.be\/wp-content\/uploads\/2019\/07\/color-nothing-horizontale4x-e1564486100247.png\",\"width\":1547,\"height\":385,\"caption\":\"Daisho\"},\"image\":{\"@id\":\"https:\/\/www.daisho.be\/it\/#\/schema\/logo\/image\/\"}}]}<\/script>\n<!-- \/ Yoast SEO plugin. -->","yoast_head_json":{"title":"Borsa sportiva adidas Military Combat Blu Camo\/Argento &#8211; Daisho","description":"La borsa sportiva militare Adidas si adatta alle tue esigenze. Puoi regolare le dimensioni in base alle tue esigenze. Acquistalo su www.daisho.be","robots":{"index":"index","follow":"follow","max-snippet":"max-snippet:-1","max-image-preview":"max-image-preview:large","max-video-preview":"max-video-preview:-1"},"canonical":"https:\/\/www.daisho.be\/it\/produit\/borsa-sportiva-adidas-military-combat-blu-camo-argento\/","og_locale":"it_IT","og_type":"article","og_title":"Borsa sportiva adidas Military Combat Blu Camo\/Argento &#8211; Daisho","og_description":"La borsa sportiva militare Adidas si adatta alle tue esigenze. Puoi regolare le dimensioni in base alle tue esigenze. Acquistalo su www.daisho.be","og_url":"https:\/\/www.daisho.be\/it\/produit\/borsa-sportiva-adidas-military-combat-blu-camo-argento\/","og_site_name":"Daisho","article_modified_time":"2025-02-28T10:30:27+00:00","og_image":[{"width":583,"height":580,"url":"https:\/\/www.daisho.be\/wp-content\/uploads\/2023\/12\/image-35.jpg","type":"image\/jpeg"}],"twitter_card":"summary_large_image","schema":{"@context":"https:\/\/schema.org","@graph":[{"@type":"WebPage","@id":"https:\/\/www.daisho.be\/it\/produit\/borsa-sportiva-adidas-military-combat-blu-camo-argento\/","url":"https:\/\/www.daisho.be\/it\/produit\/borsa-sportiva-adidas-military-combat-blu-camo-argento\/","name":"Borsa sportiva adidas Military Combat Blu Camo\/Argento &#8211; Daisho","isPartOf":{"@id":"https:\/\/www.daisho.be\/it\/#website"},"primaryImageOfPage":{"@id":"https:\/\/www.daisho.be\/it\/produit\/borsa-sportiva-adidas-military-combat-blu-camo-argento\/#primaryimage"},"image":{"@id":"https:\/\/www.daisho.be\/it\/produit\/borsa-sportiva-adidas-military-combat-blu-camo-argento\/#primaryimage"},"thumbnailUrl":"https:\/\/www.daisho.be\/wp-content\/uploads\/2023\/12\/image-35.jpg","datePublished":"2022-02-15T15:28:34+00:00","dateModified":"2025-02-28T10:30:27+00:00","description":"La borsa sportiva militare Adidas si adatta alle tue esigenze. Puoi regolare le dimensioni in base alle tue esigenze. Acquistalo su www.daisho.be","breadcrumb":{"@id":"https:\/\/www.daisho.be\/it\/produit\/borsa-sportiva-adidas-military-combat-blu-camo-argento\/#breadcrumb"},"inLanguage":"it-IT","potentialAction":[{"@type":"ReadAction","target":["https:\/\/www.daisho.be\/it\/produit\/borsa-sportiva-adidas-military-combat-blu-camo-argento\/"]}]},{"@type":"ImageObject","inLanguage":"it-IT","@id":"https:\/\/www.daisho.be\/it\/produit\/borsa-sportiva-adidas-military-combat-blu-camo-argento\/#primaryimage","url":"https:\/\/www.daisho.be\/wp-content\/uploads\/2023\/12\/image-35.jpg","contentUrl":"https:\/\/www.daisho.be\/wp-content\/uploads\/2023\/12\/image-35.jpg","width":583,"height":580,"caption":"Borsa sportiva adidas Military Combat Blue Camo\/Silver-1"},{"@type":"BreadcrumbList","@id":"https:\/\/www.daisho.be\/it\/produit\/borsa-sportiva-adidas-military-combat-blu-camo-argento\/#breadcrumb","itemListElement":[{"@type":"ListItem","position":1,"name":"Accueil","item":"https:\/\/www.daisho.be\/it\/"},{"@type":"ListItem","position":2,"name":"Prodotti","item":"https:\/\/www.daisho.be\/it\/prodotti\/"},{"@type":"ListItem","position":3,"name":"ADIDAS SPORT DA COMBATTIMENTO","item":"https:\/\/www.daisho.be\/it\/categorie-produit\/adidas-sport-da-combattimento\/"},{"@type":"ListItem","position":4,"name":"Karate","item":"https:\/\/www.daisho.be\/it\/categorie-produit\/adidas-sport-da-combattimento\/karate-it\/"},{"@type":"ListItem","position":5,"name":"Borsa da karate Adidas","item":"https:\/\/www.daisho.be\/it\/categorie-produit\/adidas-sport-da-combattimento\/karate-it\/borsa-da-karate-adidas\/"},{"@type":"ListItem","position":6,"name":"Borsa sportiva adidas Military Combat Blu Camo\/Argento"}]},{"@type":"WebSite","@id":"https:\/\/www.daisho.be\/it\/#website","url":"https:\/\/www.daisho.be\/it\/","name":"Daisho","description":"Sp&eacute;cialiste de l'&eacute;quipement sportif d'arts martiaux","publisher":{"@id":"https:\/\/www.daisho.be\/it\/#organization"},"potentialAction":[{"@type":"SearchAction","target":{"@type":"EntryPoint","urlTemplate":"https:\/\/www.daisho.be\/it\/?s={search_term_string}"},"query-input":{"@type":"PropertyValueSpecification","valueRequired":true,"valueName":"search_term_string"}}],"inLanguage":"it-IT"},{"@type":"Organization","@id":"https:\/\/www.daisho.be\/it\/#organization","name":"Daisho","url":"https:\/\/www.daisho.be\/it\/","logo":{"@type":"ImageObject","inLanguage":"it-IT","@id":"https:\/\/www.daisho.be\/it\/#\/schema\/logo\/image\/","url":"https:\/\/www.daisho.be\/wp-content\/uploads\/2019\/07\/color-nothing-horizontale4x-e1564486100247.png","contentUrl":"https:\/\/www.daisho.be\/wp-content\/uploads\/2019\/07\/color-nothing-horizontale4x-e1564486100247.png","width":1547,"height":385,"caption":"Daisho"},"image":{"@id":"https:\/\/www.daisho.be\/it\/#\/schema\/logo\/image\/"}}]}},"_links":{"self":[{"href":"https:\/\/www.daisho.be\/it\/wp-json\/wp\/v2\/product\/459445","targetHints":{"allow":["GET"]}}],"collection":[{"href":"https:\/\/www.daisho.be\/it\/wp-json\/wp\/v2\/product"}],"about":[{"href":"https:\/\/www.daisho.be\/it\/wp-json\/wp\/v2\/types\/product"}],"replies":[{"embeddable":true,"href":"https:\/\/www.daisho.be\/it\/wp-json\/wp\/v2\/comments?post=459445"}],"wp:featuredmedia":[{"embeddable":true,"href":"https:\/\/www.daisho.be\/it\/wp-json\/wp\/v2\/media\/459451"}],"wp:attachment":[{"href":"https:\/\/www.daisho.be\/it\/wp-json\/wp\/v2\/media?parent=459445"}],"wp:term":[{"taxonomy":"product_brand","embeddable":true,"href":"https:\/\/www.daisho.be\/it\/wp-json\/wp\/v2\/product_brand?post=459445"},{"taxonomy":"product_cat","embeddable":true,"href":"https:\/\/www.daisho.be\/it\/wp-json\/wp\/v2\/product_cat?post=459445"},{"taxonomy":"product_tag","embeddable":true,"href":"https:\/\/www.daisho.be\/it\/wp-json\/wp\/v2\/product_tag?post=459445"},{"taxonomy":"sport","embeddable":true,"href":"https:\/\/www.daisho.be\/it\/wp-json\/wp\/v2\/sport?post=459445"}],"curies":[{"name":"wp","href":"https:\/\/api.w.org\/{rel}","templated":true}]}}