{"id":459356,"date":"2022-03-03T21:11:43","date_gmt":"2022-03-03T20:11:43","guid":{"rendered":"https:\/\/www.daisho.be\/produit\/sacco-da-boxe-adidas-nero-oro-in-pu\/"},"modified":"2026-01-20T10:40:06","modified_gmt":"2026-01-20T09:40:06","slug":"sacco-da-boxe-adidas-nero-oro-in-pu","status":"publish","type":"product","link":"https:\/\/www.daisho.be\/it\/produit\/sacco-da-boxe-adidas-nero-oro-in-pu\/","title":{"rendered":"Sacco da boxe Adidas nero\/oro in PU"},"content":{"rendered":"<p>Questo sacco da boxe in PU di adidas \u00e8 una delizia per gli occhi.<br \/>\nI sacchi da boxe sono cuciti molto saldamente per evitare strappi. Il sacco da boxe in PU \u00e8 composto da 2 strati di robusta pelle artificiale. Questo conferisce al sacco da boxe una maggiore resistenza e mantiene comunque la sua forma elegante. I sacchi da boxe sono riempiti con tessuti tagliati di recente per evitare muffe e puzza e per garantire che non entrino oggetti duri come metallo, ferro e pietre. Il sacco da boxe viene anche scansionato elettronicamente per verificare la presenza di particelle di ferro. Proprio per la tua sicurezza.<br \/>\nL&#8217;imbottitura dei sacchi da boxe \u00e8 realizzata in modo tale da assorbire perfettamente i colpi e proteggere mani e gambe.<br \/>\nIl sacco da boxe \u00e8 adatto a giovani e meno giovani, dilettanti e professionisti. Pu\u00f2 essere utilizzato in palestra o a casa. Il sacco da boxe \u00e8 adatto alla kickboxing, al combattimento freestyle, alla boxe tradizionale e alla thai boxe.<br \/>\nSe vuoi usare il sacco da boxe da adulto per calci e pugni, ti serve il sacco da boxe da 150 cm o da 180 cm. Questo sacco da boxe \u00e8 appeso all&#8217;altezza giusta per i calci bassi e i calci alti.<br \/>\nAltezza: 150 cm<br \/>\nDiametro: 33 cm<br \/>\nPeso: \u00b1 51 kg<br \/>\nVantaggi :<br \/>\n&#8211; robusto e adatto a tutti<br \/>\n&#8211; ha un aspetto magnifico<br \/>\n&#8211; per uso domestico e in palestra<br \/>\n&#8211; PU molto resistente<br \/>\n&#8211; riempito con una miscela di tessuti puliti di durezza ideale<br \/>\n&#8211; cucito molto saldamente per evitare strappi<br \/>\n&#8211; fornito con una catena a 4 punti coordinata <\/p>\n","protected":false},"excerpt":{"rendered":"<p>Questo sacco da boxe in PU di adidas \u00e8 una delizia per gli occhi. I sacchi da boxe sono cuciti molto saldamente per evitare strappi. Il sacco da boxe in PU \u00e8 composto da 2 strati di robusta pelle artificiale. Questo conferisce al sacco da boxe una maggiore resistenza e mantiene comunque la sua forma [&hellip;]<\/p>\n","protected":false},"featured_media":459362,"comment_status":"open","ping_status":"closed","template":"","meta":{"inline_featured_image":false},"product_brand":[],"product_cat":[2129,2281,2250,2249],"product_tag":[2176,2553],"sport":[],"class_list":{"0":"post-459356","1":"product","2":"type-product","3":"status-publish","4":"has-post-thumbnail","6":"product_cat-sacchi-da-boxe","7":"product_cat-sacchi-da-boxe-e-accessori-per-lallenamento-it","8":"product_cat-sacchi-da-boxe-e-accessori-per-lallenamento","9":"product_cat-sacchi-da-boxe-e-accessori-per-lallenamento-del-karate","10":"product_tag-adidas-it","11":"product_tag-citazione","12":"product_shipping_class-prodotti-pesanti","13":"pa_size-120-cm","14":"pa_size-150-cm","15":"pa_size-180-cm","16":"pa_size-90-cm","18":"first","19":"instock","20":"taxable","21":"shipping-taxable","22":"purchasable","23":"product-type-variable"},"yoast_head":"<!-- This site is optimized with the Yoast SEO plugin v27.2 - https:\/\/yoast.com\/product\/yoast-seo-wordpress\/ -->\n<title>Sacco da boxe Adidas nero\/oro in PU &#8211; Daisho<\/title>\n<meta name=\"description\" content=\"Il sacco da boxe Adidas \u00e8 adatto a grandi e piccini per l&#039;uso quotidiano. Acquistalo sul nostro sito www.daisho.be|Daisho\" \/>\n<meta name=\"robots\" content=\"index, follow, max-snippet:-1, max-image-preview:large, max-video-preview:-1\" \/>\n<link rel=\"canonical\" href=\"https:\/\/www.daisho.be\/it\/produit\/sacco-da-boxe-adidas-nero-oro-in-pu\/\" \/>\n<meta property=\"og:locale\" content=\"it_IT\" \/>\n<meta property=\"og:type\" content=\"article\" \/>\n<meta property=\"og:title\" content=\"Sacco da boxe Adidas nero\/oro in PU &#8211; Daisho\" \/>\n<meta property=\"og:description\" content=\"Il sacco da boxe Adidas \u00e8 adatto a grandi e piccini per l&#039;uso quotidiano. Acquistalo sul nostro sito www.daisho.be|Daisho\" \/>\n<meta property=\"og:url\" content=\"https:\/\/www.daisho.be\/it\/produit\/sacco-da-boxe-adidas-nero-oro-in-pu\/\" \/>\n<meta property=\"og:site_name\" content=\"Daisho\" \/>\n<meta property=\"article:modified_time\" content=\"2026-01-20T09:40:06+00:00\" \/>\n<meta property=\"og:image\" content=\"https:\/\/www.daisho.be\/wp-content\/uploads\/2023\/07\/image-2.jpg\" \/>\n\t<meta property=\"og:image:width\" content=\"800\" \/>\n\t<meta property=\"og:image:height\" content=\"800\" \/>\n\t<meta property=\"og:image:type\" content=\"image\/jpeg\" \/>\n<meta name=\"twitter:card\" content=\"summary_large_image\" \/>\n<meta name=\"twitter:label1\" content=\"Tempo di lettura stimato\" \/>\n\t<meta name=\"twitter:data1\" content=\"1 minuto\" \/>\n<script type=\"application\/ld+json\" class=\"yoast-schema-graph\">{\"@context\":\"https:\/\/schema.org\",\"@graph\":[{\"@type\":\"WebPage\",\"@id\":\"https:\/\/www.daisho.be\/it\/produit\/sacco-da-boxe-adidas-nero-oro-in-pu\/\",\"url\":\"https:\/\/www.daisho.be\/it\/produit\/sacco-da-boxe-adidas-nero-oro-in-pu\/\",\"name\":\"Sacco da boxe Adidas nero\/oro in PU &#8211; Daisho\",\"isPartOf\":{\"@id\":\"https:\/\/www.daisho.be\/it\/#website\"},\"primaryImageOfPage\":{\"@id\":\"https:\/\/www.daisho.be\/it\/produit\/sacco-da-boxe-adidas-nero-oro-in-pu\/#primaryimage\"},\"image\":{\"@id\":\"https:\/\/www.daisho.be\/it\/produit\/sacco-da-boxe-adidas-nero-oro-in-pu\/#primaryimage\"},\"thumbnailUrl\":\"https:\/\/www.daisho.be\/wp-content\/uploads\/2023\/07\/image-2.jpg\",\"datePublished\":\"2022-03-03T20:11:43+00:00\",\"dateModified\":\"2026-01-20T09:40:06+00:00\",\"description\":\"Il sacco da boxe Adidas \u00e8 adatto a grandi e piccini per l'uso quotidiano. Acquistalo sul nostro sito www.daisho.be|Daisho\",\"breadcrumb\":{\"@id\":\"https:\/\/www.daisho.be\/it\/produit\/sacco-da-boxe-adidas-nero-oro-in-pu\/#breadcrumb\"},\"inLanguage\":\"it-IT\",\"potentialAction\":[{\"@type\":\"ReadAction\",\"target\":[\"https:\/\/www.daisho.be\/it\/produit\/sacco-da-boxe-adidas-nero-oro-in-pu\/\"]}]},{\"@type\":\"ImageObject\",\"inLanguage\":\"it-IT\",\"@id\":\"https:\/\/www.daisho.be\/it\/produit\/sacco-da-boxe-adidas-nero-oro-in-pu\/#primaryimage\",\"url\":\"https:\/\/www.daisho.be\/wp-content\/uploads\/2023\/07\/image-2.jpg\",\"contentUrl\":\"https:\/\/www.daisho.be\/wp-content\/uploads\/2023\/07\/image-2.jpg\",\"width\":800,\"height\":800,\"caption\":\"Sacco da boxe Adidas nero\/oro PU-1\"},{\"@type\":\"BreadcrumbList\",\"@id\":\"https:\/\/www.daisho.be\/it\/produit\/sacco-da-boxe-adidas-nero-oro-in-pu\/#breadcrumb\",\"itemListElement\":[{\"@type\":\"ListItem\",\"position\":1,\"name\":\"Accueil\",\"item\":\"https:\/\/www.daisho.be\/it\/\"},{\"@type\":\"ListItem\",\"position\":2,\"name\":\"Prodotti\",\"item\":\"https:\/\/www.daisho.be\/it\/prodotti\/\"},{\"@type\":\"ListItem\",\"position\":3,\"name\":\"ADIDAS SPORT DA COMBATTIMENTO\",\"item\":\"https:\/\/www.daisho.be\/it\/categorie-produit\/adidas-sport-da-combattimento\/\"},{\"@type\":\"ListItem\",\"position\":4,\"name\":\"MMA\",\"item\":\"https:\/\/www.daisho.be\/it\/categorie-produit\/adidas-sport-da-combattimento\/mma-it\/\"},{\"@type\":\"ListItem\",\"position\":5,\"name\":\"Sacchi da boxe e accessori per l'allenamento\",\"item\":\"https:\/\/www.daisho.be\/it\/categorie-produit\/adidas-sport-da-combattimento\/mma-it\/sacchi-da-boxe-e-accessori-per-lallenamento\/\"},{\"@type\":\"ListItem\",\"position\":6,\"name\":\"Sacco da boxe Adidas nero\/oro in PU\"}]},{\"@type\":\"WebSite\",\"@id\":\"https:\/\/www.daisho.be\/it\/#website\",\"url\":\"https:\/\/www.daisho.be\/it\/\",\"name\":\"Daisho\",\"description\":\"Sp&eacute;cialiste de l'&eacute;quipement sportif d'arts martiaux\",\"publisher\":{\"@id\":\"https:\/\/www.daisho.be\/it\/#organization\"},\"potentialAction\":[{\"@type\":\"SearchAction\",\"target\":{\"@type\":\"EntryPoint\",\"urlTemplate\":\"https:\/\/www.daisho.be\/it\/?s={search_term_string}\"},\"query-input\":{\"@type\":\"PropertyValueSpecification\",\"valueRequired\":true,\"valueName\":\"search_term_string\"}}],\"inLanguage\":\"it-IT\"},{\"@type\":\"Organization\",\"@id\":\"https:\/\/www.daisho.be\/it\/#organization\",\"name\":\"Daisho\",\"url\":\"https:\/\/www.daisho.be\/it\/\",\"logo\":{\"@type\":\"ImageObject\",\"inLanguage\":\"it-IT\",\"@id\":\"https:\/\/www.daisho.be\/it\/#\/schema\/logo\/image\/\",\"url\":\"https:\/\/www.daisho.be\/wp-content\/uploads\/2019\/07\/color-nothing-horizontale4x-e1564486100247.png\",\"contentUrl\":\"https:\/\/www.daisho.be\/wp-content\/uploads\/2019\/07\/color-nothing-horizontale4x-e1564486100247.png\",\"width\":1547,\"height\":385,\"caption\":\"Daisho\"},\"image\":{\"@id\":\"https:\/\/www.daisho.be\/it\/#\/schema\/logo\/image\/\"}}]}<\/script>\n<!-- \/ Yoast SEO plugin. -->","yoast_head_json":{"title":"Sacco da boxe Adidas nero\/oro in PU &#8211; Daisho","description":"Il sacco da boxe Adidas \u00e8 adatto a grandi e piccini per l'uso quotidiano. Acquistalo sul nostro sito www.daisho.be|Daisho","robots":{"index":"index","follow":"follow","max-snippet":"max-snippet:-1","max-image-preview":"max-image-preview:large","max-video-preview":"max-video-preview:-1"},"canonical":"https:\/\/www.daisho.be\/it\/produit\/sacco-da-boxe-adidas-nero-oro-in-pu\/","og_locale":"it_IT","og_type":"article","og_title":"Sacco da boxe Adidas nero\/oro in PU &#8211; Daisho","og_description":"Il sacco da boxe Adidas \u00e8 adatto a grandi e piccini per l'uso quotidiano. Acquistalo sul nostro sito www.daisho.be|Daisho","og_url":"https:\/\/www.daisho.be\/it\/produit\/sacco-da-boxe-adidas-nero-oro-in-pu\/","og_site_name":"Daisho","article_modified_time":"2026-01-20T09:40:06+00:00","og_image":[{"width":800,"height":800,"url":"https:\/\/www.daisho.be\/wp-content\/uploads\/2023\/07\/image-2.jpg","type":"image\/jpeg"}],"twitter_card":"summary_large_image","twitter_misc":{"Tempo di lettura stimato":"1 minuto"},"schema":{"@context":"https:\/\/schema.org","@graph":[{"@type":"WebPage","@id":"https:\/\/www.daisho.be\/it\/produit\/sacco-da-boxe-adidas-nero-oro-in-pu\/","url":"https:\/\/www.daisho.be\/it\/produit\/sacco-da-boxe-adidas-nero-oro-in-pu\/","name":"Sacco da boxe Adidas nero\/oro in PU &#8211; Daisho","isPartOf":{"@id":"https:\/\/www.daisho.be\/it\/#website"},"primaryImageOfPage":{"@id":"https:\/\/www.daisho.be\/it\/produit\/sacco-da-boxe-adidas-nero-oro-in-pu\/#primaryimage"},"image":{"@id":"https:\/\/www.daisho.be\/it\/produit\/sacco-da-boxe-adidas-nero-oro-in-pu\/#primaryimage"},"thumbnailUrl":"https:\/\/www.daisho.be\/wp-content\/uploads\/2023\/07\/image-2.jpg","datePublished":"2022-03-03T20:11:43+00:00","dateModified":"2026-01-20T09:40:06+00:00","description":"Il sacco da boxe Adidas \u00e8 adatto a grandi e piccini per l'uso quotidiano. Acquistalo sul nostro sito www.daisho.be|Daisho","breadcrumb":{"@id":"https:\/\/www.daisho.be\/it\/produit\/sacco-da-boxe-adidas-nero-oro-in-pu\/#breadcrumb"},"inLanguage":"it-IT","potentialAction":[{"@type":"ReadAction","target":["https:\/\/www.daisho.be\/it\/produit\/sacco-da-boxe-adidas-nero-oro-in-pu\/"]}]},{"@type":"ImageObject","inLanguage":"it-IT","@id":"https:\/\/www.daisho.be\/it\/produit\/sacco-da-boxe-adidas-nero-oro-in-pu\/#primaryimage","url":"https:\/\/www.daisho.be\/wp-content\/uploads\/2023\/07\/image-2.jpg","contentUrl":"https:\/\/www.daisho.be\/wp-content\/uploads\/2023\/07\/image-2.jpg","width":800,"height":800,"caption":"Sacco da boxe Adidas nero\/oro PU-1"},{"@type":"BreadcrumbList","@id":"https:\/\/www.daisho.be\/it\/produit\/sacco-da-boxe-adidas-nero-oro-in-pu\/#breadcrumb","itemListElement":[{"@type":"ListItem","position":1,"name":"Accueil","item":"https:\/\/www.daisho.be\/it\/"},{"@type":"ListItem","position":2,"name":"Prodotti","item":"https:\/\/www.daisho.be\/it\/prodotti\/"},{"@type":"ListItem","position":3,"name":"ADIDAS SPORT DA COMBATTIMENTO","item":"https:\/\/www.daisho.be\/it\/categorie-produit\/adidas-sport-da-combattimento\/"},{"@type":"ListItem","position":4,"name":"MMA","item":"https:\/\/www.daisho.be\/it\/categorie-produit\/adidas-sport-da-combattimento\/mma-it\/"},{"@type":"ListItem","position":5,"name":"Sacchi da boxe e accessori per l'allenamento","item":"https:\/\/www.daisho.be\/it\/categorie-produit\/adidas-sport-da-combattimento\/mma-it\/sacchi-da-boxe-e-accessori-per-lallenamento\/"},{"@type":"ListItem","position":6,"name":"Sacco da boxe Adidas nero\/oro in PU"}]},{"@type":"WebSite","@id":"https:\/\/www.daisho.be\/it\/#website","url":"https:\/\/www.daisho.be\/it\/","name":"Daisho","description":"Sp&eacute;cialiste de l'&eacute;quipement sportif d'arts martiaux","publisher":{"@id":"https:\/\/www.daisho.be\/it\/#organization"},"potentialAction":[{"@type":"SearchAction","target":{"@type":"EntryPoint","urlTemplate":"https:\/\/www.daisho.be\/it\/?s={search_term_string}"},"query-input":{"@type":"PropertyValueSpecification","valueRequired":true,"valueName":"search_term_string"}}],"inLanguage":"it-IT"},{"@type":"Organization","@id":"https:\/\/www.daisho.be\/it\/#organization","name":"Daisho","url":"https:\/\/www.daisho.be\/it\/","logo":{"@type":"ImageObject","inLanguage":"it-IT","@id":"https:\/\/www.daisho.be\/it\/#\/schema\/logo\/image\/","url":"https:\/\/www.daisho.be\/wp-content\/uploads\/2019\/07\/color-nothing-horizontale4x-e1564486100247.png","contentUrl":"https:\/\/www.daisho.be\/wp-content\/uploads\/2019\/07\/color-nothing-horizontale4x-e1564486100247.png","width":1547,"height":385,"caption":"Daisho"},"image":{"@id":"https:\/\/www.daisho.be\/it\/#\/schema\/logo\/image\/"}}]}},"_links":{"self":[{"href":"https:\/\/www.daisho.be\/it\/wp-json\/wp\/v2\/product\/459356","targetHints":{"allow":["GET"]}}],"collection":[{"href":"https:\/\/www.daisho.be\/it\/wp-json\/wp\/v2\/product"}],"about":[{"href":"https:\/\/www.daisho.be\/it\/wp-json\/wp\/v2\/types\/product"}],"replies":[{"embeddable":true,"href":"https:\/\/www.daisho.be\/it\/wp-json\/wp\/v2\/comments?post=459356"}],"wp:featuredmedia":[{"embeddable":true,"href":"https:\/\/www.daisho.be\/it\/wp-json\/wp\/v2\/media\/459362"}],"wp:attachment":[{"href":"https:\/\/www.daisho.be\/it\/wp-json\/wp\/v2\/media?parent=459356"}],"wp:term":[{"taxonomy":"product_brand","embeddable":true,"href":"https:\/\/www.daisho.be\/it\/wp-json\/wp\/v2\/product_brand?post=459356"},{"taxonomy":"product_cat","embeddable":true,"href":"https:\/\/www.daisho.be\/it\/wp-json\/wp\/v2\/product_cat?post=459356"},{"taxonomy":"product_tag","embeddable":true,"href":"https:\/\/www.daisho.be\/it\/wp-json\/wp\/v2\/product_tag?post=459356"},{"taxonomy":"sport","embeddable":true,"href":"https:\/\/www.daisho.be\/it\/wp-json\/wp\/v2\/sport?post=459356"}],"curies":[{"name":"wp","href":"https:\/\/api.w.org\/{rel}","templated":true}]}}