{"id":459218,"date":"2022-03-14T21:23:32","date_gmt":"2022-03-14T20:23:32","guid":{"rendered":"https:\/\/www.daisho.be\/produit\/hakama-basic-tetron-ah250-nero\/"},"modified":"2025-12-23T10:35:26","modified_gmt":"2025-12-23T09:35:26","slug":"hakama-basic-tetron-ah250-nero","status":"publish","type":"product","link":"https:\/\/www.daisho.be\/it\/produit\/hakama-basic-tetron-ah250-nero\/","title":{"rendered":"Hakama Basic Tetron &#8211; AH250 NERO"},"content":{"rendered":"<p>L&#8217;ultima hakama di base per il Tozando aikido. Grazie all&#8217;eccellente rapporto qualit\u00e0-prezzo, lo consigliamo ai principianti.<br \/>\nQuesto hakama \u00e8 realizzato in un pregiato e leggero tessuto tetron (65% poliestere, 35% rayon); la sua consistenza opaca gli conferisce un aspetto classico.<br \/>\nLe pieghe sono state stirate appositamente per ottenere una definizione nitida e hanno una cucitura interna. Tuttavia, non \u00e8 prodotta in Giappone come la nostra hakama Tozando standard in tetron (AH350).<br \/>\nLa koshi-ita \u00e8 stata progettata pensando all&#8217;ukemi; \u00e8 realizzata in gomma composita per mantenere la forma e allo stesso tempo proteggere da eventuali lesioni.<br \/>\nLa cintura dell&#8217;obi \u00e8 rinforzata con sette linee di cucitura che servono a prevenire strappi o attorcigliamenti. Una cintura obi pi\u00f9 resistente significa anche che puoi legare l&#8217;hakama in modo pi\u00f9 sicuro.<br \/>\nCaratteristiche :<br \/>\n&#8211; Tessuto Tetron (65% poliestere, 35% rayon)<br \/>\n&#8211; La parte anteriore e posteriore di questo hakama hanno la stessa lunghezza<br \/>\n&#8211; Disponibile in nero e blu navy<br \/>\n&#8211; Realizzato in Giappone<br \/>\nCome posso prendere le misure per la giusta taglia di hakama?<br \/>\nQuella che di solito chiamiamo &#8220;lunghezza dell&#8217;hakama&#8221; \u00e8 la lunghezza delle &#8220;gambe&#8221; esclusa la cintura.<br \/>\nA seconda del sesso e delle preferenze di abbigliamento, la lunghezza ideale pu\u00f2 variare da persona a persona.<br \/>\nLa misura corretta per un hakama si prende dal punto in cui di solito si trova la cintura obi (di solito la parte superiore dell&#8217;osso dell&#8217;anca), fino all&#8217;osso della caviglia.<br \/>\nQuesta lunghezza sar\u00e0 ideale per il tuo hakama<br \/>\nConsulta la sezione &#8220;Lunghezza dell&#8217;hakama&#8221; della nostra tabella delle taglie.<br \/>\nPer misurare pi\u00f9 facilmente il tuo girovita, puoi anche legare una cintura nel punto in cui legheresti l&#8217;obi del tuo hakama e poi misurare dalla parte inferiore di questa cintura di prova fino all&#8217;osso della caviglia.<br \/>\nIn genere, gli uomini indossano l&#8217;hakama con una cintura sui fianchi, mentre le donne la portano un po&#8217; pi\u00f9 alta, con una cintura in vita.<\/p>\n","protected":false},"excerpt":{"rendered":"<p>L&#8217;ultima hakama di base per il Tozando aikido. Grazie all&#8217;eccellente rapporto qualit\u00e0-prezzo, lo consigliamo ai principianti. Questo hakama \u00e8 realizzato in un pregiato e leggero tessuto tetron (65% poliestere, 35% rayon); la sua consistenza opaca gli conferisce un aspetto classico. Le pieghe sono state stirate appositamente per ottenere una definizione nitida e hanno una cucitura [&hellip;]<\/p>\n","protected":false},"featured_media":459223,"comment_status":"closed","ping_status":"closed","template":"","meta":{"inline_featured_image":false},"product_brand":[],"product_cat":[2119,2333],"product_tag":[2331],"sport":[],"class_list":{"0":"post-459218","1":"product","2":"type-product","3":"status-publish","4":"has-post-thumbnail","6":"product_cat-abiti-kimono","7":"product_cat-aikido-hakamas-it","8":"product_tag-tozando-it","9":"pa_size-1062","10":"pa_size-23-160-163-cm","11":"pa_size-24-164-167-cm","12":"pa_size-25-168-170-cm","13":"pa_size-26-171-175-cm","14":"pa_size-27-176-179-cm","15":"pa_size-28-180-184-cm","16":"pa_size-29-185-189-cm","17":"pa_size-30-190-195-cm","19":"first","20":"instock","21":"taxable","22":"shipping-taxable","23":"purchasable","24":"product-type-variable"},"yoast_head":"<!-- This site is optimized with the Yoast SEO plugin v27.2 - https:\/\/yoast.com\/product\/yoast-seo-wordpress\/ -->\n<title>Hakama Basic Tetron - AH250 NERO &#8211; Daisho<\/title>\n<meta name=\"description\" content=\"Hakama Tozando ideale per i principianti e i corridori esperti. Comoda, semplice e affidabile. Ottimo rapporto qualit\u00e0-prezzo per iniziare a praticare l&#039;aikido.\" \/>\n<meta name=\"robots\" content=\"index, follow, max-snippet:-1, max-image-preview:large, max-video-preview:-1\" \/>\n<link rel=\"canonical\" href=\"https:\/\/www.daisho.be\/it\/produit\/hakama-basic-tetron-ah250-nero\/\" \/>\n<meta property=\"og:locale\" content=\"it_IT\" \/>\n<meta property=\"og:type\" content=\"article\" \/>\n<meta property=\"og:title\" content=\"Hakama Basic Tetron - AH250 NERO &#8211; Daisho\" \/>\n<meta property=\"og:description\" content=\"Hakama Tozando ideale per i principianti e i corridori esperti. Comoda, semplice e affidabile. Ottimo rapporto qualit\u00e0-prezzo per iniziare a praticare l&#039;aikido.\" \/>\n<meta property=\"og:url\" content=\"https:\/\/www.daisho.be\/it\/produit\/hakama-basic-tetron-ah250-nero\/\" \/>\n<meta property=\"og:site_name\" content=\"Daisho\" \/>\n<meta property=\"article:modified_time\" content=\"2025-12-23T09:35:26+00:00\" \/>\n<meta property=\"og:image\" content=\"https:\/\/www.daisho.be\/wp-content\/uploads\/2024\/06\/image-132.jpg\" \/>\n\t<meta property=\"og:image:width\" content=\"470\" \/>\n\t<meta property=\"og:image:height\" content=\"470\" \/>\n\t<meta property=\"og:image:type\" content=\"image\/jpeg\" \/>\n<meta name=\"twitter:card\" content=\"summary_large_image\" \/>\n<meta name=\"twitter:label1\" content=\"Tempo di lettura stimato\" \/>\n\t<meta name=\"twitter:data1\" content=\"2 minuti\" \/>\n<script type=\"application\/ld+json\" class=\"yoast-schema-graph\">{\"@context\":\"https:\/\/schema.org\",\"@graph\":[{\"@type\":\"WebPage\",\"@id\":\"https:\/\/www.daisho.be\/it\/produit\/hakama-basic-tetron-ah250-nero\/\",\"url\":\"https:\/\/www.daisho.be\/it\/produit\/hakama-basic-tetron-ah250-nero\/\",\"name\":\"Hakama Basic Tetron - AH250 NERO &#8211; Daisho\",\"isPartOf\":{\"@id\":\"https:\/\/www.daisho.be\/it\/#website\"},\"primaryImageOfPage\":{\"@id\":\"https:\/\/www.daisho.be\/it\/produit\/hakama-basic-tetron-ah250-nero\/#primaryimage\"},\"image\":{\"@id\":\"https:\/\/www.daisho.be\/it\/produit\/hakama-basic-tetron-ah250-nero\/#primaryimage\"},\"thumbnailUrl\":\"https:\/\/www.daisho.be\/wp-content\/uploads\/2024\/06\/image-132.jpg\",\"datePublished\":\"2022-03-14T20:23:32+00:00\",\"dateModified\":\"2025-12-23T09:35:26+00:00\",\"description\":\"Hakama Tozando ideale per i principianti e i corridori esperti. Comoda, semplice e affidabile. Ottimo rapporto qualit\u00e0-prezzo per iniziare a praticare l'aikido.\",\"breadcrumb\":{\"@id\":\"https:\/\/www.daisho.be\/it\/produit\/hakama-basic-tetron-ah250-nero\/#breadcrumb\"},\"inLanguage\":\"it-IT\",\"potentialAction\":[{\"@type\":\"ReadAction\",\"target\":[\"https:\/\/www.daisho.be\/it\/produit\/hakama-basic-tetron-ah250-nero\/\"]}]},{\"@type\":\"ImageObject\",\"inLanguage\":\"it-IT\",\"@id\":\"https:\/\/www.daisho.be\/it\/produit\/hakama-basic-tetron-ah250-nero\/#primaryimage\",\"url\":\"https:\/\/www.daisho.be\/wp-content\/uploads\/2024\/06\/image-132.jpg\",\"contentUrl\":\"https:\/\/www.daisho.be\/wp-content\/uploads\/2024\/06\/image-132.jpg\",\"width\":470,\"height\":470,\"caption\":\"Hakama Basic Tetron - AH250 BLACK-1\"},{\"@type\":\"BreadcrumbList\",\"@id\":\"https:\/\/www.daisho.be\/it\/produit\/hakama-basic-tetron-ah250-nero\/#breadcrumb\",\"itemListElement\":[{\"@type\":\"ListItem\",\"position\":1,\"name\":\"Accueil\",\"item\":\"https:\/\/www.daisho.be\/it\/\"},{\"@type\":\"ListItem\",\"position\":2,\"name\":\"Prodotti\",\"item\":\"https:\/\/www.daisho.be\/it\/prodotti\/\"},{\"@type\":\"ListItem\",\"position\":3,\"name\":\"Attrezzature e abbigliamento per arti marziali e sport da combattimento\",\"item\":\"https:\/\/www.daisho.be\/it\/categorie-produit\/attrezzature-e-abbigliamento-per-arti-marziali-e-sport-da-combattimento\/\"},{\"@type\":\"ListItem\",\"position\":4,\"name\":\"A\u00efkido\",\"item\":\"https:\/\/www.daisho.be\/it\/categorie-produit\/attrezzature-e-abbigliamento-per-arti-marziali-e-sport-da-combattimento\/aikido-it\/\"},{\"@type\":\"ListItem\",\"position\":5,\"name\":\"Aikido Hakamas\",\"item\":\"https:\/\/www.daisho.be\/it\/categorie-produit\/attrezzature-e-abbigliamento-per-arti-marziali-e-sport-da-combattimento\/aikido-it\/aikido-hakamas-it\/\"},{\"@type\":\"ListItem\",\"position\":6,\"name\":\"Hakama Basic Tetron &#8211; AH250 NERO\"}]},{\"@type\":\"WebSite\",\"@id\":\"https:\/\/www.daisho.be\/it\/#website\",\"url\":\"https:\/\/www.daisho.be\/it\/\",\"name\":\"Daisho\",\"description\":\"Sp&eacute;cialiste de l'&eacute;quipement sportif d'arts martiaux\",\"publisher\":{\"@id\":\"https:\/\/www.daisho.be\/it\/#organization\"},\"potentialAction\":[{\"@type\":\"SearchAction\",\"target\":{\"@type\":\"EntryPoint\",\"urlTemplate\":\"https:\/\/www.daisho.be\/it\/?s={search_term_string}\"},\"query-input\":{\"@type\":\"PropertyValueSpecification\",\"valueRequired\":true,\"valueName\":\"search_term_string\"}}],\"inLanguage\":\"it-IT\"},{\"@type\":\"Organization\",\"@id\":\"https:\/\/www.daisho.be\/it\/#organization\",\"name\":\"Daisho\",\"url\":\"https:\/\/www.daisho.be\/it\/\",\"logo\":{\"@type\":\"ImageObject\",\"inLanguage\":\"it-IT\",\"@id\":\"https:\/\/www.daisho.be\/it\/#\/schema\/logo\/image\/\",\"url\":\"https:\/\/www.daisho.be\/wp-content\/uploads\/2019\/07\/color-nothing-horizontale4x-e1564486100247.png\",\"contentUrl\":\"https:\/\/www.daisho.be\/wp-content\/uploads\/2019\/07\/color-nothing-horizontale4x-e1564486100247.png\",\"width\":1547,\"height\":385,\"caption\":\"Daisho\"},\"image\":{\"@id\":\"https:\/\/www.daisho.be\/it\/#\/schema\/logo\/image\/\"}}]}<\/script>\n<!-- \/ Yoast SEO plugin. -->","yoast_head_json":{"title":"Hakama Basic Tetron - AH250 NERO &#8211; Daisho","description":"Hakama Tozando ideale per i principianti e i corridori esperti. Comoda, semplice e affidabile. Ottimo rapporto qualit\u00e0-prezzo per iniziare a praticare l'aikido.","robots":{"index":"index","follow":"follow","max-snippet":"max-snippet:-1","max-image-preview":"max-image-preview:large","max-video-preview":"max-video-preview:-1"},"canonical":"https:\/\/www.daisho.be\/it\/produit\/hakama-basic-tetron-ah250-nero\/","og_locale":"it_IT","og_type":"article","og_title":"Hakama Basic Tetron - AH250 NERO &#8211; Daisho","og_description":"Hakama Tozando ideale per i principianti e i corridori esperti. Comoda, semplice e affidabile. Ottimo rapporto qualit\u00e0-prezzo per iniziare a praticare l'aikido.","og_url":"https:\/\/www.daisho.be\/it\/produit\/hakama-basic-tetron-ah250-nero\/","og_site_name":"Daisho","article_modified_time":"2025-12-23T09:35:26+00:00","og_image":[{"width":470,"height":470,"url":"https:\/\/www.daisho.be\/wp-content\/uploads\/2024\/06\/image-132.jpg","type":"image\/jpeg"}],"twitter_card":"summary_large_image","twitter_misc":{"Tempo di lettura stimato":"2 minuti"},"schema":{"@context":"https:\/\/schema.org","@graph":[{"@type":"WebPage","@id":"https:\/\/www.daisho.be\/it\/produit\/hakama-basic-tetron-ah250-nero\/","url":"https:\/\/www.daisho.be\/it\/produit\/hakama-basic-tetron-ah250-nero\/","name":"Hakama Basic Tetron - AH250 NERO &#8211; Daisho","isPartOf":{"@id":"https:\/\/www.daisho.be\/it\/#website"},"primaryImageOfPage":{"@id":"https:\/\/www.daisho.be\/it\/produit\/hakama-basic-tetron-ah250-nero\/#primaryimage"},"image":{"@id":"https:\/\/www.daisho.be\/it\/produit\/hakama-basic-tetron-ah250-nero\/#primaryimage"},"thumbnailUrl":"https:\/\/www.daisho.be\/wp-content\/uploads\/2024\/06\/image-132.jpg","datePublished":"2022-03-14T20:23:32+00:00","dateModified":"2025-12-23T09:35:26+00:00","description":"Hakama Tozando ideale per i principianti e i corridori esperti. Comoda, semplice e affidabile. Ottimo rapporto qualit\u00e0-prezzo per iniziare a praticare l'aikido.","breadcrumb":{"@id":"https:\/\/www.daisho.be\/it\/produit\/hakama-basic-tetron-ah250-nero\/#breadcrumb"},"inLanguage":"it-IT","potentialAction":[{"@type":"ReadAction","target":["https:\/\/www.daisho.be\/it\/produit\/hakama-basic-tetron-ah250-nero\/"]}]},{"@type":"ImageObject","inLanguage":"it-IT","@id":"https:\/\/www.daisho.be\/it\/produit\/hakama-basic-tetron-ah250-nero\/#primaryimage","url":"https:\/\/www.daisho.be\/wp-content\/uploads\/2024\/06\/image-132.jpg","contentUrl":"https:\/\/www.daisho.be\/wp-content\/uploads\/2024\/06\/image-132.jpg","width":470,"height":470,"caption":"Hakama Basic Tetron - AH250 BLACK-1"},{"@type":"BreadcrumbList","@id":"https:\/\/www.daisho.be\/it\/produit\/hakama-basic-tetron-ah250-nero\/#breadcrumb","itemListElement":[{"@type":"ListItem","position":1,"name":"Accueil","item":"https:\/\/www.daisho.be\/it\/"},{"@type":"ListItem","position":2,"name":"Prodotti","item":"https:\/\/www.daisho.be\/it\/prodotti\/"},{"@type":"ListItem","position":3,"name":"Attrezzature e abbigliamento per arti marziali e sport da combattimento","item":"https:\/\/www.daisho.be\/it\/categorie-produit\/attrezzature-e-abbigliamento-per-arti-marziali-e-sport-da-combattimento\/"},{"@type":"ListItem","position":4,"name":"A\u00efkido","item":"https:\/\/www.daisho.be\/it\/categorie-produit\/attrezzature-e-abbigliamento-per-arti-marziali-e-sport-da-combattimento\/aikido-it\/"},{"@type":"ListItem","position":5,"name":"Aikido Hakamas","item":"https:\/\/www.daisho.be\/it\/categorie-produit\/attrezzature-e-abbigliamento-per-arti-marziali-e-sport-da-combattimento\/aikido-it\/aikido-hakamas-it\/"},{"@type":"ListItem","position":6,"name":"Hakama Basic Tetron &#8211; AH250 NERO"}]},{"@type":"WebSite","@id":"https:\/\/www.daisho.be\/it\/#website","url":"https:\/\/www.daisho.be\/it\/","name":"Daisho","description":"Sp&eacute;cialiste de l'&eacute;quipement sportif d'arts martiaux","publisher":{"@id":"https:\/\/www.daisho.be\/it\/#organization"},"potentialAction":[{"@type":"SearchAction","target":{"@type":"EntryPoint","urlTemplate":"https:\/\/www.daisho.be\/it\/?s={search_term_string}"},"query-input":{"@type":"PropertyValueSpecification","valueRequired":true,"valueName":"search_term_string"}}],"inLanguage":"it-IT"},{"@type":"Organization","@id":"https:\/\/www.daisho.be\/it\/#organization","name":"Daisho","url":"https:\/\/www.daisho.be\/it\/","logo":{"@type":"ImageObject","inLanguage":"it-IT","@id":"https:\/\/www.daisho.be\/it\/#\/schema\/logo\/image\/","url":"https:\/\/www.daisho.be\/wp-content\/uploads\/2019\/07\/color-nothing-horizontale4x-e1564486100247.png","contentUrl":"https:\/\/www.daisho.be\/wp-content\/uploads\/2019\/07\/color-nothing-horizontale4x-e1564486100247.png","width":1547,"height":385,"caption":"Daisho"},"image":{"@id":"https:\/\/www.daisho.be\/it\/#\/schema\/logo\/image\/"}}]}},"_links":{"self":[{"href":"https:\/\/www.daisho.be\/it\/wp-json\/wp\/v2\/product\/459218","targetHints":{"allow":["GET"]}}],"collection":[{"href":"https:\/\/www.daisho.be\/it\/wp-json\/wp\/v2\/product"}],"about":[{"href":"https:\/\/www.daisho.be\/it\/wp-json\/wp\/v2\/types\/product"}],"replies":[{"embeddable":true,"href":"https:\/\/www.daisho.be\/it\/wp-json\/wp\/v2\/comments?post=459218"}],"wp:featuredmedia":[{"embeddable":true,"href":"https:\/\/www.daisho.be\/it\/wp-json\/wp\/v2\/media\/459223"}],"wp:attachment":[{"href":"https:\/\/www.daisho.be\/it\/wp-json\/wp\/v2\/media?parent=459218"}],"wp:term":[{"taxonomy":"product_brand","embeddable":true,"href":"https:\/\/www.daisho.be\/it\/wp-json\/wp\/v2\/product_brand?post=459218"},{"taxonomy":"product_cat","embeddable":true,"href":"https:\/\/www.daisho.be\/it\/wp-json\/wp\/v2\/product_cat?post=459218"},{"taxonomy":"product_tag","embeddable":true,"href":"https:\/\/www.daisho.be\/it\/wp-json\/wp\/v2\/product_tag?post=459218"},{"taxonomy":"sport","embeddable":true,"href":"https:\/\/www.daisho.be\/it\/wp-json\/wp\/v2\/sport?post=459218"}],"curies":[{"name":"wp","href":"https:\/\/api.w.org\/{rel}","templated":true}]}}