{"id":459189,"date":"2022-03-14T21:24:15","date_gmt":"2022-03-14T20:24:15","guid":{"rendered":"https:\/\/www.daisho.be\/produit\/hakama-subaru-ah350-tetron-aikido-navy\/"},"modified":"2024-12-12T13:00:45","modified_gmt":"2024-12-12T12:00:45","slug":"hakama-subaru-ah350-tetron-aikido-navy","status":"publish","type":"product","link":"https:\/\/www.daisho.be\/it\/produit\/hakama-subaru-ah350-tetron-aikido-navy\/","title":{"rendered":"Hakama Subaru &#8211; AH350 Tetron Aikido Navy"},"content":{"rendered":"<p>La nuova hakama standard per l&#8217;Aikido di Tozando. Questa resistente hakama \u00e8 realizzata a mano con il tradizionale tessuto Tetron (65% poliestere e 35% rayon) dai nostri artigiani di Nishijin, Kyoto. Siamo riusciti a combinare durata, sicurezza e una bella forma quando si indossa il prodotto grazie a tagli e cuciture meticolose. Per il koshiita utilizziamo della gomma per assorbire gli urti dell&#8217;Ukemi. Inoltre, grazie all&#8217;originale costruzione Tozando, questa hakama mantiene la sua forma originale e garantisce fluidit\u00e0 di movimento. Poich\u00e9 le pieghe interne dell&#8217;hakama sono cucite con cura, il prodotto manterr\u00e0 sempre la sua forma, anche dopo diversi lavaggi. Disponibile in nero e blu navy. <\/p>\n","protected":false},"excerpt":{"rendered":"<p>La nuova hakama standard per l&#8217;Aikido di Tozando. Questa resistente hakama \u00e8 realizzata a mano con il tradizionale tessuto Tetron (65% poliestere e 35% rayon) dai nostri artigiani di Nishijin, Kyoto. Siamo riusciti a combinare durata, sicurezza e una bella forma quando si indossa il prodotto grazie a tagli e cuciture meticolose. Per il koshiita [&hellip;]<\/p>\n","protected":false},"featured_media":459202,"comment_status":"closed","ping_status":"closed","template":"","meta":{"inline_featured_image":false},"product_brand":[],"product_cat":[2333],"product_tag":[2331],"sport":[],"class_list":{"0":"post-459189","1":"product","2":"type-product","3":"status-publish","4":"has-post-thumbnail","6":"product_cat-aikido-hakamas-it","7":"product_tag-tozando-it","8":"pa_size-23-160-163-cm","9":"pa_size-235-2","10":"pa_size-24-164-167-cm","11":"pa_size-245-2","12":"pa_size-25-168-170-cm","13":"pa_size-255-2","14":"pa_size-26-171-175-cm","15":"pa_size-265-2","17":"first","18":"instock","19":"taxable","20":"shipping-taxable","21":"purchasable","22":"product-type-variable"},"yoast_head":"<!-- This site is optimized with the Yoast SEO plugin v27.2 - https:\/\/yoast.com\/product\/yoast-seo-wordpress\/ -->\n<title>Hakama Subaru - AH350 Tetron Aikido Navy &#8211; Daisho<\/title>\n<meta name=\"description\" content=\"La nuova hakama standard per l&#039;Aikido di Tozando. Questa resistente hakama \u00e8 realizzata a mano dai nostri artigiani di Nishijin, Kyoto.\" \/>\n<meta name=\"robots\" content=\"index, follow, max-snippet:-1, max-image-preview:large, max-video-preview:-1\" \/>\n<link rel=\"canonical\" href=\"https:\/\/www.daisho.be\/it\/produit\/hakama-subaru-ah350-tetron-aikido-navy\/\" \/>\n<meta property=\"og:locale\" content=\"it_IT\" \/>\n<meta property=\"og:type\" content=\"article\" \/>\n<meta property=\"og:title\" content=\"Hakama Subaru - AH350 Tetron Aikido Navy &#8211; Daisho\" \/>\n<meta property=\"og:description\" content=\"La nuova hakama standard per l&#039;Aikido di Tozando. Questa resistente hakama \u00e8 realizzata a mano dai nostri artigiani di Nishijin, Kyoto.\" \/>\n<meta property=\"og:url\" content=\"https:\/\/www.daisho.be\/it\/produit\/hakama-subaru-ah350-tetron-aikido-navy\/\" \/>\n<meta property=\"og:site_name\" content=\"Daisho\" \/>\n<meta property=\"article:modified_time\" content=\"2024-12-12T12:00:45+00:00\" \/>\n<meta property=\"og:image\" content=\"https:\/\/www.daisho.be\/wp-content\/uploads\/2024\/06\/image-139.jpg\" \/>\n\t<meta property=\"og:image:width\" content=\"1000\" \/>\n\t<meta property=\"og:image:height\" content=\"1000\" \/>\n\t<meta property=\"og:image:type\" content=\"image\/jpeg\" \/>\n<meta name=\"twitter:card\" content=\"summary_large_image\" \/>\n<meta name=\"twitter:label1\" content=\"Tempo di lettura stimato\" \/>\n\t<meta name=\"twitter:data1\" content=\"1 minuto\" \/>\n<script type=\"application\/ld+json\" class=\"yoast-schema-graph\">{\"@context\":\"https:\/\/schema.org\",\"@graph\":[{\"@type\":\"WebPage\",\"@id\":\"https:\/\/www.daisho.be\/it\/produit\/hakama-subaru-ah350-tetron-aikido-navy\/\",\"url\":\"https:\/\/www.daisho.be\/it\/produit\/hakama-subaru-ah350-tetron-aikido-navy\/\",\"name\":\"Hakama Subaru - AH350 Tetron Aikido Navy &#8211; Daisho\",\"isPartOf\":{\"@id\":\"https:\/\/www.daisho.be\/it\/#website\"},\"primaryImageOfPage\":{\"@id\":\"https:\/\/www.daisho.be\/it\/produit\/hakama-subaru-ah350-tetron-aikido-navy\/#primaryimage\"},\"image\":{\"@id\":\"https:\/\/www.daisho.be\/it\/produit\/hakama-subaru-ah350-tetron-aikido-navy\/#primaryimage\"},\"thumbnailUrl\":\"https:\/\/www.daisho.be\/wp-content\/uploads\/2024\/06\/image-139.jpg\",\"datePublished\":\"2022-03-14T20:24:15+00:00\",\"dateModified\":\"2024-12-12T12:00:45+00:00\",\"description\":\"La nuova hakama standard per l'Aikido di Tozando. Questa resistente hakama \u00e8 realizzata a mano dai nostri artigiani di Nishijin, Kyoto.\",\"breadcrumb\":{\"@id\":\"https:\/\/www.daisho.be\/it\/produit\/hakama-subaru-ah350-tetron-aikido-navy\/#breadcrumb\"},\"inLanguage\":\"it-IT\",\"potentialAction\":[{\"@type\":\"ReadAction\",\"target\":[\"https:\/\/www.daisho.be\/it\/produit\/hakama-subaru-ah350-tetron-aikido-navy\/\"]}]},{\"@type\":\"ImageObject\",\"inLanguage\":\"it-IT\",\"@id\":\"https:\/\/www.daisho.be\/it\/produit\/hakama-subaru-ah350-tetron-aikido-navy\/#primaryimage\",\"url\":\"https:\/\/www.daisho.be\/wp-content\/uploads\/2024\/06\/image-139.jpg\",\"contentUrl\":\"https:\/\/www.daisho.be\/wp-content\/uploads\/2024\/06\/image-139.jpg\",\"width\":1000,\"height\":1000,\"caption\":\"Hakama Subaru - AH350 Tetron Aikido Navy-1\"},{\"@type\":\"BreadcrumbList\",\"@id\":\"https:\/\/www.daisho.be\/it\/produit\/hakama-subaru-ah350-tetron-aikido-navy\/#breadcrumb\",\"itemListElement\":[{\"@type\":\"ListItem\",\"position\":1,\"name\":\"Accueil\",\"item\":\"https:\/\/www.daisho.be\/it\/\"},{\"@type\":\"ListItem\",\"position\":2,\"name\":\"Prodotti\",\"item\":\"https:\/\/www.daisho.be\/it\/prodotti\/\"},{\"@type\":\"ListItem\",\"position\":3,\"name\":\"Attrezzature e abbigliamento per arti marziali e sport da combattimento\",\"item\":\"https:\/\/www.daisho.be\/it\/categorie-produit\/attrezzature-e-abbigliamento-per-arti-marziali-e-sport-da-combattimento\/\"},{\"@type\":\"ListItem\",\"position\":4,\"name\":\"A\u00efkido\",\"item\":\"https:\/\/www.daisho.be\/it\/categorie-produit\/attrezzature-e-abbigliamento-per-arti-marziali-e-sport-da-combattimento\/aikido-it\/\"},{\"@type\":\"ListItem\",\"position\":5,\"name\":\"Aikido Hakamas\",\"item\":\"https:\/\/www.daisho.be\/it\/categorie-produit\/attrezzature-e-abbigliamento-per-arti-marziali-e-sport-da-combattimento\/aikido-it\/aikido-hakamas-it\/\"},{\"@type\":\"ListItem\",\"position\":6,\"name\":\"Hakama Subaru &#8211; AH350 Tetron Aikido Navy\"}]},{\"@type\":\"WebSite\",\"@id\":\"https:\/\/www.daisho.be\/it\/#website\",\"url\":\"https:\/\/www.daisho.be\/it\/\",\"name\":\"Daisho\",\"description\":\"Sp&eacute;cialiste de l'&eacute;quipement sportif d'arts martiaux\",\"publisher\":{\"@id\":\"https:\/\/www.daisho.be\/it\/#organization\"},\"potentialAction\":[{\"@type\":\"SearchAction\",\"target\":{\"@type\":\"EntryPoint\",\"urlTemplate\":\"https:\/\/www.daisho.be\/it\/?s={search_term_string}\"},\"query-input\":{\"@type\":\"PropertyValueSpecification\",\"valueRequired\":true,\"valueName\":\"search_term_string\"}}],\"inLanguage\":\"it-IT\"},{\"@type\":\"Organization\",\"@id\":\"https:\/\/www.daisho.be\/it\/#organization\",\"name\":\"Daisho\",\"url\":\"https:\/\/www.daisho.be\/it\/\",\"logo\":{\"@type\":\"ImageObject\",\"inLanguage\":\"it-IT\",\"@id\":\"https:\/\/www.daisho.be\/it\/#\/schema\/logo\/image\/\",\"url\":\"https:\/\/www.daisho.be\/wp-content\/uploads\/2019\/07\/color-nothing-horizontale4x-e1564486100247.png\",\"contentUrl\":\"https:\/\/www.daisho.be\/wp-content\/uploads\/2019\/07\/color-nothing-horizontale4x-e1564486100247.png\",\"width\":1547,\"height\":385,\"caption\":\"Daisho\"},\"image\":{\"@id\":\"https:\/\/www.daisho.be\/it\/#\/schema\/logo\/image\/\"}}]}<\/script>\n<!-- \/ Yoast SEO plugin. -->","yoast_head_json":{"title":"Hakama Subaru - AH350 Tetron Aikido Navy &#8211; Daisho","description":"La nuova hakama standard per l'Aikido di Tozando. Questa resistente hakama \u00e8 realizzata a mano dai nostri artigiani di Nishijin, Kyoto.","robots":{"index":"index","follow":"follow","max-snippet":"max-snippet:-1","max-image-preview":"max-image-preview:large","max-video-preview":"max-video-preview:-1"},"canonical":"https:\/\/www.daisho.be\/it\/produit\/hakama-subaru-ah350-tetron-aikido-navy\/","og_locale":"it_IT","og_type":"article","og_title":"Hakama Subaru - AH350 Tetron Aikido Navy &#8211; Daisho","og_description":"La nuova hakama standard per l'Aikido di Tozando. Questa resistente hakama \u00e8 realizzata a mano dai nostri artigiani di Nishijin, Kyoto.","og_url":"https:\/\/www.daisho.be\/it\/produit\/hakama-subaru-ah350-tetron-aikido-navy\/","og_site_name":"Daisho","article_modified_time":"2024-12-12T12:00:45+00:00","og_image":[{"width":1000,"height":1000,"url":"https:\/\/www.daisho.be\/wp-content\/uploads\/2024\/06\/image-139.jpg","type":"image\/jpeg"}],"twitter_card":"summary_large_image","twitter_misc":{"Tempo di lettura stimato":"1 minuto"},"schema":{"@context":"https:\/\/schema.org","@graph":[{"@type":"WebPage","@id":"https:\/\/www.daisho.be\/it\/produit\/hakama-subaru-ah350-tetron-aikido-navy\/","url":"https:\/\/www.daisho.be\/it\/produit\/hakama-subaru-ah350-tetron-aikido-navy\/","name":"Hakama Subaru - AH350 Tetron Aikido Navy &#8211; Daisho","isPartOf":{"@id":"https:\/\/www.daisho.be\/it\/#website"},"primaryImageOfPage":{"@id":"https:\/\/www.daisho.be\/it\/produit\/hakama-subaru-ah350-tetron-aikido-navy\/#primaryimage"},"image":{"@id":"https:\/\/www.daisho.be\/it\/produit\/hakama-subaru-ah350-tetron-aikido-navy\/#primaryimage"},"thumbnailUrl":"https:\/\/www.daisho.be\/wp-content\/uploads\/2024\/06\/image-139.jpg","datePublished":"2022-03-14T20:24:15+00:00","dateModified":"2024-12-12T12:00:45+00:00","description":"La nuova hakama standard per l'Aikido di Tozando. Questa resistente hakama \u00e8 realizzata a mano dai nostri artigiani di Nishijin, Kyoto.","breadcrumb":{"@id":"https:\/\/www.daisho.be\/it\/produit\/hakama-subaru-ah350-tetron-aikido-navy\/#breadcrumb"},"inLanguage":"it-IT","potentialAction":[{"@type":"ReadAction","target":["https:\/\/www.daisho.be\/it\/produit\/hakama-subaru-ah350-tetron-aikido-navy\/"]}]},{"@type":"ImageObject","inLanguage":"it-IT","@id":"https:\/\/www.daisho.be\/it\/produit\/hakama-subaru-ah350-tetron-aikido-navy\/#primaryimage","url":"https:\/\/www.daisho.be\/wp-content\/uploads\/2024\/06\/image-139.jpg","contentUrl":"https:\/\/www.daisho.be\/wp-content\/uploads\/2024\/06\/image-139.jpg","width":1000,"height":1000,"caption":"Hakama Subaru - AH350 Tetron Aikido Navy-1"},{"@type":"BreadcrumbList","@id":"https:\/\/www.daisho.be\/it\/produit\/hakama-subaru-ah350-tetron-aikido-navy\/#breadcrumb","itemListElement":[{"@type":"ListItem","position":1,"name":"Accueil","item":"https:\/\/www.daisho.be\/it\/"},{"@type":"ListItem","position":2,"name":"Prodotti","item":"https:\/\/www.daisho.be\/it\/prodotti\/"},{"@type":"ListItem","position":3,"name":"Attrezzature e abbigliamento per arti marziali e sport da combattimento","item":"https:\/\/www.daisho.be\/it\/categorie-produit\/attrezzature-e-abbigliamento-per-arti-marziali-e-sport-da-combattimento\/"},{"@type":"ListItem","position":4,"name":"A\u00efkido","item":"https:\/\/www.daisho.be\/it\/categorie-produit\/attrezzature-e-abbigliamento-per-arti-marziali-e-sport-da-combattimento\/aikido-it\/"},{"@type":"ListItem","position":5,"name":"Aikido Hakamas","item":"https:\/\/www.daisho.be\/it\/categorie-produit\/attrezzature-e-abbigliamento-per-arti-marziali-e-sport-da-combattimento\/aikido-it\/aikido-hakamas-it\/"},{"@type":"ListItem","position":6,"name":"Hakama Subaru &#8211; AH350 Tetron Aikido Navy"}]},{"@type":"WebSite","@id":"https:\/\/www.daisho.be\/it\/#website","url":"https:\/\/www.daisho.be\/it\/","name":"Daisho","description":"Sp&eacute;cialiste de l'&eacute;quipement sportif d'arts martiaux","publisher":{"@id":"https:\/\/www.daisho.be\/it\/#organization"},"potentialAction":[{"@type":"SearchAction","target":{"@type":"EntryPoint","urlTemplate":"https:\/\/www.daisho.be\/it\/?s={search_term_string}"},"query-input":{"@type":"PropertyValueSpecification","valueRequired":true,"valueName":"search_term_string"}}],"inLanguage":"it-IT"},{"@type":"Organization","@id":"https:\/\/www.daisho.be\/it\/#organization","name":"Daisho","url":"https:\/\/www.daisho.be\/it\/","logo":{"@type":"ImageObject","inLanguage":"it-IT","@id":"https:\/\/www.daisho.be\/it\/#\/schema\/logo\/image\/","url":"https:\/\/www.daisho.be\/wp-content\/uploads\/2019\/07\/color-nothing-horizontale4x-e1564486100247.png","contentUrl":"https:\/\/www.daisho.be\/wp-content\/uploads\/2019\/07\/color-nothing-horizontale4x-e1564486100247.png","width":1547,"height":385,"caption":"Daisho"},"image":{"@id":"https:\/\/www.daisho.be\/it\/#\/schema\/logo\/image\/"}}]}},"_links":{"self":[{"href":"https:\/\/www.daisho.be\/it\/wp-json\/wp\/v2\/product\/459189","targetHints":{"allow":["GET"]}}],"collection":[{"href":"https:\/\/www.daisho.be\/it\/wp-json\/wp\/v2\/product"}],"about":[{"href":"https:\/\/www.daisho.be\/it\/wp-json\/wp\/v2\/types\/product"}],"replies":[{"embeddable":true,"href":"https:\/\/www.daisho.be\/it\/wp-json\/wp\/v2\/comments?post=459189"}],"wp:featuredmedia":[{"embeddable":true,"href":"https:\/\/www.daisho.be\/it\/wp-json\/wp\/v2\/media\/459202"}],"wp:attachment":[{"href":"https:\/\/www.daisho.be\/it\/wp-json\/wp\/v2\/media?parent=459189"}],"wp:term":[{"taxonomy":"product_brand","embeddable":true,"href":"https:\/\/www.daisho.be\/it\/wp-json\/wp\/v2\/product_brand?post=459189"},{"taxonomy":"product_cat","embeddable":true,"href":"https:\/\/www.daisho.be\/it\/wp-json\/wp\/v2\/product_cat?post=459189"},{"taxonomy":"product_tag","embeddable":true,"href":"https:\/\/www.daisho.be\/it\/wp-json\/wp\/v2\/product_tag?post=459189"},{"taxonomy":"sport","embeddable":true,"href":"https:\/\/www.daisho.be\/it\/wp-json\/wp\/v2\/sport?post=459189"}],"curies":[{"name":"wp","href":"https:\/\/api.w.org\/{rel}","templated":true}]}}