{"id":459183,"date":"2022-03-14T22:04:05","date_gmt":"2022-03-14T21:04:05","guid":{"rendered":"https:\/\/www.daisho.be\/produit\/set-di-keikogi-di-alta-qualita-ai-slim\/"},"modified":"2022-03-14T22:04:05","modified_gmt":"2022-03-14T21:04:05","slug":"set-di-keikogi-di-alta-qualita-ai-slim","status":"publish","type":"product","link":"https:\/\/www.daisho.be\/it\/produit\/set-di-keikogi-di-alta-qualita-ai-slim\/","title":{"rendered":"Set di keikogi di alta qualit\u00e0 &#8220;AI&#8221; &#8211; Slim"},"content":{"rendered":"<p>Questo \u00e8 un set di kimono e pantaloni di alta qualit\u00e0, realizzato tradizionalmente per l&#8217;aikido. Il top aikidogi \u00e8 tradizionalmente realizzato con un singolo strato di tessuto Sashiko di medio peso nella parte superiore per garantire la durata e con motivi rettangolari, Hishizashi, nella parte inferiore per garantire la flessibilit\u00e0. \u00c8 realizzato in modo da avere un perfetto equilibrio tra spessore e peso. Inoltre, questo significa che pu\u00f2 essere utilizzato tutto l&#8217;anno. Il tessuto Sashiko \u00e8 tessuto in Giappone con un elevato standard estetico e qualitativo. Abbiamo realizzato la parte posteriore del kimono senza cuciture, cos\u00ec non sentirai dolore o disagio quando cadrai sulla schiena durante l&#8217;Ukemi. I pantaloni sono realizzati in tela di cotone spessa e resistente, foderati sul davanti e nella parte inferiore della coscia per rinforzare i pantaloni per la posizione in ginocchio. Il resto dei pantaloni \u00e8 realizzato in un tessuto semplice che si asciuga rapidamente ed \u00e8 pi\u00f9 comodo da indossare. I pantaloni sono stretti e sostenuti sui fianchi da coulisse. A differenza di molti &#8220;kimono da aikido&#8221; venduti da altri marchi, che vendono uniformi da judo come &#8220;uniformi da aikido&#8221;, i kimono e i pantaloni da aikido Tozando sono realizzati appositamente per l&#8217;aikido. Ad esempio, il nostro kimono da aikido ha un taglio pi\u00f9 profondo all&#8217;ascella per garantire una migliore vestibilit\u00e0 ed evitare che il kimono perda la sua forma quando lo si indossa. Inoltre, senza le cuciture sulla schiena, non soffrirai quando cadrai durante l&#8217;Ukemi. I pantaloni sono realizzati in modo da essere resistenti e facili da muovere, tenendo presente che sia il kimono che i pantaloni possono sopportare i movimenti unici dei praticanti di aikido. Altamente consigliato per i principianti e i praticanti intermedi. Questi kimono e pantaloni sono realizzati da esperti artigiani nelle fabbriche di tozando di Iwate, in Giappone.<\/p>\n<p>Caratteristiche: &#8211; Il kimono e i pantaloni sono realizzati in cotone al 100% &#8211; Trama Sashiko nella parte superiore e motivo Hishizashi nella parte inferiore &#8211; Schiena senza cuciture &#8211; Sono disponibili i modelli Regular Fit e Slim Fit &#8220;Y Type&#8221;. &#8211; Consigliato ai principianti e ai praticanti intermedi  <\/p>\n","protected":false},"excerpt":{"rendered":"<p>Questo \u00e8 un set di kimono e pantaloni di alta qualit\u00e0, realizzato tradizionalmente per l&#8217;aikido. Il top aikidogi \u00e8 tradizionalmente realizzato con un singolo strato di tessuto Sashiko di medio peso nella parte superiore per garantire la durata e con motivi rettangolari, Hishizashi, nella parte inferiore per garantire la flessibilit\u00e0. \u00c8 realizzato in modo da [&hellip;]<\/p>\n","protected":false},"featured_media":459188,"comment_status":"open","ping_status":"closed","template":"","meta":{"inline_featured_image":false},"product_brand":[],"product_cat":[2125],"product_tag":[2331],"sport":[],"class_list":{"0":"post-459183","1":"product","2":"type-product","3":"status-publish","4":"has-post-thumbnail","6":"product_cat-kimono-di-aikido","7":"product_tag-tozando-it","8":"pa_size-85","9":"pa_size-35-2","10":"pa_size-84","11":"pa_size-45-2","13":"first","14":"instock","15":"taxable","16":"shipping-taxable","17":"purchasable","18":"product-type-variable"},"yoast_head":"<!-- This site is optimized with the Yoast SEO plugin v27.2 - https:\/\/yoast.com\/product\/yoast-seo-wordpress\/ -->\n<title>Set di keikogi di alta qualit\u00e0 &quot;AI&quot; - Slim &#8211; Daisho<\/title>\n<meta name=\"robots\" content=\"index, follow, max-snippet:-1, max-image-preview:large, max-video-preview:-1\" \/>\n<link rel=\"canonical\" href=\"https:\/\/www.daisho.be\/it\/produit\/set-di-keikogi-di-alta-qualita-ai-slim\/\" \/>\n<meta property=\"og:locale\" content=\"it_IT\" \/>\n<meta property=\"og:type\" content=\"article\" \/>\n<meta property=\"og:title\" content=\"Set di keikogi di alta qualit\u00e0 &quot;AI&quot; - Slim &#8211; Daisho\" \/>\n<meta property=\"og:description\" content=\"Questo \u00e8 un set di kimono e pantaloni di alta qualit\u00e0, realizzato tradizionalmente per l&#8217;aikido. Il top aikidogi \u00e8 tradizionalmente realizzato con un singolo strato di tessuto Sashiko di medio peso nella parte superiore per garantire la durata e con motivi rettangolari, Hishizashi, nella parte inferiore per garantire la flessibilit\u00e0. \u00c8 realizzato in modo da [&hellip;]\" \/>\n<meta property=\"og:url\" content=\"https:\/\/www.daisho.be\/it\/produit\/set-di-keikogi-di-alta-qualita-ai-slim\/\" \/>\n<meta property=\"og:site_name\" content=\"Daisho\" \/>\n<meta property=\"og:image\" content=\"https:\/\/www.daisho.be\/wp-content\/uploads\/2022\/03\/image-78.jpg\" \/>\n\t<meta property=\"og:image:width\" content=\"600\" \/>\n\t<meta property=\"og:image:height\" content=\"600\" \/>\n\t<meta property=\"og:image:type\" content=\"image\/jpeg\" \/>\n<meta name=\"twitter:card\" content=\"summary_large_image\" \/>\n<meta name=\"twitter:label1\" content=\"Tempo di lettura stimato\" \/>\n\t<meta name=\"twitter:data1\" content=\"2 minuti\" \/>\n<script type=\"application\/ld+json\" class=\"yoast-schema-graph\">{\"@context\":\"https:\/\/schema.org\",\"@graph\":[{\"@type\":\"WebPage\",\"@id\":\"https:\/\/www.daisho.be\/it\/produit\/set-di-keikogi-di-alta-qualita-ai-slim\/\",\"url\":\"https:\/\/www.daisho.be\/it\/produit\/set-di-keikogi-di-alta-qualita-ai-slim\/\",\"name\":\"Set di keikogi di alta qualit\u00e0 \\\"AI\\\" - Slim &#8211; Daisho\",\"isPartOf\":{\"@id\":\"https:\/\/www.daisho.be\/it\/#website\"},\"primaryImageOfPage\":{\"@id\":\"https:\/\/www.daisho.be\/it\/produit\/set-di-keikogi-di-alta-qualita-ai-slim\/#primaryimage\"},\"image\":{\"@id\":\"https:\/\/www.daisho.be\/it\/produit\/set-di-keikogi-di-alta-qualita-ai-slim\/#primaryimage\"},\"thumbnailUrl\":\"https:\/\/www.daisho.be\/wp-content\/uploads\/2022\/03\/image-78.jpg\",\"datePublished\":\"2022-03-14T21:04:05+00:00\",\"breadcrumb\":{\"@id\":\"https:\/\/www.daisho.be\/it\/produit\/set-di-keikogi-di-alta-qualita-ai-slim\/#breadcrumb\"},\"inLanguage\":\"it-IT\",\"potentialAction\":[{\"@type\":\"ReadAction\",\"target\":[\"https:\/\/www.daisho.be\/it\/produit\/set-di-keikogi-di-alta-qualita-ai-slim\/\"]}]},{\"@type\":\"ImageObject\",\"inLanguage\":\"it-IT\",\"@id\":\"https:\/\/www.daisho.be\/it\/produit\/set-di-keikogi-di-alta-qualita-ai-slim\/#primaryimage\",\"url\":\"https:\/\/www.daisho.be\/wp-content\/uploads\/2022\/03\/image-78.jpg\",\"contentUrl\":\"https:\/\/www.daisho.be\/wp-content\/uploads\/2022\/03\/image-78.jpg\",\"width\":600,\"height\":600},{\"@type\":\"BreadcrumbList\",\"@id\":\"https:\/\/www.daisho.be\/it\/produit\/set-di-keikogi-di-alta-qualita-ai-slim\/#breadcrumb\",\"itemListElement\":[{\"@type\":\"ListItem\",\"position\":1,\"name\":\"Accueil\",\"item\":\"https:\/\/www.daisho.be\/it\/\"},{\"@type\":\"ListItem\",\"position\":2,\"name\":\"Prodotti\",\"item\":\"https:\/\/www.daisho.be\/it\/prodotti\/\"},{\"@type\":\"ListItem\",\"position\":3,\"name\":\"Attrezzature e abbigliamento per arti marziali e sport da combattimento\",\"item\":\"https:\/\/www.daisho.be\/it\/categorie-produit\/attrezzature-e-abbigliamento-per-arti-marziali-e-sport-da-combattimento\/\"},{\"@type\":\"ListItem\",\"position\":4,\"name\":\"A\u00efkido\",\"item\":\"https:\/\/www.daisho.be\/it\/categorie-produit\/attrezzature-e-abbigliamento-per-arti-marziali-e-sport-da-combattimento\/aikido-it\/\"},{\"@type\":\"ListItem\",\"position\":5,\"name\":\"Kimono di Aikido\",\"item\":\"https:\/\/www.daisho.be\/it\/categorie-produit\/attrezzature-e-abbigliamento-per-arti-marziali-e-sport-da-combattimento\/aikido-it\/kimono-di-aikido\/\"},{\"@type\":\"ListItem\",\"position\":6,\"name\":\"Set di keikogi di alta qualit\u00e0 \u00ab\u00a0AI\u00a0\u00bb &#8211; Slim\"}]},{\"@type\":\"WebSite\",\"@id\":\"https:\/\/www.daisho.be\/it\/#website\",\"url\":\"https:\/\/www.daisho.be\/it\/\",\"name\":\"Daisho\",\"description\":\"Sp&eacute;cialiste de l'&eacute;quipement sportif d'arts martiaux\",\"publisher\":{\"@id\":\"https:\/\/www.daisho.be\/it\/#organization\"},\"potentialAction\":[{\"@type\":\"SearchAction\",\"target\":{\"@type\":\"EntryPoint\",\"urlTemplate\":\"https:\/\/www.daisho.be\/it\/?s={search_term_string}\"},\"query-input\":{\"@type\":\"PropertyValueSpecification\",\"valueRequired\":true,\"valueName\":\"search_term_string\"}}],\"inLanguage\":\"it-IT\"},{\"@type\":\"Organization\",\"@id\":\"https:\/\/www.daisho.be\/it\/#organization\",\"name\":\"Daisho\",\"url\":\"https:\/\/www.daisho.be\/it\/\",\"logo\":{\"@type\":\"ImageObject\",\"inLanguage\":\"it-IT\",\"@id\":\"https:\/\/www.daisho.be\/it\/#\/schema\/logo\/image\/\",\"url\":\"https:\/\/www.daisho.be\/wp-content\/uploads\/2019\/07\/color-nothing-horizontale4x-e1564486100247.png\",\"contentUrl\":\"https:\/\/www.daisho.be\/wp-content\/uploads\/2019\/07\/color-nothing-horizontale4x-e1564486100247.png\",\"width\":1547,\"height\":385,\"caption\":\"Daisho\"},\"image\":{\"@id\":\"https:\/\/www.daisho.be\/it\/#\/schema\/logo\/image\/\"}}]}<\/script>\n<!-- \/ Yoast SEO plugin. -->","yoast_head_json":{"title":"Set di keikogi di alta qualit\u00e0 \"AI\" - Slim &#8211; Daisho","robots":{"index":"index","follow":"follow","max-snippet":"max-snippet:-1","max-image-preview":"max-image-preview:large","max-video-preview":"max-video-preview:-1"},"canonical":"https:\/\/www.daisho.be\/it\/produit\/set-di-keikogi-di-alta-qualita-ai-slim\/","og_locale":"it_IT","og_type":"article","og_title":"Set di keikogi di alta qualit\u00e0 \"AI\" - Slim &#8211; Daisho","og_description":"Questo \u00e8 un set di kimono e pantaloni di alta qualit\u00e0, realizzato tradizionalmente per l&#8217;aikido. Il top aikidogi \u00e8 tradizionalmente realizzato con un singolo strato di tessuto Sashiko di medio peso nella parte superiore per garantire la durata e con motivi rettangolari, Hishizashi, nella parte inferiore per garantire la flessibilit\u00e0. \u00c8 realizzato in modo da [&hellip;]","og_url":"https:\/\/www.daisho.be\/it\/produit\/set-di-keikogi-di-alta-qualita-ai-slim\/","og_site_name":"Daisho","og_image":[{"width":600,"height":600,"url":"https:\/\/www.daisho.be\/wp-content\/uploads\/2022\/03\/image-78.jpg","type":"image\/jpeg"}],"twitter_card":"summary_large_image","twitter_misc":{"Tempo di lettura stimato":"2 minuti"},"schema":{"@context":"https:\/\/schema.org","@graph":[{"@type":"WebPage","@id":"https:\/\/www.daisho.be\/it\/produit\/set-di-keikogi-di-alta-qualita-ai-slim\/","url":"https:\/\/www.daisho.be\/it\/produit\/set-di-keikogi-di-alta-qualita-ai-slim\/","name":"Set di keikogi di alta qualit\u00e0 \"AI\" - Slim &#8211; Daisho","isPartOf":{"@id":"https:\/\/www.daisho.be\/it\/#website"},"primaryImageOfPage":{"@id":"https:\/\/www.daisho.be\/it\/produit\/set-di-keikogi-di-alta-qualita-ai-slim\/#primaryimage"},"image":{"@id":"https:\/\/www.daisho.be\/it\/produit\/set-di-keikogi-di-alta-qualita-ai-slim\/#primaryimage"},"thumbnailUrl":"https:\/\/www.daisho.be\/wp-content\/uploads\/2022\/03\/image-78.jpg","datePublished":"2022-03-14T21:04:05+00:00","breadcrumb":{"@id":"https:\/\/www.daisho.be\/it\/produit\/set-di-keikogi-di-alta-qualita-ai-slim\/#breadcrumb"},"inLanguage":"it-IT","potentialAction":[{"@type":"ReadAction","target":["https:\/\/www.daisho.be\/it\/produit\/set-di-keikogi-di-alta-qualita-ai-slim\/"]}]},{"@type":"ImageObject","inLanguage":"it-IT","@id":"https:\/\/www.daisho.be\/it\/produit\/set-di-keikogi-di-alta-qualita-ai-slim\/#primaryimage","url":"https:\/\/www.daisho.be\/wp-content\/uploads\/2022\/03\/image-78.jpg","contentUrl":"https:\/\/www.daisho.be\/wp-content\/uploads\/2022\/03\/image-78.jpg","width":600,"height":600},{"@type":"BreadcrumbList","@id":"https:\/\/www.daisho.be\/it\/produit\/set-di-keikogi-di-alta-qualita-ai-slim\/#breadcrumb","itemListElement":[{"@type":"ListItem","position":1,"name":"Accueil","item":"https:\/\/www.daisho.be\/it\/"},{"@type":"ListItem","position":2,"name":"Prodotti","item":"https:\/\/www.daisho.be\/it\/prodotti\/"},{"@type":"ListItem","position":3,"name":"Attrezzature e abbigliamento per arti marziali e sport da combattimento","item":"https:\/\/www.daisho.be\/it\/categorie-produit\/attrezzature-e-abbigliamento-per-arti-marziali-e-sport-da-combattimento\/"},{"@type":"ListItem","position":4,"name":"A\u00efkido","item":"https:\/\/www.daisho.be\/it\/categorie-produit\/attrezzature-e-abbigliamento-per-arti-marziali-e-sport-da-combattimento\/aikido-it\/"},{"@type":"ListItem","position":5,"name":"Kimono di Aikido","item":"https:\/\/www.daisho.be\/it\/categorie-produit\/attrezzature-e-abbigliamento-per-arti-marziali-e-sport-da-combattimento\/aikido-it\/kimono-di-aikido\/"},{"@type":"ListItem","position":6,"name":"Set di keikogi di alta qualit\u00e0 \u00ab\u00a0AI\u00a0\u00bb &#8211; Slim"}]},{"@type":"WebSite","@id":"https:\/\/www.daisho.be\/it\/#website","url":"https:\/\/www.daisho.be\/it\/","name":"Daisho","description":"Sp&eacute;cialiste de l'&eacute;quipement sportif d'arts martiaux","publisher":{"@id":"https:\/\/www.daisho.be\/it\/#organization"},"potentialAction":[{"@type":"SearchAction","target":{"@type":"EntryPoint","urlTemplate":"https:\/\/www.daisho.be\/it\/?s={search_term_string}"},"query-input":{"@type":"PropertyValueSpecification","valueRequired":true,"valueName":"search_term_string"}}],"inLanguage":"it-IT"},{"@type":"Organization","@id":"https:\/\/www.daisho.be\/it\/#organization","name":"Daisho","url":"https:\/\/www.daisho.be\/it\/","logo":{"@type":"ImageObject","inLanguage":"it-IT","@id":"https:\/\/www.daisho.be\/it\/#\/schema\/logo\/image\/","url":"https:\/\/www.daisho.be\/wp-content\/uploads\/2019\/07\/color-nothing-horizontale4x-e1564486100247.png","contentUrl":"https:\/\/www.daisho.be\/wp-content\/uploads\/2019\/07\/color-nothing-horizontale4x-e1564486100247.png","width":1547,"height":385,"caption":"Daisho"},"image":{"@id":"https:\/\/www.daisho.be\/it\/#\/schema\/logo\/image\/"}}]}},"_links":{"self":[{"href":"https:\/\/www.daisho.be\/it\/wp-json\/wp\/v2\/product\/459183","targetHints":{"allow":["GET"]}}],"collection":[{"href":"https:\/\/www.daisho.be\/it\/wp-json\/wp\/v2\/product"}],"about":[{"href":"https:\/\/www.daisho.be\/it\/wp-json\/wp\/v2\/types\/product"}],"replies":[{"embeddable":true,"href":"https:\/\/www.daisho.be\/it\/wp-json\/wp\/v2\/comments?post=459183"}],"wp:featuredmedia":[{"embeddable":true,"href":"https:\/\/www.daisho.be\/it\/wp-json\/wp\/v2\/media\/459188"}],"wp:attachment":[{"href":"https:\/\/www.daisho.be\/it\/wp-json\/wp\/v2\/media?parent=459183"}],"wp:term":[{"taxonomy":"product_brand","embeddable":true,"href":"https:\/\/www.daisho.be\/it\/wp-json\/wp\/v2\/product_brand?post=459183"},{"taxonomy":"product_cat","embeddable":true,"href":"https:\/\/www.daisho.be\/it\/wp-json\/wp\/v2\/product_cat?post=459183"},{"taxonomy":"product_tag","embeddable":true,"href":"https:\/\/www.daisho.be\/it\/wp-json\/wp\/v2\/product_tag?post=459183"},{"taxonomy":"sport","embeddable":true,"href":"https:\/\/www.daisho.be\/it\/wp-json\/wp\/v2\/sport?post=459183"}],"curies":[{"name":"wp","href":"https:\/\/api.w.org\/{rel}","templated":true}]}}