{"id":459137,"date":"2022-03-14T22:04:48","date_gmt":"2022-03-14T21:04:48","guid":{"rendered":"https:\/\/www.daisho.be\/produit\/set-keikogi-essenziale-in-cotone-giacca-cintura-e-pantaloni\/"},"modified":"2025-10-09T14:18:00","modified_gmt":"2025-10-09T12:18:00","slug":"set-keikogi-essenziale-in-cotone-giacca-cintura-e-pantaloni","status":"publish","type":"product","link":"https:\/\/www.daisho.be\/it\/produit\/set-keikogi-essenziale-in-cotone-giacca-cintura-e-pantaloni\/","title":{"rendered":"Set keikogi &#8220;essenziale&#8221; in cotone (giacca, cintura e pantaloni)"},"content":{"rendered":"<p>Questo set comprende una giacca, un pantalone e una cintura bianca<br \/>\nQuesto set essenziale di kimono, pantalone e cintura obi per l&#8217;aikido \u00e8 consigliato ai principianti e ai praticanti intermedi.<br \/>\nRealizzato in un unico strato, questo set da aikido \u00e8 davvero realizzato in modo tradizionale.<br \/>\nQuesto aikidogi \u00e8 realizzato in modo tradizionale con una trama sashiko nella parte superiore per garantire la resistenza e con un motivo a rettangolo, hishizashi, nella parte inferiore per garantire la flessibilit\u00e0, rendendolo comodo da indossare e resistente.<br \/>\nIl taglio si adatta ai movimenti ampi dell&#8217;aikido ed \u00e8 realizzato senza cuciture sulla schiena per un maggiore comfort durante l&#8217;Ukemi.<br \/>\nI pantaloni sono inoltre rinforzati sulle ginocchia per renderli pi\u00f9 resistenti all&#8217;usura.<br \/>\nIl set viene venduto con la cintura obi bianca.<br \/>\nSe stai cercando un abbigliamento di base per i tuoi allenamenti seri di aikido o se stai cercando un abbigliamento da aikido per i principianti, questo set essenziale di Kimono e pantaloni tozando per l&#8217;aikido sar\u00e0 perfetto per te.<br \/>\nMateriale: 100% cotone sbiancato<br \/>\nSpecifiche tecniche:<br \/>\n&#8211; La coppa di aikido<br \/>\n&#8211; Set di 3 pezzi (kimono, pantaloni, cintura)<br \/>\n&#8211; Tessuti Sashiko e Hishizashi sul kimono<br \/>\n&#8211; Schiena senza cuciture<br \/>\n&#8211; Ginocchia dei pantaloni rinforzate<br \/>\n&#8211; Pantaloni con coulisse per fissare<br \/>\nNota: Poich\u00e9 ci sforziamo sempre di migliorare i nostri prodotti, potresti riscontrare lievi differenze tra gli articoli a seconda della taglia o del tempo (a causa dell&#8217;esaurimento delle taglie e della modifica dei nuovi lotti).<br \/>\nNon si tratta di difetti di fabbricazione e ti garantiamo che il tuo prodotto sar\u00e0 della stessa qualit\u00e0 degli altri prodotti tozando.<\/p>\n","protected":false},"excerpt":{"rendered":"<p>Questo set comprende una giacca, un pantalone e una cintura bianca Questo set essenziale di kimono, pantalone e cintura obi per l&#8217;aikido \u00e8 consigliato ai principianti e ai praticanti intermedi. Realizzato in un unico strato, questo set da aikido \u00e8 davvero realizzato in modo tradizionale. Questo aikidogi \u00e8 realizzato in modo tradizionale con una trama [&hellip;]<\/p>\n","protected":false},"featured_media":459147,"comment_status":"closed","ping_status":"closed","template":"","meta":{"inline_featured_image":false},"product_brand":[],"product_cat":[2119,2126,2125],"product_tag":[2331],"sport":[],"class_list":{"0":"post-459137","1":"product","2":"type-product","3":"status-publish","4":"has-post-thumbnail","6":"product_cat-abiti-kimono","7":"product_cat-kimono-da-jujitsu","8":"product_cat-kimono-di-aikido","9":"product_tag-tozando-it","10":"pa_size-86","11":"pa_size-85","12":"pa_size-84","13":"pa_size-83","14":"pa_size-440","16":"first","17":"instock","18":"taxable","19":"shipping-taxable","20":"purchasable","21":"product-type-variable"},"yoast_head":"<!-- This site is optimized with the Yoast SEO plugin v27.2 - https:\/\/yoast.com\/product\/yoast-seo-wordpress\/ -->\n<title>Set keikogi &quot;essenziale&quot; in cotone (giacca, cintura e pantaloni) &#8211; Daisho<\/title>\n<meta name=\"description\" content=\"Scopri il set da keikogi che comprende pantaloni, giacca e cintura bianca per principianti. Acquistalo su www.daisho.be|Daisho\" \/>\n<meta name=\"robots\" content=\"index, follow, max-snippet:-1, max-image-preview:large, max-video-preview:-1\" \/>\n<link rel=\"canonical\" href=\"https:\/\/www.daisho.be\/it\/produit\/set-keikogi-essenziale-in-cotone-giacca-cintura-e-pantaloni\/\" \/>\n<meta property=\"og:locale\" content=\"it_IT\" \/>\n<meta property=\"og:type\" content=\"article\" \/>\n<meta property=\"og:title\" content=\"Set keikogi &quot;essenziale&quot; in cotone (giacca, cintura e pantaloni) &#8211; Daisho\" \/>\n<meta property=\"og:description\" content=\"Scopri il set da keikogi che comprende pantaloni, giacca e cintura bianca per principianti. Acquistalo su www.daisho.be|Daisho\" \/>\n<meta property=\"og:url\" content=\"https:\/\/www.daisho.be\/it\/produit\/set-keikogi-essenziale-in-cotone-giacca-cintura-e-pantaloni\/\" \/>\n<meta property=\"og:site_name\" content=\"Daisho\" \/>\n<meta property=\"article:modified_time\" content=\"2025-10-09T12:18:00+00:00\" \/>\n<meta property=\"og:image\" content=\"https:\/\/www.daisho.be\/wp-content\/uploads\/2024\/09\/image-7.webp\" \/>\n\t<meta property=\"og:image:width\" content=\"695\" \/>\n\t<meta property=\"og:image:height\" content=\"695\" \/>\n\t<meta property=\"og:image:type\" content=\"image\/webp\" \/>\n<meta name=\"twitter:card\" content=\"summary_large_image\" \/>\n<meta name=\"twitter:label1\" content=\"Tempo di lettura stimato\" \/>\n\t<meta name=\"twitter:data1\" content=\"1 minuto\" \/>\n<script type=\"application\/ld+json\" class=\"yoast-schema-graph\">{\"@context\":\"https:\/\/schema.org\",\"@graph\":[{\"@type\":\"WebPage\",\"@id\":\"https:\/\/www.daisho.be\/it\/produit\/set-keikogi-essenziale-in-cotone-giacca-cintura-e-pantaloni\/\",\"url\":\"https:\/\/www.daisho.be\/it\/produit\/set-keikogi-essenziale-in-cotone-giacca-cintura-e-pantaloni\/\",\"name\":\"Set keikogi \\\"essenziale\\\" in cotone (giacca, cintura e pantaloni) &#8211; Daisho\",\"isPartOf\":{\"@id\":\"https:\/\/www.daisho.be\/it\/#website\"},\"primaryImageOfPage\":{\"@id\":\"https:\/\/www.daisho.be\/it\/produit\/set-keikogi-essenziale-in-cotone-giacca-cintura-e-pantaloni\/#primaryimage\"},\"image\":{\"@id\":\"https:\/\/www.daisho.be\/it\/produit\/set-keikogi-essenziale-in-cotone-giacca-cintura-e-pantaloni\/#primaryimage\"},\"thumbnailUrl\":\"https:\/\/www.daisho.be\/wp-content\/uploads\/2024\/09\/image-7.webp\",\"datePublished\":\"2022-03-14T21:04:48+00:00\",\"dateModified\":\"2025-10-09T12:18:00+00:00\",\"description\":\"Scopri il set da keikogi che comprende pantaloni, giacca e cintura bianca per principianti. Acquistalo su www.daisho.be|Daisho\",\"breadcrumb\":{\"@id\":\"https:\/\/www.daisho.be\/it\/produit\/set-keikogi-essenziale-in-cotone-giacca-cintura-e-pantaloni\/#breadcrumb\"},\"inLanguage\":\"it-IT\",\"potentialAction\":[{\"@type\":\"ReadAction\",\"target\":[\"https:\/\/www.daisho.be\/it\/produit\/set-keikogi-essenziale-in-cotone-giacca-cintura-e-pantaloni\/\"]}]},{\"@type\":\"ImageObject\",\"inLanguage\":\"it-IT\",\"@id\":\"https:\/\/www.daisho.be\/it\/produit\/set-keikogi-essenziale-in-cotone-giacca-cintura-e-pantaloni\/#primaryimage\",\"url\":\"https:\/\/www.daisho.be\/wp-content\/uploads\/2024\/09\/image-7.webp\",\"contentUrl\":\"https:\/\/www.daisho.be\/wp-content\/uploads\/2024\/09\/image-7.webp\",\"width\":695,\"height\":695,\"caption\":\"Set keikogi \\\"essenziale\\\" in cotone (giacca, cintura e pantaloni)-1\"},{\"@type\":\"BreadcrumbList\",\"@id\":\"https:\/\/www.daisho.be\/it\/produit\/set-keikogi-essenziale-in-cotone-giacca-cintura-e-pantaloni\/#breadcrumb\",\"itemListElement\":[{\"@type\":\"ListItem\",\"position\":1,\"name\":\"Accueil\",\"item\":\"https:\/\/www.daisho.be\/it\/\"},{\"@type\":\"ListItem\",\"position\":2,\"name\":\"Prodotti\",\"item\":\"https:\/\/www.daisho.be\/it\/prodotti\/\"},{\"@type\":\"ListItem\",\"position\":3,\"name\":\"Attrezzature e abbigliamento per arti marziali e sport da combattimento\",\"item\":\"https:\/\/www.daisho.be\/it\/categorie-produit\/attrezzature-e-abbigliamento-per-arti-marziali-e-sport-da-combattimento\/\"},{\"@type\":\"ListItem\",\"position\":4,\"name\":\"Jujitsu brasiliano e Jiu-Jitsu\",\"item\":\"https:\/\/www.daisho.be\/it\/categorie-produit\/attrezzature-e-abbigliamento-per-arti-marziali-e-sport-da-combattimento\/jujitsu-brasiliano-e-jiu-jitsu\/\"},{\"@type\":\"ListItem\",\"position\":5,\"name\":\"Kimono da Jujitsu\",\"item\":\"https:\/\/www.daisho.be\/it\/categorie-produit\/attrezzature-e-abbigliamento-per-arti-marziali-e-sport-da-combattimento\/jujitsu-brasiliano-e-jiu-jitsu\/kimono-da-jujitsu\/\"},{\"@type\":\"ListItem\",\"position\":6,\"name\":\"Set keikogi &#8220;essenziale&#8221; in cotone (giacca, cintura e pantaloni)\"}]},{\"@type\":\"WebSite\",\"@id\":\"https:\/\/www.daisho.be\/it\/#website\",\"url\":\"https:\/\/www.daisho.be\/it\/\",\"name\":\"Daisho\",\"description\":\"Sp&eacute;cialiste de l'&eacute;quipement sportif d'arts martiaux\",\"publisher\":{\"@id\":\"https:\/\/www.daisho.be\/it\/#organization\"},\"potentialAction\":[{\"@type\":\"SearchAction\",\"target\":{\"@type\":\"EntryPoint\",\"urlTemplate\":\"https:\/\/www.daisho.be\/it\/?s={search_term_string}\"},\"query-input\":{\"@type\":\"PropertyValueSpecification\",\"valueRequired\":true,\"valueName\":\"search_term_string\"}}],\"inLanguage\":\"it-IT\"},{\"@type\":\"Organization\",\"@id\":\"https:\/\/www.daisho.be\/it\/#organization\",\"name\":\"Daisho\",\"url\":\"https:\/\/www.daisho.be\/it\/\",\"logo\":{\"@type\":\"ImageObject\",\"inLanguage\":\"it-IT\",\"@id\":\"https:\/\/www.daisho.be\/it\/#\/schema\/logo\/image\/\",\"url\":\"https:\/\/www.daisho.be\/wp-content\/uploads\/2019\/07\/color-nothing-horizontale4x-e1564486100247.png\",\"contentUrl\":\"https:\/\/www.daisho.be\/wp-content\/uploads\/2019\/07\/color-nothing-horizontale4x-e1564486100247.png\",\"width\":1547,\"height\":385,\"caption\":\"Daisho\"},\"image\":{\"@id\":\"https:\/\/www.daisho.be\/it\/#\/schema\/logo\/image\/\"}}]}<\/script>\n<!-- \/ Yoast SEO plugin. -->","yoast_head_json":{"title":"Set keikogi \"essenziale\" in cotone (giacca, cintura e pantaloni) &#8211; Daisho","description":"Scopri il set da keikogi che comprende pantaloni, giacca e cintura bianca per principianti. Acquistalo su www.daisho.be|Daisho","robots":{"index":"index","follow":"follow","max-snippet":"max-snippet:-1","max-image-preview":"max-image-preview:large","max-video-preview":"max-video-preview:-1"},"canonical":"https:\/\/www.daisho.be\/it\/produit\/set-keikogi-essenziale-in-cotone-giacca-cintura-e-pantaloni\/","og_locale":"it_IT","og_type":"article","og_title":"Set keikogi \"essenziale\" in cotone (giacca, cintura e pantaloni) &#8211; Daisho","og_description":"Scopri il set da keikogi che comprende pantaloni, giacca e cintura bianca per principianti. Acquistalo su www.daisho.be|Daisho","og_url":"https:\/\/www.daisho.be\/it\/produit\/set-keikogi-essenziale-in-cotone-giacca-cintura-e-pantaloni\/","og_site_name":"Daisho","article_modified_time":"2025-10-09T12:18:00+00:00","og_image":[{"width":695,"height":695,"url":"https:\/\/www.daisho.be\/wp-content\/uploads\/2024\/09\/image-7.webp","type":"image\/webp"}],"twitter_card":"summary_large_image","twitter_misc":{"Tempo di lettura stimato":"1 minuto"},"schema":{"@context":"https:\/\/schema.org","@graph":[{"@type":"WebPage","@id":"https:\/\/www.daisho.be\/it\/produit\/set-keikogi-essenziale-in-cotone-giacca-cintura-e-pantaloni\/","url":"https:\/\/www.daisho.be\/it\/produit\/set-keikogi-essenziale-in-cotone-giacca-cintura-e-pantaloni\/","name":"Set keikogi \"essenziale\" in cotone (giacca, cintura e pantaloni) &#8211; Daisho","isPartOf":{"@id":"https:\/\/www.daisho.be\/it\/#website"},"primaryImageOfPage":{"@id":"https:\/\/www.daisho.be\/it\/produit\/set-keikogi-essenziale-in-cotone-giacca-cintura-e-pantaloni\/#primaryimage"},"image":{"@id":"https:\/\/www.daisho.be\/it\/produit\/set-keikogi-essenziale-in-cotone-giacca-cintura-e-pantaloni\/#primaryimage"},"thumbnailUrl":"https:\/\/www.daisho.be\/wp-content\/uploads\/2024\/09\/image-7.webp","datePublished":"2022-03-14T21:04:48+00:00","dateModified":"2025-10-09T12:18:00+00:00","description":"Scopri il set da keikogi che comprende pantaloni, giacca e cintura bianca per principianti. Acquistalo su www.daisho.be|Daisho","breadcrumb":{"@id":"https:\/\/www.daisho.be\/it\/produit\/set-keikogi-essenziale-in-cotone-giacca-cintura-e-pantaloni\/#breadcrumb"},"inLanguage":"it-IT","potentialAction":[{"@type":"ReadAction","target":["https:\/\/www.daisho.be\/it\/produit\/set-keikogi-essenziale-in-cotone-giacca-cintura-e-pantaloni\/"]}]},{"@type":"ImageObject","inLanguage":"it-IT","@id":"https:\/\/www.daisho.be\/it\/produit\/set-keikogi-essenziale-in-cotone-giacca-cintura-e-pantaloni\/#primaryimage","url":"https:\/\/www.daisho.be\/wp-content\/uploads\/2024\/09\/image-7.webp","contentUrl":"https:\/\/www.daisho.be\/wp-content\/uploads\/2024\/09\/image-7.webp","width":695,"height":695,"caption":"Set keikogi \"essenziale\" in cotone (giacca, cintura e pantaloni)-1"},{"@type":"BreadcrumbList","@id":"https:\/\/www.daisho.be\/it\/produit\/set-keikogi-essenziale-in-cotone-giacca-cintura-e-pantaloni\/#breadcrumb","itemListElement":[{"@type":"ListItem","position":1,"name":"Accueil","item":"https:\/\/www.daisho.be\/it\/"},{"@type":"ListItem","position":2,"name":"Prodotti","item":"https:\/\/www.daisho.be\/it\/prodotti\/"},{"@type":"ListItem","position":3,"name":"Attrezzature e abbigliamento per arti marziali e sport da combattimento","item":"https:\/\/www.daisho.be\/it\/categorie-produit\/attrezzature-e-abbigliamento-per-arti-marziali-e-sport-da-combattimento\/"},{"@type":"ListItem","position":4,"name":"Jujitsu brasiliano e Jiu-Jitsu","item":"https:\/\/www.daisho.be\/it\/categorie-produit\/attrezzature-e-abbigliamento-per-arti-marziali-e-sport-da-combattimento\/jujitsu-brasiliano-e-jiu-jitsu\/"},{"@type":"ListItem","position":5,"name":"Kimono da Jujitsu","item":"https:\/\/www.daisho.be\/it\/categorie-produit\/attrezzature-e-abbigliamento-per-arti-marziali-e-sport-da-combattimento\/jujitsu-brasiliano-e-jiu-jitsu\/kimono-da-jujitsu\/"},{"@type":"ListItem","position":6,"name":"Set keikogi &#8220;essenziale&#8221; in cotone (giacca, cintura e pantaloni)"}]},{"@type":"WebSite","@id":"https:\/\/www.daisho.be\/it\/#website","url":"https:\/\/www.daisho.be\/it\/","name":"Daisho","description":"Sp&eacute;cialiste de l'&eacute;quipement sportif d'arts martiaux","publisher":{"@id":"https:\/\/www.daisho.be\/it\/#organization"},"potentialAction":[{"@type":"SearchAction","target":{"@type":"EntryPoint","urlTemplate":"https:\/\/www.daisho.be\/it\/?s={search_term_string}"},"query-input":{"@type":"PropertyValueSpecification","valueRequired":true,"valueName":"search_term_string"}}],"inLanguage":"it-IT"},{"@type":"Organization","@id":"https:\/\/www.daisho.be\/it\/#organization","name":"Daisho","url":"https:\/\/www.daisho.be\/it\/","logo":{"@type":"ImageObject","inLanguage":"it-IT","@id":"https:\/\/www.daisho.be\/it\/#\/schema\/logo\/image\/","url":"https:\/\/www.daisho.be\/wp-content\/uploads\/2019\/07\/color-nothing-horizontale4x-e1564486100247.png","contentUrl":"https:\/\/www.daisho.be\/wp-content\/uploads\/2019\/07\/color-nothing-horizontale4x-e1564486100247.png","width":1547,"height":385,"caption":"Daisho"},"image":{"@id":"https:\/\/www.daisho.be\/it\/#\/schema\/logo\/image\/"}}]}},"_links":{"self":[{"href":"https:\/\/www.daisho.be\/it\/wp-json\/wp\/v2\/product\/459137","targetHints":{"allow":["GET"]}}],"collection":[{"href":"https:\/\/www.daisho.be\/it\/wp-json\/wp\/v2\/product"}],"about":[{"href":"https:\/\/www.daisho.be\/it\/wp-json\/wp\/v2\/types\/product"}],"replies":[{"embeddable":true,"href":"https:\/\/www.daisho.be\/it\/wp-json\/wp\/v2\/comments?post=459137"}],"wp:featuredmedia":[{"embeddable":true,"href":"https:\/\/www.daisho.be\/it\/wp-json\/wp\/v2\/media\/459147"}],"wp:attachment":[{"href":"https:\/\/www.daisho.be\/it\/wp-json\/wp\/v2\/media?parent=459137"}],"wp:term":[{"taxonomy":"product_brand","embeddable":true,"href":"https:\/\/www.daisho.be\/it\/wp-json\/wp\/v2\/product_brand?post=459137"},{"taxonomy":"product_cat","embeddable":true,"href":"https:\/\/www.daisho.be\/it\/wp-json\/wp\/v2\/product_cat?post=459137"},{"taxonomy":"product_tag","embeddable":true,"href":"https:\/\/www.daisho.be\/it\/wp-json\/wp\/v2\/product_tag?post=459137"},{"taxonomy":"sport","embeddable":true,"href":"https:\/\/www.daisho.be\/it\/wp-json\/wp\/v2\/sport?post=459137"}],"curies":[{"name":"wp","href":"https:\/\/api.w.org\/{rel}","templated":true}]}}