{"id":458974,"date":"2022-03-14T23:50:52","date_gmt":"2022-03-14T22:50:52","guid":{"rendered":"https:\/\/www.daisho.be\/produit\/concorso-tatami-i-tis-euroclass-c-ffjda\/"},"modified":"2026-03-31T14:52:26","modified_gmt":"2026-03-31T12:52:26","slug":"concorso-tatami-i-tis-euroclass-c-ffjda","status":"publish","type":"product","link":"https:\/\/www.daisho.be\/it\/produit\/concorso-tatami-i-tis-euroclass-c-ffjda\/","title":{"rendered":"Concorso Tatami I-TIS &#8211; EUROCLASS C &#8211; FFJDA"},"content":{"rendered":"<p>Il nuovo tappetino da judo I-TIS di ProGame Tatami by Trocellen \u00e8 un prodotto nuovo di zecca che si \u00e8 evoluto dal precedente concetto di TIS. Il tappetino da judo I-TIS \u00e8 innovativo e rivoluzionario in ogni sua caratteristica.<br \/>\nApprovato dalla Federazione Internazionale di Judo, \u00e8 stato riconosciuto come un prodotto adatto a tutti i tipi di competizione: dai tornei regionali ai Giochi Olimpici.<br \/>\nIl suo sistema di aggancio invisibile brevettato tiene uniti i tappetini durante gli sparring: il tappetino I-TIS approvato dalla IJF \u00e8 il tappetino ideale per tutti i tipi di attivit\u00e0.<br \/>\nL&#8217;area installata non necessita di telai aggiuntivi. Grazie alla sua leggerezza, \u00e8 facile da installare, non lascia spazi vuoti tra i tappeti e, a differenza di altri tappeti tradizionali, non si sposta. La sicurezza garantita da questa stuoia e il suo innovativo sistema di appendimento invisibile la rendono la stuoia per tatami pi\u00f9 sicura e stabile sul mercato, ideale per ogni tipo di evento.<br \/>\nMateriale: polietilene espanso reticolato combinato con PVC goffrato ad alta resistenza.<br \/>\nDimensioni: 2000 x 1000 x 50 mm<br \/>\nPeso: 7,7 kg<br \/>\nColori: giallo\/rosso (secondo gli standard FFJDA per le competizioni)<br \/>\nResistenza al fuoco EUROCLASS C<br \/>\nSicurezza: Standard NF EN 12503.3. Testato in conformit\u00e0 con lo standard europeo EN 12503.3 con il marchio IJF.<br \/>\nAccessori: Le stuoie tatami vengono fornite con un kit di collegamento per consentire l&#8217;installazione delle piastre e creare un&#8217;area completa.<\/p>\n","protected":false},"excerpt":{"rendered":"<p>Il nuovo tappetino da judo I-TIS di ProGame Tatami by Trocellen \u00e8 un prodotto nuovo di zecca che si \u00e8 evoluto dal precedente concetto di TIS. Il tappetino da judo I-TIS \u00e8 innovativo e rivoluzionario in ogni sua caratteristica. Approvato dalla Federazione Internazionale di Judo, \u00e8 stato riconosciuto come un prodotto adatto a tutti i [&hellip;]<\/p>\n","protected":false},"featured_media":458981,"comment_status":"open","ping_status":"closed","template":"","meta":{"inline_featured_image":false},"product_brand":[],"product_cat":[2095,2013],"product_tag":[2553,2025],"sport":[],"class_list":{"0":"post-458974","1":"product","2":"type-product","3":"status-publish","4":"has-post-thumbnail","6":"product_cat-attrezzature-per-la-formazione-it","7":"product_cat-tappeti-tatami-per-judo-karate-e-taekwondo-arti-marziali","8":"product_tag-citazione","9":"product_tag-progame-tatamis-it","10":"product_shipping_class-prodotti-pesanti","11":"pa_size-5-cm","13":"first","14":"instock","15":"taxable","16":"shipping-taxable","17":"purchasable","18":"product-type-variable"},"yoast_head":"<!-- This site is optimized with the Yoast SEO plugin v27.2 - https:\/\/yoast.com\/product\/yoast-seo-wordpress\/ -->\n<title>Concorso Tatami I-TIS - EUROCLASS C - FFJDA &#8211; Daisho<\/title>\n<meta name=\"description\" content=\"Tatami da judo I-TIS IJF, fissaggio invisibile, stabile, sicuro, ideale per le competizioni e facile da installare. Trovali su www.daisho.be|Daisho\" \/>\n<meta name=\"robots\" content=\"index, follow, max-snippet:-1, max-image-preview:large, max-video-preview:-1\" \/>\n<link rel=\"canonical\" href=\"https:\/\/www.daisho.be\/it\/produit\/concorso-tatami-i-tis-euroclass-c-ffjda\/\" \/>\n<meta property=\"og:locale\" content=\"it_IT\" \/>\n<meta property=\"og:type\" content=\"article\" \/>\n<meta property=\"og:title\" content=\"Concorso Tatami I-TIS - EUROCLASS C - FFJDA &#8211; Daisho\" \/>\n<meta property=\"og:description\" content=\"Tatami da judo I-TIS IJF, fissaggio invisibile, stabile, sicuro, ideale per le competizioni e facile da installare. Trovali su www.daisho.be|Daisho\" \/>\n<meta property=\"og:url\" content=\"https:\/\/www.daisho.be\/it\/produit\/concorso-tatami-i-tis-euroclass-c-ffjda\/\" \/>\n<meta property=\"og:site_name\" content=\"Daisho\" \/>\n<meta property=\"article:modified_time\" content=\"2026-03-31T12:52:26+00:00\" \/>\n<meta property=\"og:image\" content=\"https:\/\/www.daisho.be\/wp-content\/uploads\/2022\/03\/image-153.jpg\" \/>\n\t<meta property=\"og:image:width\" content=\"1920\" \/>\n\t<meta property=\"og:image:height\" content=\"783\" \/>\n\t<meta property=\"og:image:type\" content=\"image\/jpeg\" \/>\n<meta name=\"twitter:card\" content=\"summary_large_image\" \/>\n<meta name=\"twitter:label1\" content=\"Tempo di lettura stimato\" \/>\n\t<meta name=\"twitter:data1\" content=\"1 minuto\" \/>\n<script type=\"application\/ld+json\" class=\"yoast-schema-graph\">{\"@context\":\"https:\/\/schema.org\",\"@graph\":[{\"@type\":\"WebPage\",\"@id\":\"https:\/\/www.daisho.be\/it\/produit\/concorso-tatami-i-tis-euroclass-c-ffjda\/\",\"url\":\"https:\/\/www.daisho.be\/it\/produit\/concorso-tatami-i-tis-euroclass-c-ffjda\/\",\"name\":\"Concorso Tatami I-TIS - EUROCLASS C - FFJDA &#8211; Daisho\",\"isPartOf\":{\"@id\":\"https:\/\/www.daisho.be\/it\/#website\"},\"primaryImageOfPage\":{\"@id\":\"https:\/\/www.daisho.be\/it\/produit\/concorso-tatami-i-tis-euroclass-c-ffjda\/#primaryimage\"},\"image\":{\"@id\":\"https:\/\/www.daisho.be\/it\/produit\/concorso-tatami-i-tis-euroclass-c-ffjda\/#primaryimage\"},\"thumbnailUrl\":\"https:\/\/www.daisho.be\/wp-content\/uploads\/2022\/03\/image-153.jpg\",\"datePublished\":\"2022-03-14T22:50:52+00:00\",\"dateModified\":\"2026-03-31T12:52:26+00:00\",\"description\":\"Tatami da judo I-TIS IJF, fissaggio invisibile, stabile, sicuro, ideale per le competizioni e facile da installare. Trovali su www.daisho.be|Daisho\",\"breadcrumb\":{\"@id\":\"https:\/\/www.daisho.be\/it\/produit\/concorso-tatami-i-tis-euroclass-c-ffjda\/#breadcrumb\"},\"inLanguage\":\"it-IT\",\"potentialAction\":[{\"@type\":\"ReadAction\",\"target\":[\"https:\/\/www.daisho.be\/it\/produit\/concorso-tatami-i-tis-euroclass-c-ffjda\/\"]}]},{\"@type\":\"ImageObject\",\"inLanguage\":\"it-IT\",\"@id\":\"https:\/\/www.daisho.be\/it\/produit\/concorso-tatami-i-tis-euroclass-c-ffjda\/#primaryimage\",\"url\":\"https:\/\/www.daisho.be\/wp-content\/uploads\/2022\/03\/image-153.jpg\",\"contentUrl\":\"https:\/\/www.daisho.be\/wp-content\/uploads\/2022\/03\/image-153.jpg\",\"width\":1920,\"height\":783,\"caption\":\"Concorso Tatami I-TIS - EUROCLASS C - FFJDA-1\"},{\"@type\":\"BreadcrumbList\",\"@id\":\"https:\/\/www.daisho.be\/it\/produit\/concorso-tatami-i-tis-euroclass-c-ffjda\/#breadcrumb\",\"itemListElement\":[{\"@type\":\"ListItem\",\"position\":1,\"name\":\"Accueil\",\"item\":\"https:\/\/www.daisho.be\/it\/\"},{\"@type\":\"ListItem\",\"position\":2,\"name\":\"Prodotti\",\"item\":\"https:\/\/www.daisho.be\/it\/prodotti\/\"},{\"@type\":\"ListItem\",\"position\":3,\"name\":\"Attrezzature e abbigliamento per arti marziali e sport da combattimento\",\"item\":\"https:\/\/www.daisho.be\/it\/categorie-produit\/attrezzature-e-abbigliamento-per-arti-marziali-e-sport-da-combattimento\/\"},{\"@type\":\"ListItem\",\"position\":4,\"name\":\"Judo\",\"item\":\"https:\/\/www.daisho.be\/it\/categorie-produit\/attrezzature-e-abbigliamento-per-arti-marziali-e-sport-da-combattimento\/judo-it-2\/\"},{\"@type\":\"ListItem\",\"position\":5,\"name\":\"Attrezzature per la formazione\",\"item\":\"https:\/\/www.daisho.be\/it\/categorie-produit\/attrezzature-e-abbigliamento-per-arti-marziali-e-sport-da-combattimento\/judo-it-2\/attrezzature-per-la-formazione-it\/\"},{\"@type\":\"ListItem\",\"position\":6,\"name\":\"Concorso Tatami I-TIS &#8211; EUROCLASS C &#8211; FFJDA\"}]},{\"@type\":\"WebSite\",\"@id\":\"https:\/\/www.daisho.be\/it\/#website\",\"url\":\"https:\/\/www.daisho.be\/it\/\",\"name\":\"Daisho\",\"description\":\"Sp&eacute;cialiste de l'&eacute;quipement sportif d'arts martiaux\",\"publisher\":{\"@id\":\"https:\/\/www.daisho.be\/it\/#organization\"},\"potentialAction\":[{\"@type\":\"SearchAction\",\"target\":{\"@type\":\"EntryPoint\",\"urlTemplate\":\"https:\/\/www.daisho.be\/it\/?s={search_term_string}\"},\"query-input\":{\"@type\":\"PropertyValueSpecification\",\"valueRequired\":true,\"valueName\":\"search_term_string\"}}],\"inLanguage\":\"it-IT\"},{\"@type\":\"Organization\",\"@id\":\"https:\/\/www.daisho.be\/it\/#organization\",\"name\":\"Daisho\",\"url\":\"https:\/\/www.daisho.be\/it\/\",\"logo\":{\"@type\":\"ImageObject\",\"inLanguage\":\"it-IT\",\"@id\":\"https:\/\/www.daisho.be\/it\/#\/schema\/logo\/image\/\",\"url\":\"https:\/\/www.daisho.be\/wp-content\/uploads\/2019\/07\/color-nothing-horizontale4x-e1564486100247.png\",\"contentUrl\":\"https:\/\/www.daisho.be\/wp-content\/uploads\/2019\/07\/color-nothing-horizontale4x-e1564486100247.png\",\"width\":1547,\"height\":385,\"caption\":\"Daisho\"},\"image\":{\"@id\":\"https:\/\/www.daisho.be\/it\/#\/schema\/logo\/image\/\"}}]}<\/script>\n<!-- \/ Yoast SEO plugin. -->","yoast_head_json":{"title":"Concorso Tatami I-TIS - EUROCLASS C - FFJDA &#8211; Daisho","description":"Tatami da judo I-TIS IJF, fissaggio invisibile, stabile, sicuro, ideale per le competizioni e facile da installare. Trovali su www.daisho.be|Daisho","robots":{"index":"index","follow":"follow","max-snippet":"max-snippet:-1","max-image-preview":"max-image-preview:large","max-video-preview":"max-video-preview:-1"},"canonical":"https:\/\/www.daisho.be\/it\/produit\/concorso-tatami-i-tis-euroclass-c-ffjda\/","og_locale":"it_IT","og_type":"article","og_title":"Concorso Tatami I-TIS - EUROCLASS C - FFJDA &#8211; Daisho","og_description":"Tatami da judo I-TIS IJF, fissaggio invisibile, stabile, sicuro, ideale per le competizioni e facile da installare. Trovali su www.daisho.be|Daisho","og_url":"https:\/\/www.daisho.be\/it\/produit\/concorso-tatami-i-tis-euroclass-c-ffjda\/","og_site_name":"Daisho","article_modified_time":"2026-03-31T12:52:26+00:00","og_image":[{"width":1920,"height":783,"url":"https:\/\/www.daisho.be\/wp-content\/uploads\/2022\/03\/image-153.jpg","type":"image\/jpeg"}],"twitter_card":"summary_large_image","twitter_misc":{"Tempo di lettura stimato":"1 minuto"},"schema":{"@context":"https:\/\/schema.org","@graph":[{"@type":"WebPage","@id":"https:\/\/www.daisho.be\/it\/produit\/concorso-tatami-i-tis-euroclass-c-ffjda\/","url":"https:\/\/www.daisho.be\/it\/produit\/concorso-tatami-i-tis-euroclass-c-ffjda\/","name":"Concorso Tatami I-TIS - EUROCLASS C - FFJDA &#8211; Daisho","isPartOf":{"@id":"https:\/\/www.daisho.be\/it\/#website"},"primaryImageOfPage":{"@id":"https:\/\/www.daisho.be\/it\/produit\/concorso-tatami-i-tis-euroclass-c-ffjda\/#primaryimage"},"image":{"@id":"https:\/\/www.daisho.be\/it\/produit\/concorso-tatami-i-tis-euroclass-c-ffjda\/#primaryimage"},"thumbnailUrl":"https:\/\/www.daisho.be\/wp-content\/uploads\/2022\/03\/image-153.jpg","datePublished":"2022-03-14T22:50:52+00:00","dateModified":"2026-03-31T12:52:26+00:00","description":"Tatami da judo I-TIS IJF, fissaggio invisibile, stabile, sicuro, ideale per le competizioni e facile da installare. Trovali su www.daisho.be|Daisho","breadcrumb":{"@id":"https:\/\/www.daisho.be\/it\/produit\/concorso-tatami-i-tis-euroclass-c-ffjda\/#breadcrumb"},"inLanguage":"it-IT","potentialAction":[{"@type":"ReadAction","target":["https:\/\/www.daisho.be\/it\/produit\/concorso-tatami-i-tis-euroclass-c-ffjda\/"]}]},{"@type":"ImageObject","inLanguage":"it-IT","@id":"https:\/\/www.daisho.be\/it\/produit\/concorso-tatami-i-tis-euroclass-c-ffjda\/#primaryimage","url":"https:\/\/www.daisho.be\/wp-content\/uploads\/2022\/03\/image-153.jpg","contentUrl":"https:\/\/www.daisho.be\/wp-content\/uploads\/2022\/03\/image-153.jpg","width":1920,"height":783,"caption":"Concorso Tatami I-TIS - EUROCLASS C - FFJDA-1"},{"@type":"BreadcrumbList","@id":"https:\/\/www.daisho.be\/it\/produit\/concorso-tatami-i-tis-euroclass-c-ffjda\/#breadcrumb","itemListElement":[{"@type":"ListItem","position":1,"name":"Accueil","item":"https:\/\/www.daisho.be\/it\/"},{"@type":"ListItem","position":2,"name":"Prodotti","item":"https:\/\/www.daisho.be\/it\/prodotti\/"},{"@type":"ListItem","position":3,"name":"Attrezzature e abbigliamento per arti marziali e sport da combattimento","item":"https:\/\/www.daisho.be\/it\/categorie-produit\/attrezzature-e-abbigliamento-per-arti-marziali-e-sport-da-combattimento\/"},{"@type":"ListItem","position":4,"name":"Judo","item":"https:\/\/www.daisho.be\/it\/categorie-produit\/attrezzature-e-abbigliamento-per-arti-marziali-e-sport-da-combattimento\/judo-it-2\/"},{"@type":"ListItem","position":5,"name":"Attrezzature per la formazione","item":"https:\/\/www.daisho.be\/it\/categorie-produit\/attrezzature-e-abbigliamento-per-arti-marziali-e-sport-da-combattimento\/judo-it-2\/attrezzature-per-la-formazione-it\/"},{"@type":"ListItem","position":6,"name":"Concorso Tatami I-TIS &#8211; EUROCLASS C &#8211; FFJDA"}]},{"@type":"WebSite","@id":"https:\/\/www.daisho.be\/it\/#website","url":"https:\/\/www.daisho.be\/it\/","name":"Daisho","description":"Sp&eacute;cialiste de l'&eacute;quipement sportif d'arts martiaux","publisher":{"@id":"https:\/\/www.daisho.be\/it\/#organization"},"potentialAction":[{"@type":"SearchAction","target":{"@type":"EntryPoint","urlTemplate":"https:\/\/www.daisho.be\/it\/?s={search_term_string}"},"query-input":{"@type":"PropertyValueSpecification","valueRequired":true,"valueName":"search_term_string"}}],"inLanguage":"it-IT"},{"@type":"Organization","@id":"https:\/\/www.daisho.be\/it\/#organization","name":"Daisho","url":"https:\/\/www.daisho.be\/it\/","logo":{"@type":"ImageObject","inLanguage":"it-IT","@id":"https:\/\/www.daisho.be\/it\/#\/schema\/logo\/image\/","url":"https:\/\/www.daisho.be\/wp-content\/uploads\/2019\/07\/color-nothing-horizontale4x-e1564486100247.png","contentUrl":"https:\/\/www.daisho.be\/wp-content\/uploads\/2019\/07\/color-nothing-horizontale4x-e1564486100247.png","width":1547,"height":385,"caption":"Daisho"},"image":{"@id":"https:\/\/www.daisho.be\/it\/#\/schema\/logo\/image\/"}}]}},"_links":{"self":[{"href":"https:\/\/www.daisho.be\/it\/wp-json\/wp\/v2\/product\/458974","targetHints":{"allow":["GET"]}}],"collection":[{"href":"https:\/\/www.daisho.be\/it\/wp-json\/wp\/v2\/product"}],"about":[{"href":"https:\/\/www.daisho.be\/it\/wp-json\/wp\/v2\/types\/product"}],"replies":[{"embeddable":true,"href":"https:\/\/www.daisho.be\/it\/wp-json\/wp\/v2\/comments?post=458974"}],"wp:featuredmedia":[{"embeddable":true,"href":"https:\/\/www.daisho.be\/it\/wp-json\/wp\/v2\/media\/458981"}],"wp:attachment":[{"href":"https:\/\/www.daisho.be\/it\/wp-json\/wp\/v2\/media?parent=458974"}],"wp:term":[{"taxonomy":"product_brand","embeddable":true,"href":"https:\/\/www.daisho.be\/it\/wp-json\/wp\/v2\/product_brand?post=458974"},{"taxonomy":"product_cat","embeddable":true,"href":"https:\/\/www.daisho.be\/it\/wp-json\/wp\/v2\/product_cat?post=458974"},{"taxonomy":"product_tag","embeddable":true,"href":"https:\/\/www.daisho.be\/it\/wp-json\/wp\/v2\/product_tag?post=458974"},{"taxonomy":"sport","embeddable":true,"href":"https:\/\/www.daisho.be\/it\/wp-json\/wp\/v2\/sport?post=458974"}],"curies":[{"name":"wp","href":"https:\/\/api.w.org\/{rel}","templated":true}]}}