{"id":458335,"date":"2022-07-19T18:55:56","date_gmt":"2022-07-19T16:55:56","guid":{"rendered":"https:\/\/www.daisho.be\/produit\/karategi-tokaido-kumite-master-k1-wkf\/"},"modified":"2026-01-31T12:56:47","modified_gmt":"2026-01-31T11:56:47","slug":"karategi-tokaido-kumite-master-k1-wkf","status":"publish","type":"product","link":"https:\/\/www.daisho.be\/it\/produit\/karategi-tokaido-kumite-master-k1-wkf\/","title":{"rendered":"KARATEGI TOKAIDO KUMITE MASTER K1 &#8211; WKF"},"content":{"rendered":"<p>Il Kumite Master K1 \u00e8 il primo giubbotto da karate con ricamo sulle spalle rosso e blu allo stesso tempo!<br \/>\nQuesto giubbotto \u00e8 reversibile, quindi una sola combinazione \u00e8 teoricamente sufficiente per un campionato secondo le regole WKF! &#8211; Ideale anche come Back UP Gi &#8211;<br \/>\nStessa superficie di tessuto dentro e fuori. L&#8217;elevato comfort della divisa \u00e8 perfettamente integrato dall&#8217;enorme resistenza e dalla morbidissima fascia elastica in vita.  <\/p>\n<p>Caratteristiche:<\/p>\n<p>&#8211; Gi\u00f9 di karate di prima classe con approvazione WKF.<br \/>\n&#8211; Questo Kumite Gi \u00e8 indossato da combattenti di karate di livello mondiale.<br \/>\n&#8211; Stessa finitura del tessuto all&#8217;interno e all&#8217;esterno.<br \/>\n&#8211; Super confortevole grazie all&#8217;elastico in vita extra largo e morbido dei pantaloni.<br \/>\n&#8211; Materiale ad asciugatura rapida dopo il contatto con acqua o sudore.<br \/>\n&#8211; Il design semplice e la vestibilit\u00e0 ampia rendono la tuta ideale anche per gli allenatori di kumite.<br \/>\n&#8211; Logo ufficiale Tokaido ricamato sul petto, sul collo e sullo stinco destro.<br \/>\n&#8211; Grazie all&#8217;alta percentuale di poliestere, la tuta non si restringe affatto, anche dopo molti lavaggi.<br \/>\n&#8211; Grazie all&#8217;inclusione di taglie intermedie, non c&#8217;\u00e8 bisogno di scendere a compromessi per scegliere la taglia giusta.<br \/>\n&#8211; Opaco, anche se la tuta \u00e8 umida dopo un allenamento intenso.<br \/>\n&#8211; Giacca e pantaloni inclusi.<br \/>\n&#8211; Materiale: 100% poliestere, circa 3,5 oz.<\/p>\n","protected":false},"excerpt":{"rendered":"<p>Il Kumite Master K1 \u00e8 il primo giubbotto da karate con ricamo sulle spalle rosso e blu allo stesso tempo! Questo giubbotto \u00e8 reversibile, quindi una sola combinazione \u00e8 teoricamente sufficiente per un campionato secondo le regole WKF! &#8211; Ideale anche come Back UP Gi &#8211; Stessa superficie di tessuto dentro e fuori. L&#8217;elevato comfort [&hellip;]<\/p>\n","protected":false},"featured_media":458337,"comment_status":"closed","ping_status":"closed","template":"","meta":{"inline_featured_image":false},"product_brand":[],"product_cat":[2119,2007],"product_tag":[2006],"sport":[73],"class_list":{"0":"post-458335","1":"product","2":"type-product","3":"status-publish","4":"has-post-thumbnail","6":"product_cat-abiti-kimono","7":"product_cat-kimono-da-karate","8":"product_tag-tokaido-it","9":"pa_size-380","10":"pa_size-379","11":"pa_size-387","12":"pa_size-378","13":"pa_size-386","14":"pa_size-377","15":"pa_size-385","16":"pa_size-376","17":"pa_size-384","18":"pa_size-383","19":"sport-karate","21":"first","22":"instock","23":"taxable","24":"shipping-taxable","25":"purchasable","26":"product-type-variable"},"yoast_head":"<!-- This site is optimized with the Yoast SEO plugin v27.2 - https:\/\/yoast.com\/product\/yoast-seo-wordpress\/ -->\n<title>KARATEGI TOKAIDO KUMITE MASTER K1 - WKF &#8211; Daisho<\/title>\n<meta name=\"robots\" content=\"index, follow, max-snippet:-1, max-image-preview:large, max-video-preview:-1\" \/>\n<link rel=\"canonical\" href=\"https:\/\/www.daisho.be\/it\/produit\/karategi-tokaido-kumite-master-k1-wkf\/\" \/>\n<meta property=\"og:locale\" content=\"it_IT\" \/>\n<meta property=\"og:type\" content=\"article\" \/>\n<meta property=\"og:title\" content=\"KARATEGI TOKAIDO KUMITE MASTER K1 - WKF &#8211; Daisho\" \/>\n<meta property=\"og:description\" content=\"Il Kumite Master K1 \u00e8 il primo giubbotto da karate con ricamo sulle spalle rosso e blu allo stesso tempo! Questo giubbotto \u00e8 reversibile, quindi una sola combinazione \u00e8 teoricamente sufficiente per un campionato secondo le regole WKF! &#8211; Ideale anche come Back UP Gi &#8211; Stessa superficie di tessuto dentro e fuori. L&#8217;elevato comfort [&hellip;]\" \/>\n<meta property=\"og:url\" content=\"https:\/\/www.daisho.be\/it\/produit\/karategi-tokaido-kumite-master-k1-wkf\/\" \/>\n<meta property=\"og:site_name\" content=\"Daisho\" \/>\n<meta property=\"article:modified_time\" content=\"2026-01-31T11:56:47+00:00\" \/>\n<meta property=\"og:image\" content=\"https:\/\/www.daisho.be\/wp-content\/uploads\/2023\/10\/image-1024x725.png\" \/>\n\t<meta property=\"og:image:width\" content=\"1024\" \/>\n\t<meta property=\"og:image:height\" content=\"725\" \/>\n\t<meta property=\"og:image:type\" content=\"image\/png\" \/>\n<meta name=\"twitter:card\" content=\"summary_large_image\" \/>\n<meta name=\"twitter:label1\" content=\"Tempo di lettura stimato\" \/>\n\t<meta name=\"twitter:data1\" content=\"1 minuto\" \/>\n<script type=\"application\/ld+json\" class=\"yoast-schema-graph\">{\"@context\":\"https:\/\/schema.org\",\"@graph\":[{\"@type\":\"WebPage\",\"@id\":\"https:\/\/www.daisho.be\/it\/produit\/karategi-tokaido-kumite-master-k1-wkf\/\",\"url\":\"https:\/\/www.daisho.be\/it\/produit\/karategi-tokaido-kumite-master-k1-wkf\/\",\"name\":\"KARATEGI TOKAIDO KUMITE MASTER K1 - WKF &#8211; Daisho\",\"isPartOf\":{\"@id\":\"https:\/\/www.daisho.be\/it\/#website\"},\"primaryImageOfPage\":{\"@id\":\"https:\/\/www.daisho.be\/it\/produit\/karategi-tokaido-kumite-master-k1-wkf\/#primaryimage\"},\"image\":{\"@id\":\"https:\/\/www.daisho.be\/it\/produit\/karategi-tokaido-kumite-master-k1-wkf\/#primaryimage\"},\"thumbnailUrl\":\"https:\/\/www.daisho.be\/wp-content\/uploads\/2023\/10\/image.png\",\"datePublished\":\"2022-07-19T16:55:56+00:00\",\"dateModified\":\"2026-01-31T11:56:47+00:00\",\"breadcrumb\":{\"@id\":\"https:\/\/www.daisho.be\/it\/produit\/karategi-tokaido-kumite-master-k1-wkf\/#breadcrumb\"},\"inLanguage\":\"it-IT\",\"potentialAction\":[{\"@type\":\"ReadAction\",\"target\":[\"https:\/\/www.daisho.be\/it\/produit\/karategi-tokaido-kumite-master-k1-wkf\/\"]}]},{\"@type\":\"ImageObject\",\"inLanguage\":\"it-IT\",\"@id\":\"https:\/\/www.daisho.be\/it\/produit\/karategi-tokaido-kumite-master-k1-wkf\/#primaryimage\",\"url\":\"https:\/\/www.daisho.be\/wp-content\/uploads\/2023\/10\/image.png\",\"contentUrl\":\"https:\/\/www.daisho.be\/wp-content\/uploads\/2023\/10\/image.png\",\"width\":1920,\"height\":1359,\"caption\":\"KARATEGI TOKAIDO KUMITE MASTER K1 - WKF-1\"},{\"@type\":\"BreadcrumbList\",\"@id\":\"https:\/\/www.daisho.be\/it\/produit\/karategi-tokaido-kumite-master-k1-wkf\/#breadcrumb\",\"itemListElement\":[{\"@type\":\"ListItem\",\"position\":1,\"name\":\"Accueil\",\"item\":\"https:\/\/www.daisho.be\/it\/\"},{\"@type\":\"ListItem\",\"position\":2,\"name\":\"Prodotti\",\"item\":\"https:\/\/www.daisho.be\/it\/prodotti\/\"},{\"@type\":\"ListItem\",\"position\":3,\"name\":\"Sport da combattimento\",\"item\":\"https:\/\/www.daisho.be\/it\/categorie-produit\/sport-da-combattimento\/\"},{\"@type\":\"ListItem\",\"position\":4,\"name\":\"Abiti (kimono)\",\"item\":\"https:\/\/www.daisho.be\/it\/categorie-produit\/sport-da-combattimento\/abiti-kimono\/\"},{\"@type\":\"ListItem\",\"position\":5,\"name\":\"KARATEGI TOKAIDO KUMITE MASTER K1 &#8211; WKF\"}]},{\"@type\":\"WebSite\",\"@id\":\"https:\/\/www.daisho.be\/it\/#website\",\"url\":\"https:\/\/www.daisho.be\/it\/\",\"name\":\"Daisho\",\"description\":\"Sp&eacute;cialiste de l'&eacute;quipement sportif d'arts martiaux\",\"publisher\":{\"@id\":\"https:\/\/www.daisho.be\/it\/#organization\"},\"potentialAction\":[{\"@type\":\"SearchAction\",\"target\":{\"@type\":\"EntryPoint\",\"urlTemplate\":\"https:\/\/www.daisho.be\/it\/?s={search_term_string}\"},\"query-input\":{\"@type\":\"PropertyValueSpecification\",\"valueRequired\":true,\"valueName\":\"search_term_string\"}}],\"inLanguage\":\"it-IT\"},{\"@type\":\"Organization\",\"@id\":\"https:\/\/www.daisho.be\/it\/#organization\",\"name\":\"Daisho\",\"url\":\"https:\/\/www.daisho.be\/it\/\",\"logo\":{\"@type\":\"ImageObject\",\"inLanguage\":\"it-IT\",\"@id\":\"https:\/\/www.daisho.be\/it\/#\/schema\/logo\/image\/\",\"url\":\"https:\/\/www.daisho.be\/wp-content\/uploads\/2019\/07\/color-nothing-horizontale4x-e1564486100247.png\",\"contentUrl\":\"https:\/\/www.daisho.be\/wp-content\/uploads\/2019\/07\/color-nothing-horizontale4x-e1564486100247.png\",\"width\":1547,\"height\":385,\"caption\":\"Daisho\"},\"image\":{\"@id\":\"https:\/\/www.daisho.be\/it\/#\/schema\/logo\/image\/\"}}]}<\/script>\n<!-- \/ Yoast SEO plugin. -->","yoast_head_json":{"title":"KARATEGI TOKAIDO KUMITE MASTER K1 - WKF &#8211; Daisho","robots":{"index":"index","follow":"follow","max-snippet":"max-snippet:-1","max-image-preview":"max-image-preview:large","max-video-preview":"max-video-preview:-1"},"canonical":"https:\/\/www.daisho.be\/it\/produit\/karategi-tokaido-kumite-master-k1-wkf\/","og_locale":"it_IT","og_type":"article","og_title":"KARATEGI TOKAIDO KUMITE MASTER K1 - WKF &#8211; Daisho","og_description":"Il Kumite Master K1 \u00e8 il primo giubbotto da karate con ricamo sulle spalle rosso e blu allo stesso tempo! Questo giubbotto \u00e8 reversibile, quindi una sola combinazione \u00e8 teoricamente sufficiente per un campionato secondo le regole WKF! &#8211; Ideale anche come Back UP Gi &#8211; Stessa superficie di tessuto dentro e fuori. L&#8217;elevato comfort [&hellip;]","og_url":"https:\/\/www.daisho.be\/it\/produit\/karategi-tokaido-kumite-master-k1-wkf\/","og_site_name":"Daisho","article_modified_time":"2026-01-31T11:56:47+00:00","og_image":[{"width":1024,"height":725,"url":"https:\/\/www.daisho.be\/wp-content\/uploads\/2023\/10\/image-1024x725.png","type":"image\/png"}],"twitter_card":"summary_large_image","twitter_misc":{"Tempo di lettura stimato":"1 minuto"},"schema":{"@context":"https:\/\/schema.org","@graph":[{"@type":"WebPage","@id":"https:\/\/www.daisho.be\/it\/produit\/karategi-tokaido-kumite-master-k1-wkf\/","url":"https:\/\/www.daisho.be\/it\/produit\/karategi-tokaido-kumite-master-k1-wkf\/","name":"KARATEGI TOKAIDO KUMITE MASTER K1 - WKF &#8211; Daisho","isPartOf":{"@id":"https:\/\/www.daisho.be\/it\/#website"},"primaryImageOfPage":{"@id":"https:\/\/www.daisho.be\/it\/produit\/karategi-tokaido-kumite-master-k1-wkf\/#primaryimage"},"image":{"@id":"https:\/\/www.daisho.be\/it\/produit\/karategi-tokaido-kumite-master-k1-wkf\/#primaryimage"},"thumbnailUrl":"https:\/\/www.daisho.be\/wp-content\/uploads\/2023\/10\/image.png","datePublished":"2022-07-19T16:55:56+00:00","dateModified":"2026-01-31T11:56:47+00:00","breadcrumb":{"@id":"https:\/\/www.daisho.be\/it\/produit\/karategi-tokaido-kumite-master-k1-wkf\/#breadcrumb"},"inLanguage":"it-IT","potentialAction":[{"@type":"ReadAction","target":["https:\/\/www.daisho.be\/it\/produit\/karategi-tokaido-kumite-master-k1-wkf\/"]}]},{"@type":"ImageObject","inLanguage":"it-IT","@id":"https:\/\/www.daisho.be\/it\/produit\/karategi-tokaido-kumite-master-k1-wkf\/#primaryimage","url":"https:\/\/www.daisho.be\/wp-content\/uploads\/2023\/10\/image.png","contentUrl":"https:\/\/www.daisho.be\/wp-content\/uploads\/2023\/10\/image.png","width":1920,"height":1359,"caption":"KARATEGI TOKAIDO KUMITE MASTER K1 - WKF-1"},{"@type":"BreadcrumbList","@id":"https:\/\/www.daisho.be\/it\/produit\/karategi-tokaido-kumite-master-k1-wkf\/#breadcrumb","itemListElement":[{"@type":"ListItem","position":1,"name":"Accueil","item":"https:\/\/www.daisho.be\/it\/"},{"@type":"ListItem","position":2,"name":"Prodotti","item":"https:\/\/www.daisho.be\/it\/prodotti\/"},{"@type":"ListItem","position":3,"name":"Sport da combattimento","item":"https:\/\/www.daisho.be\/it\/categorie-produit\/sport-da-combattimento\/"},{"@type":"ListItem","position":4,"name":"Abiti (kimono)","item":"https:\/\/www.daisho.be\/it\/categorie-produit\/sport-da-combattimento\/abiti-kimono\/"},{"@type":"ListItem","position":5,"name":"KARATEGI TOKAIDO KUMITE MASTER K1 &#8211; WKF"}]},{"@type":"WebSite","@id":"https:\/\/www.daisho.be\/it\/#website","url":"https:\/\/www.daisho.be\/it\/","name":"Daisho","description":"Sp&eacute;cialiste de l'&eacute;quipement sportif d'arts martiaux","publisher":{"@id":"https:\/\/www.daisho.be\/it\/#organization"},"potentialAction":[{"@type":"SearchAction","target":{"@type":"EntryPoint","urlTemplate":"https:\/\/www.daisho.be\/it\/?s={search_term_string}"},"query-input":{"@type":"PropertyValueSpecification","valueRequired":true,"valueName":"search_term_string"}}],"inLanguage":"it-IT"},{"@type":"Organization","@id":"https:\/\/www.daisho.be\/it\/#organization","name":"Daisho","url":"https:\/\/www.daisho.be\/it\/","logo":{"@type":"ImageObject","inLanguage":"it-IT","@id":"https:\/\/www.daisho.be\/it\/#\/schema\/logo\/image\/","url":"https:\/\/www.daisho.be\/wp-content\/uploads\/2019\/07\/color-nothing-horizontale4x-e1564486100247.png","contentUrl":"https:\/\/www.daisho.be\/wp-content\/uploads\/2019\/07\/color-nothing-horizontale4x-e1564486100247.png","width":1547,"height":385,"caption":"Daisho"},"image":{"@id":"https:\/\/www.daisho.be\/it\/#\/schema\/logo\/image\/"}}]}},"_links":{"self":[{"href":"https:\/\/www.daisho.be\/it\/wp-json\/wp\/v2\/product\/458335","targetHints":{"allow":["GET"]}}],"collection":[{"href":"https:\/\/www.daisho.be\/it\/wp-json\/wp\/v2\/product"}],"about":[{"href":"https:\/\/www.daisho.be\/it\/wp-json\/wp\/v2\/types\/product"}],"replies":[{"embeddable":true,"href":"https:\/\/www.daisho.be\/it\/wp-json\/wp\/v2\/comments?post=458335"}],"wp:featuredmedia":[{"embeddable":true,"href":"https:\/\/www.daisho.be\/it\/wp-json\/wp\/v2\/media\/458337"}],"wp:attachment":[{"href":"https:\/\/www.daisho.be\/it\/wp-json\/wp\/v2\/media?parent=458335"}],"wp:term":[{"taxonomy":"product_brand","embeddable":true,"href":"https:\/\/www.daisho.be\/it\/wp-json\/wp\/v2\/product_brand?post=458335"},{"taxonomy":"product_cat","embeddable":true,"href":"https:\/\/www.daisho.be\/it\/wp-json\/wp\/v2\/product_cat?post=458335"},{"taxonomy":"product_tag","embeddable":true,"href":"https:\/\/www.daisho.be\/it\/wp-json\/wp\/v2\/product_tag?post=458335"},{"taxonomy":"sport","embeddable":true,"href":"https:\/\/www.daisho.be\/it\/wp-json\/wp\/v2\/sport?post=458335"}],"curies":[{"name":"wp","href":"https:\/\/api.w.org\/{rel}","templated":true}]}}