{"id":458092,"date":"2021-09-14T09:01:12","date_gmt":"2021-09-14T07:01:12","guid":{"rendered":"https:\/\/www.daisho.be\/produit\/sacco-da-boxe-adidas-pro-safety-luxury-150h-diametro-35cm\/"},"modified":"2025-11-18T15:00:51","modified_gmt":"2025-11-18T14:00:51","slug":"sacco-da-boxe-adidas-pro-safety-luxury-150h-diametro-35cm","status":"publish","type":"product","link":"https:\/\/www.daisho.be\/it\/produit\/sacco-da-boxe-adidas-pro-safety-luxury-150h-diametro-35cm\/","title":{"rendered":"Sacco da boxe adidas Pro Safety Luxury 150H Diametro 35cm"},"content":{"rendered":"<p>Il sacco da boxe adidas Pro Safety de Luxe \u00e8 un sacco da boxe in pelle estremamente robusto e durevole. Questo sacco da boxe si distingue per la sua imbottitura. \u00c8 composto da uno strato di schiuma spesso 10 cm che protegge mani e piedi e assorbe perfettamente pugni e calci. Questo rende il sacco da boxe molto sicuro. I granuli nel nucleo centrale assicurano che il sacco da boxe sia adeguatamente pesato e bilanciato.    Il Pro de Luxe \u00e8 un sacco da boxe triplo. Il sacco interno \u00e8 realizzato in tela intrecciata rivestita in PVC e il sacco esterno \u00e8 realizzato in pelle artificiale molto spessa rinforzata con uno spesso strato di poliuretano PU. Questo ha creato una parete molto spessa, per cui il sacco da boxe manterr\u00e0 sempre un aspetto liscio ed elegante. Le cinghie rinforzate con anelli laterali per la sospensione sono spesse 4 strati.<\/p>\n<p> Tutte le cuciture del sacco da boxe sono cucite pi\u00f9 volte. I sacchi da boxe Pro Safety de Luxe sono prodotti anche nei diametri di 35, 40 e 45 cm. Vantaggi: &#8211; robusto e durevole &#8211; per professionisti e dilettanti &#8211; ottima capacit\u00e0 di assorbimento &#8211; parete in schiuma con anima in granulato &#8211; sicuro per mani e piedi &#8211; aspetto autentico    <\/p>\n","protected":false},"excerpt":{"rendered":"<p>Il sacco da boxe adidas Pro Safety de Luxe \u00e8 un sacco da boxe in pelle estremamente robusto e durevole. Questo sacco da boxe si distingue per la sua imbottitura. \u00c8 composto da uno strato di schiuma spesso 10 cm che protegge mani e piedi e assorbe perfettamente pugni e calci. Questo rende il sacco [&hellip;]<\/p>\n","protected":false},"featured_media":458096,"comment_status":"open","ping_status":"closed","template":"","meta":{"inline_featured_image":false},"product_brand":[],"product_cat":[2255,2250,2281,2249],"product_tag":[2176,2553],"sport":[],"class_list":{"0":"post-458092","1":"product","2":"type-product","3":"status-publish","4":"has-post-thumbnail","6":"product_cat-sacchi-da-boxe-e-accessori-da-allenamento-adidas-taekwondo","7":"product_cat-sacchi-da-boxe-e-accessori-per-lallenamento","8":"product_cat-sacchi-da-boxe-e-accessori-per-lallenamento-it","9":"product_cat-sacchi-da-boxe-e-accessori-per-lallenamento-del-karate","10":"product_tag-adidas-it","11":"product_tag-citazione","12":"product_shipping_class-prodotti-pesanti","13":"pa_size-150-cm","15":"first","16":"instock","17":"taxable","18":"shipping-taxable","19":"purchasable","20":"product-type-variable"},"yoast_head":"<!-- This site is optimized with the Yoast SEO plugin v27.2 - https:\/\/yoast.com\/product\/yoast-seo-wordpress\/ -->\n<title>Sacco da boxe adidas Pro Safety Luxury 150H Diametro 35cm &#8211; Daisho<\/title>\n<meta name=\"description\" content=\"Scopri il sacco da boxe che ti aiuter\u00e0 a migliorare le tue prestazioni. Acquistalo sul nostro sito www.daisho.be|Daisho\" \/>\n<meta name=\"robots\" content=\"index, follow, max-snippet:-1, max-image-preview:large, max-video-preview:-1\" \/>\n<link rel=\"canonical\" href=\"https:\/\/www.daisho.be\/it\/produit\/sacco-da-boxe-adidas-pro-safety-luxury-150h-diametro-35cm\/\" \/>\n<meta property=\"og:locale\" content=\"it_IT\" \/>\n<meta property=\"og:type\" content=\"article\" \/>\n<meta property=\"og:title\" content=\"Sacco da boxe adidas Pro Safety Luxury 150H Diametro 35cm &#8211; Daisho\" \/>\n<meta property=\"og:description\" content=\"Scopri il sacco da boxe che ti aiuter\u00e0 a migliorare le tue prestazioni. Acquistalo sul nostro sito www.daisho.be|Daisho\" \/>\n<meta property=\"og:url\" content=\"https:\/\/www.daisho.be\/it\/produit\/sacco-da-boxe-adidas-pro-safety-luxury-150h-diametro-35cm\/\" \/>\n<meta property=\"og:site_name\" content=\"Daisho\" \/>\n<meta property=\"article:modified_time\" content=\"2025-11-18T14:00:51+00:00\" \/>\n<meta property=\"og:image\" content=\"https:\/\/www.daisho.be\/wp-content\/uploads\/2021\/09\/image-256.jpg\" \/>\n\t<meta property=\"og:image:width\" content=\"650\" \/>\n\t<meta property=\"og:image:height\" content=\"650\" \/>\n\t<meta property=\"og:image:type\" content=\"image\/jpeg\" \/>\n<meta name=\"twitter:card\" content=\"summary_large_image\" \/>\n<meta name=\"twitter:label1\" content=\"Tempo di lettura stimato\" \/>\n\t<meta name=\"twitter:data1\" content=\"1 minuto\" \/>\n<script type=\"application\/ld+json\" class=\"yoast-schema-graph\">{\"@context\":\"https:\/\/schema.org\",\"@graph\":[{\"@type\":\"WebPage\",\"@id\":\"https:\/\/www.daisho.be\/it\/produit\/sacco-da-boxe-adidas-pro-safety-luxury-150h-diametro-35cm\/\",\"url\":\"https:\/\/www.daisho.be\/it\/produit\/sacco-da-boxe-adidas-pro-safety-luxury-150h-diametro-35cm\/\",\"name\":\"Sacco da boxe adidas Pro Safety Luxury 150H Diametro 35cm &#8211; Daisho\",\"isPartOf\":{\"@id\":\"https:\/\/www.daisho.be\/it\/#website\"},\"primaryImageOfPage\":{\"@id\":\"https:\/\/www.daisho.be\/it\/produit\/sacco-da-boxe-adidas-pro-safety-luxury-150h-diametro-35cm\/#primaryimage\"},\"image\":{\"@id\":\"https:\/\/www.daisho.be\/it\/produit\/sacco-da-boxe-adidas-pro-safety-luxury-150h-diametro-35cm\/#primaryimage\"},\"thumbnailUrl\":\"https:\/\/www.daisho.be\/wp-content\/uploads\/2021\/09\/image-256.jpg\",\"datePublished\":\"2021-09-14T07:01:12+00:00\",\"dateModified\":\"2025-11-18T14:00:51+00:00\",\"description\":\"Scopri il sacco da boxe che ti aiuter\u00e0 a migliorare le tue prestazioni. Acquistalo sul nostro sito www.daisho.be|Daisho\",\"breadcrumb\":{\"@id\":\"https:\/\/www.daisho.be\/it\/produit\/sacco-da-boxe-adidas-pro-safety-luxury-150h-diametro-35cm\/#breadcrumb\"},\"inLanguage\":\"it-IT\",\"potentialAction\":[{\"@type\":\"ReadAction\",\"target\":[\"https:\/\/www.daisho.be\/it\/produit\/sacco-da-boxe-adidas-pro-safety-luxury-150h-diametro-35cm\/\"]}]},{\"@type\":\"ImageObject\",\"inLanguage\":\"it-IT\",\"@id\":\"https:\/\/www.daisho.be\/it\/produit\/sacco-da-boxe-adidas-pro-safety-luxury-150h-diametro-35cm\/#primaryimage\",\"url\":\"https:\/\/www.daisho.be\/wp-content\/uploads\/2021\/09\/image-256.jpg\",\"contentUrl\":\"https:\/\/www.daisho.be\/wp-content\/uploads\/2021\/09\/image-256.jpg\",\"width\":650,\"height\":650,\"caption\":\"Sacco da boxe adidas Pro Safety Luxury 150H Diametro 35cm -1\"},{\"@type\":\"BreadcrumbList\",\"@id\":\"https:\/\/www.daisho.be\/it\/produit\/sacco-da-boxe-adidas-pro-safety-luxury-150h-diametro-35cm\/#breadcrumb\",\"itemListElement\":[{\"@type\":\"ListItem\",\"position\":1,\"name\":\"Accueil\",\"item\":\"https:\/\/www.daisho.be\/it\/\"},{\"@type\":\"ListItem\",\"position\":2,\"name\":\"Prodotti\",\"item\":\"https:\/\/www.daisho.be\/it\/prodotti\/\"},{\"@type\":\"ListItem\",\"position\":3,\"name\":\"ADIDAS SPORT DA COMBATTIMENTO\",\"item\":\"https:\/\/www.daisho.be\/it\/categorie-produit\/adidas-sport-da-combattimento\/\"},{\"@type\":\"ListItem\",\"position\":4,\"name\":\"Taekwondo\",\"item\":\"https:\/\/www.daisho.be\/it\/categorie-produit\/adidas-sport-da-combattimento\/taekwondo-it\/\"},{\"@type\":\"ListItem\",\"position\":5,\"name\":\"Sacchi da boxe e accessori da allenamento Adidas Taekwondo\",\"item\":\"https:\/\/www.daisho.be\/it\/categorie-produit\/adidas-sport-da-combattimento\/taekwondo-it\/sacchi-da-boxe-e-accessori-da-allenamento-adidas-taekwondo\/\"},{\"@type\":\"ListItem\",\"position\":6,\"name\":\"Sacco da boxe adidas Pro Safety Luxury 150H Diametro 35cm\"}]},{\"@type\":\"WebSite\",\"@id\":\"https:\/\/www.daisho.be\/it\/#website\",\"url\":\"https:\/\/www.daisho.be\/it\/\",\"name\":\"Daisho\",\"description\":\"Sp&eacute;cialiste de l'&eacute;quipement sportif d'arts martiaux\",\"publisher\":{\"@id\":\"https:\/\/www.daisho.be\/it\/#organization\"},\"potentialAction\":[{\"@type\":\"SearchAction\",\"target\":{\"@type\":\"EntryPoint\",\"urlTemplate\":\"https:\/\/www.daisho.be\/it\/?s={search_term_string}\"},\"query-input\":{\"@type\":\"PropertyValueSpecification\",\"valueRequired\":true,\"valueName\":\"search_term_string\"}}],\"inLanguage\":\"it-IT\"},{\"@type\":\"Organization\",\"@id\":\"https:\/\/www.daisho.be\/it\/#organization\",\"name\":\"Daisho\",\"url\":\"https:\/\/www.daisho.be\/it\/\",\"logo\":{\"@type\":\"ImageObject\",\"inLanguage\":\"it-IT\",\"@id\":\"https:\/\/www.daisho.be\/it\/#\/schema\/logo\/image\/\",\"url\":\"https:\/\/www.daisho.be\/wp-content\/uploads\/2019\/07\/color-nothing-horizontale4x-e1564486100247.png\",\"contentUrl\":\"https:\/\/www.daisho.be\/wp-content\/uploads\/2019\/07\/color-nothing-horizontale4x-e1564486100247.png\",\"width\":1547,\"height\":385,\"caption\":\"Daisho\"},\"image\":{\"@id\":\"https:\/\/www.daisho.be\/it\/#\/schema\/logo\/image\/\"}}]}<\/script>\n<!-- \/ Yoast SEO plugin. -->","yoast_head_json":{"title":"Sacco da boxe adidas Pro Safety Luxury 150H Diametro 35cm &#8211; Daisho","description":"Scopri il sacco da boxe che ti aiuter\u00e0 a migliorare le tue prestazioni. Acquistalo sul nostro sito www.daisho.be|Daisho","robots":{"index":"index","follow":"follow","max-snippet":"max-snippet:-1","max-image-preview":"max-image-preview:large","max-video-preview":"max-video-preview:-1"},"canonical":"https:\/\/www.daisho.be\/it\/produit\/sacco-da-boxe-adidas-pro-safety-luxury-150h-diametro-35cm\/","og_locale":"it_IT","og_type":"article","og_title":"Sacco da boxe adidas Pro Safety Luxury 150H Diametro 35cm &#8211; Daisho","og_description":"Scopri il sacco da boxe che ti aiuter\u00e0 a migliorare le tue prestazioni. Acquistalo sul nostro sito www.daisho.be|Daisho","og_url":"https:\/\/www.daisho.be\/it\/produit\/sacco-da-boxe-adidas-pro-safety-luxury-150h-diametro-35cm\/","og_site_name":"Daisho","article_modified_time":"2025-11-18T14:00:51+00:00","og_image":[{"width":650,"height":650,"url":"https:\/\/www.daisho.be\/wp-content\/uploads\/2021\/09\/image-256.jpg","type":"image\/jpeg"}],"twitter_card":"summary_large_image","twitter_misc":{"Tempo di lettura stimato":"1 minuto"},"schema":{"@context":"https:\/\/schema.org","@graph":[{"@type":"WebPage","@id":"https:\/\/www.daisho.be\/it\/produit\/sacco-da-boxe-adidas-pro-safety-luxury-150h-diametro-35cm\/","url":"https:\/\/www.daisho.be\/it\/produit\/sacco-da-boxe-adidas-pro-safety-luxury-150h-diametro-35cm\/","name":"Sacco da boxe adidas Pro Safety Luxury 150H Diametro 35cm &#8211; Daisho","isPartOf":{"@id":"https:\/\/www.daisho.be\/it\/#website"},"primaryImageOfPage":{"@id":"https:\/\/www.daisho.be\/it\/produit\/sacco-da-boxe-adidas-pro-safety-luxury-150h-diametro-35cm\/#primaryimage"},"image":{"@id":"https:\/\/www.daisho.be\/it\/produit\/sacco-da-boxe-adidas-pro-safety-luxury-150h-diametro-35cm\/#primaryimage"},"thumbnailUrl":"https:\/\/www.daisho.be\/wp-content\/uploads\/2021\/09\/image-256.jpg","datePublished":"2021-09-14T07:01:12+00:00","dateModified":"2025-11-18T14:00:51+00:00","description":"Scopri il sacco da boxe che ti aiuter\u00e0 a migliorare le tue prestazioni. Acquistalo sul nostro sito www.daisho.be|Daisho","breadcrumb":{"@id":"https:\/\/www.daisho.be\/it\/produit\/sacco-da-boxe-adidas-pro-safety-luxury-150h-diametro-35cm\/#breadcrumb"},"inLanguage":"it-IT","potentialAction":[{"@type":"ReadAction","target":["https:\/\/www.daisho.be\/it\/produit\/sacco-da-boxe-adidas-pro-safety-luxury-150h-diametro-35cm\/"]}]},{"@type":"ImageObject","inLanguage":"it-IT","@id":"https:\/\/www.daisho.be\/it\/produit\/sacco-da-boxe-adidas-pro-safety-luxury-150h-diametro-35cm\/#primaryimage","url":"https:\/\/www.daisho.be\/wp-content\/uploads\/2021\/09\/image-256.jpg","contentUrl":"https:\/\/www.daisho.be\/wp-content\/uploads\/2021\/09\/image-256.jpg","width":650,"height":650,"caption":"Sacco da boxe adidas Pro Safety Luxury 150H Diametro 35cm -1"},{"@type":"BreadcrumbList","@id":"https:\/\/www.daisho.be\/it\/produit\/sacco-da-boxe-adidas-pro-safety-luxury-150h-diametro-35cm\/#breadcrumb","itemListElement":[{"@type":"ListItem","position":1,"name":"Accueil","item":"https:\/\/www.daisho.be\/it\/"},{"@type":"ListItem","position":2,"name":"Prodotti","item":"https:\/\/www.daisho.be\/it\/prodotti\/"},{"@type":"ListItem","position":3,"name":"ADIDAS SPORT DA COMBATTIMENTO","item":"https:\/\/www.daisho.be\/it\/categorie-produit\/adidas-sport-da-combattimento\/"},{"@type":"ListItem","position":4,"name":"Taekwondo","item":"https:\/\/www.daisho.be\/it\/categorie-produit\/adidas-sport-da-combattimento\/taekwondo-it\/"},{"@type":"ListItem","position":5,"name":"Sacchi da boxe e accessori da allenamento Adidas Taekwondo","item":"https:\/\/www.daisho.be\/it\/categorie-produit\/adidas-sport-da-combattimento\/taekwondo-it\/sacchi-da-boxe-e-accessori-da-allenamento-adidas-taekwondo\/"},{"@type":"ListItem","position":6,"name":"Sacco da boxe adidas Pro Safety Luxury 150H Diametro 35cm"}]},{"@type":"WebSite","@id":"https:\/\/www.daisho.be\/it\/#website","url":"https:\/\/www.daisho.be\/it\/","name":"Daisho","description":"Sp&eacute;cialiste de l'&eacute;quipement sportif d'arts martiaux","publisher":{"@id":"https:\/\/www.daisho.be\/it\/#organization"},"potentialAction":[{"@type":"SearchAction","target":{"@type":"EntryPoint","urlTemplate":"https:\/\/www.daisho.be\/it\/?s={search_term_string}"},"query-input":{"@type":"PropertyValueSpecification","valueRequired":true,"valueName":"search_term_string"}}],"inLanguage":"it-IT"},{"@type":"Organization","@id":"https:\/\/www.daisho.be\/it\/#organization","name":"Daisho","url":"https:\/\/www.daisho.be\/it\/","logo":{"@type":"ImageObject","inLanguage":"it-IT","@id":"https:\/\/www.daisho.be\/it\/#\/schema\/logo\/image\/","url":"https:\/\/www.daisho.be\/wp-content\/uploads\/2019\/07\/color-nothing-horizontale4x-e1564486100247.png","contentUrl":"https:\/\/www.daisho.be\/wp-content\/uploads\/2019\/07\/color-nothing-horizontale4x-e1564486100247.png","width":1547,"height":385,"caption":"Daisho"},"image":{"@id":"https:\/\/www.daisho.be\/it\/#\/schema\/logo\/image\/"}}]}},"_links":{"self":[{"href":"https:\/\/www.daisho.be\/it\/wp-json\/wp\/v2\/product\/458092","targetHints":{"allow":["GET"]}}],"collection":[{"href":"https:\/\/www.daisho.be\/it\/wp-json\/wp\/v2\/product"}],"about":[{"href":"https:\/\/www.daisho.be\/it\/wp-json\/wp\/v2\/types\/product"}],"replies":[{"embeddable":true,"href":"https:\/\/www.daisho.be\/it\/wp-json\/wp\/v2\/comments?post=458092"}],"wp:featuredmedia":[{"embeddable":true,"href":"https:\/\/www.daisho.be\/it\/wp-json\/wp\/v2\/media\/458096"}],"wp:attachment":[{"href":"https:\/\/www.daisho.be\/it\/wp-json\/wp\/v2\/media?parent=458092"}],"wp:term":[{"taxonomy":"product_brand","embeddable":true,"href":"https:\/\/www.daisho.be\/it\/wp-json\/wp\/v2\/product_brand?post=458092"},{"taxonomy":"product_cat","embeddable":true,"href":"https:\/\/www.daisho.be\/it\/wp-json\/wp\/v2\/product_cat?post=458092"},{"taxonomy":"product_tag","embeddable":true,"href":"https:\/\/www.daisho.be\/it\/wp-json\/wp\/v2\/product_tag?post=458092"},{"taxonomy":"sport","embeddable":true,"href":"https:\/\/www.daisho.be\/it\/wp-json\/wp\/v2\/sport?post=458092"}],"curies":[{"name":"wp","href":"https:\/\/api.w.org\/{rel}","templated":true}]}}