{"id":458049,"date":"2021-09-14T14:43:01","date_gmt":"2021-09-14T12:43:01","guid":{"rendered":"https:\/\/www.daisho.be\/produit\/kit-di-formazione-per-luci-e-suoni-lummic\/"},"modified":"2026-02-16T11:56:50","modified_gmt":"2026-02-16T10:56:50","slug":"kit-di-formazione-per-luci-e-suoni-lummic","status":"publish","type":"product","link":"https:\/\/www.daisho.be\/it\/produit\/kit-di-formazione-per-luci-e-suoni-lummic\/","title":{"rendered":"Kit di formazione per luci e suoni LUMMIC"},"content":{"rendered":"<p>Lummic \u00e8 un sistema di allenamento basato sulla luce e sulla reazione uditiva. Ti permette di sviluppare velocit\u00e0, riflessi, capacit\u00e0 di reazione, associazione di elementi, movimento nello spazio, memoria&#8230; Lummic \u00e8 per tutti!<br \/>\nLUMMIC \u00e8 stato progettato per atleti, bambini e anziani. Ha infinite possibilit\u00e0 e modalit\u00e0 che ti permettono di evolvere e migliorare la zona selezionata.<br \/>\nLUMMIC \u00e8 stato progettato per 4 diversi tipi di pubblico, ma la cosa migliore \u00e8 che per ognuno di essi, quello che ti serve \u00e8 lo stesso: Lummic Pack + App ufficiale Lummic.<br \/>\nIl pacchetto include :<br \/>\n&#8211; Lummic (x4)<br \/>\n&#8211; Cinghie di fissaggio del corpo (x4)<br \/>\n&#8211; Ventose (8&#215;4)<br \/>\n&#8211; Magneti di fissaggio (x4)<br \/>\n&#8211; Picchetti di fissaggio (\u00d825mm) (x4)<br \/>\n&#8211; 1 borsa di trasporto (x1)<br \/>\n&#8211; Cavo di ricarica USB (x1)<br \/>\n&#8211; Libretto di istruzioni.<br \/>\n&#8211; Maggiori informazioni su: lummic.com<br \/>\nCAMBIA IL MODO DI ALLENARSI<br \/>\nLUMMIC PER IL FITNESS: fai allenamenti diversi. Con Lummic, i tuoi allenamenti possono essere molto pi\u00f9 dinamici e creativi. Individualmente o in gruppo.<br \/>\nSfide a due, gare a tempo, sfide continue, divertimento&#8230; mentre progredisci e migliori giorno dopo giorno.<br \/>\nPotrai seguire i tuoi progressi grazie all&#8217;applicazione sul tuo cellulare per migliorare in ogni allenamento.<br \/>\nLUMMIC PER LO SPORT: Il miglior strumento per testare e migliorare le prestazioni sportive. Per tutti gli sport, individuali o di squadra.<br \/>\nIncorporando LUMMIC nel tuo allenamento, potrai migliorare la tua capacit\u00e0 di reazione, la tua distribuzione nello spazio, la tua velocit\u00e0 e generare uno stimolo costante tra i tuoi colleghi per ottenere maggiori progressi.<br \/>\nInoltre, grazie all&#8217;applicazione, puoi fare confronti con il passato e vedere come si \u00e8 evoluta ogni sessione di allenamento.<br \/>\nGIOCHI DI ABILIT\u00c0, REAZIONE E INTELLIGENZA<br \/>\nLUMMIC PER I BAMBINI: se integri Lummic nei giochi con i bambini, li aiuterai a migliorare le loro abilit\u00e0 cognitive e sociali in modo divertente, senza che si rendano conto che stanno imparando.<br \/>\nCoordinazione, relazioni sociali, giochi di velocit\u00e0, distribuzione spaziale, associazione di colori e suoni, riflessi&#8230; Il tutto utilizzando i vari programmi gi\u00e0 installati nell&#8217;applicazione.<br \/>\nLUMMIC PER ANZIANI: A volte non sappiamo come coinvolgere gli anziani in attivit\u00e0 che migliorino le loro capacit\u00e0. Con Lummic questo problema \u00e8 risolto.<br \/>\nIndividualmente o con gli amici, puoi organizzare giochi per migliorare l&#8217;udito, esercizi di memoria, mobilit\u00e0 e persino le relazioni sociali. Tutti con livelli diversi per adattarsi a tutti e crescere.<br \/>\nAPP OFICIAL LUMMIC: programma i tuoi allenamenti\/giochi e controlla i tuoi progressi tramite l&#8217;app, con programmi predefiniti e programmi che puoi personalizzare e adattare alle tue esigenze. App disponibile per iOS e Android.    <\/p>\n","protected":false},"excerpt":{"rendered":"<p>Lummic \u00e8 un sistema di allenamento basato sulla luce e sulla reazione uditiva. Ti permette di sviluppare velocit\u00e0, riflessi, capacit\u00e0 di reazione, associazione di elementi, movimento nello spazio, memoria&#8230; Lummic \u00e8 per tutti! LUMMIC \u00e8 stato progettato per atleti, bambini e anziani. Ha infinite possibilit\u00e0 e modalit\u00e0 che ti permettono di evolvere e migliorare la [&hellip;]<\/p>\n","protected":false},"featured_media":521580,"comment_status":"open","ping_status":"closed","template":"","meta":{"inline_featured_image":false},"product_brand":[],"product_cat":[2049,2048],"product_tag":[2317],"sport":[73],"class_list":{"0":"post-458049","1":"product","2":"type-product","3":"status-publish","4":"has-post-thumbnail","6":"product_cat-attrezzature-per-lallenamento-del-karate","7":"product_cat-attrezzature-per-la-formazione","8":"product_tag-lummica","9":"pa_size-sans-taille-defaut","10":"sport-karate","12":"first","13":"instock","14":"taxable","15":"shipping-taxable","16":"purchasable","17":"product-type-simple"},"yoast_head":"<!-- This site is optimized with the Yoast SEO plugin v27.2 - https:\/\/yoast.com\/product\/yoast-seo-wordpress\/ -->\n<title>Kit di formazione per luci e suoni LUMMIC &#8211; Daisho<\/title>\n<meta name=\"description\" content=\"Hai bisogno di un kit interattivo e intuitivo per le tue sessioni di allenamento? Lummic ha il kit di luci e suoni che fa per te. Trovalo su www.daisho.be|Daisho\" \/>\n<meta name=\"robots\" content=\"index, follow, max-snippet:-1, max-image-preview:large, max-video-preview:-1\" \/>\n<link rel=\"canonical\" href=\"https:\/\/www.daisho.be\/it\/produit\/kit-di-formazione-per-luci-e-suoni-lummic\/\" \/>\n<meta property=\"og:locale\" content=\"it_IT\" \/>\n<meta property=\"og:type\" content=\"article\" \/>\n<meta property=\"og:title\" content=\"Kit di formazione per luci e suoni LUMMIC &#8211; Daisho\" \/>\n<meta property=\"og:description\" content=\"Hai bisogno di un kit interattivo e intuitivo per le tue sessioni di allenamento? Lummic ha il kit di luci e suoni che fa per te. Trovalo su www.daisho.be|Daisho\" \/>\n<meta property=\"og:url\" content=\"https:\/\/www.daisho.be\/it\/produit\/kit-di-formazione-per-luci-e-suoni-lummic\/\" \/>\n<meta property=\"og:site_name\" content=\"Daisho\" \/>\n<meta property=\"article:modified_time\" content=\"2026-02-16T10:56:50+00:00\" \/>\n<meta property=\"og:image\" content=\"https:\/\/www.daisho.be\/wp-content\/uploads\/2025\/05\/image-23.jpg\" \/>\n\t<meta property=\"og:image:width\" content=\"1000\" \/>\n\t<meta property=\"og:image:height\" content=\"1000\" \/>\n\t<meta property=\"og:image:type\" content=\"image\/jpeg\" \/>\n<meta name=\"twitter:card\" content=\"summary_large_image\" \/>\n<meta name=\"twitter:label1\" content=\"Tempo di lettura stimato\" \/>\n\t<meta name=\"twitter:data1\" content=\"2 minuti\" \/>\n<script type=\"application\/ld+json\" class=\"yoast-schema-graph\">{\"@context\":\"https:\/\/schema.org\",\"@graph\":[{\"@type\":\"WebPage\",\"@id\":\"https:\/\/www.daisho.be\/it\/produit\/kit-di-formazione-per-luci-e-suoni-lummic\/\",\"url\":\"https:\/\/www.daisho.be\/it\/produit\/kit-di-formazione-per-luci-e-suoni-lummic\/\",\"name\":\"Kit di formazione per luci e suoni LUMMIC &#8211; Daisho\",\"isPartOf\":{\"@id\":\"https:\/\/www.daisho.be\/it\/#website\"},\"primaryImageOfPage\":{\"@id\":\"https:\/\/www.daisho.be\/it\/produit\/kit-di-formazione-per-luci-e-suoni-lummic\/#primaryimage\"},\"image\":{\"@id\":\"https:\/\/www.daisho.be\/it\/produit\/kit-di-formazione-per-luci-e-suoni-lummic\/#primaryimage\"},\"thumbnailUrl\":\"https:\/\/www.daisho.be\/wp-content\/uploads\/2025\/05\/image-23.jpg\",\"datePublished\":\"2021-09-14T12:43:01+00:00\",\"dateModified\":\"2026-02-16T10:56:50+00:00\",\"description\":\"Hai bisogno di un kit interattivo e intuitivo per le tue sessioni di allenamento? Lummic ha il kit di luci e suoni che fa per te. Trovalo su www.daisho.be|Daisho\",\"breadcrumb\":{\"@id\":\"https:\/\/www.daisho.be\/it\/produit\/kit-di-formazione-per-luci-e-suoni-lummic\/#breadcrumb\"},\"inLanguage\":\"it-IT\",\"potentialAction\":[{\"@type\":\"ReadAction\",\"target\":[\"https:\/\/www.daisho.be\/it\/produit\/kit-di-formazione-per-luci-e-suoni-lummic\/\"]}]},{\"@type\":\"ImageObject\",\"inLanguage\":\"it-IT\",\"@id\":\"https:\/\/www.daisho.be\/it\/produit\/kit-di-formazione-per-luci-e-suoni-lummic\/#primaryimage\",\"url\":\"https:\/\/www.daisho.be\/wp-content\/uploads\/2025\/05\/image-23.jpg\",\"contentUrl\":\"https:\/\/www.daisho.be\/wp-content\/uploads\/2025\/05\/image-23.jpg\",\"width\":1000,\"height\":1000,\"caption\":\"Kit di allenamento con luci e suoni LUMMIC-1\"},{\"@type\":\"BreadcrumbList\",\"@id\":\"https:\/\/www.daisho.be\/it\/produit\/kit-di-formazione-per-luci-e-suoni-lummic\/#breadcrumb\",\"itemListElement\":[{\"@type\":\"ListItem\",\"position\":1,\"name\":\"Accueil\",\"item\":\"https:\/\/www.daisho.be\/it\/\"},{\"@type\":\"ListItem\",\"position\":2,\"name\":\"Prodotti\",\"item\":\"https:\/\/www.daisho.be\/it\/prodotti\/\"},{\"@type\":\"ListItem\",\"position\":3,\"name\":\"Attrezzature e abbigliamento per arti marziali e sport da combattimento\",\"item\":\"https:\/\/www.daisho.be\/it\/categorie-produit\/attrezzature-e-abbigliamento-per-arti-marziali-e-sport-da-combattimento\/\"},{\"@type\":\"ListItem\",\"position\":4,\"name\":\"Karate\",\"item\":\"https:\/\/www.daisho.be\/it\/categorie-produit\/attrezzature-e-abbigliamento-per-arti-marziali-e-sport-da-combattimento\/karate-it-2\/\"},{\"@type\":\"ListItem\",\"position\":5,\"name\":\"Attrezzature per l'allenamento del karate\",\"item\":\"https:\/\/www.daisho.be\/it\/categorie-produit\/attrezzature-e-abbigliamento-per-arti-marziali-e-sport-da-combattimento\/karate-it-2\/attrezzature-per-lallenamento-del-karate\/\"},{\"@type\":\"ListItem\",\"position\":6,\"name\":\"Kit di formazione per luci e suoni LUMMIC\"}]},{\"@type\":\"WebSite\",\"@id\":\"https:\/\/www.daisho.be\/it\/#website\",\"url\":\"https:\/\/www.daisho.be\/it\/\",\"name\":\"Daisho\",\"description\":\"Sp&eacute;cialiste de l'&eacute;quipement sportif d'arts martiaux\",\"publisher\":{\"@id\":\"https:\/\/www.daisho.be\/it\/#organization\"},\"potentialAction\":[{\"@type\":\"SearchAction\",\"target\":{\"@type\":\"EntryPoint\",\"urlTemplate\":\"https:\/\/www.daisho.be\/it\/?s={search_term_string}\"},\"query-input\":{\"@type\":\"PropertyValueSpecification\",\"valueRequired\":true,\"valueName\":\"search_term_string\"}}],\"inLanguage\":\"it-IT\"},{\"@type\":\"Organization\",\"@id\":\"https:\/\/www.daisho.be\/it\/#organization\",\"name\":\"Daisho\",\"url\":\"https:\/\/www.daisho.be\/it\/\",\"logo\":{\"@type\":\"ImageObject\",\"inLanguage\":\"it-IT\",\"@id\":\"https:\/\/www.daisho.be\/it\/#\/schema\/logo\/image\/\",\"url\":\"https:\/\/www.daisho.be\/wp-content\/uploads\/2019\/07\/color-nothing-horizontale4x-e1564486100247.png\",\"contentUrl\":\"https:\/\/www.daisho.be\/wp-content\/uploads\/2019\/07\/color-nothing-horizontale4x-e1564486100247.png\",\"width\":1547,\"height\":385,\"caption\":\"Daisho\"},\"image\":{\"@id\":\"https:\/\/www.daisho.be\/it\/#\/schema\/logo\/image\/\"}}]}<\/script>\n<!-- \/ Yoast SEO plugin. -->","yoast_head_json":{"title":"Kit di formazione per luci e suoni LUMMIC &#8211; Daisho","description":"Hai bisogno di un kit interattivo e intuitivo per le tue sessioni di allenamento? Lummic ha il kit di luci e suoni che fa per te. Trovalo su www.daisho.be|Daisho","robots":{"index":"index","follow":"follow","max-snippet":"max-snippet:-1","max-image-preview":"max-image-preview:large","max-video-preview":"max-video-preview:-1"},"canonical":"https:\/\/www.daisho.be\/it\/produit\/kit-di-formazione-per-luci-e-suoni-lummic\/","og_locale":"it_IT","og_type":"article","og_title":"Kit di formazione per luci e suoni LUMMIC &#8211; Daisho","og_description":"Hai bisogno di un kit interattivo e intuitivo per le tue sessioni di allenamento? Lummic ha il kit di luci e suoni che fa per te. Trovalo su www.daisho.be|Daisho","og_url":"https:\/\/www.daisho.be\/it\/produit\/kit-di-formazione-per-luci-e-suoni-lummic\/","og_site_name":"Daisho","article_modified_time":"2026-02-16T10:56:50+00:00","og_image":[{"width":1000,"height":1000,"url":"https:\/\/www.daisho.be\/wp-content\/uploads\/2025\/05\/image-23.jpg","type":"image\/jpeg"}],"twitter_card":"summary_large_image","twitter_misc":{"Tempo di lettura stimato":"2 minuti"},"schema":{"@context":"https:\/\/schema.org","@graph":[{"@type":"WebPage","@id":"https:\/\/www.daisho.be\/it\/produit\/kit-di-formazione-per-luci-e-suoni-lummic\/","url":"https:\/\/www.daisho.be\/it\/produit\/kit-di-formazione-per-luci-e-suoni-lummic\/","name":"Kit di formazione per luci e suoni LUMMIC &#8211; Daisho","isPartOf":{"@id":"https:\/\/www.daisho.be\/it\/#website"},"primaryImageOfPage":{"@id":"https:\/\/www.daisho.be\/it\/produit\/kit-di-formazione-per-luci-e-suoni-lummic\/#primaryimage"},"image":{"@id":"https:\/\/www.daisho.be\/it\/produit\/kit-di-formazione-per-luci-e-suoni-lummic\/#primaryimage"},"thumbnailUrl":"https:\/\/www.daisho.be\/wp-content\/uploads\/2025\/05\/image-23.jpg","datePublished":"2021-09-14T12:43:01+00:00","dateModified":"2026-02-16T10:56:50+00:00","description":"Hai bisogno di un kit interattivo e intuitivo per le tue sessioni di allenamento? Lummic ha il kit di luci e suoni che fa per te. Trovalo su www.daisho.be|Daisho","breadcrumb":{"@id":"https:\/\/www.daisho.be\/it\/produit\/kit-di-formazione-per-luci-e-suoni-lummic\/#breadcrumb"},"inLanguage":"it-IT","potentialAction":[{"@type":"ReadAction","target":["https:\/\/www.daisho.be\/it\/produit\/kit-di-formazione-per-luci-e-suoni-lummic\/"]}]},{"@type":"ImageObject","inLanguage":"it-IT","@id":"https:\/\/www.daisho.be\/it\/produit\/kit-di-formazione-per-luci-e-suoni-lummic\/#primaryimage","url":"https:\/\/www.daisho.be\/wp-content\/uploads\/2025\/05\/image-23.jpg","contentUrl":"https:\/\/www.daisho.be\/wp-content\/uploads\/2025\/05\/image-23.jpg","width":1000,"height":1000,"caption":"Kit di allenamento con luci e suoni LUMMIC-1"},{"@type":"BreadcrumbList","@id":"https:\/\/www.daisho.be\/it\/produit\/kit-di-formazione-per-luci-e-suoni-lummic\/#breadcrumb","itemListElement":[{"@type":"ListItem","position":1,"name":"Accueil","item":"https:\/\/www.daisho.be\/it\/"},{"@type":"ListItem","position":2,"name":"Prodotti","item":"https:\/\/www.daisho.be\/it\/prodotti\/"},{"@type":"ListItem","position":3,"name":"Attrezzature e abbigliamento per arti marziali e sport da combattimento","item":"https:\/\/www.daisho.be\/it\/categorie-produit\/attrezzature-e-abbigliamento-per-arti-marziali-e-sport-da-combattimento\/"},{"@type":"ListItem","position":4,"name":"Karate","item":"https:\/\/www.daisho.be\/it\/categorie-produit\/attrezzature-e-abbigliamento-per-arti-marziali-e-sport-da-combattimento\/karate-it-2\/"},{"@type":"ListItem","position":5,"name":"Attrezzature per l'allenamento del karate","item":"https:\/\/www.daisho.be\/it\/categorie-produit\/attrezzature-e-abbigliamento-per-arti-marziali-e-sport-da-combattimento\/karate-it-2\/attrezzature-per-lallenamento-del-karate\/"},{"@type":"ListItem","position":6,"name":"Kit di formazione per luci e suoni LUMMIC"}]},{"@type":"WebSite","@id":"https:\/\/www.daisho.be\/it\/#website","url":"https:\/\/www.daisho.be\/it\/","name":"Daisho","description":"Sp&eacute;cialiste de l'&eacute;quipement sportif d'arts martiaux","publisher":{"@id":"https:\/\/www.daisho.be\/it\/#organization"},"potentialAction":[{"@type":"SearchAction","target":{"@type":"EntryPoint","urlTemplate":"https:\/\/www.daisho.be\/it\/?s={search_term_string}"},"query-input":{"@type":"PropertyValueSpecification","valueRequired":true,"valueName":"search_term_string"}}],"inLanguage":"it-IT"},{"@type":"Organization","@id":"https:\/\/www.daisho.be\/it\/#organization","name":"Daisho","url":"https:\/\/www.daisho.be\/it\/","logo":{"@type":"ImageObject","inLanguage":"it-IT","@id":"https:\/\/www.daisho.be\/it\/#\/schema\/logo\/image\/","url":"https:\/\/www.daisho.be\/wp-content\/uploads\/2019\/07\/color-nothing-horizontale4x-e1564486100247.png","contentUrl":"https:\/\/www.daisho.be\/wp-content\/uploads\/2019\/07\/color-nothing-horizontale4x-e1564486100247.png","width":1547,"height":385,"caption":"Daisho"},"image":{"@id":"https:\/\/www.daisho.be\/it\/#\/schema\/logo\/image\/"}}]}},"_links":{"self":[{"href":"https:\/\/www.daisho.be\/it\/wp-json\/wp\/v2\/product\/458049","targetHints":{"allow":["GET"]}}],"collection":[{"href":"https:\/\/www.daisho.be\/it\/wp-json\/wp\/v2\/product"}],"about":[{"href":"https:\/\/www.daisho.be\/it\/wp-json\/wp\/v2\/types\/product"}],"replies":[{"embeddable":true,"href":"https:\/\/www.daisho.be\/it\/wp-json\/wp\/v2\/comments?post=458049"}],"wp:featuredmedia":[{"embeddable":true,"href":"https:\/\/www.daisho.be\/it\/wp-json\/wp\/v2\/media\/521580"}],"wp:attachment":[{"href":"https:\/\/www.daisho.be\/it\/wp-json\/wp\/v2\/media?parent=458049"}],"wp:term":[{"taxonomy":"product_brand","embeddable":true,"href":"https:\/\/www.daisho.be\/it\/wp-json\/wp\/v2\/product_brand?post=458049"},{"taxonomy":"product_cat","embeddable":true,"href":"https:\/\/www.daisho.be\/it\/wp-json\/wp\/v2\/product_cat?post=458049"},{"taxonomy":"product_tag","embeddable":true,"href":"https:\/\/www.daisho.be\/it\/wp-json\/wp\/v2\/product_tag?post=458049"},{"taxonomy":"sport","embeddable":true,"href":"https:\/\/www.daisho.be\/it\/wp-json\/wp\/v2\/sport?post=458049"}],"curies":[{"name":"wp","href":"https:\/\/api.w.org\/{rel}","templated":true}]}}