{"id":458014,"date":"2021-09-14T16:36:38","date_gmt":"2021-09-14T14:36:38","guid":{"rendered":"https:\/\/www.daisho.be\/produit\/adidas-sacco-da-boxe-uppercut\/"},"modified":"2025-11-18T15:01:12","modified_gmt":"2025-11-18T14:01:12","slug":"adidas-sacco-da-boxe-uppercut","status":"publish","type":"product","link":"https:\/\/www.daisho.be\/it\/produit\/adidas-sacco-da-boxe-uppercut\/","title":{"rendered":"adidas Sacco da boxe Uppercut"},"content":{"rendered":"<p>Il sacco da boxe uppercut \u00e8 realizzato in robusta pelle.<br \/>\nQuesto sacco da boxe uppercut \u00e8 ideale per allenare una serie di pugni, compreso l&#8217;importantissimo montante.<br \/>\nIl sacco da boxe \u00e8 estremamente resistente e rappresenta un&#8217;ottima aggiunta a qualsiasi casa o palestra. Stai cercando un compagno di allenamento ideale per sferrare una serie di pugni? Allora questo sacco da boxe \u00e8 quello che fa per te.<br \/>\nIl sacco da boxe adidas Uppercut \u00e8 adatto a tutti e soprattutto a chi vuole prestare particolare attenzione ai pugni.<br \/>\nAdatto anche per le ginocchia.<br \/>\nVantaggi:<br \/>\n&#8211; resistente e adatto a tutti<br \/>\n&#8211; PU3G &#8211; scansionato per la tua sicurezza<br \/>\n&#8211; per la casa e la palestra<br \/>\n&#8211; ideale per pugni e calci<br \/>\n&#8211; viene fornito con una catena a 4 punti<br \/>\n&#8211; Peso approssimativo: 36 kg  <\/p>\n","protected":false},"excerpt":{"rendered":"<p>Il sacco da boxe uppercut \u00e8 realizzato in robusta pelle. Questo sacco da boxe uppercut \u00e8 ideale per allenare una serie di pugni, compreso l&#8217;importantissimo montante. Il sacco da boxe \u00e8 estremamente resistente e rappresenta un&#8217;ottima aggiunta a qualsiasi casa o palestra. Stai cercando un compagno di allenamento ideale per sferrare una serie di pugni? [&hellip;]<\/p>\n","protected":false},"featured_media":458017,"comment_status":"closed","ping_status":"closed","template":"","meta":{"inline_featured_image":false},"product_brand":[],"product_cat":[2255,2281,2250,2249],"product_tag":[2176,2553],"sport":[],"class_list":{"0":"post-458014","1":"product","2":"type-product","3":"status-publish","4":"has-post-thumbnail","6":"product_cat-sacchi-da-boxe-e-accessori-da-allenamento-adidas-taekwondo","7":"product_cat-sacchi-da-boxe-e-accessori-per-lallenamento-it","8":"product_cat-sacchi-da-boxe-e-accessori-per-lallenamento","9":"product_cat-sacchi-da-boxe-e-accessori-per-lallenamento-del-karate","10":"product_tag-adidas-it","11":"product_tag-citazione","12":"product_shipping_class-prodotti-pesanti","13":"pa_size-sans-taille-defaut","15":"first","16":"instock","17":"taxable","18":"shipping-taxable","19":"purchasable","20":"product-type-simple"},"yoast_head":"<!-- This site is optimized with the Yoast SEO plugin v27.2 - https:\/\/yoast.com\/product\/yoast-seo-wordpress\/ -->\n<title>adidas Sacco da boxe Uppercut &#8211; Daisho<\/title>\n<meta name=\"description\" content=\"Il sacco da boxe uppercut \u00e8 realizzato in pelle robusta ed \u00e8 ideale per allenare una serie di pugni, compreso l&#039;importantissimo montante.\" \/>\n<meta name=\"robots\" content=\"index, follow, max-snippet:-1, max-image-preview:large, max-video-preview:-1\" \/>\n<link rel=\"canonical\" href=\"https:\/\/www.daisho.be\/it\/produit\/adidas-sacco-da-boxe-uppercut\/\" \/>\n<meta property=\"og:locale\" content=\"it_IT\" \/>\n<meta property=\"og:type\" content=\"article\" \/>\n<meta property=\"og:title\" content=\"adidas Sacco da boxe Uppercut &#8211; Daisho\" \/>\n<meta property=\"og:description\" content=\"Il sacco da boxe uppercut \u00e8 realizzato in pelle robusta ed \u00e8 ideale per allenare una serie di pugni, compreso l&#039;importantissimo montante.\" \/>\n<meta property=\"og:url\" content=\"https:\/\/www.daisho.be\/it\/produit\/adidas-sacco-da-boxe-uppercut\/\" \/>\n<meta property=\"og:site_name\" content=\"Daisho\" \/>\n<meta property=\"article:modified_time\" content=\"2025-11-18T14:01:12+00:00\" \/>\n<meta property=\"og:image\" content=\"https:\/\/www.daisho.be\/wp-content\/uploads\/2023\/06\/image-15.jpg\" \/>\n\t<meta property=\"og:image:width\" content=\"1920\" \/>\n\t<meta property=\"og:image:height\" content=\"1920\" \/>\n\t<meta property=\"og:image:type\" content=\"image\/jpeg\" \/>\n<meta name=\"twitter:card\" content=\"summary_large_image\" \/>\n<meta name=\"twitter:label1\" content=\"Tempo di lettura stimato\" \/>\n\t<meta name=\"twitter:data1\" content=\"1 minuto\" \/>\n<script type=\"application\/ld+json\" class=\"yoast-schema-graph\">{\"@context\":\"https:\/\/schema.org\",\"@graph\":[{\"@type\":\"WebPage\",\"@id\":\"https:\/\/www.daisho.be\/it\/produit\/adidas-sacco-da-boxe-uppercut\/\",\"url\":\"https:\/\/www.daisho.be\/it\/produit\/adidas-sacco-da-boxe-uppercut\/\",\"name\":\"adidas Sacco da boxe Uppercut &#8211; Daisho\",\"isPartOf\":{\"@id\":\"https:\/\/www.daisho.be\/it\/#website\"},\"primaryImageOfPage\":{\"@id\":\"https:\/\/www.daisho.be\/it\/produit\/adidas-sacco-da-boxe-uppercut\/#primaryimage\"},\"image\":{\"@id\":\"https:\/\/www.daisho.be\/it\/produit\/adidas-sacco-da-boxe-uppercut\/#primaryimage\"},\"thumbnailUrl\":\"https:\/\/www.daisho.be\/wp-content\/uploads\/2023\/06\/image-15.jpg\",\"datePublished\":\"2021-09-14T14:36:38+00:00\",\"dateModified\":\"2025-11-18T14:01:12+00:00\",\"description\":\"Il sacco da boxe uppercut \u00e8 realizzato in pelle robusta ed \u00e8 ideale per allenare una serie di pugni, compreso l'importantissimo montante.\",\"breadcrumb\":{\"@id\":\"https:\/\/www.daisho.be\/it\/produit\/adidas-sacco-da-boxe-uppercut\/#breadcrumb\"},\"inLanguage\":\"it-IT\",\"potentialAction\":[{\"@type\":\"ReadAction\",\"target\":[\"https:\/\/www.daisho.be\/it\/produit\/adidas-sacco-da-boxe-uppercut\/\"]}]},{\"@type\":\"ImageObject\",\"inLanguage\":\"it-IT\",\"@id\":\"https:\/\/www.daisho.be\/it\/produit\/adidas-sacco-da-boxe-uppercut\/#primaryimage\",\"url\":\"https:\/\/www.daisho.be\/wp-content\/uploads\/2023\/06\/image-15.jpg\",\"contentUrl\":\"https:\/\/www.daisho.be\/wp-content\/uploads\/2023\/06\/image-15.jpg\",\"width\":1920,\"height\":1920,\"caption\":\"Sacco da boxe adidas Uppercut-1\"},{\"@type\":\"BreadcrumbList\",\"@id\":\"https:\/\/www.daisho.be\/it\/produit\/adidas-sacco-da-boxe-uppercut\/#breadcrumb\",\"itemListElement\":[{\"@type\":\"ListItem\",\"position\":1,\"name\":\"Accueil\",\"item\":\"https:\/\/www.daisho.be\/it\/\"},{\"@type\":\"ListItem\",\"position\":2,\"name\":\"Prodotti\",\"item\":\"https:\/\/www.daisho.be\/it\/prodotti\/\"},{\"@type\":\"ListItem\",\"position\":3,\"name\":\"ADIDAS SPORT DA COMBATTIMENTO\",\"item\":\"https:\/\/www.daisho.be\/it\/categorie-produit\/adidas-sport-da-combattimento\/\"},{\"@type\":\"ListItem\",\"position\":4,\"name\":\"Taekwondo\",\"item\":\"https:\/\/www.daisho.be\/it\/categorie-produit\/adidas-sport-da-combattimento\/taekwondo-it\/\"},{\"@type\":\"ListItem\",\"position\":5,\"name\":\"Sacchi da boxe e accessori da allenamento Adidas Taekwondo\",\"item\":\"https:\/\/www.daisho.be\/it\/categorie-produit\/adidas-sport-da-combattimento\/taekwondo-it\/sacchi-da-boxe-e-accessori-da-allenamento-adidas-taekwondo\/\"},{\"@type\":\"ListItem\",\"position\":6,\"name\":\"adidas Sacco da boxe Uppercut\"}]},{\"@type\":\"WebSite\",\"@id\":\"https:\/\/www.daisho.be\/it\/#website\",\"url\":\"https:\/\/www.daisho.be\/it\/\",\"name\":\"Daisho\",\"description\":\"Sp&eacute;cialiste de l'&eacute;quipement sportif d'arts martiaux\",\"publisher\":{\"@id\":\"https:\/\/www.daisho.be\/it\/#organization\"},\"potentialAction\":[{\"@type\":\"SearchAction\",\"target\":{\"@type\":\"EntryPoint\",\"urlTemplate\":\"https:\/\/www.daisho.be\/it\/?s={search_term_string}\"},\"query-input\":{\"@type\":\"PropertyValueSpecification\",\"valueRequired\":true,\"valueName\":\"search_term_string\"}}],\"inLanguage\":\"it-IT\"},{\"@type\":\"Organization\",\"@id\":\"https:\/\/www.daisho.be\/it\/#organization\",\"name\":\"Daisho\",\"url\":\"https:\/\/www.daisho.be\/it\/\",\"logo\":{\"@type\":\"ImageObject\",\"inLanguage\":\"it-IT\",\"@id\":\"https:\/\/www.daisho.be\/it\/#\/schema\/logo\/image\/\",\"url\":\"https:\/\/www.daisho.be\/wp-content\/uploads\/2019\/07\/color-nothing-horizontale4x-e1564486100247.png\",\"contentUrl\":\"https:\/\/www.daisho.be\/wp-content\/uploads\/2019\/07\/color-nothing-horizontale4x-e1564486100247.png\",\"width\":1547,\"height\":385,\"caption\":\"Daisho\"},\"image\":{\"@id\":\"https:\/\/www.daisho.be\/it\/#\/schema\/logo\/image\/\"}}]}<\/script>\n<!-- \/ Yoast SEO plugin. -->","yoast_head_json":{"title":"adidas Sacco da boxe Uppercut &#8211; Daisho","description":"Il sacco da boxe uppercut \u00e8 realizzato in pelle robusta ed \u00e8 ideale per allenare una serie di pugni, compreso l'importantissimo montante.","robots":{"index":"index","follow":"follow","max-snippet":"max-snippet:-1","max-image-preview":"max-image-preview:large","max-video-preview":"max-video-preview:-1"},"canonical":"https:\/\/www.daisho.be\/it\/produit\/adidas-sacco-da-boxe-uppercut\/","og_locale":"it_IT","og_type":"article","og_title":"adidas Sacco da boxe Uppercut &#8211; Daisho","og_description":"Il sacco da boxe uppercut \u00e8 realizzato in pelle robusta ed \u00e8 ideale per allenare una serie di pugni, compreso l'importantissimo montante.","og_url":"https:\/\/www.daisho.be\/it\/produit\/adidas-sacco-da-boxe-uppercut\/","og_site_name":"Daisho","article_modified_time":"2025-11-18T14:01:12+00:00","og_image":[{"width":1920,"height":1920,"url":"https:\/\/www.daisho.be\/wp-content\/uploads\/2023\/06\/image-15.jpg","type":"image\/jpeg"}],"twitter_card":"summary_large_image","twitter_misc":{"Tempo di lettura stimato":"1 minuto"},"schema":{"@context":"https:\/\/schema.org","@graph":[{"@type":"WebPage","@id":"https:\/\/www.daisho.be\/it\/produit\/adidas-sacco-da-boxe-uppercut\/","url":"https:\/\/www.daisho.be\/it\/produit\/adidas-sacco-da-boxe-uppercut\/","name":"adidas Sacco da boxe Uppercut &#8211; Daisho","isPartOf":{"@id":"https:\/\/www.daisho.be\/it\/#website"},"primaryImageOfPage":{"@id":"https:\/\/www.daisho.be\/it\/produit\/adidas-sacco-da-boxe-uppercut\/#primaryimage"},"image":{"@id":"https:\/\/www.daisho.be\/it\/produit\/adidas-sacco-da-boxe-uppercut\/#primaryimage"},"thumbnailUrl":"https:\/\/www.daisho.be\/wp-content\/uploads\/2023\/06\/image-15.jpg","datePublished":"2021-09-14T14:36:38+00:00","dateModified":"2025-11-18T14:01:12+00:00","description":"Il sacco da boxe uppercut \u00e8 realizzato in pelle robusta ed \u00e8 ideale per allenare una serie di pugni, compreso l'importantissimo montante.","breadcrumb":{"@id":"https:\/\/www.daisho.be\/it\/produit\/adidas-sacco-da-boxe-uppercut\/#breadcrumb"},"inLanguage":"it-IT","potentialAction":[{"@type":"ReadAction","target":["https:\/\/www.daisho.be\/it\/produit\/adidas-sacco-da-boxe-uppercut\/"]}]},{"@type":"ImageObject","inLanguage":"it-IT","@id":"https:\/\/www.daisho.be\/it\/produit\/adidas-sacco-da-boxe-uppercut\/#primaryimage","url":"https:\/\/www.daisho.be\/wp-content\/uploads\/2023\/06\/image-15.jpg","contentUrl":"https:\/\/www.daisho.be\/wp-content\/uploads\/2023\/06\/image-15.jpg","width":1920,"height":1920,"caption":"Sacco da boxe adidas Uppercut-1"},{"@type":"BreadcrumbList","@id":"https:\/\/www.daisho.be\/it\/produit\/adidas-sacco-da-boxe-uppercut\/#breadcrumb","itemListElement":[{"@type":"ListItem","position":1,"name":"Accueil","item":"https:\/\/www.daisho.be\/it\/"},{"@type":"ListItem","position":2,"name":"Prodotti","item":"https:\/\/www.daisho.be\/it\/prodotti\/"},{"@type":"ListItem","position":3,"name":"ADIDAS SPORT DA COMBATTIMENTO","item":"https:\/\/www.daisho.be\/it\/categorie-produit\/adidas-sport-da-combattimento\/"},{"@type":"ListItem","position":4,"name":"Taekwondo","item":"https:\/\/www.daisho.be\/it\/categorie-produit\/adidas-sport-da-combattimento\/taekwondo-it\/"},{"@type":"ListItem","position":5,"name":"Sacchi da boxe e accessori da allenamento Adidas Taekwondo","item":"https:\/\/www.daisho.be\/it\/categorie-produit\/adidas-sport-da-combattimento\/taekwondo-it\/sacchi-da-boxe-e-accessori-da-allenamento-adidas-taekwondo\/"},{"@type":"ListItem","position":6,"name":"adidas Sacco da boxe Uppercut"}]},{"@type":"WebSite","@id":"https:\/\/www.daisho.be\/it\/#website","url":"https:\/\/www.daisho.be\/it\/","name":"Daisho","description":"Sp&eacute;cialiste de l'&eacute;quipement sportif d'arts martiaux","publisher":{"@id":"https:\/\/www.daisho.be\/it\/#organization"},"potentialAction":[{"@type":"SearchAction","target":{"@type":"EntryPoint","urlTemplate":"https:\/\/www.daisho.be\/it\/?s={search_term_string}"},"query-input":{"@type":"PropertyValueSpecification","valueRequired":true,"valueName":"search_term_string"}}],"inLanguage":"it-IT"},{"@type":"Organization","@id":"https:\/\/www.daisho.be\/it\/#organization","name":"Daisho","url":"https:\/\/www.daisho.be\/it\/","logo":{"@type":"ImageObject","inLanguage":"it-IT","@id":"https:\/\/www.daisho.be\/it\/#\/schema\/logo\/image\/","url":"https:\/\/www.daisho.be\/wp-content\/uploads\/2019\/07\/color-nothing-horizontale4x-e1564486100247.png","contentUrl":"https:\/\/www.daisho.be\/wp-content\/uploads\/2019\/07\/color-nothing-horizontale4x-e1564486100247.png","width":1547,"height":385,"caption":"Daisho"},"image":{"@id":"https:\/\/www.daisho.be\/it\/#\/schema\/logo\/image\/"}}]}},"_links":{"self":[{"href":"https:\/\/www.daisho.be\/it\/wp-json\/wp\/v2\/product\/458014","targetHints":{"allow":["GET"]}}],"collection":[{"href":"https:\/\/www.daisho.be\/it\/wp-json\/wp\/v2\/product"}],"about":[{"href":"https:\/\/www.daisho.be\/it\/wp-json\/wp\/v2\/types\/product"}],"replies":[{"embeddable":true,"href":"https:\/\/www.daisho.be\/it\/wp-json\/wp\/v2\/comments?post=458014"}],"wp:featuredmedia":[{"embeddable":true,"href":"https:\/\/www.daisho.be\/it\/wp-json\/wp\/v2\/media\/458017"}],"wp:attachment":[{"href":"https:\/\/www.daisho.be\/it\/wp-json\/wp\/v2\/media?parent=458014"}],"wp:term":[{"taxonomy":"product_brand","embeddable":true,"href":"https:\/\/www.daisho.be\/it\/wp-json\/wp\/v2\/product_brand?post=458014"},{"taxonomy":"product_cat","embeddable":true,"href":"https:\/\/www.daisho.be\/it\/wp-json\/wp\/v2\/product_cat?post=458014"},{"taxonomy":"product_tag","embeddable":true,"href":"https:\/\/www.daisho.be\/it\/wp-json\/wp\/v2\/product_tag?post=458014"},{"taxonomy":"sport","embeddable":true,"href":"https:\/\/www.daisho.be\/it\/wp-json\/wp\/v2\/sport?post=458014"}],"curies":[{"name":"wp","href":"https:\/\/api.w.org\/{rel}","templated":true}]}}