{"id":457997,"date":"2021-09-14T15:31:38","date_gmt":"2021-09-14T13:31:38","guid":{"rendered":"https:\/\/www.daisho.be\/produit\/supplementi-individuali-per-il-kit-di-allenamento-per-luci-e-suoni-lummic\/"},"modified":"2026-02-16T12:09:18","modified_gmt":"2026-02-16T11:09:18","slug":"supplementi-individuali-per-il-kit-di-allenamento-per-luci-e-suoni-lummic","status":"publish","type":"product","link":"https:\/\/www.daisho.be\/it\/produit\/supplementi-individuali-per-il-kit-di-allenamento-per-luci-e-suoni-lummic\/","title":{"rendered":"Supplementi individuali per il kit di allenamento per luci e suoni LUMMIC"},"content":{"rendered":"<p>Lummic \u00e8 un sistema di allenamento basato sulla luce e sulla reazione uditiva. Ti permette di sviluppare velocit\u00e0, riflessi, capacit\u00e0 di reazione, associazione di elementi, movimento nello spazio, memoria&#8230;<\/p>\n<p> Lummic \u00e8 per tutti! Per chi ha bisogno di Lummic extra e vuole acquistarli uno alla volta. Include: &#8211; Lummic (x1) &#8211; Cinghia di fissaggio del corpo (x1) &#8211; Ventosa (x1) &#8211; Magnete di fissaggio (x1) &#8211; Perno di fissaggio (\u00d825mm) (x1) &#8211; Cavo di ricarica USB (x1) &#8211; Libretto di istruzioni.<br \/>\nAPP OFICIAL LUMMIC: programma i tuoi allenamenti\/giochi e controlla i tuoi progressi tramite l&#8217;app, con programmi predefiniti e programmi che puoi personalizzare e adattare alle tue esigenze. App disponibile per iOS e Android.   <\/p>\n","protected":false},"excerpt":{"rendered":"<p>Lummic \u00e8 un sistema di allenamento basato sulla luce e sulla reazione uditiva. Ti permette di sviluppare velocit\u00e0, riflessi, capacit\u00e0 di reazione, associazione di elementi, movimento nello spazio, memoria&#8230; Lummic \u00e8 per tutti! Per chi ha bisogno di Lummic extra e vuole acquistarli uno alla volta. Include: &#8211; Lummic (x1) &#8211; Cinghia di fissaggio del [&hellip;]<\/p>\n","protected":false},"featured_media":458005,"comment_status":"open","ping_status":"closed","template":"","meta":{"inline_featured_image":false},"product_brand":[],"product_cat":[2049],"product_tag":[2317],"sport":[73],"class_list":{"0":"post-457997","1":"product","2":"type-product","3":"status-publish","4":"has-post-thumbnail","6":"product_cat-attrezzature-per-lallenamento-del-karate","7":"product_tag-lummica","8":"pa_size-sans-taille-defaut","9":"sport-karate","11":"first","12":"instock","13":"taxable","14":"shipping-taxable","15":"purchasable","16":"product-type-variable"},"yoast_head":"<!-- This site is optimized with the Yoast SEO plugin v27.2 - https:\/\/yoast.com\/product\/yoast-seo-wordpress\/ -->\n<title>Supplementi individuali per il kit di allenamento per luci e suoni LUMMIC &#8211; Daisho<\/title>\n<meta name=\"description\" content=\"Hai bisogno di un integratore individuale per il kit di allenamento Lummic? Scoprili sul nostro sito www.daisho.be|Daisho\" \/>\n<meta name=\"robots\" content=\"index, follow, max-snippet:-1, max-image-preview:large, max-video-preview:-1\" \/>\n<link rel=\"canonical\" href=\"https:\/\/www.daisho.be\/it\/produit\/supplementi-individuali-per-il-kit-di-allenamento-per-luci-e-suoni-lummic\/\" \/>\n<meta property=\"og:locale\" content=\"it_IT\" \/>\n<meta property=\"og:type\" content=\"article\" \/>\n<meta property=\"og:title\" content=\"Supplementi individuali per il kit di allenamento per luci e suoni LUMMIC &#8211; Daisho\" \/>\n<meta property=\"og:description\" content=\"Hai bisogno di un integratore individuale per il kit di allenamento Lummic? Scoprili sul nostro sito www.daisho.be|Daisho\" \/>\n<meta property=\"og:url\" content=\"https:\/\/www.daisho.be\/it\/produit\/supplementi-individuali-per-il-kit-di-allenamento-per-luci-e-suoni-lummic\/\" \/>\n<meta property=\"og:site_name\" content=\"Daisho\" \/>\n<meta property=\"article:modified_time\" content=\"2026-02-16T11:09:18+00:00\" \/>\n<meta property=\"og:image\" content=\"https:\/\/www.daisho.be\/wp-content\/uploads\/2022\/02\/image-9.jpg\" \/>\n\t<meta property=\"og:image:width\" content=\"1000\" \/>\n\t<meta property=\"og:image:height\" content=\"1000\" \/>\n\t<meta property=\"og:image:type\" content=\"image\/jpeg\" \/>\n<meta name=\"twitter:card\" content=\"summary_large_image\" \/>\n<meta name=\"twitter:label1\" content=\"Tempo di lettura stimato\" \/>\n\t<meta name=\"twitter:data1\" content=\"1 minuto\" \/>\n<script type=\"application\/ld+json\" class=\"yoast-schema-graph\">{\"@context\":\"https:\/\/schema.org\",\"@graph\":[{\"@type\":\"WebPage\",\"@id\":\"https:\/\/www.daisho.be\/it\/produit\/supplementi-individuali-per-il-kit-di-allenamento-per-luci-e-suoni-lummic\/\",\"url\":\"https:\/\/www.daisho.be\/it\/produit\/supplementi-individuali-per-il-kit-di-allenamento-per-luci-e-suoni-lummic\/\",\"name\":\"Supplementi individuali per il kit di allenamento per luci e suoni LUMMIC &#8211; Daisho\",\"isPartOf\":{\"@id\":\"https:\/\/www.daisho.be\/it\/#website\"},\"primaryImageOfPage\":{\"@id\":\"https:\/\/www.daisho.be\/it\/produit\/supplementi-individuali-per-il-kit-di-allenamento-per-luci-e-suoni-lummic\/#primaryimage\"},\"image\":{\"@id\":\"https:\/\/www.daisho.be\/it\/produit\/supplementi-individuali-per-il-kit-di-allenamento-per-luci-e-suoni-lummic\/#primaryimage\"},\"thumbnailUrl\":\"https:\/\/www.daisho.be\/wp-content\/uploads\/2022\/02\/image-9.jpg\",\"datePublished\":\"2021-09-14T13:31:38+00:00\",\"dateModified\":\"2026-02-16T11:09:18+00:00\",\"description\":\"Hai bisogno di un integratore individuale per il kit di allenamento Lummic? Scoprili sul nostro sito www.daisho.be|Daisho\",\"breadcrumb\":{\"@id\":\"https:\/\/www.daisho.be\/it\/produit\/supplementi-individuali-per-il-kit-di-allenamento-per-luci-e-suoni-lummic\/#breadcrumb\"},\"inLanguage\":\"it-IT\",\"potentialAction\":[{\"@type\":\"ReadAction\",\"target\":[\"https:\/\/www.daisho.be\/it\/produit\/supplementi-individuali-per-il-kit-di-allenamento-per-luci-e-suoni-lummic\/\"]}]},{\"@type\":\"ImageObject\",\"inLanguage\":\"it-IT\",\"@id\":\"https:\/\/www.daisho.be\/it\/produit\/supplementi-individuali-per-il-kit-di-allenamento-per-luci-e-suoni-lummic\/#primaryimage\",\"url\":\"https:\/\/www.daisho.be\/wp-content\/uploads\/2022\/02\/image-9.jpg\",\"contentUrl\":\"https:\/\/www.daisho.be\/wp-content\/uploads\/2022\/02\/image-9.jpg\",\"width\":1000,\"height\":1000,\"caption\":\"Supplementi individuali per il kit di addestramento alla luce e al suono LUMMIC-1\"},{\"@type\":\"BreadcrumbList\",\"@id\":\"https:\/\/www.daisho.be\/it\/produit\/supplementi-individuali-per-il-kit-di-allenamento-per-luci-e-suoni-lummic\/#breadcrumb\",\"itemListElement\":[{\"@type\":\"ListItem\",\"position\":1,\"name\":\"Accueil\",\"item\":\"https:\/\/www.daisho.be\/it\/\"},{\"@type\":\"ListItem\",\"position\":2,\"name\":\"Prodotti\",\"item\":\"https:\/\/www.daisho.be\/it\/prodotti\/\"},{\"@type\":\"ListItem\",\"position\":3,\"name\":\"Attrezzature e abbigliamento per arti marziali e sport da combattimento\",\"item\":\"https:\/\/www.daisho.be\/it\/categorie-produit\/attrezzature-e-abbigliamento-per-arti-marziali-e-sport-da-combattimento\/\"},{\"@type\":\"ListItem\",\"position\":4,\"name\":\"Karate\",\"item\":\"https:\/\/www.daisho.be\/it\/categorie-produit\/attrezzature-e-abbigliamento-per-arti-marziali-e-sport-da-combattimento\/karate-it-2\/\"},{\"@type\":\"ListItem\",\"position\":5,\"name\":\"Attrezzature per l'allenamento del karate\",\"item\":\"https:\/\/www.daisho.be\/it\/categorie-produit\/attrezzature-e-abbigliamento-per-arti-marziali-e-sport-da-combattimento\/karate-it-2\/attrezzature-per-lallenamento-del-karate\/\"},{\"@type\":\"ListItem\",\"position\":6,\"name\":\"Supplementi individuali per il kit di allenamento per luci e suoni LUMMIC\"}]},{\"@type\":\"WebSite\",\"@id\":\"https:\/\/www.daisho.be\/it\/#website\",\"url\":\"https:\/\/www.daisho.be\/it\/\",\"name\":\"Daisho\",\"description\":\"Sp&eacute;cialiste de l'&eacute;quipement sportif d'arts martiaux\",\"publisher\":{\"@id\":\"https:\/\/www.daisho.be\/it\/#organization\"},\"potentialAction\":[{\"@type\":\"SearchAction\",\"target\":{\"@type\":\"EntryPoint\",\"urlTemplate\":\"https:\/\/www.daisho.be\/it\/?s={search_term_string}\"},\"query-input\":{\"@type\":\"PropertyValueSpecification\",\"valueRequired\":true,\"valueName\":\"search_term_string\"}}],\"inLanguage\":\"it-IT\"},{\"@type\":\"Organization\",\"@id\":\"https:\/\/www.daisho.be\/it\/#organization\",\"name\":\"Daisho\",\"url\":\"https:\/\/www.daisho.be\/it\/\",\"logo\":{\"@type\":\"ImageObject\",\"inLanguage\":\"it-IT\",\"@id\":\"https:\/\/www.daisho.be\/it\/#\/schema\/logo\/image\/\",\"url\":\"https:\/\/www.daisho.be\/wp-content\/uploads\/2019\/07\/color-nothing-horizontale4x-e1564486100247.png\",\"contentUrl\":\"https:\/\/www.daisho.be\/wp-content\/uploads\/2019\/07\/color-nothing-horizontale4x-e1564486100247.png\",\"width\":1547,\"height\":385,\"caption\":\"Daisho\"},\"image\":{\"@id\":\"https:\/\/www.daisho.be\/it\/#\/schema\/logo\/image\/\"}}]}<\/script>\n<!-- \/ Yoast SEO plugin. -->","yoast_head_json":{"title":"Supplementi individuali per il kit di allenamento per luci e suoni LUMMIC &#8211; Daisho","description":"Hai bisogno di un integratore individuale per il kit di allenamento Lummic? Scoprili sul nostro sito www.daisho.be|Daisho","robots":{"index":"index","follow":"follow","max-snippet":"max-snippet:-1","max-image-preview":"max-image-preview:large","max-video-preview":"max-video-preview:-1"},"canonical":"https:\/\/www.daisho.be\/it\/produit\/supplementi-individuali-per-il-kit-di-allenamento-per-luci-e-suoni-lummic\/","og_locale":"it_IT","og_type":"article","og_title":"Supplementi individuali per il kit di allenamento per luci e suoni LUMMIC &#8211; Daisho","og_description":"Hai bisogno di un integratore individuale per il kit di allenamento Lummic? Scoprili sul nostro sito www.daisho.be|Daisho","og_url":"https:\/\/www.daisho.be\/it\/produit\/supplementi-individuali-per-il-kit-di-allenamento-per-luci-e-suoni-lummic\/","og_site_name":"Daisho","article_modified_time":"2026-02-16T11:09:18+00:00","og_image":[{"width":1000,"height":1000,"url":"https:\/\/www.daisho.be\/wp-content\/uploads\/2022\/02\/image-9.jpg","type":"image\/jpeg"}],"twitter_card":"summary_large_image","twitter_misc":{"Tempo di lettura stimato":"1 minuto"},"schema":{"@context":"https:\/\/schema.org","@graph":[{"@type":"WebPage","@id":"https:\/\/www.daisho.be\/it\/produit\/supplementi-individuali-per-il-kit-di-allenamento-per-luci-e-suoni-lummic\/","url":"https:\/\/www.daisho.be\/it\/produit\/supplementi-individuali-per-il-kit-di-allenamento-per-luci-e-suoni-lummic\/","name":"Supplementi individuali per il kit di allenamento per luci e suoni LUMMIC &#8211; Daisho","isPartOf":{"@id":"https:\/\/www.daisho.be\/it\/#website"},"primaryImageOfPage":{"@id":"https:\/\/www.daisho.be\/it\/produit\/supplementi-individuali-per-il-kit-di-allenamento-per-luci-e-suoni-lummic\/#primaryimage"},"image":{"@id":"https:\/\/www.daisho.be\/it\/produit\/supplementi-individuali-per-il-kit-di-allenamento-per-luci-e-suoni-lummic\/#primaryimage"},"thumbnailUrl":"https:\/\/www.daisho.be\/wp-content\/uploads\/2022\/02\/image-9.jpg","datePublished":"2021-09-14T13:31:38+00:00","dateModified":"2026-02-16T11:09:18+00:00","description":"Hai bisogno di un integratore individuale per il kit di allenamento Lummic? Scoprili sul nostro sito www.daisho.be|Daisho","breadcrumb":{"@id":"https:\/\/www.daisho.be\/it\/produit\/supplementi-individuali-per-il-kit-di-allenamento-per-luci-e-suoni-lummic\/#breadcrumb"},"inLanguage":"it-IT","potentialAction":[{"@type":"ReadAction","target":["https:\/\/www.daisho.be\/it\/produit\/supplementi-individuali-per-il-kit-di-allenamento-per-luci-e-suoni-lummic\/"]}]},{"@type":"ImageObject","inLanguage":"it-IT","@id":"https:\/\/www.daisho.be\/it\/produit\/supplementi-individuali-per-il-kit-di-allenamento-per-luci-e-suoni-lummic\/#primaryimage","url":"https:\/\/www.daisho.be\/wp-content\/uploads\/2022\/02\/image-9.jpg","contentUrl":"https:\/\/www.daisho.be\/wp-content\/uploads\/2022\/02\/image-9.jpg","width":1000,"height":1000,"caption":"Supplementi individuali per il kit di addestramento alla luce e al suono LUMMIC-1"},{"@type":"BreadcrumbList","@id":"https:\/\/www.daisho.be\/it\/produit\/supplementi-individuali-per-il-kit-di-allenamento-per-luci-e-suoni-lummic\/#breadcrumb","itemListElement":[{"@type":"ListItem","position":1,"name":"Accueil","item":"https:\/\/www.daisho.be\/it\/"},{"@type":"ListItem","position":2,"name":"Prodotti","item":"https:\/\/www.daisho.be\/it\/prodotti\/"},{"@type":"ListItem","position":3,"name":"Attrezzature e abbigliamento per arti marziali e sport da combattimento","item":"https:\/\/www.daisho.be\/it\/categorie-produit\/attrezzature-e-abbigliamento-per-arti-marziali-e-sport-da-combattimento\/"},{"@type":"ListItem","position":4,"name":"Karate","item":"https:\/\/www.daisho.be\/it\/categorie-produit\/attrezzature-e-abbigliamento-per-arti-marziali-e-sport-da-combattimento\/karate-it-2\/"},{"@type":"ListItem","position":5,"name":"Attrezzature per l'allenamento del karate","item":"https:\/\/www.daisho.be\/it\/categorie-produit\/attrezzature-e-abbigliamento-per-arti-marziali-e-sport-da-combattimento\/karate-it-2\/attrezzature-per-lallenamento-del-karate\/"},{"@type":"ListItem","position":6,"name":"Supplementi individuali per il kit di allenamento per luci e suoni LUMMIC"}]},{"@type":"WebSite","@id":"https:\/\/www.daisho.be\/it\/#website","url":"https:\/\/www.daisho.be\/it\/","name":"Daisho","description":"Sp&eacute;cialiste de l'&eacute;quipement sportif d'arts martiaux","publisher":{"@id":"https:\/\/www.daisho.be\/it\/#organization"},"potentialAction":[{"@type":"SearchAction","target":{"@type":"EntryPoint","urlTemplate":"https:\/\/www.daisho.be\/it\/?s={search_term_string}"},"query-input":{"@type":"PropertyValueSpecification","valueRequired":true,"valueName":"search_term_string"}}],"inLanguage":"it-IT"},{"@type":"Organization","@id":"https:\/\/www.daisho.be\/it\/#organization","name":"Daisho","url":"https:\/\/www.daisho.be\/it\/","logo":{"@type":"ImageObject","inLanguage":"it-IT","@id":"https:\/\/www.daisho.be\/it\/#\/schema\/logo\/image\/","url":"https:\/\/www.daisho.be\/wp-content\/uploads\/2019\/07\/color-nothing-horizontale4x-e1564486100247.png","contentUrl":"https:\/\/www.daisho.be\/wp-content\/uploads\/2019\/07\/color-nothing-horizontale4x-e1564486100247.png","width":1547,"height":385,"caption":"Daisho"},"image":{"@id":"https:\/\/www.daisho.be\/it\/#\/schema\/logo\/image\/"}}]}},"_links":{"self":[{"href":"https:\/\/www.daisho.be\/it\/wp-json\/wp\/v2\/product\/457997","targetHints":{"allow":["GET"]}}],"collection":[{"href":"https:\/\/www.daisho.be\/it\/wp-json\/wp\/v2\/product"}],"about":[{"href":"https:\/\/www.daisho.be\/it\/wp-json\/wp\/v2\/types\/product"}],"replies":[{"embeddable":true,"href":"https:\/\/www.daisho.be\/it\/wp-json\/wp\/v2\/comments?post=457997"}],"wp:featuredmedia":[{"embeddable":true,"href":"https:\/\/www.daisho.be\/it\/wp-json\/wp\/v2\/media\/458005"}],"wp:attachment":[{"href":"https:\/\/www.daisho.be\/it\/wp-json\/wp\/v2\/media?parent=457997"}],"wp:term":[{"taxonomy":"product_brand","embeddable":true,"href":"https:\/\/www.daisho.be\/it\/wp-json\/wp\/v2\/product_brand?post=457997"},{"taxonomy":"product_cat","embeddable":true,"href":"https:\/\/www.daisho.be\/it\/wp-json\/wp\/v2\/product_cat?post=457997"},{"taxonomy":"product_tag","embeddable":true,"href":"https:\/\/www.daisho.be\/it\/wp-json\/wp\/v2\/product_tag?post=457997"},{"taxonomy":"sport","embeddable":true,"href":"https:\/\/www.daisho.be\/it\/wp-json\/wp\/v2\/sport?post=457997"}],"curies":[{"name":"wp","href":"https:\/\/api.w.org\/{rel}","templated":true}]}}