{"id":457847,"date":"2021-11-22T11:19:59","date_gmt":"2021-11-22T10:19:59","guid":{"rendered":"https:\/\/www.daisho.be\/produit\/allenatore-di-pugni-superiore\/"},"modified":"2026-02-16T11:45:43","modified_gmt":"2026-02-16T10:45:43","slug":"allenatore-di-pugni-superiore","status":"publish","type":"product","link":"https:\/\/www.daisho.be\/it\/produit\/allenatore-di-pugni-superiore\/","title":{"rendered":"Punch Trainer Parte superiore del corpo"},"content":{"rendered":"<p>Il Superior Punch Trainer per la parte superiore del corpo \u00e8 il nuovo strumento di allenamento per esercitare i muscoli della parte superiore del corpo.<br \/>\nQuesto strumento ti aiuter\u00e0 a migliorare la forza della parte superiore del corpo e la velocit\u00e0 d&#8217;impatto.<br \/>\nIl lavoro sull&#8217;esplosivit\u00e0 e sulla reattivit\u00e0 sar\u00e0 notevolmente migliorato con il Punch Trainer.<br \/>\nForza media.<br \/>\nContiene: 4 cinghie elastiche, 2 cinghie da polso.<\/p>\n","protected":false},"excerpt":{"rendered":"<p>Il Superior Punch Trainer per la parte superiore del corpo \u00e8 il nuovo strumento di allenamento per esercitare i muscoli della parte superiore del corpo. Questo strumento ti aiuter\u00e0 a migliorare la forza della parte superiore del corpo e la velocit\u00e0 d&#8217;impatto. Il lavoro sull&#8217;esplosivit\u00e0 e sulla reattivit\u00e0 sar\u00e0 notevolmente migliorato con il Punch Trainer. [&hellip;]<\/p>\n","protected":false},"featured_media":486428,"comment_status":"open","ping_status":"closed","template":"","meta":{"inline_featured_image":false},"product_brand":[],"product_cat":[2096,2049,2041,2048],"product_tag":[2316],"sport":[],"class_list":{"0":"post-457847","1":"product","2":"type-product","3":"status-publish","4":"has-post-thumbnail","6":"product_cat-attrezzatura-per-lallenamento-mma","7":"product_cat-attrezzature-per-lallenamento-del-karate","8":"product_cat-attrezzature-per-lallenamento-della-boxe","9":"product_cat-attrezzature-per-la-formazione","10":"product_tag-amaya-it","11":"pa_size-sans-taille-defaut","13":"first","14":"instock","15":"sale","16":"taxable","17":"shipping-taxable","18":"purchasable","19":"product-type-variable"},"yoast_head":"<!-- This site is optimized with the Yoast SEO plugin v27.2 - https:\/\/yoast.com\/product\/yoast-seo-wordpress\/ -->\n<title>Punch Trainer Parte superiore del corpo &#8211; Daisho<\/title>\n<meta name=\"description\" content=\"Hai bisogno di allenare i muscoli della parte superiore del corpo? Scopri il trainer per la parte superiore del corpo di Amaya sul nostro sito www.daisho.be|Daisho\" \/>\n<meta name=\"robots\" content=\"index, follow, max-snippet:-1, max-image-preview:large, max-video-preview:-1\" \/>\n<link rel=\"canonical\" href=\"https:\/\/www.daisho.be\/it\/produit\/allenatore-di-pugni-superiore\/\" \/>\n<meta property=\"og:locale\" content=\"it_IT\" \/>\n<meta property=\"og:type\" content=\"article\" \/>\n<meta property=\"og:title\" content=\"Punch Trainer Parte superiore del corpo &#8211; Daisho\" \/>\n<meta property=\"og:description\" content=\"Hai bisogno di allenare i muscoli della parte superiore del corpo? Scopri il trainer per la parte superiore del corpo di Amaya sul nostro sito www.daisho.be|Daisho\" \/>\n<meta property=\"og:url\" content=\"https:\/\/www.daisho.be\/it\/produit\/allenatore-di-pugni-superiore\/\" \/>\n<meta property=\"og:site_name\" content=\"Daisho\" \/>\n<meta property=\"article:modified_time\" content=\"2026-02-16T10:45:43+00:00\" \/>\n<meta property=\"og:image\" content=\"https:\/\/www.daisho.be\/wp-content\/uploads\/2025\/01\/image-23.jpg\" \/>\n\t<meta property=\"og:image:width\" content=\"1000\" \/>\n\t<meta property=\"og:image:height\" content=\"1000\" \/>\n\t<meta property=\"og:image:type\" content=\"image\/jpeg\" \/>\n<meta name=\"twitter:card\" content=\"summary_large_image\" \/>\n<script type=\"application\/ld+json\" class=\"yoast-schema-graph\">{\"@context\":\"https:\/\/schema.org\",\"@graph\":[{\"@type\":\"WebPage\",\"@id\":\"https:\/\/www.daisho.be\/it\/produit\/allenatore-di-pugni-superiore\/\",\"url\":\"https:\/\/www.daisho.be\/it\/produit\/allenatore-di-pugni-superiore\/\",\"name\":\"Punch Trainer Parte superiore del corpo &#8211; Daisho\",\"isPartOf\":{\"@id\":\"https:\/\/www.daisho.be\/it\/#website\"},\"primaryImageOfPage\":{\"@id\":\"https:\/\/www.daisho.be\/it\/produit\/allenatore-di-pugni-superiore\/#primaryimage\"},\"image\":{\"@id\":\"https:\/\/www.daisho.be\/it\/produit\/allenatore-di-pugni-superiore\/#primaryimage\"},\"thumbnailUrl\":\"https:\/\/www.daisho.be\/wp-content\/uploads\/2025\/01\/image-23.jpg\",\"datePublished\":\"2021-11-22T10:19:59+00:00\",\"dateModified\":\"2026-02-16T10:45:43+00:00\",\"description\":\"Hai bisogno di allenare i muscoli della parte superiore del corpo? Scopri il trainer per la parte superiore del corpo di Amaya sul nostro sito www.daisho.be|Daisho\",\"breadcrumb\":{\"@id\":\"https:\/\/www.daisho.be\/it\/produit\/allenatore-di-pugni-superiore\/#breadcrumb\"},\"inLanguage\":\"it-IT\",\"potentialAction\":[{\"@type\":\"ReadAction\",\"target\":[\"https:\/\/www.daisho.be\/it\/produit\/allenatore-di-pugni-superiore\/\"]}]},{\"@type\":\"ImageObject\",\"inLanguage\":\"it-IT\",\"@id\":\"https:\/\/www.daisho.be\/it\/produit\/allenatore-di-pugni-superiore\/#primaryimage\",\"url\":\"https:\/\/www.daisho.be\/wp-content\/uploads\/2025\/01\/image-23.jpg\",\"contentUrl\":\"https:\/\/www.daisho.be\/wp-content\/uploads\/2025\/01\/image-23.jpg\",\"width\":1000,\"height\":1000,\"caption\":\"Allenatore di pugni superiore per la parte superiore del corpo-1\"},{\"@type\":\"BreadcrumbList\",\"@id\":\"https:\/\/www.daisho.be\/it\/produit\/allenatore-di-pugni-superiore\/#breadcrumb\",\"itemListElement\":[{\"@type\":\"ListItem\",\"position\":1,\"name\":\"Accueil\",\"item\":\"https:\/\/www.daisho.be\/it\/\"},{\"@type\":\"ListItem\",\"position\":2,\"name\":\"Prodotti\",\"item\":\"https:\/\/www.daisho.be\/it\/prodotti\/\"},{\"@type\":\"ListItem\",\"position\":3,\"name\":\"Attrezzature e abbigliamento per arti marziali e sport da combattimento\",\"item\":\"https:\/\/www.daisho.be\/it\/categorie-produit\/attrezzature-e-abbigliamento-per-arti-marziali-e-sport-da-combattimento\/\"},{\"@type\":\"ListItem\",\"position\":4,\"name\":\"MMA\",\"item\":\"https:\/\/www.daisho.be\/it\/categorie-produit\/attrezzature-e-abbigliamento-per-arti-marziali-e-sport-da-combattimento\/mma-it-2\/\"},{\"@type\":\"ListItem\",\"position\":5,\"name\":\"Attrezzatura per l'allenamento MMA\",\"item\":\"https:\/\/www.daisho.be\/it\/categorie-produit\/attrezzature-e-abbigliamento-per-arti-marziali-e-sport-da-combattimento\/mma-it-2\/attrezzatura-per-lallenamento-mma\/\"},{\"@type\":\"ListItem\",\"position\":6,\"name\":\"Punch Trainer Parte superiore del corpo\"}]},{\"@type\":\"WebSite\",\"@id\":\"https:\/\/www.daisho.be\/it\/#website\",\"url\":\"https:\/\/www.daisho.be\/it\/\",\"name\":\"Daisho\",\"description\":\"Sp&eacute;cialiste de l'&eacute;quipement sportif d'arts martiaux\",\"publisher\":{\"@id\":\"https:\/\/www.daisho.be\/it\/#organization\"},\"potentialAction\":[{\"@type\":\"SearchAction\",\"target\":{\"@type\":\"EntryPoint\",\"urlTemplate\":\"https:\/\/www.daisho.be\/it\/?s={search_term_string}\"},\"query-input\":{\"@type\":\"PropertyValueSpecification\",\"valueRequired\":true,\"valueName\":\"search_term_string\"}}],\"inLanguage\":\"it-IT\"},{\"@type\":\"Organization\",\"@id\":\"https:\/\/www.daisho.be\/it\/#organization\",\"name\":\"Daisho\",\"url\":\"https:\/\/www.daisho.be\/it\/\",\"logo\":{\"@type\":\"ImageObject\",\"inLanguage\":\"it-IT\",\"@id\":\"https:\/\/www.daisho.be\/it\/#\/schema\/logo\/image\/\",\"url\":\"https:\/\/www.daisho.be\/wp-content\/uploads\/2019\/07\/color-nothing-horizontale4x-e1564486100247.png\",\"contentUrl\":\"https:\/\/www.daisho.be\/wp-content\/uploads\/2019\/07\/color-nothing-horizontale4x-e1564486100247.png\",\"width\":1547,\"height\":385,\"caption\":\"Daisho\"},\"image\":{\"@id\":\"https:\/\/www.daisho.be\/it\/#\/schema\/logo\/image\/\"}}]}<\/script>\n<!-- \/ Yoast SEO plugin. -->","yoast_head_json":{"title":"Punch Trainer Parte superiore del corpo &#8211; Daisho","description":"Hai bisogno di allenare i muscoli della parte superiore del corpo? Scopri il trainer per la parte superiore del corpo di Amaya sul nostro sito www.daisho.be|Daisho","robots":{"index":"index","follow":"follow","max-snippet":"max-snippet:-1","max-image-preview":"max-image-preview:large","max-video-preview":"max-video-preview:-1"},"canonical":"https:\/\/www.daisho.be\/it\/produit\/allenatore-di-pugni-superiore\/","og_locale":"it_IT","og_type":"article","og_title":"Punch Trainer Parte superiore del corpo &#8211; Daisho","og_description":"Hai bisogno di allenare i muscoli della parte superiore del corpo? Scopri il trainer per la parte superiore del corpo di Amaya sul nostro sito www.daisho.be|Daisho","og_url":"https:\/\/www.daisho.be\/it\/produit\/allenatore-di-pugni-superiore\/","og_site_name":"Daisho","article_modified_time":"2026-02-16T10:45:43+00:00","og_image":[{"width":1000,"height":1000,"url":"https:\/\/www.daisho.be\/wp-content\/uploads\/2025\/01\/image-23.jpg","type":"image\/jpeg"}],"twitter_card":"summary_large_image","schema":{"@context":"https:\/\/schema.org","@graph":[{"@type":"WebPage","@id":"https:\/\/www.daisho.be\/it\/produit\/allenatore-di-pugni-superiore\/","url":"https:\/\/www.daisho.be\/it\/produit\/allenatore-di-pugni-superiore\/","name":"Punch Trainer Parte superiore del corpo &#8211; Daisho","isPartOf":{"@id":"https:\/\/www.daisho.be\/it\/#website"},"primaryImageOfPage":{"@id":"https:\/\/www.daisho.be\/it\/produit\/allenatore-di-pugni-superiore\/#primaryimage"},"image":{"@id":"https:\/\/www.daisho.be\/it\/produit\/allenatore-di-pugni-superiore\/#primaryimage"},"thumbnailUrl":"https:\/\/www.daisho.be\/wp-content\/uploads\/2025\/01\/image-23.jpg","datePublished":"2021-11-22T10:19:59+00:00","dateModified":"2026-02-16T10:45:43+00:00","description":"Hai bisogno di allenare i muscoli della parte superiore del corpo? Scopri il trainer per la parte superiore del corpo di Amaya sul nostro sito www.daisho.be|Daisho","breadcrumb":{"@id":"https:\/\/www.daisho.be\/it\/produit\/allenatore-di-pugni-superiore\/#breadcrumb"},"inLanguage":"it-IT","potentialAction":[{"@type":"ReadAction","target":["https:\/\/www.daisho.be\/it\/produit\/allenatore-di-pugni-superiore\/"]}]},{"@type":"ImageObject","inLanguage":"it-IT","@id":"https:\/\/www.daisho.be\/it\/produit\/allenatore-di-pugni-superiore\/#primaryimage","url":"https:\/\/www.daisho.be\/wp-content\/uploads\/2025\/01\/image-23.jpg","contentUrl":"https:\/\/www.daisho.be\/wp-content\/uploads\/2025\/01\/image-23.jpg","width":1000,"height":1000,"caption":"Allenatore di pugni superiore per la parte superiore del corpo-1"},{"@type":"BreadcrumbList","@id":"https:\/\/www.daisho.be\/it\/produit\/allenatore-di-pugni-superiore\/#breadcrumb","itemListElement":[{"@type":"ListItem","position":1,"name":"Accueil","item":"https:\/\/www.daisho.be\/it\/"},{"@type":"ListItem","position":2,"name":"Prodotti","item":"https:\/\/www.daisho.be\/it\/prodotti\/"},{"@type":"ListItem","position":3,"name":"Attrezzature e abbigliamento per arti marziali e sport da combattimento","item":"https:\/\/www.daisho.be\/it\/categorie-produit\/attrezzature-e-abbigliamento-per-arti-marziali-e-sport-da-combattimento\/"},{"@type":"ListItem","position":4,"name":"MMA","item":"https:\/\/www.daisho.be\/it\/categorie-produit\/attrezzature-e-abbigliamento-per-arti-marziali-e-sport-da-combattimento\/mma-it-2\/"},{"@type":"ListItem","position":5,"name":"Attrezzatura per l'allenamento MMA","item":"https:\/\/www.daisho.be\/it\/categorie-produit\/attrezzature-e-abbigliamento-per-arti-marziali-e-sport-da-combattimento\/mma-it-2\/attrezzatura-per-lallenamento-mma\/"},{"@type":"ListItem","position":6,"name":"Punch Trainer Parte superiore del corpo"}]},{"@type":"WebSite","@id":"https:\/\/www.daisho.be\/it\/#website","url":"https:\/\/www.daisho.be\/it\/","name":"Daisho","description":"Sp&eacute;cialiste de l'&eacute;quipement sportif d'arts martiaux","publisher":{"@id":"https:\/\/www.daisho.be\/it\/#organization"},"potentialAction":[{"@type":"SearchAction","target":{"@type":"EntryPoint","urlTemplate":"https:\/\/www.daisho.be\/it\/?s={search_term_string}"},"query-input":{"@type":"PropertyValueSpecification","valueRequired":true,"valueName":"search_term_string"}}],"inLanguage":"it-IT"},{"@type":"Organization","@id":"https:\/\/www.daisho.be\/it\/#organization","name":"Daisho","url":"https:\/\/www.daisho.be\/it\/","logo":{"@type":"ImageObject","inLanguage":"it-IT","@id":"https:\/\/www.daisho.be\/it\/#\/schema\/logo\/image\/","url":"https:\/\/www.daisho.be\/wp-content\/uploads\/2019\/07\/color-nothing-horizontale4x-e1564486100247.png","contentUrl":"https:\/\/www.daisho.be\/wp-content\/uploads\/2019\/07\/color-nothing-horizontale4x-e1564486100247.png","width":1547,"height":385,"caption":"Daisho"},"image":{"@id":"https:\/\/www.daisho.be\/it\/#\/schema\/logo\/image\/"}}]}},"_links":{"self":[{"href":"https:\/\/www.daisho.be\/it\/wp-json\/wp\/v2\/product\/457847","targetHints":{"allow":["GET"]}}],"collection":[{"href":"https:\/\/www.daisho.be\/it\/wp-json\/wp\/v2\/product"}],"about":[{"href":"https:\/\/www.daisho.be\/it\/wp-json\/wp\/v2\/types\/product"}],"replies":[{"embeddable":true,"href":"https:\/\/www.daisho.be\/it\/wp-json\/wp\/v2\/comments?post=457847"}],"wp:featuredmedia":[{"embeddable":true,"href":"https:\/\/www.daisho.be\/it\/wp-json\/wp\/v2\/media\/486428"}],"wp:attachment":[{"href":"https:\/\/www.daisho.be\/it\/wp-json\/wp\/v2\/media?parent=457847"}],"wp:term":[{"taxonomy":"product_brand","embeddable":true,"href":"https:\/\/www.daisho.be\/it\/wp-json\/wp\/v2\/product_brand?post=457847"},{"taxonomy":"product_cat","embeddable":true,"href":"https:\/\/www.daisho.be\/it\/wp-json\/wp\/v2\/product_cat?post=457847"},{"taxonomy":"product_tag","embeddable":true,"href":"https:\/\/www.daisho.be\/it\/wp-json\/wp\/v2\/product_tag?post=457847"},{"taxonomy":"sport","embeddable":true,"href":"https:\/\/www.daisho.be\/it\/wp-json\/wp\/v2\/sport?post=457847"}],"curies":[{"name":"wp","href":"https:\/\/api.w.org\/{rel}","templated":true}]}}