{"id":457821,"date":"2021-12-01T22:55:04","date_gmt":"2021-12-01T21:55:04","guid":{"rendered":"https:\/\/www.daisho.be\/produit\/guanto-adidas-hybrid-75-pocket-nero-bianco\/"},"modified":"2025-03-03T14:44:47","modified_gmt":"2025-03-03T13:44:47","slug":"guanto-adidas-hybrid-75-pocket-nero-bianco","status":"publish","type":"product","link":"https:\/\/www.daisho.be\/it\/produit\/guanto-adidas-hybrid-75-pocket-nero-bianco\/","title":{"rendered":"Guanto adidas Hybrid 75 Pocket Nero\/Bianco"},"content":{"rendered":"<p>Il guanto tascabile Hybrid 75 \u00e8 stato sviluppato per gli artisti marziali che cercano un guanto tascabile decente.<br \/>\nQuesti guanti tascabili Hybrid hanno un&#8217;imbottitura perfetta per la massima protezione della mano. Il guanto da tasca ha un bel taglio. Il guanto tascabile \u00e8 realizzato in PU di altissima qualit\u00e0. La rete all&#8217;interno del palmo offre una maggiore ventilazione e il pollice chiuso offre un po&#8217; di protezione in pi\u00f9. Questi guanti tascabili sono adatti sia ai principianti che ai dilettanti.<br \/>\nIl guanto \u00e8 adatto sia ai principianti che ai professionisti che desiderano la massima qualit\u00e0 e la tecnologia pi\u00f9 avanzata. Questi guanti adidas sono adatti per l&#8217;allenamento al pad e al sacco.<br \/>\nVantaggi: &#8211;<br \/>\n&#8211; PU di altissima qualit\u00e0<br \/>\n&#8211; Imbottitura solida e protettiva<br \/>\n&#8211; Preformato per il pugno<br \/>\n&#8211; Assorbe i colpi per un maggiore comfort<br \/>\n&#8211; Ideale per l&#8217;allenamento al pad e al sacco<br \/>\n&#8211; Interno in mesh     <\/p>\n","protected":false},"excerpt":{"rendered":"<p>Il guanto tascabile Hybrid 75 \u00e8 stato sviluppato per gli artisti marziali che cercano un guanto tascabile decente. Questi guanti tascabili Hybrid hanno un&#8217;imbottitura perfetta per la massima protezione della mano. Il guanto da tasca ha un bel taglio. Il guanto tascabile \u00e8 realizzato in PU di altissima qualit\u00e0. La rete all&#8217;interno del palmo offre [&hellip;]<\/p>\n","protected":false},"featured_media":457827,"comment_status":"open","ping_status":"closed","template":"","meta":{"inline_featured_image":false},"product_brand":[],"product_cat":[2307,2276],"product_tag":[2176],"sport":[],"class_list":{"0":"post-457821","1":"product","2":"type-product","3":"status-publish","4":"has-post-thumbnail","6":"product_cat-guantoni-da-boxe-adidas","7":"product_cat-protezioni-adidas-kickboxing","8":"product_tag-adidas-it","9":"pa_size-l-xl-2","10":"pa_size-s-m-2","12":"first","13":"instock","14":"taxable","15":"shipping-taxable","16":"purchasable","17":"product-type-variable"},"yoast_head":"<!-- This site is optimized with the Yoast SEO plugin v27.2 - https:\/\/yoast.com\/product\/yoast-seo-wordpress\/ -->\n<title>Guanto adidas Hybrid 75 Pocket Nero\/Bianco &#8211; Daisho<\/title>\n<meta name=\"description\" content=\"Scopri i guanti tascabili Hybrid. Questi guanti offrono una protezione perfetta per le tue mani. Acquistali sul nostro sito www.daisho.be|Daisho\" \/>\n<meta name=\"robots\" content=\"index, follow, max-snippet:-1, max-image-preview:large, max-video-preview:-1\" \/>\n<link rel=\"canonical\" href=\"https:\/\/www.daisho.be\/it\/produit\/guanto-adidas-hybrid-75-pocket-nero-bianco\/\" \/>\n<meta property=\"og:locale\" content=\"it_IT\" \/>\n<meta property=\"og:type\" content=\"article\" \/>\n<meta property=\"og:title\" content=\"Guanto adidas Hybrid 75 Pocket Nero\/Bianco &#8211; Daisho\" \/>\n<meta property=\"og:description\" content=\"Scopri i guanti tascabili Hybrid. Questi guanti offrono una protezione perfetta per le tue mani. Acquistali sul nostro sito www.daisho.be|Daisho\" \/>\n<meta property=\"og:url\" content=\"https:\/\/www.daisho.be\/it\/produit\/guanto-adidas-hybrid-75-pocket-nero-bianco\/\" \/>\n<meta property=\"og:site_name\" content=\"Daisho\" \/>\n<meta property=\"article:modified_time\" content=\"2025-03-03T13:44:47+00:00\" \/>\n<meta property=\"og:image\" content=\"https:\/\/www.daisho.be\/wp-content\/uploads\/2022\/02\/image-74.jpg\" \/>\n\t<meta property=\"og:image:width\" content=\"65\" \/>\n\t<meta property=\"og:image:height\" content=\"65\" \/>\n\t<meta property=\"og:image:type\" content=\"image\/jpeg\" \/>\n<meta name=\"twitter:card\" content=\"summary_large_image\" \/>\n<meta name=\"twitter:label1\" content=\"Tempo di lettura stimato\" \/>\n\t<meta name=\"twitter:data1\" content=\"1 minuto\" \/>\n<script type=\"application\/ld+json\" class=\"yoast-schema-graph\">{\"@context\":\"https:\/\/schema.org\",\"@graph\":[{\"@type\":\"WebPage\",\"@id\":\"https:\/\/www.daisho.be\/it\/produit\/guanto-adidas-hybrid-75-pocket-nero-bianco\/\",\"url\":\"https:\/\/www.daisho.be\/it\/produit\/guanto-adidas-hybrid-75-pocket-nero-bianco\/\",\"name\":\"Guanto adidas Hybrid 75 Pocket Nero\/Bianco &#8211; Daisho\",\"isPartOf\":{\"@id\":\"https:\/\/www.daisho.be\/it\/#website\"},\"primaryImageOfPage\":{\"@id\":\"https:\/\/www.daisho.be\/it\/produit\/guanto-adidas-hybrid-75-pocket-nero-bianco\/#primaryimage\"},\"image\":{\"@id\":\"https:\/\/www.daisho.be\/it\/produit\/guanto-adidas-hybrid-75-pocket-nero-bianco\/#primaryimage\"},\"thumbnailUrl\":\"https:\/\/www.daisho.be\/wp-content\/uploads\/2022\/02\/image-74.jpg\",\"datePublished\":\"2021-12-01T21:55:04+00:00\",\"dateModified\":\"2025-03-03T13:44:47+00:00\",\"description\":\"Scopri i guanti tascabili Hybrid. Questi guanti offrono una protezione perfetta per le tue mani. Acquistali sul nostro sito www.daisho.be|Daisho\",\"breadcrumb\":{\"@id\":\"https:\/\/www.daisho.be\/it\/produit\/guanto-adidas-hybrid-75-pocket-nero-bianco\/#breadcrumb\"},\"inLanguage\":\"it-IT\",\"potentialAction\":[{\"@type\":\"ReadAction\",\"target\":[\"https:\/\/www.daisho.be\/it\/produit\/guanto-adidas-hybrid-75-pocket-nero-bianco\/\"]}]},{\"@type\":\"ImageObject\",\"inLanguage\":\"it-IT\",\"@id\":\"https:\/\/www.daisho.be\/it\/produit\/guanto-adidas-hybrid-75-pocket-nero-bianco\/#primaryimage\",\"url\":\"https:\/\/www.daisho.be\/wp-content\/uploads\/2022\/02\/image-74.jpg\",\"contentUrl\":\"https:\/\/www.daisho.be\/wp-content\/uploads\/2022\/02\/image-74.jpg\",\"width\":65,\"height\":65,\"caption\":\"Guanti adidas Hybrid 75 Pocket Nero\/Bianco-1\"},{\"@type\":\"BreadcrumbList\",\"@id\":\"https:\/\/www.daisho.be\/it\/produit\/guanto-adidas-hybrid-75-pocket-nero-bianco\/#breadcrumb\",\"itemListElement\":[{\"@type\":\"ListItem\",\"position\":1,\"name\":\"Accueil\",\"item\":\"https:\/\/www.daisho.be\/it\/\"},{\"@type\":\"ListItem\",\"position\":2,\"name\":\"Prodotti\",\"item\":\"https:\/\/www.daisho.be\/it\/prodotti\/\"},{\"@type\":\"ListItem\",\"position\":3,\"name\":\"ADIDAS SPORT DA COMBATTIMENTO\",\"item\":\"https:\/\/www.daisho.be\/it\/categorie-produit\/adidas-sport-da-combattimento\/\"},{\"@type\":\"ListItem\",\"position\":4,\"name\":\"Boxe\",\"item\":\"https:\/\/www.daisho.be\/it\/categorie-produit\/adidas-sport-da-combattimento\/boxe-it\/\"},{\"@type\":\"ListItem\",\"position\":5,\"name\":\"Guantoni da boxe Adidas\",\"item\":\"https:\/\/www.daisho.be\/it\/categorie-produit\/adidas-sport-da-combattimento\/boxe-it\/guantoni-da-boxe-adidas\/\"},{\"@type\":\"ListItem\",\"position\":6,\"name\":\"Guanto adidas Hybrid 75 Pocket Nero\/Bianco\"}]},{\"@type\":\"WebSite\",\"@id\":\"https:\/\/www.daisho.be\/it\/#website\",\"url\":\"https:\/\/www.daisho.be\/it\/\",\"name\":\"Daisho\",\"description\":\"Sp&eacute;cialiste de l'&eacute;quipement sportif d'arts martiaux\",\"publisher\":{\"@id\":\"https:\/\/www.daisho.be\/it\/#organization\"},\"potentialAction\":[{\"@type\":\"SearchAction\",\"target\":{\"@type\":\"EntryPoint\",\"urlTemplate\":\"https:\/\/www.daisho.be\/it\/?s={search_term_string}\"},\"query-input\":{\"@type\":\"PropertyValueSpecification\",\"valueRequired\":true,\"valueName\":\"search_term_string\"}}],\"inLanguage\":\"it-IT\"},{\"@type\":\"Organization\",\"@id\":\"https:\/\/www.daisho.be\/it\/#organization\",\"name\":\"Daisho\",\"url\":\"https:\/\/www.daisho.be\/it\/\",\"logo\":{\"@type\":\"ImageObject\",\"inLanguage\":\"it-IT\",\"@id\":\"https:\/\/www.daisho.be\/it\/#\/schema\/logo\/image\/\",\"url\":\"https:\/\/www.daisho.be\/wp-content\/uploads\/2019\/07\/color-nothing-horizontale4x-e1564486100247.png\",\"contentUrl\":\"https:\/\/www.daisho.be\/wp-content\/uploads\/2019\/07\/color-nothing-horizontale4x-e1564486100247.png\",\"width\":1547,\"height\":385,\"caption\":\"Daisho\"},\"image\":{\"@id\":\"https:\/\/www.daisho.be\/it\/#\/schema\/logo\/image\/\"}}]}<\/script>\n<!-- \/ Yoast SEO plugin. -->","yoast_head_json":{"title":"Guanto adidas Hybrid 75 Pocket Nero\/Bianco &#8211; Daisho","description":"Scopri i guanti tascabili Hybrid. Questi guanti offrono una protezione perfetta per le tue mani. Acquistali sul nostro sito www.daisho.be|Daisho","robots":{"index":"index","follow":"follow","max-snippet":"max-snippet:-1","max-image-preview":"max-image-preview:large","max-video-preview":"max-video-preview:-1"},"canonical":"https:\/\/www.daisho.be\/it\/produit\/guanto-adidas-hybrid-75-pocket-nero-bianco\/","og_locale":"it_IT","og_type":"article","og_title":"Guanto adidas Hybrid 75 Pocket Nero\/Bianco &#8211; Daisho","og_description":"Scopri i guanti tascabili Hybrid. Questi guanti offrono una protezione perfetta per le tue mani. Acquistali sul nostro sito www.daisho.be|Daisho","og_url":"https:\/\/www.daisho.be\/it\/produit\/guanto-adidas-hybrid-75-pocket-nero-bianco\/","og_site_name":"Daisho","article_modified_time":"2025-03-03T13:44:47+00:00","og_image":[{"width":65,"height":65,"url":"https:\/\/www.daisho.be\/wp-content\/uploads\/2022\/02\/image-74.jpg","type":"image\/jpeg"}],"twitter_card":"summary_large_image","twitter_misc":{"Tempo di lettura stimato":"1 minuto"},"schema":{"@context":"https:\/\/schema.org","@graph":[{"@type":"WebPage","@id":"https:\/\/www.daisho.be\/it\/produit\/guanto-adidas-hybrid-75-pocket-nero-bianco\/","url":"https:\/\/www.daisho.be\/it\/produit\/guanto-adidas-hybrid-75-pocket-nero-bianco\/","name":"Guanto adidas Hybrid 75 Pocket Nero\/Bianco &#8211; Daisho","isPartOf":{"@id":"https:\/\/www.daisho.be\/it\/#website"},"primaryImageOfPage":{"@id":"https:\/\/www.daisho.be\/it\/produit\/guanto-adidas-hybrid-75-pocket-nero-bianco\/#primaryimage"},"image":{"@id":"https:\/\/www.daisho.be\/it\/produit\/guanto-adidas-hybrid-75-pocket-nero-bianco\/#primaryimage"},"thumbnailUrl":"https:\/\/www.daisho.be\/wp-content\/uploads\/2022\/02\/image-74.jpg","datePublished":"2021-12-01T21:55:04+00:00","dateModified":"2025-03-03T13:44:47+00:00","description":"Scopri i guanti tascabili Hybrid. Questi guanti offrono una protezione perfetta per le tue mani. Acquistali sul nostro sito www.daisho.be|Daisho","breadcrumb":{"@id":"https:\/\/www.daisho.be\/it\/produit\/guanto-adidas-hybrid-75-pocket-nero-bianco\/#breadcrumb"},"inLanguage":"it-IT","potentialAction":[{"@type":"ReadAction","target":["https:\/\/www.daisho.be\/it\/produit\/guanto-adidas-hybrid-75-pocket-nero-bianco\/"]}]},{"@type":"ImageObject","inLanguage":"it-IT","@id":"https:\/\/www.daisho.be\/it\/produit\/guanto-adidas-hybrid-75-pocket-nero-bianco\/#primaryimage","url":"https:\/\/www.daisho.be\/wp-content\/uploads\/2022\/02\/image-74.jpg","contentUrl":"https:\/\/www.daisho.be\/wp-content\/uploads\/2022\/02\/image-74.jpg","width":65,"height":65,"caption":"Guanti adidas Hybrid 75 Pocket Nero\/Bianco-1"},{"@type":"BreadcrumbList","@id":"https:\/\/www.daisho.be\/it\/produit\/guanto-adidas-hybrid-75-pocket-nero-bianco\/#breadcrumb","itemListElement":[{"@type":"ListItem","position":1,"name":"Accueil","item":"https:\/\/www.daisho.be\/it\/"},{"@type":"ListItem","position":2,"name":"Prodotti","item":"https:\/\/www.daisho.be\/it\/prodotti\/"},{"@type":"ListItem","position":3,"name":"ADIDAS SPORT DA COMBATTIMENTO","item":"https:\/\/www.daisho.be\/it\/categorie-produit\/adidas-sport-da-combattimento\/"},{"@type":"ListItem","position":4,"name":"Boxe","item":"https:\/\/www.daisho.be\/it\/categorie-produit\/adidas-sport-da-combattimento\/boxe-it\/"},{"@type":"ListItem","position":5,"name":"Guantoni da boxe Adidas","item":"https:\/\/www.daisho.be\/it\/categorie-produit\/adidas-sport-da-combattimento\/boxe-it\/guantoni-da-boxe-adidas\/"},{"@type":"ListItem","position":6,"name":"Guanto adidas Hybrid 75 Pocket Nero\/Bianco"}]},{"@type":"WebSite","@id":"https:\/\/www.daisho.be\/it\/#website","url":"https:\/\/www.daisho.be\/it\/","name":"Daisho","description":"Sp&eacute;cialiste de l'&eacute;quipement sportif d'arts martiaux","publisher":{"@id":"https:\/\/www.daisho.be\/it\/#organization"},"potentialAction":[{"@type":"SearchAction","target":{"@type":"EntryPoint","urlTemplate":"https:\/\/www.daisho.be\/it\/?s={search_term_string}"},"query-input":{"@type":"PropertyValueSpecification","valueRequired":true,"valueName":"search_term_string"}}],"inLanguage":"it-IT"},{"@type":"Organization","@id":"https:\/\/www.daisho.be\/it\/#organization","name":"Daisho","url":"https:\/\/www.daisho.be\/it\/","logo":{"@type":"ImageObject","inLanguage":"it-IT","@id":"https:\/\/www.daisho.be\/it\/#\/schema\/logo\/image\/","url":"https:\/\/www.daisho.be\/wp-content\/uploads\/2019\/07\/color-nothing-horizontale4x-e1564486100247.png","contentUrl":"https:\/\/www.daisho.be\/wp-content\/uploads\/2019\/07\/color-nothing-horizontale4x-e1564486100247.png","width":1547,"height":385,"caption":"Daisho"},"image":{"@id":"https:\/\/www.daisho.be\/it\/#\/schema\/logo\/image\/"}}]}},"_links":{"self":[{"href":"https:\/\/www.daisho.be\/it\/wp-json\/wp\/v2\/product\/457821","targetHints":{"allow":["GET"]}}],"collection":[{"href":"https:\/\/www.daisho.be\/it\/wp-json\/wp\/v2\/product"}],"about":[{"href":"https:\/\/www.daisho.be\/it\/wp-json\/wp\/v2\/types\/product"}],"replies":[{"embeddable":true,"href":"https:\/\/www.daisho.be\/it\/wp-json\/wp\/v2\/comments?post=457821"}],"wp:featuredmedia":[{"embeddable":true,"href":"https:\/\/www.daisho.be\/it\/wp-json\/wp\/v2\/media\/457827"}],"wp:attachment":[{"href":"https:\/\/www.daisho.be\/it\/wp-json\/wp\/v2\/media?parent=457821"}],"wp:term":[{"taxonomy":"product_brand","embeddable":true,"href":"https:\/\/www.daisho.be\/it\/wp-json\/wp\/v2\/product_brand?post=457821"},{"taxonomy":"product_cat","embeddable":true,"href":"https:\/\/www.daisho.be\/it\/wp-json\/wp\/v2\/product_cat?post=457821"},{"taxonomy":"product_tag","embeddable":true,"href":"https:\/\/www.daisho.be\/it\/wp-json\/wp\/v2\/product_tag?post=457821"},{"taxonomy":"sport","embeddable":true,"href":"https:\/\/www.daisho.be\/it\/wp-json\/wp\/v2\/sport?post=457821"}],"curies":[{"name":"wp","href":"https:\/\/api.w.org\/{rel}","templated":true}]}}