{"id":457591,"date":"2022-01-16T21:42:22","date_gmt":"2022-01-16T20:42:22","guid":{"rendered":"https:\/\/www.daisho.be\/produit\/tatami-basic-plus\/"},"modified":"2026-03-31T14:52:33","modified_gmt":"2026-03-31T12:52:33","slug":"tatami-basic-plus","status":"publish","type":"product","link":"https:\/\/www.daisho.be\/it\/produit\/tatami-basic-plus\/","title":{"rendered":"Tatami BASIC PLUS"},"content":{"rendered":"<p>Il tappetino tatami ProGame Basic Plus \u00e8 una soluzione eccellente per tutti i tipi di allenamento e per tutte le attivit\u00e0 sportive di base.<br \/>\nQuesto tappetino versatile \u00e8 allo stesso tempo compatto e flessibile, garantendo sicurezza e assorbimento degli impatti.<br \/>\nOffre inoltre una grande resistenza a lungo termine.<br \/>\nIl sistema di appendimento a puzzle garantisce un&#8217;installazione rapida.<br \/>\nIl tappetino ha anche uno stile goffrato a paglia di riso.<\/p>\n<p><strong><u>Specifiche tecniche:<\/u> <\/strong><br \/>\nDimensioni: 1000 x 1000 x 32 mm<br \/>\nPeso: 1,8 kg<br \/>\nColori: Rosso\/Grigio\/Blu<br \/>\nSicurezza: EN 1177 HIC (Head Injury Criteria)<\/p>\n<p><strong><u>Nota:<\/u> <\/strong><br \/>\nI bordi di finitura non sono inclusi nelle stuoie tatami.<br \/>\nContattaci per verificare la disponibilit\u00e0 dei bordi.<\/p>\n","protected":false},"excerpt":{"rendered":"<p>Il tappetino tatami ProGame Basic Plus \u00e8 una soluzione eccellente per tutti i tipi di allenamento e per tutte le attivit\u00e0 sportive di base. Questo tappetino versatile \u00e8 allo stesso tempo compatto e flessibile, garantendo sicurezza e assorbimento degli impatti. Offre inoltre una grande resistenza a lungo termine. Il sistema di appendimento a puzzle garantisce [&hellip;]<\/p>\n","protected":false},"featured_media":457594,"comment_status":"closed","ping_status":"closed","template":"","meta":{"inline_featured_image":false},"product_brand":[],"product_cat":[2013],"product_tag":[2553,2025],"sport":[],"class_list":{"0":"post-457591","1":"product","2":"type-product","3":"status-publish","4":"has-post-thumbnail","6":"product_cat-tappeti-tatami-per-judo-karate-e-taekwondo-arti-marziali","7":"product_tag-citazione","8":"product_tag-progame-tatamis-it","9":"product_shipping_class-prodotti-ingombranti","10":"pa_size-3-cm","12":"first","13":"instock","14":"taxable","15":"shipping-taxable","16":"purchasable","17":"product-type-variable"},"yoast_head":"<!-- This site is optimized with the Yoast SEO plugin v27.2 - https:\/\/yoast.com\/product\/yoast-seo-wordpress\/ -->\n<title>Tatami BASIC PLUS &#8211; Daisho<\/title>\n<meta name=\"description\" content=\"Tatami versatile e pratico che unisce flessibilit\u00e0 e sicurezza per tutti i tipi di allenamento. Trovali su www.daisho.be|Daisho\" \/>\n<meta name=\"robots\" content=\"index, follow, max-snippet:-1, max-image-preview:large, max-video-preview:-1\" \/>\n<link rel=\"canonical\" href=\"https:\/\/www.daisho.be\/it\/produit\/tatami-basic-plus\/\" \/>\n<meta property=\"og:locale\" content=\"it_IT\" \/>\n<meta property=\"og:type\" content=\"article\" \/>\n<meta property=\"og:title\" content=\"Tatami BASIC PLUS &#8211; Daisho\" \/>\n<meta property=\"og:description\" content=\"Tatami versatile e pratico che unisce flessibilit\u00e0 e sicurezza per tutti i tipi di allenamento. Trovali su www.daisho.be|Daisho\" \/>\n<meta property=\"og:url\" content=\"https:\/\/www.daisho.be\/it\/produit\/tatami-basic-plus\/\" \/>\n<meta property=\"og:site_name\" content=\"Daisho\" \/>\n<meta property=\"article:modified_time\" content=\"2026-03-31T12:52:33+00:00\" \/>\n<meta property=\"og:image\" content=\"https:\/\/www.daisho.be\/wp-content\/uploads\/2023\/11\/image-84.jpg\" \/>\n\t<meta property=\"og:image:width\" content=\"1920\" \/>\n\t<meta property=\"og:image:height\" content=\"1440\" \/>\n\t<meta property=\"og:image:type\" content=\"image\/jpeg\" \/>\n<meta name=\"twitter:card\" content=\"summary_large_image\" \/>\n<meta name=\"twitter:label1\" content=\"Tempo di lettura stimato\" \/>\n\t<meta name=\"twitter:data1\" content=\"1 minuto\" \/>\n<script type=\"application\/ld+json\" class=\"yoast-schema-graph\">{\"@context\":\"https:\/\/schema.org\",\"@graph\":[{\"@type\":\"WebPage\",\"@id\":\"https:\/\/www.daisho.be\/it\/produit\/tatami-basic-plus\/\",\"url\":\"https:\/\/www.daisho.be\/it\/produit\/tatami-basic-plus\/\",\"name\":\"Tatami BASIC PLUS &#8211; Daisho\",\"isPartOf\":{\"@id\":\"https:\/\/www.daisho.be\/it\/#website\"},\"primaryImageOfPage\":{\"@id\":\"https:\/\/www.daisho.be\/it\/produit\/tatami-basic-plus\/#primaryimage\"},\"image\":{\"@id\":\"https:\/\/www.daisho.be\/it\/produit\/tatami-basic-plus\/#primaryimage\"},\"thumbnailUrl\":\"https:\/\/www.daisho.be\/wp-content\/uploads\/2023\/11\/image-84.jpg\",\"datePublished\":\"2022-01-16T20:42:22+00:00\",\"dateModified\":\"2026-03-31T12:52:33+00:00\",\"description\":\"Tatami versatile e pratico che unisce flessibilit\u00e0 e sicurezza per tutti i tipi di allenamento. Trovali su www.daisho.be|Daisho\",\"breadcrumb\":{\"@id\":\"https:\/\/www.daisho.be\/it\/produit\/tatami-basic-plus\/#breadcrumb\"},\"inLanguage\":\"it-IT\",\"potentialAction\":[{\"@type\":\"ReadAction\",\"target\":[\"https:\/\/www.daisho.be\/it\/produit\/tatami-basic-plus\/\"]}]},{\"@type\":\"ImageObject\",\"inLanguage\":\"it-IT\",\"@id\":\"https:\/\/www.daisho.be\/it\/produit\/tatami-basic-plus\/#primaryimage\",\"url\":\"https:\/\/www.daisho.be\/wp-content\/uploads\/2023\/11\/image-84.jpg\",\"contentUrl\":\"https:\/\/www.daisho.be\/wp-content\/uploads\/2023\/11\/image-84.jpg\",\"width\":1920,\"height\":1440,\"caption\":\"Tatami BASIC PLUS-5\"},{\"@type\":\"BreadcrumbList\",\"@id\":\"https:\/\/www.daisho.be\/it\/produit\/tatami-basic-plus\/#breadcrumb\",\"itemListElement\":[{\"@type\":\"ListItem\",\"position\":1,\"name\":\"Accueil\",\"item\":\"https:\/\/www.daisho.be\/it\/\"},{\"@type\":\"ListItem\",\"position\":2,\"name\":\"Prodotti\",\"item\":\"https:\/\/www.daisho.be\/it\/prodotti\/\"},{\"@type\":\"ListItem\",\"position\":3,\"name\":\"Sport da combattimento\",\"item\":\"https:\/\/www.daisho.be\/it\/categorie-produit\/sport-da-combattimento\/\"},{\"@type\":\"ListItem\",\"position\":4,\"name\":\"Tappeti tatami per Judo, Karate e Taekwondo (arti marziali)\",\"item\":\"https:\/\/www.daisho.be\/it\/categorie-produit\/sport-da-combattimento\/tappeti-tatami-per-judo-karate-e-taekwondo-arti-marziali\/\"},{\"@type\":\"ListItem\",\"position\":5,\"name\":\"Tatami BASIC PLUS\"}]},{\"@type\":\"WebSite\",\"@id\":\"https:\/\/www.daisho.be\/it\/#website\",\"url\":\"https:\/\/www.daisho.be\/it\/\",\"name\":\"Daisho\",\"description\":\"Sp&eacute;cialiste de l'&eacute;quipement sportif d'arts martiaux\",\"publisher\":{\"@id\":\"https:\/\/www.daisho.be\/it\/#organization\"},\"potentialAction\":[{\"@type\":\"SearchAction\",\"target\":{\"@type\":\"EntryPoint\",\"urlTemplate\":\"https:\/\/www.daisho.be\/it\/?s={search_term_string}\"},\"query-input\":{\"@type\":\"PropertyValueSpecification\",\"valueRequired\":true,\"valueName\":\"search_term_string\"}}],\"inLanguage\":\"it-IT\"},{\"@type\":\"Organization\",\"@id\":\"https:\/\/www.daisho.be\/it\/#organization\",\"name\":\"Daisho\",\"url\":\"https:\/\/www.daisho.be\/it\/\",\"logo\":{\"@type\":\"ImageObject\",\"inLanguage\":\"it-IT\",\"@id\":\"https:\/\/www.daisho.be\/it\/#\/schema\/logo\/image\/\",\"url\":\"https:\/\/www.daisho.be\/wp-content\/uploads\/2019\/07\/color-nothing-horizontale4x-e1564486100247.png\",\"contentUrl\":\"https:\/\/www.daisho.be\/wp-content\/uploads\/2019\/07\/color-nothing-horizontale4x-e1564486100247.png\",\"width\":1547,\"height\":385,\"caption\":\"Daisho\"},\"image\":{\"@id\":\"https:\/\/www.daisho.be\/it\/#\/schema\/logo\/image\/\"}}]}<\/script>\n<!-- \/ Yoast SEO plugin. -->","yoast_head_json":{"title":"Tatami BASIC PLUS &#8211; Daisho","description":"Tatami versatile e pratico che unisce flessibilit\u00e0 e sicurezza per tutti i tipi di allenamento. Trovali su www.daisho.be|Daisho","robots":{"index":"index","follow":"follow","max-snippet":"max-snippet:-1","max-image-preview":"max-image-preview:large","max-video-preview":"max-video-preview:-1"},"canonical":"https:\/\/www.daisho.be\/it\/produit\/tatami-basic-plus\/","og_locale":"it_IT","og_type":"article","og_title":"Tatami BASIC PLUS &#8211; Daisho","og_description":"Tatami versatile e pratico che unisce flessibilit\u00e0 e sicurezza per tutti i tipi di allenamento. Trovali su www.daisho.be|Daisho","og_url":"https:\/\/www.daisho.be\/it\/produit\/tatami-basic-plus\/","og_site_name":"Daisho","article_modified_time":"2026-03-31T12:52:33+00:00","og_image":[{"width":1920,"height":1440,"url":"https:\/\/www.daisho.be\/wp-content\/uploads\/2023\/11\/image-84.jpg","type":"image\/jpeg"}],"twitter_card":"summary_large_image","twitter_misc":{"Tempo di lettura stimato":"1 minuto"},"schema":{"@context":"https:\/\/schema.org","@graph":[{"@type":"WebPage","@id":"https:\/\/www.daisho.be\/it\/produit\/tatami-basic-plus\/","url":"https:\/\/www.daisho.be\/it\/produit\/tatami-basic-plus\/","name":"Tatami BASIC PLUS &#8211; Daisho","isPartOf":{"@id":"https:\/\/www.daisho.be\/it\/#website"},"primaryImageOfPage":{"@id":"https:\/\/www.daisho.be\/it\/produit\/tatami-basic-plus\/#primaryimage"},"image":{"@id":"https:\/\/www.daisho.be\/it\/produit\/tatami-basic-plus\/#primaryimage"},"thumbnailUrl":"https:\/\/www.daisho.be\/wp-content\/uploads\/2023\/11\/image-84.jpg","datePublished":"2022-01-16T20:42:22+00:00","dateModified":"2026-03-31T12:52:33+00:00","description":"Tatami versatile e pratico che unisce flessibilit\u00e0 e sicurezza per tutti i tipi di allenamento. Trovali su www.daisho.be|Daisho","breadcrumb":{"@id":"https:\/\/www.daisho.be\/it\/produit\/tatami-basic-plus\/#breadcrumb"},"inLanguage":"it-IT","potentialAction":[{"@type":"ReadAction","target":["https:\/\/www.daisho.be\/it\/produit\/tatami-basic-plus\/"]}]},{"@type":"ImageObject","inLanguage":"it-IT","@id":"https:\/\/www.daisho.be\/it\/produit\/tatami-basic-plus\/#primaryimage","url":"https:\/\/www.daisho.be\/wp-content\/uploads\/2023\/11\/image-84.jpg","contentUrl":"https:\/\/www.daisho.be\/wp-content\/uploads\/2023\/11\/image-84.jpg","width":1920,"height":1440,"caption":"Tatami BASIC PLUS-5"},{"@type":"BreadcrumbList","@id":"https:\/\/www.daisho.be\/it\/produit\/tatami-basic-plus\/#breadcrumb","itemListElement":[{"@type":"ListItem","position":1,"name":"Accueil","item":"https:\/\/www.daisho.be\/it\/"},{"@type":"ListItem","position":2,"name":"Prodotti","item":"https:\/\/www.daisho.be\/it\/prodotti\/"},{"@type":"ListItem","position":3,"name":"Sport da combattimento","item":"https:\/\/www.daisho.be\/it\/categorie-produit\/sport-da-combattimento\/"},{"@type":"ListItem","position":4,"name":"Tappeti tatami per Judo, Karate e Taekwondo (arti marziali)","item":"https:\/\/www.daisho.be\/it\/categorie-produit\/sport-da-combattimento\/tappeti-tatami-per-judo-karate-e-taekwondo-arti-marziali\/"},{"@type":"ListItem","position":5,"name":"Tatami BASIC PLUS"}]},{"@type":"WebSite","@id":"https:\/\/www.daisho.be\/it\/#website","url":"https:\/\/www.daisho.be\/it\/","name":"Daisho","description":"Sp&eacute;cialiste de l'&eacute;quipement sportif d'arts martiaux","publisher":{"@id":"https:\/\/www.daisho.be\/it\/#organization"},"potentialAction":[{"@type":"SearchAction","target":{"@type":"EntryPoint","urlTemplate":"https:\/\/www.daisho.be\/it\/?s={search_term_string}"},"query-input":{"@type":"PropertyValueSpecification","valueRequired":true,"valueName":"search_term_string"}}],"inLanguage":"it-IT"},{"@type":"Organization","@id":"https:\/\/www.daisho.be\/it\/#organization","name":"Daisho","url":"https:\/\/www.daisho.be\/it\/","logo":{"@type":"ImageObject","inLanguage":"it-IT","@id":"https:\/\/www.daisho.be\/it\/#\/schema\/logo\/image\/","url":"https:\/\/www.daisho.be\/wp-content\/uploads\/2019\/07\/color-nothing-horizontale4x-e1564486100247.png","contentUrl":"https:\/\/www.daisho.be\/wp-content\/uploads\/2019\/07\/color-nothing-horizontale4x-e1564486100247.png","width":1547,"height":385,"caption":"Daisho"},"image":{"@id":"https:\/\/www.daisho.be\/it\/#\/schema\/logo\/image\/"}}]}},"_links":{"self":[{"href":"https:\/\/www.daisho.be\/it\/wp-json\/wp\/v2\/product\/457591","targetHints":{"allow":["GET"]}}],"collection":[{"href":"https:\/\/www.daisho.be\/it\/wp-json\/wp\/v2\/product"}],"about":[{"href":"https:\/\/www.daisho.be\/it\/wp-json\/wp\/v2\/types\/product"}],"replies":[{"embeddable":true,"href":"https:\/\/www.daisho.be\/it\/wp-json\/wp\/v2\/comments?post=457591"}],"wp:featuredmedia":[{"embeddable":true,"href":"https:\/\/www.daisho.be\/it\/wp-json\/wp\/v2\/media\/457594"}],"wp:attachment":[{"href":"https:\/\/www.daisho.be\/it\/wp-json\/wp\/v2\/media?parent=457591"}],"wp:term":[{"taxonomy":"product_brand","embeddable":true,"href":"https:\/\/www.daisho.be\/it\/wp-json\/wp\/v2\/product_brand?post=457591"},{"taxonomy":"product_cat","embeddable":true,"href":"https:\/\/www.daisho.be\/it\/wp-json\/wp\/v2\/product_cat?post=457591"},{"taxonomy":"product_tag","embeddable":true,"href":"https:\/\/www.daisho.be\/it\/wp-json\/wp\/v2\/product_tag?post=457591"},{"taxonomy":"sport","embeddable":true,"href":"https:\/\/www.daisho.be\/it\/wp-json\/wp\/v2\/sport?post=457591"}],"curies":[{"name":"wp","href":"https:\/\/api.w.org\/{rel}","templated":true}]}}