{"id":457574,"date":"2022-01-20T09:27:48","date_gmt":"2022-01-20T08:27:48","guid":{"rendered":"https:\/\/www.daisho.be\/produit\/sacco-da-boxe-uppercut\/"},"modified":"2022-01-20T09:27:48","modified_gmt":"2022-01-20T08:27:48","slug":"sacco-da-boxe-uppercut","status":"publish","type":"product","link":"https:\/\/www.daisho.be\/it\/produit\/sacco-da-boxe-uppercut\/","title":{"rendered":"Sacco da boxe Uppercut"},"content":{"rendered":"<p>Il sacco da boxe uppercut \u00e8 realizzato in robusto bisonyl. Questo sacco \u00e8 ideale per allenare una serie di pugni, incluso e soprattutto il montante. Il sacco da boxe \u00e8 molto resistente ed \u00e8 un&#8217;ottima aggiunta alla tua casa o alla tua palestra. Stai cercando un compagno di allenamento ideale per una variet\u00e0 di pugni? Allora questo sacco da boxe fa al caso tuo. Il sacco da boxe Uppercut \u00e8 adatto a tutti, soprattutto a chi vuole prestare particolare attenzione alle spinte. \u00c8 adatto anche per calci e ginocchiate.<\/p>\n<p> Specifiche: &#8211; Colore: nero &#8211; Dimensioni 80 x 33 cm &#8211; Peso: +\/- 20 kg Vantaggi del sacco da boxe Uppercut &#8211; resistente e adatto a tutti &#8211; materiale: bisonyl &#8211; scansionato per la tua sicurezza &#8211; per l&#8217;uso in casa e in palestra &#8211; ideale per i colpi e i calci &#8211; include una catena a 4 punti Suggerimento: indossa guanti da boxe o bende quando ti alleni sul sacco da boxe.  <\/p>\n","protected":false},"excerpt":{"rendered":"<p>Il sacco da boxe uppercut \u00e8 realizzato in robusto bisonyl. Questo sacco \u00e8 ideale per allenare una serie di pugni, incluso e soprattutto il montante. Il sacco da boxe \u00e8 molto resistente ed \u00e8 un&#8217;ottima aggiunta alla tua casa o alla tua palestra. Stai cercando un compagno di allenamento ideale per una variet\u00e0 di pugni? [&hellip;]<\/p>\n","protected":false},"featured_media":457577,"comment_status":"open","ping_status":"closed","template":"","meta":{"inline_featured_image":false},"product_brand":[],"product_cat":[2050,2096,2049,2131],"product_tag":[2047],"sport":[],"class_list":{"0":"post-457574","1":"product","2":"type-product","3":"status-publish","4":"has-post-thumbnail","6":"product_cat-attrezzatura-per-lallenamento-di-kickboxing","7":"product_cat-attrezzatura-per-lallenamento-mma","8":"product_cat-attrezzature-per-lallenamento-del-karate","9":"product_cat-sacchi-da-boxe-it","10":"product_tag-daisho-it","11":"pa_size-sans-taille-defaut","13":"first","14":"instock","15":"taxable","16":"shipping-taxable","17":"purchasable","18":"product-type-variable"},"yoast_head":"<!-- This site is optimized with the Yoast SEO plugin v27.2 - https:\/\/yoast.com\/product\/yoast-seo-wordpress\/ -->\n<title>Sacco da boxe Uppercut &#8211; Daisho<\/title>\n<meta name=\"robots\" content=\"index, follow, max-snippet:-1, max-image-preview:large, max-video-preview:-1\" \/>\n<link rel=\"canonical\" href=\"https:\/\/www.daisho.be\/it\/produit\/sacco-da-boxe-uppercut\/\" \/>\n<meta property=\"og:locale\" content=\"it_IT\" \/>\n<meta property=\"og:type\" content=\"article\" \/>\n<meta property=\"og:title\" content=\"Sacco da boxe Uppercut &#8211; Daisho\" \/>\n<meta property=\"og:description\" content=\"Il sacco da boxe uppercut \u00e8 realizzato in robusto bisonyl. Questo sacco \u00e8 ideale per allenare una serie di pugni, incluso e soprattutto il montante. Il sacco da boxe \u00e8 molto resistente ed \u00e8 un&#8217;ottima aggiunta alla tua casa o alla tua palestra. Stai cercando un compagno di allenamento ideale per una variet\u00e0 di pugni? [&hellip;]\" \/>\n<meta property=\"og:url\" content=\"https:\/\/www.daisho.be\/it\/produit\/sacco-da-boxe-uppercut\/\" \/>\n<meta property=\"og:site_name\" content=\"Daisho\" \/>\n<meta property=\"og:image\" content=\"https:\/\/www.daisho.be\/wp-content\/uploads\/2022\/01\/image-74.jpg\" \/>\n\t<meta property=\"og:image:width\" content=\"650\" \/>\n\t<meta property=\"og:image:height\" content=\"650\" \/>\n\t<meta property=\"og:image:type\" content=\"image\/jpeg\" \/>\n<meta name=\"twitter:card\" content=\"summary_large_image\" \/>\n<meta name=\"twitter:label1\" content=\"Tempo di lettura stimato\" \/>\n\t<meta name=\"twitter:data1\" content=\"1 minuto\" \/>\n<script type=\"application\/ld+json\" class=\"yoast-schema-graph\">{\"@context\":\"https:\/\/schema.org\",\"@graph\":[{\"@type\":\"WebPage\",\"@id\":\"https:\/\/www.daisho.be\/it\/produit\/sacco-da-boxe-uppercut\/\",\"url\":\"https:\/\/www.daisho.be\/it\/produit\/sacco-da-boxe-uppercut\/\",\"name\":\"Sacco da boxe Uppercut &#8211; Daisho\",\"isPartOf\":{\"@id\":\"https:\/\/www.daisho.be\/it\/#website\"},\"primaryImageOfPage\":{\"@id\":\"https:\/\/www.daisho.be\/it\/produit\/sacco-da-boxe-uppercut\/#primaryimage\"},\"image\":{\"@id\":\"https:\/\/www.daisho.be\/it\/produit\/sacco-da-boxe-uppercut\/#primaryimage\"},\"thumbnailUrl\":\"https:\/\/www.daisho.be\/wp-content\/uploads\/2022\/01\/image-74.jpg\",\"datePublished\":\"2022-01-20T08:27:48+00:00\",\"breadcrumb\":{\"@id\":\"https:\/\/www.daisho.be\/it\/produit\/sacco-da-boxe-uppercut\/#breadcrumb\"},\"inLanguage\":\"it-IT\",\"potentialAction\":[{\"@type\":\"ReadAction\",\"target\":[\"https:\/\/www.daisho.be\/it\/produit\/sacco-da-boxe-uppercut\/\"]}]},{\"@type\":\"ImageObject\",\"inLanguage\":\"it-IT\",\"@id\":\"https:\/\/www.daisho.be\/it\/produit\/sacco-da-boxe-uppercut\/#primaryimage\",\"url\":\"https:\/\/www.daisho.be\/wp-content\/uploads\/2022\/01\/image-74.jpg\",\"contentUrl\":\"https:\/\/www.daisho.be\/wp-content\/uploads\/2022\/01\/image-74.jpg\",\"width\":650,\"height\":650},{\"@type\":\"BreadcrumbList\",\"@id\":\"https:\/\/www.daisho.be\/it\/produit\/sacco-da-boxe-uppercut\/#breadcrumb\",\"itemListElement\":[{\"@type\":\"ListItem\",\"position\":1,\"name\":\"Accueil\",\"item\":\"https:\/\/www.daisho.be\/it\/\"},{\"@type\":\"ListItem\",\"position\":2,\"name\":\"Prodotti\",\"item\":\"https:\/\/www.daisho.be\/it\/prodotti\/\"},{\"@type\":\"ListItem\",\"position\":3,\"name\":\"Attrezzature e abbigliamento per arti marziali e sport da combattimento\",\"item\":\"https:\/\/www.daisho.be\/it\/categorie-produit\/attrezzature-e-abbigliamento-per-arti-marziali-e-sport-da-combattimento\/\"},{\"@type\":\"ListItem\",\"position\":4,\"name\":\"Kick Boxing\",\"item\":\"https:\/\/www.daisho.be\/it\/categorie-produit\/attrezzature-e-abbigliamento-per-arti-marziali-e-sport-da-combattimento\/kick-boxing-it-2\/\"},{\"@type\":\"ListItem\",\"position\":5,\"name\":\"Attrezzatura per l'allenamento di kickboxing\",\"item\":\"https:\/\/www.daisho.be\/it\/categorie-produit\/attrezzature-e-abbigliamento-per-arti-marziali-e-sport-da-combattimento\/kick-boxing-it-2\/attrezzatura-per-lallenamento-di-kickboxing\/\"},{\"@type\":\"ListItem\",\"position\":6,\"name\":\"Sacco da boxe Uppercut\"}]},{\"@type\":\"WebSite\",\"@id\":\"https:\/\/www.daisho.be\/it\/#website\",\"url\":\"https:\/\/www.daisho.be\/it\/\",\"name\":\"Daisho\",\"description\":\"Sp&eacute;cialiste de l'&eacute;quipement sportif d'arts martiaux\",\"publisher\":{\"@id\":\"https:\/\/www.daisho.be\/it\/#organization\"},\"potentialAction\":[{\"@type\":\"SearchAction\",\"target\":{\"@type\":\"EntryPoint\",\"urlTemplate\":\"https:\/\/www.daisho.be\/it\/?s={search_term_string}\"},\"query-input\":{\"@type\":\"PropertyValueSpecification\",\"valueRequired\":true,\"valueName\":\"search_term_string\"}}],\"inLanguage\":\"it-IT\"},{\"@type\":\"Organization\",\"@id\":\"https:\/\/www.daisho.be\/it\/#organization\",\"name\":\"Daisho\",\"url\":\"https:\/\/www.daisho.be\/it\/\",\"logo\":{\"@type\":\"ImageObject\",\"inLanguage\":\"it-IT\",\"@id\":\"https:\/\/www.daisho.be\/it\/#\/schema\/logo\/image\/\",\"url\":\"https:\/\/www.daisho.be\/wp-content\/uploads\/2019\/07\/color-nothing-horizontale4x-e1564486100247.png\",\"contentUrl\":\"https:\/\/www.daisho.be\/wp-content\/uploads\/2019\/07\/color-nothing-horizontale4x-e1564486100247.png\",\"width\":1547,\"height\":385,\"caption\":\"Daisho\"},\"image\":{\"@id\":\"https:\/\/www.daisho.be\/it\/#\/schema\/logo\/image\/\"}}]}<\/script>\n<!-- \/ Yoast SEO plugin. -->","yoast_head_json":{"title":"Sacco da boxe Uppercut &#8211; Daisho","robots":{"index":"index","follow":"follow","max-snippet":"max-snippet:-1","max-image-preview":"max-image-preview:large","max-video-preview":"max-video-preview:-1"},"canonical":"https:\/\/www.daisho.be\/it\/produit\/sacco-da-boxe-uppercut\/","og_locale":"it_IT","og_type":"article","og_title":"Sacco da boxe Uppercut &#8211; Daisho","og_description":"Il sacco da boxe uppercut \u00e8 realizzato in robusto bisonyl. Questo sacco \u00e8 ideale per allenare una serie di pugni, incluso e soprattutto il montante. Il sacco da boxe \u00e8 molto resistente ed \u00e8 un&#8217;ottima aggiunta alla tua casa o alla tua palestra. Stai cercando un compagno di allenamento ideale per una variet\u00e0 di pugni? [&hellip;]","og_url":"https:\/\/www.daisho.be\/it\/produit\/sacco-da-boxe-uppercut\/","og_site_name":"Daisho","og_image":[{"width":650,"height":650,"url":"https:\/\/www.daisho.be\/wp-content\/uploads\/2022\/01\/image-74.jpg","type":"image\/jpeg"}],"twitter_card":"summary_large_image","twitter_misc":{"Tempo di lettura stimato":"1 minuto"},"schema":{"@context":"https:\/\/schema.org","@graph":[{"@type":"WebPage","@id":"https:\/\/www.daisho.be\/it\/produit\/sacco-da-boxe-uppercut\/","url":"https:\/\/www.daisho.be\/it\/produit\/sacco-da-boxe-uppercut\/","name":"Sacco da boxe Uppercut &#8211; Daisho","isPartOf":{"@id":"https:\/\/www.daisho.be\/it\/#website"},"primaryImageOfPage":{"@id":"https:\/\/www.daisho.be\/it\/produit\/sacco-da-boxe-uppercut\/#primaryimage"},"image":{"@id":"https:\/\/www.daisho.be\/it\/produit\/sacco-da-boxe-uppercut\/#primaryimage"},"thumbnailUrl":"https:\/\/www.daisho.be\/wp-content\/uploads\/2022\/01\/image-74.jpg","datePublished":"2022-01-20T08:27:48+00:00","breadcrumb":{"@id":"https:\/\/www.daisho.be\/it\/produit\/sacco-da-boxe-uppercut\/#breadcrumb"},"inLanguage":"it-IT","potentialAction":[{"@type":"ReadAction","target":["https:\/\/www.daisho.be\/it\/produit\/sacco-da-boxe-uppercut\/"]}]},{"@type":"ImageObject","inLanguage":"it-IT","@id":"https:\/\/www.daisho.be\/it\/produit\/sacco-da-boxe-uppercut\/#primaryimage","url":"https:\/\/www.daisho.be\/wp-content\/uploads\/2022\/01\/image-74.jpg","contentUrl":"https:\/\/www.daisho.be\/wp-content\/uploads\/2022\/01\/image-74.jpg","width":650,"height":650},{"@type":"BreadcrumbList","@id":"https:\/\/www.daisho.be\/it\/produit\/sacco-da-boxe-uppercut\/#breadcrumb","itemListElement":[{"@type":"ListItem","position":1,"name":"Accueil","item":"https:\/\/www.daisho.be\/it\/"},{"@type":"ListItem","position":2,"name":"Prodotti","item":"https:\/\/www.daisho.be\/it\/prodotti\/"},{"@type":"ListItem","position":3,"name":"Attrezzature e abbigliamento per arti marziali e sport da combattimento","item":"https:\/\/www.daisho.be\/it\/categorie-produit\/attrezzature-e-abbigliamento-per-arti-marziali-e-sport-da-combattimento\/"},{"@type":"ListItem","position":4,"name":"Kick Boxing","item":"https:\/\/www.daisho.be\/it\/categorie-produit\/attrezzature-e-abbigliamento-per-arti-marziali-e-sport-da-combattimento\/kick-boxing-it-2\/"},{"@type":"ListItem","position":5,"name":"Attrezzatura per l'allenamento di kickboxing","item":"https:\/\/www.daisho.be\/it\/categorie-produit\/attrezzature-e-abbigliamento-per-arti-marziali-e-sport-da-combattimento\/kick-boxing-it-2\/attrezzatura-per-lallenamento-di-kickboxing\/"},{"@type":"ListItem","position":6,"name":"Sacco da boxe Uppercut"}]},{"@type":"WebSite","@id":"https:\/\/www.daisho.be\/it\/#website","url":"https:\/\/www.daisho.be\/it\/","name":"Daisho","description":"Sp&eacute;cialiste de l'&eacute;quipement sportif d'arts martiaux","publisher":{"@id":"https:\/\/www.daisho.be\/it\/#organization"},"potentialAction":[{"@type":"SearchAction","target":{"@type":"EntryPoint","urlTemplate":"https:\/\/www.daisho.be\/it\/?s={search_term_string}"},"query-input":{"@type":"PropertyValueSpecification","valueRequired":true,"valueName":"search_term_string"}}],"inLanguage":"it-IT"},{"@type":"Organization","@id":"https:\/\/www.daisho.be\/it\/#organization","name":"Daisho","url":"https:\/\/www.daisho.be\/it\/","logo":{"@type":"ImageObject","inLanguage":"it-IT","@id":"https:\/\/www.daisho.be\/it\/#\/schema\/logo\/image\/","url":"https:\/\/www.daisho.be\/wp-content\/uploads\/2019\/07\/color-nothing-horizontale4x-e1564486100247.png","contentUrl":"https:\/\/www.daisho.be\/wp-content\/uploads\/2019\/07\/color-nothing-horizontale4x-e1564486100247.png","width":1547,"height":385,"caption":"Daisho"},"image":{"@id":"https:\/\/www.daisho.be\/it\/#\/schema\/logo\/image\/"}}]}},"_links":{"self":[{"href":"https:\/\/www.daisho.be\/it\/wp-json\/wp\/v2\/product\/457574","targetHints":{"allow":["GET"]}}],"collection":[{"href":"https:\/\/www.daisho.be\/it\/wp-json\/wp\/v2\/product"}],"about":[{"href":"https:\/\/www.daisho.be\/it\/wp-json\/wp\/v2\/types\/product"}],"replies":[{"embeddable":true,"href":"https:\/\/www.daisho.be\/it\/wp-json\/wp\/v2\/comments?post=457574"}],"wp:featuredmedia":[{"embeddable":true,"href":"https:\/\/www.daisho.be\/it\/wp-json\/wp\/v2\/media\/457577"}],"wp:attachment":[{"href":"https:\/\/www.daisho.be\/it\/wp-json\/wp\/v2\/media?parent=457574"}],"wp:term":[{"taxonomy":"product_brand","embeddable":true,"href":"https:\/\/www.daisho.be\/it\/wp-json\/wp\/v2\/product_brand?post=457574"},{"taxonomy":"product_cat","embeddable":true,"href":"https:\/\/www.daisho.be\/it\/wp-json\/wp\/v2\/product_cat?post=457574"},{"taxonomy":"product_tag","embeddable":true,"href":"https:\/\/www.daisho.be\/it\/wp-json\/wp\/v2\/product_tag?post=457574"},{"taxonomy":"sport","embeddable":true,"href":"https:\/\/www.daisho.be\/it\/wp-json\/wp\/v2\/sport?post=457574"}],"curies":[{"name":"wp","href":"https:\/\/api.w.org\/{rel}","templated":true}]}}