{"id":457231,"date":"2022-01-31T10:09:47","date_gmt":"2022-01-31T09:09:47","guid":{"rendered":"https:\/\/www.daisho.be\/produit\/guantoni-da-boxe-adidas-speed-pro-rosso-verde-bianco\/"},"modified":"2025-03-03T13:41:37","modified_gmt":"2025-03-03T12:41:37","slug":"guantoni-da-boxe-adidas-speed-pro-rosso-verde-bianco","status":"publish","type":"product","link":"https:\/\/www.daisho.be\/it\/produit\/guantoni-da-boxe-adidas-speed-pro-rosso-verde-bianco\/","title":{"rendered":"Guantoni da boxe adidas Speed Pro Rosso\/Verde\/Bianco"},"content":{"rendered":"<p>Questo guanto da speed boxe \u00e8 stato progettato appositamente per il settore professionale ed \u00e8 realizzato in pelle di alta qualit\u00e0.<br \/>\nPer una stabilizzazione ottimale del polso, le adidas Speed Pro presentano una struttura in schiuma multistrato. La chiusura in velcro assicura una vestibilit\u00e0 perfetta e l&#8217;imbottitura in schiuma attutisce l&#8217;impatto dei colpi pi\u00f9 duri nell&#8217;arena professionale. All&#8217;interno, questo guantone da boxe Speed Pro \u00e8 foderato in raso per un sostegno e un comfort ottimali.<br \/>\nQuesti guantoni sono adatti ai pugili professionisti per i quali rappresentano la scelta migliore.  <\/p>\n<p>Vantaggi:<br \/>\n&#8211; Realizzata in vera pelle<br \/>\n&#8211; Forma monopezzo<br \/>\n&#8211; Chiusura stabile con velcro<br \/>\n&#8211; Fodera in raso<\/p>\n","protected":false},"excerpt":{"rendered":"<p>Questo guanto da speed boxe \u00e8 stato progettato appositamente per il settore professionale ed \u00e8 realizzato in pelle di alta qualit\u00e0. Per una stabilizzazione ottimale del polso, le adidas Speed Pro presentano una struttura in schiuma multistrato. La chiusura in velcro assicura una vestibilit\u00e0 perfetta e l&#8217;imbottitura in schiuma attutisce l&#8217;impatto dei colpi pi\u00f9 duri [&hellip;]<\/p>\n","protected":false},"featured_media":457242,"comment_status":"open","ping_status":"closed","template":"","meta":{"inline_featured_image":false},"product_brand":[],"product_cat":[2307,2276,2303],"product_tag":[2176],"sport":[],"class_list":{"0":"post-457231","1":"product","2":"type-product","3":"status-publish","4":"has-post-thumbnail","6":"product_cat-guantoni-da-boxe-adidas","7":"product_cat-protezioni-adidas-kickboxing","8":"product_cat-protezioni-adidas-muay-thai","9":"product_tag-adidas-it","10":"pa_size-371","11":"pa_size-370","12":"pa_size-461","13":"pa_size-1097","15":"first","16":"instock","17":"taxable","18":"shipping-taxable","19":"purchasable","20":"product-type-variable"},"yoast_head":"<!-- This site is optimized with the Yoast SEO plugin v27.2 - https:\/\/yoast.com\/product\/yoast-seo-wordpress\/ -->\n<title>Guantoni da boxe adidas Speed Pro Rosso\/Verde\/Bianco &#8211; Daisho<\/title>\n<meta name=\"description\" content=\"Scopri i guantoni da boxe progettati appositamente per i professionisti per garantire un&#039;elevata qualit\u00e0. Acquistali su www.daisho.be|Daisho\" \/>\n<meta name=\"robots\" content=\"index, follow, max-snippet:-1, max-image-preview:large, max-video-preview:-1\" \/>\n<link rel=\"canonical\" href=\"https:\/\/www.daisho.be\/it\/produit\/guantoni-da-boxe-adidas-speed-pro-rosso-verde-bianco\/\" \/>\n<meta property=\"og:locale\" content=\"it_IT\" \/>\n<meta property=\"og:type\" content=\"article\" \/>\n<meta property=\"og:title\" content=\"Guantoni da boxe adidas Speed Pro Rosso\/Verde\/Bianco &#8211; Daisho\" \/>\n<meta property=\"og:description\" content=\"Scopri i guantoni da boxe progettati appositamente per i professionisti per garantire un&#039;elevata qualit\u00e0. Acquistali su www.daisho.be|Daisho\" \/>\n<meta property=\"og:url\" content=\"https:\/\/www.daisho.be\/it\/produit\/guantoni-da-boxe-adidas-speed-pro-rosso-verde-bianco\/\" \/>\n<meta property=\"og:site_name\" content=\"Daisho\" \/>\n<meta property=\"article:modified_time\" content=\"2025-03-03T12:41:37+00:00\" \/>\n<meta property=\"og:image\" content=\"https:\/\/www.daisho.be\/wp-content\/uploads\/2022\/02\/image-299.jpg\" \/>\n\t<meta property=\"og:image:width\" content=\"650\" \/>\n\t<meta property=\"og:image:height\" content=\"650\" \/>\n\t<meta property=\"og:image:type\" content=\"image\/jpeg\" \/>\n<meta name=\"twitter:card\" content=\"summary_large_image\" \/>\n<meta name=\"twitter:label1\" content=\"Tempo di lettura stimato\" \/>\n\t<meta name=\"twitter:data1\" content=\"1 minuto\" \/>\n<script type=\"application\/ld+json\" class=\"yoast-schema-graph\">{\"@context\":\"https:\/\/schema.org\",\"@graph\":[{\"@type\":\"WebPage\",\"@id\":\"https:\/\/www.daisho.be\/it\/produit\/guantoni-da-boxe-adidas-speed-pro-rosso-verde-bianco\/\",\"url\":\"https:\/\/www.daisho.be\/it\/produit\/guantoni-da-boxe-adidas-speed-pro-rosso-verde-bianco\/\",\"name\":\"Guantoni da boxe adidas Speed Pro Rosso\/Verde\/Bianco &#8211; Daisho\",\"isPartOf\":{\"@id\":\"https:\/\/www.daisho.be\/it\/#website\"},\"primaryImageOfPage\":{\"@id\":\"https:\/\/www.daisho.be\/it\/produit\/guantoni-da-boxe-adidas-speed-pro-rosso-verde-bianco\/#primaryimage\"},\"image\":{\"@id\":\"https:\/\/www.daisho.be\/it\/produit\/guantoni-da-boxe-adidas-speed-pro-rosso-verde-bianco\/#primaryimage\"},\"thumbnailUrl\":\"https:\/\/www.daisho.be\/wp-content\/uploads\/2022\/02\/image-299.jpg\",\"datePublished\":\"2022-01-31T09:09:47+00:00\",\"dateModified\":\"2025-03-03T12:41:37+00:00\",\"description\":\"Scopri i guantoni da boxe progettati appositamente per i professionisti per garantire un'elevata qualit\u00e0. Acquistali su www.daisho.be|Daisho\",\"breadcrumb\":{\"@id\":\"https:\/\/www.daisho.be\/it\/produit\/guantoni-da-boxe-adidas-speed-pro-rosso-verde-bianco\/#breadcrumb\"},\"inLanguage\":\"it-IT\",\"potentialAction\":[{\"@type\":\"ReadAction\",\"target\":[\"https:\/\/www.daisho.be\/it\/produit\/guantoni-da-boxe-adidas-speed-pro-rosso-verde-bianco\/\"]}]},{\"@type\":\"ImageObject\",\"inLanguage\":\"it-IT\",\"@id\":\"https:\/\/www.daisho.be\/it\/produit\/guantoni-da-boxe-adidas-speed-pro-rosso-verde-bianco\/#primaryimage\",\"url\":\"https:\/\/www.daisho.be\/wp-content\/uploads\/2022\/02\/image-299.jpg\",\"contentUrl\":\"https:\/\/www.daisho.be\/wp-content\/uploads\/2022\/02\/image-299.jpg\",\"width\":650,\"height\":650,\"caption\":\"Guantoni da boxe adidas Speed Pro Rosso\/Verde\/Bianco-1\"},{\"@type\":\"BreadcrumbList\",\"@id\":\"https:\/\/www.daisho.be\/it\/produit\/guantoni-da-boxe-adidas-speed-pro-rosso-verde-bianco\/#breadcrumb\",\"itemListElement\":[{\"@type\":\"ListItem\",\"position\":1,\"name\":\"Accueil\",\"item\":\"https:\/\/www.daisho.be\/it\/\"},{\"@type\":\"ListItem\",\"position\":2,\"name\":\"Prodotti\",\"item\":\"https:\/\/www.daisho.be\/it\/prodotti\/\"},{\"@type\":\"ListItem\",\"position\":3,\"name\":\"ADIDAS SPORT DA COMBATTIMENTO\",\"item\":\"https:\/\/www.daisho.be\/it\/categorie-produit\/adidas-sport-da-combattimento\/\"},{\"@type\":\"ListItem\",\"position\":4,\"name\":\"Boxe\",\"item\":\"https:\/\/www.daisho.be\/it\/categorie-produit\/adidas-sport-da-combattimento\/boxe-it\/\"},{\"@type\":\"ListItem\",\"position\":5,\"name\":\"Guantoni da boxe Adidas\",\"item\":\"https:\/\/www.daisho.be\/it\/categorie-produit\/adidas-sport-da-combattimento\/boxe-it\/guantoni-da-boxe-adidas\/\"},{\"@type\":\"ListItem\",\"position\":6,\"name\":\"Guantoni da boxe adidas Speed Pro Rosso\/Verde\/Bianco\"}]},{\"@type\":\"WebSite\",\"@id\":\"https:\/\/www.daisho.be\/it\/#website\",\"url\":\"https:\/\/www.daisho.be\/it\/\",\"name\":\"Daisho\",\"description\":\"Sp&eacute;cialiste de l'&eacute;quipement sportif d'arts martiaux\",\"publisher\":{\"@id\":\"https:\/\/www.daisho.be\/it\/#organization\"},\"potentialAction\":[{\"@type\":\"SearchAction\",\"target\":{\"@type\":\"EntryPoint\",\"urlTemplate\":\"https:\/\/www.daisho.be\/it\/?s={search_term_string}\"},\"query-input\":{\"@type\":\"PropertyValueSpecification\",\"valueRequired\":true,\"valueName\":\"search_term_string\"}}],\"inLanguage\":\"it-IT\"},{\"@type\":\"Organization\",\"@id\":\"https:\/\/www.daisho.be\/it\/#organization\",\"name\":\"Daisho\",\"url\":\"https:\/\/www.daisho.be\/it\/\",\"logo\":{\"@type\":\"ImageObject\",\"inLanguage\":\"it-IT\",\"@id\":\"https:\/\/www.daisho.be\/it\/#\/schema\/logo\/image\/\",\"url\":\"https:\/\/www.daisho.be\/wp-content\/uploads\/2019\/07\/color-nothing-horizontale4x-e1564486100247.png\",\"contentUrl\":\"https:\/\/www.daisho.be\/wp-content\/uploads\/2019\/07\/color-nothing-horizontale4x-e1564486100247.png\",\"width\":1547,\"height\":385,\"caption\":\"Daisho\"},\"image\":{\"@id\":\"https:\/\/www.daisho.be\/it\/#\/schema\/logo\/image\/\"}}]}<\/script>\n<!-- \/ Yoast SEO plugin. -->","yoast_head_json":{"title":"Guantoni da boxe adidas Speed Pro Rosso\/Verde\/Bianco &#8211; Daisho","description":"Scopri i guantoni da boxe progettati appositamente per i professionisti per garantire un'elevata qualit\u00e0. Acquistali su www.daisho.be|Daisho","robots":{"index":"index","follow":"follow","max-snippet":"max-snippet:-1","max-image-preview":"max-image-preview:large","max-video-preview":"max-video-preview:-1"},"canonical":"https:\/\/www.daisho.be\/it\/produit\/guantoni-da-boxe-adidas-speed-pro-rosso-verde-bianco\/","og_locale":"it_IT","og_type":"article","og_title":"Guantoni da boxe adidas Speed Pro Rosso\/Verde\/Bianco &#8211; Daisho","og_description":"Scopri i guantoni da boxe progettati appositamente per i professionisti per garantire un'elevata qualit\u00e0. Acquistali su www.daisho.be|Daisho","og_url":"https:\/\/www.daisho.be\/it\/produit\/guantoni-da-boxe-adidas-speed-pro-rosso-verde-bianco\/","og_site_name":"Daisho","article_modified_time":"2025-03-03T12:41:37+00:00","og_image":[{"width":650,"height":650,"url":"https:\/\/www.daisho.be\/wp-content\/uploads\/2022\/02\/image-299.jpg","type":"image\/jpeg"}],"twitter_card":"summary_large_image","twitter_misc":{"Tempo di lettura stimato":"1 minuto"},"schema":{"@context":"https:\/\/schema.org","@graph":[{"@type":"WebPage","@id":"https:\/\/www.daisho.be\/it\/produit\/guantoni-da-boxe-adidas-speed-pro-rosso-verde-bianco\/","url":"https:\/\/www.daisho.be\/it\/produit\/guantoni-da-boxe-adidas-speed-pro-rosso-verde-bianco\/","name":"Guantoni da boxe adidas Speed Pro Rosso\/Verde\/Bianco &#8211; Daisho","isPartOf":{"@id":"https:\/\/www.daisho.be\/it\/#website"},"primaryImageOfPage":{"@id":"https:\/\/www.daisho.be\/it\/produit\/guantoni-da-boxe-adidas-speed-pro-rosso-verde-bianco\/#primaryimage"},"image":{"@id":"https:\/\/www.daisho.be\/it\/produit\/guantoni-da-boxe-adidas-speed-pro-rosso-verde-bianco\/#primaryimage"},"thumbnailUrl":"https:\/\/www.daisho.be\/wp-content\/uploads\/2022\/02\/image-299.jpg","datePublished":"2022-01-31T09:09:47+00:00","dateModified":"2025-03-03T12:41:37+00:00","description":"Scopri i guantoni da boxe progettati appositamente per i professionisti per garantire un'elevata qualit\u00e0. Acquistali su www.daisho.be|Daisho","breadcrumb":{"@id":"https:\/\/www.daisho.be\/it\/produit\/guantoni-da-boxe-adidas-speed-pro-rosso-verde-bianco\/#breadcrumb"},"inLanguage":"it-IT","potentialAction":[{"@type":"ReadAction","target":["https:\/\/www.daisho.be\/it\/produit\/guantoni-da-boxe-adidas-speed-pro-rosso-verde-bianco\/"]}]},{"@type":"ImageObject","inLanguage":"it-IT","@id":"https:\/\/www.daisho.be\/it\/produit\/guantoni-da-boxe-adidas-speed-pro-rosso-verde-bianco\/#primaryimage","url":"https:\/\/www.daisho.be\/wp-content\/uploads\/2022\/02\/image-299.jpg","contentUrl":"https:\/\/www.daisho.be\/wp-content\/uploads\/2022\/02\/image-299.jpg","width":650,"height":650,"caption":"Guantoni da boxe adidas Speed Pro Rosso\/Verde\/Bianco-1"},{"@type":"BreadcrumbList","@id":"https:\/\/www.daisho.be\/it\/produit\/guantoni-da-boxe-adidas-speed-pro-rosso-verde-bianco\/#breadcrumb","itemListElement":[{"@type":"ListItem","position":1,"name":"Accueil","item":"https:\/\/www.daisho.be\/it\/"},{"@type":"ListItem","position":2,"name":"Prodotti","item":"https:\/\/www.daisho.be\/it\/prodotti\/"},{"@type":"ListItem","position":3,"name":"ADIDAS SPORT DA COMBATTIMENTO","item":"https:\/\/www.daisho.be\/it\/categorie-produit\/adidas-sport-da-combattimento\/"},{"@type":"ListItem","position":4,"name":"Boxe","item":"https:\/\/www.daisho.be\/it\/categorie-produit\/adidas-sport-da-combattimento\/boxe-it\/"},{"@type":"ListItem","position":5,"name":"Guantoni da boxe Adidas","item":"https:\/\/www.daisho.be\/it\/categorie-produit\/adidas-sport-da-combattimento\/boxe-it\/guantoni-da-boxe-adidas\/"},{"@type":"ListItem","position":6,"name":"Guantoni da boxe adidas Speed Pro Rosso\/Verde\/Bianco"}]},{"@type":"WebSite","@id":"https:\/\/www.daisho.be\/it\/#website","url":"https:\/\/www.daisho.be\/it\/","name":"Daisho","description":"Sp&eacute;cialiste de l'&eacute;quipement sportif d'arts martiaux","publisher":{"@id":"https:\/\/www.daisho.be\/it\/#organization"},"potentialAction":[{"@type":"SearchAction","target":{"@type":"EntryPoint","urlTemplate":"https:\/\/www.daisho.be\/it\/?s={search_term_string}"},"query-input":{"@type":"PropertyValueSpecification","valueRequired":true,"valueName":"search_term_string"}}],"inLanguage":"it-IT"},{"@type":"Organization","@id":"https:\/\/www.daisho.be\/it\/#organization","name":"Daisho","url":"https:\/\/www.daisho.be\/it\/","logo":{"@type":"ImageObject","inLanguage":"it-IT","@id":"https:\/\/www.daisho.be\/it\/#\/schema\/logo\/image\/","url":"https:\/\/www.daisho.be\/wp-content\/uploads\/2019\/07\/color-nothing-horizontale4x-e1564486100247.png","contentUrl":"https:\/\/www.daisho.be\/wp-content\/uploads\/2019\/07\/color-nothing-horizontale4x-e1564486100247.png","width":1547,"height":385,"caption":"Daisho"},"image":{"@id":"https:\/\/www.daisho.be\/it\/#\/schema\/logo\/image\/"}}]}},"_links":{"self":[{"href":"https:\/\/www.daisho.be\/it\/wp-json\/wp\/v2\/product\/457231","targetHints":{"allow":["GET"]}}],"collection":[{"href":"https:\/\/www.daisho.be\/it\/wp-json\/wp\/v2\/product"}],"about":[{"href":"https:\/\/www.daisho.be\/it\/wp-json\/wp\/v2\/types\/product"}],"replies":[{"embeddable":true,"href":"https:\/\/www.daisho.be\/it\/wp-json\/wp\/v2\/comments?post=457231"}],"wp:featuredmedia":[{"embeddable":true,"href":"https:\/\/www.daisho.be\/it\/wp-json\/wp\/v2\/media\/457242"}],"wp:attachment":[{"href":"https:\/\/www.daisho.be\/it\/wp-json\/wp\/v2\/media?parent=457231"}],"wp:term":[{"taxonomy":"product_brand","embeddable":true,"href":"https:\/\/www.daisho.be\/it\/wp-json\/wp\/v2\/product_brand?post=457231"},{"taxonomy":"product_cat","embeddable":true,"href":"https:\/\/www.daisho.be\/it\/wp-json\/wp\/v2\/product_cat?post=457231"},{"taxonomy":"product_tag","embeddable":true,"href":"https:\/\/www.daisho.be\/it\/wp-json\/wp\/v2\/product_tag?post=457231"},{"taxonomy":"sport","embeddable":true,"href":"https:\/\/www.daisho.be\/it\/wp-json\/wp\/v2\/sport?post=457231"}],"curies":[{"name":"wp","href":"https:\/\/api.w.org\/{rel}","templated":true}]}}