{"id":457177,"date":"2022-02-05T13:57:18","date_gmt":"2022-02-05T12:57:18","guid":{"rendered":"https:\/\/www.daisho.be\/produit\/adidas-maize-bag-15kg\/"},"modified":"2025-03-03T12:21:51","modified_gmt":"2025-03-03T11:21:51","slug":"adidas-maize-bag-15kg","status":"publish","type":"product","link":"https:\/\/www.daisho.be\/it\/produit\/adidas-maize-bag-15kg\/","title":{"rendered":"adidas Maize Bag 15kg"},"content":{"rendered":"<p>La borsa Maize \u00e8 ideale per allenare i pugni.<\/p>\n<p>Il sacco \u00e8 realizzato in PU3G, un materiale flessibile, resistente e bello come la vera pelle. Il sacco per montanti \u00e8 facile da appendere ai ganci metallici. Il sacco Maize \u00e8 riempito di granuli di gomma.<\/p>\n<p>Il Maize Bag \u00e8 adatto a tutti e soprattutto a chi vuole prestare particolare attenzione anche ai colpi. Vantaggi: &#8211; resistente e adatto a tutti &#8211; PU3G &#8211; scansionato per la tua sicurezza &#8211; da usare a casa e in palestra <\/p>\n","protected":false},"excerpt":{"rendered":"<p>La borsa Maize \u00e8 ideale per allenare i pugni. Il sacco \u00e8 realizzato in PU3G, un materiale flessibile, resistente e bello come la vera pelle. Il sacco per montanti \u00e8 facile da appendere ai ganci metallici. Il sacco Maize \u00e8 riempito di granuli di gomma. Il Maize Bag \u00e8 adatto a tutti e soprattutto a [&hellip;]<\/p>\n","protected":false},"featured_media":457181,"comment_status":"open","ping_status":"closed","template":"","meta":{"inline_featured_image":false},"product_brand":[],"product_cat":[2255,2281,2250,2249],"product_tag":[2176],"sport":[],"class_list":{"0":"post-457177","1":"product","2":"type-product","3":"status-publish","4":"has-post-thumbnail","6":"product_cat-sacchi-da-boxe-e-accessori-da-allenamento-adidas-taekwondo","7":"product_cat-sacchi-da-boxe-e-accessori-per-lallenamento-it","8":"product_cat-sacchi-da-boxe-e-accessori-per-lallenamento","9":"product_cat-sacchi-da-boxe-e-accessori-per-lallenamento-del-karate","10":"product_tag-adidas-it","11":"product_shipping_class-prodotti-pesanti","12":"pa_size-sans-taille-defaut","14":"first","15":"instock","16":"taxable","17":"shipping-taxable","18":"purchasable","19":"product-type-variable"},"yoast_head":"<!-- This site is optimized with the Yoast SEO plugin v27.2 - https:\/\/yoast.com\/product\/yoast-seo-wordpress\/ -->\n<title>adidas Maize Bag 15kg &#8211; Daisho<\/title>\n<meta name=\"description\" content=\"Scopri il sacco di mais da 15 kg che migliorer\u00e0 i tuoi colpi. Acquistalo ora sul nostro sito www.daisho.be|Daisho\" \/>\n<meta name=\"robots\" content=\"index, follow, max-snippet:-1, max-image-preview:large, max-video-preview:-1\" \/>\n<link rel=\"canonical\" href=\"https:\/\/www.daisho.be\/it\/produit\/adidas-maize-bag-15kg\/\" \/>\n<meta property=\"og:locale\" content=\"it_IT\" \/>\n<meta property=\"og:type\" content=\"article\" \/>\n<meta property=\"og:title\" content=\"adidas Maize Bag 15kg &#8211; Daisho\" \/>\n<meta property=\"og:description\" content=\"Scopri il sacco di mais da 15 kg che migliorer\u00e0 i tuoi colpi. Acquistalo ora sul nostro sito www.daisho.be|Daisho\" \/>\n<meta property=\"og:url\" content=\"https:\/\/www.daisho.be\/it\/produit\/adidas-maize-bag-15kg\/\" \/>\n<meta property=\"og:site_name\" content=\"Daisho\" \/>\n<meta property=\"article:modified_time\" content=\"2025-03-03T11:21:51+00:00\" \/>\n<meta property=\"og:image\" content=\"https:\/\/www.daisho.be\/wp-content\/uploads\/2022\/02\/image-37.jpg\" \/>\n\t<meta property=\"og:image:width\" content=\"335\" \/>\n\t<meta property=\"og:image:height\" content=\"335\" \/>\n\t<meta property=\"og:image:type\" content=\"image\/jpeg\" \/>\n<meta name=\"twitter:card\" content=\"summary_large_image\" \/>\n<script type=\"application\/ld+json\" class=\"yoast-schema-graph\">{\"@context\":\"https:\/\/schema.org\",\"@graph\":[{\"@type\":\"WebPage\",\"@id\":\"https:\/\/www.daisho.be\/it\/produit\/adidas-maize-bag-15kg\/\",\"url\":\"https:\/\/www.daisho.be\/it\/produit\/adidas-maize-bag-15kg\/\",\"name\":\"adidas Maize Bag 15kg &#8211; Daisho\",\"isPartOf\":{\"@id\":\"https:\/\/www.daisho.be\/it\/#website\"},\"primaryImageOfPage\":{\"@id\":\"https:\/\/www.daisho.be\/it\/produit\/adidas-maize-bag-15kg\/#primaryimage\"},\"image\":{\"@id\":\"https:\/\/www.daisho.be\/it\/produit\/adidas-maize-bag-15kg\/#primaryimage\"},\"thumbnailUrl\":\"https:\/\/www.daisho.be\/wp-content\/uploads\/2022\/02\/image-37.jpg\",\"datePublished\":\"2022-02-05T12:57:18+00:00\",\"dateModified\":\"2025-03-03T11:21:51+00:00\",\"description\":\"Scopri il sacco di mais da 15 kg che migliorer\u00e0 i tuoi colpi. Acquistalo ora sul nostro sito www.daisho.be|Daisho\",\"breadcrumb\":{\"@id\":\"https:\/\/www.daisho.be\/it\/produit\/adidas-maize-bag-15kg\/#breadcrumb\"},\"inLanguage\":\"it-IT\",\"potentialAction\":[{\"@type\":\"ReadAction\",\"target\":[\"https:\/\/www.daisho.be\/it\/produit\/adidas-maize-bag-15kg\/\"]}]},{\"@type\":\"ImageObject\",\"inLanguage\":\"it-IT\",\"@id\":\"https:\/\/www.daisho.be\/it\/produit\/adidas-maize-bag-15kg\/#primaryimage\",\"url\":\"https:\/\/www.daisho.be\/wp-content\/uploads\/2022\/02\/image-37.jpg\",\"contentUrl\":\"https:\/\/www.daisho.be\/wp-content\/uploads\/2022\/02\/image-37.jpg\",\"width\":335,\"height\":335,\"caption\":\"adidas Maize Bag 15kg-1\"},{\"@type\":\"BreadcrumbList\",\"@id\":\"https:\/\/www.daisho.be\/it\/produit\/adidas-maize-bag-15kg\/#breadcrumb\",\"itemListElement\":[{\"@type\":\"ListItem\",\"position\":1,\"name\":\"Accueil\",\"item\":\"https:\/\/www.daisho.be\/it\/\"},{\"@type\":\"ListItem\",\"position\":2,\"name\":\"Prodotti\",\"item\":\"https:\/\/www.daisho.be\/it\/prodotti\/\"},{\"@type\":\"ListItem\",\"position\":3,\"name\":\"ADIDAS SPORT DA COMBATTIMENTO\",\"item\":\"https:\/\/www.daisho.be\/it\/categorie-produit\/adidas-sport-da-combattimento\/\"},{\"@type\":\"ListItem\",\"position\":4,\"name\":\"Taekwondo\",\"item\":\"https:\/\/www.daisho.be\/it\/categorie-produit\/adidas-sport-da-combattimento\/taekwondo-it\/\"},{\"@type\":\"ListItem\",\"position\":5,\"name\":\"Sacchi da boxe e accessori da allenamento Adidas Taekwondo\",\"item\":\"https:\/\/www.daisho.be\/it\/categorie-produit\/adidas-sport-da-combattimento\/taekwondo-it\/sacchi-da-boxe-e-accessori-da-allenamento-adidas-taekwondo\/\"},{\"@type\":\"ListItem\",\"position\":6,\"name\":\"adidas Maize Bag 15kg\"}]},{\"@type\":\"WebSite\",\"@id\":\"https:\/\/www.daisho.be\/it\/#website\",\"url\":\"https:\/\/www.daisho.be\/it\/\",\"name\":\"Daisho\",\"description\":\"Sp&eacute;cialiste de l'&eacute;quipement sportif d'arts martiaux\",\"publisher\":{\"@id\":\"https:\/\/www.daisho.be\/it\/#organization\"},\"potentialAction\":[{\"@type\":\"SearchAction\",\"target\":{\"@type\":\"EntryPoint\",\"urlTemplate\":\"https:\/\/www.daisho.be\/it\/?s={search_term_string}\"},\"query-input\":{\"@type\":\"PropertyValueSpecification\",\"valueRequired\":true,\"valueName\":\"search_term_string\"}}],\"inLanguage\":\"it-IT\"},{\"@type\":\"Organization\",\"@id\":\"https:\/\/www.daisho.be\/it\/#organization\",\"name\":\"Daisho\",\"url\":\"https:\/\/www.daisho.be\/it\/\",\"logo\":{\"@type\":\"ImageObject\",\"inLanguage\":\"it-IT\",\"@id\":\"https:\/\/www.daisho.be\/it\/#\/schema\/logo\/image\/\",\"url\":\"https:\/\/www.daisho.be\/wp-content\/uploads\/2019\/07\/color-nothing-horizontale4x-e1564486100247.png\",\"contentUrl\":\"https:\/\/www.daisho.be\/wp-content\/uploads\/2019\/07\/color-nothing-horizontale4x-e1564486100247.png\",\"width\":1547,\"height\":385,\"caption\":\"Daisho\"},\"image\":{\"@id\":\"https:\/\/www.daisho.be\/it\/#\/schema\/logo\/image\/\"}}]}<\/script>\n<!-- \/ Yoast SEO plugin. -->","yoast_head_json":{"title":"adidas Maize Bag 15kg &#8211; Daisho","description":"Scopri il sacco di mais da 15 kg che migliorer\u00e0 i tuoi colpi. Acquistalo ora sul nostro sito www.daisho.be|Daisho","robots":{"index":"index","follow":"follow","max-snippet":"max-snippet:-1","max-image-preview":"max-image-preview:large","max-video-preview":"max-video-preview:-1"},"canonical":"https:\/\/www.daisho.be\/it\/produit\/adidas-maize-bag-15kg\/","og_locale":"it_IT","og_type":"article","og_title":"adidas Maize Bag 15kg &#8211; Daisho","og_description":"Scopri il sacco di mais da 15 kg che migliorer\u00e0 i tuoi colpi. Acquistalo ora sul nostro sito www.daisho.be|Daisho","og_url":"https:\/\/www.daisho.be\/it\/produit\/adidas-maize-bag-15kg\/","og_site_name":"Daisho","article_modified_time":"2025-03-03T11:21:51+00:00","og_image":[{"width":335,"height":335,"url":"https:\/\/www.daisho.be\/wp-content\/uploads\/2022\/02\/image-37.jpg","type":"image\/jpeg"}],"twitter_card":"summary_large_image","schema":{"@context":"https:\/\/schema.org","@graph":[{"@type":"WebPage","@id":"https:\/\/www.daisho.be\/it\/produit\/adidas-maize-bag-15kg\/","url":"https:\/\/www.daisho.be\/it\/produit\/adidas-maize-bag-15kg\/","name":"adidas Maize Bag 15kg &#8211; Daisho","isPartOf":{"@id":"https:\/\/www.daisho.be\/it\/#website"},"primaryImageOfPage":{"@id":"https:\/\/www.daisho.be\/it\/produit\/adidas-maize-bag-15kg\/#primaryimage"},"image":{"@id":"https:\/\/www.daisho.be\/it\/produit\/adidas-maize-bag-15kg\/#primaryimage"},"thumbnailUrl":"https:\/\/www.daisho.be\/wp-content\/uploads\/2022\/02\/image-37.jpg","datePublished":"2022-02-05T12:57:18+00:00","dateModified":"2025-03-03T11:21:51+00:00","description":"Scopri il sacco di mais da 15 kg che migliorer\u00e0 i tuoi colpi. Acquistalo ora sul nostro sito www.daisho.be|Daisho","breadcrumb":{"@id":"https:\/\/www.daisho.be\/it\/produit\/adidas-maize-bag-15kg\/#breadcrumb"},"inLanguage":"it-IT","potentialAction":[{"@type":"ReadAction","target":["https:\/\/www.daisho.be\/it\/produit\/adidas-maize-bag-15kg\/"]}]},{"@type":"ImageObject","inLanguage":"it-IT","@id":"https:\/\/www.daisho.be\/it\/produit\/adidas-maize-bag-15kg\/#primaryimage","url":"https:\/\/www.daisho.be\/wp-content\/uploads\/2022\/02\/image-37.jpg","contentUrl":"https:\/\/www.daisho.be\/wp-content\/uploads\/2022\/02\/image-37.jpg","width":335,"height":335,"caption":"adidas Maize Bag 15kg-1"},{"@type":"BreadcrumbList","@id":"https:\/\/www.daisho.be\/it\/produit\/adidas-maize-bag-15kg\/#breadcrumb","itemListElement":[{"@type":"ListItem","position":1,"name":"Accueil","item":"https:\/\/www.daisho.be\/it\/"},{"@type":"ListItem","position":2,"name":"Prodotti","item":"https:\/\/www.daisho.be\/it\/prodotti\/"},{"@type":"ListItem","position":3,"name":"ADIDAS SPORT DA COMBATTIMENTO","item":"https:\/\/www.daisho.be\/it\/categorie-produit\/adidas-sport-da-combattimento\/"},{"@type":"ListItem","position":4,"name":"Taekwondo","item":"https:\/\/www.daisho.be\/it\/categorie-produit\/adidas-sport-da-combattimento\/taekwondo-it\/"},{"@type":"ListItem","position":5,"name":"Sacchi da boxe e accessori da allenamento Adidas Taekwondo","item":"https:\/\/www.daisho.be\/it\/categorie-produit\/adidas-sport-da-combattimento\/taekwondo-it\/sacchi-da-boxe-e-accessori-da-allenamento-adidas-taekwondo\/"},{"@type":"ListItem","position":6,"name":"adidas Maize Bag 15kg"}]},{"@type":"WebSite","@id":"https:\/\/www.daisho.be\/it\/#website","url":"https:\/\/www.daisho.be\/it\/","name":"Daisho","description":"Sp&eacute;cialiste de l'&eacute;quipement sportif d'arts martiaux","publisher":{"@id":"https:\/\/www.daisho.be\/it\/#organization"},"potentialAction":[{"@type":"SearchAction","target":{"@type":"EntryPoint","urlTemplate":"https:\/\/www.daisho.be\/it\/?s={search_term_string}"},"query-input":{"@type":"PropertyValueSpecification","valueRequired":true,"valueName":"search_term_string"}}],"inLanguage":"it-IT"},{"@type":"Organization","@id":"https:\/\/www.daisho.be\/it\/#organization","name":"Daisho","url":"https:\/\/www.daisho.be\/it\/","logo":{"@type":"ImageObject","inLanguage":"it-IT","@id":"https:\/\/www.daisho.be\/it\/#\/schema\/logo\/image\/","url":"https:\/\/www.daisho.be\/wp-content\/uploads\/2019\/07\/color-nothing-horizontale4x-e1564486100247.png","contentUrl":"https:\/\/www.daisho.be\/wp-content\/uploads\/2019\/07\/color-nothing-horizontale4x-e1564486100247.png","width":1547,"height":385,"caption":"Daisho"},"image":{"@id":"https:\/\/www.daisho.be\/it\/#\/schema\/logo\/image\/"}}]}},"_links":{"self":[{"href":"https:\/\/www.daisho.be\/it\/wp-json\/wp\/v2\/product\/457177","targetHints":{"allow":["GET"]}}],"collection":[{"href":"https:\/\/www.daisho.be\/it\/wp-json\/wp\/v2\/product"}],"about":[{"href":"https:\/\/www.daisho.be\/it\/wp-json\/wp\/v2\/types\/product"}],"replies":[{"embeddable":true,"href":"https:\/\/www.daisho.be\/it\/wp-json\/wp\/v2\/comments?post=457177"}],"wp:featuredmedia":[{"embeddable":true,"href":"https:\/\/www.daisho.be\/it\/wp-json\/wp\/v2\/media\/457181"}],"wp:attachment":[{"href":"https:\/\/www.daisho.be\/it\/wp-json\/wp\/v2\/media?parent=457177"}],"wp:term":[{"taxonomy":"product_brand","embeddable":true,"href":"https:\/\/www.daisho.be\/it\/wp-json\/wp\/v2\/product_brand?post=457177"},{"taxonomy":"product_cat","embeddable":true,"href":"https:\/\/www.daisho.be\/it\/wp-json\/wp\/v2\/product_cat?post=457177"},{"taxonomy":"product_tag","embeddable":true,"href":"https:\/\/www.daisho.be\/it\/wp-json\/wp\/v2\/product_tag?post=457177"},{"taxonomy":"sport","embeddable":true,"href":"https:\/\/www.daisho.be\/it\/wp-json\/wp\/v2\/sport?post=457177"}],"curies":[{"name":"wp","href":"https:\/\/api.w.org\/{rel}","templated":true}]}}