{"id":457089,"date":"2022-02-05T14:23:17","date_gmt":"2022-02-05T13:23:17","guid":{"rendered":"https:\/\/www.daisho.be\/produit\/adidas-double-black-taekwondo-target\/"},"modified":"2025-03-03T12:20:34","modified_gmt":"2025-03-03T11:20:34","slug":"adidas-double-black-taekwondo-target","status":"publish","type":"product","link":"https:\/\/www.daisho.be\/it\/produit\/adidas-double-black-taekwondo-target\/","title":{"rendered":"adidas Double Black Taekwondo Target"},"content":{"rendered":"<p>Questo bersaglio da Taekwondo di adidas \u00e8 perfettamente adatto per ottenere una maggiore velocit\u00e0 di battuta. Il bersaglio da Taekwondo \u00e8 realizzato in PU &#8220;Maya&#8221; ed \u00e8 molto resistente.<\/p>\n<p> \u00c8 dotato di una cinghia di nylon con cui puoi tenerlo saldamente. Vantaggi: &#8211; realizzato in PU &#8216;Maya&#8217; &#8211; ideale per l&#8217;allenamento della velocit\u00e0 &#8211; con cinghia di nylon  <\/p>\n","protected":false},"excerpt":{"rendered":"<p>Questo bersaglio da Taekwondo di adidas \u00e8 perfettamente adatto per ottenere una maggiore velocit\u00e0 di battuta. Il bersaglio da Taekwondo \u00e8 realizzato in PU &#8220;Maya&#8221; ed \u00e8 molto resistente. \u00c8 dotato di una cinghia di nylon con cui puoi tenerlo saldamente. Vantaggi: &#8211; realizzato in PU &#8216;Maya&#8217; &#8211; ideale per l&#8217;allenamento della velocit\u00e0 &#8211; con [&hellip;]<\/p>\n","protected":false},"featured_media":457100,"comment_status":"open","ping_status":"closed","template":"","meta":{"inline_featured_image":false},"product_brand":[],"product_cat":[2023,2049,2255,2249],"product_tag":[2176],"sport":[],"class_list":{"0":"post-457089","1":"product","2":"type-product","3":"status-publish","4":"has-post-thumbnail","6":"product_cat-attrezzatura-per-lallenamento-del-taekwondo","7":"product_cat-attrezzature-per-lallenamento-del-karate","8":"product_cat-sacchi-da-boxe-e-accessori-da-allenamento-adidas-taekwondo","9":"product_cat-sacchi-da-boxe-e-accessori-per-lallenamento-del-karate","10":"product_tag-adidas-it","11":"pa_size-sans-taille-defaut","13":"first","14":"instock","15":"taxable","16":"shipping-taxable","17":"purchasable","18":"product-type-simple"},"yoast_head":"<!-- This site is optimized with the Yoast SEO plugin v27.2 - https:\/\/yoast.com\/product\/yoast-seo-wordpress\/ -->\n<title>adidas Double Black Taekwondo Target &#8211; Daisho<\/title>\n<meta name=\"description\" content=\"Scopri il bersaglio da calcio Adidas che ti aiuter\u00e0 a migliorare la velocit\u00e0 dei tuoi calci. Acquistalo su www.daisho.be|Daisho\" \/>\n<meta name=\"robots\" content=\"index, follow, max-snippet:-1, max-image-preview:large, max-video-preview:-1\" \/>\n<link rel=\"canonical\" href=\"https:\/\/www.daisho.be\/it\/produit\/adidas-double-black-taekwondo-target\/\" \/>\n<meta property=\"og:locale\" content=\"it_IT\" \/>\n<meta property=\"og:type\" content=\"article\" \/>\n<meta property=\"og:title\" content=\"adidas Double Black Taekwondo Target &#8211; Daisho\" \/>\n<meta property=\"og:description\" content=\"Scopri il bersaglio da calcio Adidas che ti aiuter\u00e0 a migliorare la velocit\u00e0 dei tuoi calci. Acquistalo su www.daisho.be|Daisho\" \/>\n<meta property=\"og:url\" content=\"https:\/\/www.daisho.be\/it\/produit\/adidas-double-black-taekwondo-target\/\" \/>\n<meta property=\"og:site_name\" content=\"Daisho\" \/>\n<meta property=\"article:modified_time\" content=\"2025-03-03T11:20:34+00:00\" \/>\n<meta property=\"og:image\" content=\"https:\/\/www.daisho.be\/wp-content\/uploads\/2024\/01\/image-254.jpg\" \/>\n\t<meta property=\"og:image:width\" content=\"650\" \/>\n\t<meta property=\"og:image:height\" content=\"650\" \/>\n\t<meta property=\"og:image:type\" content=\"image\/jpeg\" \/>\n<meta name=\"twitter:card\" content=\"summary_large_image\" \/>\n<script type=\"application\/ld+json\" class=\"yoast-schema-graph\">{\"@context\":\"https:\/\/schema.org\",\"@graph\":[{\"@type\":\"WebPage\",\"@id\":\"https:\/\/www.daisho.be\/it\/produit\/adidas-double-black-taekwondo-target\/\",\"url\":\"https:\/\/www.daisho.be\/it\/produit\/adidas-double-black-taekwondo-target\/\",\"name\":\"adidas Double Black Taekwondo Target &#8211; Daisho\",\"isPartOf\":{\"@id\":\"https:\/\/www.daisho.be\/it\/#website\"},\"primaryImageOfPage\":{\"@id\":\"https:\/\/www.daisho.be\/it\/produit\/adidas-double-black-taekwondo-target\/#primaryimage\"},\"image\":{\"@id\":\"https:\/\/www.daisho.be\/it\/produit\/adidas-double-black-taekwondo-target\/#primaryimage\"},\"thumbnailUrl\":\"https:\/\/www.daisho.be\/wp-content\/uploads\/2024\/01\/image-254.jpg\",\"datePublished\":\"2022-02-05T13:23:17+00:00\",\"dateModified\":\"2025-03-03T11:20:34+00:00\",\"description\":\"Scopri il bersaglio da calcio Adidas che ti aiuter\u00e0 a migliorare la velocit\u00e0 dei tuoi calci. Acquistalo su www.daisho.be|Daisho\",\"breadcrumb\":{\"@id\":\"https:\/\/www.daisho.be\/it\/produit\/adidas-double-black-taekwondo-target\/#breadcrumb\"},\"inLanguage\":\"it-IT\",\"potentialAction\":[{\"@type\":\"ReadAction\",\"target\":[\"https:\/\/www.daisho.be\/it\/produit\/adidas-double-black-taekwondo-target\/\"]}]},{\"@type\":\"ImageObject\",\"inLanguage\":\"it-IT\",\"@id\":\"https:\/\/www.daisho.be\/it\/produit\/adidas-double-black-taekwondo-target\/#primaryimage\",\"url\":\"https:\/\/www.daisho.be\/wp-content\/uploads\/2024\/01\/image-254.jpg\",\"contentUrl\":\"https:\/\/www.daisho.be\/wp-content\/uploads\/2024\/01\/image-254.jpg\",\"width\":650,\"height\":650,\"caption\":\"adidas Taekwondo Target Double Black-1\"},{\"@type\":\"BreadcrumbList\",\"@id\":\"https:\/\/www.daisho.be\/it\/produit\/adidas-double-black-taekwondo-target\/#breadcrumb\",\"itemListElement\":[{\"@type\":\"ListItem\",\"position\":1,\"name\":\"Accueil\",\"item\":\"https:\/\/www.daisho.be\/it\/\"},{\"@type\":\"ListItem\",\"position\":2,\"name\":\"Prodotti\",\"item\":\"https:\/\/www.daisho.be\/it\/prodotti\/\"},{\"@type\":\"ListItem\",\"position\":3,\"name\":\"Attrezzature e abbigliamento per arti marziali e sport da combattimento\",\"item\":\"https:\/\/www.daisho.be\/it\/categorie-produit\/attrezzature-e-abbigliamento-per-arti-marziali-e-sport-da-combattimento\/\"},{\"@type\":\"ListItem\",\"position\":4,\"name\":\"Taekwondo\",\"item\":\"https:\/\/www.daisho.be\/it\/categorie-produit\/attrezzature-e-abbigliamento-per-arti-marziali-e-sport-da-combattimento\/taekwondo-it-2\/\"},{\"@type\":\"ListItem\",\"position\":5,\"name\":\"Attrezzatura per l'allenamento del taekwondo\",\"item\":\"https:\/\/www.daisho.be\/it\/categorie-produit\/attrezzature-e-abbigliamento-per-arti-marziali-e-sport-da-combattimento\/taekwondo-it-2\/attrezzatura-per-lallenamento-del-taekwondo\/\"},{\"@type\":\"ListItem\",\"position\":6,\"name\":\"adidas Double Black Taekwondo Target\"}]},{\"@type\":\"WebSite\",\"@id\":\"https:\/\/www.daisho.be\/it\/#website\",\"url\":\"https:\/\/www.daisho.be\/it\/\",\"name\":\"Daisho\",\"description\":\"Sp&eacute;cialiste de l'&eacute;quipement sportif d'arts martiaux\",\"publisher\":{\"@id\":\"https:\/\/www.daisho.be\/it\/#organization\"},\"potentialAction\":[{\"@type\":\"SearchAction\",\"target\":{\"@type\":\"EntryPoint\",\"urlTemplate\":\"https:\/\/www.daisho.be\/it\/?s={search_term_string}\"},\"query-input\":{\"@type\":\"PropertyValueSpecification\",\"valueRequired\":true,\"valueName\":\"search_term_string\"}}],\"inLanguage\":\"it-IT\"},{\"@type\":\"Organization\",\"@id\":\"https:\/\/www.daisho.be\/it\/#organization\",\"name\":\"Daisho\",\"url\":\"https:\/\/www.daisho.be\/it\/\",\"logo\":{\"@type\":\"ImageObject\",\"inLanguage\":\"it-IT\",\"@id\":\"https:\/\/www.daisho.be\/it\/#\/schema\/logo\/image\/\",\"url\":\"https:\/\/www.daisho.be\/wp-content\/uploads\/2019\/07\/color-nothing-horizontale4x-e1564486100247.png\",\"contentUrl\":\"https:\/\/www.daisho.be\/wp-content\/uploads\/2019\/07\/color-nothing-horizontale4x-e1564486100247.png\",\"width\":1547,\"height\":385,\"caption\":\"Daisho\"},\"image\":{\"@id\":\"https:\/\/www.daisho.be\/it\/#\/schema\/logo\/image\/\"}}]}<\/script>\n<!-- \/ Yoast SEO plugin. -->","yoast_head_json":{"title":"adidas Double Black Taekwondo Target &#8211; Daisho","description":"Scopri il bersaglio da calcio Adidas che ti aiuter\u00e0 a migliorare la velocit\u00e0 dei tuoi calci. Acquistalo su www.daisho.be|Daisho","robots":{"index":"index","follow":"follow","max-snippet":"max-snippet:-1","max-image-preview":"max-image-preview:large","max-video-preview":"max-video-preview:-1"},"canonical":"https:\/\/www.daisho.be\/it\/produit\/adidas-double-black-taekwondo-target\/","og_locale":"it_IT","og_type":"article","og_title":"adidas Double Black Taekwondo Target &#8211; Daisho","og_description":"Scopri il bersaglio da calcio Adidas che ti aiuter\u00e0 a migliorare la velocit\u00e0 dei tuoi calci. Acquistalo su www.daisho.be|Daisho","og_url":"https:\/\/www.daisho.be\/it\/produit\/adidas-double-black-taekwondo-target\/","og_site_name":"Daisho","article_modified_time":"2025-03-03T11:20:34+00:00","og_image":[{"width":650,"height":650,"url":"https:\/\/www.daisho.be\/wp-content\/uploads\/2024\/01\/image-254.jpg","type":"image\/jpeg"}],"twitter_card":"summary_large_image","schema":{"@context":"https:\/\/schema.org","@graph":[{"@type":"WebPage","@id":"https:\/\/www.daisho.be\/it\/produit\/adidas-double-black-taekwondo-target\/","url":"https:\/\/www.daisho.be\/it\/produit\/adidas-double-black-taekwondo-target\/","name":"adidas Double Black Taekwondo Target &#8211; Daisho","isPartOf":{"@id":"https:\/\/www.daisho.be\/it\/#website"},"primaryImageOfPage":{"@id":"https:\/\/www.daisho.be\/it\/produit\/adidas-double-black-taekwondo-target\/#primaryimage"},"image":{"@id":"https:\/\/www.daisho.be\/it\/produit\/adidas-double-black-taekwondo-target\/#primaryimage"},"thumbnailUrl":"https:\/\/www.daisho.be\/wp-content\/uploads\/2024\/01\/image-254.jpg","datePublished":"2022-02-05T13:23:17+00:00","dateModified":"2025-03-03T11:20:34+00:00","description":"Scopri il bersaglio da calcio Adidas che ti aiuter\u00e0 a migliorare la velocit\u00e0 dei tuoi calci. Acquistalo su www.daisho.be|Daisho","breadcrumb":{"@id":"https:\/\/www.daisho.be\/it\/produit\/adidas-double-black-taekwondo-target\/#breadcrumb"},"inLanguage":"it-IT","potentialAction":[{"@type":"ReadAction","target":["https:\/\/www.daisho.be\/it\/produit\/adidas-double-black-taekwondo-target\/"]}]},{"@type":"ImageObject","inLanguage":"it-IT","@id":"https:\/\/www.daisho.be\/it\/produit\/adidas-double-black-taekwondo-target\/#primaryimage","url":"https:\/\/www.daisho.be\/wp-content\/uploads\/2024\/01\/image-254.jpg","contentUrl":"https:\/\/www.daisho.be\/wp-content\/uploads\/2024\/01\/image-254.jpg","width":650,"height":650,"caption":"adidas Taekwondo Target Double Black-1"},{"@type":"BreadcrumbList","@id":"https:\/\/www.daisho.be\/it\/produit\/adidas-double-black-taekwondo-target\/#breadcrumb","itemListElement":[{"@type":"ListItem","position":1,"name":"Accueil","item":"https:\/\/www.daisho.be\/it\/"},{"@type":"ListItem","position":2,"name":"Prodotti","item":"https:\/\/www.daisho.be\/it\/prodotti\/"},{"@type":"ListItem","position":3,"name":"Attrezzature e abbigliamento per arti marziali e sport da combattimento","item":"https:\/\/www.daisho.be\/it\/categorie-produit\/attrezzature-e-abbigliamento-per-arti-marziali-e-sport-da-combattimento\/"},{"@type":"ListItem","position":4,"name":"Taekwondo","item":"https:\/\/www.daisho.be\/it\/categorie-produit\/attrezzature-e-abbigliamento-per-arti-marziali-e-sport-da-combattimento\/taekwondo-it-2\/"},{"@type":"ListItem","position":5,"name":"Attrezzatura per l'allenamento del taekwondo","item":"https:\/\/www.daisho.be\/it\/categorie-produit\/attrezzature-e-abbigliamento-per-arti-marziali-e-sport-da-combattimento\/taekwondo-it-2\/attrezzatura-per-lallenamento-del-taekwondo\/"},{"@type":"ListItem","position":6,"name":"adidas Double Black Taekwondo Target"}]},{"@type":"WebSite","@id":"https:\/\/www.daisho.be\/it\/#website","url":"https:\/\/www.daisho.be\/it\/","name":"Daisho","description":"Sp&eacute;cialiste de l'&eacute;quipement sportif d'arts martiaux","publisher":{"@id":"https:\/\/www.daisho.be\/it\/#organization"},"potentialAction":[{"@type":"SearchAction","target":{"@type":"EntryPoint","urlTemplate":"https:\/\/www.daisho.be\/it\/?s={search_term_string}"},"query-input":{"@type":"PropertyValueSpecification","valueRequired":true,"valueName":"search_term_string"}}],"inLanguage":"it-IT"},{"@type":"Organization","@id":"https:\/\/www.daisho.be\/it\/#organization","name":"Daisho","url":"https:\/\/www.daisho.be\/it\/","logo":{"@type":"ImageObject","inLanguage":"it-IT","@id":"https:\/\/www.daisho.be\/it\/#\/schema\/logo\/image\/","url":"https:\/\/www.daisho.be\/wp-content\/uploads\/2019\/07\/color-nothing-horizontale4x-e1564486100247.png","contentUrl":"https:\/\/www.daisho.be\/wp-content\/uploads\/2019\/07\/color-nothing-horizontale4x-e1564486100247.png","width":1547,"height":385,"caption":"Daisho"},"image":{"@id":"https:\/\/www.daisho.be\/it\/#\/schema\/logo\/image\/"}}]}},"_links":{"self":[{"href":"https:\/\/www.daisho.be\/it\/wp-json\/wp\/v2\/product\/457089","targetHints":{"allow":["GET"]}}],"collection":[{"href":"https:\/\/www.daisho.be\/it\/wp-json\/wp\/v2\/product"}],"about":[{"href":"https:\/\/www.daisho.be\/it\/wp-json\/wp\/v2\/types\/product"}],"replies":[{"embeddable":true,"href":"https:\/\/www.daisho.be\/it\/wp-json\/wp\/v2\/comments?post=457089"}],"wp:featuredmedia":[{"embeddable":true,"href":"https:\/\/www.daisho.be\/it\/wp-json\/wp\/v2\/media\/457100"}],"wp:attachment":[{"href":"https:\/\/www.daisho.be\/it\/wp-json\/wp\/v2\/media?parent=457089"}],"wp:term":[{"taxonomy":"product_brand","embeddable":true,"href":"https:\/\/www.daisho.be\/it\/wp-json\/wp\/v2\/product_brand?post=457089"},{"taxonomy":"product_cat","embeddable":true,"href":"https:\/\/www.daisho.be\/it\/wp-json\/wp\/v2\/product_cat?post=457089"},{"taxonomy":"product_tag","embeddable":true,"href":"https:\/\/www.daisho.be\/it\/wp-json\/wp\/v2\/product_tag?post=457089"},{"taxonomy":"sport","embeddable":true,"href":"https:\/\/www.daisho.be\/it\/wp-json\/wp\/v2\/sport?post=457089"}],"curies":[{"name":"wp","href":"https:\/\/api.w.org\/{rel}","templated":true}]}}