{"id":456983,"date":"2022-02-05T16:01:52","date_gmt":"2022-02-05T15:01:52","guid":{"rendered":"https:\/\/www.daisho.be\/produit\/guantoni-da-boxe-adidas-hybrid-200-kick-nero-oro\/"},"modified":"2025-03-03T12:17:24","modified_gmt":"2025-03-03T11:17:24","slug":"guantoni-da-boxe-adidas-hybrid-200-kick-nero-oro","status":"publish","type":"product","link":"https:\/\/www.daisho.be\/it\/produit\/guantoni-da-boxe-adidas-hybrid-200-kick-nero-oro\/","title":{"rendered":"Guantoni da boxe adidas Hybrid 200 (Kick) Nero\/Oro"},"content":{"rendered":"<p>L&#8217;Hybrid 200 \u00e8 un guanto ideale a un ottimo prezzo. Il guanto \u00e8 imbottito con diversi strati di schiuma. Questo garantisce maggiore comfort e protezione. La chiusura in velcro offre una buona protezione per i polsi.<br \/>\nGrazie al design anatomico preformato, i tuoi pugni saranno veloci e forti. Il materiale PU Maya \u00e8 di alta qualit\u00e0 e ha un design molto bello.Questi guantoni da boxe (kick) sono adatti ai principianti.<br \/>\nIl guanto \u00e8 adatto ai dilettanti che desiderano una buona qualit\u00e0 con la tecnologia pi\u00f9 avanzata. Questi guanti adidas sono adatti per la Thai \/ kickboxing e per la boxe originale.<br \/>\nVantaggi:<br \/>\n&#8211; PU Maya di altissima qualit\u00e0<br \/>\n&#8211; solida imbottitura protettiva multistrato<br \/>\n&#8211; preformati anatomicamente per il pugno<br \/>\n&#8211; assorbimento degli urti per un maggiore comfort<br \/>\n&#8211; adatti ai dilettanti     <\/p>\n<p>Per determinare la taglia\/peso dei tuoi guanti, segui il diagramma seguente:<\/p>\n<p>38 &#8211; 55 kg 10 oz<br \/>\n55 &#8211; 65 kg 12 oz<br \/>\n65 &#8211; 85 kg 14 oz<br \/>\n&gt;  85 kg 16 oz<\/p>\n","protected":false},"excerpt":{"rendered":"<p>L&#8217;Hybrid 200 \u00e8 un guanto ideale a un ottimo prezzo. Il guanto \u00e8 imbottito con diversi strati di schiuma. Questo garantisce maggiore comfort e protezione. La chiusura in velcro offre una buona protezione per i polsi. Grazie al design anatomico preformato, i tuoi pugni saranno veloci e forti. Il materiale PU Maya \u00e8 di alta [&hellip;]<\/p>\n","protected":false},"featured_media":456991,"comment_status":"open","ping_status":"closed","template":"","meta":{"inline_featured_image":false},"product_brand":[],"product_cat":[2308,2307,2276],"product_tag":[2176],"sport":[],"class_list":{"0":"post-456983","1":"product","2":"type-product","3":"status-publish","4":"has-post-thumbnail","6":"product_cat-guanti-da-muay-thai-adidas","7":"product_cat-guantoni-da-boxe-adidas","8":"product_cat-protezioni-adidas-kickboxing","9":"product_tag-adidas-it","10":"pa_size-372","11":"pa_size-371","12":"pa_size-370","14":"first","15":"instock","16":"taxable","17":"shipping-taxable","18":"purchasable","19":"product-type-variable"},"yoast_head":"<!-- This site is optimized with the Yoast SEO plugin v27.2 - https:\/\/yoast.com\/product\/yoast-seo-wordpress\/ -->\n<title>Guantoni da boxe adidas Hybrid 200 (Kick) Nero\/Oro &#8211; Daisho<\/title>\n<meta name=\"description\" content=\"I guantoni da boxe Adidas Hybrid offrono un eccezionale rapporto qualit\u00e0-prezzo. Acquistali sul nostro sito www.daisho.be|Daisho\" \/>\n<meta name=\"robots\" content=\"index, follow, max-snippet:-1, max-image-preview:large, max-video-preview:-1\" \/>\n<link rel=\"canonical\" href=\"https:\/\/www.daisho.be\/it\/produit\/guantoni-da-boxe-adidas-hybrid-200-kick-nero-oro\/\" \/>\n<meta property=\"og:locale\" content=\"it_IT\" \/>\n<meta property=\"og:type\" content=\"article\" \/>\n<meta property=\"og:title\" content=\"Guantoni da boxe adidas Hybrid 200 (Kick) Nero\/Oro &#8211; Daisho\" \/>\n<meta property=\"og:description\" content=\"I guantoni da boxe Adidas Hybrid offrono un eccezionale rapporto qualit\u00e0-prezzo. Acquistali sul nostro sito www.daisho.be|Daisho\" \/>\n<meta property=\"og:url\" content=\"https:\/\/www.daisho.be\/it\/produit\/guantoni-da-boxe-adidas-hybrid-200-kick-nero-oro\/\" \/>\n<meta property=\"og:site_name\" content=\"Daisho\" \/>\n<meta property=\"article:modified_time\" content=\"2025-03-03T11:17:24+00:00\" \/>\n<meta property=\"og:image\" content=\"https:\/\/www.daisho.be\/wp-content\/uploads\/2022\/05\/image-20.jpg\" \/>\n\t<meta property=\"og:image:width\" content=\"650\" \/>\n\t<meta property=\"og:image:height\" content=\"650\" \/>\n\t<meta property=\"og:image:type\" content=\"image\/jpeg\" \/>\n<meta name=\"twitter:card\" content=\"summary_large_image\" \/>\n<meta name=\"twitter:label1\" content=\"Tempo di lettura stimato\" \/>\n\t<meta name=\"twitter:data1\" content=\"1 minuto\" \/>\n<script type=\"application\/ld+json\" class=\"yoast-schema-graph\">{\"@context\":\"https:\/\/schema.org\",\"@graph\":[{\"@type\":\"WebPage\",\"@id\":\"https:\/\/www.daisho.be\/it\/produit\/guantoni-da-boxe-adidas-hybrid-200-kick-nero-oro\/\",\"url\":\"https:\/\/www.daisho.be\/it\/produit\/guantoni-da-boxe-adidas-hybrid-200-kick-nero-oro\/\",\"name\":\"Guantoni da boxe adidas Hybrid 200 (Kick) Nero\/Oro &#8211; Daisho\",\"isPartOf\":{\"@id\":\"https:\/\/www.daisho.be\/it\/#website\"},\"primaryImageOfPage\":{\"@id\":\"https:\/\/www.daisho.be\/it\/produit\/guantoni-da-boxe-adidas-hybrid-200-kick-nero-oro\/#primaryimage\"},\"image\":{\"@id\":\"https:\/\/www.daisho.be\/it\/produit\/guantoni-da-boxe-adidas-hybrid-200-kick-nero-oro\/#primaryimage\"},\"thumbnailUrl\":\"https:\/\/www.daisho.be\/wp-content\/uploads\/2022\/05\/image-20.jpg\",\"datePublished\":\"2022-02-05T15:01:52+00:00\",\"dateModified\":\"2025-03-03T11:17:24+00:00\",\"description\":\"I guantoni da boxe Adidas Hybrid offrono un eccezionale rapporto qualit\u00e0-prezzo. Acquistali sul nostro sito www.daisho.be|Daisho\",\"breadcrumb\":{\"@id\":\"https:\/\/www.daisho.be\/it\/produit\/guantoni-da-boxe-adidas-hybrid-200-kick-nero-oro\/#breadcrumb\"},\"inLanguage\":\"it-IT\",\"potentialAction\":[{\"@type\":\"ReadAction\",\"target\":[\"https:\/\/www.daisho.be\/it\/produit\/guantoni-da-boxe-adidas-hybrid-200-kick-nero-oro\/\"]}]},{\"@type\":\"ImageObject\",\"inLanguage\":\"it-IT\",\"@id\":\"https:\/\/www.daisho.be\/it\/produit\/guantoni-da-boxe-adidas-hybrid-200-kick-nero-oro\/#primaryimage\",\"url\":\"https:\/\/www.daisho.be\/wp-content\/uploads\/2022\/05\/image-20.jpg\",\"contentUrl\":\"https:\/\/www.daisho.be\/wp-content\/uploads\/2022\/05\/image-20.jpg\",\"width\":650,\"height\":650,\"caption\":\"Guantoni da boxe adidas Hybrid 200 (Kick) Nero\/Oro-1\"},{\"@type\":\"BreadcrumbList\",\"@id\":\"https:\/\/www.daisho.be\/it\/produit\/guantoni-da-boxe-adidas-hybrid-200-kick-nero-oro\/#breadcrumb\",\"itemListElement\":[{\"@type\":\"ListItem\",\"position\":1,\"name\":\"Accueil\",\"item\":\"https:\/\/www.daisho.be\/it\/\"},{\"@type\":\"ListItem\",\"position\":2,\"name\":\"Prodotti\",\"item\":\"https:\/\/www.daisho.be\/it\/prodotti\/\"},{\"@type\":\"ListItem\",\"position\":3,\"name\":\"ADIDAS SPORT DA COMBATTIMENTO\",\"item\":\"https:\/\/www.daisho.be\/it\/categorie-produit\/adidas-sport-da-combattimento\/\"},{\"@type\":\"ListItem\",\"position\":4,\"name\":\"Muay Thai\",\"item\":\"https:\/\/www.daisho.be\/it\/categorie-produit\/adidas-sport-da-combattimento\/muay-thai-it\/\"},{\"@type\":\"ListItem\",\"position\":5,\"name\":\"Guanti da Muay Thai Adidas\",\"item\":\"https:\/\/www.daisho.be\/it\/categorie-produit\/adidas-sport-da-combattimento\/muay-thai-it\/guanti-da-muay-thai-adidas\/\"},{\"@type\":\"ListItem\",\"position\":6,\"name\":\"Guantoni da boxe adidas Hybrid 200 (Kick) Nero\/Oro\"}]},{\"@type\":\"WebSite\",\"@id\":\"https:\/\/www.daisho.be\/it\/#website\",\"url\":\"https:\/\/www.daisho.be\/it\/\",\"name\":\"Daisho\",\"description\":\"Sp&eacute;cialiste de l'&eacute;quipement sportif d'arts martiaux\",\"publisher\":{\"@id\":\"https:\/\/www.daisho.be\/it\/#organization\"},\"potentialAction\":[{\"@type\":\"SearchAction\",\"target\":{\"@type\":\"EntryPoint\",\"urlTemplate\":\"https:\/\/www.daisho.be\/it\/?s={search_term_string}\"},\"query-input\":{\"@type\":\"PropertyValueSpecification\",\"valueRequired\":true,\"valueName\":\"search_term_string\"}}],\"inLanguage\":\"it-IT\"},{\"@type\":\"Organization\",\"@id\":\"https:\/\/www.daisho.be\/it\/#organization\",\"name\":\"Daisho\",\"url\":\"https:\/\/www.daisho.be\/it\/\",\"logo\":{\"@type\":\"ImageObject\",\"inLanguage\":\"it-IT\",\"@id\":\"https:\/\/www.daisho.be\/it\/#\/schema\/logo\/image\/\",\"url\":\"https:\/\/www.daisho.be\/wp-content\/uploads\/2019\/07\/color-nothing-horizontale4x-e1564486100247.png\",\"contentUrl\":\"https:\/\/www.daisho.be\/wp-content\/uploads\/2019\/07\/color-nothing-horizontale4x-e1564486100247.png\",\"width\":1547,\"height\":385,\"caption\":\"Daisho\"},\"image\":{\"@id\":\"https:\/\/www.daisho.be\/it\/#\/schema\/logo\/image\/\"}}]}<\/script>\n<!-- \/ Yoast SEO plugin. -->","yoast_head_json":{"title":"Guantoni da boxe adidas Hybrid 200 (Kick) Nero\/Oro &#8211; Daisho","description":"I guantoni da boxe Adidas Hybrid offrono un eccezionale rapporto qualit\u00e0-prezzo. Acquistali sul nostro sito www.daisho.be|Daisho","robots":{"index":"index","follow":"follow","max-snippet":"max-snippet:-1","max-image-preview":"max-image-preview:large","max-video-preview":"max-video-preview:-1"},"canonical":"https:\/\/www.daisho.be\/it\/produit\/guantoni-da-boxe-adidas-hybrid-200-kick-nero-oro\/","og_locale":"it_IT","og_type":"article","og_title":"Guantoni da boxe adidas Hybrid 200 (Kick) Nero\/Oro &#8211; Daisho","og_description":"I guantoni da boxe Adidas Hybrid offrono un eccezionale rapporto qualit\u00e0-prezzo. Acquistali sul nostro sito www.daisho.be|Daisho","og_url":"https:\/\/www.daisho.be\/it\/produit\/guantoni-da-boxe-adidas-hybrid-200-kick-nero-oro\/","og_site_name":"Daisho","article_modified_time":"2025-03-03T11:17:24+00:00","og_image":[{"width":650,"height":650,"url":"https:\/\/www.daisho.be\/wp-content\/uploads\/2022\/05\/image-20.jpg","type":"image\/jpeg"}],"twitter_card":"summary_large_image","twitter_misc":{"Tempo di lettura stimato":"1 minuto"},"schema":{"@context":"https:\/\/schema.org","@graph":[{"@type":"WebPage","@id":"https:\/\/www.daisho.be\/it\/produit\/guantoni-da-boxe-adidas-hybrid-200-kick-nero-oro\/","url":"https:\/\/www.daisho.be\/it\/produit\/guantoni-da-boxe-adidas-hybrid-200-kick-nero-oro\/","name":"Guantoni da boxe adidas Hybrid 200 (Kick) Nero\/Oro &#8211; Daisho","isPartOf":{"@id":"https:\/\/www.daisho.be\/it\/#website"},"primaryImageOfPage":{"@id":"https:\/\/www.daisho.be\/it\/produit\/guantoni-da-boxe-adidas-hybrid-200-kick-nero-oro\/#primaryimage"},"image":{"@id":"https:\/\/www.daisho.be\/it\/produit\/guantoni-da-boxe-adidas-hybrid-200-kick-nero-oro\/#primaryimage"},"thumbnailUrl":"https:\/\/www.daisho.be\/wp-content\/uploads\/2022\/05\/image-20.jpg","datePublished":"2022-02-05T15:01:52+00:00","dateModified":"2025-03-03T11:17:24+00:00","description":"I guantoni da boxe Adidas Hybrid offrono un eccezionale rapporto qualit\u00e0-prezzo. Acquistali sul nostro sito www.daisho.be|Daisho","breadcrumb":{"@id":"https:\/\/www.daisho.be\/it\/produit\/guantoni-da-boxe-adidas-hybrid-200-kick-nero-oro\/#breadcrumb"},"inLanguage":"it-IT","potentialAction":[{"@type":"ReadAction","target":["https:\/\/www.daisho.be\/it\/produit\/guantoni-da-boxe-adidas-hybrid-200-kick-nero-oro\/"]}]},{"@type":"ImageObject","inLanguage":"it-IT","@id":"https:\/\/www.daisho.be\/it\/produit\/guantoni-da-boxe-adidas-hybrid-200-kick-nero-oro\/#primaryimage","url":"https:\/\/www.daisho.be\/wp-content\/uploads\/2022\/05\/image-20.jpg","contentUrl":"https:\/\/www.daisho.be\/wp-content\/uploads\/2022\/05\/image-20.jpg","width":650,"height":650,"caption":"Guantoni da boxe adidas Hybrid 200 (Kick) Nero\/Oro-1"},{"@type":"BreadcrumbList","@id":"https:\/\/www.daisho.be\/it\/produit\/guantoni-da-boxe-adidas-hybrid-200-kick-nero-oro\/#breadcrumb","itemListElement":[{"@type":"ListItem","position":1,"name":"Accueil","item":"https:\/\/www.daisho.be\/it\/"},{"@type":"ListItem","position":2,"name":"Prodotti","item":"https:\/\/www.daisho.be\/it\/prodotti\/"},{"@type":"ListItem","position":3,"name":"ADIDAS SPORT DA COMBATTIMENTO","item":"https:\/\/www.daisho.be\/it\/categorie-produit\/adidas-sport-da-combattimento\/"},{"@type":"ListItem","position":4,"name":"Muay Thai","item":"https:\/\/www.daisho.be\/it\/categorie-produit\/adidas-sport-da-combattimento\/muay-thai-it\/"},{"@type":"ListItem","position":5,"name":"Guanti da Muay Thai Adidas","item":"https:\/\/www.daisho.be\/it\/categorie-produit\/adidas-sport-da-combattimento\/muay-thai-it\/guanti-da-muay-thai-adidas\/"},{"@type":"ListItem","position":6,"name":"Guantoni da boxe adidas Hybrid 200 (Kick) Nero\/Oro"}]},{"@type":"WebSite","@id":"https:\/\/www.daisho.be\/it\/#website","url":"https:\/\/www.daisho.be\/it\/","name":"Daisho","description":"Sp&eacute;cialiste de l'&eacute;quipement sportif d'arts martiaux","publisher":{"@id":"https:\/\/www.daisho.be\/it\/#organization"},"potentialAction":[{"@type":"SearchAction","target":{"@type":"EntryPoint","urlTemplate":"https:\/\/www.daisho.be\/it\/?s={search_term_string}"},"query-input":{"@type":"PropertyValueSpecification","valueRequired":true,"valueName":"search_term_string"}}],"inLanguage":"it-IT"},{"@type":"Organization","@id":"https:\/\/www.daisho.be\/it\/#organization","name":"Daisho","url":"https:\/\/www.daisho.be\/it\/","logo":{"@type":"ImageObject","inLanguage":"it-IT","@id":"https:\/\/www.daisho.be\/it\/#\/schema\/logo\/image\/","url":"https:\/\/www.daisho.be\/wp-content\/uploads\/2019\/07\/color-nothing-horizontale4x-e1564486100247.png","contentUrl":"https:\/\/www.daisho.be\/wp-content\/uploads\/2019\/07\/color-nothing-horizontale4x-e1564486100247.png","width":1547,"height":385,"caption":"Daisho"},"image":{"@id":"https:\/\/www.daisho.be\/it\/#\/schema\/logo\/image\/"}}]}},"_links":{"self":[{"href":"https:\/\/www.daisho.be\/it\/wp-json\/wp\/v2\/product\/456983","targetHints":{"allow":["GET"]}}],"collection":[{"href":"https:\/\/www.daisho.be\/it\/wp-json\/wp\/v2\/product"}],"about":[{"href":"https:\/\/www.daisho.be\/it\/wp-json\/wp\/v2\/types\/product"}],"replies":[{"embeddable":true,"href":"https:\/\/www.daisho.be\/it\/wp-json\/wp\/v2\/comments?post=456983"}],"wp:featuredmedia":[{"embeddable":true,"href":"https:\/\/www.daisho.be\/it\/wp-json\/wp\/v2\/media\/456991"}],"wp:attachment":[{"href":"https:\/\/www.daisho.be\/it\/wp-json\/wp\/v2\/media?parent=456983"}],"wp:term":[{"taxonomy":"product_brand","embeddable":true,"href":"https:\/\/www.daisho.be\/it\/wp-json\/wp\/v2\/product_brand?post=456983"},{"taxonomy":"product_cat","embeddable":true,"href":"https:\/\/www.daisho.be\/it\/wp-json\/wp\/v2\/product_cat?post=456983"},{"taxonomy":"product_tag","embeddable":true,"href":"https:\/\/www.daisho.be\/it\/wp-json\/wp\/v2\/product_tag?post=456983"},{"taxonomy":"sport","embeddable":true,"href":"https:\/\/www.daisho.be\/it\/wp-json\/wp\/v2\/sport?post=456983"}],"curies":[{"name":"wp","href":"https:\/\/api.w.org\/{rel}","templated":true}]}}