{"id":456594,"date":"2021-07-18T11:38:49","date_gmt":"2021-07-18T09:38:49","guid":{"rendered":"https:\/\/www.daisho.be\/produit\/adidas-dobok-adi-club-3-nero-bianco\/"},"modified":"2025-10-09T14:06:57","modified_gmt":"2025-10-09T12:06:57","slug":"adidas-dobok-adi-club-3-nero-bianco","status":"publish","type":"product","link":"https:\/\/www.daisho.be\/it\/produit\/adidas-dobok-adi-club-3-nero-bianco\/","title":{"rendered":"Dobok Adidas ADI CLUB 3 &#8211; Colletto nero"},"content":{"rendered":"<p>Questo dobok adidas Taekwondo \u00e8 ideale per i praticanti di Taekwondo avanzati.<br \/>\nI pantaloni sono dotati di un elastico in vita e di una coulisse extra per una vestibilit\u00e0 perfetta.<br \/>\nIl dobok \u00e8 realizzato in cotone a coste al 35% e poliestere al 65% ed \u00e8 disponibile con polsini bianchi e neri. Con le famose strisce adidas sulle spalle.<br \/>\nVantaggi:<br \/>\n&#8211; Tuta robusta per artisti marziali avanzati<br \/>\n&#8211; Realizzata in policotone a costine 65%\/35% per una maggiore resistenza<br \/>\n&#8211; Vestibilit\u00e0 perfetta<br \/>\n&#8211; Disponibile anche con risvolti bianchi <\/p>\n","protected":false},"excerpt":{"rendered":"<p>Questo dobok adidas Taekwondo \u00e8 ideale per i praticanti di Taekwondo avanzati. I pantaloni sono dotati di un elastico in vita e di una coulisse extra per una vestibilit\u00e0 perfetta. Il dobok \u00e8 realizzato in cotone a coste al 35% e poliestere al 65% ed \u00e8 disponibile con polsini bianchi e neri. Con le famose [&hellip;]<\/p>\n","protected":false},"featured_media":456607,"comment_status":"open","ping_status":"closed","template":"","meta":{"inline_featured_image":false},"product_brand":[],"product_cat":[2119,2288,2167],"product_tag":[2176],"sport":[],"class_list":{"0":"post-456594","1":"product","2":"type-product","3":"status-publish","4":"has-post-thumbnail","6":"product_cat-abiti-kimono","7":"product_cat-kimono-dobok-adidas-it","8":"product_cat-taekwondo-dobok-abbigliamento","9":"product_tag-adidas-it","10":"pa_size-380","11":"pa_size-379","12":"pa_size-378","13":"pa_size-377","14":"pa_size-376","15":"pa_size-383","16":"pa_size-382","18":"first","19":"instock","20":"taxable","21":"shipping-taxable","22":"purchasable","23":"product-type-variable"},"yoast_head":"<!-- This site is optimized with the Yoast SEO plugin v27.2 - https:\/\/yoast.com\/product\/yoast-seo-wordpress\/ -->\n<title>Dobok Adidas ADI CLUB 3 - Colletto nero &#8211; Daisho<\/title>\n<meta name=\"description\" content=\"Scopri il dobok-adi-club 3 appositamente progettato per i praticanti di Taewkondo avanzati. Acquistalo sul nostro sito www.daisho.be|Daisho\" \/>\n<meta name=\"robots\" content=\"index, follow, max-snippet:-1, max-image-preview:large, max-video-preview:-1\" \/>\n<link rel=\"canonical\" href=\"https:\/\/www.daisho.be\/it\/produit\/adidas-dobok-adi-club-3-nero-bianco\/\" \/>\n<meta property=\"og:locale\" content=\"it_IT\" \/>\n<meta property=\"og:type\" content=\"article\" \/>\n<meta property=\"og:title\" content=\"Dobok Adidas ADI CLUB 3 - Colletto nero &#8211; Daisho\" \/>\n<meta property=\"og:description\" content=\"Scopri il dobok-adi-club 3 appositamente progettato per i praticanti di Taewkondo avanzati. Acquistalo sul nostro sito www.daisho.be|Daisho\" \/>\n<meta property=\"og:url\" content=\"https:\/\/www.daisho.be\/it\/produit\/adidas-dobok-adi-club-3-nero-bianco\/\" \/>\n<meta property=\"og:site_name\" content=\"Daisho\" \/>\n<meta property=\"article:modified_time\" content=\"2025-10-09T12:06:57+00:00\" \/>\n<meta property=\"og:image\" content=\"https:\/\/www.daisho.be\/wp-content\/uploads\/2024\/04\/image-6.jpg\" \/>\n\t<meta property=\"og:image:width\" content=\"650\" \/>\n\t<meta property=\"og:image:height\" content=\"650\" \/>\n\t<meta property=\"og:image:type\" content=\"image\/jpeg\" \/>\n<meta name=\"twitter:card\" content=\"summary_large_image\" \/>\n<script type=\"application\/ld+json\" class=\"yoast-schema-graph\">{\"@context\":\"https:\/\/schema.org\",\"@graph\":[{\"@type\":\"WebPage\",\"@id\":\"https:\/\/www.daisho.be\/it\/produit\/adidas-dobok-adi-club-3-nero-bianco\/\",\"url\":\"https:\/\/www.daisho.be\/it\/produit\/adidas-dobok-adi-club-3-nero-bianco\/\",\"name\":\"Dobok Adidas ADI CLUB 3 - Colletto nero &#8211; Daisho\",\"isPartOf\":{\"@id\":\"https:\/\/www.daisho.be\/it\/#website\"},\"primaryImageOfPage\":{\"@id\":\"https:\/\/www.daisho.be\/it\/produit\/adidas-dobok-adi-club-3-nero-bianco\/#primaryimage\"},\"image\":{\"@id\":\"https:\/\/www.daisho.be\/it\/produit\/adidas-dobok-adi-club-3-nero-bianco\/#primaryimage\"},\"thumbnailUrl\":\"https:\/\/www.daisho.be\/wp-content\/uploads\/2024\/04\/image-6.jpg\",\"datePublished\":\"2021-07-18T09:38:49+00:00\",\"dateModified\":\"2025-10-09T12:06:57+00:00\",\"description\":\"Scopri il dobok-adi-club 3 appositamente progettato per i praticanti di Taewkondo avanzati. Acquistalo sul nostro sito www.daisho.be|Daisho\",\"breadcrumb\":{\"@id\":\"https:\/\/www.daisho.be\/it\/produit\/adidas-dobok-adi-club-3-nero-bianco\/#breadcrumb\"},\"inLanguage\":\"it-IT\",\"potentialAction\":[{\"@type\":\"ReadAction\",\"target\":[\"https:\/\/www.daisho.be\/it\/produit\/adidas-dobok-adi-club-3-nero-bianco\/\"]}]},{\"@type\":\"ImageObject\",\"inLanguage\":\"it-IT\",\"@id\":\"https:\/\/www.daisho.be\/it\/produit\/adidas-dobok-adi-club-3-nero-bianco\/#primaryimage\",\"url\":\"https:\/\/www.daisho.be\/wp-content\/uploads\/2024\/04\/image-6.jpg\",\"contentUrl\":\"https:\/\/www.daisho.be\/wp-content\/uploads\/2024\/04\/image-6.jpg\",\"width\":650,\"height\":650,\"caption\":\"Dobok Adidas ADI CLUB 3 - Col noir-1\"},{\"@type\":\"BreadcrumbList\",\"@id\":\"https:\/\/www.daisho.be\/it\/produit\/adidas-dobok-adi-club-3-nero-bianco\/#breadcrumb\",\"itemListElement\":[{\"@type\":\"ListItem\",\"position\":1,\"name\":\"Accueil\",\"item\":\"https:\/\/www.daisho.be\/it\/\"},{\"@type\":\"ListItem\",\"position\":2,\"name\":\"Prodotti\",\"item\":\"https:\/\/www.daisho.be\/it\/prodotti\/\"},{\"@type\":\"ListItem\",\"position\":3,\"name\":\"ADIDAS SPORT DA COMBATTIMENTO\",\"item\":\"https:\/\/www.daisho.be\/it\/categorie-produit\/adidas-sport-da-combattimento\/\"},{\"@type\":\"ListItem\",\"position\":4,\"name\":\"Taekwondo\",\"item\":\"https:\/\/www.daisho.be\/it\/categorie-produit\/adidas-sport-da-combattimento\/taekwondo-it\/\"},{\"@type\":\"ListItem\",\"position\":5,\"name\":\"Kimono - Dobok Adidas\",\"item\":\"https:\/\/www.daisho.be\/it\/categorie-produit\/adidas-sport-da-combattimento\/taekwondo-it\/kimono-dobok-adidas-it\/\"},{\"@type\":\"ListItem\",\"position\":6,\"name\":\"Dobok Adidas ADI CLUB 3 &#8211; Colletto nero\"}]},{\"@type\":\"WebSite\",\"@id\":\"https:\/\/www.daisho.be\/it\/#website\",\"url\":\"https:\/\/www.daisho.be\/it\/\",\"name\":\"Daisho\",\"description\":\"Sp&eacute;cialiste de l'&eacute;quipement sportif d'arts martiaux\",\"publisher\":{\"@id\":\"https:\/\/www.daisho.be\/it\/#organization\"},\"potentialAction\":[{\"@type\":\"SearchAction\",\"target\":{\"@type\":\"EntryPoint\",\"urlTemplate\":\"https:\/\/www.daisho.be\/it\/?s={search_term_string}\"},\"query-input\":{\"@type\":\"PropertyValueSpecification\",\"valueRequired\":true,\"valueName\":\"search_term_string\"}}],\"inLanguage\":\"it-IT\"},{\"@type\":\"Organization\",\"@id\":\"https:\/\/www.daisho.be\/it\/#organization\",\"name\":\"Daisho\",\"url\":\"https:\/\/www.daisho.be\/it\/\",\"logo\":{\"@type\":\"ImageObject\",\"inLanguage\":\"it-IT\",\"@id\":\"https:\/\/www.daisho.be\/it\/#\/schema\/logo\/image\/\",\"url\":\"https:\/\/www.daisho.be\/wp-content\/uploads\/2019\/07\/color-nothing-horizontale4x-e1564486100247.png\",\"contentUrl\":\"https:\/\/www.daisho.be\/wp-content\/uploads\/2019\/07\/color-nothing-horizontale4x-e1564486100247.png\",\"width\":1547,\"height\":385,\"caption\":\"Daisho\"},\"image\":{\"@id\":\"https:\/\/www.daisho.be\/it\/#\/schema\/logo\/image\/\"}}]}<\/script>\n<!-- \/ Yoast SEO plugin. -->","yoast_head_json":{"title":"Dobok Adidas ADI CLUB 3 - Colletto nero &#8211; Daisho","description":"Scopri il dobok-adi-club 3 appositamente progettato per i praticanti di Taewkondo avanzati. Acquistalo sul nostro sito www.daisho.be|Daisho","robots":{"index":"index","follow":"follow","max-snippet":"max-snippet:-1","max-image-preview":"max-image-preview:large","max-video-preview":"max-video-preview:-1"},"canonical":"https:\/\/www.daisho.be\/it\/produit\/adidas-dobok-adi-club-3-nero-bianco\/","og_locale":"it_IT","og_type":"article","og_title":"Dobok Adidas ADI CLUB 3 - Colletto nero &#8211; Daisho","og_description":"Scopri il dobok-adi-club 3 appositamente progettato per i praticanti di Taewkondo avanzati. Acquistalo sul nostro sito www.daisho.be|Daisho","og_url":"https:\/\/www.daisho.be\/it\/produit\/adidas-dobok-adi-club-3-nero-bianco\/","og_site_name":"Daisho","article_modified_time":"2025-10-09T12:06:57+00:00","og_image":[{"width":650,"height":650,"url":"https:\/\/www.daisho.be\/wp-content\/uploads\/2024\/04\/image-6.jpg","type":"image\/jpeg"}],"twitter_card":"summary_large_image","schema":{"@context":"https:\/\/schema.org","@graph":[{"@type":"WebPage","@id":"https:\/\/www.daisho.be\/it\/produit\/adidas-dobok-adi-club-3-nero-bianco\/","url":"https:\/\/www.daisho.be\/it\/produit\/adidas-dobok-adi-club-3-nero-bianco\/","name":"Dobok Adidas ADI CLUB 3 - Colletto nero &#8211; Daisho","isPartOf":{"@id":"https:\/\/www.daisho.be\/it\/#website"},"primaryImageOfPage":{"@id":"https:\/\/www.daisho.be\/it\/produit\/adidas-dobok-adi-club-3-nero-bianco\/#primaryimage"},"image":{"@id":"https:\/\/www.daisho.be\/it\/produit\/adidas-dobok-adi-club-3-nero-bianco\/#primaryimage"},"thumbnailUrl":"https:\/\/www.daisho.be\/wp-content\/uploads\/2024\/04\/image-6.jpg","datePublished":"2021-07-18T09:38:49+00:00","dateModified":"2025-10-09T12:06:57+00:00","description":"Scopri il dobok-adi-club 3 appositamente progettato per i praticanti di Taewkondo avanzati. Acquistalo sul nostro sito www.daisho.be|Daisho","breadcrumb":{"@id":"https:\/\/www.daisho.be\/it\/produit\/adidas-dobok-adi-club-3-nero-bianco\/#breadcrumb"},"inLanguage":"it-IT","potentialAction":[{"@type":"ReadAction","target":["https:\/\/www.daisho.be\/it\/produit\/adidas-dobok-adi-club-3-nero-bianco\/"]}]},{"@type":"ImageObject","inLanguage":"it-IT","@id":"https:\/\/www.daisho.be\/it\/produit\/adidas-dobok-adi-club-3-nero-bianco\/#primaryimage","url":"https:\/\/www.daisho.be\/wp-content\/uploads\/2024\/04\/image-6.jpg","contentUrl":"https:\/\/www.daisho.be\/wp-content\/uploads\/2024\/04\/image-6.jpg","width":650,"height":650,"caption":"Dobok Adidas ADI CLUB 3 - Col noir-1"},{"@type":"BreadcrumbList","@id":"https:\/\/www.daisho.be\/it\/produit\/adidas-dobok-adi-club-3-nero-bianco\/#breadcrumb","itemListElement":[{"@type":"ListItem","position":1,"name":"Accueil","item":"https:\/\/www.daisho.be\/it\/"},{"@type":"ListItem","position":2,"name":"Prodotti","item":"https:\/\/www.daisho.be\/it\/prodotti\/"},{"@type":"ListItem","position":3,"name":"ADIDAS SPORT DA COMBATTIMENTO","item":"https:\/\/www.daisho.be\/it\/categorie-produit\/adidas-sport-da-combattimento\/"},{"@type":"ListItem","position":4,"name":"Taekwondo","item":"https:\/\/www.daisho.be\/it\/categorie-produit\/adidas-sport-da-combattimento\/taekwondo-it\/"},{"@type":"ListItem","position":5,"name":"Kimono - Dobok Adidas","item":"https:\/\/www.daisho.be\/it\/categorie-produit\/adidas-sport-da-combattimento\/taekwondo-it\/kimono-dobok-adidas-it\/"},{"@type":"ListItem","position":6,"name":"Dobok Adidas ADI CLUB 3 &#8211; Colletto nero"}]},{"@type":"WebSite","@id":"https:\/\/www.daisho.be\/it\/#website","url":"https:\/\/www.daisho.be\/it\/","name":"Daisho","description":"Sp&eacute;cialiste de l'&eacute;quipement sportif d'arts martiaux","publisher":{"@id":"https:\/\/www.daisho.be\/it\/#organization"},"potentialAction":[{"@type":"SearchAction","target":{"@type":"EntryPoint","urlTemplate":"https:\/\/www.daisho.be\/it\/?s={search_term_string}"},"query-input":{"@type":"PropertyValueSpecification","valueRequired":true,"valueName":"search_term_string"}}],"inLanguage":"it-IT"},{"@type":"Organization","@id":"https:\/\/www.daisho.be\/it\/#organization","name":"Daisho","url":"https:\/\/www.daisho.be\/it\/","logo":{"@type":"ImageObject","inLanguage":"it-IT","@id":"https:\/\/www.daisho.be\/it\/#\/schema\/logo\/image\/","url":"https:\/\/www.daisho.be\/wp-content\/uploads\/2019\/07\/color-nothing-horizontale4x-e1564486100247.png","contentUrl":"https:\/\/www.daisho.be\/wp-content\/uploads\/2019\/07\/color-nothing-horizontale4x-e1564486100247.png","width":1547,"height":385,"caption":"Daisho"},"image":{"@id":"https:\/\/www.daisho.be\/it\/#\/schema\/logo\/image\/"}}]}},"_links":{"self":[{"href":"https:\/\/www.daisho.be\/it\/wp-json\/wp\/v2\/product\/456594","targetHints":{"allow":["GET"]}}],"collection":[{"href":"https:\/\/www.daisho.be\/it\/wp-json\/wp\/v2\/product"}],"about":[{"href":"https:\/\/www.daisho.be\/it\/wp-json\/wp\/v2\/types\/product"}],"replies":[{"embeddable":true,"href":"https:\/\/www.daisho.be\/it\/wp-json\/wp\/v2\/comments?post=456594"}],"wp:featuredmedia":[{"embeddable":true,"href":"https:\/\/www.daisho.be\/it\/wp-json\/wp\/v2\/media\/456607"}],"wp:attachment":[{"href":"https:\/\/www.daisho.be\/it\/wp-json\/wp\/v2\/media?parent=456594"}],"wp:term":[{"taxonomy":"product_brand","embeddable":true,"href":"https:\/\/www.daisho.be\/it\/wp-json\/wp\/v2\/product_brand?post=456594"},{"taxonomy":"product_cat","embeddable":true,"href":"https:\/\/www.daisho.be\/it\/wp-json\/wp\/v2\/product_cat?post=456594"},{"taxonomy":"product_tag","embeddable":true,"href":"https:\/\/www.daisho.be\/it\/wp-json\/wp\/v2\/product_tag?post=456594"},{"taxonomy":"sport","embeddable":true,"href":"https:\/\/www.daisho.be\/it\/wp-json\/wp\/v2\/sport?post=456594"}],"curies":[{"name":"wp","href":"https:\/\/api.w.org\/{rel}","templated":true}]}}