{"id":456456,"date":"2022-02-05T16:03:05","date_gmt":"2022-02-05T15:03:05","guid":{"rendered":"https:\/\/www.daisho.be\/produit\/guantoni-da-boxe-adidas-hybrid-50-nero-bianco\/"},"modified":"2025-03-03T12:18:31","modified_gmt":"2025-03-03T11:18:31","slug":"guantoni-da-boxe-adidas-hybrid-50-nero-bianco","status":"publish","type":"product","link":"https:\/\/www.daisho.be\/it\/produit\/guantoni-da-boxe-adidas-hybrid-50-nero-bianco\/","title":{"rendered":"Guantoni da boxe adidas Hybrid 50 Nero\/Bianco"},"content":{"rendered":"<p>L&#8217;Hybrid 50 \u00e8 un guanto ideale a un ottimo prezzo. Il guanto \u00e8 imbottito con diversi strati di schiuma. Questo garantisce maggiore comfort e protezione.<br \/>\nLa chiusura in velcro offre una buona protezione per i polsi. Grazie al design anatomico preformato, i tuoi pugni saranno veloci e forti.<br \/>\nIl materiale PU Maya \u00e8 di alta qualit\u00e0 e ha un design molto bello.Questi guantoni da boxe (kick) sono adatti ai principianti. Il guanto \u00e8 adatto ai dilettanti che vogliono una buona qualit\u00e0 con la tecnologia pi\u00f9 avanzata.<\/p>\n<p> Questi guantoni adidas sono adatti alla Thai \/ kickboxing e alla boxe originale. Vantaggi: &#8211; PU Maya di altissima qualit\u00e0 &#8211; solida imbottitura protettiva multistrato &#8211; preformati anatomicamente per il pugno &#8211; assorbimento degli urti per un maggiore comfort &#8211; adatti ai dilettanti     <\/p>\n","protected":false},"excerpt":{"rendered":"<p>L&#8217;Hybrid 50 \u00e8 un guanto ideale a un ottimo prezzo. Il guanto \u00e8 imbottito con diversi strati di schiuma. Questo garantisce maggiore comfort e protezione. La chiusura in velcro offre una buona protezione per i polsi. Grazie al design anatomico preformato, i tuoi pugni saranno veloci e forti. Il materiale PU Maya \u00e8 di alta [&hellip;]<\/p>\n","protected":false},"featured_media":456469,"comment_status":"open","ping_status":"closed","template":"","meta":{"inline_featured_image":false},"product_brand":[],"product_cat":[2308,2307,2276,2264],"product_tag":[2176],"sport":[],"class_list":{"0":"post-456456","1":"product","2":"type-product","3":"status-publish","4":"has-post-thumbnail","6":"product_cat-guanti-da-muay-thai-adidas","7":"product_cat-guantoni-da-boxe-adidas","8":"product_cat-protezioni-adidas-kickboxing","9":"product_cat-protezioni-adidas-mma","10":"product_tag-adidas-it","11":"pa_size-372","12":"pa_size-371","13":"pa_size-370","14":"pa_size-461","15":"pa_size-84","16":"pa_size-440","17":"pa_size-439","19":"first","20":"instock","21":"taxable","22":"shipping-taxable","23":"purchasable","24":"product-type-variable"},"yoast_head":"<!-- This site is optimized with the Yoast SEO plugin v27.2 - https:\/\/yoast.com\/product\/yoast-seo-wordpress\/ -->\n<title>Guantoni da boxe adidas Hybrid 50 Nero\/Bianco &#8211; Daisho<\/title>\n<meta name=\"description\" content=\"I guantoni da boxe Adidas Hybird offrono un eccezionale rapporto qualit\u00e0-prezzo. Acquistali sul nostro sito www.daisho.be|Daisho\" \/>\n<meta name=\"robots\" content=\"index, follow, max-snippet:-1, max-image-preview:large, max-video-preview:-1\" \/>\n<link rel=\"canonical\" href=\"https:\/\/www.daisho.be\/it\/produit\/guantoni-da-boxe-adidas-hybrid-50-nero-bianco\/\" \/>\n<meta property=\"og:locale\" content=\"it_IT\" \/>\n<meta property=\"og:type\" content=\"article\" \/>\n<meta property=\"og:title\" content=\"Guantoni da boxe adidas Hybrid 50 Nero\/Bianco &#8211; Daisho\" \/>\n<meta property=\"og:description\" content=\"I guantoni da boxe Adidas Hybird offrono un eccezionale rapporto qualit\u00e0-prezzo. Acquistali sul nostro sito www.daisho.be|Daisho\" \/>\n<meta property=\"og:url\" content=\"https:\/\/www.daisho.be\/it\/produit\/guantoni-da-boxe-adidas-hybrid-50-nero-bianco\/\" \/>\n<meta property=\"og:site_name\" content=\"Daisho\" \/>\n<meta property=\"article:modified_time\" content=\"2025-03-03T11:18:31+00:00\" \/>\n<meta property=\"og:image\" content=\"https:\/\/www.daisho.be\/wp-content\/uploads\/2022\/12\/image-33.jpg\" \/>\n\t<meta property=\"og:image:width\" content=\"650\" \/>\n\t<meta property=\"og:image:height\" content=\"650\" \/>\n\t<meta property=\"og:image:type\" content=\"image\/jpeg\" \/>\n<meta name=\"twitter:card\" content=\"summary_large_image\" \/>\n<meta name=\"twitter:label1\" content=\"Tempo di lettura stimato\" \/>\n\t<meta name=\"twitter:data1\" content=\"1 minuto\" \/>\n<script type=\"application\/ld+json\" class=\"yoast-schema-graph\">{\"@context\":\"https:\/\/schema.org\",\"@graph\":[{\"@type\":\"WebPage\",\"@id\":\"https:\/\/www.daisho.be\/it\/produit\/guantoni-da-boxe-adidas-hybrid-50-nero-bianco\/\",\"url\":\"https:\/\/www.daisho.be\/it\/produit\/guantoni-da-boxe-adidas-hybrid-50-nero-bianco\/\",\"name\":\"Guantoni da boxe adidas Hybrid 50 Nero\/Bianco &#8211; Daisho\",\"isPartOf\":{\"@id\":\"https:\/\/www.daisho.be\/it\/#website\"},\"primaryImageOfPage\":{\"@id\":\"https:\/\/www.daisho.be\/it\/produit\/guantoni-da-boxe-adidas-hybrid-50-nero-bianco\/#primaryimage\"},\"image\":{\"@id\":\"https:\/\/www.daisho.be\/it\/produit\/guantoni-da-boxe-adidas-hybrid-50-nero-bianco\/#primaryimage\"},\"thumbnailUrl\":\"https:\/\/www.daisho.be\/wp-content\/uploads\/2022\/12\/image-33.jpg\",\"datePublished\":\"2022-02-05T15:03:05+00:00\",\"dateModified\":\"2025-03-03T11:18:31+00:00\",\"description\":\"I guantoni da boxe Adidas Hybird offrono un eccezionale rapporto qualit\u00e0-prezzo. Acquistali sul nostro sito www.daisho.be|Daisho\",\"breadcrumb\":{\"@id\":\"https:\/\/www.daisho.be\/it\/produit\/guantoni-da-boxe-adidas-hybrid-50-nero-bianco\/#breadcrumb\"},\"inLanguage\":\"it-IT\",\"potentialAction\":[{\"@type\":\"ReadAction\",\"target\":[\"https:\/\/www.daisho.be\/it\/produit\/guantoni-da-boxe-adidas-hybrid-50-nero-bianco\/\"]}]},{\"@type\":\"ImageObject\",\"inLanguage\":\"it-IT\",\"@id\":\"https:\/\/www.daisho.be\/it\/produit\/guantoni-da-boxe-adidas-hybrid-50-nero-bianco\/#primaryimage\",\"url\":\"https:\/\/www.daisho.be\/wp-content\/uploads\/2022\/12\/image-33.jpg\",\"contentUrl\":\"https:\/\/www.daisho.be\/wp-content\/uploads\/2022\/12\/image-33.jpg\",\"width\":650,\"height\":650,\"caption\":\"Guantoni da boxe adidas Hybrid 50 Nero\/Bianco-1\"},{\"@type\":\"BreadcrumbList\",\"@id\":\"https:\/\/www.daisho.be\/it\/produit\/guantoni-da-boxe-adidas-hybrid-50-nero-bianco\/#breadcrumb\",\"itemListElement\":[{\"@type\":\"ListItem\",\"position\":1,\"name\":\"Accueil\",\"item\":\"https:\/\/www.daisho.be\/it\/\"},{\"@type\":\"ListItem\",\"position\":2,\"name\":\"Prodotti\",\"item\":\"https:\/\/www.daisho.be\/it\/prodotti\/\"},{\"@type\":\"ListItem\",\"position\":3,\"name\":\"ADIDAS SPORT DA COMBATTIMENTO\",\"item\":\"https:\/\/www.daisho.be\/it\/categorie-produit\/adidas-sport-da-combattimento\/\"},{\"@type\":\"ListItem\",\"position\":4,\"name\":\"Muay Thai\",\"item\":\"https:\/\/www.daisho.be\/it\/categorie-produit\/adidas-sport-da-combattimento\/muay-thai-it\/\"},{\"@type\":\"ListItem\",\"position\":5,\"name\":\"Guanti da Muay Thai Adidas\",\"item\":\"https:\/\/www.daisho.be\/it\/categorie-produit\/adidas-sport-da-combattimento\/muay-thai-it\/guanti-da-muay-thai-adidas\/\"},{\"@type\":\"ListItem\",\"position\":6,\"name\":\"Guantoni da boxe adidas Hybrid 50 Nero\/Bianco\"}]},{\"@type\":\"WebSite\",\"@id\":\"https:\/\/www.daisho.be\/it\/#website\",\"url\":\"https:\/\/www.daisho.be\/it\/\",\"name\":\"Daisho\",\"description\":\"Sp&eacute;cialiste de l'&eacute;quipement sportif d'arts martiaux\",\"publisher\":{\"@id\":\"https:\/\/www.daisho.be\/it\/#organization\"},\"potentialAction\":[{\"@type\":\"SearchAction\",\"target\":{\"@type\":\"EntryPoint\",\"urlTemplate\":\"https:\/\/www.daisho.be\/it\/?s={search_term_string}\"},\"query-input\":{\"@type\":\"PropertyValueSpecification\",\"valueRequired\":true,\"valueName\":\"search_term_string\"}}],\"inLanguage\":\"it-IT\"},{\"@type\":\"Organization\",\"@id\":\"https:\/\/www.daisho.be\/it\/#organization\",\"name\":\"Daisho\",\"url\":\"https:\/\/www.daisho.be\/it\/\",\"logo\":{\"@type\":\"ImageObject\",\"inLanguage\":\"it-IT\",\"@id\":\"https:\/\/www.daisho.be\/it\/#\/schema\/logo\/image\/\",\"url\":\"https:\/\/www.daisho.be\/wp-content\/uploads\/2019\/07\/color-nothing-horizontale4x-e1564486100247.png\",\"contentUrl\":\"https:\/\/www.daisho.be\/wp-content\/uploads\/2019\/07\/color-nothing-horizontale4x-e1564486100247.png\",\"width\":1547,\"height\":385,\"caption\":\"Daisho\"},\"image\":{\"@id\":\"https:\/\/www.daisho.be\/it\/#\/schema\/logo\/image\/\"}}]}<\/script>\n<!-- \/ Yoast SEO plugin. -->","yoast_head_json":{"title":"Guantoni da boxe adidas Hybrid 50 Nero\/Bianco &#8211; Daisho","description":"I guantoni da boxe Adidas Hybird offrono un eccezionale rapporto qualit\u00e0-prezzo. Acquistali sul nostro sito www.daisho.be|Daisho","robots":{"index":"index","follow":"follow","max-snippet":"max-snippet:-1","max-image-preview":"max-image-preview:large","max-video-preview":"max-video-preview:-1"},"canonical":"https:\/\/www.daisho.be\/it\/produit\/guantoni-da-boxe-adidas-hybrid-50-nero-bianco\/","og_locale":"it_IT","og_type":"article","og_title":"Guantoni da boxe adidas Hybrid 50 Nero\/Bianco &#8211; Daisho","og_description":"I guantoni da boxe Adidas Hybird offrono un eccezionale rapporto qualit\u00e0-prezzo. Acquistali sul nostro sito www.daisho.be|Daisho","og_url":"https:\/\/www.daisho.be\/it\/produit\/guantoni-da-boxe-adidas-hybrid-50-nero-bianco\/","og_site_name":"Daisho","article_modified_time":"2025-03-03T11:18:31+00:00","og_image":[{"width":650,"height":650,"url":"https:\/\/www.daisho.be\/wp-content\/uploads\/2022\/12\/image-33.jpg","type":"image\/jpeg"}],"twitter_card":"summary_large_image","twitter_misc":{"Tempo di lettura stimato":"1 minuto"},"schema":{"@context":"https:\/\/schema.org","@graph":[{"@type":"WebPage","@id":"https:\/\/www.daisho.be\/it\/produit\/guantoni-da-boxe-adidas-hybrid-50-nero-bianco\/","url":"https:\/\/www.daisho.be\/it\/produit\/guantoni-da-boxe-adidas-hybrid-50-nero-bianco\/","name":"Guantoni da boxe adidas Hybrid 50 Nero\/Bianco &#8211; Daisho","isPartOf":{"@id":"https:\/\/www.daisho.be\/it\/#website"},"primaryImageOfPage":{"@id":"https:\/\/www.daisho.be\/it\/produit\/guantoni-da-boxe-adidas-hybrid-50-nero-bianco\/#primaryimage"},"image":{"@id":"https:\/\/www.daisho.be\/it\/produit\/guantoni-da-boxe-adidas-hybrid-50-nero-bianco\/#primaryimage"},"thumbnailUrl":"https:\/\/www.daisho.be\/wp-content\/uploads\/2022\/12\/image-33.jpg","datePublished":"2022-02-05T15:03:05+00:00","dateModified":"2025-03-03T11:18:31+00:00","description":"I guantoni da boxe Adidas Hybird offrono un eccezionale rapporto qualit\u00e0-prezzo. Acquistali sul nostro sito www.daisho.be|Daisho","breadcrumb":{"@id":"https:\/\/www.daisho.be\/it\/produit\/guantoni-da-boxe-adidas-hybrid-50-nero-bianco\/#breadcrumb"},"inLanguage":"it-IT","potentialAction":[{"@type":"ReadAction","target":["https:\/\/www.daisho.be\/it\/produit\/guantoni-da-boxe-adidas-hybrid-50-nero-bianco\/"]}]},{"@type":"ImageObject","inLanguage":"it-IT","@id":"https:\/\/www.daisho.be\/it\/produit\/guantoni-da-boxe-adidas-hybrid-50-nero-bianco\/#primaryimage","url":"https:\/\/www.daisho.be\/wp-content\/uploads\/2022\/12\/image-33.jpg","contentUrl":"https:\/\/www.daisho.be\/wp-content\/uploads\/2022\/12\/image-33.jpg","width":650,"height":650,"caption":"Guantoni da boxe adidas Hybrid 50 Nero\/Bianco-1"},{"@type":"BreadcrumbList","@id":"https:\/\/www.daisho.be\/it\/produit\/guantoni-da-boxe-adidas-hybrid-50-nero-bianco\/#breadcrumb","itemListElement":[{"@type":"ListItem","position":1,"name":"Accueil","item":"https:\/\/www.daisho.be\/it\/"},{"@type":"ListItem","position":2,"name":"Prodotti","item":"https:\/\/www.daisho.be\/it\/prodotti\/"},{"@type":"ListItem","position":3,"name":"ADIDAS SPORT DA COMBATTIMENTO","item":"https:\/\/www.daisho.be\/it\/categorie-produit\/adidas-sport-da-combattimento\/"},{"@type":"ListItem","position":4,"name":"Muay Thai","item":"https:\/\/www.daisho.be\/it\/categorie-produit\/adidas-sport-da-combattimento\/muay-thai-it\/"},{"@type":"ListItem","position":5,"name":"Guanti da Muay Thai Adidas","item":"https:\/\/www.daisho.be\/it\/categorie-produit\/adidas-sport-da-combattimento\/muay-thai-it\/guanti-da-muay-thai-adidas\/"},{"@type":"ListItem","position":6,"name":"Guantoni da boxe adidas Hybrid 50 Nero\/Bianco"}]},{"@type":"WebSite","@id":"https:\/\/www.daisho.be\/it\/#website","url":"https:\/\/www.daisho.be\/it\/","name":"Daisho","description":"Sp&eacute;cialiste de l'&eacute;quipement sportif d'arts martiaux","publisher":{"@id":"https:\/\/www.daisho.be\/it\/#organization"},"potentialAction":[{"@type":"SearchAction","target":{"@type":"EntryPoint","urlTemplate":"https:\/\/www.daisho.be\/it\/?s={search_term_string}"},"query-input":{"@type":"PropertyValueSpecification","valueRequired":true,"valueName":"search_term_string"}}],"inLanguage":"it-IT"},{"@type":"Organization","@id":"https:\/\/www.daisho.be\/it\/#organization","name":"Daisho","url":"https:\/\/www.daisho.be\/it\/","logo":{"@type":"ImageObject","inLanguage":"it-IT","@id":"https:\/\/www.daisho.be\/it\/#\/schema\/logo\/image\/","url":"https:\/\/www.daisho.be\/wp-content\/uploads\/2019\/07\/color-nothing-horizontale4x-e1564486100247.png","contentUrl":"https:\/\/www.daisho.be\/wp-content\/uploads\/2019\/07\/color-nothing-horizontale4x-e1564486100247.png","width":1547,"height":385,"caption":"Daisho"},"image":{"@id":"https:\/\/www.daisho.be\/it\/#\/schema\/logo\/image\/"}}]}},"_links":{"self":[{"href":"https:\/\/www.daisho.be\/it\/wp-json\/wp\/v2\/product\/456456","targetHints":{"allow":["GET"]}}],"collection":[{"href":"https:\/\/www.daisho.be\/it\/wp-json\/wp\/v2\/product"}],"about":[{"href":"https:\/\/www.daisho.be\/it\/wp-json\/wp\/v2\/types\/product"}],"replies":[{"embeddable":true,"href":"https:\/\/www.daisho.be\/it\/wp-json\/wp\/v2\/comments?post=456456"}],"wp:featuredmedia":[{"embeddable":true,"href":"https:\/\/www.daisho.be\/it\/wp-json\/wp\/v2\/media\/456469"}],"wp:attachment":[{"href":"https:\/\/www.daisho.be\/it\/wp-json\/wp\/v2\/media?parent=456456"}],"wp:term":[{"taxonomy":"product_brand","embeddable":true,"href":"https:\/\/www.daisho.be\/it\/wp-json\/wp\/v2\/product_brand?post=456456"},{"taxonomy":"product_cat","embeddable":true,"href":"https:\/\/www.daisho.be\/it\/wp-json\/wp\/v2\/product_cat?post=456456"},{"taxonomy":"product_tag","embeddable":true,"href":"https:\/\/www.daisho.be\/it\/wp-json\/wp\/v2\/product_tag?post=456456"},{"taxonomy":"sport","embeddable":true,"href":"https:\/\/www.daisho.be\/it\/wp-json\/wp\/v2\/sport?post=456456"}],"curies":[{"name":"wp","href":"https:\/\/api.w.org\/{rel}","templated":true}]}}