{"id":456358,"date":"2021-07-18T11:52:00","date_gmt":"2021-07-18T09:52:00","guid":{"rendered":"https:\/\/www.daisho.be\/produit\/casco-adidas-response-2-0-nero-bianco\/"},"modified":"2025-10-09T14:15:55","modified_gmt":"2025-10-09T12:15:55","slug":"casco-adidas-response-2-0-nero-bianco","status":"publish","type":"product","link":"https:\/\/www.daisho.be\/it\/produit\/casco-adidas-response-2-0-nero-bianco\/","title":{"rendered":"Casco adidas Response 2.0 Nero\/Bianco"},"content":{"rendered":"<p>\u00c8 il casco da boxe ideale per tutti gli artisti marziali. Il paratesta offre una protezione ottimale per il mento, gli zigomi e la testa. \u00c8 realizzato in PU e PU Maya, un materiale molto robusto e durevole. Il cappuccio \u00e8 dotato di un gel con imbottitura in schiuma basato sul sistema I-Protech, che riduce al minimo i calci.<\/p>\n<p>Il cappuccio \u00e8 molto comodo perch\u00e9 utilizza un materiale igienico, antiscivolo e ad asciugatura rapida. Questa cuffia \u00e8 adatta per la boxe originale, la kickboxing e le MMA. Vantaggi: &#8211; visuale ottimale &#8211; robusta e durevole &#8211; PU &amp; PU Maya &#8211; approvata CE &#8211; I-Comfort + &#8211; I-Protech +    <\/p>\n","protected":false},"excerpt":{"rendered":"<p>\u00c8 il casco da boxe ideale per tutti gli artisti marziali. Il paratesta offre una protezione ottimale per il mento, gli zigomi e la testa. \u00c8 realizzato in PU e PU Maya, un materiale molto robusto e durevole. Il cappuccio \u00e8 dotato di un gel con imbottitura in schiuma basato sul sistema I-Protech, che riduce [&hellip;]<\/p>\n","protected":false},"featured_media":456361,"comment_status":"open","ping_status":"closed","template":"","meta":{"inline_featured_image":false},"product_brand":[],"product_cat":[2270],"product_tag":[2176],"sport":[],"class_list":{"0":"post-456358","1":"product","2":"type-product","3":"status-publish","4":"has-post-thumbnail","6":"product_cat-protezioni-da-boxe-adidas","7":"product_tag-adidas-it","8":"pa_size-l","9":"pa_size-m","11":"first","12":"instock","13":"taxable","14":"shipping-taxable","15":"purchasable","16":"product-type-variable"},"yoast_head":"<!-- This site is optimized with the Yoast SEO plugin v27.2 - https:\/\/yoast.com\/product\/yoast-seo-wordpress\/ -->\n<title>Casco adidas Response 2.0 Nero\/Bianco &#8211; Daisho<\/title>\n<meta name=\"description\" content=\"Scopri il casco Adidas per tutti gli artisti marziali. Acquistalo ora sul nostro sito www.daisho.be|Daisho\" \/>\n<meta name=\"robots\" content=\"index, follow, max-snippet:-1, max-image-preview:large, max-video-preview:-1\" \/>\n<link rel=\"canonical\" href=\"https:\/\/www.daisho.be\/it\/produit\/casco-adidas-response-2-0-nero-bianco\/\" \/>\n<meta property=\"og:locale\" content=\"it_IT\" \/>\n<meta property=\"og:type\" content=\"article\" \/>\n<meta property=\"og:title\" content=\"Casco adidas Response 2.0 Nero\/Bianco &#8211; Daisho\" \/>\n<meta property=\"og:description\" content=\"Scopri il casco Adidas per tutti gli artisti marziali. Acquistalo ora sul nostro sito www.daisho.be|Daisho\" \/>\n<meta property=\"og:url\" content=\"https:\/\/www.daisho.be\/it\/produit\/casco-adidas-response-2-0-nero-bianco\/\" \/>\n<meta property=\"og:site_name\" content=\"Daisho\" \/>\n<meta property=\"article:modified_time\" content=\"2025-10-09T12:15:55+00:00\" \/>\n<meta property=\"og:image\" content=\"https:\/\/www.daisho.be\/wp-content\/uploads\/2021\/07\/image-120.jpg\" \/>\n\t<meta property=\"og:image:width\" content=\"650\" \/>\n\t<meta property=\"og:image:height\" content=\"647\" \/>\n\t<meta property=\"og:image:type\" content=\"image\/jpeg\" \/>\n<meta name=\"twitter:card\" content=\"summary_large_image\" \/>\n<meta name=\"twitter:label1\" content=\"Tempo di lettura stimato\" \/>\n\t<meta name=\"twitter:data1\" content=\"1 minuto\" \/>\n<script type=\"application\/ld+json\" class=\"yoast-schema-graph\">{\"@context\":\"https:\/\/schema.org\",\"@graph\":[{\"@type\":\"WebPage\",\"@id\":\"https:\/\/www.daisho.be\/it\/produit\/casco-adidas-response-2-0-nero-bianco\/\",\"url\":\"https:\/\/www.daisho.be\/it\/produit\/casco-adidas-response-2-0-nero-bianco\/\",\"name\":\"Casco adidas Response 2.0 Nero\/Bianco &#8211; Daisho\",\"isPartOf\":{\"@id\":\"https:\/\/www.daisho.be\/it\/#website\"},\"primaryImageOfPage\":{\"@id\":\"https:\/\/www.daisho.be\/it\/produit\/casco-adidas-response-2-0-nero-bianco\/#primaryimage\"},\"image\":{\"@id\":\"https:\/\/www.daisho.be\/it\/produit\/casco-adidas-response-2-0-nero-bianco\/#primaryimage\"},\"thumbnailUrl\":\"https:\/\/www.daisho.be\/wp-content\/uploads\/2021\/07\/image-120.jpg\",\"datePublished\":\"2021-07-18T09:52:00+00:00\",\"dateModified\":\"2025-10-09T12:15:55+00:00\",\"description\":\"Scopri il casco Adidas per tutti gli artisti marziali. Acquistalo ora sul nostro sito www.daisho.be|Daisho\",\"breadcrumb\":{\"@id\":\"https:\/\/www.daisho.be\/it\/produit\/casco-adidas-response-2-0-nero-bianco\/#breadcrumb\"},\"inLanguage\":\"it-IT\",\"potentialAction\":[{\"@type\":\"ReadAction\",\"target\":[\"https:\/\/www.daisho.be\/it\/produit\/casco-adidas-response-2-0-nero-bianco\/\"]}]},{\"@type\":\"ImageObject\",\"inLanguage\":\"it-IT\",\"@id\":\"https:\/\/www.daisho.be\/it\/produit\/casco-adidas-response-2-0-nero-bianco\/#primaryimage\",\"url\":\"https:\/\/www.daisho.be\/wp-content\/uploads\/2021\/07\/image-120.jpg\",\"contentUrl\":\"https:\/\/www.daisho.be\/wp-content\/uploads\/2021\/07\/image-120.jpg\",\"width\":650,\"height\":647,\"caption\":\"Casco adidas Response 2.0 Nero\/Bianco-1\"},{\"@type\":\"BreadcrumbList\",\"@id\":\"https:\/\/www.daisho.be\/it\/produit\/casco-adidas-response-2-0-nero-bianco\/#breadcrumb\",\"itemListElement\":[{\"@type\":\"ListItem\",\"position\":1,\"name\":\"Accueil\",\"item\":\"https:\/\/www.daisho.be\/it\/\"},{\"@type\":\"ListItem\",\"position\":2,\"name\":\"Prodotti\",\"item\":\"https:\/\/www.daisho.be\/it\/prodotti\/\"},{\"@type\":\"ListItem\",\"position\":3,\"name\":\"ADIDAS SPORT DA COMBATTIMENTO\",\"item\":\"https:\/\/www.daisho.be\/it\/categorie-produit\/adidas-sport-da-combattimento\/\"},{\"@type\":\"ListItem\",\"position\":4,\"name\":\"Boxe\",\"item\":\"https:\/\/www.daisho.be\/it\/categorie-produit\/adidas-sport-da-combattimento\/boxe-it\/\"},{\"@type\":\"ListItem\",\"position\":5,\"name\":\"Protezioni da boxe Adidas\",\"item\":\"https:\/\/www.daisho.be\/it\/categorie-produit\/adidas-sport-da-combattimento\/boxe-it\/protezioni-da-boxe-adidas\/\"},{\"@type\":\"ListItem\",\"position\":6,\"name\":\"Casco adidas Response 2.0 Nero\/Bianco\"}]},{\"@type\":\"WebSite\",\"@id\":\"https:\/\/www.daisho.be\/it\/#website\",\"url\":\"https:\/\/www.daisho.be\/it\/\",\"name\":\"Daisho\",\"description\":\"Sp&eacute;cialiste de l'&eacute;quipement sportif d'arts martiaux\",\"publisher\":{\"@id\":\"https:\/\/www.daisho.be\/it\/#organization\"},\"potentialAction\":[{\"@type\":\"SearchAction\",\"target\":{\"@type\":\"EntryPoint\",\"urlTemplate\":\"https:\/\/www.daisho.be\/it\/?s={search_term_string}\"},\"query-input\":{\"@type\":\"PropertyValueSpecification\",\"valueRequired\":true,\"valueName\":\"search_term_string\"}}],\"inLanguage\":\"it-IT\"},{\"@type\":\"Organization\",\"@id\":\"https:\/\/www.daisho.be\/it\/#organization\",\"name\":\"Daisho\",\"url\":\"https:\/\/www.daisho.be\/it\/\",\"logo\":{\"@type\":\"ImageObject\",\"inLanguage\":\"it-IT\",\"@id\":\"https:\/\/www.daisho.be\/it\/#\/schema\/logo\/image\/\",\"url\":\"https:\/\/www.daisho.be\/wp-content\/uploads\/2019\/07\/color-nothing-horizontale4x-e1564486100247.png\",\"contentUrl\":\"https:\/\/www.daisho.be\/wp-content\/uploads\/2019\/07\/color-nothing-horizontale4x-e1564486100247.png\",\"width\":1547,\"height\":385,\"caption\":\"Daisho\"},\"image\":{\"@id\":\"https:\/\/www.daisho.be\/it\/#\/schema\/logo\/image\/\"}}]}<\/script>\n<!-- \/ Yoast SEO plugin. -->","yoast_head_json":{"title":"Casco adidas Response 2.0 Nero\/Bianco &#8211; Daisho","description":"Scopri il casco Adidas per tutti gli artisti marziali. Acquistalo ora sul nostro sito www.daisho.be|Daisho","robots":{"index":"index","follow":"follow","max-snippet":"max-snippet:-1","max-image-preview":"max-image-preview:large","max-video-preview":"max-video-preview:-1"},"canonical":"https:\/\/www.daisho.be\/it\/produit\/casco-adidas-response-2-0-nero-bianco\/","og_locale":"it_IT","og_type":"article","og_title":"Casco adidas Response 2.0 Nero\/Bianco &#8211; Daisho","og_description":"Scopri il casco Adidas per tutti gli artisti marziali. Acquistalo ora sul nostro sito www.daisho.be|Daisho","og_url":"https:\/\/www.daisho.be\/it\/produit\/casco-adidas-response-2-0-nero-bianco\/","og_site_name":"Daisho","article_modified_time":"2025-10-09T12:15:55+00:00","og_image":[{"width":650,"height":647,"url":"https:\/\/www.daisho.be\/wp-content\/uploads\/2021\/07\/image-120.jpg","type":"image\/jpeg"}],"twitter_card":"summary_large_image","twitter_misc":{"Tempo di lettura stimato":"1 minuto"},"schema":{"@context":"https:\/\/schema.org","@graph":[{"@type":"WebPage","@id":"https:\/\/www.daisho.be\/it\/produit\/casco-adidas-response-2-0-nero-bianco\/","url":"https:\/\/www.daisho.be\/it\/produit\/casco-adidas-response-2-0-nero-bianco\/","name":"Casco adidas Response 2.0 Nero\/Bianco &#8211; Daisho","isPartOf":{"@id":"https:\/\/www.daisho.be\/it\/#website"},"primaryImageOfPage":{"@id":"https:\/\/www.daisho.be\/it\/produit\/casco-adidas-response-2-0-nero-bianco\/#primaryimage"},"image":{"@id":"https:\/\/www.daisho.be\/it\/produit\/casco-adidas-response-2-0-nero-bianco\/#primaryimage"},"thumbnailUrl":"https:\/\/www.daisho.be\/wp-content\/uploads\/2021\/07\/image-120.jpg","datePublished":"2021-07-18T09:52:00+00:00","dateModified":"2025-10-09T12:15:55+00:00","description":"Scopri il casco Adidas per tutti gli artisti marziali. Acquistalo ora sul nostro sito www.daisho.be|Daisho","breadcrumb":{"@id":"https:\/\/www.daisho.be\/it\/produit\/casco-adidas-response-2-0-nero-bianco\/#breadcrumb"},"inLanguage":"it-IT","potentialAction":[{"@type":"ReadAction","target":["https:\/\/www.daisho.be\/it\/produit\/casco-adidas-response-2-0-nero-bianco\/"]}]},{"@type":"ImageObject","inLanguage":"it-IT","@id":"https:\/\/www.daisho.be\/it\/produit\/casco-adidas-response-2-0-nero-bianco\/#primaryimage","url":"https:\/\/www.daisho.be\/wp-content\/uploads\/2021\/07\/image-120.jpg","contentUrl":"https:\/\/www.daisho.be\/wp-content\/uploads\/2021\/07\/image-120.jpg","width":650,"height":647,"caption":"Casco adidas Response 2.0 Nero\/Bianco-1"},{"@type":"BreadcrumbList","@id":"https:\/\/www.daisho.be\/it\/produit\/casco-adidas-response-2-0-nero-bianco\/#breadcrumb","itemListElement":[{"@type":"ListItem","position":1,"name":"Accueil","item":"https:\/\/www.daisho.be\/it\/"},{"@type":"ListItem","position":2,"name":"Prodotti","item":"https:\/\/www.daisho.be\/it\/prodotti\/"},{"@type":"ListItem","position":3,"name":"ADIDAS SPORT DA COMBATTIMENTO","item":"https:\/\/www.daisho.be\/it\/categorie-produit\/adidas-sport-da-combattimento\/"},{"@type":"ListItem","position":4,"name":"Boxe","item":"https:\/\/www.daisho.be\/it\/categorie-produit\/adidas-sport-da-combattimento\/boxe-it\/"},{"@type":"ListItem","position":5,"name":"Protezioni da boxe Adidas","item":"https:\/\/www.daisho.be\/it\/categorie-produit\/adidas-sport-da-combattimento\/boxe-it\/protezioni-da-boxe-adidas\/"},{"@type":"ListItem","position":6,"name":"Casco adidas Response 2.0 Nero\/Bianco"}]},{"@type":"WebSite","@id":"https:\/\/www.daisho.be\/it\/#website","url":"https:\/\/www.daisho.be\/it\/","name":"Daisho","description":"Sp&eacute;cialiste de l'&eacute;quipement sportif d'arts martiaux","publisher":{"@id":"https:\/\/www.daisho.be\/it\/#organization"},"potentialAction":[{"@type":"SearchAction","target":{"@type":"EntryPoint","urlTemplate":"https:\/\/www.daisho.be\/it\/?s={search_term_string}"},"query-input":{"@type":"PropertyValueSpecification","valueRequired":true,"valueName":"search_term_string"}}],"inLanguage":"it-IT"},{"@type":"Organization","@id":"https:\/\/www.daisho.be\/it\/#organization","name":"Daisho","url":"https:\/\/www.daisho.be\/it\/","logo":{"@type":"ImageObject","inLanguage":"it-IT","@id":"https:\/\/www.daisho.be\/it\/#\/schema\/logo\/image\/","url":"https:\/\/www.daisho.be\/wp-content\/uploads\/2019\/07\/color-nothing-horizontale4x-e1564486100247.png","contentUrl":"https:\/\/www.daisho.be\/wp-content\/uploads\/2019\/07\/color-nothing-horizontale4x-e1564486100247.png","width":1547,"height":385,"caption":"Daisho"},"image":{"@id":"https:\/\/www.daisho.be\/it\/#\/schema\/logo\/image\/"}}]}},"_links":{"self":[{"href":"https:\/\/www.daisho.be\/it\/wp-json\/wp\/v2\/product\/456358","targetHints":{"allow":["GET"]}}],"collection":[{"href":"https:\/\/www.daisho.be\/it\/wp-json\/wp\/v2\/product"}],"about":[{"href":"https:\/\/www.daisho.be\/it\/wp-json\/wp\/v2\/types\/product"}],"replies":[{"embeddable":true,"href":"https:\/\/www.daisho.be\/it\/wp-json\/wp\/v2\/comments?post=456358"}],"wp:featuredmedia":[{"embeddable":true,"href":"https:\/\/www.daisho.be\/it\/wp-json\/wp\/v2\/media\/456361"}],"wp:attachment":[{"href":"https:\/\/www.daisho.be\/it\/wp-json\/wp\/v2\/media?parent=456358"}],"wp:term":[{"taxonomy":"product_brand","embeddable":true,"href":"https:\/\/www.daisho.be\/it\/wp-json\/wp\/v2\/product_brand?post=456358"},{"taxonomy":"product_cat","embeddable":true,"href":"https:\/\/www.daisho.be\/it\/wp-json\/wp\/v2\/product_cat?post=456358"},{"taxonomy":"product_tag","embeddable":true,"href":"https:\/\/www.daisho.be\/it\/wp-json\/wp\/v2\/product_tag?post=456358"},{"taxonomy":"sport","embeddable":true,"href":"https:\/\/www.daisho.be\/it\/wp-json\/wp\/v2\/sport?post=456358"}],"curies":[{"name":"wp","href":"https:\/\/api.w.org\/{rel}","templated":true}]}}