{"id":456159,"date":"2021-07-19T12:15:53","date_gmt":"2021-07-19T10:15:53","guid":{"rendered":"https:\/\/www.daisho.be\/produit\/borsa-sportiva-da-combattimento-adidas-poliestere-2-in-1-rosa-camo-argento\/"},"modified":"2026-01-15T09:03:31","modified_gmt":"2026-01-15T08:03:31","slug":"borsa-sportiva-da-combattimento-adidas-poliestere-2-in-1-rosa-camo-argento","status":"publish","type":"product","link":"https:\/\/www.daisho.be\/it\/produit\/borsa-sportiva-da-combattimento-adidas-poliestere-2-in-1-rosa-camo-argento\/","title":{"rendered":"Borsa sportiva da combattimento adidas Poliestere 2 in 1 Rosa Camo\/Argento"},"content":{"rendered":"<p>Questa magnifica borsa sportiva \u00e8 realizzata in robusto poliestere al 100%.<br \/>\nLa borsa \u00e8 dotata di un&#8217;ampia cerniera e si apre dalla parte anteriore a quella posteriore.<br \/>\nLa borsa \u00e8 dotata di manici e di una tracolla.<br \/>\nPu\u00f2 essere indossata anche come zaino grazie ai doppi spallacci.<\/p>\n<p>Vantaggi:<br \/>\n&#8211; realizzata in robusto poliestere<br \/>\n&#8211; pu\u00f2 essere indossata come zaino<br \/>\n&#8211; ampio scomparto per riporre oggetti<br \/>\n&#8211; attraente cerniera di grandi dimensioni.<\/p>\n","protected":false},"excerpt":{"rendered":"<p>Questa magnifica borsa sportiva \u00e8 realizzata in robusto poliestere al 100%. La borsa \u00e8 dotata di un&#8217;ampia cerniera e si apre dalla parte anteriore a quella posteriore. La borsa \u00e8 dotata di manici e di una tracolla. Pu\u00f2 essere indossata anche come zaino grazie ai doppi spallacci. Vantaggi: &#8211; realizzata in robusto poliestere &#8211; pu\u00f2 [&hellip;]<\/p>\n","protected":false},"featured_media":456167,"comment_status":"open","ping_status":"closed","template":"","meta":{"inline_featured_image":false},"product_brand":[],"product_cat":[2298,2262,2296],"product_tag":[2176],"sport":[],"class_list":{"0":"post-456159","1":"product","2":"type-product","3":"status-publish","4":"has-post-thumbnail","6":"product_cat-borsa-adidas-taekwondo","7":"product_cat-borsa-da-karate-adidas","8":"product_cat-borse-sportive-da-combattimento-adidas","9":"product_tag-adidas-it","10":"pa_size-m","11":"pa_size-s","13":"first","14":"instock","15":"taxable","16":"shipping-taxable","17":"purchasable","18":"product-type-variable"},"yoast_head":"<!-- This site is optimized with the Yoast SEO plugin v27.2 - https:\/\/yoast.com\/product\/yoast-seo-wordpress\/ -->\n<title>Borsa sportiva da combattimento adidas Poliestere 2 in 1 Rosa Camo\/Argento &#8211; Daisho<\/title>\n<meta name=\"description\" content=\"Scopri la borsa sportiva che unisce stile e capienza. \u00c8 perfetta per tutte le tue sessioni di allenamento. Acquistalo su www.daisho.be|Daisho\" \/>\n<meta name=\"robots\" content=\"index, follow, max-snippet:-1, max-image-preview:large, max-video-preview:-1\" \/>\n<link rel=\"canonical\" href=\"https:\/\/www.daisho.be\/it\/produit\/borsa-sportiva-da-combattimento-adidas-poliestere-2-in-1-rosa-camo-argento\/\" \/>\n<meta property=\"og:locale\" content=\"it_IT\" \/>\n<meta property=\"og:type\" content=\"article\" \/>\n<meta property=\"og:title\" content=\"Borsa sportiva da combattimento adidas Poliestere 2 in 1 Rosa Camo\/Argento &#8211; Daisho\" \/>\n<meta property=\"og:description\" content=\"Scopri la borsa sportiva che unisce stile e capienza. \u00c8 perfetta per tutte le tue sessioni di allenamento. Acquistalo su www.daisho.be|Daisho\" \/>\n<meta property=\"og:url\" content=\"https:\/\/www.daisho.be\/it\/produit\/borsa-sportiva-da-combattimento-adidas-poliestere-2-in-1-rosa-camo-argento\/\" \/>\n<meta property=\"og:site_name\" content=\"Daisho\" \/>\n<meta property=\"article:modified_time\" content=\"2026-01-15T08:03:31+00:00\" \/>\n<meta property=\"og:image\" content=\"https:\/\/www.daisho.be\/wp-content\/uploads\/2023\/11\/image-121.jpg\" \/>\n\t<meta property=\"og:image:width\" content=\"650\" \/>\n\t<meta property=\"og:image:height\" content=\"650\" \/>\n\t<meta property=\"og:image:type\" content=\"image\/jpeg\" \/>\n<meta name=\"twitter:card\" content=\"summary_large_image\" \/>\n<script type=\"application\/ld+json\" class=\"yoast-schema-graph\">{\"@context\":\"https:\/\/schema.org\",\"@graph\":[{\"@type\":\"WebPage\",\"@id\":\"https:\/\/www.daisho.be\/it\/produit\/borsa-sportiva-da-combattimento-adidas-poliestere-2-in-1-rosa-camo-argento\/\",\"url\":\"https:\/\/www.daisho.be\/it\/produit\/borsa-sportiva-da-combattimento-adidas-poliestere-2-in-1-rosa-camo-argento\/\",\"name\":\"Borsa sportiva da combattimento adidas Poliestere 2 in 1 Rosa Camo\/Argento &#8211; Daisho\",\"isPartOf\":{\"@id\":\"https:\/\/www.daisho.be\/it\/#website\"},\"primaryImageOfPage\":{\"@id\":\"https:\/\/www.daisho.be\/it\/produit\/borsa-sportiva-da-combattimento-adidas-poliestere-2-in-1-rosa-camo-argento\/#primaryimage\"},\"image\":{\"@id\":\"https:\/\/www.daisho.be\/it\/produit\/borsa-sportiva-da-combattimento-adidas-poliestere-2-in-1-rosa-camo-argento\/#primaryimage\"},\"thumbnailUrl\":\"https:\/\/www.daisho.be\/wp-content\/uploads\/2023\/11\/image-121.jpg\",\"datePublished\":\"2021-07-19T10:15:53+00:00\",\"dateModified\":\"2026-01-15T08:03:31+00:00\",\"description\":\"Scopri la borsa sportiva che unisce stile e capienza. \u00c8 perfetta per tutte le tue sessioni di allenamento. Acquistalo su www.daisho.be|Daisho\",\"breadcrumb\":{\"@id\":\"https:\/\/www.daisho.be\/it\/produit\/borsa-sportiva-da-combattimento-adidas-poliestere-2-in-1-rosa-camo-argento\/#breadcrumb\"},\"inLanguage\":\"it-IT\",\"potentialAction\":[{\"@type\":\"ReadAction\",\"target\":[\"https:\/\/www.daisho.be\/it\/produit\/borsa-sportiva-da-combattimento-adidas-poliestere-2-in-1-rosa-camo-argento\/\"]}]},{\"@type\":\"ImageObject\",\"inLanguage\":\"it-IT\",\"@id\":\"https:\/\/www.daisho.be\/it\/produit\/borsa-sportiva-da-combattimento-adidas-poliestere-2-in-1-rosa-camo-argento\/#primaryimage\",\"url\":\"https:\/\/www.daisho.be\/wp-content\/uploads\/2023\/11\/image-121.jpg\",\"contentUrl\":\"https:\/\/www.daisho.be\/wp-content\/uploads\/2023\/11\/image-121.jpg\",\"width\":650,\"height\":650,\"caption\":\"Borsa sportiva da combattimento adidas Poliestere 2 in 1 Rosa Camo\/Argento-1\"},{\"@type\":\"BreadcrumbList\",\"@id\":\"https:\/\/www.daisho.be\/it\/produit\/borsa-sportiva-da-combattimento-adidas-poliestere-2-in-1-rosa-camo-argento\/#breadcrumb\",\"itemListElement\":[{\"@type\":\"ListItem\",\"position\":1,\"name\":\"Accueil\",\"item\":\"https:\/\/www.daisho.be\/it\/\"},{\"@type\":\"ListItem\",\"position\":2,\"name\":\"Prodotti\",\"item\":\"https:\/\/www.daisho.be\/it\/prodotti\/\"},{\"@type\":\"ListItem\",\"position\":3,\"name\":\"ADIDAS SPORT DA COMBATTIMENTO\",\"item\":\"https:\/\/www.daisho.be\/it\/categorie-produit\/adidas-sport-da-combattimento\/\"},{\"@type\":\"ListItem\",\"position\":4,\"name\":\"Taekwondo\",\"item\":\"https:\/\/www.daisho.be\/it\/categorie-produit\/adidas-sport-da-combattimento\/taekwondo-it\/\"},{\"@type\":\"ListItem\",\"position\":5,\"name\":\"Borsa Adidas Taekwondo\",\"item\":\"https:\/\/www.daisho.be\/it\/categorie-produit\/adidas-sport-da-combattimento\/taekwondo-it\/borsa-adidas-taekwondo\/\"},{\"@type\":\"ListItem\",\"position\":6,\"name\":\"Borsa sportiva da combattimento adidas Poliestere 2 in 1 Rosa Camo\/Argento\"}]},{\"@type\":\"WebSite\",\"@id\":\"https:\/\/www.daisho.be\/it\/#website\",\"url\":\"https:\/\/www.daisho.be\/it\/\",\"name\":\"Daisho\",\"description\":\"Sp&eacute;cialiste de l'&eacute;quipement sportif d'arts martiaux\",\"publisher\":{\"@id\":\"https:\/\/www.daisho.be\/it\/#organization\"},\"potentialAction\":[{\"@type\":\"SearchAction\",\"target\":{\"@type\":\"EntryPoint\",\"urlTemplate\":\"https:\/\/www.daisho.be\/it\/?s={search_term_string}\"},\"query-input\":{\"@type\":\"PropertyValueSpecification\",\"valueRequired\":true,\"valueName\":\"search_term_string\"}}],\"inLanguage\":\"it-IT\"},{\"@type\":\"Organization\",\"@id\":\"https:\/\/www.daisho.be\/it\/#organization\",\"name\":\"Daisho\",\"url\":\"https:\/\/www.daisho.be\/it\/\",\"logo\":{\"@type\":\"ImageObject\",\"inLanguage\":\"it-IT\",\"@id\":\"https:\/\/www.daisho.be\/it\/#\/schema\/logo\/image\/\",\"url\":\"https:\/\/www.daisho.be\/wp-content\/uploads\/2019\/07\/color-nothing-horizontale4x-e1564486100247.png\",\"contentUrl\":\"https:\/\/www.daisho.be\/wp-content\/uploads\/2019\/07\/color-nothing-horizontale4x-e1564486100247.png\",\"width\":1547,\"height\":385,\"caption\":\"Daisho\"},\"image\":{\"@id\":\"https:\/\/www.daisho.be\/it\/#\/schema\/logo\/image\/\"}}]}<\/script>\n<!-- \/ Yoast SEO plugin. -->","yoast_head_json":{"title":"Borsa sportiva da combattimento adidas Poliestere 2 in 1 Rosa Camo\/Argento &#8211; Daisho","description":"Scopri la borsa sportiva che unisce stile e capienza. \u00c8 perfetta per tutte le tue sessioni di allenamento. Acquistalo su www.daisho.be|Daisho","robots":{"index":"index","follow":"follow","max-snippet":"max-snippet:-1","max-image-preview":"max-image-preview:large","max-video-preview":"max-video-preview:-1"},"canonical":"https:\/\/www.daisho.be\/it\/produit\/borsa-sportiva-da-combattimento-adidas-poliestere-2-in-1-rosa-camo-argento\/","og_locale":"it_IT","og_type":"article","og_title":"Borsa sportiva da combattimento adidas Poliestere 2 in 1 Rosa Camo\/Argento &#8211; Daisho","og_description":"Scopri la borsa sportiva che unisce stile e capienza. \u00c8 perfetta per tutte le tue sessioni di allenamento. Acquistalo su www.daisho.be|Daisho","og_url":"https:\/\/www.daisho.be\/it\/produit\/borsa-sportiva-da-combattimento-adidas-poliestere-2-in-1-rosa-camo-argento\/","og_site_name":"Daisho","article_modified_time":"2026-01-15T08:03:31+00:00","og_image":[{"width":650,"height":650,"url":"https:\/\/www.daisho.be\/wp-content\/uploads\/2023\/11\/image-121.jpg","type":"image\/jpeg"}],"twitter_card":"summary_large_image","schema":{"@context":"https:\/\/schema.org","@graph":[{"@type":"WebPage","@id":"https:\/\/www.daisho.be\/it\/produit\/borsa-sportiva-da-combattimento-adidas-poliestere-2-in-1-rosa-camo-argento\/","url":"https:\/\/www.daisho.be\/it\/produit\/borsa-sportiva-da-combattimento-adidas-poliestere-2-in-1-rosa-camo-argento\/","name":"Borsa sportiva da combattimento adidas Poliestere 2 in 1 Rosa Camo\/Argento &#8211; Daisho","isPartOf":{"@id":"https:\/\/www.daisho.be\/it\/#website"},"primaryImageOfPage":{"@id":"https:\/\/www.daisho.be\/it\/produit\/borsa-sportiva-da-combattimento-adidas-poliestere-2-in-1-rosa-camo-argento\/#primaryimage"},"image":{"@id":"https:\/\/www.daisho.be\/it\/produit\/borsa-sportiva-da-combattimento-adidas-poliestere-2-in-1-rosa-camo-argento\/#primaryimage"},"thumbnailUrl":"https:\/\/www.daisho.be\/wp-content\/uploads\/2023\/11\/image-121.jpg","datePublished":"2021-07-19T10:15:53+00:00","dateModified":"2026-01-15T08:03:31+00:00","description":"Scopri la borsa sportiva che unisce stile e capienza. \u00c8 perfetta per tutte le tue sessioni di allenamento. Acquistalo su www.daisho.be|Daisho","breadcrumb":{"@id":"https:\/\/www.daisho.be\/it\/produit\/borsa-sportiva-da-combattimento-adidas-poliestere-2-in-1-rosa-camo-argento\/#breadcrumb"},"inLanguage":"it-IT","potentialAction":[{"@type":"ReadAction","target":["https:\/\/www.daisho.be\/it\/produit\/borsa-sportiva-da-combattimento-adidas-poliestere-2-in-1-rosa-camo-argento\/"]}]},{"@type":"ImageObject","inLanguage":"it-IT","@id":"https:\/\/www.daisho.be\/it\/produit\/borsa-sportiva-da-combattimento-adidas-poliestere-2-in-1-rosa-camo-argento\/#primaryimage","url":"https:\/\/www.daisho.be\/wp-content\/uploads\/2023\/11\/image-121.jpg","contentUrl":"https:\/\/www.daisho.be\/wp-content\/uploads\/2023\/11\/image-121.jpg","width":650,"height":650,"caption":"Borsa sportiva da combattimento adidas Poliestere 2 in 1 Rosa Camo\/Argento-1"},{"@type":"BreadcrumbList","@id":"https:\/\/www.daisho.be\/it\/produit\/borsa-sportiva-da-combattimento-adidas-poliestere-2-in-1-rosa-camo-argento\/#breadcrumb","itemListElement":[{"@type":"ListItem","position":1,"name":"Accueil","item":"https:\/\/www.daisho.be\/it\/"},{"@type":"ListItem","position":2,"name":"Prodotti","item":"https:\/\/www.daisho.be\/it\/prodotti\/"},{"@type":"ListItem","position":3,"name":"ADIDAS SPORT DA COMBATTIMENTO","item":"https:\/\/www.daisho.be\/it\/categorie-produit\/adidas-sport-da-combattimento\/"},{"@type":"ListItem","position":4,"name":"Taekwondo","item":"https:\/\/www.daisho.be\/it\/categorie-produit\/adidas-sport-da-combattimento\/taekwondo-it\/"},{"@type":"ListItem","position":5,"name":"Borsa Adidas Taekwondo","item":"https:\/\/www.daisho.be\/it\/categorie-produit\/adidas-sport-da-combattimento\/taekwondo-it\/borsa-adidas-taekwondo\/"},{"@type":"ListItem","position":6,"name":"Borsa sportiva da combattimento adidas Poliestere 2 in 1 Rosa Camo\/Argento"}]},{"@type":"WebSite","@id":"https:\/\/www.daisho.be\/it\/#website","url":"https:\/\/www.daisho.be\/it\/","name":"Daisho","description":"Sp&eacute;cialiste de l'&eacute;quipement sportif d'arts martiaux","publisher":{"@id":"https:\/\/www.daisho.be\/it\/#organization"},"potentialAction":[{"@type":"SearchAction","target":{"@type":"EntryPoint","urlTemplate":"https:\/\/www.daisho.be\/it\/?s={search_term_string}"},"query-input":{"@type":"PropertyValueSpecification","valueRequired":true,"valueName":"search_term_string"}}],"inLanguage":"it-IT"},{"@type":"Organization","@id":"https:\/\/www.daisho.be\/it\/#organization","name":"Daisho","url":"https:\/\/www.daisho.be\/it\/","logo":{"@type":"ImageObject","inLanguage":"it-IT","@id":"https:\/\/www.daisho.be\/it\/#\/schema\/logo\/image\/","url":"https:\/\/www.daisho.be\/wp-content\/uploads\/2019\/07\/color-nothing-horizontale4x-e1564486100247.png","contentUrl":"https:\/\/www.daisho.be\/wp-content\/uploads\/2019\/07\/color-nothing-horizontale4x-e1564486100247.png","width":1547,"height":385,"caption":"Daisho"},"image":{"@id":"https:\/\/www.daisho.be\/it\/#\/schema\/logo\/image\/"}}]}},"_links":{"self":[{"href":"https:\/\/www.daisho.be\/it\/wp-json\/wp\/v2\/product\/456159","targetHints":{"allow":["GET"]}}],"collection":[{"href":"https:\/\/www.daisho.be\/it\/wp-json\/wp\/v2\/product"}],"about":[{"href":"https:\/\/www.daisho.be\/it\/wp-json\/wp\/v2\/types\/product"}],"replies":[{"embeddable":true,"href":"https:\/\/www.daisho.be\/it\/wp-json\/wp\/v2\/comments?post=456159"}],"wp:featuredmedia":[{"embeddable":true,"href":"https:\/\/www.daisho.be\/it\/wp-json\/wp\/v2\/media\/456167"}],"wp:attachment":[{"href":"https:\/\/www.daisho.be\/it\/wp-json\/wp\/v2\/media?parent=456159"}],"wp:term":[{"taxonomy":"product_brand","embeddable":true,"href":"https:\/\/www.daisho.be\/it\/wp-json\/wp\/v2\/product_brand?post=456159"},{"taxonomy":"product_cat","embeddable":true,"href":"https:\/\/www.daisho.be\/it\/wp-json\/wp\/v2\/product_cat?post=456159"},{"taxonomy":"product_tag","embeddable":true,"href":"https:\/\/www.daisho.be\/it\/wp-json\/wp\/v2\/product_tag?post=456159"},{"taxonomy":"sport","embeddable":true,"href":"https:\/\/www.daisho.be\/it\/wp-json\/wp\/v2\/sport?post=456159"}],"curies":[{"name":"wp","href":"https:\/\/api.w.org\/{rel}","templated":true}]}}