{"id":455984,"date":"2021-07-21T22:46:37","date_gmt":"2021-07-21T20:46:37","guid":{"rendered":"https:\/\/www.daisho.be\/produit\/bavaglino-reversibile-adidas-bambino\/"},"modified":"2025-12-24T16:28:14","modified_gmt":"2025-12-24T15:28:14","slug":"bavaglino-reversibile-adidas-bambino","status":"publish","type":"product","link":"https:\/\/www.daisho.be\/it\/produit\/bavaglino-reversibile-adidas-bambino\/","title":{"rendered":"pettorina reversibile adidas"},"content":{"rendered":"<p>La protezione per il petto adidas per bambini.<br \/>\nQuesta protezione toracica reversibile, realizzata al 100% in PU, \u00e8 anatomica per i bambini per una vestibilit\u00e0 perfetta ed \u00e8 dotata di spalline extra per la protezione necessaria.<br \/>\nLa protezione toracica ha un lato rosso e uno blu e pu\u00f2 essere girata al contrario.<br \/>\nLa pettorina ha una speciale e facile chiusura in velcro sul retro per una vestibilit\u00e0 perfetta.<br \/>\nLa pettorina \u00e8 approvata dalla WTF.<br \/>\nVantaggi:<br \/>\n&#8211; Buon assorbimento degli urti<br \/>\n&#8211; Approvato dalla WTF<br \/>\n&#8211; Perfetta vestibilit\u00e0 grazie alla chiusura in velcro<br \/>\n&#8211; Dotata di logo adidas<br \/>\n&#8211; Design anatomico<\/p>\n","protected":false},"excerpt":{"rendered":"<p>La protezione per il petto adidas per bambini. Questa protezione toracica reversibile, realizzata al 100% in PU, \u00e8 anatomica per i bambini per una vestibilit\u00e0 perfetta ed \u00e8 dotata di spalline extra per la protezione necessaria. La protezione toracica ha un lato rosso e uno blu e pu\u00f2 essere girata al contrario. La pettorina ha [&hellip;]<\/p>\n","protected":false},"featured_media":553443,"comment_status":"open","ping_status":"closed","template":"","meta":{"inline_featured_image":false},"product_brand":[],"product_cat":[2074,2058,2045,2181],"product_tag":[2176],"sport":[],"class_list":{"0":"post-455984","1":"product","2":"type-product","3":"status-publish","4":"has-post-thumbnail","6":"product_cat-abbigliamento-protettivo-per-il-taekwondo","7":"product_cat-protezione-del-karate","8":"product_cat-protezioni","9":"product_cat-protezioni-adidas-taekwondo","10":"product_tag-adidas-it","11":"pa_size-l","12":"pa_size-m","13":"pa_size-s","14":"pa_size-xl","15":"pa_size-xs","16":"pa_size-xxs","18":"first","19":"instock","20":"taxable","21":"shipping-taxable","22":"purchasable","23":"product-type-variable"},"yoast_head":"<!-- This site is optimized with the Yoast SEO plugin v27.2 - https:\/\/yoast.com\/product\/yoast-seo-wordpress\/ -->\n<title>pettorina reversibile adidas &#8211; Daisho<\/title>\n<meta name=\"description\" content=\"Scopri la protezione per il petto appositamente studiata per i tuoi bambini. Offre comfort e protezione. Acquistalo sul nostro sito www.daisho.be|Daisho\" \/>\n<meta name=\"robots\" content=\"index, follow, max-snippet:-1, max-image-preview:large, max-video-preview:-1\" \/>\n<link rel=\"canonical\" href=\"https:\/\/www.daisho.be\/it\/produit\/bavaglino-reversibile-adidas-bambino\/\" \/>\n<meta property=\"og:locale\" content=\"it_IT\" \/>\n<meta property=\"og:type\" content=\"article\" \/>\n<meta property=\"og:title\" content=\"pettorina reversibile adidas &#8211; Daisho\" \/>\n<meta property=\"og:description\" content=\"Scopri la protezione per il petto appositamente studiata per i tuoi bambini. Offre comfort e protezione. Acquistalo sul nostro sito www.daisho.be|Daisho\" \/>\n<meta property=\"og:url\" content=\"https:\/\/www.daisho.be\/it\/produit\/bavaglino-reversibile-adidas-bambino\/\" \/>\n<meta property=\"og:site_name\" content=\"Daisho\" \/>\n<meta property=\"article:modified_time\" content=\"2025-12-24T15:28:14+00:00\" \/>\n<meta property=\"og:image\" content=\"https:\/\/www.daisho.be\/wp-content\/uploads\/2025\/09\/image-6.png\" \/>\n\t<meta property=\"og:image:width\" content=\"589\" \/>\n\t<meta property=\"og:image:height\" content=\"566\" \/>\n\t<meta property=\"og:image:type\" content=\"image\/png\" \/>\n<meta name=\"twitter:card\" content=\"summary_large_image\" \/>\n<script type=\"application\/ld+json\" class=\"yoast-schema-graph\">{\"@context\":\"https:\/\/schema.org\",\"@graph\":[{\"@type\":\"WebPage\",\"@id\":\"https:\/\/www.daisho.be\/it\/produit\/bavaglino-reversibile-adidas-bambino\/\",\"url\":\"https:\/\/www.daisho.be\/it\/produit\/bavaglino-reversibile-adidas-bambino\/\",\"name\":\"pettorina reversibile adidas &#8211; Daisho\",\"isPartOf\":{\"@id\":\"https:\/\/www.daisho.be\/it\/#website\"},\"primaryImageOfPage\":{\"@id\":\"https:\/\/www.daisho.be\/it\/produit\/bavaglino-reversibile-adidas-bambino\/#primaryimage\"},\"image\":{\"@id\":\"https:\/\/www.daisho.be\/it\/produit\/bavaglino-reversibile-adidas-bambino\/#primaryimage\"},\"thumbnailUrl\":\"https:\/\/www.daisho.be\/wp-content\/uploads\/2025\/09\/image-6.png\",\"datePublished\":\"2021-07-21T20:46:37+00:00\",\"dateModified\":\"2025-12-24T15:28:14+00:00\",\"description\":\"Scopri la protezione per il petto appositamente studiata per i tuoi bambini. Offre comfort e protezione. Acquistalo sul nostro sito www.daisho.be|Daisho\",\"breadcrumb\":{\"@id\":\"https:\/\/www.daisho.be\/it\/produit\/bavaglino-reversibile-adidas-bambino\/#breadcrumb\"},\"inLanguage\":\"it-IT\",\"potentialAction\":[{\"@type\":\"ReadAction\",\"target\":[\"https:\/\/www.daisho.be\/it\/produit\/bavaglino-reversibile-adidas-bambino\/\"]}]},{\"@type\":\"ImageObject\",\"inLanguage\":\"it-IT\",\"@id\":\"https:\/\/www.daisho.be\/it\/produit\/bavaglino-reversibile-adidas-bambino\/#primaryimage\",\"url\":\"https:\/\/www.daisho.be\/wp-content\/uploads\/2025\/09\/image-6.png\",\"contentUrl\":\"https:\/\/www.daisho.be\/wp-content\/uploads\/2025\/09\/image-6.png\",\"width\":589,\"height\":566,\"caption\":\"Pettorina reversibile adidas -1\"},{\"@type\":\"BreadcrumbList\",\"@id\":\"https:\/\/www.daisho.be\/it\/produit\/bavaglino-reversibile-adidas-bambino\/#breadcrumb\",\"itemListElement\":[{\"@type\":\"ListItem\",\"position\":1,\"name\":\"Accueil\",\"item\":\"https:\/\/www.daisho.be\/it\/\"},{\"@type\":\"ListItem\",\"position\":2,\"name\":\"Prodotti\",\"item\":\"https:\/\/www.daisho.be\/it\/prodotti\/\"},{\"@type\":\"ListItem\",\"position\":3,\"name\":\"Attrezzature e abbigliamento per arti marziali e sport da combattimento\",\"item\":\"https:\/\/www.daisho.be\/it\/categorie-produit\/attrezzature-e-abbigliamento-per-arti-marziali-e-sport-da-combattimento\/\"},{\"@type\":\"ListItem\",\"position\":4,\"name\":\"Taekwondo\",\"item\":\"https:\/\/www.daisho.be\/it\/categorie-produit\/attrezzature-e-abbigliamento-per-arti-marziali-e-sport-da-combattimento\/taekwondo-it-2\/\"},{\"@type\":\"ListItem\",\"position\":5,\"name\":\"Abbigliamento protettivo per il taekwondo\",\"item\":\"https:\/\/www.daisho.be\/it\/categorie-produit\/attrezzature-e-abbigliamento-per-arti-marziali-e-sport-da-combattimento\/taekwondo-it-2\/abbigliamento-protettivo-per-il-taekwondo\/\"},{\"@type\":\"ListItem\",\"position\":6,\"name\":\"pettorina reversibile adidas\"}]},{\"@type\":\"WebSite\",\"@id\":\"https:\/\/www.daisho.be\/it\/#website\",\"url\":\"https:\/\/www.daisho.be\/it\/\",\"name\":\"Daisho\",\"description\":\"Sp&eacute;cialiste de l'&eacute;quipement sportif d'arts martiaux\",\"publisher\":{\"@id\":\"https:\/\/www.daisho.be\/it\/#organization\"},\"potentialAction\":[{\"@type\":\"SearchAction\",\"target\":{\"@type\":\"EntryPoint\",\"urlTemplate\":\"https:\/\/www.daisho.be\/it\/?s={search_term_string}\"},\"query-input\":{\"@type\":\"PropertyValueSpecification\",\"valueRequired\":true,\"valueName\":\"search_term_string\"}}],\"inLanguage\":\"it-IT\"},{\"@type\":\"Organization\",\"@id\":\"https:\/\/www.daisho.be\/it\/#organization\",\"name\":\"Daisho\",\"url\":\"https:\/\/www.daisho.be\/it\/\",\"logo\":{\"@type\":\"ImageObject\",\"inLanguage\":\"it-IT\",\"@id\":\"https:\/\/www.daisho.be\/it\/#\/schema\/logo\/image\/\",\"url\":\"https:\/\/www.daisho.be\/wp-content\/uploads\/2019\/07\/color-nothing-horizontale4x-e1564486100247.png\",\"contentUrl\":\"https:\/\/www.daisho.be\/wp-content\/uploads\/2019\/07\/color-nothing-horizontale4x-e1564486100247.png\",\"width\":1547,\"height\":385,\"caption\":\"Daisho\"},\"image\":{\"@id\":\"https:\/\/www.daisho.be\/it\/#\/schema\/logo\/image\/\"}}]}<\/script>\n<!-- \/ Yoast SEO plugin. -->","yoast_head_json":{"title":"pettorina reversibile adidas &#8211; Daisho","description":"Scopri la protezione per il petto appositamente studiata per i tuoi bambini. Offre comfort e protezione. Acquistalo sul nostro sito www.daisho.be|Daisho","robots":{"index":"index","follow":"follow","max-snippet":"max-snippet:-1","max-image-preview":"max-image-preview:large","max-video-preview":"max-video-preview:-1"},"canonical":"https:\/\/www.daisho.be\/it\/produit\/bavaglino-reversibile-adidas-bambino\/","og_locale":"it_IT","og_type":"article","og_title":"pettorina reversibile adidas &#8211; Daisho","og_description":"Scopri la protezione per il petto appositamente studiata per i tuoi bambini. Offre comfort e protezione. Acquistalo sul nostro sito www.daisho.be|Daisho","og_url":"https:\/\/www.daisho.be\/it\/produit\/bavaglino-reversibile-adidas-bambino\/","og_site_name":"Daisho","article_modified_time":"2025-12-24T15:28:14+00:00","og_image":[{"width":589,"height":566,"url":"https:\/\/www.daisho.be\/wp-content\/uploads\/2025\/09\/image-6.png","type":"image\/png"}],"twitter_card":"summary_large_image","schema":{"@context":"https:\/\/schema.org","@graph":[{"@type":"WebPage","@id":"https:\/\/www.daisho.be\/it\/produit\/bavaglino-reversibile-adidas-bambino\/","url":"https:\/\/www.daisho.be\/it\/produit\/bavaglino-reversibile-adidas-bambino\/","name":"pettorina reversibile adidas &#8211; Daisho","isPartOf":{"@id":"https:\/\/www.daisho.be\/it\/#website"},"primaryImageOfPage":{"@id":"https:\/\/www.daisho.be\/it\/produit\/bavaglino-reversibile-adidas-bambino\/#primaryimage"},"image":{"@id":"https:\/\/www.daisho.be\/it\/produit\/bavaglino-reversibile-adidas-bambino\/#primaryimage"},"thumbnailUrl":"https:\/\/www.daisho.be\/wp-content\/uploads\/2025\/09\/image-6.png","datePublished":"2021-07-21T20:46:37+00:00","dateModified":"2025-12-24T15:28:14+00:00","description":"Scopri la protezione per il petto appositamente studiata per i tuoi bambini. Offre comfort e protezione. Acquistalo sul nostro sito www.daisho.be|Daisho","breadcrumb":{"@id":"https:\/\/www.daisho.be\/it\/produit\/bavaglino-reversibile-adidas-bambino\/#breadcrumb"},"inLanguage":"it-IT","potentialAction":[{"@type":"ReadAction","target":["https:\/\/www.daisho.be\/it\/produit\/bavaglino-reversibile-adidas-bambino\/"]}]},{"@type":"ImageObject","inLanguage":"it-IT","@id":"https:\/\/www.daisho.be\/it\/produit\/bavaglino-reversibile-adidas-bambino\/#primaryimage","url":"https:\/\/www.daisho.be\/wp-content\/uploads\/2025\/09\/image-6.png","contentUrl":"https:\/\/www.daisho.be\/wp-content\/uploads\/2025\/09\/image-6.png","width":589,"height":566,"caption":"Pettorina reversibile adidas -1"},{"@type":"BreadcrumbList","@id":"https:\/\/www.daisho.be\/it\/produit\/bavaglino-reversibile-adidas-bambino\/#breadcrumb","itemListElement":[{"@type":"ListItem","position":1,"name":"Accueil","item":"https:\/\/www.daisho.be\/it\/"},{"@type":"ListItem","position":2,"name":"Prodotti","item":"https:\/\/www.daisho.be\/it\/prodotti\/"},{"@type":"ListItem","position":3,"name":"Attrezzature e abbigliamento per arti marziali e sport da combattimento","item":"https:\/\/www.daisho.be\/it\/categorie-produit\/attrezzature-e-abbigliamento-per-arti-marziali-e-sport-da-combattimento\/"},{"@type":"ListItem","position":4,"name":"Taekwondo","item":"https:\/\/www.daisho.be\/it\/categorie-produit\/attrezzature-e-abbigliamento-per-arti-marziali-e-sport-da-combattimento\/taekwondo-it-2\/"},{"@type":"ListItem","position":5,"name":"Abbigliamento protettivo per il taekwondo","item":"https:\/\/www.daisho.be\/it\/categorie-produit\/attrezzature-e-abbigliamento-per-arti-marziali-e-sport-da-combattimento\/taekwondo-it-2\/abbigliamento-protettivo-per-il-taekwondo\/"},{"@type":"ListItem","position":6,"name":"pettorina reversibile adidas"}]},{"@type":"WebSite","@id":"https:\/\/www.daisho.be\/it\/#website","url":"https:\/\/www.daisho.be\/it\/","name":"Daisho","description":"Sp&eacute;cialiste de l'&eacute;quipement sportif d'arts martiaux","publisher":{"@id":"https:\/\/www.daisho.be\/it\/#organization"},"potentialAction":[{"@type":"SearchAction","target":{"@type":"EntryPoint","urlTemplate":"https:\/\/www.daisho.be\/it\/?s={search_term_string}"},"query-input":{"@type":"PropertyValueSpecification","valueRequired":true,"valueName":"search_term_string"}}],"inLanguage":"it-IT"},{"@type":"Organization","@id":"https:\/\/www.daisho.be\/it\/#organization","name":"Daisho","url":"https:\/\/www.daisho.be\/it\/","logo":{"@type":"ImageObject","inLanguage":"it-IT","@id":"https:\/\/www.daisho.be\/it\/#\/schema\/logo\/image\/","url":"https:\/\/www.daisho.be\/wp-content\/uploads\/2019\/07\/color-nothing-horizontale4x-e1564486100247.png","contentUrl":"https:\/\/www.daisho.be\/wp-content\/uploads\/2019\/07\/color-nothing-horizontale4x-e1564486100247.png","width":1547,"height":385,"caption":"Daisho"},"image":{"@id":"https:\/\/www.daisho.be\/it\/#\/schema\/logo\/image\/"}}]}},"_links":{"self":[{"href":"https:\/\/www.daisho.be\/it\/wp-json\/wp\/v2\/product\/455984","targetHints":{"allow":["GET"]}}],"collection":[{"href":"https:\/\/www.daisho.be\/it\/wp-json\/wp\/v2\/product"}],"about":[{"href":"https:\/\/www.daisho.be\/it\/wp-json\/wp\/v2\/types\/product"}],"replies":[{"embeddable":true,"href":"https:\/\/www.daisho.be\/it\/wp-json\/wp\/v2\/comments?post=455984"}],"wp:featuredmedia":[{"embeddable":true,"href":"https:\/\/www.daisho.be\/it\/wp-json\/wp\/v2\/media\/553443"}],"wp:attachment":[{"href":"https:\/\/www.daisho.be\/it\/wp-json\/wp\/v2\/media?parent=455984"}],"wp:term":[{"taxonomy":"product_brand","embeddable":true,"href":"https:\/\/www.daisho.be\/it\/wp-json\/wp\/v2\/product_brand?post=455984"},{"taxonomy":"product_cat","embeddable":true,"href":"https:\/\/www.daisho.be\/it\/wp-json\/wp\/v2\/product_cat?post=455984"},{"taxonomy":"product_tag","embeddable":true,"href":"https:\/\/www.daisho.be\/it\/wp-json\/wp\/v2\/product_tag?post=455984"},{"taxonomy":"sport","embeddable":true,"href":"https:\/\/www.daisho.be\/it\/wp-json\/wp\/v2\/sport?post=455984"}],"curies":[{"name":"wp","href":"https:\/\/api.w.org\/{rel}","templated":true}]}}