{"id":455949,"date":"2021-07-21T22:45:57","date_gmt":"2021-07-21T20:45:57","guid":{"rendered":"https:\/\/www.daisho.be\/produit\/pettorina-reversibile-adidas-adulto\/"},"modified":"2025-10-09T14:13:10","modified_gmt":"2025-10-09T12:13:10","slug":"pettorina-reversibile-adidas-adulto","status":"publish","type":"product","link":"https:\/\/www.daisho.be\/it\/produit\/pettorina-reversibile-adidas-adulto\/","title":{"rendered":"Pettorina reversibile Adidas Adulto"},"content":{"rendered":"<p>La pettorina adidas per adulti.<br \/>\nQuesta pettorina reversibile ha una forma anatomica per una vestibilit\u00e0 perfetta ed \u00e8 dotata di spalline extra per la protezione necessaria. La pettorina ha un lato rosso e uno blu e pu\u00f2 essere girata al contrario. La pettorina \u00e8 dotata di un&#8217;allacciatura speciale sul retro per una vestibilit\u00e0 perfetta.<\/p>\n<p> La protezione per il petto \u00e8 realizzata in PU, molto comoda da usare e molto resistente. La protezione per il petto \u00e8 approvata dalla WTF. Vantaggi: &#8211; Buon assorbimento degli urti &#8211; Approvata dalla WTF &#8211; Vestibilit\u00e0 perfetta grazie all&#8217;allacciatura &#8211; Dotata del logo adidas &#8211; Design anatomico   <\/p>\n","protected":false},"excerpt":{"rendered":"<p>La pettorina adidas per adulti. Questa pettorina reversibile ha una forma anatomica per una vestibilit\u00e0 perfetta ed \u00e8 dotata di spalline extra per la protezione necessaria. La pettorina ha un lato rosso e uno blu e pu\u00f2 essere girata al contrario. La pettorina \u00e8 dotata di un&#8217;allacciatura speciale sul retro per una vestibilit\u00e0 perfetta. La [&hellip;]<\/p>\n","protected":false},"featured_media":455958,"comment_status":"open","ping_status":"closed","template":"","meta":{"inline_featured_image":false},"product_brand":[],"product_cat":[2074,2045,2181],"product_tag":[2176],"sport":[],"class_list":{"0":"post-455949","1":"product","2":"type-product","3":"status-publish","4":"has-post-thumbnail","6":"product_cat-abbigliamento-protettivo-per-il-taekwondo","7":"product_cat-protezioni","8":"product_cat-protezioni-adidas-taekwondo","9":"product_tag-adidas-it","10":"pa_size-l","11":"pa_size-m","12":"pa_size-s","13":"pa_size-xl","14":"pa_size-xs","15":"pa_size-xxl","17":"first","18":"instock","19":"taxable","20":"shipping-taxable","21":"purchasable","22":"product-type-variable"},"yoast_head":"<!-- This site is optimized with the Yoast SEO plugin v27.2 - https:\/\/yoast.com\/product\/yoast-seo-wordpress\/ -->\n<title>Pettorina reversibile Adidas Adulto &#8211; Daisho<\/title>\n<meta name=\"description\" content=\"Scopri il bavaglino reversibile appositamente progettato per gli adulti. Offre protezione e comfort ottimali. Acquistalo su www.daisho.be\" \/>\n<meta name=\"robots\" content=\"index, follow, max-snippet:-1, max-image-preview:large, max-video-preview:-1\" \/>\n<link rel=\"canonical\" href=\"https:\/\/www.daisho.be\/it\/produit\/pettorina-reversibile-adidas-adulto\/\" \/>\n<meta property=\"og:locale\" content=\"it_IT\" \/>\n<meta property=\"og:type\" content=\"article\" \/>\n<meta property=\"og:title\" content=\"Pettorina reversibile Adidas Adulto &#8211; Daisho\" \/>\n<meta property=\"og:description\" content=\"Scopri il bavaglino reversibile appositamente progettato per gli adulti. Offre protezione e comfort ottimali. Acquistalo su www.daisho.be\" \/>\n<meta property=\"og:url\" content=\"https:\/\/www.daisho.be\/it\/produit\/pettorina-reversibile-adidas-adulto\/\" \/>\n<meta property=\"og:site_name\" content=\"Daisho\" \/>\n<meta property=\"article:modified_time\" content=\"2025-10-09T12:13:10+00:00\" \/>\n<meta property=\"og:image\" content=\"https:\/\/www.daisho.be\/wp-content\/uploads\/2024\/07\/image-17.jpg\" \/>\n\t<meta property=\"og:image:width\" content=\"650\" \/>\n\t<meta property=\"og:image:height\" content=\"650\" \/>\n\t<meta property=\"og:image:type\" content=\"image\/jpeg\" \/>\n<meta name=\"twitter:card\" content=\"summary_large_image\" \/>\n<script type=\"application\/ld+json\" class=\"yoast-schema-graph\">{\"@context\":\"https:\/\/schema.org\",\"@graph\":[{\"@type\":\"WebPage\",\"@id\":\"https:\/\/www.daisho.be\/it\/produit\/pettorina-reversibile-adidas-adulto\/\",\"url\":\"https:\/\/www.daisho.be\/it\/produit\/pettorina-reversibile-adidas-adulto\/\",\"name\":\"Pettorina reversibile Adidas Adulto &#8211; Daisho\",\"isPartOf\":{\"@id\":\"https:\/\/www.daisho.be\/it\/#website\"},\"primaryImageOfPage\":{\"@id\":\"https:\/\/www.daisho.be\/it\/produit\/pettorina-reversibile-adidas-adulto\/#primaryimage\"},\"image\":{\"@id\":\"https:\/\/www.daisho.be\/it\/produit\/pettorina-reversibile-adidas-adulto\/#primaryimage\"},\"thumbnailUrl\":\"https:\/\/www.daisho.be\/wp-content\/uploads\/2024\/07\/image-17.jpg\",\"datePublished\":\"2021-07-21T20:45:57+00:00\",\"dateModified\":\"2025-10-09T12:13:10+00:00\",\"description\":\"Scopri il bavaglino reversibile appositamente progettato per gli adulti. Offre protezione e comfort ottimali. Acquistalo su www.daisho.be\",\"breadcrumb\":{\"@id\":\"https:\/\/www.daisho.be\/it\/produit\/pettorina-reversibile-adidas-adulto\/#breadcrumb\"},\"inLanguage\":\"it-IT\",\"potentialAction\":[{\"@type\":\"ReadAction\",\"target\":[\"https:\/\/www.daisho.be\/it\/produit\/pettorina-reversibile-adidas-adulto\/\"]}]},{\"@type\":\"ImageObject\",\"inLanguage\":\"it-IT\",\"@id\":\"https:\/\/www.daisho.be\/it\/produit\/pettorina-reversibile-adidas-adulto\/#primaryimage\",\"url\":\"https:\/\/www.daisho.be\/wp-content\/uploads\/2024\/07\/image-17.jpg\",\"contentUrl\":\"https:\/\/www.daisho.be\/wp-content\/uploads\/2024\/07\/image-17.jpg\",\"width\":650,\"height\":650,\"caption\":\"Bavaglino reversibile adidas Adulto-1\"},{\"@type\":\"BreadcrumbList\",\"@id\":\"https:\/\/www.daisho.be\/it\/produit\/pettorina-reversibile-adidas-adulto\/#breadcrumb\",\"itemListElement\":[{\"@type\":\"ListItem\",\"position\":1,\"name\":\"Accueil\",\"item\":\"https:\/\/www.daisho.be\/it\/\"},{\"@type\":\"ListItem\",\"position\":2,\"name\":\"Prodotti\",\"item\":\"https:\/\/www.daisho.be\/it\/prodotti\/\"},{\"@type\":\"ListItem\",\"position\":3,\"name\":\"Attrezzature e abbigliamento per arti marziali e sport da combattimento\",\"item\":\"https:\/\/www.daisho.be\/it\/categorie-produit\/attrezzature-e-abbigliamento-per-arti-marziali-e-sport-da-combattimento\/\"},{\"@type\":\"ListItem\",\"position\":4,\"name\":\"Taekwondo\",\"item\":\"https:\/\/www.daisho.be\/it\/categorie-produit\/attrezzature-e-abbigliamento-per-arti-marziali-e-sport-da-combattimento\/taekwondo-it-2\/\"},{\"@type\":\"ListItem\",\"position\":5,\"name\":\"Abbigliamento protettivo per il taekwondo\",\"item\":\"https:\/\/www.daisho.be\/it\/categorie-produit\/attrezzature-e-abbigliamento-per-arti-marziali-e-sport-da-combattimento\/taekwondo-it-2\/abbigliamento-protettivo-per-il-taekwondo\/\"},{\"@type\":\"ListItem\",\"position\":6,\"name\":\"Pettorina reversibile Adidas Adulto\"}]},{\"@type\":\"WebSite\",\"@id\":\"https:\/\/www.daisho.be\/it\/#website\",\"url\":\"https:\/\/www.daisho.be\/it\/\",\"name\":\"Daisho\",\"description\":\"Sp&eacute;cialiste de l'&eacute;quipement sportif d'arts martiaux\",\"publisher\":{\"@id\":\"https:\/\/www.daisho.be\/it\/#organization\"},\"potentialAction\":[{\"@type\":\"SearchAction\",\"target\":{\"@type\":\"EntryPoint\",\"urlTemplate\":\"https:\/\/www.daisho.be\/it\/?s={search_term_string}\"},\"query-input\":{\"@type\":\"PropertyValueSpecification\",\"valueRequired\":true,\"valueName\":\"search_term_string\"}}],\"inLanguage\":\"it-IT\"},{\"@type\":\"Organization\",\"@id\":\"https:\/\/www.daisho.be\/it\/#organization\",\"name\":\"Daisho\",\"url\":\"https:\/\/www.daisho.be\/it\/\",\"logo\":{\"@type\":\"ImageObject\",\"inLanguage\":\"it-IT\",\"@id\":\"https:\/\/www.daisho.be\/it\/#\/schema\/logo\/image\/\",\"url\":\"https:\/\/www.daisho.be\/wp-content\/uploads\/2019\/07\/color-nothing-horizontale4x-e1564486100247.png\",\"contentUrl\":\"https:\/\/www.daisho.be\/wp-content\/uploads\/2019\/07\/color-nothing-horizontale4x-e1564486100247.png\",\"width\":1547,\"height\":385,\"caption\":\"Daisho\"},\"image\":{\"@id\":\"https:\/\/www.daisho.be\/it\/#\/schema\/logo\/image\/\"}}]}<\/script>\n<!-- \/ Yoast SEO plugin. -->","yoast_head_json":{"title":"Pettorina reversibile Adidas Adulto &#8211; Daisho","description":"Scopri il bavaglino reversibile appositamente progettato per gli adulti. Offre protezione e comfort ottimali. Acquistalo su www.daisho.be","robots":{"index":"index","follow":"follow","max-snippet":"max-snippet:-1","max-image-preview":"max-image-preview:large","max-video-preview":"max-video-preview:-1"},"canonical":"https:\/\/www.daisho.be\/it\/produit\/pettorina-reversibile-adidas-adulto\/","og_locale":"it_IT","og_type":"article","og_title":"Pettorina reversibile Adidas Adulto &#8211; Daisho","og_description":"Scopri il bavaglino reversibile appositamente progettato per gli adulti. Offre protezione e comfort ottimali. Acquistalo su www.daisho.be","og_url":"https:\/\/www.daisho.be\/it\/produit\/pettorina-reversibile-adidas-adulto\/","og_site_name":"Daisho","article_modified_time":"2025-10-09T12:13:10+00:00","og_image":[{"width":650,"height":650,"url":"https:\/\/www.daisho.be\/wp-content\/uploads\/2024\/07\/image-17.jpg","type":"image\/jpeg"}],"twitter_card":"summary_large_image","schema":{"@context":"https:\/\/schema.org","@graph":[{"@type":"WebPage","@id":"https:\/\/www.daisho.be\/it\/produit\/pettorina-reversibile-adidas-adulto\/","url":"https:\/\/www.daisho.be\/it\/produit\/pettorina-reversibile-adidas-adulto\/","name":"Pettorina reversibile Adidas Adulto &#8211; Daisho","isPartOf":{"@id":"https:\/\/www.daisho.be\/it\/#website"},"primaryImageOfPage":{"@id":"https:\/\/www.daisho.be\/it\/produit\/pettorina-reversibile-adidas-adulto\/#primaryimage"},"image":{"@id":"https:\/\/www.daisho.be\/it\/produit\/pettorina-reversibile-adidas-adulto\/#primaryimage"},"thumbnailUrl":"https:\/\/www.daisho.be\/wp-content\/uploads\/2024\/07\/image-17.jpg","datePublished":"2021-07-21T20:45:57+00:00","dateModified":"2025-10-09T12:13:10+00:00","description":"Scopri il bavaglino reversibile appositamente progettato per gli adulti. Offre protezione e comfort ottimali. Acquistalo su www.daisho.be","breadcrumb":{"@id":"https:\/\/www.daisho.be\/it\/produit\/pettorina-reversibile-adidas-adulto\/#breadcrumb"},"inLanguage":"it-IT","potentialAction":[{"@type":"ReadAction","target":["https:\/\/www.daisho.be\/it\/produit\/pettorina-reversibile-adidas-adulto\/"]}]},{"@type":"ImageObject","inLanguage":"it-IT","@id":"https:\/\/www.daisho.be\/it\/produit\/pettorina-reversibile-adidas-adulto\/#primaryimage","url":"https:\/\/www.daisho.be\/wp-content\/uploads\/2024\/07\/image-17.jpg","contentUrl":"https:\/\/www.daisho.be\/wp-content\/uploads\/2024\/07\/image-17.jpg","width":650,"height":650,"caption":"Bavaglino reversibile adidas Adulto-1"},{"@type":"BreadcrumbList","@id":"https:\/\/www.daisho.be\/it\/produit\/pettorina-reversibile-adidas-adulto\/#breadcrumb","itemListElement":[{"@type":"ListItem","position":1,"name":"Accueil","item":"https:\/\/www.daisho.be\/it\/"},{"@type":"ListItem","position":2,"name":"Prodotti","item":"https:\/\/www.daisho.be\/it\/prodotti\/"},{"@type":"ListItem","position":3,"name":"Attrezzature e abbigliamento per arti marziali e sport da combattimento","item":"https:\/\/www.daisho.be\/it\/categorie-produit\/attrezzature-e-abbigliamento-per-arti-marziali-e-sport-da-combattimento\/"},{"@type":"ListItem","position":4,"name":"Taekwondo","item":"https:\/\/www.daisho.be\/it\/categorie-produit\/attrezzature-e-abbigliamento-per-arti-marziali-e-sport-da-combattimento\/taekwondo-it-2\/"},{"@type":"ListItem","position":5,"name":"Abbigliamento protettivo per il taekwondo","item":"https:\/\/www.daisho.be\/it\/categorie-produit\/attrezzature-e-abbigliamento-per-arti-marziali-e-sport-da-combattimento\/taekwondo-it-2\/abbigliamento-protettivo-per-il-taekwondo\/"},{"@type":"ListItem","position":6,"name":"Pettorina reversibile Adidas Adulto"}]},{"@type":"WebSite","@id":"https:\/\/www.daisho.be\/it\/#website","url":"https:\/\/www.daisho.be\/it\/","name":"Daisho","description":"Sp&eacute;cialiste de l'&eacute;quipement sportif d'arts martiaux","publisher":{"@id":"https:\/\/www.daisho.be\/it\/#organization"},"potentialAction":[{"@type":"SearchAction","target":{"@type":"EntryPoint","urlTemplate":"https:\/\/www.daisho.be\/it\/?s={search_term_string}"},"query-input":{"@type":"PropertyValueSpecification","valueRequired":true,"valueName":"search_term_string"}}],"inLanguage":"it-IT"},{"@type":"Organization","@id":"https:\/\/www.daisho.be\/it\/#organization","name":"Daisho","url":"https:\/\/www.daisho.be\/it\/","logo":{"@type":"ImageObject","inLanguage":"it-IT","@id":"https:\/\/www.daisho.be\/it\/#\/schema\/logo\/image\/","url":"https:\/\/www.daisho.be\/wp-content\/uploads\/2019\/07\/color-nothing-horizontale4x-e1564486100247.png","contentUrl":"https:\/\/www.daisho.be\/wp-content\/uploads\/2019\/07\/color-nothing-horizontale4x-e1564486100247.png","width":1547,"height":385,"caption":"Daisho"},"image":{"@id":"https:\/\/www.daisho.be\/it\/#\/schema\/logo\/image\/"}}]}},"_links":{"self":[{"href":"https:\/\/www.daisho.be\/it\/wp-json\/wp\/v2\/product\/455949","targetHints":{"allow":["GET"]}}],"collection":[{"href":"https:\/\/www.daisho.be\/it\/wp-json\/wp\/v2\/product"}],"about":[{"href":"https:\/\/www.daisho.be\/it\/wp-json\/wp\/v2\/types\/product"}],"replies":[{"embeddable":true,"href":"https:\/\/www.daisho.be\/it\/wp-json\/wp\/v2\/comments?post=455949"}],"wp:featuredmedia":[{"embeddable":true,"href":"https:\/\/www.daisho.be\/it\/wp-json\/wp\/v2\/media\/455958"}],"wp:attachment":[{"href":"https:\/\/www.daisho.be\/it\/wp-json\/wp\/v2\/media?parent=455949"}],"wp:term":[{"taxonomy":"product_brand","embeddable":true,"href":"https:\/\/www.daisho.be\/it\/wp-json\/wp\/v2\/product_brand?post=455949"},{"taxonomy":"product_cat","embeddable":true,"href":"https:\/\/www.daisho.be\/it\/wp-json\/wp\/v2\/product_cat?post=455949"},{"taxonomy":"product_tag","embeddable":true,"href":"https:\/\/www.daisho.be\/it\/wp-json\/wp\/v2\/product_tag?post=455949"},{"taxonomy":"sport","embeddable":true,"href":"https:\/\/www.daisho.be\/it\/wp-json\/wp\/v2\/sport?post=455949"}],"curies":[{"name":"wp","href":"https:\/\/api.w.org\/{rel}","templated":true}]}}