{"id":455911,"date":"2021-07-22T13:33:28","date_gmt":"2021-07-22T11:33:28","guid":{"rendered":"https:\/\/www.daisho.be\/produit\/canotta-adidas-essential-nero\/"},"modified":"2025-10-09T14:12:48","modified_gmt":"2025-10-09T12:12:48","slug":"canotta-adidas-essential-nero","status":"publish","type":"product","link":"https:\/\/www.daisho.be\/it\/produit\/canotta-adidas-essential-nero\/","title":{"rendered":"Canotta adidas Essential Nero"},"content":{"rendered":"<p>Canotta adidas realizzata per l&#8217;83% in poliestere e per il 17% in lycra. Grazie alla sua composizione, la canotta aderisce perfettamente al corpo e mantiene i muscoli caldi.<x id=\"gid_1\"><\/x><x id=\"gid_2\"><\/x>La tecnologia ClimaLite assorbe il sudore e lo trasporta all&#8217;esterno. La canotta ha il collo rotondo.<\/p>\n<p> La particolarit\u00e0 di questa canotta \u00e8 la protezione UV (fattore 50+). Questa canotta \u00e8 adatta alle donne e pu\u00f2 essere indossata per la maggior parte degli sport. Vantaggi: &#8211; Tecnologia ClimaLite &#8211; stimola la circolazione sanguigna &#8211; Protezione UV 50+.  <\/p>\n","protected":false},"excerpt":{"rendered":"<p>Canotta adidas realizzata per l&#8217;83% in poliestere e per il 17% in lycra. Grazie alla sua composizione, la canotta aderisce perfettamente al corpo e mantiene i muscoli caldi.La tecnologia ClimaLite assorbe il sudore e lo trasporta all&#8217;esterno. La canotta ha il collo rotondo. La particolarit\u00e0 di questa canotta \u00e8 la protezione UV (fattore 50+). Questa [&hellip;]<\/p>\n","protected":false},"featured_media":455916,"comment_status":"open","ping_status":"closed","template":"","meta":{"inline_featured_image":false},"product_brand":[],"product_cat":[2285],"product_tag":[2176],"sport":[],"class_list":{"0":"post-455911","1":"product","2":"type-product","3":"status-publish","4":"has-post-thumbnail","6":"product_cat-abbigliamento-da-boxe-adidas","7":"product_tag-adidas-it","8":"pa_size-l","9":"pa_size-xl","11":"first","12":"instock","13":"taxable","14":"shipping-taxable","15":"purchasable","16":"product-type-variable"},"yoast_head":"<!-- This site is optimized with the Yoast SEO plugin v27.2 - https:\/\/yoast.com\/product\/yoast-seo-wordpress\/ -->\n<title>Canotta adidas Essential Nero &#8211; Daisho<\/title>\n<meta name=\"description\" content=\"Scopri la canotta Adidas che unisce comfort e stile per i tuoi allenamenti quotidiani. Acquistala su www.daisho.be|Daisho\" \/>\n<meta name=\"robots\" content=\"index, follow, max-snippet:-1, max-image-preview:large, max-video-preview:-1\" \/>\n<link rel=\"canonical\" href=\"https:\/\/www.daisho.be\/it\/produit\/canotta-adidas-essential-nero\/\" \/>\n<meta property=\"og:locale\" content=\"it_IT\" \/>\n<meta property=\"og:type\" content=\"article\" \/>\n<meta property=\"og:title\" content=\"Canotta adidas Essential Nero &#8211; Daisho\" \/>\n<meta property=\"og:description\" content=\"Scopri la canotta Adidas che unisce comfort e stile per i tuoi allenamenti quotidiani. Acquistala su www.daisho.be|Daisho\" \/>\n<meta property=\"og:url\" content=\"https:\/\/www.daisho.be\/it\/produit\/canotta-adidas-essential-nero\/\" \/>\n<meta property=\"og:site_name\" content=\"Daisho\" \/>\n<meta property=\"article:modified_time\" content=\"2025-10-09T12:12:48+00:00\" \/>\n<meta property=\"og:image\" content=\"https:\/\/www.daisho.be\/wp-content\/uploads\/2023\/12\/image-23.jpg\" \/>\n\t<meta property=\"og:image:width\" content=\"650\" \/>\n\t<meta property=\"og:image:height\" content=\"650\" \/>\n\t<meta property=\"og:image:type\" content=\"image\/jpeg\" \/>\n<meta name=\"twitter:card\" content=\"summary_large_image\" \/>\n<script type=\"application\/ld+json\" class=\"yoast-schema-graph\">{\"@context\":\"https:\/\/schema.org\",\"@graph\":[{\"@type\":\"WebPage\",\"@id\":\"https:\/\/www.daisho.be\/it\/produit\/canotta-adidas-essential-nero\/\",\"url\":\"https:\/\/www.daisho.be\/it\/produit\/canotta-adidas-essential-nero\/\",\"name\":\"Canotta adidas Essential Nero &#8211; Daisho\",\"isPartOf\":{\"@id\":\"https:\/\/www.daisho.be\/it\/#website\"},\"primaryImageOfPage\":{\"@id\":\"https:\/\/www.daisho.be\/it\/produit\/canotta-adidas-essential-nero\/#primaryimage\"},\"image\":{\"@id\":\"https:\/\/www.daisho.be\/it\/produit\/canotta-adidas-essential-nero\/#primaryimage\"},\"thumbnailUrl\":\"https:\/\/www.daisho.be\/wp-content\/uploads\/2023\/12\/image-23.jpg\",\"datePublished\":\"2021-07-22T11:33:28+00:00\",\"dateModified\":\"2025-10-09T12:12:48+00:00\",\"description\":\"Scopri la canotta Adidas che unisce comfort e stile per i tuoi allenamenti quotidiani. Acquistala su www.daisho.be|Daisho\",\"breadcrumb\":{\"@id\":\"https:\/\/www.daisho.be\/it\/produit\/canotta-adidas-essential-nero\/#breadcrumb\"},\"inLanguage\":\"it-IT\",\"potentialAction\":[{\"@type\":\"ReadAction\",\"target\":[\"https:\/\/www.daisho.be\/it\/produit\/canotta-adidas-essential-nero\/\"]}]},{\"@type\":\"ImageObject\",\"inLanguage\":\"it-IT\",\"@id\":\"https:\/\/www.daisho.be\/it\/produit\/canotta-adidas-essential-nero\/#primaryimage\",\"url\":\"https:\/\/www.daisho.be\/wp-content\/uploads\/2023\/12\/image-23.jpg\",\"contentUrl\":\"https:\/\/www.daisho.be\/wp-content\/uploads\/2023\/12\/image-23.jpg\",\"width\":650,\"height\":650,\"caption\":\"Canotta adidas Essential Nero-1\"},{\"@type\":\"BreadcrumbList\",\"@id\":\"https:\/\/www.daisho.be\/it\/produit\/canotta-adidas-essential-nero\/#breadcrumb\",\"itemListElement\":[{\"@type\":\"ListItem\",\"position\":1,\"name\":\"Accueil\",\"item\":\"https:\/\/www.daisho.be\/it\/\"},{\"@type\":\"ListItem\",\"position\":2,\"name\":\"Prodotti\",\"item\":\"https:\/\/www.daisho.be\/it\/prodotti\/\"},{\"@type\":\"ListItem\",\"position\":3,\"name\":\"ADIDAS SPORT DA COMBATTIMENTO\",\"item\":\"https:\/\/www.daisho.be\/it\/categorie-produit\/adidas-sport-da-combattimento\/\"},{\"@type\":\"ListItem\",\"position\":4,\"name\":\"Boxe\",\"item\":\"https:\/\/www.daisho.be\/it\/categorie-produit\/adidas-sport-da-combattimento\/boxe-it\/\"},{\"@type\":\"ListItem\",\"position\":5,\"name\":\"Abbigliamento da boxe Adidas\",\"item\":\"https:\/\/www.daisho.be\/it\/categorie-produit\/adidas-sport-da-combattimento\/boxe-it\/abbigliamento-da-boxe-adidas\/\"},{\"@type\":\"ListItem\",\"position\":6,\"name\":\"Canotta adidas Essential Nero\"}]},{\"@type\":\"WebSite\",\"@id\":\"https:\/\/www.daisho.be\/it\/#website\",\"url\":\"https:\/\/www.daisho.be\/it\/\",\"name\":\"Daisho\",\"description\":\"Sp&eacute;cialiste de l'&eacute;quipement sportif d'arts martiaux\",\"publisher\":{\"@id\":\"https:\/\/www.daisho.be\/it\/#organization\"},\"potentialAction\":[{\"@type\":\"SearchAction\",\"target\":{\"@type\":\"EntryPoint\",\"urlTemplate\":\"https:\/\/www.daisho.be\/it\/?s={search_term_string}\"},\"query-input\":{\"@type\":\"PropertyValueSpecification\",\"valueRequired\":true,\"valueName\":\"search_term_string\"}}],\"inLanguage\":\"it-IT\"},{\"@type\":\"Organization\",\"@id\":\"https:\/\/www.daisho.be\/it\/#organization\",\"name\":\"Daisho\",\"url\":\"https:\/\/www.daisho.be\/it\/\",\"logo\":{\"@type\":\"ImageObject\",\"inLanguage\":\"it-IT\",\"@id\":\"https:\/\/www.daisho.be\/it\/#\/schema\/logo\/image\/\",\"url\":\"https:\/\/www.daisho.be\/wp-content\/uploads\/2019\/07\/color-nothing-horizontale4x-e1564486100247.png\",\"contentUrl\":\"https:\/\/www.daisho.be\/wp-content\/uploads\/2019\/07\/color-nothing-horizontale4x-e1564486100247.png\",\"width\":1547,\"height\":385,\"caption\":\"Daisho\"},\"image\":{\"@id\":\"https:\/\/www.daisho.be\/it\/#\/schema\/logo\/image\/\"}}]}<\/script>\n<!-- \/ Yoast SEO plugin. -->","yoast_head_json":{"title":"Canotta adidas Essential Nero &#8211; Daisho","description":"Scopri la canotta Adidas che unisce comfort e stile per i tuoi allenamenti quotidiani. Acquistala su www.daisho.be|Daisho","robots":{"index":"index","follow":"follow","max-snippet":"max-snippet:-1","max-image-preview":"max-image-preview:large","max-video-preview":"max-video-preview:-1"},"canonical":"https:\/\/www.daisho.be\/it\/produit\/canotta-adidas-essential-nero\/","og_locale":"it_IT","og_type":"article","og_title":"Canotta adidas Essential Nero &#8211; Daisho","og_description":"Scopri la canotta Adidas che unisce comfort e stile per i tuoi allenamenti quotidiani. Acquistala su www.daisho.be|Daisho","og_url":"https:\/\/www.daisho.be\/it\/produit\/canotta-adidas-essential-nero\/","og_site_name":"Daisho","article_modified_time":"2025-10-09T12:12:48+00:00","og_image":[{"width":650,"height":650,"url":"https:\/\/www.daisho.be\/wp-content\/uploads\/2023\/12\/image-23.jpg","type":"image\/jpeg"}],"twitter_card":"summary_large_image","schema":{"@context":"https:\/\/schema.org","@graph":[{"@type":"WebPage","@id":"https:\/\/www.daisho.be\/it\/produit\/canotta-adidas-essential-nero\/","url":"https:\/\/www.daisho.be\/it\/produit\/canotta-adidas-essential-nero\/","name":"Canotta adidas Essential Nero &#8211; Daisho","isPartOf":{"@id":"https:\/\/www.daisho.be\/it\/#website"},"primaryImageOfPage":{"@id":"https:\/\/www.daisho.be\/it\/produit\/canotta-adidas-essential-nero\/#primaryimage"},"image":{"@id":"https:\/\/www.daisho.be\/it\/produit\/canotta-adidas-essential-nero\/#primaryimage"},"thumbnailUrl":"https:\/\/www.daisho.be\/wp-content\/uploads\/2023\/12\/image-23.jpg","datePublished":"2021-07-22T11:33:28+00:00","dateModified":"2025-10-09T12:12:48+00:00","description":"Scopri la canotta Adidas che unisce comfort e stile per i tuoi allenamenti quotidiani. Acquistala su www.daisho.be|Daisho","breadcrumb":{"@id":"https:\/\/www.daisho.be\/it\/produit\/canotta-adidas-essential-nero\/#breadcrumb"},"inLanguage":"it-IT","potentialAction":[{"@type":"ReadAction","target":["https:\/\/www.daisho.be\/it\/produit\/canotta-adidas-essential-nero\/"]}]},{"@type":"ImageObject","inLanguage":"it-IT","@id":"https:\/\/www.daisho.be\/it\/produit\/canotta-adidas-essential-nero\/#primaryimage","url":"https:\/\/www.daisho.be\/wp-content\/uploads\/2023\/12\/image-23.jpg","contentUrl":"https:\/\/www.daisho.be\/wp-content\/uploads\/2023\/12\/image-23.jpg","width":650,"height":650,"caption":"Canotta adidas Essential Nero-1"},{"@type":"BreadcrumbList","@id":"https:\/\/www.daisho.be\/it\/produit\/canotta-adidas-essential-nero\/#breadcrumb","itemListElement":[{"@type":"ListItem","position":1,"name":"Accueil","item":"https:\/\/www.daisho.be\/it\/"},{"@type":"ListItem","position":2,"name":"Prodotti","item":"https:\/\/www.daisho.be\/it\/prodotti\/"},{"@type":"ListItem","position":3,"name":"ADIDAS SPORT DA COMBATTIMENTO","item":"https:\/\/www.daisho.be\/it\/categorie-produit\/adidas-sport-da-combattimento\/"},{"@type":"ListItem","position":4,"name":"Boxe","item":"https:\/\/www.daisho.be\/it\/categorie-produit\/adidas-sport-da-combattimento\/boxe-it\/"},{"@type":"ListItem","position":5,"name":"Abbigliamento da boxe Adidas","item":"https:\/\/www.daisho.be\/it\/categorie-produit\/adidas-sport-da-combattimento\/boxe-it\/abbigliamento-da-boxe-adidas\/"},{"@type":"ListItem","position":6,"name":"Canotta adidas Essential Nero"}]},{"@type":"WebSite","@id":"https:\/\/www.daisho.be\/it\/#website","url":"https:\/\/www.daisho.be\/it\/","name":"Daisho","description":"Sp&eacute;cialiste de l'&eacute;quipement sportif d'arts martiaux","publisher":{"@id":"https:\/\/www.daisho.be\/it\/#organization"},"potentialAction":[{"@type":"SearchAction","target":{"@type":"EntryPoint","urlTemplate":"https:\/\/www.daisho.be\/it\/?s={search_term_string}"},"query-input":{"@type":"PropertyValueSpecification","valueRequired":true,"valueName":"search_term_string"}}],"inLanguage":"it-IT"},{"@type":"Organization","@id":"https:\/\/www.daisho.be\/it\/#organization","name":"Daisho","url":"https:\/\/www.daisho.be\/it\/","logo":{"@type":"ImageObject","inLanguage":"it-IT","@id":"https:\/\/www.daisho.be\/it\/#\/schema\/logo\/image\/","url":"https:\/\/www.daisho.be\/wp-content\/uploads\/2019\/07\/color-nothing-horizontale4x-e1564486100247.png","contentUrl":"https:\/\/www.daisho.be\/wp-content\/uploads\/2019\/07\/color-nothing-horizontale4x-e1564486100247.png","width":1547,"height":385,"caption":"Daisho"},"image":{"@id":"https:\/\/www.daisho.be\/it\/#\/schema\/logo\/image\/"}}]}},"_links":{"self":[{"href":"https:\/\/www.daisho.be\/it\/wp-json\/wp\/v2\/product\/455911","targetHints":{"allow":["GET"]}}],"collection":[{"href":"https:\/\/www.daisho.be\/it\/wp-json\/wp\/v2\/product"}],"about":[{"href":"https:\/\/www.daisho.be\/it\/wp-json\/wp\/v2\/types\/product"}],"replies":[{"embeddable":true,"href":"https:\/\/www.daisho.be\/it\/wp-json\/wp\/v2\/comments?post=455911"}],"wp:featuredmedia":[{"embeddable":true,"href":"https:\/\/www.daisho.be\/it\/wp-json\/wp\/v2\/media\/455916"}],"wp:attachment":[{"href":"https:\/\/www.daisho.be\/it\/wp-json\/wp\/v2\/media?parent=455911"}],"wp:term":[{"taxonomy":"product_brand","embeddable":true,"href":"https:\/\/www.daisho.be\/it\/wp-json\/wp\/v2\/product_brand?post=455911"},{"taxonomy":"product_cat","embeddable":true,"href":"https:\/\/www.daisho.be\/it\/wp-json\/wp\/v2\/product_cat?post=455911"},{"taxonomy":"product_tag","embeddable":true,"href":"https:\/\/www.daisho.be\/it\/wp-json\/wp\/v2\/product_tag?post=455911"},{"taxonomy":"sport","embeddable":true,"href":"https:\/\/www.daisho.be\/it\/wp-json\/wp\/v2\/sport?post=455911"}],"curies":[{"name":"wp","href":"https:\/\/api.w.org\/{rel}","templated":true}]}}