{"id":455523,"date":"2021-08-01T14:35:50","date_gmt":"2021-08-01T12:35:50","guid":{"rendered":"https:\/\/www.daisho.be\/produit\/borsa-adidas-upppercut-70x30-cm\/"},"modified":"2025-03-04T10:42:28","modified_gmt":"2025-03-04T09:42:28","slug":"borsa-adidas-upppercut-70x30-cm","status":"publish","type":"product","link":"https:\/\/www.daisho.be\/it\/produit\/borsa-adidas-upppercut-70x30-cm\/","title":{"rendered":"Borsa adidas Upppercut 70&#215;30 cm"},"content":{"rendered":"<p>Questo sacco per montanti \u00e8 ideale per allenarsi con i pugni. Il sacco per montanti \u00e8 realizzato in PU3G, un materiale flessibile, resistente e bello come la vera pelle. Il sacco per montanti \u00e8 facile da appendere ai ganci di metallo. Perfetto per l&#8217;allenamento normale e per le flessioni, i gomiti e le ginocchia. Il sacco \u00e8 stato scansionato per la tua sicurezza.<\/p>\n","protected":false},"excerpt":{"rendered":"<p>Questo sacco per montanti \u00e8 ideale per allenarsi con i pugni. Il sacco per montanti \u00e8 realizzato in PU3G, un materiale flessibile, resistente e bello come la vera pelle. Il sacco per montanti \u00e8 facile da appendere ai ganci di metallo. Perfetto per l&#8217;allenamento normale e per le flessioni, i gomiti e le ginocchia. Il [&hellip;]<\/p>\n","protected":false},"featured_media":455529,"comment_status":"open","ping_status":"closed","template":"","meta":{"inline_featured_image":false},"product_brand":[],"product_cat":[2255,2281,2250],"product_tag":[2176],"sport":[],"class_list":{"0":"post-455523","1":"product","2":"type-product","3":"status-publish","4":"has-post-thumbnail","6":"product_cat-sacchi-da-boxe-e-accessori-da-allenamento-adidas-taekwondo","7":"product_cat-sacchi-da-boxe-e-accessori-per-lallenamento-it","8":"product_cat-sacchi-da-boxe-e-accessori-per-lallenamento","9":"product_tag-adidas-it","10":"pa_size-sans-taille","12":"first","13":"instock","14":"taxable","15":"shipping-taxable","16":"purchasable","17":"product-type-variable"},"yoast_head":"<!-- This site is optimized with the Yoast SEO plugin v27.2 - https:\/\/yoast.com\/product\/yoast-seo-wordpress\/ -->\n<title>Borsa adidas Upppercut 70x30 cm &#8211; Daisho<\/title>\n<meta name=\"description\" content=\"Il sacco dei montanti \u00e8 stato progettato per migliorare il tuo allenamento con i pugni. Acquistalo sul nostro sito www.daisho.be|Daisho\" \/>\n<meta name=\"robots\" content=\"index, follow, max-snippet:-1, max-image-preview:large, max-video-preview:-1\" \/>\n<link rel=\"canonical\" href=\"https:\/\/www.daisho.be\/it\/produit\/borsa-adidas-upppercut-70x30-cm\/\" \/>\n<meta property=\"og:locale\" content=\"it_IT\" \/>\n<meta property=\"og:type\" content=\"article\" \/>\n<meta property=\"og:title\" content=\"Borsa adidas Upppercut 70x30 cm &#8211; Daisho\" \/>\n<meta property=\"og:description\" content=\"Il sacco dei montanti \u00e8 stato progettato per migliorare il tuo allenamento con i pugni. Acquistalo sul nostro sito www.daisho.be|Daisho\" \/>\n<meta property=\"og:url\" content=\"https:\/\/www.daisho.be\/it\/produit\/borsa-adidas-upppercut-70x30-cm\/\" \/>\n<meta property=\"og:site_name\" content=\"Daisho\" \/>\n<meta property=\"article:modified_time\" content=\"2025-03-04T09:42:28+00:00\" \/>\n<meta property=\"og:image\" content=\"https:\/\/www.daisho.be\/wp-content\/uploads\/2021\/08\/image-11.jpg\" \/>\n\t<meta property=\"og:image:width\" content=\"650\" \/>\n\t<meta property=\"og:image:height\" content=\"650\" \/>\n\t<meta property=\"og:image:type\" content=\"image\/jpeg\" \/>\n<meta name=\"twitter:card\" content=\"summary_large_image\" \/>\n<script type=\"application\/ld+json\" class=\"yoast-schema-graph\">{\"@context\":\"https:\/\/schema.org\",\"@graph\":[{\"@type\":\"WebPage\",\"@id\":\"https:\/\/www.daisho.be\/it\/produit\/borsa-adidas-upppercut-70x30-cm\/\",\"url\":\"https:\/\/www.daisho.be\/it\/produit\/borsa-adidas-upppercut-70x30-cm\/\",\"name\":\"Borsa adidas Upppercut 70x30 cm &#8211; Daisho\",\"isPartOf\":{\"@id\":\"https:\/\/www.daisho.be\/it\/#website\"},\"primaryImageOfPage\":{\"@id\":\"https:\/\/www.daisho.be\/it\/produit\/borsa-adidas-upppercut-70x30-cm\/#primaryimage\"},\"image\":{\"@id\":\"https:\/\/www.daisho.be\/it\/produit\/borsa-adidas-upppercut-70x30-cm\/#primaryimage\"},\"thumbnailUrl\":\"https:\/\/www.daisho.be\/wp-content\/uploads\/2021\/08\/image-11.jpg\",\"datePublished\":\"2021-08-01T12:35:50+00:00\",\"dateModified\":\"2025-03-04T09:42:28+00:00\",\"description\":\"Il sacco dei montanti \u00e8 stato progettato per migliorare il tuo allenamento con i pugni. Acquistalo sul nostro sito www.daisho.be|Daisho\",\"breadcrumb\":{\"@id\":\"https:\/\/www.daisho.be\/it\/produit\/borsa-adidas-upppercut-70x30-cm\/#breadcrumb\"},\"inLanguage\":\"it-IT\",\"potentialAction\":[{\"@type\":\"ReadAction\",\"target\":[\"https:\/\/www.daisho.be\/it\/produit\/borsa-adidas-upppercut-70x30-cm\/\"]}]},{\"@type\":\"ImageObject\",\"inLanguage\":\"it-IT\",\"@id\":\"https:\/\/www.daisho.be\/it\/produit\/borsa-adidas-upppercut-70x30-cm\/#primaryimage\",\"url\":\"https:\/\/www.daisho.be\/wp-content\/uploads\/2021\/08\/image-11.jpg\",\"contentUrl\":\"https:\/\/www.daisho.be\/wp-content\/uploads\/2021\/08\/image-11.jpg\",\"width\":650,\"height\":650},{\"@type\":\"BreadcrumbList\",\"@id\":\"https:\/\/www.daisho.be\/it\/produit\/borsa-adidas-upppercut-70x30-cm\/#breadcrumb\",\"itemListElement\":[{\"@type\":\"ListItem\",\"position\":1,\"name\":\"Accueil\",\"item\":\"https:\/\/www.daisho.be\/it\/\"},{\"@type\":\"ListItem\",\"position\":2,\"name\":\"Prodotti\",\"item\":\"https:\/\/www.daisho.be\/it\/prodotti\/\"},{\"@type\":\"ListItem\",\"position\":3,\"name\":\"ADIDAS SPORT DA COMBATTIMENTO\",\"item\":\"https:\/\/www.daisho.be\/it\/categorie-produit\/adidas-sport-da-combattimento\/\"},{\"@type\":\"ListItem\",\"position\":4,\"name\":\"Taekwondo\",\"item\":\"https:\/\/www.daisho.be\/it\/categorie-produit\/adidas-sport-da-combattimento\/taekwondo-it\/\"},{\"@type\":\"ListItem\",\"position\":5,\"name\":\"Sacchi da boxe e accessori da allenamento Adidas Taekwondo\",\"item\":\"https:\/\/www.daisho.be\/it\/categorie-produit\/adidas-sport-da-combattimento\/taekwondo-it\/sacchi-da-boxe-e-accessori-da-allenamento-adidas-taekwondo\/\"},{\"@type\":\"ListItem\",\"position\":6,\"name\":\"Borsa adidas Upppercut 70&#215;30 cm\"}]},{\"@type\":\"WebSite\",\"@id\":\"https:\/\/www.daisho.be\/it\/#website\",\"url\":\"https:\/\/www.daisho.be\/it\/\",\"name\":\"Daisho\",\"description\":\"Sp&eacute;cialiste de l'&eacute;quipement sportif d'arts martiaux\",\"publisher\":{\"@id\":\"https:\/\/www.daisho.be\/it\/#organization\"},\"potentialAction\":[{\"@type\":\"SearchAction\",\"target\":{\"@type\":\"EntryPoint\",\"urlTemplate\":\"https:\/\/www.daisho.be\/it\/?s={search_term_string}\"},\"query-input\":{\"@type\":\"PropertyValueSpecification\",\"valueRequired\":true,\"valueName\":\"search_term_string\"}}],\"inLanguage\":\"it-IT\"},{\"@type\":\"Organization\",\"@id\":\"https:\/\/www.daisho.be\/it\/#organization\",\"name\":\"Daisho\",\"url\":\"https:\/\/www.daisho.be\/it\/\",\"logo\":{\"@type\":\"ImageObject\",\"inLanguage\":\"it-IT\",\"@id\":\"https:\/\/www.daisho.be\/it\/#\/schema\/logo\/image\/\",\"url\":\"https:\/\/www.daisho.be\/wp-content\/uploads\/2019\/07\/color-nothing-horizontale4x-e1564486100247.png\",\"contentUrl\":\"https:\/\/www.daisho.be\/wp-content\/uploads\/2019\/07\/color-nothing-horizontale4x-e1564486100247.png\",\"width\":1547,\"height\":385,\"caption\":\"Daisho\"},\"image\":{\"@id\":\"https:\/\/www.daisho.be\/it\/#\/schema\/logo\/image\/\"}}]}<\/script>\n<!-- \/ Yoast SEO plugin. -->","yoast_head_json":{"title":"Borsa adidas Upppercut 70x30 cm &#8211; Daisho","description":"Il sacco dei montanti \u00e8 stato progettato per migliorare il tuo allenamento con i pugni. Acquistalo sul nostro sito www.daisho.be|Daisho","robots":{"index":"index","follow":"follow","max-snippet":"max-snippet:-1","max-image-preview":"max-image-preview:large","max-video-preview":"max-video-preview:-1"},"canonical":"https:\/\/www.daisho.be\/it\/produit\/borsa-adidas-upppercut-70x30-cm\/","og_locale":"it_IT","og_type":"article","og_title":"Borsa adidas Upppercut 70x30 cm &#8211; Daisho","og_description":"Il sacco dei montanti \u00e8 stato progettato per migliorare il tuo allenamento con i pugni. Acquistalo sul nostro sito www.daisho.be|Daisho","og_url":"https:\/\/www.daisho.be\/it\/produit\/borsa-adidas-upppercut-70x30-cm\/","og_site_name":"Daisho","article_modified_time":"2025-03-04T09:42:28+00:00","og_image":[{"width":650,"height":650,"url":"https:\/\/www.daisho.be\/wp-content\/uploads\/2021\/08\/image-11.jpg","type":"image\/jpeg"}],"twitter_card":"summary_large_image","schema":{"@context":"https:\/\/schema.org","@graph":[{"@type":"WebPage","@id":"https:\/\/www.daisho.be\/it\/produit\/borsa-adidas-upppercut-70x30-cm\/","url":"https:\/\/www.daisho.be\/it\/produit\/borsa-adidas-upppercut-70x30-cm\/","name":"Borsa adidas Upppercut 70x30 cm &#8211; Daisho","isPartOf":{"@id":"https:\/\/www.daisho.be\/it\/#website"},"primaryImageOfPage":{"@id":"https:\/\/www.daisho.be\/it\/produit\/borsa-adidas-upppercut-70x30-cm\/#primaryimage"},"image":{"@id":"https:\/\/www.daisho.be\/it\/produit\/borsa-adidas-upppercut-70x30-cm\/#primaryimage"},"thumbnailUrl":"https:\/\/www.daisho.be\/wp-content\/uploads\/2021\/08\/image-11.jpg","datePublished":"2021-08-01T12:35:50+00:00","dateModified":"2025-03-04T09:42:28+00:00","description":"Il sacco dei montanti \u00e8 stato progettato per migliorare il tuo allenamento con i pugni. Acquistalo sul nostro sito www.daisho.be|Daisho","breadcrumb":{"@id":"https:\/\/www.daisho.be\/it\/produit\/borsa-adidas-upppercut-70x30-cm\/#breadcrumb"},"inLanguage":"it-IT","potentialAction":[{"@type":"ReadAction","target":["https:\/\/www.daisho.be\/it\/produit\/borsa-adidas-upppercut-70x30-cm\/"]}]},{"@type":"ImageObject","inLanguage":"it-IT","@id":"https:\/\/www.daisho.be\/it\/produit\/borsa-adidas-upppercut-70x30-cm\/#primaryimage","url":"https:\/\/www.daisho.be\/wp-content\/uploads\/2021\/08\/image-11.jpg","contentUrl":"https:\/\/www.daisho.be\/wp-content\/uploads\/2021\/08\/image-11.jpg","width":650,"height":650},{"@type":"BreadcrumbList","@id":"https:\/\/www.daisho.be\/it\/produit\/borsa-adidas-upppercut-70x30-cm\/#breadcrumb","itemListElement":[{"@type":"ListItem","position":1,"name":"Accueil","item":"https:\/\/www.daisho.be\/it\/"},{"@type":"ListItem","position":2,"name":"Prodotti","item":"https:\/\/www.daisho.be\/it\/prodotti\/"},{"@type":"ListItem","position":3,"name":"ADIDAS SPORT DA COMBATTIMENTO","item":"https:\/\/www.daisho.be\/it\/categorie-produit\/adidas-sport-da-combattimento\/"},{"@type":"ListItem","position":4,"name":"Taekwondo","item":"https:\/\/www.daisho.be\/it\/categorie-produit\/adidas-sport-da-combattimento\/taekwondo-it\/"},{"@type":"ListItem","position":5,"name":"Sacchi da boxe e accessori da allenamento Adidas Taekwondo","item":"https:\/\/www.daisho.be\/it\/categorie-produit\/adidas-sport-da-combattimento\/taekwondo-it\/sacchi-da-boxe-e-accessori-da-allenamento-adidas-taekwondo\/"},{"@type":"ListItem","position":6,"name":"Borsa adidas Upppercut 70&#215;30 cm"}]},{"@type":"WebSite","@id":"https:\/\/www.daisho.be\/it\/#website","url":"https:\/\/www.daisho.be\/it\/","name":"Daisho","description":"Sp&eacute;cialiste de l'&eacute;quipement sportif d'arts martiaux","publisher":{"@id":"https:\/\/www.daisho.be\/it\/#organization"},"potentialAction":[{"@type":"SearchAction","target":{"@type":"EntryPoint","urlTemplate":"https:\/\/www.daisho.be\/it\/?s={search_term_string}"},"query-input":{"@type":"PropertyValueSpecification","valueRequired":true,"valueName":"search_term_string"}}],"inLanguage":"it-IT"},{"@type":"Organization","@id":"https:\/\/www.daisho.be\/it\/#organization","name":"Daisho","url":"https:\/\/www.daisho.be\/it\/","logo":{"@type":"ImageObject","inLanguage":"it-IT","@id":"https:\/\/www.daisho.be\/it\/#\/schema\/logo\/image\/","url":"https:\/\/www.daisho.be\/wp-content\/uploads\/2019\/07\/color-nothing-horizontale4x-e1564486100247.png","contentUrl":"https:\/\/www.daisho.be\/wp-content\/uploads\/2019\/07\/color-nothing-horizontale4x-e1564486100247.png","width":1547,"height":385,"caption":"Daisho"},"image":{"@id":"https:\/\/www.daisho.be\/it\/#\/schema\/logo\/image\/"}}]}},"_links":{"self":[{"href":"https:\/\/www.daisho.be\/it\/wp-json\/wp\/v2\/product\/455523","targetHints":{"allow":["GET"]}}],"collection":[{"href":"https:\/\/www.daisho.be\/it\/wp-json\/wp\/v2\/product"}],"about":[{"href":"https:\/\/www.daisho.be\/it\/wp-json\/wp\/v2\/types\/product"}],"replies":[{"embeddable":true,"href":"https:\/\/www.daisho.be\/it\/wp-json\/wp\/v2\/comments?post=455523"}],"wp:featuredmedia":[{"embeddable":true,"href":"https:\/\/www.daisho.be\/it\/wp-json\/wp\/v2\/media\/455529"}],"wp:attachment":[{"href":"https:\/\/www.daisho.be\/it\/wp-json\/wp\/v2\/media?parent=455523"}],"wp:term":[{"taxonomy":"product_brand","embeddable":true,"href":"https:\/\/www.daisho.be\/it\/wp-json\/wp\/v2\/product_brand?post=455523"},{"taxonomy":"product_cat","embeddable":true,"href":"https:\/\/www.daisho.be\/it\/wp-json\/wp\/v2\/product_cat?post=455523"},{"taxonomy":"product_tag","embeddable":true,"href":"https:\/\/www.daisho.be\/it\/wp-json\/wp\/v2\/product_tag?post=455523"},{"taxonomy":"sport","embeddable":true,"href":"https:\/\/www.daisho.be\/it\/wp-json\/wp\/v2\/sport?post=455523"}],"curies":[{"name":"wp","href":"https:\/\/api.w.org\/{rel}","templated":true}]}}