{"id":454665,"date":"2021-01-04T10:44:34","date_gmt":"2021-01-04T09:44:34","guid":{"rendered":"https:\/\/www.daisho.be\/produit\/manichino-da-boxe\/"},"modified":"2025-11-20T12:12:54","modified_gmt":"2025-11-20T11:12:54","slug":"manichino-da-boxe","status":"publish","type":"product","link":"https:\/\/www.daisho.be\/it\/produit\/manichino-da-boxe\/","title":{"rendered":"Manichino da boxe"},"content":{"rendered":"<p>Questo manichino da boxe di Victory Sports \u00e8 ideale per allenare la (kick)boxing, le MMA e altre arti marziali. Il manichino ha una forma reale del corpo, cos\u00ec puoi allenarti con maggiore precisione nelle zone vitali del corpo. Il piede pu\u00f2 essere riempito con sabbia o ghiaia, fino a 125 kg.<br \/>\nQuesto mantiene il manichino saldamente in posizione e non lo fa muovere. Materiale: PU solido con interno in schiuma. <\/p>\n","protected":false},"excerpt":{"rendered":"<p>Questo manichino da boxe di Victory Sports \u00e8 ideale per allenare la (kick)boxing, le MMA e altre arti marziali. Il manichino ha una forma reale del corpo, cos\u00ec puoi allenarti con maggiore precisione nelle zone vitali del corpo. Il piede pu\u00f2 essere riempito con sabbia o ghiaia, fino a 125 kg. Questo mantiene il manichino [&hellip;]<\/p>\n","protected":false},"featured_media":454666,"comment_status":"closed","ping_status":"closed","template":"","meta":{"inline_featured_image":false},"product_brand":[],"product_cat":[2050,2096,2041,2129],"product_tag":[2553,2267],"sport":[448,446,73,447,431,455],"class_list":{"0":"post-454665","1":"product","2":"type-product","3":"status-publish","4":"has-post-thumbnail","6":"product_cat-attrezzatura-per-lallenamento-di-kickboxing","7":"product_cat-attrezzatura-per-lallenamento-mma","8":"product_cat-attrezzature-per-lallenamento-della-boxe","9":"product_cat-sacchi-da-boxe","10":"product_tag-citazione","11":"product_tag-sport-di-vittoria","12":"product_shipping_class-prodotti-pesanti","13":"sport-kick-boxing","14":"sport-boxe","15":"sport-karate","16":"sport-krav-maga","17":"sport-mma","18":"sport-muay-thai","20":"first","21":"instock","22":"taxable","23":"shipping-taxable","24":"purchasable","25":"product-type-simple"},"yoast_head":"<!-- This site is optimized with the Yoast SEO plugin v27.2 - https:\/\/yoast.com\/product\/yoast-seo-wordpress\/ -->\n<title>Sacco da boxe con manichino stile Big Bob | Daisho<\/title>\n<meta name=\"description\" content=\"Il sacco da boxe con manichino ti permette di allenarti su un bersaglio quasi reale. Scoprilo su Daisho\" \/>\n<meta name=\"robots\" content=\"index, follow, max-snippet:-1, max-image-preview:large, max-video-preview:-1\" \/>\n<link rel=\"canonical\" href=\"https:\/\/www.daisho.be\/it\/produit\/manichino-da-boxe\/\" \/>\n<meta property=\"og:locale\" content=\"it_IT\" \/>\n<meta property=\"og:type\" content=\"article\" \/>\n<meta property=\"og:title\" content=\"Sacco da boxe con manichino stile Big Bob | Daisho\" \/>\n<meta property=\"og:description\" content=\"Il sacco da boxe con manichino ti permette di allenarti su un bersaglio quasi reale. Scoprilo su Daisho\" \/>\n<meta property=\"og:url\" content=\"https:\/\/www.daisho.be\/it\/produit\/manichino-da-boxe\/\" \/>\n<meta property=\"og:site_name\" content=\"Daisho\" \/>\n<meta property=\"article:modified_time\" content=\"2025-11-20T11:12:54+00:00\" \/>\n<meta property=\"og:image\" content=\"https:\/\/www.daisho.be\/wp-content\/uploads\/2023\/10\/image-26.jpg\" \/>\n\t<meta property=\"og:image:width\" content=\"468\" \/>\n\t<meta property=\"og:image:height\" content=\"468\" \/>\n\t<meta property=\"og:image:type\" content=\"image\/jpeg\" \/>\n<meta name=\"twitter:card\" content=\"summary_large_image\" \/>\n<script type=\"application\/ld+json\" class=\"yoast-schema-graph\">{\"@context\":\"https:\/\/schema.org\",\"@graph\":[{\"@type\":\"WebPage\",\"@id\":\"https:\/\/www.daisho.be\/it\/produit\/manichino-da-boxe\/\",\"url\":\"https:\/\/www.daisho.be\/it\/produit\/manichino-da-boxe\/\",\"name\":\"Sacco da boxe con manichino stile Big Bob | Daisho\",\"isPartOf\":{\"@id\":\"https:\/\/www.daisho.be\/it\/#website\"},\"primaryImageOfPage\":{\"@id\":\"https:\/\/www.daisho.be\/it\/produit\/manichino-da-boxe\/#primaryimage\"},\"image\":{\"@id\":\"https:\/\/www.daisho.be\/it\/produit\/manichino-da-boxe\/#primaryimage\"},\"thumbnailUrl\":\"https:\/\/www.daisho.be\/wp-content\/uploads\/2023\/10\/image-26.jpg\",\"datePublished\":\"2021-01-04T09:44:34+00:00\",\"dateModified\":\"2025-11-20T11:12:54+00:00\",\"description\":\"Il sacco da boxe con manichino ti permette di allenarti su un bersaglio quasi reale. Scoprilo su Daisho\",\"breadcrumb\":{\"@id\":\"https:\/\/www.daisho.be\/it\/produit\/manichino-da-boxe\/#breadcrumb\"},\"inLanguage\":\"it-IT\",\"potentialAction\":[{\"@type\":\"ReadAction\",\"target\":[\"https:\/\/www.daisho.be\/it\/produit\/manichino-da-boxe\/\"]}]},{\"@type\":\"ImageObject\",\"inLanguage\":\"it-IT\",\"@id\":\"https:\/\/www.daisho.be\/it\/produit\/manichino-da-boxe\/#primaryimage\",\"url\":\"https:\/\/www.daisho.be\/wp-content\/uploads\/2023\/10\/image-26.jpg\",\"contentUrl\":\"https:\/\/www.daisho.be\/wp-content\/uploads\/2023\/10\/image-26.jpg\",\"width\":468,\"height\":468,\"caption\":\"Dummy pugilistica-1\"},{\"@type\":\"BreadcrumbList\",\"@id\":\"https:\/\/www.daisho.be\/it\/produit\/manichino-da-boxe\/#breadcrumb\",\"itemListElement\":[{\"@type\":\"ListItem\",\"position\":1,\"name\":\"Accueil\",\"item\":\"https:\/\/www.daisho.be\/it\/\"},{\"@type\":\"ListItem\",\"position\":2,\"name\":\"Prodotti\",\"item\":\"https:\/\/www.daisho.be\/it\/prodotti\/\"},{\"@type\":\"ListItem\",\"position\":3,\"name\":\"Attrezzature e abbigliamento per arti marziali e sport da combattimento\",\"item\":\"https:\/\/www.daisho.be\/it\/categorie-produit\/attrezzature-e-abbigliamento-per-arti-marziali-e-sport-da-combattimento\/\"},{\"@type\":\"ListItem\",\"position\":4,\"name\":\"Kick Boxing\",\"item\":\"https:\/\/www.daisho.be\/it\/categorie-produit\/attrezzature-e-abbigliamento-per-arti-marziali-e-sport-da-combattimento\/kick-boxing-it-2\/\"},{\"@type\":\"ListItem\",\"position\":5,\"name\":\"Attrezzatura per l'allenamento di kickboxing\",\"item\":\"https:\/\/www.daisho.be\/it\/categorie-produit\/attrezzature-e-abbigliamento-per-arti-marziali-e-sport-da-combattimento\/kick-boxing-it-2\/attrezzatura-per-lallenamento-di-kickboxing\/\"},{\"@type\":\"ListItem\",\"position\":6,\"name\":\"Manichino da boxe\"}]},{\"@type\":\"WebSite\",\"@id\":\"https:\/\/www.daisho.be\/it\/#website\",\"url\":\"https:\/\/www.daisho.be\/it\/\",\"name\":\"Daisho\",\"description\":\"Sp&eacute;cialiste de l'&eacute;quipement sportif d'arts martiaux\",\"publisher\":{\"@id\":\"https:\/\/www.daisho.be\/it\/#organization\"},\"potentialAction\":[{\"@type\":\"SearchAction\",\"target\":{\"@type\":\"EntryPoint\",\"urlTemplate\":\"https:\/\/www.daisho.be\/it\/?s={search_term_string}\"},\"query-input\":{\"@type\":\"PropertyValueSpecification\",\"valueRequired\":true,\"valueName\":\"search_term_string\"}}],\"inLanguage\":\"it-IT\"},{\"@type\":\"Organization\",\"@id\":\"https:\/\/www.daisho.be\/it\/#organization\",\"name\":\"Daisho\",\"url\":\"https:\/\/www.daisho.be\/it\/\",\"logo\":{\"@type\":\"ImageObject\",\"inLanguage\":\"it-IT\",\"@id\":\"https:\/\/www.daisho.be\/it\/#\/schema\/logo\/image\/\",\"url\":\"https:\/\/www.daisho.be\/wp-content\/uploads\/2019\/07\/color-nothing-horizontale4x-e1564486100247.png\",\"contentUrl\":\"https:\/\/www.daisho.be\/wp-content\/uploads\/2019\/07\/color-nothing-horizontale4x-e1564486100247.png\",\"width\":1547,\"height\":385,\"caption\":\"Daisho\"},\"image\":{\"@id\":\"https:\/\/www.daisho.be\/it\/#\/schema\/logo\/image\/\"}}]}<\/script>\n<!-- \/ Yoast SEO plugin. -->","yoast_head_json":{"title":"Sacco da boxe con manichino stile Big Bob | Daisho","description":"Il sacco da boxe con manichino ti permette di allenarti su un bersaglio quasi reale. Scoprilo su Daisho","robots":{"index":"index","follow":"follow","max-snippet":"max-snippet:-1","max-image-preview":"max-image-preview:large","max-video-preview":"max-video-preview:-1"},"canonical":"https:\/\/www.daisho.be\/it\/produit\/manichino-da-boxe\/","og_locale":"it_IT","og_type":"article","og_title":"Sacco da boxe con manichino stile Big Bob | Daisho","og_description":"Il sacco da boxe con manichino ti permette di allenarti su un bersaglio quasi reale. Scoprilo su Daisho","og_url":"https:\/\/www.daisho.be\/it\/produit\/manichino-da-boxe\/","og_site_name":"Daisho","article_modified_time":"2025-11-20T11:12:54+00:00","og_image":[{"width":468,"height":468,"url":"https:\/\/www.daisho.be\/wp-content\/uploads\/2023\/10\/image-26.jpg","type":"image\/jpeg"}],"twitter_card":"summary_large_image","schema":{"@context":"https:\/\/schema.org","@graph":[{"@type":"WebPage","@id":"https:\/\/www.daisho.be\/it\/produit\/manichino-da-boxe\/","url":"https:\/\/www.daisho.be\/it\/produit\/manichino-da-boxe\/","name":"Sacco da boxe con manichino stile Big Bob | Daisho","isPartOf":{"@id":"https:\/\/www.daisho.be\/it\/#website"},"primaryImageOfPage":{"@id":"https:\/\/www.daisho.be\/it\/produit\/manichino-da-boxe\/#primaryimage"},"image":{"@id":"https:\/\/www.daisho.be\/it\/produit\/manichino-da-boxe\/#primaryimage"},"thumbnailUrl":"https:\/\/www.daisho.be\/wp-content\/uploads\/2023\/10\/image-26.jpg","datePublished":"2021-01-04T09:44:34+00:00","dateModified":"2025-11-20T11:12:54+00:00","description":"Il sacco da boxe con manichino ti permette di allenarti su un bersaglio quasi reale. Scoprilo su Daisho","breadcrumb":{"@id":"https:\/\/www.daisho.be\/it\/produit\/manichino-da-boxe\/#breadcrumb"},"inLanguage":"it-IT","potentialAction":[{"@type":"ReadAction","target":["https:\/\/www.daisho.be\/it\/produit\/manichino-da-boxe\/"]}]},{"@type":"ImageObject","inLanguage":"it-IT","@id":"https:\/\/www.daisho.be\/it\/produit\/manichino-da-boxe\/#primaryimage","url":"https:\/\/www.daisho.be\/wp-content\/uploads\/2023\/10\/image-26.jpg","contentUrl":"https:\/\/www.daisho.be\/wp-content\/uploads\/2023\/10\/image-26.jpg","width":468,"height":468,"caption":"Dummy pugilistica-1"},{"@type":"BreadcrumbList","@id":"https:\/\/www.daisho.be\/it\/produit\/manichino-da-boxe\/#breadcrumb","itemListElement":[{"@type":"ListItem","position":1,"name":"Accueil","item":"https:\/\/www.daisho.be\/it\/"},{"@type":"ListItem","position":2,"name":"Prodotti","item":"https:\/\/www.daisho.be\/it\/prodotti\/"},{"@type":"ListItem","position":3,"name":"Attrezzature e abbigliamento per arti marziali e sport da combattimento","item":"https:\/\/www.daisho.be\/it\/categorie-produit\/attrezzature-e-abbigliamento-per-arti-marziali-e-sport-da-combattimento\/"},{"@type":"ListItem","position":4,"name":"Kick Boxing","item":"https:\/\/www.daisho.be\/it\/categorie-produit\/attrezzature-e-abbigliamento-per-arti-marziali-e-sport-da-combattimento\/kick-boxing-it-2\/"},{"@type":"ListItem","position":5,"name":"Attrezzatura per l'allenamento di kickboxing","item":"https:\/\/www.daisho.be\/it\/categorie-produit\/attrezzature-e-abbigliamento-per-arti-marziali-e-sport-da-combattimento\/kick-boxing-it-2\/attrezzatura-per-lallenamento-di-kickboxing\/"},{"@type":"ListItem","position":6,"name":"Manichino da boxe"}]},{"@type":"WebSite","@id":"https:\/\/www.daisho.be\/it\/#website","url":"https:\/\/www.daisho.be\/it\/","name":"Daisho","description":"Sp&eacute;cialiste de l'&eacute;quipement sportif d'arts martiaux","publisher":{"@id":"https:\/\/www.daisho.be\/it\/#organization"},"potentialAction":[{"@type":"SearchAction","target":{"@type":"EntryPoint","urlTemplate":"https:\/\/www.daisho.be\/it\/?s={search_term_string}"},"query-input":{"@type":"PropertyValueSpecification","valueRequired":true,"valueName":"search_term_string"}}],"inLanguage":"it-IT"},{"@type":"Organization","@id":"https:\/\/www.daisho.be\/it\/#organization","name":"Daisho","url":"https:\/\/www.daisho.be\/it\/","logo":{"@type":"ImageObject","inLanguage":"it-IT","@id":"https:\/\/www.daisho.be\/it\/#\/schema\/logo\/image\/","url":"https:\/\/www.daisho.be\/wp-content\/uploads\/2019\/07\/color-nothing-horizontale4x-e1564486100247.png","contentUrl":"https:\/\/www.daisho.be\/wp-content\/uploads\/2019\/07\/color-nothing-horizontale4x-e1564486100247.png","width":1547,"height":385,"caption":"Daisho"},"image":{"@id":"https:\/\/www.daisho.be\/it\/#\/schema\/logo\/image\/"}}]}},"_links":{"self":[{"href":"https:\/\/www.daisho.be\/it\/wp-json\/wp\/v2\/product\/454665","targetHints":{"allow":["GET"]}}],"collection":[{"href":"https:\/\/www.daisho.be\/it\/wp-json\/wp\/v2\/product"}],"about":[{"href":"https:\/\/www.daisho.be\/it\/wp-json\/wp\/v2\/types\/product"}],"replies":[{"embeddable":true,"href":"https:\/\/www.daisho.be\/it\/wp-json\/wp\/v2\/comments?post=454665"}],"wp:featuredmedia":[{"embeddable":true,"href":"https:\/\/www.daisho.be\/it\/wp-json\/wp\/v2\/media\/454666"}],"wp:attachment":[{"href":"https:\/\/www.daisho.be\/it\/wp-json\/wp\/v2\/media?parent=454665"}],"wp:term":[{"taxonomy":"product_brand","embeddable":true,"href":"https:\/\/www.daisho.be\/it\/wp-json\/wp\/v2\/product_brand?post=454665"},{"taxonomy":"product_cat","embeddable":true,"href":"https:\/\/www.daisho.be\/it\/wp-json\/wp\/v2\/product_cat?post=454665"},{"taxonomy":"product_tag","embeddable":true,"href":"https:\/\/www.daisho.be\/it\/wp-json\/wp\/v2\/product_tag?post=454665"},{"taxonomy":"sport","embeddable":true,"href":"https:\/\/www.daisho.be\/it\/wp-json\/wp\/v2\/sport?post=454665"}],"curies":[{"name":"wp","href":"https:\/\/api.w.org\/{rel}","templated":true}]}}