{"id":454424,"date":"2021-01-14T19:14:24","date_gmt":"2021-01-14T18:14:24","guid":{"rendered":"https:\/\/www.daisho.be\/produit\/cintura-di-karate-tokaido-rossa-bianca\/"},"modified":"2026-05-12T10:22:18","modified_gmt":"2026-05-12T08:22:18","slug":"cintura-di-karate-tokaido-rossa-bianca","status":"publish","type":"product","link":"https:\/\/www.daisho.be\/it\/produit\/cintura-di-karate-tokaido-rossa-bianca\/","title":{"rendered":"CINTURA DI KARATE TOKAIDO ROSSA\/BIANCA"},"content":{"rendered":"<p>Cintura da karate Tokaido di altissima qualit\u00e0 per sensei dal 6\u00b0 dan in su.<br \/>\nSi usa universalmente ed \u00e8 adatta per kata e kumite. <\/p>\n<p>Caratteristiche:<br \/>\n\u00c2- 12 cuciture,<br \/>\n\u00c2- facile da annodare,<br \/>\n\u00c2- larghezza: circa 4,5 cm,<br \/>\n\u00c2- colore: rosso e bianco,<br \/>\n\u00c2- Materiale: 100% cotone. <\/p>\n","protected":false},"excerpt":{"rendered":"<p>Cintura da karate Tokaido di altissima qualit\u00e0 per sensei dal 6\u00b0 dan in su. Si usa universalmente ed \u00e8 adatta per kata e kumite. Caratteristiche: \u00c2- 12 cuciture, \u00c2- facile da annodare, \u00c2- larghezza: circa 4,5 cm, \u00c2- colore: rosso e bianco, \u00c2- Materiale: 100% cotone.<\/p>\n","protected":false},"featured_media":454440,"comment_status":"open","ping_status":"closed","template":"","meta":{"inline_featured_image":false},"product_brand":[],"product_cat":[2106,2064],"product_tag":[2006],"sport":[],"class_list":{"0":"post-454424","1":"product","2":"type-product","3":"status-publish","4":"has-post-thumbnail","6":"product_cat-cinture","7":"product_cat-cinture-da-karate","8":"product_tag-tokaido-it","9":"pa_size-285-45","10":"pa_size-305-55","11":"pa_size-335-70","12":"pa_size-355-80","14":"first","15":"instock","16":"taxable","17":"shipping-taxable","18":"purchasable","19":"product-type-variable"},"yoast_head":"<!-- This site is optimized with the Yoast SEO plugin v27.2 - https:\/\/yoast.com\/product\/yoast-seo-wordpress\/ -->\n<title>CINTURA DI KARATE TOKAIDO ROSSA\/BIANCA &#8211; Daisho<\/title>\n<meta name=\"description\" content=\"Cintura di karate Tokaido di altissima qualit\u00e0 per sensei di 6\u00b0 dan e oltre. La trovi su www.daisho.be | Daisho\" \/>\n<meta name=\"robots\" content=\"index, follow, max-snippet:-1, max-image-preview:large, max-video-preview:-1\" \/>\n<link rel=\"canonical\" href=\"https:\/\/www.daisho.be\/it\/produit\/cintura-di-karate-tokaido-rossa-bianca\/\" \/>\n<meta property=\"og:locale\" content=\"it_IT\" \/>\n<meta property=\"og:type\" content=\"article\" \/>\n<meta property=\"og:title\" content=\"CINTURA DI KARATE TOKAIDO ROSSA\/BIANCA &#8211; Daisho\" \/>\n<meta property=\"og:description\" content=\"Cintura di karate Tokaido di altissima qualit\u00e0 per sensei di 6\u00b0 dan e oltre. La trovi su www.daisho.be | Daisho\" \/>\n<meta property=\"og:url\" content=\"https:\/\/www.daisho.be\/it\/produit\/cintura-di-karate-tokaido-rossa-bianca\/\" \/>\n<meta property=\"og:site_name\" content=\"Daisho\" \/>\n<meta property=\"article:modified_time\" content=\"2026-05-12T08:22:18+00:00\" \/>\n<meta property=\"og:image\" content=\"https:\/\/www.daisho.be\/wp-content\/uploads\/2024\/06\/image-56.jpg\" \/>\n\t<meta property=\"og:image:width\" content=\"384\" \/>\n\t<meta property=\"og:image:height\" content=\"543\" \/>\n\t<meta property=\"og:image:type\" content=\"image\/jpeg\" \/>\n<meta name=\"twitter:card\" content=\"summary_large_image\" \/>\n<script type=\"application\/ld+json\" class=\"yoast-schema-graph\">{\"@context\":\"https:\/\/schema.org\",\"@graph\":[{\"@type\":\"WebPage\",\"@id\":\"https:\/\/www.daisho.be\/it\/produit\/cintura-di-karate-tokaido-rossa-bianca\/\",\"url\":\"https:\/\/www.daisho.be\/it\/produit\/cintura-di-karate-tokaido-rossa-bianca\/\",\"name\":\"CINTURA DI KARATE TOKAIDO ROSSA\/BIANCA &#8211; Daisho\",\"isPartOf\":{\"@id\":\"https:\/\/www.daisho.be\/it\/#website\"},\"primaryImageOfPage\":{\"@id\":\"https:\/\/www.daisho.be\/it\/produit\/cintura-di-karate-tokaido-rossa-bianca\/#primaryimage\"},\"image\":{\"@id\":\"https:\/\/www.daisho.be\/it\/produit\/cintura-di-karate-tokaido-rossa-bianca\/#primaryimage\"},\"thumbnailUrl\":\"https:\/\/www.daisho.be\/wp-content\/uploads\/2024\/06\/image-56.jpg\",\"datePublished\":\"2021-01-14T18:14:24+00:00\",\"dateModified\":\"2026-05-12T08:22:18+00:00\",\"description\":\"Cintura di karate Tokaido di altissima qualit\u00e0 per sensei di 6\u00b0 dan e oltre. La trovi su www.daisho.be | Daisho\",\"breadcrumb\":{\"@id\":\"https:\/\/www.daisho.be\/it\/produit\/cintura-di-karate-tokaido-rossa-bianca\/#breadcrumb\"},\"inLanguage\":\"it-IT\",\"potentialAction\":[{\"@type\":\"ReadAction\",\"target\":[\"https:\/\/www.daisho.be\/it\/produit\/cintura-di-karate-tokaido-rossa-bianca\/\"]}]},{\"@type\":\"ImageObject\",\"inLanguage\":\"it-IT\",\"@id\":\"https:\/\/www.daisho.be\/it\/produit\/cintura-di-karate-tokaido-rossa-bianca\/#primaryimage\",\"url\":\"https:\/\/www.daisho.be\/wp-content\/uploads\/2024\/06\/image-56.jpg\",\"contentUrl\":\"https:\/\/www.daisho.be\/wp-content\/uploads\/2024\/06\/image-56.jpg\",\"width\":384,\"height\":543,\"caption\":\"CINTURA DI KARATE TOKAIDO ROSSA\/BIANCA-1\"},{\"@type\":\"BreadcrumbList\",\"@id\":\"https:\/\/www.daisho.be\/it\/produit\/cintura-di-karate-tokaido-rossa-bianca\/#breadcrumb\",\"itemListElement\":[{\"@type\":\"ListItem\",\"position\":1,\"name\":\"Accueil\",\"item\":\"https:\/\/www.daisho.be\/it\/\"},{\"@type\":\"ListItem\",\"position\":2,\"name\":\"Prodotti\",\"item\":\"https:\/\/www.daisho.be\/it\/prodotti\/\"},{\"@type\":\"ListItem\",\"position\":3,\"name\":\"Attrezzature e abbigliamento per arti marziali e sport da combattimento\",\"item\":\"https:\/\/www.daisho.be\/it\/categorie-produit\/attrezzature-e-abbigliamento-per-arti-marziali-e-sport-da-combattimento\/\"},{\"@type\":\"ListItem\",\"position\":4,\"name\":\"Karate\",\"item\":\"https:\/\/www.daisho.be\/it\/categorie-produit\/attrezzature-e-abbigliamento-per-arti-marziali-e-sport-da-combattimento\/karate-it-2\/\"},{\"@type\":\"ListItem\",\"position\":5,\"name\":\"Cinture da karate\",\"item\":\"https:\/\/www.daisho.be\/it\/categorie-produit\/attrezzature-e-abbigliamento-per-arti-marziali-e-sport-da-combattimento\/karate-it-2\/cinture-da-karate\/\"},{\"@type\":\"ListItem\",\"position\":6,\"name\":\"CINTURA DI KARATE TOKAIDO ROSSA\/BIANCA\"}]},{\"@type\":\"WebSite\",\"@id\":\"https:\/\/www.daisho.be\/it\/#website\",\"url\":\"https:\/\/www.daisho.be\/it\/\",\"name\":\"Daisho\",\"description\":\"Sp&eacute;cialiste de l'&eacute;quipement sportif d'arts martiaux\",\"publisher\":{\"@id\":\"https:\/\/www.daisho.be\/it\/#organization\"},\"potentialAction\":[{\"@type\":\"SearchAction\",\"target\":{\"@type\":\"EntryPoint\",\"urlTemplate\":\"https:\/\/www.daisho.be\/it\/?s={search_term_string}\"},\"query-input\":{\"@type\":\"PropertyValueSpecification\",\"valueRequired\":true,\"valueName\":\"search_term_string\"}}],\"inLanguage\":\"it-IT\"},{\"@type\":\"Organization\",\"@id\":\"https:\/\/www.daisho.be\/it\/#organization\",\"name\":\"Daisho\",\"url\":\"https:\/\/www.daisho.be\/it\/\",\"logo\":{\"@type\":\"ImageObject\",\"inLanguage\":\"it-IT\",\"@id\":\"https:\/\/www.daisho.be\/it\/#\/schema\/logo\/image\/\",\"url\":\"https:\/\/www.daisho.be\/wp-content\/uploads\/2019\/07\/color-nothing-horizontale4x-e1564486100247.png\",\"contentUrl\":\"https:\/\/www.daisho.be\/wp-content\/uploads\/2019\/07\/color-nothing-horizontale4x-e1564486100247.png\",\"width\":1547,\"height\":385,\"caption\":\"Daisho\"},\"image\":{\"@id\":\"https:\/\/www.daisho.be\/it\/#\/schema\/logo\/image\/\"}}]}<\/script>\n<!-- \/ Yoast SEO plugin. -->","yoast_head_json":{"title":"CINTURA DI KARATE TOKAIDO ROSSA\/BIANCA &#8211; Daisho","description":"Cintura di karate Tokaido di altissima qualit\u00e0 per sensei di 6\u00b0 dan e oltre. La trovi su www.daisho.be | Daisho","robots":{"index":"index","follow":"follow","max-snippet":"max-snippet:-1","max-image-preview":"max-image-preview:large","max-video-preview":"max-video-preview:-1"},"canonical":"https:\/\/www.daisho.be\/it\/produit\/cintura-di-karate-tokaido-rossa-bianca\/","og_locale":"it_IT","og_type":"article","og_title":"CINTURA DI KARATE TOKAIDO ROSSA\/BIANCA &#8211; Daisho","og_description":"Cintura di karate Tokaido di altissima qualit\u00e0 per sensei di 6\u00b0 dan e oltre. La trovi su www.daisho.be | Daisho","og_url":"https:\/\/www.daisho.be\/it\/produit\/cintura-di-karate-tokaido-rossa-bianca\/","og_site_name":"Daisho","article_modified_time":"2026-05-12T08:22:18+00:00","og_image":[{"width":384,"height":543,"url":"https:\/\/www.daisho.be\/wp-content\/uploads\/2024\/06\/image-56.jpg","type":"image\/jpeg"}],"twitter_card":"summary_large_image","schema":{"@context":"https:\/\/schema.org","@graph":[{"@type":"WebPage","@id":"https:\/\/www.daisho.be\/it\/produit\/cintura-di-karate-tokaido-rossa-bianca\/","url":"https:\/\/www.daisho.be\/it\/produit\/cintura-di-karate-tokaido-rossa-bianca\/","name":"CINTURA DI KARATE TOKAIDO ROSSA\/BIANCA &#8211; Daisho","isPartOf":{"@id":"https:\/\/www.daisho.be\/it\/#website"},"primaryImageOfPage":{"@id":"https:\/\/www.daisho.be\/it\/produit\/cintura-di-karate-tokaido-rossa-bianca\/#primaryimage"},"image":{"@id":"https:\/\/www.daisho.be\/it\/produit\/cintura-di-karate-tokaido-rossa-bianca\/#primaryimage"},"thumbnailUrl":"https:\/\/www.daisho.be\/wp-content\/uploads\/2024\/06\/image-56.jpg","datePublished":"2021-01-14T18:14:24+00:00","dateModified":"2026-05-12T08:22:18+00:00","description":"Cintura di karate Tokaido di altissima qualit\u00e0 per sensei di 6\u00b0 dan e oltre. La trovi su www.daisho.be | Daisho","breadcrumb":{"@id":"https:\/\/www.daisho.be\/it\/produit\/cintura-di-karate-tokaido-rossa-bianca\/#breadcrumb"},"inLanguage":"it-IT","potentialAction":[{"@type":"ReadAction","target":["https:\/\/www.daisho.be\/it\/produit\/cintura-di-karate-tokaido-rossa-bianca\/"]}]},{"@type":"ImageObject","inLanguage":"it-IT","@id":"https:\/\/www.daisho.be\/it\/produit\/cintura-di-karate-tokaido-rossa-bianca\/#primaryimage","url":"https:\/\/www.daisho.be\/wp-content\/uploads\/2024\/06\/image-56.jpg","contentUrl":"https:\/\/www.daisho.be\/wp-content\/uploads\/2024\/06\/image-56.jpg","width":384,"height":543,"caption":"CINTURA DI KARATE TOKAIDO ROSSA\/BIANCA-1"},{"@type":"BreadcrumbList","@id":"https:\/\/www.daisho.be\/it\/produit\/cintura-di-karate-tokaido-rossa-bianca\/#breadcrumb","itemListElement":[{"@type":"ListItem","position":1,"name":"Accueil","item":"https:\/\/www.daisho.be\/it\/"},{"@type":"ListItem","position":2,"name":"Prodotti","item":"https:\/\/www.daisho.be\/it\/prodotti\/"},{"@type":"ListItem","position":3,"name":"Attrezzature e abbigliamento per arti marziali e sport da combattimento","item":"https:\/\/www.daisho.be\/it\/categorie-produit\/attrezzature-e-abbigliamento-per-arti-marziali-e-sport-da-combattimento\/"},{"@type":"ListItem","position":4,"name":"Karate","item":"https:\/\/www.daisho.be\/it\/categorie-produit\/attrezzature-e-abbigliamento-per-arti-marziali-e-sport-da-combattimento\/karate-it-2\/"},{"@type":"ListItem","position":5,"name":"Cinture da karate","item":"https:\/\/www.daisho.be\/it\/categorie-produit\/attrezzature-e-abbigliamento-per-arti-marziali-e-sport-da-combattimento\/karate-it-2\/cinture-da-karate\/"},{"@type":"ListItem","position":6,"name":"CINTURA DI KARATE TOKAIDO ROSSA\/BIANCA"}]},{"@type":"WebSite","@id":"https:\/\/www.daisho.be\/it\/#website","url":"https:\/\/www.daisho.be\/it\/","name":"Daisho","description":"Sp&eacute;cialiste de l'&eacute;quipement sportif d'arts martiaux","publisher":{"@id":"https:\/\/www.daisho.be\/it\/#organization"},"potentialAction":[{"@type":"SearchAction","target":{"@type":"EntryPoint","urlTemplate":"https:\/\/www.daisho.be\/it\/?s={search_term_string}"},"query-input":{"@type":"PropertyValueSpecification","valueRequired":true,"valueName":"search_term_string"}}],"inLanguage":"it-IT"},{"@type":"Organization","@id":"https:\/\/www.daisho.be\/it\/#organization","name":"Daisho","url":"https:\/\/www.daisho.be\/it\/","logo":{"@type":"ImageObject","inLanguage":"it-IT","@id":"https:\/\/www.daisho.be\/it\/#\/schema\/logo\/image\/","url":"https:\/\/www.daisho.be\/wp-content\/uploads\/2019\/07\/color-nothing-horizontale4x-e1564486100247.png","contentUrl":"https:\/\/www.daisho.be\/wp-content\/uploads\/2019\/07\/color-nothing-horizontale4x-e1564486100247.png","width":1547,"height":385,"caption":"Daisho"},"image":{"@id":"https:\/\/www.daisho.be\/it\/#\/schema\/logo\/image\/"}}]}},"_links":{"self":[{"href":"https:\/\/www.daisho.be\/it\/wp-json\/wp\/v2\/product\/454424","targetHints":{"allow":["GET"]}}],"collection":[{"href":"https:\/\/www.daisho.be\/it\/wp-json\/wp\/v2\/product"}],"about":[{"href":"https:\/\/www.daisho.be\/it\/wp-json\/wp\/v2\/types\/product"}],"replies":[{"embeddable":true,"href":"https:\/\/www.daisho.be\/it\/wp-json\/wp\/v2\/comments?post=454424"}],"wp:featuredmedia":[{"embeddable":true,"href":"https:\/\/www.daisho.be\/it\/wp-json\/wp\/v2\/media\/454440"}],"wp:attachment":[{"href":"https:\/\/www.daisho.be\/it\/wp-json\/wp\/v2\/media?parent=454424"}],"wp:term":[{"taxonomy":"product_brand","embeddable":true,"href":"https:\/\/www.daisho.be\/it\/wp-json\/wp\/v2\/product_brand?post=454424"},{"taxonomy":"product_cat","embeddable":true,"href":"https:\/\/www.daisho.be\/it\/wp-json\/wp\/v2\/product_cat?post=454424"},{"taxonomy":"product_tag","embeddable":true,"href":"https:\/\/www.daisho.be\/it\/wp-json\/wp\/v2\/product_tag?post=454424"},{"taxonomy":"sport","embeddable":true,"href":"https:\/\/www.daisho.be\/it\/wp-json\/wp\/v2\/sport?post=454424"}],"curies":[{"name":"wp","href":"https:\/\/api.w.org\/{rel}","templated":true}]}}