{"id":454329,"date":"2021-03-02T07:26:19","date_gmt":"2021-03-02T06:26:19","guid":{"rendered":"https:\/\/www.daisho.be\/produit\/airfloor-3-x-1-m-spark\/"},"modified":"2025-12-11T10:39:27","modified_gmt":"2025-12-11T09:39:27","slug":"airfloor-3-x-1-m-spark","status":"publish","type":"product","link":"https:\/\/www.daisho.be\/it\/produit\/airfloor-3-x-1-m-spark\/","title":{"rendered":"AirFloor 3 x 1 m &#8211; Spark"},"content":{"rendered":"<p>Lo spessore di 10 cm di AirFloor \u00e8 la nostra pista pi\u00f9 sottile. La sua mobilit\u00e0 e stabilit\u00e0 rendono AirFloor ideale per la ginnastica, il cheerleading, le arti marziali, la palestra e gli sport scolastici.<\/p>\n<p>Pi\u00f9 morbido sul corpo rispetto alla schiuma, pi\u00f9 gonfiabile di un pavimento a molle e altamente versatile, AirFloor offre un&#8217;esperienza di allenamento unica. Protezione delle cuciture. 5 anni di garanzia. <\/p>\n","protected":false},"excerpt":{"rendered":"<p>Lo spessore di 10 cm di AirFloor \u00e8 la nostra pista pi\u00f9 sottile. La sua mobilit\u00e0 e stabilit\u00e0 rendono AirFloor ideale per la ginnastica, il cheerleading, le arti marziali, la palestra e gli sport scolastici. Pi\u00f9 morbido sul corpo rispetto alla schiuma, pi\u00f9 gonfiabile di un pavimento a molle e altamente versatile, AirFloor offre un&#8217;esperienza [&hellip;]<\/p>\n","protected":false},"featured_media":545829,"comment_status":"open","ping_status":"closed","template":"","meta":{"inline_featured_image":false},"product_brand":[],"product_cat":[2232],"product_tag":[2553,2233],"sport":[],"class_list":{"0":"post-454329","1":"product","2":"type-product","3":"status-publish","4":"has-post-thumbnail","6":"product_cat-tappeti","7":"product_tag-citazione","8":"product_tag-fabbrica-di-airtrack","9":"product_shipping_class-prodotti-ingombranti","10":"pa_size-sans-taille-defaut","12":"first","13":"instock","14":"taxable","15":"shipping-taxable","16":"purchasable","17":"product-type-variable"},"yoast_head":"<!-- This site is optimized with the Yoast SEO plugin v27.2 - https:\/\/yoast.com\/product\/yoast-seo-wordpress\/ -->\n<title>AirFloor 3 x 1 m - Spark &#8211; Daisho<\/title>\n<meta name=\"robots\" content=\"index, follow, max-snippet:-1, max-image-preview:large, max-video-preview:-1\" \/>\n<link rel=\"canonical\" href=\"https:\/\/www.daisho.be\/it\/produit\/airfloor-3-x-1-m-spark\/\" \/>\n<meta property=\"og:locale\" content=\"it_IT\" \/>\n<meta property=\"og:type\" content=\"article\" \/>\n<meta property=\"og:title\" content=\"AirFloor 3 x 1 m - Spark &#8211; Daisho\" \/>\n<meta property=\"og:description\" content=\"Lo spessore di 10 cm di AirFloor \u00e8 la nostra pista pi\u00f9 sottile. La sua mobilit\u00e0 e stabilit\u00e0 rendono AirFloor ideale per la ginnastica, il cheerleading, le arti marziali, la palestra e gli sport scolastici. Pi\u00f9 morbido sul corpo rispetto alla schiuma, pi\u00f9 gonfiabile di un pavimento a molle e altamente versatile, AirFloor offre un&#8217;esperienza [&hellip;]\" \/>\n<meta property=\"og:url\" content=\"https:\/\/www.daisho.be\/it\/produit\/airfloor-3-x-1-m-spark\/\" \/>\n<meta property=\"og:site_name\" content=\"Daisho\" \/>\n<meta property=\"article:modified_time\" content=\"2025-12-11T09:39:27+00:00\" \/>\n<meta property=\"og:image\" content=\"https:\/\/www.daisho.be\/wp-content\/uploads\/2025\/08\/image-9.png\" \/>\n\t<meta property=\"og:image:width\" content=\"1362\" \/>\n\t<meta property=\"og:image:height\" content=\"634\" \/>\n\t<meta property=\"og:image:type\" content=\"image\/png\" \/>\n<meta name=\"twitter:card\" content=\"summary_large_image\" \/>\n<script type=\"application\/ld+json\" class=\"yoast-schema-graph\">{\"@context\":\"https:\/\/schema.org\",\"@graph\":[{\"@type\":\"WebPage\",\"@id\":\"https:\/\/www.daisho.be\/it\/produit\/airfloor-3-x-1-m-spark\/\",\"url\":\"https:\/\/www.daisho.be\/it\/produit\/airfloor-3-x-1-m-spark\/\",\"name\":\"AirFloor 3 x 1 m - Spark &#8211; Daisho\",\"isPartOf\":{\"@id\":\"https:\/\/www.daisho.be\/it\/#website\"},\"primaryImageOfPage\":{\"@id\":\"https:\/\/www.daisho.be\/it\/produit\/airfloor-3-x-1-m-spark\/#primaryimage\"},\"image\":{\"@id\":\"https:\/\/www.daisho.be\/it\/produit\/airfloor-3-x-1-m-spark\/#primaryimage\"},\"thumbnailUrl\":\"https:\/\/www.daisho.be\/wp-content\/uploads\/2025\/08\/image-9.png\",\"datePublished\":\"2021-03-02T06:26:19+00:00\",\"dateModified\":\"2025-12-11T09:39:27+00:00\",\"breadcrumb\":{\"@id\":\"https:\/\/www.daisho.be\/it\/produit\/airfloor-3-x-1-m-spark\/#breadcrumb\"},\"inLanguage\":\"it-IT\",\"potentialAction\":[{\"@type\":\"ReadAction\",\"target\":[\"https:\/\/www.daisho.be\/it\/produit\/airfloor-3-x-1-m-spark\/\"]}]},{\"@type\":\"ImageObject\",\"inLanguage\":\"it-IT\",\"@id\":\"https:\/\/www.daisho.be\/it\/produit\/airfloor-3-x-1-m-spark\/#primaryimage\",\"url\":\"https:\/\/www.daisho.be\/wp-content\/uploads\/2025\/08\/image-9.png\",\"contentUrl\":\"https:\/\/www.daisho.be\/wp-content\/uploads\/2025\/08\/image-9.png\",\"width\":1362,\"height\":634,\"caption\":\"AirFloor 3 x 1 m - Spark-1\"},{\"@type\":\"BreadcrumbList\",\"@id\":\"https:\/\/www.daisho.be\/it\/produit\/airfloor-3-x-1-m-spark\/#breadcrumb\",\"itemListElement\":[{\"@type\":\"ListItem\",\"position\":1,\"name\":\"Accueil\",\"item\":\"https:\/\/www.daisho.be\/it\/\"},{\"@type\":\"ListItem\",\"position\":2,\"name\":\"Prodotti\",\"item\":\"https:\/\/www.daisho.be\/it\/prodotti\/\"},{\"@type\":\"ListItem\",\"position\":3,\"name\":\"Sport da combattimento\",\"item\":\"https:\/\/www.daisho.be\/it\/categorie-produit\/sport-da-combattimento\/\"},{\"@type\":\"ListItem\",\"position\":4,\"name\":\"Tappeti\",\"item\":\"https:\/\/www.daisho.be\/it\/categorie-produit\/sport-da-combattimento\/tappeti\/\"},{\"@type\":\"ListItem\",\"position\":5,\"name\":\"AirFloor 3 x 1 m &#8211; Spark\"}]},{\"@type\":\"WebSite\",\"@id\":\"https:\/\/www.daisho.be\/it\/#website\",\"url\":\"https:\/\/www.daisho.be\/it\/\",\"name\":\"Daisho\",\"description\":\"Sp&eacute;cialiste de l'&eacute;quipement sportif d'arts martiaux\",\"publisher\":{\"@id\":\"https:\/\/www.daisho.be\/it\/#organization\"},\"potentialAction\":[{\"@type\":\"SearchAction\",\"target\":{\"@type\":\"EntryPoint\",\"urlTemplate\":\"https:\/\/www.daisho.be\/it\/?s={search_term_string}\"},\"query-input\":{\"@type\":\"PropertyValueSpecification\",\"valueRequired\":true,\"valueName\":\"search_term_string\"}}],\"inLanguage\":\"it-IT\"},{\"@type\":\"Organization\",\"@id\":\"https:\/\/www.daisho.be\/it\/#organization\",\"name\":\"Daisho\",\"url\":\"https:\/\/www.daisho.be\/it\/\",\"logo\":{\"@type\":\"ImageObject\",\"inLanguage\":\"it-IT\",\"@id\":\"https:\/\/www.daisho.be\/it\/#\/schema\/logo\/image\/\",\"url\":\"https:\/\/www.daisho.be\/wp-content\/uploads\/2019\/07\/color-nothing-horizontale4x-e1564486100247.png\",\"contentUrl\":\"https:\/\/www.daisho.be\/wp-content\/uploads\/2019\/07\/color-nothing-horizontale4x-e1564486100247.png\",\"width\":1547,\"height\":385,\"caption\":\"Daisho\"},\"image\":{\"@id\":\"https:\/\/www.daisho.be\/it\/#\/schema\/logo\/image\/\"}}]}<\/script>\n<!-- \/ Yoast SEO plugin. -->","yoast_head_json":{"title":"AirFloor 3 x 1 m - Spark &#8211; Daisho","robots":{"index":"index","follow":"follow","max-snippet":"max-snippet:-1","max-image-preview":"max-image-preview:large","max-video-preview":"max-video-preview:-1"},"canonical":"https:\/\/www.daisho.be\/it\/produit\/airfloor-3-x-1-m-spark\/","og_locale":"it_IT","og_type":"article","og_title":"AirFloor 3 x 1 m - Spark &#8211; Daisho","og_description":"Lo spessore di 10 cm di AirFloor \u00e8 la nostra pista pi\u00f9 sottile. La sua mobilit\u00e0 e stabilit\u00e0 rendono AirFloor ideale per la ginnastica, il cheerleading, le arti marziali, la palestra e gli sport scolastici. Pi\u00f9 morbido sul corpo rispetto alla schiuma, pi\u00f9 gonfiabile di un pavimento a molle e altamente versatile, AirFloor offre un&#8217;esperienza [&hellip;]","og_url":"https:\/\/www.daisho.be\/it\/produit\/airfloor-3-x-1-m-spark\/","og_site_name":"Daisho","article_modified_time":"2025-12-11T09:39:27+00:00","og_image":[{"width":1362,"height":634,"url":"https:\/\/www.daisho.be\/wp-content\/uploads\/2025\/08\/image-9.png","type":"image\/png"}],"twitter_card":"summary_large_image","schema":{"@context":"https:\/\/schema.org","@graph":[{"@type":"WebPage","@id":"https:\/\/www.daisho.be\/it\/produit\/airfloor-3-x-1-m-spark\/","url":"https:\/\/www.daisho.be\/it\/produit\/airfloor-3-x-1-m-spark\/","name":"AirFloor 3 x 1 m - Spark &#8211; Daisho","isPartOf":{"@id":"https:\/\/www.daisho.be\/it\/#website"},"primaryImageOfPage":{"@id":"https:\/\/www.daisho.be\/it\/produit\/airfloor-3-x-1-m-spark\/#primaryimage"},"image":{"@id":"https:\/\/www.daisho.be\/it\/produit\/airfloor-3-x-1-m-spark\/#primaryimage"},"thumbnailUrl":"https:\/\/www.daisho.be\/wp-content\/uploads\/2025\/08\/image-9.png","datePublished":"2021-03-02T06:26:19+00:00","dateModified":"2025-12-11T09:39:27+00:00","breadcrumb":{"@id":"https:\/\/www.daisho.be\/it\/produit\/airfloor-3-x-1-m-spark\/#breadcrumb"},"inLanguage":"it-IT","potentialAction":[{"@type":"ReadAction","target":["https:\/\/www.daisho.be\/it\/produit\/airfloor-3-x-1-m-spark\/"]}]},{"@type":"ImageObject","inLanguage":"it-IT","@id":"https:\/\/www.daisho.be\/it\/produit\/airfloor-3-x-1-m-spark\/#primaryimage","url":"https:\/\/www.daisho.be\/wp-content\/uploads\/2025\/08\/image-9.png","contentUrl":"https:\/\/www.daisho.be\/wp-content\/uploads\/2025\/08\/image-9.png","width":1362,"height":634,"caption":"AirFloor 3 x 1 m - Spark-1"},{"@type":"BreadcrumbList","@id":"https:\/\/www.daisho.be\/it\/produit\/airfloor-3-x-1-m-spark\/#breadcrumb","itemListElement":[{"@type":"ListItem","position":1,"name":"Accueil","item":"https:\/\/www.daisho.be\/it\/"},{"@type":"ListItem","position":2,"name":"Prodotti","item":"https:\/\/www.daisho.be\/it\/prodotti\/"},{"@type":"ListItem","position":3,"name":"Sport da combattimento","item":"https:\/\/www.daisho.be\/it\/categorie-produit\/sport-da-combattimento\/"},{"@type":"ListItem","position":4,"name":"Tappeti","item":"https:\/\/www.daisho.be\/it\/categorie-produit\/sport-da-combattimento\/tappeti\/"},{"@type":"ListItem","position":5,"name":"AirFloor 3 x 1 m &#8211; Spark"}]},{"@type":"WebSite","@id":"https:\/\/www.daisho.be\/it\/#website","url":"https:\/\/www.daisho.be\/it\/","name":"Daisho","description":"Sp&eacute;cialiste de l'&eacute;quipement sportif d'arts martiaux","publisher":{"@id":"https:\/\/www.daisho.be\/it\/#organization"},"potentialAction":[{"@type":"SearchAction","target":{"@type":"EntryPoint","urlTemplate":"https:\/\/www.daisho.be\/it\/?s={search_term_string}"},"query-input":{"@type":"PropertyValueSpecification","valueRequired":true,"valueName":"search_term_string"}}],"inLanguage":"it-IT"},{"@type":"Organization","@id":"https:\/\/www.daisho.be\/it\/#organization","name":"Daisho","url":"https:\/\/www.daisho.be\/it\/","logo":{"@type":"ImageObject","inLanguage":"it-IT","@id":"https:\/\/www.daisho.be\/it\/#\/schema\/logo\/image\/","url":"https:\/\/www.daisho.be\/wp-content\/uploads\/2019\/07\/color-nothing-horizontale4x-e1564486100247.png","contentUrl":"https:\/\/www.daisho.be\/wp-content\/uploads\/2019\/07\/color-nothing-horizontale4x-e1564486100247.png","width":1547,"height":385,"caption":"Daisho"},"image":{"@id":"https:\/\/www.daisho.be\/it\/#\/schema\/logo\/image\/"}}]}},"_links":{"self":[{"href":"https:\/\/www.daisho.be\/it\/wp-json\/wp\/v2\/product\/454329","targetHints":{"allow":["GET"]}}],"collection":[{"href":"https:\/\/www.daisho.be\/it\/wp-json\/wp\/v2\/product"}],"about":[{"href":"https:\/\/www.daisho.be\/it\/wp-json\/wp\/v2\/types\/product"}],"replies":[{"embeddable":true,"href":"https:\/\/www.daisho.be\/it\/wp-json\/wp\/v2\/comments?post=454329"}],"wp:featuredmedia":[{"embeddable":true,"href":"https:\/\/www.daisho.be\/it\/wp-json\/wp\/v2\/media\/545829"}],"wp:attachment":[{"href":"https:\/\/www.daisho.be\/it\/wp-json\/wp\/v2\/media?parent=454329"}],"wp:term":[{"taxonomy":"product_brand","embeddable":true,"href":"https:\/\/www.daisho.be\/it\/wp-json\/wp\/v2\/product_brand?post=454329"},{"taxonomy":"product_cat","embeddable":true,"href":"https:\/\/www.daisho.be\/it\/wp-json\/wp\/v2\/product_cat?post=454329"},{"taxonomy":"product_tag","embeddable":true,"href":"https:\/\/www.daisho.be\/it\/wp-json\/wp\/v2\/product_tag?post=454329"},{"taxonomy":"sport","embeddable":true,"href":"https:\/\/www.daisho.be\/it\/wp-json\/wp\/v2\/sport?post=454329"}],"curies":[{"name":"wp","href":"https:\/\/api.w.org\/{rel}","templated":true}]}}