{"id":453990,"date":"2019-12-03T12:08:18","date_gmt":"2019-12-03T11:08:18","guid":{"rendered":"https:\/\/www.daisho.be\/produit\/ingresso-multisport-tatami\/"},"modified":"2026-04-14T14:01:49","modified_gmt":"2026-04-14T12:01:49","slug":"ingresso-multisport-tatami","status":"publish","type":"product","link":"https:\/\/www.daisho.be\/it\/produit\/ingresso-multisport-tatami\/","title":{"rendered":"Ingresso MULTISPORT Tatami"},"content":{"rendered":"<p>Il tappetino ProGame Tatami Entry \u00e8 il prodotto di base per praticare diversi sport e arti marziali.<br \/>\n\u00c8 stato progettato per soddisfare le esigenze di diverse arti marziali e offre la qualit\u00e0 Trocellen a un prezzo molto conveniente. \u00c8 un tappetino puzzle progettato specificamente per l&#8217;allenamento, le sale polisportive e i dojo.<br \/>\nHa uno spessore di 2,2 cm ed \u00e8 pi\u00f9 leggero e facile da spostare rispetto agli altri tappetini puzzle disponibili sul mercato.<br \/>\nDimensioni: 1000 x 1000 x 22 mm<br \/>\nPeso: 1,5 kg<br \/>\nColori: nero\/rosso<br \/>\nSicurezza: EN 1177 HIC (Head Injury Criteria) &#8211; NF EN 12503.1<br \/>\nBordo di finitura fornito con ogni tappetino. <\/p>\n","protected":false},"excerpt":{"rendered":"<p>Il tappetino ProGame Tatami Entry \u00e8 il prodotto di base per praticare diversi sport e arti marziali. \u00c8 stato progettato per soddisfare le esigenze di diverse arti marziali e offre la qualit\u00e0 Trocellen a un prezzo molto conveniente. \u00c8 un tappetino puzzle progettato specificamente per l&#8217;allenamento, le sale polisportive e i dojo. Ha uno spessore [&hellip;]<\/p>\n","protected":false},"featured_media":678782,"comment_status":"closed","ping_status":"closed","template":"","meta":{"inline_featured_image":false},"product_brand":[],"product_cat":[2013],"product_tag":[2025],"sport":[],"class_list":{"0":"post-453990","1":"product","2":"type-product","3":"status-publish","4":"has-post-thumbnail","6":"product_cat-tappeti-tatami-per-judo-karate-e-taekwondo-arti-marziali","7":"product_tag-progame-tatamis-it","8":"product_shipping_class-prodotti-ingombranti","9":"pa_size-22-cm","11":"first","12":"outofstock","13":"taxable","14":"shipping-taxable","15":"purchasable","16":"product-type-variable"},"yoast_head":"<!-- This site is optimized with the Yoast SEO plugin v27.2 - https:\/\/yoast.com\/product\/yoast-seo-wordpress\/ -->\n<title>Ingresso MULTISPORT Tatami &#8211; Daisho<\/title>\n<meta name=\"description\" content=\"Hai bisogno di tatami entry-level per allestire le tue sale o i tuoi dojo? Scopri le stuoie tatami multisport ENTRY su www.daisho.be|Daisho\" \/>\n<meta name=\"robots\" content=\"index, follow, max-snippet:-1, max-image-preview:large, max-video-preview:-1\" \/>\n<link rel=\"canonical\" href=\"https:\/\/www.daisho.be\/it\/produit\/ingresso-multisport-tatami\/\" \/>\n<meta property=\"og:locale\" content=\"it_IT\" \/>\n<meta property=\"og:type\" content=\"article\" \/>\n<meta property=\"og:title\" content=\"Ingresso MULTISPORT Tatami &#8211; Daisho\" \/>\n<meta property=\"og:description\" content=\"Hai bisogno di tatami entry-level per allestire le tue sale o i tuoi dojo? Scopri le stuoie tatami multisport ENTRY su www.daisho.be|Daisho\" \/>\n<meta property=\"og:url\" content=\"https:\/\/www.daisho.be\/it\/produit\/ingresso-multisport-tatami\/\" \/>\n<meta property=\"og:site_name\" content=\"Daisho\" \/>\n<meta property=\"article:modified_time\" content=\"2026-04-14T12:01:49+00:00\" \/>\n<meta property=\"og:image\" content=\"https:\/\/www.daisho.be\/wp-content\/uploads\/2026\/04\/image-81.jpg\" \/>\n\t<meta property=\"og:image:width\" content=\"1200\" \/>\n\t<meta property=\"og:image:height\" content=\"899\" \/>\n\t<meta property=\"og:image:type\" content=\"image\/jpeg\" \/>\n<meta name=\"twitter:card\" content=\"summary_large_image\" \/>\n<script type=\"application\/ld+json\" class=\"yoast-schema-graph\">{\"@context\":\"https:\/\/schema.org\",\"@graph\":[{\"@type\":\"WebPage\",\"@id\":\"https:\/\/www.daisho.be\/it\/produit\/ingresso-multisport-tatami\/\",\"url\":\"https:\/\/www.daisho.be\/it\/produit\/ingresso-multisport-tatami\/\",\"name\":\"Ingresso MULTISPORT Tatami &#8211; Daisho\",\"isPartOf\":{\"@id\":\"https:\/\/www.daisho.be\/it\/#website\"},\"primaryImageOfPage\":{\"@id\":\"https:\/\/www.daisho.be\/it\/produit\/ingresso-multisport-tatami\/#primaryimage\"},\"image\":{\"@id\":\"https:\/\/www.daisho.be\/it\/produit\/ingresso-multisport-tatami\/#primaryimage\"},\"thumbnailUrl\":\"https:\/\/www.daisho.be\/wp-content\/uploads\/2026\/04\/image-81.jpg\",\"datePublished\":\"2019-12-03T11:08:18+00:00\",\"dateModified\":\"2026-04-14T12:01:49+00:00\",\"description\":\"Hai bisogno di tatami entry-level per allestire le tue sale o i tuoi dojo? Scopri le stuoie tatami multisport ENTRY su www.daisho.be|Daisho\",\"breadcrumb\":{\"@id\":\"https:\/\/www.daisho.be\/it\/produit\/ingresso-multisport-tatami\/#breadcrumb\"},\"inLanguage\":\"it-IT\",\"potentialAction\":[{\"@type\":\"ReadAction\",\"target\":[\"https:\/\/www.daisho.be\/it\/produit\/ingresso-multisport-tatami\/\"]}]},{\"@type\":\"ImageObject\",\"inLanguage\":\"it-IT\",\"@id\":\"https:\/\/www.daisho.be\/it\/produit\/ingresso-multisport-tatami\/#primaryimage\",\"url\":\"https:\/\/www.daisho.be\/wp-content\/uploads\/2026\/04\/image-81.jpg\",\"contentUrl\":\"https:\/\/www.daisho.be\/wp-content\/uploads\/2026\/04\/image-81.jpg\",\"width\":1200,\"height\":899,\"caption\":\"Tatami MULTISPORT ENTRY-1\"},{\"@type\":\"BreadcrumbList\",\"@id\":\"https:\/\/www.daisho.be\/it\/produit\/ingresso-multisport-tatami\/#breadcrumb\",\"itemListElement\":[{\"@type\":\"ListItem\",\"position\":1,\"name\":\"Accueil\",\"item\":\"https:\/\/www.daisho.be\/it\/\"},{\"@type\":\"ListItem\",\"position\":2,\"name\":\"Prodotti\",\"item\":\"https:\/\/www.daisho.be\/it\/prodotti\/\"},{\"@type\":\"ListItem\",\"position\":3,\"name\":\"Sport da combattimento\",\"item\":\"https:\/\/www.daisho.be\/it\/categorie-produit\/sport-da-combattimento\/\"},{\"@type\":\"ListItem\",\"position\":4,\"name\":\"Tappeti tatami per Judo, Karate e Taekwondo (arti marziali)\",\"item\":\"https:\/\/www.daisho.be\/it\/categorie-produit\/sport-da-combattimento\/tappeti-tatami-per-judo-karate-e-taekwondo-arti-marziali\/\"},{\"@type\":\"ListItem\",\"position\":5,\"name\":\"Ingresso MULTISPORT Tatami\"}]},{\"@type\":\"WebSite\",\"@id\":\"https:\/\/www.daisho.be\/it\/#website\",\"url\":\"https:\/\/www.daisho.be\/it\/\",\"name\":\"Daisho\",\"description\":\"Sp&eacute;cialiste de l'&eacute;quipement sportif d'arts martiaux\",\"publisher\":{\"@id\":\"https:\/\/www.daisho.be\/it\/#organization\"},\"potentialAction\":[{\"@type\":\"SearchAction\",\"target\":{\"@type\":\"EntryPoint\",\"urlTemplate\":\"https:\/\/www.daisho.be\/it\/?s={search_term_string}\"},\"query-input\":{\"@type\":\"PropertyValueSpecification\",\"valueRequired\":true,\"valueName\":\"search_term_string\"}}],\"inLanguage\":\"it-IT\"},{\"@type\":\"Organization\",\"@id\":\"https:\/\/www.daisho.be\/it\/#organization\",\"name\":\"Daisho\",\"url\":\"https:\/\/www.daisho.be\/it\/\",\"logo\":{\"@type\":\"ImageObject\",\"inLanguage\":\"it-IT\",\"@id\":\"https:\/\/www.daisho.be\/it\/#\/schema\/logo\/image\/\",\"url\":\"https:\/\/www.daisho.be\/wp-content\/uploads\/2019\/07\/color-nothing-horizontale4x-e1564486100247.png\",\"contentUrl\":\"https:\/\/www.daisho.be\/wp-content\/uploads\/2019\/07\/color-nothing-horizontale4x-e1564486100247.png\",\"width\":1547,\"height\":385,\"caption\":\"Daisho\"},\"image\":{\"@id\":\"https:\/\/www.daisho.be\/it\/#\/schema\/logo\/image\/\"}}]}<\/script>\n<!-- \/ Yoast SEO plugin. -->","yoast_head_json":{"title":"Ingresso MULTISPORT Tatami &#8211; Daisho","description":"Hai bisogno di tatami entry-level per allestire le tue sale o i tuoi dojo? Scopri le stuoie tatami multisport ENTRY su www.daisho.be|Daisho","robots":{"index":"index","follow":"follow","max-snippet":"max-snippet:-1","max-image-preview":"max-image-preview:large","max-video-preview":"max-video-preview:-1"},"canonical":"https:\/\/www.daisho.be\/it\/produit\/ingresso-multisport-tatami\/","og_locale":"it_IT","og_type":"article","og_title":"Ingresso MULTISPORT Tatami &#8211; Daisho","og_description":"Hai bisogno di tatami entry-level per allestire le tue sale o i tuoi dojo? Scopri le stuoie tatami multisport ENTRY su www.daisho.be|Daisho","og_url":"https:\/\/www.daisho.be\/it\/produit\/ingresso-multisport-tatami\/","og_site_name":"Daisho","article_modified_time":"2026-04-14T12:01:49+00:00","og_image":[{"width":1200,"height":899,"url":"https:\/\/www.daisho.be\/wp-content\/uploads\/2026\/04\/image-81.jpg","type":"image\/jpeg"}],"twitter_card":"summary_large_image","schema":{"@context":"https:\/\/schema.org","@graph":[{"@type":"WebPage","@id":"https:\/\/www.daisho.be\/it\/produit\/ingresso-multisport-tatami\/","url":"https:\/\/www.daisho.be\/it\/produit\/ingresso-multisport-tatami\/","name":"Ingresso MULTISPORT Tatami &#8211; Daisho","isPartOf":{"@id":"https:\/\/www.daisho.be\/it\/#website"},"primaryImageOfPage":{"@id":"https:\/\/www.daisho.be\/it\/produit\/ingresso-multisport-tatami\/#primaryimage"},"image":{"@id":"https:\/\/www.daisho.be\/it\/produit\/ingresso-multisport-tatami\/#primaryimage"},"thumbnailUrl":"https:\/\/www.daisho.be\/wp-content\/uploads\/2026\/04\/image-81.jpg","datePublished":"2019-12-03T11:08:18+00:00","dateModified":"2026-04-14T12:01:49+00:00","description":"Hai bisogno di tatami entry-level per allestire le tue sale o i tuoi dojo? Scopri le stuoie tatami multisport ENTRY su www.daisho.be|Daisho","breadcrumb":{"@id":"https:\/\/www.daisho.be\/it\/produit\/ingresso-multisport-tatami\/#breadcrumb"},"inLanguage":"it-IT","potentialAction":[{"@type":"ReadAction","target":["https:\/\/www.daisho.be\/it\/produit\/ingresso-multisport-tatami\/"]}]},{"@type":"ImageObject","inLanguage":"it-IT","@id":"https:\/\/www.daisho.be\/it\/produit\/ingresso-multisport-tatami\/#primaryimage","url":"https:\/\/www.daisho.be\/wp-content\/uploads\/2026\/04\/image-81.jpg","contentUrl":"https:\/\/www.daisho.be\/wp-content\/uploads\/2026\/04\/image-81.jpg","width":1200,"height":899,"caption":"Tatami MULTISPORT ENTRY-1"},{"@type":"BreadcrumbList","@id":"https:\/\/www.daisho.be\/it\/produit\/ingresso-multisport-tatami\/#breadcrumb","itemListElement":[{"@type":"ListItem","position":1,"name":"Accueil","item":"https:\/\/www.daisho.be\/it\/"},{"@type":"ListItem","position":2,"name":"Prodotti","item":"https:\/\/www.daisho.be\/it\/prodotti\/"},{"@type":"ListItem","position":3,"name":"Sport da combattimento","item":"https:\/\/www.daisho.be\/it\/categorie-produit\/sport-da-combattimento\/"},{"@type":"ListItem","position":4,"name":"Tappeti tatami per Judo, Karate e Taekwondo (arti marziali)","item":"https:\/\/www.daisho.be\/it\/categorie-produit\/sport-da-combattimento\/tappeti-tatami-per-judo-karate-e-taekwondo-arti-marziali\/"},{"@type":"ListItem","position":5,"name":"Ingresso MULTISPORT Tatami"}]},{"@type":"WebSite","@id":"https:\/\/www.daisho.be\/it\/#website","url":"https:\/\/www.daisho.be\/it\/","name":"Daisho","description":"Sp&eacute;cialiste de l'&eacute;quipement sportif d'arts martiaux","publisher":{"@id":"https:\/\/www.daisho.be\/it\/#organization"},"potentialAction":[{"@type":"SearchAction","target":{"@type":"EntryPoint","urlTemplate":"https:\/\/www.daisho.be\/it\/?s={search_term_string}"},"query-input":{"@type":"PropertyValueSpecification","valueRequired":true,"valueName":"search_term_string"}}],"inLanguage":"it-IT"},{"@type":"Organization","@id":"https:\/\/www.daisho.be\/it\/#organization","name":"Daisho","url":"https:\/\/www.daisho.be\/it\/","logo":{"@type":"ImageObject","inLanguage":"it-IT","@id":"https:\/\/www.daisho.be\/it\/#\/schema\/logo\/image\/","url":"https:\/\/www.daisho.be\/wp-content\/uploads\/2019\/07\/color-nothing-horizontale4x-e1564486100247.png","contentUrl":"https:\/\/www.daisho.be\/wp-content\/uploads\/2019\/07\/color-nothing-horizontale4x-e1564486100247.png","width":1547,"height":385,"caption":"Daisho"},"image":{"@id":"https:\/\/www.daisho.be\/it\/#\/schema\/logo\/image\/"}}]}},"_links":{"self":[{"href":"https:\/\/www.daisho.be\/it\/wp-json\/wp\/v2\/product\/453990","targetHints":{"allow":["GET"]}}],"collection":[{"href":"https:\/\/www.daisho.be\/it\/wp-json\/wp\/v2\/product"}],"about":[{"href":"https:\/\/www.daisho.be\/it\/wp-json\/wp\/v2\/types\/product"}],"replies":[{"embeddable":true,"href":"https:\/\/www.daisho.be\/it\/wp-json\/wp\/v2\/comments?post=453990"}],"wp:featuredmedia":[{"embeddable":true,"href":"https:\/\/www.daisho.be\/it\/wp-json\/wp\/v2\/media\/678782"}],"wp:attachment":[{"href":"https:\/\/www.daisho.be\/it\/wp-json\/wp\/v2\/media?parent=453990"}],"wp:term":[{"taxonomy":"product_brand","embeddable":true,"href":"https:\/\/www.daisho.be\/it\/wp-json\/wp\/v2\/product_brand?post=453990"},{"taxonomy":"product_cat","embeddable":true,"href":"https:\/\/www.daisho.be\/it\/wp-json\/wp\/v2\/product_cat?post=453990"},{"taxonomy":"product_tag","embeddable":true,"href":"https:\/\/www.daisho.be\/it\/wp-json\/wp\/v2\/product_tag?post=453990"},{"taxonomy":"sport","embeddable":true,"href":"https:\/\/www.daisho.be\/it\/wp-json\/wp\/v2\/sport?post=453990"}],"curies":[{"name":"wp","href":"https:\/\/api.w.org\/{rel}","templated":true}]}}