{"id":453858,"date":"2020-01-09T13:06:47","date_gmt":"2020-01-09T12:06:47","guid":{"rendered":"https:\/\/www.daisho.be\/produit\/drainmax\/"},"modified":"2026-03-17T12:00:01","modified_gmt":"2026-03-17T11:00:01","slug":"drainmax","status":"publish","type":"product","link":"https:\/\/www.daisho.be\/it\/produit\/drainmax\/","title":{"rendered":"DRAINMAX"},"content":{"rendered":"<p>Drain Max \u00e8 un integratore alimentare che aiuta a combattere l&#8217;eccesso di acqua sottocutanea nell&#8217;organismo, lasciando il corpo pi\u00f9 asciutto e forte per una sensazione di leggerezza e dimagrimento. Questo diuretico naturale al 100% \u00e8 composto principalmente da t\u00e8 verde, radice di bardana in polvere ed estratto secco di acerola. Puoi quindi utilizzare questo integratore alimentare tutto l&#8217;anno, senza alcun effetto collaterale!<br \/>\nIl t\u00e8 verde ha un noto effetto diuretico: velocizza il transito, abbassa i livelli di colesterolo cattivo nel sangue, accelera il metabolismo bruciando calorie e grassi e migliora la digestione. Il t\u00e8 verde ha anche propriet\u00e0 disintossicanti e antinfiammatorie. La radice di bardana aiuta a eliminare l&#8217;acqua in eccesso, combatte le infiammazioni ed elimina batteri e tossine. L&#8217;acerola stimola il sistema immunitario e fornisce energia e resistenza. Drain Max \u00e8 il prodotto ideale per tutti gli sportivi, agonisti e non, che vogliono ridefinire la propria fibra muscolare, sentirsi pi\u00f9 leggeri e aumentare la propria energia.<br \/>\nIngredienti: (2 capsule): Estratto secco di t\u00e8 verde (Camellia sinensis, 300mg), Antiossidante: fosfato di potassio, Rivestimento: capsula bianca (gelatina, colorante: biossido di titanio), Estratto secco di bardana (Arctium lappa, 180mg), Estratto secco di acerola (Malpighia glabra, 141,2mg, inclusa vitamina C: 24mg, 30% AR*), Agente di carica: cellulosa microcristallina, Antiagglomeranti: magnesio stearato e biossido di silicio [Nano].<br \/>\nBENEFICI :    <\/p>\n<p>Un diuretico naturale che pu\u00f2 essere usato tutto l&#8217;anno.<br \/>\nCombatte efficacemente la ritenzione idrica.<br \/>\nAumenta l&#8217;energia.<br \/>\nTi fa sentire pi\u00f9 snello e leggero.<br \/>\nRidefinisce la fibra muscolare.<br \/>\nMigliora le prestazioni fisiche e la resistenza.<br \/>\nMigliora la digestione.<\/p>\n","protected":false},"excerpt":{"rendered":"<p>Drain Max \u00e8 un integratore alimentare che aiuta a combattere l&#8217;eccesso di acqua sottocutanea nell&#8217;organismo, lasciando il corpo pi\u00f9 asciutto e forte per una sensazione di leggerezza e dimagrimento. Questo diuretico naturale al 100% \u00e8 composto principalmente da t\u00e8 verde, radice di bardana in polvere ed estratto secco di acerola. Puoi quindi utilizzare questo integratore [&hellip;]<\/p>\n","protected":false},"featured_media":453860,"comment_status":"open","ping_status":"closed","template":"","meta":{"inline_featured_image":false},"product_brand":[],"product_cat":[2234],"product_tag":[2192],"sport":[],"class_list":{"0":"post-453858","1":"product","2":"type-product","3":"status-publish","4":"has-post-thumbnail","6":"product_cat-perdita-e-controllo-del-peso","7":"product_tag-evoluzione-del-protech","8":"pa_size-sans-taille-defaut","10":"first","11":"instock","12":"sale","13":"taxable","14":"shipping-taxable","15":"purchasable","16":"product-type-simple"},"yoast_head":"<!-- This site is optimized with the Yoast SEO plugin v27.2 - https:\/\/yoast.com\/product\/yoast-seo-wordpress\/ -->\n<title>DRAINMAX &#8211; Daisho<\/title>\n<meta name=\"description\" content=\"Hai bisogno di un integratore alimentare che ti aiuti a combattere l&#039;eccesso di acqua sottocutanea nel corpo? Trovalo su www.daisho.be|Daisho\" \/>\n<meta name=\"robots\" content=\"index, follow, max-snippet:-1, max-image-preview:large, max-video-preview:-1\" \/>\n<link rel=\"canonical\" href=\"https:\/\/www.daisho.be\/it\/produit\/drainmax\/\" \/>\n<meta property=\"og:locale\" content=\"it_IT\" \/>\n<meta property=\"og:type\" content=\"article\" \/>\n<meta property=\"og:title\" content=\"DRAINMAX &#8211; Daisho\" \/>\n<meta property=\"og:description\" content=\"Hai bisogno di un integratore alimentare che ti aiuti a combattere l&#039;eccesso di acqua sottocutanea nel corpo? Trovalo su www.daisho.be|Daisho\" \/>\n<meta property=\"og:url\" content=\"https:\/\/www.daisho.be\/it\/produit\/drainmax\/\" \/>\n<meta property=\"og:site_name\" content=\"Daisho\" \/>\n<meta property=\"article:modified_time\" content=\"2026-03-17T11:00:01+00:00\" \/>\n<meta property=\"og:image\" content=\"https:\/\/www.daisho.be\/wp-content\/uploads\/2023\/06\/image-3.png\" \/>\n\t<meta property=\"og:image:width\" content=\"312\" \/>\n\t<meta property=\"og:image:height\" content=\"527\" \/>\n\t<meta property=\"og:image:type\" content=\"image\/png\" \/>\n<meta name=\"twitter:card\" content=\"summary_large_image\" \/>\n<meta name=\"twitter:label1\" content=\"Tempo di lettura stimato\" \/>\n\t<meta name=\"twitter:data1\" content=\"1 minuto\" \/>\n<script type=\"application\/ld+json\" class=\"yoast-schema-graph\">{\"@context\":\"https:\/\/schema.org\",\"@graph\":[{\"@type\":\"WebPage\",\"@id\":\"https:\/\/www.daisho.be\/it\/produit\/drainmax\/\",\"url\":\"https:\/\/www.daisho.be\/it\/produit\/drainmax\/\",\"name\":\"DRAINMAX &#8211; Daisho\",\"isPartOf\":{\"@id\":\"https:\/\/www.daisho.be\/it\/#website\"},\"primaryImageOfPage\":{\"@id\":\"https:\/\/www.daisho.be\/it\/produit\/drainmax\/#primaryimage\"},\"image\":{\"@id\":\"https:\/\/www.daisho.be\/it\/produit\/drainmax\/#primaryimage\"},\"thumbnailUrl\":\"https:\/\/www.daisho.be\/wp-content\/uploads\/2023\/06\/image-3.png\",\"datePublished\":\"2020-01-09T12:06:47+00:00\",\"dateModified\":\"2026-03-17T11:00:01+00:00\",\"description\":\"Hai bisogno di un integratore alimentare che ti aiuti a combattere l'eccesso di acqua sottocutanea nel corpo? Trovalo su www.daisho.be|Daisho\",\"breadcrumb\":{\"@id\":\"https:\/\/www.daisho.be\/it\/produit\/drainmax\/#breadcrumb\"},\"inLanguage\":\"it-IT\",\"potentialAction\":[{\"@type\":\"ReadAction\",\"target\":[\"https:\/\/www.daisho.be\/it\/produit\/drainmax\/\"]}]},{\"@type\":\"ImageObject\",\"inLanguage\":\"it-IT\",\"@id\":\"https:\/\/www.daisho.be\/it\/produit\/drainmax\/#primaryimage\",\"url\":\"https:\/\/www.daisho.be\/wp-content\/uploads\/2023\/06\/image-3.png\",\"contentUrl\":\"https:\/\/www.daisho.be\/wp-content\/uploads\/2023\/06\/image-3.png\",\"width\":312,\"height\":527,\"caption\":\"DRAINMAX-1\"},{\"@type\":\"BreadcrumbList\",\"@id\":\"https:\/\/www.daisho.be\/it\/produit\/drainmax\/#breadcrumb\",\"itemListElement\":[{\"@type\":\"ListItem\",\"position\":1,\"name\":\"Accueil\",\"item\":\"https:\/\/www.daisho.be\/it\/\"},{\"@type\":\"ListItem\",\"position\":2,\"name\":\"Prodotti\",\"item\":\"https:\/\/www.daisho.be\/it\/prodotti\/\"},{\"@type\":\"ListItem\",\"position\":3,\"name\":\"Nutrizione sportiva\",\"item\":\"https:\/\/www.daisho.be\/it\/categorie-produit\/nutrizione-sportiva\/\"},{\"@type\":\"ListItem\",\"position\":4,\"name\":\"Perdita e controllo del peso\",\"item\":\"https:\/\/www.daisho.be\/it\/categorie-produit\/nutrizione-sportiva\/perdita-e-controllo-del-peso\/\"},{\"@type\":\"ListItem\",\"position\":5,\"name\":\"DRAINMAX\"}]},{\"@type\":\"WebSite\",\"@id\":\"https:\/\/www.daisho.be\/it\/#website\",\"url\":\"https:\/\/www.daisho.be\/it\/\",\"name\":\"Daisho\",\"description\":\"Sp&eacute;cialiste de l'&eacute;quipement sportif d'arts martiaux\",\"publisher\":{\"@id\":\"https:\/\/www.daisho.be\/it\/#organization\"},\"potentialAction\":[{\"@type\":\"SearchAction\",\"target\":{\"@type\":\"EntryPoint\",\"urlTemplate\":\"https:\/\/www.daisho.be\/it\/?s={search_term_string}\"},\"query-input\":{\"@type\":\"PropertyValueSpecification\",\"valueRequired\":true,\"valueName\":\"search_term_string\"}}],\"inLanguage\":\"it-IT\"},{\"@type\":\"Organization\",\"@id\":\"https:\/\/www.daisho.be\/it\/#organization\",\"name\":\"Daisho\",\"url\":\"https:\/\/www.daisho.be\/it\/\",\"logo\":{\"@type\":\"ImageObject\",\"inLanguage\":\"it-IT\",\"@id\":\"https:\/\/www.daisho.be\/it\/#\/schema\/logo\/image\/\",\"url\":\"https:\/\/www.daisho.be\/wp-content\/uploads\/2019\/07\/color-nothing-horizontale4x-e1564486100247.png\",\"contentUrl\":\"https:\/\/www.daisho.be\/wp-content\/uploads\/2019\/07\/color-nothing-horizontale4x-e1564486100247.png\",\"width\":1547,\"height\":385,\"caption\":\"Daisho\"},\"image\":{\"@id\":\"https:\/\/www.daisho.be\/it\/#\/schema\/logo\/image\/\"}}]}<\/script>\n<!-- \/ Yoast SEO plugin. -->","yoast_head_json":{"title":"DRAINMAX &#8211; Daisho","description":"Hai bisogno di un integratore alimentare che ti aiuti a combattere l'eccesso di acqua sottocutanea nel corpo? Trovalo su www.daisho.be|Daisho","robots":{"index":"index","follow":"follow","max-snippet":"max-snippet:-1","max-image-preview":"max-image-preview:large","max-video-preview":"max-video-preview:-1"},"canonical":"https:\/\/www.daisho.be\/it\/produit\/drainmax\/","og_locale":"it_IT","og_type":"article","og_title":"DRAINMAX &#8211; Daisho","og_description":"Hai bisogno di un integratore alimentare che ti aiuti a combattere l'eccesso di acqua sottocutanea nel corpo? Trovalo su www.daisho.be|Daisho","og_url":"https:\/\/www.daisho.be\/it\/produit\/drainmax\/","og_site_name":"Daisho","article_modified_time":"2026-03-17T11:00:01+00:00","og_image":[{"width":312,"height":527,"url":"https:\/\/www.daisho.be\/wp-content\/uploads\/2023\/06\/image-3.png","type":"image\/png"}],"twitter_card":"summary_large_image","twitter_misc":{"Tempo di lettura stimato":"1 minuto"},"schema":{"@context":"https:\/\/schema.org","@graph":[{"@type":"WebPage","@id":"https:\/\/www.daisho.be\/it\/produit\/drainmax\/","url":"https:\/\/www.daisho.be\/it\/produit\/drainmax\/","name":"DRAINMAX &#8211; Daisho","isPartOf":{"@id":"https:\/\/www.daisho.be\/it\/#website"},"primaryImageOfPage":{"@id":"https:\/\/www.daisho.be\/it\/produit\/drainmax\/#primaryimage"},"image":{"@id":"https:\/\/www.daisho.be\/it\/produit\/drainmax\/#primaryimage"},"thumbnailUrl":"https:\/\/www.daisho.be\/wp-content\/uploads\/2023\/06\/image-3.png","datePublished":"2020-01-09T12:06:47+00:00","dateModified":"2026-03-17T11:00:01+00:00","description":"Hai bisogno di un integratore alimentare che ti aiuti a combattere l'eccesso di acqua sottocutanea nel corpo? Trovalo su www.daisho.be|Daisho","breadcrumb":{"@id":"https:\/\/www.daisho.be\/it\/produit\/drainmax\/#breadcrumb"},"inLanguage":"it-IT","potentialAction":[{"@type":"ReadAction","target":["https:\/\/www.daisho.be\/it\/produit\/drainmax\/"]}]},{"@type":"ImageObject","inLanguage":"it-IT","@id":"https:\/\/www.daisho.be\/it\/produit\/drainmax\/#primaryimage","url":"https:\/\/www.daisho.be\/wp-content\/uploads\/2023\/06\/image-3.png","contentUrl":"https:\/\/www.daisho.be\/wp-content\/uploads\/2023\/06\/image-3.png","width":312,"height":527,"caption":"DRAINMAX-1"},{"@type":"BreadcrumbList","@id":"https:\/\/www.daisho.be\/it\/produit\/drainmax\/#breadcrumb","itemListElement":[{"@type":"ListItem","position":1,"name":"Accueil","item":"https:\/\/www.daisho.be\/it\/"},{"@type":"ListItem","position":2,"name":"Prodotti","item":"https:\/\/www.daisho.be\/it\/prodotti\/"},{"@type":"ListItem","position":3,"name":"Nutrizione sportiva","item":"https:\/\/www.daisho.be\/it\/categorie-produit\/nutrizione-sportiva\/"},{"@type":"ListItem","position":4,"name":"Perdita e controllo del peso","item":"https:\/\/www.daisho.be\/it\/categorie-produit\/nutrizione-sportiva\/perdita-e-controllo-del-peso\/"},{"@type":"ListItem","position":5,"name":"DRAINMAX"}]},{"@type":"WebSite","@id":"https:\/\/www.daisho.be\/it\/#website","url":"https:\/\/www.daisho.be\/it\/","name":"Daisho","description":"Sp&eacute;cialiste de l'&eacute;quipement sportif d'arts martiaux","publisher":{"@id":"https:\/\/www.daisho.be\/it\/#organization"},"potentialAction":[{"@type":"SearchAction","target":{"@type":"EntryPoint","urlTemplate":"https:\/\/www.daisho.be\/it\/?s={search_term_string}"},"query-input":{"@type":"PropertyValueSpecification","valueRequired":true,"valueName":"search_term_string"}}],"inLanguage":"it-IT"},{"@type":"Organization","@id":"https:\/\/www.daisho.be\/it\/#organization","name":"Daisho","url":"https:\/\/www.daisho.be\/it\/","logo":{"@type":"ImageObject","inLanguage":"it-IT","@id":"https:\/\/www.daisho.be\/it\/#\/schema\/logo\/image\/","url":"https:\/\/www.daisho.be\/wp-content\/uploads\/2019\/07\/color-nothing-horizontale4x-e1564486100247.png","contentUrl":"https:\/\/www.daisho.be\/wp-content\/uploads\/2019\/07\/color-nothing-horizontale4x-e1564486100247.png","width":1547,"height":385,"caption":"Daisho"},"image":{"@id":"https:\/\/www.daisho.be\/it\/#\/schema\/logo\/image\/"}}]}},"_links":{"self":[{"href":"https:\/\/www.daisho.be\/it\/wp-json\/wp\/v2\/product\/453858","targetHints":{"allow":["GET"]}}],"collection":[{"href":"https:\/\/www.daisho.be\/it\/wp-json\/wp\/v2\/product"}],"about":[{"href":"https:\/\/www.daisho.be\/it\/wp-json\/wp\/v2\/types\/product"}],"replies":[{"embeddable":true,"href":"https:\/\/www.daisho.be\/it\/wp-json\/wp\/v2\/comments?post=453858"}],"wp:featuredmedia":[{"embeddable":true,"href":"https:\/\/www.daisho.be\/it\/wp-json\/wp\/v2\/media\/453860"}],"wp:attachment":[{"href":"https:\/\/www.daisho.be\/it\/wp-json\/wp\/v2\/media?parent=453858"}],"wp:term":[{"taxonomy":"product_brand","embeddable":true,"href":"https:\/\/www.daisho.be\/it\/wp-json\/wp\/v2\/product_brand?post=453858"},{"taxonomy":"product_cat","embeddable":true,"href":"https:\/\/www.daisho.be\/it\/wp-json\/wp\/v2\/product_cat?post=453858"},{"taxonomy":"product_tag","embeddable":true,"href":"https:\/\/www.daisho.be\/it\/wp-json\/wp\/v2\/product_tag?post=453858"},{"taxonomy":"sport","embeddable":true,"href":"https:\/\/www.daisho.be\/it\/wp-json\/wp\/v2\/sport?post=453858"}],"curies":[{"name":"wp","href":"https:\/\/api.w.org\/{rel}","templated":true}]}}