{"id":453794,"date":"2020-01-18T15:22:44","date_gmt":"2020-01-18T14:22:44","guid":{"rendered":"https:\/\/www.daisho.be\/produit\/judogi-dax-fuji-bianco\/"},"modified":"2026-04-02T16:00:47","modified_gmt":"2026-04-02T14:00:47","slug":"judogi-dax-fuji-bianco","status":"publish","type":"product","link":"https:\/\/www.daisho.be\/it\/produit\/judogi-dax-fuji-bianco\/","title":{"rendered":"JUDOGI DAX FUJI BIANCO"},"content":{"rendered":"<p>Il DAX Fuji Judogi \u00e8 ideale per i principianti adulti. Grazie al suo comfort, questo completo da judo, o kimono, \u00e8 adatto anche ad altre arti marziali come l&#8217;aikido o il Ju-Jitsu. <\/p>\n<p>\u00c8 un ottimo keikogi per principianti per diverse arti marziali.<\/p>\n<p>Caratteristiche :<\/p>\n<p>&#8211; giacca con spalle, petto e bavero leggermente rinforzati,<br \/>\n&#8211; ginocchia con doppia cucitura,<br \/>\n&#8211; pantaloni con coulisse in vita,<br \/>\n&#8211; materiale: 100% cotone, circa 580 g\/m\u00b2,<br \/>\n&#8211; restringimento: 7%,<br \/>\n&#8211; contenuto: giacca, pantaloni, cintura bianca.<\/p>\n","protected":false},"excerpt":{"rendered":"<p>Il DAX Fuji Judogi \u00e8 ideale per i principianti adulti. Grazie al suo comfort, questo completo da judo, o kimono, \u00e8 adatto anche ad altre arti marziali come l&#8217;aikido o il Ju-Jitsu. \u00c8 un ottimo keikogi per principianti per diverse arti marziali. Caratteristiche : &#8211; giacca con spalle, petto e bavero leggermente rinforzati, &#8211; ginocchia [&hellip;]<\/p>\n","protected":false},"featured_media":453806,"comment_status":"closed","ping_status":"closed","template":"","meta":{"inline_featured_image":false},"product_brand":[],"product_cat":[2119,2228,2126,2125],"product_tag":[2036],"sport":[429,74,78],"class_list":{"0":"post-453794","1":"product","2":"type-product","3":"status-publish","4":"has-post-thumbnail","6":"product_cat-abiti-kimono","7":"product_cat-kimono-da-judo","8":"product_cat-kimono-da-jujitsu","9":"product_cat-kimono-di-aikido","10":"product_tag-dax-it","11":"pa_size-373","12":"pa_size-381","13":"pa_size-380","14":"pa_size-379","15":"pa_size-378","16":"pa_size-377","17":"pa_size-376","18":"pa_size-383","19":"sport-aikido","20":"sport-jiu-jitsu","21":"sport-judo","23":"first","24":"instock","25":"taxable","26":"shipping-taxable","27":"purchasable","28":"product-type-variable"},"yoast_head":"<!-- This site is optimized with the Yoast SEO plugin v27.2 - https:\/\/yoast.com\/product\/yoast-seo-wordpress\/ -->\n<title>Kimono bianco da Judo (Dax) per adulti principianti - Judogi Fuji<\/title>\n<meta name=\"description\" content=\"Vuoi iniziare a praticare il Judo? Questo costume ultra comodo e multiuso \u00e8 alla portata di tutti.\" \/>\n<meta name=\"robots\" content=\"index, follow, max-snippet:-1, max-image-preview:large, max-video-preview:-1\" \/>\n<link rel=\"canonical\" href=\"https:\/\/www.daisho.be\/it\/produit\/judogi-dax-fuji-bianco\/\" \/>\n<meta property=\"og:locale\" content=\"it_IT\" \/>\n<meta property=\"og:type\" content=\"article\" \/>\n<meta property=\"og:title\" content=\"Kimono bianco da Judo (Dax) per adulti principianti - Judogi Fuji\" \/>\n<meta property=\"og:description\" content=\"Vuoi iniziare a praticare il Judo? Questo costume ultra comodo e multiuso \u00e8 alla portata di tutti.\" \/>\n<meta property=\"og:url\" content=\"https:\/\/www.daisho.be\/it\/produit\/judogi-dax-fuji-bianco\/\" \/>\n<meta property=\"og:site_name\" content=\"Daisho\" \/>\n<meta property=\"article:modified_time\" content=\"2026-04-02T14:00:47+00:00\" \/>\n<meta property=\"og:image\" content=\"https:\/\/www.daisho.be\/wp-content\/uploads\/2024\/05\/image-56-scaled.jpg\" \/>\n\t<meta property=\"og:image:width\" content=\"1450\" \/>\n\t<meta property=\"og:image:height\" content=\"2048\" \/>\n\t<meta property=\"og:image:type\" content=\"image\/jpeg\" \/>\n<meta name=\"twitter:card\" content=\"summary_large_image\" \/>\n<script type=\"application\/ld+json\" class=\"yoast-schema-graph\">{\"@context\":\"https:\/\/schema.org\",\"@graph\":[{\"@type\":\"WebPage\",\"@id\":\"https:\/\/www.daisho.be\/it\/produit\/judogi-dax-fuji-bianco\/\",\"url\":\"https:\/\/www.daisho.be\/it\/produit\/judogi-dax-fuji-bianco\/\",\"name\":\"Kimono bianco da Judo (Dax) per adulti principianti - Judogi Fuji\",\"isPartOf\":{\"@id\":\"https:\/\/www.daisho.be\/it\/#website\"},\"primaryImageOfPage\":{\"@id\":\"https:\/\/www.daisho.be\/it\/produit\/judogi-dax-fuji-bianco\/#primaryimage\"},\"image\":{\"@id\":\"https:\/\/www.daisho.be\/it\/produit\/judogi-dax-fuji-bianco\/#primaryimage\"},\"thumbnailUrl\":\"https:\/\/www.daisho.be\/wp-content\/uploads\/2024\/05\/image-56-scaled.jpg\",\"datePublished\":\"2020-01-18T14:22:44+00:00\",\"dateModified\":\"2026-04-02T14:00:47+00:00\",\"description\":\"Vuoi iniziare a praticare il Judo? Questo costume ultra comodo e multiuso \u00e8 alla portata di tutti.\",\"breadcrumb\":{\"@id\":\"https:\/\/www.daisho.be\/it\/produit\/judogi-dax-fuji-bianco\/#breadcrumb\"},\"inLanguage\":\"it-IT\",\"potentialAction\":[{\"@type\":\"ReadAction\",\"target\":[\"https:\/\/www.daisho.be\/it\/produit\/judogi-dax-fuji-bianco\/\"]}]},{\"@type\":\"ImageObject\",\"inLanguage\":\"it-IT\",\"@id\":\"https:\/\/www.daisho.be\/it\/produit\/judogi-dax-fuji-bianco\/#primaryimage\",\"url\":\"https:\/\/www.daisho.be\/wp-content\/uploads\/2024\/05\/image-56-scaled.jpg\",\"contentUrl\":\"https:\/\/www.daisho.be\/wp-content\/uploads\/2024\/05\/image-56-scaled.jpg\",\"width\":1450,\"height\":2048,\"caption\":\"JUDOGI DAX FUJI WHITE-1\"},{\"@type\":\"BreadcrumbList\",\"@id\":\"https:\/\/www.daisho.be\/it\/produit\/judogi-dax-fuji-bianco\/#breadcrumb\",\"itemListElement\":[{\"@type\":\"ListItem\",\"position\":1,\"name\":\"Accueil\",\"item\":\"https:\/\/www.daisho.be\/it\/\"},{\"@type\":\"ListItem\",\"position\":2,\"name\":\"Prodotti\",\"item\":\"https:\/\/www.daisho.be\/it\/prodotti\/\"},{\"@type\":\"ListItem\",\"position\":3,\"name\":\"Attrezzature e abbigliamento per arti marziali e sport da combattimento\",\"item\":\"https:\/\/www.daisho.be\/it\/categorie-produit\/attrezzature-e-abbigliamento-per-arti-marziali-e-sport-da-combattimento\/\"},{\"@type\":\"ListItem\",\"position\":4,\"name\":\"Judo\",\"item\":\"https:\/\/www.daisho.be\/it\/categorie-produit\/attrezzature-e-abbigliamento-per-arti-marziali-e-sport-da-combattimento\/judo-it-2\/\"},{\"@type\":\"ListItem\",\"position\":5,\"name\":\"Kimono da Judo\",\"item\":\"https:\/\/www.daisho.be\/it\/categorie-produit\/attrezzature-e-abbigliamento-per-arti-marziali-e-sport-da-combattimento\/judo-it-2\/kimono-da-judo\/\"},{\"@type\":\"ListItem\",\"position\":6,\"name\":\"JUDOGI DAX FUJI BIANCO\"}]},{\"@type\":\"WebSite\",\"@id\":\"https:\/\/www.daisho.be\/it\/#website\",\"url\":\"https:\/\/www.daisho.be\/it\/\",\"name\":\"Daisho\",\"description\":\"Sp&eacute;cialiste de l'&eacute;quipement sportif d'arts martiaux\",\"publisher\":{\"@id\":\"https:\/\/www.daisho.be\/it\/#organization\"},\"potentialAction\":[{\"@type\":\"SearchAction\",\"target\":{\"@type\":\"EntryPoint\",\"urlTemplate\":\"https:\/\/www.daisho.be\/it\/?s={search_term_string}\"},\"query-input\":{\"@type\":\"PropertyValueSpecification\",\"valueRequired\":true,\"valueName\":\"search_term_string\"}}],\"inLanguage\":\"it-IT\"},{\"@type\":\"Organization\",\"@id\":\"https:\/\/www.daisho.be\/it\/#organization\",\"name\":\"Daisho\",\"url\":\"https:\/\/www.daisho.be\/it\/\",\"logo\":{\"@type\":\"ImageObject\",\"inLanguage\":\"it-IT\",\"@id\":\"https:\/\/www.daisho.be\/it\/#\/schema\/logo\/image\/\",\"url\":\"https:\/\/www.daisho.be\/wp-content\/uploads\/2019\/07\/color-nothing-horizontale4x-e1564486100247.png\",\"contentUrl\":\"https:\/\/www.daisho.be\/wp-content\/uploads\/2019\/07\/color-nothing-horizontale4x-e1564486100247.png\",\"width\":1547,\"height\":385,\"caption\":\"Daisho\"},\"image\":{\"@id\":\"https:\/\/www.daisho.be\/it\/#\/schema\/logo\/image\/\"}}]}<\/script>\n<!-- \/ Yoast SEO plugin. -->","yoast_head_json":{"title":"Kimono bianco da Judo (Dax) per adulti principianti - Judogi Fuji","description":"Vuoi iniziare a praticare il Judo? Questo costume ultra comodo e multiuso \u00e8 alla portata di tutti.","robots":{"index":"index","follow":"follow","max-snippet":"max-snippet:-1","max-image-preview":"max-image-preview:large","max-video-preview":"max-video-preview:-1"},"canonical":"https:\/\/www.daisho.be\/it\/produit\/judogi-dax-fuji-bianco\/","og_locale":"it_IT","og_type":"article","og_title":"Kimono bianco da Judo (Dax) per adulti principianti - Judogi Fuji","og_description":"Vuoi iniziare a praticare il Judo? Questo costume ultra comodo e multiuso \u00e8 alla portata di tutti.","og_url":"https:\/\/www.daisho.be\/it\/produit\/judogi-dax-fuji-bianco\/","og_site_name":"Daisho","article_modified_time":"2026-04-02T14:00:47+00:00","og_image":[{"width":1450,"height":2048,"url":"https:\/\/www.daisho.be\/wp-content\/uploads\/2024\/05\/image-56-scaled.jpg","type":"image\/jpeg"}],"twitter_card":"summary_large_image","schema":{"@context":"https:\/\/schema.org","@graph":[{"@type":"WebPage","@id":"https:\/\/www.daisho.be\/it\/produit\/judogi-dax-fuji-bianco\/","url":"https:\/\/www.daisho.be\/it\/produit\/judogi-dax-fuji-bianco\/","name":"Kimono bianco da Judo (Dax) per adulti principianti - Judogi Fuji","isPartOf":{"@id":"https:\/\/www.daisho.be\/it\/#website"},"primaryImageOfPage":{"@id":"https:\/\/www.daisho.be\/it\/produit\/judogi-dax-fuji-bianco\/#primaryimage"},"image":{"@id":"https:\/\/www.daisho.be\/it\/produit\/judogi-dax-fuji-bianco\/#primaryimage"},"thumbnailUrl":"https:\/\/www.daisho.be\/wp-content\/uploads\/2024\/05\/image-56-scaled.jpg","datePublished":"2020-01-18T14:22:44+00:00","dateModified":"2026-04-02T14:00:47+00:00","description":"Vuoi iniziare a praticare il Judo? Questo costume ultra comodo e multiuso \u00e8 alla portata di tutti.","breadcrumb":{"@id":"https:\/\/www.daisho.be\/it\/produit\/judogi-dax-fuji-bianco\/#breadcrumb"},"inLanguage":"it-IT","potentialAction":[{"@type":"ReadAction","target":["https:\/\/www.daisho.be\/it\/produit\/judogi-dax-fuji-bianco\/"]}]},{"@type":"ImageObject","inLanguage":"it-IT","@id":"https:\/\/www.daisho.be\/it\/produit\/judogi-dax-fuji-bianco\/#primaryimage","url":"https:\/\/www.daisho.be\/wp-content\/uploads\/2024\/05\/image-56-scaled.jpg","contentUrl":"https:\/\/www.daisho.be\/wp-content\/uploads\/2024\/05\/image-56-scaled.jpg","width":1450,"height":2048,"caption":"JUDOGI DAX FUJI WHITE-1"},{"@type":"BreadcrumbList","@id":"https:\/\/www.daisho.be\/it\/produit\/judogi-dax-fuji-bianco\/#breadcrumb","itemListElement":[{"@type":"ListItem","position":1,"name":"Accueil","item":"https:\/\/www.daisho.be\/it\/"},{"@type":"ListItem","position":2,"name":"Prodotti","item":"https:\/\/www.daisho.be\/it\/prodotti\/"},{"@type":"ListItem","position":3,"name":"Attrezzature e abbigliamento per arti marziali e sport da combattimento","item":"https:\/\/www.daisho.be\/it\/categorie-produit\/attrezzature-e-abbigliamento-per-arti-marziali-e-sport-da-combattimento\/"},{"@type":"ListItem","position":4,"name":"Judo","item":"https:\/\/www.daisho.be\/it\/categorie-produit\/attrezzature-e-abbigliamento-per-arti-marziali-e-sport-da-combattimento\/judo-it-2\/"},{"@type":"ListItem","position":5,"name":"Kimono da Judo","item":"https:\/\/www.daisho.be\/it\/categorie-produit\/attrezzature-e-abbigliamento-per-arti-marziali-e-sport-da-combattimento\/judo-it-2\/kimono-da-judo\/"},{"@type":"ListItem","position":6,"name":"JUDOGI DAX FUJI BIANCO"}]},{"@type":"WebSite","@id":"https:\/\/www.daisho.be\/it\/#website","url":"https:\/\/www.daisho.be\/it\/","name":"Daisho","description":"Sp&eacute;cialiste de l'&eacute;quipement sportif d'arts martiaux","publisher":{"@id":"https:\/\/www.daisho.be\/it\/#organization"},"potentialAction":[{"@type":"SearchAction","target":{"@type":"EntryPoint","urlTemplate":"https:\/\/www.daisho.be\/it\/?s={search_term_string}"},"query-input":{"@type":"PropertyValueSpecification","valueRequired":true,"valueName":"search_term_string"}}],"inLanguage":"it-IT"},{"@type":"Organization","@id":"https:\/\/www.daisho.be\/it\/#organization","name":"Daisho","url":"https:\/\/www.daisho.be\/it\/","logo":{"@type":"ImageObject","inLanguage":"it-IT","@id":"https:\/\/www.daisho.be\/it\/#\/schema\/logo\/image\/","url":"https:\/\/www.daisho.be\/wp-content\/uploads\/2019\/07\/color-nothing-horizontale4x-e1564486100247.png","contentUrl":"https:\/\/www.daisho.be\/wp-content\/uploads\/2019\/07\/color-nothing-horizontale4x-e1564486100247.png","width":1547,"height":385,"caption":"Daisho"},"image":{"@id":"https:\/\/www.daisho.be\/it\/#\/schema\/logo\/image\/"}}]}},"_links":{"self":[{"href":"https:\/\/www.daisho.be\/it\/wp-json\/wp\/v2\/product\/453794","targetHints":{"allow":["GET"]}}],"collection":[{"href":"https:\/\/www.daisho.be\/it\/wp-json\/wp\/v2\/product"}],"about":[{"href":"https:\/\/www.daisho.be\/it\/wp-json\/wp\/v2\/types\/product"}],"replies":[{"embeddable":true,"href":"https:\/\/www.daisho.be\/it\/wp-json\/wp\/v2\/comments?post=453794"}],"wp:featuredmedia":[{"embeddable":true,"href":"https:\/\/www.daisho.be\/it\/wp-json\/wp\/v2\/media\/453806"}],"wp:attachment":[{"href":"https:\/\/www.daisho.be\/it\/wp-json\/wp\/v2\/media?parent=453794"}],"wp:term":[{"taxonomy":"product_brand","embeddable":true,"href":"https:\/\/www.daisho.be\/it\/wp-json\/wp\/v2\/product_brand?post=453794"},{"taxonomy":"product_cat","embeddable":true,"href":"https:\/\/www.daisho.be\/it\/wp-json\/wp\/v2\/product_cat?post=453794"},{"taxonomy":"product_tag","embeddable":true,"href":"https:\/\/www.daisho.be\/it\/wp-json\/wp\/v2\/product_tag?post=453794"},{"taxonomy":"sport","embeddable":true,"href":"https:\/\/www.daisho.be\/it\/wp-json\/wp\/v2\/sport?post=453794"}],"curies":[{"name":"wp","href":"https:\/\/api.w.org\/{rel}","templated":true}]}}