{"id":453622,"date":"2020-01-18T15:26:39","date_gmt":"2020-01-18T14:26:39","guid":{"rendered":"https:\/\/www.daisho.be\/produit\/moskito-plus-competition-judogi-blu\/"},"modified":"2024-12-05T09:29:34","modified_gmt":"2024-12-05T08:29:34","slug":"moskito-plus-competition-judogi-blu","status":"publish","type":"product","link":"https:\/\/www.daisho.be\/it\/produit\/moskito-plus-competition-judogi-blu\/","title":{"rendered":"MOSKITO PLUS COMPETITION JUDOGI BLU"},"content":{"rendered":"<p>Il Moskito Plus Blue \u00e8 un judogi pesante per atleti esigenti. \u00c8 stato sviluppato da judoka esperti ed \u00e8 stato costantemente migliorato nel corso degli anni.<br \/>\nQuesto kimono da judo \u00e8 stato approvato per tutti i campionati nazionali e per il campionato nazionale tedesco. Questo kimono \u00e8 adatto anche come keikogi per praticare altre arti marziali e pu\u00f2 essere usato come Jiu-Jitsugi.<\/p>\n<p>Caratteristiche: &#8211; ricamo sulle spalle, &#8211; giacca rinforzata sulle spalle, sul petto e sul bavero, &#8211; ginocchia con doppia cucitura, &#8211; pantaloni con coulisse in vita, &#8211; adatto anche al Ju-Jitsu, &#8211; Materiale: 100% cotone, circa 950 g\/m\u00b2, &#8211; restringimento: 4%.  <\/p>\n","protected":false},"excerpt":{"rendered":"<p>Il Moskito Plus Blue \u00e8 un judogi pesante per atleti esigenti. \u00c8 stato sviluppato da judoka esperti ed \u00e8 stato costantemente migliorato nel corso degli anni. Questo kimono da judo \u00e8 stato approvato per tutti i campionati nazionali e per il campionato nazionale tedesco. Questo kimono \u00e8 adatto anche come keikogi per praticare altre arti [&hellip;]<\/p>\n","protected":false},"featured_media":453635,"comment_status":"closed","ping_status":"closed","template":"","meta":{"inline_featured_image":false},"product_brand":[],"product_cat":[2119,2228,2126],"product_tag":[2153],"sport":[429,74,78],"class_list":{"0":"post-453622","1":"product","2":"type-product","3":"status-publish","4":"has-post-thumbnail","6":"product_cat-abiti-kimono","7":"product_cat-kimono-da-judo","8":"product_cat-kimono-da-jujitsu","9":"product_tag-moskito-it","10":"pa_size-381","11":"pa_size-380","12":"pa_size-379","13":"pa_size-387","14":"pa_size-378","15":"pa_size-386","16":"pa_size-377","17":"pa_size-385","18":"pa_size-376","19":"pa_size-384","20":"pa_size-383","21":"sport-aikido","22":"sport-jiu-jitsu","23":"sport-judo","25":"first","26":"onbackorder","27":"taxable","28":"shipping-taxable","29":"purchasable","30":"product-type-variable"},"yoast_head":"<!-- This site is optimized with the Yoast SEO plugin v27.2 - https:\/\/yoast.com\/product\/yoast-seo-wordpress\/ -->\n<title>Kimono da competizione Moskito (blu) - Judogi More<\/title>\n<meta name=\"description\" content=\"Affronta la competizione con fiducia grazie a questo innovativo e comodo kimono da Judo! \u2713 Moskito rinforzato in cotone 100% judogi\" \/>\n<meta name=\"robots\" content=\"index, follow, max-snippet:-1, max-image-preview:large, max-video-preview:-1\" \/>\n<link rel=\"canonical\" href=\"https:\/\/www.daisho.be\/it\/produit\/moskito-plus-competition-judogi-blu\/\" \/>\n<meta property=\"og:locale\" content=\"it_IT\" \/>\n<meta property=\"og:type\" content=\"article\" \/>\n<meta property=\"og:title\" content=\"Kimono da competizione Moskito (blu) - Judogi More\" \/>\n<meta property=\"og:description\" content=\"Affronta la competizione con fiducia grazie a questo innovativo e comodo kimono da Judo! \u2713 Moskito rinforzato in cotone 100% judogi\" \/>\n<meta property=\"og:url\" content=\"https:\/\/www.daisho.be\/it\/produit\/moskito-plus-competition-judogi-blu\/\" \/>\n<meta property=\"og:site_name\" content=\"Daisho\" \/>\n<meta property=\"article:modified_time\" content=\"2024-12-05T08:29:34+00:00\" \/>\n<meta property=\"og:image\" content=\"https:\/\/www.daisho.be\/wp-content\/uploads\/2024\/08\/image-24.jpg\" \/>\n\t<meta property=\"og:image:width\" content=\"384\" \/>\n\t<meta property=\"og:image:height\" content=\"543\" \/>\n\t<meta property=\"og:image:type\" content=\"image\/jpeg\" \/>\n<meta name=\"twitter:card\" content=\"summary_large_image\" \/>\n<script type=\"application\/ld+json\" class=\"yoast-schema-graph\">{\"@context\":\"https:\/\/schema.org\",\"@graph\":[{\"@type\":\"WebPage\",\"@id\":\"https:\/\/www.daisho.be\/it\/produit\/moskito-plus-competition-judogi-blu\/\",\"url\":\"https:\/\/www.daisho.be\/it\/produit\/moskito-plus-competition-judogi-blu\/\",\"name\":\"Kimono da competizione Moskito (blu) - Judogi More\",\"isPartOf\":{\"@id\":\"https:\/\/www.daisho.be\/it\/#website\"},\"primaryImageOfPage\":{\"@id\":\"https:\/\/www.daisho.be\/it\/produit\/moskito-plus-competition-judogi-blu\/#primaryimage\"},\"image\":{\"@id\":\"https:\/\/www.daisho.be\/it\/produit\/moskito-plus-competition-judogi-blu\/#primaryimage\"},\"thumbnailUrl\":\"https:\/\/www.daisho.be\/wp-content\/uploads\/2024\/08\/image-24.jpg\",\"datePublished\":\"2020-01-18T14:26:39+00:00\",\"dateModified\":\"2024-12-05T08:29:34+00:00\",\"description\":\"Affronta la competizione con fiducia grazie a questo innovativo e comodo kimono da Judo! \u2713 Moskito rinforzato in cotone 100% judogi\",\"breadcrumb\":{\"@id\":\"https:\/\/www.daisho.be\/it\/produit\/moskito-plus-competition-judogi-blu\/#breadcrumb\"},\"inLanguage\":\"it-IT\",\"potentialAction\":[{\"@type\":\"ReadAction\",\"target\":[\"https:\/\/www.daisho.be\/it\/produit\/moskito-plus-competition-judogi-blu\/\"]}]},{\"@type\":\"ImageObject\",\"inLanguage\":\"it-IT\",\"@id\":\"https:\/\/www.daisho.be\/it\/produit\/moskito-plus-competition-judogi-blu\/#primaryimage\",\"url\":\"https:\/\/www.daisho.be\/wp-content\/uploads\/2024\/08\/image-24.jpg\",\"contentUrl\":\"https:\/\/www.daisho.be\/wp-content\/uploads\/2024\/08\/image-24.jpg\",\"width\":384,\"height\":543,\"caption\":\"MOSKITO PLUS COMPETITION JUDOGI BLUE-1\"},{\"@type\":\"BreadcrumbList\",\"@id\":\"https:\/\/www.daisho.be\/it\/produit\/moskito-plus-competition-judogi-blu\/#breadcrumb\",\"itemListElement\":[{\"@type\":\"ListItem\",\"position\":1,\"name\":\"Accueil\",\"item\":\"https:\/\/www.daisho.be\/it\/\"},{\"@type\":\"ListItem\",\"position\":2,\"name\":\"Prodotti\",\"item\":\"https:\/\/www.daisho.be\/it\/prodotti\/\"},{\"@type\":\"ListItem\",\"position\":3,\"name\":\"Attrezzature e abbigliamento per arti marziali e sport da combattimento\",\"item\":\"https:\/\/www.daisho.be\/it\/categorie-produit\/attrezzature-e-abbigliamento-per-arti-marziali-e-sport-da-combattimento\/\"},{\"@type\":\"ListItem\",\"position\":4,\"name\":\"Judo\",\"item\":\"https:\/\/www.daisho.be\/it\/categorie-produit\/attrezzature-e-abbigliamento-per-arti-marziali-e-sport-da-combattimento\/judo-it-2\/\"},{\"@type\":\"ListItem\",\"position\":5,\"name\":\"Kimono da Judo\",\"item\":\"https:\/\/www.daisho.be\/it\/categorie-produit\/attrezzature-e-abbigliamento-per-arti-marziali-e-sport-da-combattimento\/judo-it-2\/kimono-da-judo\/\"},{\"@type\":\"ListItem\",\"position\":6,\"name\":\"MOSKITO PLUS COMPETITION JUDOGI BLU\"}]},{\"@type\":\"WebSite\",\"@id\":\"https:\/\/www.daisho.be\/it\/#website\",\"url\":\"https:\/\/www.daisho.be\/it\/\",\"name\":\"Daisho\",\"description\":\"Sp&eacute;cialiste de l'&eacute;quipement sportif d'arts martiaux\",\"publisher\":{\"@id\":\"https:\/\/www.daisho.be\/it\/#organization\"},\"potentialAction\":[{\"@type\":\"SearchAction\",\"target\":{\"@type\":\"EntryPoint\",\"urlTemplate\":\"https:\/\/www.daisho.be\/it\/?s={search_term_string}\"},\"query-input\":{\"@type\":\"PropertyValueSpecification\",\"valueRequired\":true,\"valueName\":\"search_term_string\"}}],\"inLanguage\":\"it-IT\"},{\"@type\":\"Organization\",\"@id\":\"https:\/\/www.daisho.be\/it\/#organization\",\"name\":\"Daisho\",\"url\":\"https:\/\/www.daisho.be\/it\/\",\"logo\":{\"@type\":\"ImageObject\",\"inLanguage\":\"it-IT\",\"@id\":\"https:\/\/www.daisho.be\/it\/#\/schema\/logo\/image\/\",\"url\":\"https:\/\/www.daisho.be\/wp-content\/uploads\/2019\/07\/color-nothing-horizontale4x-e1564486100247.png\",\"contentUrl\":\"https:\/\/www.daisho.be\/wp-content\/uploads\/2019\/07\/color-nothing-horizontale4x-e1564486100247.png\",\"width\":1547,\"height\":385,\"caption\":\"Daisho\"},\"image\":{\"@id\":\"https:\/\/www.daisho.be\/it\/#\/schema\/logo\/image\/\"}}]}<\/script>\n<!-- \/ Yoast SEO plugin. -->","yoast_head_json":{"title":"Kimono da competizione Moskito (blu) - Judogi More","description":"Affronta la competizione con fiducia grazie a questo innovativo e comodo kimono da Judo! \u2713 Moskito rinforzato in cotone 100% judogi","robots":{"index":"index","follow":"follow","max-snippet":"max-snippet:-1","max-image-preview":"max-image-preview:large","max-video-preview":"max-video-preview:-1"},"canonical":"https:\/\/www.daisho.be\/it\/produit\/moskito-plus-competition-judogi-blu\/","og_locale":"it_IT","og_type":"article","og_title":"Kimono da competizione Moskito (blu) - Judogi More","og_description":"Affronta la competizione con fiducia grazie a questo innovativo e comodo kimono da Judo! \u2713 Moskito rinforzato in cotone 100% judogi","og_url":"https:\/\/www.daisho.be\/it\/produit\/moskito-plus-competition-judogi-blu\/","og_site_name":"Daisho","article_modified_time":"2024-12-05T08:29:34+00:00","og_image":[{"width":384,"height":543,"url":"https:\/\/www.daisho.be\/wp-content\/uploads\/2024\/08\/image-24.jpg","type":"image\/jpeg"}],"twitter_card":"summary_large_image","schema":{"@context":"https:\/\/schema.org","@graph":[{"@type":"WebPage","@id":"https:\/\/www.daisho.be\/it\/produit\/moskito-plus-competition-judogi-blu\/","url":"https:\/\/www.daisho.be\/it\/produit\/moskito-plus-competition-judogi-blu\/","name":"Kimono da competizione Moskito (blu) - Judogi More","isPartOf":{"@id":"https:\/\/www.daisho.be\/it\/#website"},"primaryImageOfPage":{"@id":"https:\/\/www.daisho.be\/it\/produit\/moskito-plus-competition-judogi-blu\/#primaryimage"},"image":{"@id":"https:\/\/www.daisho.be\/it\/produit\/moskito-plus-competition-judogi-blu\/#primaryimage"},"thumbnailUrl":"https:\/\/www.daisho.be\/wp-content\/uploads\/2024\/08\/image-24.jpg","datePublished":"2020-01-18T14:26:39+00:00","dateModified":"2024-12-05T08:29:34+00:00","description":"Affronta la competizione con fiducia grazie a questo innovativo e comodo kimono da Judo! \u2713 Moskito rinforzato in cotone 100% judogi","breadcrumb":{"@id":"https:\/\/www.daisho.be\/it\/produit\/moskito-plus-competition-judogi-blu\/#breadcrumb"},"inLanguage":"it-IT","potentialAction":[{"@type":"ReadAction","target":["https:\/\/www.daisho.be\/it\/produit\/moskito-plus-competition-judogi-blu\/"]}]},{"@type":"ImageObject","inLanguage":"it-IT","@id":"https:\/\/www.daisho.be\/it\/produit\/moskito-plus-competition-judogi-blu\/#primaryimage","url":"https:\/\/www.daisho.be\/wp-content\/uploads\/2024\/08\/image-24.jpg","contentUrl":"https:\/\/www.daisho.be\/wp-content\/uploads\/2024\/08\/image-24.jpg","width":384,"height":543,"caption":"MOSKITO PLUS COMPETITION JUDOGI BLUE-1"},{"@type":"BreadcrumbList","@id":"https:\/\/www.daisho.be\/it\/produit\/moskito-plus-competition-judogi-blu\/#breadcrumb","itemListElement":[{"@type":"ListItem","position":1,"name":"Accueil","item":"https:\/\/www.daisho.be\/it\/"},{"@type":"ListItem","position":2,"name":"Prodotti","item":"https:\/\/www.daisho.be\/it\/prodotti\/"},{"@type":"ListItem","position":3,"name":"Attrezzature e abbigliamento per arti marziali e sport da combattimento","item":"https:\/\/www.daisho.be\/it\/categorie-produit\/attrezzature-e-abbigliamento-per-arti-marziali-e-sport-da-combattimento\/"},{"@type":"ListItem","position":4,"name":"Judo","item":"https:\/\/www.daisho.be\/it\/categorie-produit\/attrezzature-e-abbigliamento-per-arti-marziali-e-sport-da-combattimento\/judo-it-2\/"},{"@type":"ListItem","position":5,"name":"Kimono da Judo","item":"https:\/\/www.daisho.be\/it\/categorie-produit\/attrezzature-e-abbigliamento-per-arti-marziali-e-sport-da-combattimento\/judo-it-2\/kimono-da-judo\/"},{"@type":"ListItem","position":6,"name":"MOSKITO PLUS COMPETITION JUDOGI BLU"}]},{"@type":"WebSite","@id":"https:\/\/www.daisho.be\/it\/#website","url":"https:\/\/www.daisho.be\/it\/","name":"Daisho","description":"Sp&eacute;cialiste de l'&eacute;quipement sportif d'arts martiaux","publisher":{"@id":"https:\/\/www.daisho.be\/it\/#organization"},"potentialAction":[{"@type":"SearchAction","target":{"@type":"EntryPoint","urlTemplate":"https:\/\/www.daisho.be\/it\/?s={search_term_string}"},"query-input":{"@type":"PropertyValueSpecification","valueRequired":true,"valueName":"search_term_string"}}],"inLanguage":"it-IT"},{"@type":"Organization","@id":"https:\/\/www.daisho.be\/it\/#organization","name":"Daisho","url":"https:\/\/www.daisho.be\/it\/","logo":{"@type":"ImageObject","inLanguage":"it-IT","@id":"https:\/\/www.daisho.be\/it\/#\/schema\/logo\/image\/","url":"https:\/\/www.daisho.be\/wp-content\/uploads\/2019\/07\/color-nothing-horizontale4x-e1564486100247.png","contentUrl":"https:\/\/www.daisho.be\/wp-content\/uploads\/2019\/07\/color-nothing-horizontale4x-e1564486100247.png","width":1547,"height":385,"caption":"Daisho"},"image":{"@id":"https:\/\/www.daisho.be\/it\/#\/schema\/logo\/image\/"}}]}},"_links":{"self":[{"href":"https:\/\/www.daisho.be\/it\/wp-json\/wp\/v2\/product\/453622","targetHints":{"allow":["GET"]}}],"collection":[{"href":"https:\/\/www.daisho.be\/it\/wp-json\/wp\/v2\/product"}],"about":[{"href":"https:\/\/www.daisho.be\/it\/wp-json\/wp\/v2\/types\/product"}],"replies":[{"embeddable":true,"href":"https:\/\/www.daisho.be\/it\/wp-json\/wp\/v2\/comments?post=453622"}],"wp:featuredmedia":[{"embeddable":true,"href":"https:\/\/www.daisho.be\/it\/wp-json\/wp\/v2\/media\/453635"}],"wp:attachment":[{"href":"https:\/\/www.daisho.be\/it\/wp-json\/wp\/v2\/media?parent=453622"}],"wp:term":[{"taxonomy":"product_brand","embeddable":true,"href":"https:\/\/www.daisho.be\/it\/wp-json\/wp\/v2\/product_brand?post=453622"},{"taxonomy":"product_cat","embeddable":true,"href":"https:\/\/www.daisho.be\/it\/wp-json\/wp\/v2\/product_cat?post=453622"},{"taxonomy":"product_tag","embeddable":true,"href":"https:\/\/www.daisho.be\/it\/wp-json\/wp\/v2\/product_tag?post=453622"},{"taxonomy":"sport","embeddable":true,"href":"https:\/\/www.daisho.be\/it\/wp-json\/wp\/v2\/sport?post=453622"}],"curies":[{"name":"wp","href":"https:\/\/api.w.org\/{rel}","templated":true}]}}