{"id":452868,"date":"2020-12-01T22:55:12","date_gmt":"2020-12-01T21:55:12","guid":{"rendered":"https:\/\/www.daisho.be\/produit\/karategi-adidas-k220-club\/"},"modified":"2025-12-24T08:30:09","modified_gmt":"2025-12-24T07:30:09","slug":"karategi-adidas-k220-club","status":"publish","type":"product","link":"https:\/\/www.daisho.be\/it\/produit\/karategi-adidas-k220-club\/","title":{"rendered":"KARATEGI ADIDAS K220 CLUB"},"content":{"rendered":"<p>L&#8217;Adidas CLUB Karategi (K200C) \u00e8 la scelta perfetta per i principianti e i praticanti intermedi di karate.<br \/>\nQuesto kimono \u00e8 stato progettato per offrire un ottimo rapporto qualit\u00e0-prezzo e garantire un comfort ottimale durante le sessioni di allenamento.<\/p>\n<p>Caratteristiche principali:<br \/>\nVersatilit\u00e0: perfetto per l&#8217;allenamento regolare, questo karategi \u00e8 adatto a diversi livelli e stili di pratica.<br \/>\nComfort: realizzato in un misto di cotone e poliestere (60% poliestere, 40% cotone), \u00e8 piacevole sulla pelle e traspirante.<br \/>\nDurata: i rinforzi in punti strategici garantiscono una maggiore resistenza, anche dopo molti utilizzi.<br \/>\nApprovazione WKF: Questo karategi \u00e8 approvato dalla World Karate Federation (WKF), il che significa che \u00e8 conforme agli standard internazionali e pu\u00f2 essere indossato in gara.<br \/>\nDesign classico: il design sobrio ed efficace di questo karategi \u00e8 un pezzo senza tempo che si adatta a tutti i gusti.<\/p>\n<p>In breve, l&#8217;Adidas CLUB Karategi (K200C) \u00e8 una scelta equilibrata per i karateka che cercano un&#8217;attrezzatura affidabile e conveniente.<br \/>\nCombina comfort, durata e conformit\u00e0 agli standard internazionali.<\/p>\n","protected":false},"excerpt":{"rendered":"<p>L&#8217;Adidas CLUB Karategi (K200C) \u00e8 la scelta perfetta per i principianti e i praticanti intermedi di karate. Questo kimono \u00e8 stato progettato per offrire un ottimo rapporto qualit\u00e0-prezzo e garantire un comfort ottimale durante le sessioni di allenamento. Caratteristiche principali: Versatilit\u00e0: perfetto per l&#8217;allenamento regolare, questo karategi \u00e8 adatto a diversi livelli e stili di [&hellip;]<\/p>\n","protected":false},"featured_media":452885,"comment_status":"open","ping_status":"closed","template":"","meta":{"inline_featured_image":false},"product_brand":[],"product_cat":[2119,2182,2007],"product_tag":[2176],"sport":[],"class_list":{"0":"post-452868","1":"product","2":"type-product","3":"status-publish","4":"has-post-thumbnail","6":"product_cat-abiti-kimono","7":"product_cat-kimono-karategi-adidas-it","8":"product_cat-kimono-da-karate","9":"product_tag-adidas-it","10":"pa_size-373","11":"pa_size-381","12":"pa_size-380","13":"pa_size-379","14":"pa_size-378","15":"pa_size-377","16":"pa_size-376","17":"pa_size-383","19":"first","20":"instock","21":"taxable","22":"shipping-taxable","23":"purchasable","24":"product-type-variable"},"yoast_head":"<!-- This site is optimized with the Yoast SEO plugin v27.2 - https:\/\/yoast.com\/product\/yoast-seo-wordpress\/ -->\n<title>KARATEGI ADIDAS K220 CLUB &#8211; Daisho<\/title>\n<meta name=\"description\" content=\"L&#039;Adidas Karategi K220 offre un ottimo rapporto qualit\u00e0-prezzo. \u00c8 progettata per i principianti e per i livelli intermedi. Acquistalo su www.daisho.be|Daisho\" \/>\n<meta name=\"robots\" content=\"index, follow, max-snippet:-1, max-image-preview:large, max-video-preview:-1\" \/>\n<link rel=\"canonical\" href=\"https:\/\/www.daisho.be\/it\/produit\/karategi-adidas-k220-club\/\" \/>\n<meta property=\"og:locale\" content=\"it_IT\" \/>\n<meta property=\"og:type\" content=\"article\" \/>\n<meta property=\"og:title\" content=\"KARATEGI ADIDAS K220 CLUB &#8211; Daisho\" \/>\n<meta property=\"og:description\" content=\"L&#039;Adidas Karategi K220 offre un ottimo rapporto qualit\u00e0-prezzo. \u00c8 progettata per i principianti e per i livelli intermedi. Acquistalo su www.daisho.be|Daisho\" \/>\n<meta property=\"og:url\" content=\"https:\/\/www.daisho.be\/it\/produit\/karategi-adidas-k220-club\/\" \/>\n<meta property=\"og:site_name\" content=\"Daisho\" \/>\n<meta property=\"article:modified_time\" content=\"2025-12-24T07:30:09+00:00\" \/>\n<meta property=\"og:image\" content=\"https:\/\/www.daisho.be\/wp-content\/uploads\/2024\/09\/image-52.png\" \/>\n\t<meta property=\"og:image:width\" content=\"500\" \/>\n\t<meta property=\"og:image:height\" content=\"709\" \/>\n\t<meta property=\"og:image:type\" content=\"image\/png\" \/>\n<meta name=\"twitter:card\" content=\"summary_large_image\" \/>\n<meta name=\"twitter:label1\" content=\"Tempo di lettura stimato\" \/>\n\t<meta name=\"twitter:data1\" content=\"1 minuto\" \/>\n<script type=\"application\/ld+json\" class=\"yoast-schema-graph\">{\"@context\":\"https:\/\/schema.org\",\"@graph\":[{\"@type\":\"WebPage\",\"@id\":\"https:\/\/www.daisho.be\/it\/produit\/karategi-adidas-k220-club\/\",\"url\":\"https:\/\/www.daisho.be\/it\/produit\/karategi-adidas-k220-club\/\",\"name\":\"KARATEGI ADIDAS K220 CLUB &#8211; Daisho\",\"isPartOf\":{\"@id\":\"https:\/\/www.daisho.be\/it\/#website\"},\"primaryImageOfPage\":{\"@id\":\"https:\/\/www.daisho.be\/it\/produit\/karategi-adidas-k220-club\/#primaryimage\"},\"image\":{\"@id\":\"https:\/\/www.daisho.be\/it\/produit\/karategi-adidas-k220-club\/#primaryimage\"},\"thumbnailUrl\":\"https:\/\/www.daisho.be\/wp-content\/uploads\/2024\/09\/image-52.png\",\"datePublished\":\"2020-12-01T21:55:12+00:00\",\"dateModified\":\"2025-12-24T07:30:09+00:00\",\"description\":\"L'Adidas Karategi K220 offre un ottimo rapporto qualit\u00e0-prezzo. \u00c8 progettata per i principianti e per i livelli intermedi. Acquistalo su www.daisho.be|Daisho\",\"breadcrumb\":{\"@id\":\"https:\/\/www.daisho.be\/it\/produit\/karategi-adidas-k220-club\/#breadcrumb\"},\"inLanguage\":\"it-IT\",\"potentialAction\":[{\"@type\":\"ReadAction\",\"target\":[\"https:\/\/www.daisho.be\/it\/produit\/karategi-adidas-k220-club\/\"]}]},{\"@type\":\"ImageObject\",\"inLanguage\":\"it-IT\",\"@id\":\"https:\/\/www.daisho.be\/it\/produit\/karategi-adidas-k220-club\/#primaryimage\",\"url\":\"https:\/\/www.daisho.be\/wp-content\/uploads\/2024\/09\/image-52.png\",\"contentUrl\":\"https:\/\/www.daisho.be\/wp-content\/uploads\/2024\/09\/image-52.png\",\"width\":500,\"height\":709,\"caption\":\"KARATEGI ADIDAS K220 CLUB-1\"},{\"@type\":\"BreadcrumbList\",\"@id\":\"https:\/\/www.daisho.be\/it\/produit\/karategi-adidas-k220-club\/#breadcrumb\",\"itemListElement\":[{\"@type\":\"ListItem\",\"position\":1,\"name\":\"Accueil\",\"item\":\"https:\/\/www.daisho.be\/it\/\"},{\"@type\":\"ListItem\",\"position\":2,\"name\":\"Prodotti\",\"item\":\"https:\/\/www.daisho.be\/it\/prodotti\/\"},{\"@type\":\"ListItem\",\"position\":3,\"name\":\"ADIDAS SPORT DA COMBATTIMENTO\",\"item\":\"https:\/\/www.daisho.be\/it\/categorie-produit\/adidas-sport-da-combattimento\/\"},{\"@type\":\"ListItem\",\"position\":4,\"name\":\"Karate\",\"item\":\"https:\/\/www.daisho.be\/it\/categorie-produit\/adidas-sport-da-combattimento\/karate-it\/\"},{\"@type\":\"ListItem\",\"position\":5,\"name\":\"Kimono - Karategi Adidas\",\"item\":\"https:\/\/www.daisho.be\/it\/categorie-produit\/adidas-sport-da-combattimento\/karate-it\/kimono-karategi-adidas-it\/\"},{\"@type\":\"ListItem\",\"position\":6,\"name\":\"KARATEGI ADIDAS K220 CLUB\"}]},{\"@type\":\"WebSite\",\"@id\":\"https:\/\/www.daisho.be\/it\/#website\",\"url\":\"https:\/\/www.daisho.be\/it\/\",\"name\":\"Daisho\",\"description\":\"Sp&eacute;cialiste de l'&eacute;quipement sportif d'arts martiaux\",\"publisher\":{\"@id\":\"https:\/\/www.daisho.be\/it\/#organization\"},\"potentialAction\":[{\"@type\":\"SearchAction\",\"target\":{\"@type\":\"EntryPoint\",\"urlTemplate\":\"https:\/\/www.daisho.be\/it\/?s={search_term_string}\"},\"query-input\":{\"@type\":\"PropertyValueSpecification\",\"valueRequired\":true,\"valueName\":\"search_term_string\"}}],\"inLanguage\":\"it-IT\"},{\"@type\":\"Organization\",\"@id\":\"https:\/\/www.daisho.be\/it\/#organization\",\"name\":\"Daisho\",\"url\":\"https:\/\/www.daisho.be\/it\/\",\"logo\":{\"@type\":\"ImageObject\",\"inLanguage\":\"it-IT\",\"@id\":\"https:\/\/www.daisho.be\/it\/#\/schema\/logo\/image\/\",\"url\":\"https:\/\/www.daisho.be\/wp-content\/uploads\/2019\/07\/color-nothing-horizontale4x-e1564486100247.png\",\"contentUrl\":\"https:\/\/www.daisho.be\/wp-content\/uploads\/2019\/07\/color-nothing-horizontale4x-e1564486100247.png\",\"width\":1547,\"height\":385,\"caption\":\"Daisho\"},\"image\":{\"@id\":\"https:\/\/www.daisho.be\/it\/#\/schema\/logo\/image\/\"}}]}<\/script>\n<!-- \/ Yoast SEO plugin. -->","yoast_head_json":{"title":"KARATEGI ADIDAS K220 CLUB &#8211; Daisho","description":"L'Adidas Karategi K220 offre un ottimo rapporto qualit\u00e0-prezzo. \u00c8 progettata per i principianti e per i livelli intermedi. Acquistalo su www.daisho.be|Daisho","robots":{"index":"index","follow":"follow","max-snippet":"max-snippet:-1","max-image-preview":"max-image-preview:large","max-video-preview":"max-video-preview:-1"},"canonical":"https:\/\/www.daisho.be\/it\/produit\/karategi-adidas-k220-club\/","og_locale":"it_IT","og_type":"article","og_title":"KARATEGI ADIDAS K220 CLUB &#8211; Daisho","og_description":"L'Adidas Karategi K220 offre un ottimo rapporto qualit\u00e0-prezzo. \u00c8 progettata per i principianti e per i livelli intermedi. Acquistalo su www.daisho.be|Daisho","og_url":"https:\/\/www.daisho.be\/it\/produit\/karategi-adidas-k220-club\/","og_site_name":"Daisho","article_modified_time":"2025-12-24T07:30:09+00:00","og_image":[{"width":500,"height":709,"url":"https:\/\/www.daisho.be\/wp-content\/uploads\/2024\/09\/image-52.png","type":"image\/png"}],"twitter_card":"summary_large_image","twitter_misc":{"Tempo di lettura stimato":"1 minuto"},"schema":{"@context":"https:\/\/schema.org","@graph":[{"@type":"WebPage","@id":"https:\/\/www.daisho.be\/it\/produit\/karategi-adidas-k220-club\/","url":"https:\/\/www.daisho.be\/it\/produit\/karategi-adidas-k220-club\/","name":"KARATEGI ADIDAS K220 CLUB &#8211; Daisho","isPartOf":{"@id":"https:\/\/www.daisho.be\/it\/#website"},"primaryImageOfPage":{"@id":"https:\/\/www.daisho.be\/it\/produit\/karategi-adidas-k220-club\/#primaryimage"},"image":{"@id":"https:\/\/www.daisho.be\/it\/produit\/karategi-adidas-k220-club\/#primaryimage"},"thumbnailUrl":"https:\/\/www.daisho.be\/wp-content\/uploads\/2024\/09\/image-52.png","datePublished":"2020-12-01T21:55:12+00:00","dateModified":"2025-12-24T07:30:09+00:00","description":"L'Adidas Karategi K220 offre un ottimo rapporto qualit\u00e0-prezzo. \u00c8 progettata per i principianti e per i livelli intermedi. Acquistalo su www.daisho.be|Daisho","breadcrumb":{"@id":"https:\/\/www.daisho.be\/it\/produit\/karategi-adidas-k220-club\/#breadcrumb"},"inLanguage":"it-IT","potentialAction":[{"@type":"ReadAction","target":["https:\/\/www.daisho.be\/it\/produit\/karategi-adidas-k220-club\/"]}]},{"@type":"ImageObject","inLanguage":"it-IT","@id":"https:\/\/www.daisho.be\/it\/produit\/karategi-adidas-k220-club\/#primaryimage","url":"https:\/\/www.daisho.be\/wp-content\/uploads\/2024\/09\/image-52.png","contentUrl":"https:\/\/www.daisho.be\/wp-content\/uploads\/2024\/09\/image-52.png","width":500,"height":709,"caption":"KARATEGI ADIDAS K220 CLUB-1"},{"@type":"BreadcrumbList","@id":"https:\/\/www.daisho.be\/it\/produit\/karategi-adidas-k220-club\/#breadcrumb","itemListElement":[{"@type":"ListItem","position":1,"name":"Accueil","item":"https:\/\/www.daisho.be\/it\/"},{"@type":"ListItem","position":2,"name":"Prodotti","item":"https:\/\/www.daisho.be\/it\/prodotti\/"},{"@type":"ListItem","position":3,"name":"ADIDAS SPORT DA COMBATTIMENTO","item":"https:\/\/www.daisho.be\/it\/categorie-produit\/adidas-sport-da-combattimento\/"},{"@type":"ListItem","position":4,"name":"Karate","item":"https:\/\/www.daisho.be\/it\/categorie-produit\/adidas-sport-da-combattimento\/karate-it\/"},{"@type":"ListItem","position":5,"name":"Kimono - Karategi Adidas","item":"https:\/\/www.daisho.be\/it\/categorie-produit\/adidas-sport-da-combattimento\/karate-it\/kimono-karategi-adidas-it\/"},{"@type":"ListItem","position":6,"name":"KARATEGI ADIDAS K220 CLUB"}]},{"@type":"WebSite","@id":"https:\/\/www.daisho.be\/it\/#website","url":"https:\/\/www.daisho.be\/it\/","name":"Daisho","description":"Sp&eacute;cialiste de l'&eacute;quipement sportif d'arts martiaux","publisher":{"@id":"https:\/\/www.daisho.be\/it\/#organization"},"potentialAction":[{"@type":"SearchAction","target":{"@type":"EntryPoint","urlTemplate":"https:\/\/www.daisho.be\/it\/?s={search_term_string}"},"query-input":{"@type":"PropertyValueSpecification","valueRequired":true,"valueName":"search_term_string"}}],"inLanguage":"it-IT"},{"@type":"Organization","@id":"https:\/\/www.daisho.be\/it\/#organization","name":"Daisho","url":"https:\/\/www.daisho.be\/it\/","logo":{"@type":"ImageObject","inLanguage":"it-IT","@id":"https:\/\/www.daisho.be\/it\/#\/schema\/logo\/image\/","url":"https:\/\/www.daisho.be\/wp-content\/uploads\/2019\/07\/color-nothing-horizontale4x-e1564486100247.png","contentUrl":"https:\/\/www.daisho.be\/wp-content\/uploads\/2019\/07\/color-nothing-horizontale4x-e1564486100247.png","width":1547,"height":385,"caption":"Daisho"},"image":{"@id":"https:\/\/www.daisho.be\/it\/#\/schema\/logo\/image\/"}}]}},"_links":{"self":[{"href":"https:\/\/www.daisho.be\/it\/wp-json\/wp\/v2\/product\/452868","targetHints":{"allow":["GET"]}}],"collection":[{"href":"https:\/\/www.daisho.be\/it\/wp-json\/wp\/v2\/product"}],"about":[{"href":"https:\/\/www.daisho.be\/it\/wp-json\/wp\/v2\/types\/product"}],"replies":[{"embeddable":true,"href":"https:\/\/www.daisho.be\/it\/wp-json\/wp\/v2\/comments?post=452868"}],"wp:featuredmedia":[{"embeddable":true,"href":"https:\/\/www.daisho.be\/it\/wp-json\/wp\/v2\/media\/452885"}],"wp:attachment":[{"href":"https:\/\/www.daisho.be\/it\/wp-json\/wp\/v2\/media?parent=452868"}],"wp:term":[{"taxonomy":"product_brand","embeddable":true,"href":"https:\/\/www.daisho.be\/it\/wp-json\/wp\/v2\/product_brand?post=452868"},{"taxonomy":"product_cat","embeddable":true,"href":"https:\/\/www.daisho.be\/it\/wp-json\/wp\/v2\/product_cat?post=452868"},{"taxonomy":"product_tag","embeddable":true,"href":"https:\/\/www.daisho.be\/it\/wp-json\/wp\/v2\/product_tag?post=452868"},{"taxonomy":"sport","embeddable":true,"href":"https:\/\/www.daisho.be\/it\/wp-json\/wp\/v2\/sport?post=452868"}],"curies":[{"name":"wp","href":"https:\/\/api.w.org\/{rel}","templated":true}]}}