{"id":450415,"date":"2019-09-16T09:55:32","date_gmt":"2019-09-16T07:55:32","guid":{"rendered":"https:\/\/www.daisho.be\/produit\/karategi-tokaido-kata-master-atletico-wkf\/"},"modified":"2025-10-09T10:07:43","modified_gmt":"2025-10-09T08:07:43","slug":"karategi-tokaido-kata-master-atletico-wkf","status":"publish","type":"product","link":"https:\/\/www.daisho.be\/it\/produit\/karategi-tokaido-kata-master-atletico-wkf\/","title":{"rendered":"KARATEGI TOKAIDO KATA MASTER ATLETICO &#8211; WKF"},"content":{"rendered":"<p>Il Kata Master Athletic, o kimono, non \u00e8 certo adatto a chiunque&#8230;<br \/>\nSe stai cercando un kata karategi di prima classe per gare e campionati, ti piacer\u00e0 il nuovo Kata Master Athletic di Tokaido.<br \/>\nLa qualit\u00e0 del tessuto \u00e8 stata sviluppata appositamente per il kata e non lascia nulla a desiderare.<br \/>\nGrazie alla nuova versione, l&#8217;outfit si adatta ancora meglio e conferisce al concorrente un carisma particolare.<br \/>\nQuesto \u00e8 un karategi eccellente, eseguito da atleti di kata per atleti di kata.<\/p>\n<p>Caratteristiche:<br \/>\n&#8211; La coppa \u00e8 stata sviluppata in collaborazione con il Team Ki dal pilota giapponese Kenichi Sato e dal vice-campione del mondo Ilja Smorguner.<br \/>\n&#8211; Karategi Slim Fit che calza a pennello: la giacca aderente con il famoso &#8220;taglio intelligente delle spalle&#8221; fa sembrare questo outfit una camicia da lavoro per la parte superiore del corpo.<br \/>\n&#8211; Le maniche aderenti consentono agli ufficiali di gara e agli studenti di vedere ancora meglio le tecniche che vengono eseguite.<br \/>\n&#8211; L&#8217;azzurro tipico giapponese del tessuto rende questo karategi brillante.<br \/>\n&#8211; Il tessuto di nuova concezione \u00e8 stato ottimizzato per evidenziare ogni tecnica con un suono sorprendente.<br \/>\n&#8211; La combinazione di cotone e poliestere riduce anche il peso del karategi (kimono) per ottenere salti ancora pi\u00f9 alti senza compromessi.<br \/>\n&#8211; La tradizionale stampa giapponese all&#8217;interno della giacca \u00e8 un altro elemento che attira l&#8217;attenzione.<br \/>\n&#8211; Logo Tokaido ricamato sul petto, sul collo e sui pantaloni.<br \/>\n&#8211; Karategi approvato dalla WKF: pu\u00f2 quindi essere indossato in tutti i campionati mondiali WKF e K1.<br \/>\n&#8211; Tasso di restringimento: 3%.<br \/>\n&#8211; Articoli forniti: giacca, pantaloni e una borsa sportiva leggera.<\/p>\n<p>Il ricamo Tokaido in kanji blu e rosso pu\u00f2 essere aggiunto sulla spalla per le competizioni internazionali.<\/p>\n","protected":false},"excerpt":{"rendered":"<p>Il Kata Master Athletic, o kimono, non \u00e8 certo adatto a chiunque&#8230; Se stai cercando un kata karategi di prima classe per gare e campionati, ti piacer\u00e0 il nuovo Kata Master Athletic di Tokaido. La qualit\u00e0 del tessuto \u00e8 stata sviluppata appositamente per il kata e non lascia nulla a desiderare. Grazie alla nuova versione, [&hellip;]<\/p>\n","protected":false},"featured_media":450420,"comment_status":"closed","ping_status":"closed","template":"","meta":{"inline_featured_image":false},"product_brand":[],"product_cat":[2119,2007],"product_tag":[2006],"sport":[73],"class_list":{"0":"post-450415","1":"product","2":"type-product","3":"status-publish","4":"has-post-thumbnail","6":"product_cat-abiti-kimono","7":"product_cat-kimono-da-karate","8":"product_tag-tokaido-it","9":"pa_size-381","10":"pa_size-380","11":"pa_size-388","12":"pa_size-379","13":"pa_size-387","14":"pa_size-378","15":"pa_size-386","16":"pa_size-377","17":"pa_size-385","18":"pa_size-376","19":"pa_size-384","20":"pa_size-383","21":"sport-karate","23":"first","24":"instock","25":"taxable","26":"shipping-taxable","27":"purchasable","28":"product-type-variable"},"yoast_head":"<!-- This site is optimized with the Yoast SEO plugin v27.2 - https:\/\/yoast.com\/product\/yoast-seo-wordpress\/ -->\n<title>Kimono da gara di karate (Tokaido) - Karategi Kata Master Athletic<\/title>\n<meta name=\"description\" content=\"Il karategi Kata Master Athletic \u00e8 stato progettato appositamente per gli specialisti del kata. \u00c8 un kimono da karate approvato dalla WKF.\" \/>\n<meta name=\"robots\" content=\"index, follow, max-snippet:-1, max-image-preview:large, max-video-preview:-1\" \/>\n<link rel=\"canonical\" href=\"https:\/\/www.daisho.be\/it\/produit\/karategi-tokaido-kata-master-atletico-wkf\/\" \/>\n<meta property=\"og:locale\" content=\"it_IT\" \/>\n<meta property=\"og:type\" content=\"article\" \/>\n<meta property=\"og:title\" content=\"Kimono da gara di karate (Tokaido) - Karategi Kata Master Athletic\" \/>\n<meta property=\"og:description\" content=\"Il karategi Kata Master Athletic \u00e8 stato progettato appositamente per gli specialisti del kata. \u00c8 un kimono da karate approvato dalla WKF.\" \/>\n<meta property=\"og:url\" content=\"https:\/\/www.daisho.be\/it\/produit\/karategi-tokaido-kata-master-atletico-wkf\/\" \/>\n<meta property=\"og:site_name\" content=\"Daisho\" \/>\n<meta property=\"article:modified_time\" content=\"2025-10-09T08:07:43+00:00\" \/>\n<meta property=\"og:image\" content=\"https:\/\/www.daisho.be\/wp-content\/uploads\/2024\/06\/image-36.jpg\" \/>\n\t<meta property=\"og:image:width\" content=\"800\" \/>\n\t<meta property=\"og:image:height\" content=\"1280\" \/>\n\t<meta property=\"og:image:type\" content=\"image\/jpeg\" \/>\n<meta name=\"twitter:card\" content=\"summary_large_image\" \/>\n<meta name=\"twitter:label1\" content=\"Tempo di lettura stimato\" \/>\n\t<meta name=\"twitter:data1\" content=\"1 minuto\" \/>\n<script type=\"application\/ld+json\" class=\"yoast-schema-graph\">{\"@context\":\"https:\/\/schema.org\",\"@graph\":[{\"@type\":\"WebPage\",\"@id\":\"https:\/\/www.daisho.be\/it\/produit\/karategi-tokaido-kata-master-atletico-wkf\/\",\"url\":\"https:\/\/www.daisho.be\/it\/produit\/karategi-tokaido-kata-master-atletico-wkf\/\",\"name\":\"Kimono da gara di karate (Tokaido) - Karategi Kata Master Athletic\",\"isPartOf\":{\"@id\":\"https:\/\/www.daisho.be\/it\/#website\"},\"primaryImageOfPage\":{\"@id\":\"https:\/\/www.daisho.be\/it\/produit\/karategi-tokaido-kata-master-atletico-wkf\/#primaryimage\"},\"image\":{\"@id\":\"https:\/\/www.daisho.be\/it\/produit\/karategi-tokaido-kata-master-atletico-wkf\/#primaryimage\"},\"thumbnailUrl\":\"https:\/\/www.daisho.be\/wp-content\/uploads\/2024\/06\/image-36.jpg\",\"datePublished\":\"2019-09-16T07:55:32+00:00\",\"dateModified\":\"2025-10-09T08:07:43+00:00\",\"description\":\"Il karategi Kata Master Athletic \u00e8 stato progettato appositamente per gli specialisti del kata. \u00c8 un kimono da karate approvato dalla WKF.\",\"breadcrumb\":{\"@id\":\"https:\/\/www.daisho.be\/it\/produit\/karategi-tokaido-kata-master-atletico-wkf\/#breadcrumb\"},\"inLanguage\":\"it-IT\",\"potentialAction\":[{\"@type\":\"ReadAction\",\"target\":[\"https:\/\/www.daisho.be\/it\/produit\/karategi-tokaido-kata-master-atletico-wkf\/\"]}]},{\"@type\":\"ImageObject\",\"inLanguage\":\"it-IT\",\"@id\":\"https:\/\/www.daisho.be\/it\/produit\/karategi-tokaido-kata-master-atletico-wkf\/#primaryimage\",\"url\":\"https:\/\/www.daisho.be\/wp-content\/uploads\/2024\/06\/image-36.jpg\",\"contentUrl\":\"https:\/\/www.daisho.be\/wp-content\/uploads\/2024\/06\/image-36.jpg\",\"width\":800,\"height\":1280,\"caption\":\"KARATEGI TOKAIDO KATA MASTER ATLETICO - WKF-1\"},{\"@type\":\"BreadcrumbList\",\"@id\":\"https:\/\/www.daisho.be\/it\/produit\/karategi-tokaido-kata-master-atletico-wkf\/#breadcrumb\",\"itemListElement\":[{\"@type\":\"ListItem\",\"position\":1,\"name\":\"Accueil\",\"item\":\"https:\/\/www.daisho.be\/it\/\"},{\"@type\":\"ListItem\",\"position\":2,\"name\":\"Prodotti\",\"item\":\"https:\/\/www.daisho.be\/it\/prodotti\/\"},{\"@type\":\"ListItem\",\"position\":3,\"name\":\"Attrezzature e abbigliamento per arti marziali e sport da combattimento\",\"item\":\"https:\/\/www.daisho.be\/it\/categorie-produit\/attrezzature-e-abbigliamento-per-arti-marziali-e-sport-da-combattimento\/\"},{\"@type\":\"ListItem\",\"position\":4,\"name\":\"Karate\",\"item\":\"https:\/\/www.daisho.be\/it\/categorie-produit\/attrezzature-e-abbigliamento-per-arti-marziali-e-sport-da-combattimento\/karate-it-2\/\"},{\"@type\":\"ListItem\",\"position\":5,\"name\":\"Kimono da karate\",\"item\":\"https:\/\/www.daisho.be\/it\/categorie-produit\/attrezzature-e-abbigliamento-per-arti-marziali-e-sport-da-combattimento\/karate-it-2\/kimono-da-karate\/\"},{\"@type\":\"ListItem\",\"position\":6,\"name\":\"KARATEGI TOKAIDO KATA MASTER ATLETICO &#8211; WKF\"}]},{\"@type\":\"WebSite\",\"@id\":\"https:\/\/www.daisho.be\/it\/#website\",\"url\":\"https:\/\/www.daisho.be\/it\/\",\"name\":\"Daisho\",\"description\":\"Sp&eacute;cialiste de l'&eacute;quipement sportif d'arts martiaux\",\"publisher\":{\"@id\":\"https:\/\/www.daisho.be\/it\/#organization\"},\"potentialAction\":[{\"@type\":\"SearchAction\",\"target\":{\"@type\":\"EntryPoint\",\"urlTemplate\":\"https:\/\/www.daisho.be\/it\/?s={search_term_string}\"},\"query-input\":{\"@type\":\"PropertyValueSpecification\",\"valueRequired\":true,\"valueName\":\"search_term_string\"}}],\"inLanguage\":\"it-IT\"},{\"@type\":\"Organization\",\"@id\":\"https:\/\/www.daisho.be\/it\/#organization\",\"name\":\"Daisho\",\"url\":\"https:\/\/www.daisho.be\/it\/\",\"logo\":{\"@type\":\"ImageObject\",\"inLanguage\":\"it-IT\",\"@id\":\"https:\/\/www.daisho.be\/it\/#\/schema\/logo\/image\/\",\"url\":\"https:\/\/www.daisho.be\/wp-content\/uploads\/2019\/07\/color-nothing-horizontale4x-e1564486100247.png\",\"contentUrl\":\"https:\/\/www.daisho.be\/wp-content\/uploads\/2019\/07\/color-nothing-horizontale4x-e1564486100247.png\",\"width\":1547,\"height\":385,\"caption\":\"Daisho\"},\"image\":{\"@id\":\"https:\/\/www.daisho.be\/it\/#\/schema\/logo\/image\/\"}}]}<\/script>\n<!-- \/ Yoast SEO plugin. -->","yoast_head_json":{"title":"Kimono da gara di karate (Tokaido) - Karategi Kata Master Athletic","description":"Il karategi Kata Master Athletic \u00e8 stato progettato appositamente per gli specialisti del kata. \u00c8 un kimono da karate approvato dalla WKF.","robots":{"index":"index","follow":"follow","max-snippet":"max-snippet:-1","max-image-preview":"max-image-preview:large","max-video-preview":"max-video-preview:-1"},"canonical":"https:\/\/www.daisho.be\/it\/produit\/karategi-tokaido-kata-master-atletico-wkf\/","og_locale":"it_IT","og_type":"article","og_title":"Kimono da gara di karate (Tokaido) - Karategi Kata Master Athletic","og_description":"Il karategi Kata Master Athletic \u00e8 stato progettato appositamente per gli specialisti del kata. \u00c8 un kimono da karate approvato dalla WKF.","og_url":"https:\/\/www.daisho.be\/it\/produit\/karategi-tokaido-kata-master-atletico-wkf\/","og_site_name":"Daisho","article_modified_time":"2025-10-09T08:07:43+00:00","og_image":[{"width":800,"height":1280,"url":"https:\/\/www.daisho.be\/wp-content\/uploads\/2024\/06\/image-36.jpg","type":"image\/jpeg"}],"twitter_card":"summary_large_image","twitter_misc":{"Tempo di lettura stimato":"1 minuto"},"schema":{"@context":"https:\/\/schema.org","@graph":[{"@type":"WebPage","@id":"https:\/\/www.daisho.be\/it\/produit\/karategi-tokaido-kata-master-atletico-wkf\/","url":"https:\/\/www.daisho.be\/it\/produit\/karategi-tokaido-kata-master-atletico-wkf\/","name":"Kimono da gara di karate (Tokaido) - Karategi Kata Master Athletic","isPartOf":{"@id":"https:\/\/www.daisho.be\/it\/#website"},"primaryImageOfPage":{"@id":"https:\/\/www.daisho.be\/it\/produit\/karategi-tokaido-kata-master-atletico-wkf\/#primaryimage"},"image":{"@id":"https:\/\/www.daisho.be\/it\/produit\/karategi-tokaido-kata-master-atletico-wkf\/#primaryimage"},"thumbnailUrl":"https:\/\/www.daisho.be\/wp-content\/uploads\/2024\/06\/image-36.jpg","datePublished":"2019-09-16T07:55:32+00:00","dateModified":"2025-10-09T08:07:43+00:00","description":"Il karategi Kata Master Athletic \u00e8 stato progettato appositamente per gli specialisti del kata. \u00c8 un kimono da karate approvato dalla WKF.","breadcrumb":{"@id":"https:\/\/www.daisho.be\/it\/produit\/karategi-tokaido-kata-master-atletico-wkf\/#breadcrumb"},"inLanguage":"it-IT","potentialAction":[{"@type":"ReadAction","target":["https:\/\/www.daisho.be\/it\/produit\/karategi-tokaido-kata-master-atletico-wkf\/"]}]},{"@type":"ImageObject","inLanguage":"it-IT","@id":"https:\/\/www.daisho.be\/it\/produit\/karategi-tokaido-kata-master-atletico-wkf\/#primaryimage","url":"https:\/\/www.daisho.be\/wp-content\/uploads\/2024\/06\/image-36.jpg","contentUrl":"https:\/\/www.daisho.be\/wp-content\/uploads\/2024\/06\/image-36.jpg","width":800,"height":1280,"caption":"KARATEGI TOKAIDO KATA MASTER ATLETICO - WKF-1"},{"@type":"BreadcrumbList","@id":"https:\/\/www.daisho.be\/it\/produit\/karategi-tokaido-kata-master-atletico-wkf\/#breadcrumb","itemListElement":[{"@type":"ListItem","position":1,"name":"Accueil","item":"https:\/\/www.daisho.be\/it\/"},{"@type":"ListItem","position":2,"name":"Prodotti","item":"https:\/\/www.daisho.be\/it\/prodotti\/"},{"@type":"ListItem","position":3,"name":"Attrezzature e abbigliamento per arti marziali e sport da combattimento","item":"https:\/\/www.daisho.be\/it\/categorie-produit\/attrezzature-e-abbigliamento-per-arti-marziali-e-sport-da-combattimento\/"},{"@type":"ListItem","position":4,"name":"Karate","item":"https:\/\/www.daisho.be\/it\/categorie-produit\/attrezzature-e-abbigliamento-per-arti-marziali-e-sport-da-combattimento\/karate-it-2\/"},{"@type":"ListItem","position":5,"name":"Kimono da karate","item":"https:\/\/www.daisho.be\/it\/categorie-produit\/attrezzature-e-abbigliamento-per-arti-marziali-e-sport-da-combattimento\/karate-it-2\/kimono-da-karate\/"},{"@type":"ListItem","position":6,"name":"KARATEGI TOKAIDO KATA MASTER ATLETICO &#8211; WKF"}]},{"@type":"WebSite","@id":"https:\/\/www.daisho.be\/it\/#website","url":"https:\/\/www.daisho.be\/it\/","name":"Daisho","description":"Sp&eacute;cialiste de l'&eacute;quipement sportif d'arts martiaux","publisher":{"@id":"https:\/\/www.daisho.be\/it\/#organization"},"potentialAction":[{"@type":"SearchAction","target":{"@type":"EntryPoint","urlTemplate":"https:\/\/www.daisho.be\/it\/?s={search_term_string}"},"query-input":{"@type":"PropertyValueSpecification","valueRequired":true,"valueName":"search_term_string"}}],"inLanguage":"it-IT"},{"@type":"Organization","@id":"https:\/\/www.daisho.be\/it\/#organization","name":"Daisho","url":"https:\/\/www.daisho.be\/it\/","logo":{"@type":"ImageObject","inLanguage":"it-IT","@id":"https:\/\/www.daisho.be\/it\/#\/schema\/logo\/image\/","url":"https:\/\/www.daisho.be\/wp-content\/uploads\/2019\/07\/color-nothing-horizontale4x-e1564486100247.png","contentUrl":"https:\/\/www.daisho.be\/wp-content\/uploads\/2019\/07\/color-nothing-horizontale4x-e1564486100247.png","width":1547,"height":385,"caption":"Daisho"},"image":{"@id":"https:\/\/www.daisho.be\/it\/#\/schema\/logo\/image\/"}}]}},"_links":{"self":[{"href":"https:\/\/www.daisho.be\/it\/wp-json\/wp\/v2\/product\/450415","targetHints":{"allow":["GET"]}}],"collection":[{"href":"https:\/\/www.daisho.be\/it\/wp-json\/wp\/v2\/product"}],"about":[{"href":"https:\/\/www.daisho.be\/it\/wp-json\/wp\/v2\/types\/product"}],"replies":[{"embeddable":true,"href":"https:\/\/www.daisho.be\/it\/wp-json\/wp\/v2\/comments?post=450415"}],"wp:featuredmedia":[{"embeddable":true,"href":"https:\/\/www.daisho.be\/it\/wp-json\/wp\/v2\/media\/450420"}],"wp:attachment":[{"href":"https:\/\/www.daisho.be\/it\/wp-json\/wp\/v2\/media?parent=450415"}],"wp:term":[{"taxonomy":"product_brand","embeddable":true,"href":"https:\/\/www.daisho.be\/it\/wp-json\/wp\/v2\/product_brand?post=450415"},{"taxonomy":"product_cat","embeddable":true,"href":"https:\/\/www.daisho.be\/it\/wp-json\/wp\/v2\/product_cat?post=450415"},{"taxonomy":"product_tag","embeddable":true,"href":"https:\/\/www.daisho.be\/it\/wp-json\/wp\/v2\/product_tag?post=450415"},{"taxonomy":"sport","embeddable":true,"href":"https:\/\/www.daisho.be\/it\/wp-json\/wp\/v2\/sport?post=450415"}],"curies":[{"name":"wp","href":"https:\/\/api.w.org\/{rel}","templated":true}]}}