{"id":449365,"date":"2019-09-18T22:38:34","date_gmt":"2019-09-18T20:38:34","guid":{"rendered":"https:\/\/www.daisho.be\/produit\/display-da-judo-j-topb\/"},"modified":"2026-03-31T15:51:40","modified_gmt":"2026-03-31T13:51:40","slug":"display-da-judo-j-topb","status":"publish","type":"product","link":"https:\/\/www.daisho.be\/it\/produit\/display-da-judo-j-topb\/","title":{"rendered":"Tabellone J-TOPB a batteria per il judo"},"content":{"rendered":"<p>Tabellone JTOP\/S per Judo portatile con console retrattile.<br \/>\nIl tabellone J-Top per Judo \u00e8 un tabellone veramente portatile. Funziona a rete o a batteria ed \u00e8 dotato di una console pieghevole. \u00c8 alimentato a batteria.<br \/>\nCon il suo schermo LCD retroilluminato per una maggiore facilit\u00e0 d&#8217;uso, il tabellone J-Top \u00e8 ergonomico, leggero e facile da trasportare e riporre. \u00c8 realizzato con un approccio di eco-design progettato per ridurre al minimo il consumo di energia e l&#8217;impatto del trasporto.<br \/>\nComposto da:<br \/>\n&#8211; 1 tabellone portatile con console di controllo integrata<br \/>\n&#8211; 1 caricabatterie<br \/>\n&#8211; Istruzioni per l&#8217;installazione  <\/p>\n<p>Specifiche tecniche:<br \/>\nUso: In ambienti interni<br \/>\nTrasmissione: Diretta<br \/>\nLeggibilit\u00e0: 35 m, angolo &gt;160\u00b0<br \/>\nDimensioni: 730 x 370 x 110 mm<br \/>\nPeso: 5,5 kg<br \/>\nAlimentazione: Batterie interne al piombo &#8211; 2 x 6V 4,5Ah (autonomia circa 20 ore).<br \/>\nProtezione: Pannello frontale in policarbonato infrangibile nero opaco antiriflesso (DIN 18032-3)<br \/>\nClacson integrato: 86 dB a 1 m<\/p>\n<p>Dimensioni: 733 x 368 x 115 mm<br \/>\nCifre: 9 cm &#8211; Leggibilit\u00e0 35 m<\/p>\n<p>Funzioni del display:<br \/>\nPunteggio:<br \/>\n&#8211; Ippon (I): 2 x 1 cifre rosse (9 cm)<br \/>\n&#8211; Waza-Hari (W): 2 x 1 cifre rosse (9 cm)<br \/>\n&#8211; Yoko (Y): 2 x 1 cifre rosse (9 cm)<br \/>\n&#8211; Cifre lampeggianti (per indicare la parte vincente)<br \/>\nFalli:<br \/>\n&#8211; Hansoku-make (H): 2 x 1 cifre rosse<br \/>\n&#8211; Shido (S) 1-2-3: 2 x 3 cifre rosse<br \/>\nCronometro:<br \/>\n&#8211; Durata della gara, Osaekomi,<br \/>\n&#8211; Punteggio d&#8217;oro: 3 cifre rosse (9 cm)<br \/>\nIndicazione delle squadre : Adesivi rossi e blu<\/p>\n<p>Scrivania:<br \/>\n1 scrivania integrata: (340 x 175 x 60 mm) con schermo LCD a 2 righe con 20 caratteri da 9 mm<br \/>\nPorta USB: per l&#8217;aggiornamento del programma<br \/>\nProgramma: Judo (competizione), Randori (allenamento) secondo le regole IJF (2013)<br \/>\nCorno Programmabile con 3 suoni diversi (per 3 competizioni nello stesso dojo)<br \/>\nProgramma multilingue<\/p>\n<p>Opzioni:<br \/>\nDisplay del ripetitore J-Top<br \/>\nCustodia per il trasporto<\/p>\n","protected":false},"excerpt":{"rendered":"<p>Tabellone JTOP\/S per Judo portatile con console retrattile. Il tabellone J-Top per Judo \u00e8 un tabellone veramente portatile. Funziona a rete o a batteria ed \u00e8 dotato di una console pieghevole. \u00c8 alimentato a batteria. Con il suo schermo LCD retroilluminato per una maggiore facilit\u00e0 d&#8217;uso, il tabellone J-Top \u00e8 ergonomico, leggero e facile da [&hellip;]<\/p>\n","protected":false},"featured_media":521267,"comment_status":"open","ping_status":"closed","template":"","meta":{"inline_featured_image":false},"product_brand":[],"product_cat":[2034,2026],"product_tag":[2028],"sport":[78],"class_list":{"0":"post-449365","1":"product","2":"type-product","3":"status-publish","4":"has-post-thumbnail","6":"product_cat-attrezzatura-da-competizione-it","7":"product_cat-display-competizione","8":"product_tag-stramatello","9":"pa_size-sans-taille","10":"sport-judo","12":"first","13":"instock","14":"taxable","15":"shipping-taxable","16":"purchasable","17":"product-type-simple"},"yoast_head":"<!-- This site is optimized with the Yoast SEO plugin v27.2 - https:\/\/yoast.com\/product\/yoast-seo-wordpress\/ -->\n<title>Tabellone J-TOPB a batteria per il judo &#8211; Daisho<\/title>\n<meta name=\"description\" content=\"Tabellone J-TOP a batteria per il judo: autonomia di 20 ore, approvato dalla IJF. Leggibilit\u00e0 a 35 metri, punteggi e tempi completi. Trovalo su www.daisho.be|Daisho\" \/>\n<meta name=\"robots\" content=\"index, follow, max-snippet:-1, max-image-preview:large, max-video-preview:-1\" \/>\n<link rel=\"canonical\" href=\"https:\/\/www.daisho.be\/it\/produit\/display-da-judo-j-topb\/\" \/>\n<meta property=\"og:locale\" content=\"it_IT\" \/>\n<meta property=\"og:type\" content=\"article\" \/>\n<meta property=\"og:title\" content=\"Tabellone J-TOPB a batteria per il judo &#8211; Daisho\" \/>\n<meta property=\"og:description\" content=\"Tabellone J-TOP a batteria per il judo: autonomia di 20 ore, approvato dalla IJF. Leggibilit\u00e0 a 35 metri, punteggi e tempi completi. Trovalo su www.daisho.be|Daisho\" \/>\n<meta property=\"og:url\" content=\"https:\/\/www.daisho.be\/it\/produit\/display-da-judo-j-topb\/\" \/>\n<meta property=\"og:site_name\" content=\"Daisho\" \/>\n<meta property=\"article:modified_time\" content=\"2026-03-31T13:51:40+00:00\" \/>\n<meta property=\"og:image\" content=\"https:\/\/www.daisho.be\/wp-content\/uploads\/2025\/05\/image-24.webp\" \/>\n\t<meta property=\"og:image:width\" content=\"500\" \/>\n\t<meta property=\"og:image:height\" content=\"500\" \/>\n\t<meta property=\"og:image:type\" content=\"image\/webp\" \/>\n<meta name=\"twitter:card\" content=\"summary_large_image\" \/>\n<meta name=\"twitter:label1\" content=\"Tempo di lettura stimato\" \/>\n\t<meta name=\"twitter:data1\" content=\"1 minuto\" \/>\n<script type=\"application\/ld+json\" class=\"yoast-schema-graph\">{\"@context\":\"https:\/\/schema.org\",\"@graph\":[{\"@type\":\"WebPage\",\"@id\":\"https:\/\/www.daisho.be\/it\/produit\/display-da-judo-j-topb\/\",\"url\":\"https:\/\/www.daisho.be\/it\/produit\/display-da-judo-j-topb\/\",\"name\":\"Tabellone J-TOPB a batteria per il judo &#8211; Daisho\",\"isPartOf\":{\"@id\":\"https:\/\/www.daisho.be\/it\/#website\"},\"primaryImageOfPage\":{\"@id\":\"https:\/\/www.daisho.be\/it\/produit\/display-da-judo-j-topb\/#primaryimage\"},\"image\":{\"@id\":\"https:\/\/www.daisho.be\/it\/produit\/display-da-judo-j-topb\/#primaryimage\"},\"thumbnailUrl\":\"https:\/\/www.daisho.be\/wp-content\/uploads\/2025\/05\/image-24.webp\",\"datePublished\":\"2019-09-18T20:38:34+00:00\",\"dateModified\":\"2026-03-31T13:51:40+00:00\",\"description\":\"Tabellone J-TOP a batteria per il judo: autonomia di 20 ore, approvato dalla IJF. Leggibilit\u00e0 a 35 metri, punteggi e tempi completi. Trovalo su www.daisho.be|Daisho\",\"breadcrumb\":{\"@id\":\"https:\/\/www.daisho.be\/it\/produit\/display-da-judo-j-topb\/#breadcrumb\"},\"inLanguage\":\"it-IT\",\"potentialAction\":[{\"@type\":\"ReadAction\",\"target\":[\"https:\/\/www.daisho.be\/it\/produit\/display-da-judo-j-topb\/\"]}]},{\"@type\":\"ImageObject\",\"inLanguage\":\"it-IT\",\"@id\":\"https:\/\/www.daisho.be\/it\/produit\/display-da-judo-j-topb\/#primaryimage\",\"url\":\"https:\/\/www.daisho.be\/wp-content\/uploads\/2025\/05\/image-24.webp\",\"contentUrl\":\"https:\/\/www.daisho.be\/wp-content\/uploads\/2025\/05\/image-24.webp\",\"width\":500,\"height\":500,\"caption\":\"Display da judo J-TOPB a batteria-1\"},{\"@type\":\"BreadcrumbList\",\"@id\":\"https:\/\/www.daisho.be\/it\/produit\/display-da-judo-j-topb\/#breadcrumb\",\"itemListElement\":[{\"@type\":\"ListItem\",\"position\":1,\"name\":\"Accueil\",\"item\":\"https:\/\/www.daisho.be\/it\/\"},{\"@type\":\"ListItem\",\"position\":2,\"name\":\"Prodotti\",\"item\":\"https:\/\/www.daisho.be\/it\/prodotti\/\"},{\"@type\":\"ListItem\",\"position\":3,\"name\":\"Attrezzature e abbigliamento per arti marziali e sport da combattimento\",\"item\":\"https:\/\/www.daisho.be\/it\/categorie-produit\/attrezzature-e-abbigliamento-per-arti-marziali-e-sport-da-combattimento\/\"},{\"@type\":\"ListItem\",\"position\":4,\"name\":\"Judo\",\"item\":\"https:\/\/www.daisho.be\/it\/categorie-produit\/attrezzature-e-abbigliamento-per-arti-marziali-e-sport-da-combattimento\/judo-it-2\/\"},{\"@type\":\"ListItem\",\"position\":5,\"name\":\"Attrezzatura da competizione\",\"item\":\"https:\/\/www.daisho.be\/it\/categorie-produit\/attrezzature-e-abbigliamento-per-arti-marziali-e-sport-da-combattimento\/judo-it-2\/attrezzatura-da-competizione-it\/\"},{\"@type\":\"ListItem\",\"position\":6,\"name\":\"Tabellone J-TOPB a batteria per il judo\"}]},{\"@type\":\"WebSite\",\"@id\":\"https:\/\/www.daisho.be\/it\/#website\",\"url\":\"https:\/\/www.daisho.be\/it\/\",\"name\":\"Daisho\",\"description\":\"Sp&eacute;cialiste de l'&eacute;quipement sportif d'arts martiaux\",\"publisher\":{\"@id\":\"https:\/\/www.daisho.be\/it\/#organization\"},\"potentialAction\":[{\"@type\":\"SearchAction\",\"target\":{\"@type\":\"EntryPoint\",\"urlTemplate\":\"https:\/\/www.daisho.be\/it\/?s={search_term_string}\"},\"query-input\":{\"@type\":\"PropertyValueSpecification\",\"valueRequired\":true,\"valueName\":\"search_term_string\"}}],\"inLanguage\":\"it-IT\"},{\"@type\":\"Organization\",\"@id\":\"https:\/\/www.daisho.be\/it\/#organization\",\"name\":\"Daisho\",\"url\":\"https:\/\/www.daisho.be\/it\/\",\"logo\":{\"@type\":\"ImageObject\",\"inLanguage\":\"it-IT\",\"@id\":\"https:\/\/www.daisho.be\/it\/#\/schema\/logo\/image\/\",\"url\":\"https:\/\/www.daisho.be\/wp-content\/uploads\/2019\/07\/color-nothing-horizontale4x-e1564486100247.png\",\"contentUrl\":\"https:\/\/www.daisho.be\/wp-content\/uploads\/2019\/07\/color-nothing-horizontale4x-e1564486100247.png\",\"width\":1547,\"height\":385,\"caption\":\"Daisho\"},\"image\":{\"@id\":\"https:\/\/www.daisho.be\/it\/#\/schema\/logo\/image\/\"}}]}<\/script>\n<!-- \/ Yoast SEO plugin. -->","yoast_head_json":{"title":"Tabellone J-TOPB a batteria per il judo &#8211; Daisho","description":"Tabellone J-TOP a batteria per il judo: autonomia di 20 ore, approvato dalla IJF. Leggibilit\u00e0 a 35 metri, punteggi e tempi completi. Trovalo su www.daisho.be|Daisho","robots":{"index":"index","follow":"follow","max-snippet":"max-snippet:-1","max-image-preview":"max-image-preview:large","max-video-preview":"max-video-preview:-1"},"canonical":"https:\/\/www.daisho.be\/it\/produit\/display-da-judo-j-topb\/","og_locale":"it_IT","og_type":"article","og_title":"Tabellone J-TOPB a batteria per il judo &#8211; Daisho","og_description":"Tabellone J-TOP a batteria per il judo: autonomia di 20 ore, approvato dalla IJF. Leggibilit\u00e0 a 35 metri, punteggi e tempi completi. Trovalo su www.daisho.be|Daisho","og_url":"https:\/\/www.daisho.be\/it\/produit\/display-da-judo-j-topb\/","og_site_name":"Daisho","article_modified_time":"2026-03-31T13:51:40+00:00","og_image":[{"width":500,"height":500,"url":"https:\/\/www.daisho.be\/wp-content\/uploads\/2025\/05\/image-24.webp","type":"image\/webp"}],"twitter_card":"summary_large_image","twitter_misc":{"Tempo di lettura stimato":"1 minuto"},"schema":{"@context":"https:\/\/schema.org","@graph":[{"@type":"WebPage","@id":"https:\/\/www.daisho.be\/it\/produit\/display-da-judo-j-topb\/","url":"https:\/\/www.daisho.be\/it\/produit\/display-da-judo-j-topb\/","name":"Tabellone J-TOPB a batteria per il judo &#8211; Daisho","isPartOf":{"@id":"https:\/\/www.daisho.be\/it\/#website"},"primaryImageOfPage":{"@id":"https:\/\/www.daisho.be\/it\/produit\/display-da-judo-j-topb\/#primaryimage"},"image":{"@id":"https:\/\/www.daisho.be\/it\/produit\/display-da-judo-j-topb\/#primaryimage"},"thumbnailUrl":"https:\/\/www.daisho.be\/wp-content\/uploads\/2025\/05\/image-24.webp","datePublished":"2019-09-18T20:38:34+00:00","dateModified":"2026-03-31T13:51:40+00:00","description":"Tabellone J-TOP a batteria per il judo: autonomia di 20 ore, approvato dalla IJF. Leggibilit\u00e0 a 35 metri, punteggi e tempi completi. Trovalo su www.daisho.be|Daisho","breadcrumb":{"@id":"https:\/\/www.daisho.be\/it\/produit\/display-da-judo-j-topb\/#breadcrumb"},"inLanguage":"it-IT","potentialAction":[{"@type":"ReadAction","target":["https:\/\/www.daisho.be\/it\/produit\/display-da-judo-j-topb\/"]}]},{"@type":"ImageObject","inLanguage":"it-IT","@id":"https:\/\/www.daisho.be\/it\/produit\/display-da-judo-j-topb\/#primaryimage","url":"https:\/\/www.daisho.be\/wp-content\/uploads\/2025\/05\/image-24.webp","contentUrl":"https:\/\/www.daisho.be\/wp-content\/uploads\/2025\/05\/image-24.webp","width":500,"height":500,"caption":"Display da judo J-TOPB a batteria-1"},{"@type":"BreadcrumbList","@id":"https:\/\/www.daisho.be\/it\/produit\/display-da-judo-j-topb\/#breadcrumb","itemListElement":[{"@type":"ListItem","position":1,"name":"Accueil","item":"https:\/\/www.daisho.be\/it\/"},{"@type":"ListItem","position":2,"name":"Prodotti","item":"https:\/\/www.daisho.be\/it\/prodotti\/"},{"@type":"ListItem","position":3,"name":"Attrezzature e abbigliamento per arti marziali e sport da combattimento","item":"https:\/\/www.daisho.be\/it\/categorie-produit\/attrezzature-e-abbigliamento-per-arti-marziali-e-sport-da-combattimento\/"},{"@type":"ListItem","position":4,"name":"Judo","item":"https:\/\/www.daisho.be\/it\/categorie-produit\/attrezzature-e-abbigliamento-per-arti-marziali-e-sport-da-combattimento\/judo-it-2\/"},{"@type":"ListItem","position":5,"name":"Attrezzatura da competizione","item":"https:\/\/www.daisho.be\/it\/categorie-produit\/attrezzature-e-abbigliamento-per-arti-marziali-e-sport-da-combattimento\/judo-it-2\/attrezzatura-da-competizione-it\/"},{"@type":"ListItem","position":6,"name":"Tabellone J-TOPB a batteria per il judo"}]},{"@type":"WebSite","@id":"https:\/\/www.daisho.be\/it\/#website","url":"https:\/\/www.daisho.be\/it\/","name":"Daisho","description":"Sp&eacute;cialiste de l'&eacute;quipement sportif d'arts martiaux","publisher":{"@id":"https:\/\/www.daisho.be\/it\/#organization"},"potentialAction":[{"@type":"SearchAction","target":{"@type":"EntryPoint","urlTemplate":"https:\/\/www.daisho.be\/it\/?s={search_term_string}"},"query-input":{"@type":"PropertyValueSpecification","valueRequired":true,"valueName":"search_term_string"}}],"inLanguage":"it-IT"},{"@type":"Organization","@id":"https:\/\/www.daisho.be\/it\/#organization","name":"Daisho","url":"https:\/\/www.daisho.be\/it\/","logo":{"@type":"ImageObject","inLanguage":"it-IT","@id":"https:\/\/www.daisho.be\/it\/#\/schema\/logo\/image\/","url":"https:\/\/www.daisho.be\/wp-content\/uploads\/2019\/07\/color-nothing-horizontale4x-e1564486100247.png","contentUrl":"https:\/\/www.daisho.be\/wp-content\/uploads\/2019\/07\/color-nothing-horizontale4x-e1564486100247.png","width":1547,"height":385,"caption":"Daisho"},"image":{"@id":"https:\/\/www.daisho.be\/it\/#\/schema\/logo\/image\/"}}]}},"_links":{"self":[{"href":"https:\/\/www.daisho.be\/it\/wp-json\/wp\/v2\/product\/449365","targetHints":{"allow":["GET"]}}],"collection":[{"href":"https:\/\/www.daisho.be\/it\/wp-json\/wp\/v2\/product"}],"about":[{"href":"https:\/\/www.daisho.be\/it\/wp-json\/wp\/v2\/types\/product"}],"replies":[{"embeddable":true,"href":"https:\/\/www.daisho.be\/it\/wp-json\/wp\/v2\/comments?post=449365"}],"wp:featuredmedia":[{"embeddable":true,"href":"https:\/\/www.daisho.be\/it\/wp-json\/wp\/v2\/media\/521267"}],"wp:attachment":[{"href":"https:\/\/www.daisho.be\/it\/wp-json\/wp\/v2\/media?parent=449365"}],"wp:term":[{"taxonomy":"product_brand","embeddable":true,"href":"https:\/\/www.daisho.be\/it\/wp-json\/wp\/v2\/product_brand?post=449365"},{"taxonomy":"product_cat","embeddable":true,"href":"https:\/\/www.daisho.be\/it\/wp-json\/wp\/v2\/product_cat?post=449365"},{"taxonomy":"product_tag","embeddable":true,"href":"https:\/\/www.daisho.be\/it\/wp-json\/wp\/v2\/product_tag?post=449365"},{"taxonomy":"sport","embeddable":true,"href":"https:\/\/www.daisho.be\/it\/wp-json\/wp\/v2\/sport?post=449365"}],"curies":[{"name":"wp","href":"https:\/\/api.w.org\/{rel}","templated":true}]}}