{"id":449338,"date":"2019-09-18T22:38:46","date_gmt":"2019-09-18T20:38:46","guid":{"rendered":"https:\/\/www.daisho.be\/produit\/mostra-del-karate-ktopb\/"},"modified":"2026-03-31T15:44:30","modified_gmt":"2026-03-31T13:44:30","slug":"mostra-del-karate-ktopb","status":"publish","type":"product","link":"https:\/\/www.daisho.be\/it\/produit\/mostra-del-karate-ktopb\/","title":{"rendered":"Display da karate a batteria KTOPB"},"content":{"rendered":"<p>Tabellone da Karate portatile KTOP\/B (a batteria) con console retrattile.<br \/>\nIl tabellone da Karate K-Top \u00e8 un vero e proprio tabellone portatile. Funziona a rete o a batteria ed \u00e8 dotato di una console pieghevole. \u00c8 alimentato a batteria.<br \/>\nCon il suo schermo LCD retroilluminato per una maggiore facilit\u00e0 d&#8217;uso, il design ergonomico, la leggerezza, la facilit\u00e0 di trasporto e di stoccaggio, il tabellone K-Top \u00e8 realizzato con un approccio di eco-design volto a ridurre al minimo il consumo di energia e l&#8217;impatto del trasporto.<br \/>\nComposto da:<br \/>\n&#8211; 1 tabellone portatile con console di controllo integrata<br \/>\n&#8211; 1 caricabatterie<br \/>\n&#8211; Istruzioni per l&#8217;installazione  <\/p>\n<p>Specifiche tecniche:<br \/>\nUso: In ambienti interni<br \/>\nTrasmissione: Diretta<br \/>\nLeggibilit\u00e0: 35 m, angolo &gt;160\u00b0<br \/>\nDimensioni: 730 x 370 x 110 mm<br \/>\nPeso: 7 kg<br \/>\nAlimentazione: Batterie interne al piombo &#8211; 2 x 6V 4.5Ah (autonomia circa 20 ore).<br \/>\nProtezione: Frontale infrangibile in policarbonato nero opaco antiriflesso (DIN 18032-3).<\/p>\n<p>Tromba incorporata: 86 dB a 1 m<\/p>\n<p>Dimensioni: 733 x 368 x 115 mm<br \/>\nCifre: 9 cm &#8211; Leggibilit\u00e0 35 m<\/p>\n<p>Funzioni del display:<br \/>\nPunteggio: 4 cifre gialle (cm)<br \/>\nPenalit\u00e0: punti illuminati per i falli di categoria 1 e 2.<br \/>\nCronometro: timer di gioco &#8211; cronometro di 10 secondi<br \/>\nSenshu: due frecce verdi<br \/>\nIndicazione delle squadre : Adesivi rossi e blu<\/p>\n<p>Console:<br \/>\n1 console integrata: (340 x 175 x 60 mm) con schermo LCD a 2 righe con 20 caratteri da 9 mm<br \/>\nPorta USB: per l&#8217;aggiornamento del programma<br \/>\nProgramma: Karate (gara), Randori (allenamento) secondo le regole FFKDA (2013)<br \/>\nCorno Programmabile con 3 suoni diversi (per 3 gare nello stesso dojo)<\/p>\n<p>Programma multilingue<\/p>\n<p>Opzioni:<br \/>\nDisplay K-Top ripetitore<\/p>\n<p>Valigia<\/p>\n","protected":false},"excerpt":{"rendered":"<p>Tabellone da Karate portatile KTOP\/B (a batteria) con console retrattile. Il tabellone da Karate K-Top \u00e8 un vero e proprio tabellone portatile. Funziona a rete o a batteria ed \u00e8 dotato di una console pieghevole. \u00c8 alimentato a batteria. Con il suo schermo LCD retroilluminato per una maggiore facilit\u00e0 d&#8217;uso, il design ergonomico, la leggerezza, [&hellip;]<\/p>\n","protected":false},"featured_media":521213,"comment_status":"closed","ping_status":"closed","template":"","meta":{"inline_featured_image":false},"product_brand":[],"product_cat":[2035,2026],"product_tag":[2028],"sport":[73],"class_list":{"0":"post-449338","1":"product","2":"type-product","3":"status-publish","4":"has-post-thumbnail","6":"product_cat-attrezzatura-per-gare-di-karate","7":"product_cat-display-competizione","8":"product_tag-stramatello","9":"pa_size-sans-taille","10":"sport-karate","12":"first","13":"instock","14":"taxable","15":"shipping-taxable","16":"purchasable","17":"product-type-simple"},"yoast_head":"<!-- This site is optimized with the Yoast SEO plugin v27.2 - https:\/\/yoast.com\/product\/yoast-seo-wordpress\/ -->\n<title>Display da karate a batteria KTOPB &#8211; Daisho<\/title>\n<meta name=\"description\" content=\"Display K-TOP Karate: alimentato a batteria (20h), certificato FFKDA. Leggibilit\u00e0 di 35 metri e console integrata. Scoprilo su www.daisho.be|Daisho\" \/>\n<meta name=\"robots\" content=\"index, follow, max-snippet:-1, max-image-preview:large, max-video-preview:-1\" \/>\n<link rel=\"canonical\" href=\"https:\/\/www.daisho.be\/it\/produit\/mostra-del-karate-ktopb\/\" \/>\n<meta property=\"og:locale\" content=\"it_IT\" \/>\n<meta property=\"og:type\" content=\"article\" \/>\n<meta property=\"og:title\" content=\"Display da karate a batteria KTOPB &#8211; Daisho\" \/>\n<meta property=\"og:description\" content=\"Display K-TOP Karate: alimentato a batteria (20h), certificato FFKDA. Leggibilit\u00e0 di 35 metri e console integrata. Scoprilo su www.daisho.be|Daisho\" \/>\n<meta property=\"og:url\" content=\"https:\/\/www.daisho.be\/it\/produit\/mostra-del-karate-ktopb\/\" \/>\n<meta property=\"og:site_name\" content=\"Daisho\" \/>\n<meta property=\"article:modified_time\" content=\"2026-03-31T13:44:30+00:00\" \/>\n<meta property=\"og:image\" content=\"https:\/\/www.daisho.be\/wp-content\/uploads\/2025\/05\/image-20.webp\" \/>\n\t<meta property=\"og:image:width\" content=\"500\" \/>\n\t<meta property=\"og:image:height\" content=\"500\" \/>\n\t<meta property=\"og:image:type\" content=\"image\/webp\" \/>\n<meta name=\"twitter:card\" content=\"summary_large_image\" \/>\n<meta name=\"twitter:label1\" content=\"Tempo di lettura stimato\" \/>\n\t<meta name=\"twitter:data1\" content=\"1 minuto\" \/>\n<script type=\"application\/ld+json\" class=\"yoast-schema-graph\">{\"@context\":\"https:\/\/schema.org\",\"@graph\":[{\"@type\":\"WebPage\",\"@id\":\"https:\/\/www.daisho.be\/it\/produit\/mostra-del-karate-ktopb\/\",\"url\":\"https:\/\/www.daisho.be\/it\/produit\/mostra-del-karate-ktopb\/\",\"name\":\"Display da karate a batteria KTOPB &#8211; Daisho\",\"isPartOf\":{\"@id\":\"https:\/\/www.daisho.be\/it\/#website\"},\"primaryImageOfPage\":{\"@id\":\"https:\/\/www.daisho.be\/it\/produit\/mostra-del-karate-ktopb\/#primaryimage\"},\"image\":{\"@id\":\"https:\/\/www.daisho.be\/it\/produit\/mostra-del-karate-ktopb\/#primaryimage\"},\"thumbnailUrl\":\"https:\/\/www.daisho.be\/wp-content\/uploads\/2025\/05\/image-20.webp\",\"datePublished\":\"2019-09-18T20:38:46+00:00\",\"dateModified\":\"2026-03-31T13:44:30+00:00\",\"description\":\"Display K-TOP Karate: alimentato a batteria (20h), certificato FFKDA. Leggibilit\u00e0 di 35 metri e console integrata. Scoprilo su www.daisho.be|Daisho\",\"breadcrumb\":{\"@id\":\"https:\/\/www.daisho.be\/it\/produit\/mostra-del-karate-ktopb\/#breadcrumb\"},\"inLanguage\":\"it-IT\",\"potentialAction\":[{\"@type\":\"ReadAction\",\"target\":[\"https:\/\/www.daisho.be\/it\/produit\/mostra-del-karate-ktopb\/\"]}]},{\"@type\":\"ImageObject\",\"inLanguage\":\"it-IT\",\"@id\":\"https:\/\/www.daisho.be\/it\/produit\/mostra-del-karate-ktopb\/#primaryimage\",\"url\":\"https:\/\/www.daisho.be\/wp-content\/uploads\/2025\/05\/image-20.webp\",\"contentUrl\":\"https:\/\/www.daisho.be\/wp-content\/uploads\/2025\/05\/image-20.webp\",\"width\":500,\"height\":500,\"caption\":\"Display Karate KTOPB su batteria-1\"},{\"@type\":\"BreadcrumbList\",\"@id\":\"https:\/\/www.daisho.be\/it\/produit\/mostra-del-karate-ktopb\/#breadcrumb\",\"itemListElement\":[{\"@type\":\"ListItem\",\"position\":1,\"name\":\"Accueil\",\"item\":\"https:\/\/www.daisho.be\/it\/\"},{\"@type\":\"ListItem\",\"position\":2,\"name\":\"Prodotti\",\"item\":\"https:\/\/www.daisho.be\/it\/prodotti\/\"},{\"@type\":\"ListItem\",\"position\":3,\"name\":\"Attrezzature e abbigliamento per arti marziali e sport da combattimento\",\"item\":\"https:\/\/www.daisho.be\/it\/categorie-produit\/attrezzature-e-abbigliamento-per-arti-marziali-e-sport-da-combattimento\/\"},{\"@type\":\"ListItem\",\"position\":4,\"name\":\"Karate\",\"item\":\"https:\/\/www.daisho.be\/it\/categorie-produit\/attrezzature-e-abbigliamento-per-arti-marziali-e-sport-da-combattimento\/karate-it-2\/\"},{\"@type\":\"ListItem\",\"position\":5,\"name\":\"Attrezzatura per gare di karate\",\"item\":\"https:\/\/www.daisho.be\/it\/categorie-produit\/attrezzature-e-abbigliamento-per-arti-marziali-e-sport-da-combattimento\/karate-it-2\/attrezzatura-per-gare-di-karate\/\"},{\"@type\":\"ListItem\",\"position\":6,\"name\":\"Display da karate a batteria KTOPB\"}]},{\"@type\":\"WebSite\",\"@id\":\"https:\/\/www.daisho.be\/it\/#website\",\"url\":\"https:\/\/www.daisho.be\/it\/\",\"name\":\"Daisho\",\"description\":\"Sp&eacute;cialiste de l'&eacute;quipement sportif d'arts martiaux\",\"publisher\":{\"@id\":\"https:\/\/www.daisho.be\/it\/#organization\"},\"potentialAction\":[{\"@type\":\"SearchAction\",\"target\":{\"@type\":\"EntryPoint\",\"urlTemplate\":\"https:\/\/www.daisho.be\/it\/?s={search_term_string}\"},\"query-input\":{\"@type\":\"PropertyValueSpecification\",\"valueRequired\":true,\"valueName\":\"search_term_string\"}}],\"inLanguage\":\"it-IT\"},{\"@type\":\"Organization\",\"@id\":\"https:\/\/www.daisho.be\/it\/#organization\",\"name\":\"Daisho\",\"url\":\"https:\/\/www.daisho.be\/it\/\",\"logo\":{\"@type\":\"ImageObject\",\"inLanguage\":\"it-IT\",\"@id\":\"https:\/\/www.daisho.be\/it\/#\/schema\/logo\/image\/\",\"url\":\"https:\/\/www.daisho.be\/wp-content\/uploads\/2019\/07\/color-nothing-horizontale4x-e1564486100247.png\",\"contentUrl\":\"https:\/\/www.daisho.be\/wp-content\/uploads\/2019\/07\/color-nothing-horizontale4x-e1564486100247.png\",\"width\":1547,\"height\":385,\"caption\":\"Daisho\"},\"image\":{\"@id\":\"https:\/\/www.daisho.be\/it\/#\/schema\/logo\/image\/\"}}]}<\/script>\n<!-- \/ Yoast SEO plugin. -->","yoast_head_json":{"title":"Display da karate a batteria KTOPB &#8211; Daisho","description":"Display K-TOP Karate: alimentato a batteria (20h), certificato FFKDA. Leggibilit\u00e0 di 35 metri e console integrata. Scoprilo su www.daisho.be|Daisho","robots":{"index":"index","follow":"follow","max-snippet":"max-snippet:-1","max-image-preview":"max-image-preview:large","max-video-preview":"max-video-preview:-1"},"canonical":"https:\/\/www.daisho.be\/it\/produit\/mostra-del-karate-ktopb\/","og_locale":"it_IT","og_type":"article","og_title":"Display da karate a batteria KTOPB &#8211; Daisho","og_description":"Display K-TOP Karate: alimentato a batteria (20h), certificato FFKDA. Leggibilit\u00e0 di 35 metri e console integrata. Scoprilo su www.daisho.be|Daisho","og_url":"https:\/\/www.daisho.be\/it\/produit\/mostra-del-karate-ktopb\/","og_site_name":"Daisho","article_modified_time":"2026-03-31T13:44:30+00:00","og_image":[{"width":500,"height":500,"url":"https:\/\/www.daisho.be\/wp-content\/uploads\/2025\/05\/image-20.webp","type":"image\/webp"}],"twitter_card":"summary_large_image","twitter_misc":{"Tempo di lettura stimato":"1 minuto"},"schema":{"@context":"https:\/\/schema.org","@graph":[{"@type":"WebPage","@id":"https:\/\/www.daisho.be\/it\/produit\/mostra-del-karate-ktopb\/","url":"https:\/\/www.daisho.be\/it\/produit\/mostra-del-karate-ktopb\/","name":"Display da karate a batteria KTOPB &#8211; Daisho","isPartOf":{"@id":"https:\/\/www.daisho.be\/it\/#website"},"primaryImageOfPage":{"@id":"https:\/\/www.daisho.be\/it\/produit\/mostra-del-karate-ktopb\/#primaryimage"},"image":{"@id":"https:\/\/www.daisho.be\/it\/produit\/mostra-del-karate-ktopb\/#primaryimage"},"thumbnailUrl":"https:\/\/www.daisho.be\/wp-content\/uploads\/2025\/05\/image-20.webp","datePublished":"2019-09-18T20:38:46+00:00","dateModified":"2026-03-31T13:44:30+00:00","description":"Display K-TOP Karate: alimentato a batteria (20h), certificato FFKDA. Leggibilit\u00e0 di 35 metri e console integrata. Scoprilo su www.daisho.be|Daisho","breadcrumb":{"@id":"https:\/\/www.daisho.be\/it\/produit\/mostra-del-karate-ktopb\/#breadcrumb"},"inLanguage":"it-IT","potentialAction":[{"@type":"ReadAction","target":["https:\/\/www.daisho.be\/it\/produit\/mostra-del-karate-ktopb\/"]}]},{"@type":"ImageObject","inLanguage":"it-IT","@id":"https:\/\/www.daisho.be\/it\/produit\/mostra-del-karate-ktopb\/#primaryimage","url":"https:\/\/www.daisho.be\/wp-content\/uploads\/2025\/05\/image-20.webp","contentUrl":"https:\/\/www.daisho.be\/wp-content\/uploads\/2025\/05\/image-20.webp","width":500,"height":500,"caption":"Display Karate KTOPB su batteria-1"},{"@type":"BreadcrumbList","@id":"https:\/\/www.daisho.be\/it\/produit\/mostra-del-karate-ktopb\/#breadcrumb","itemListElement":[{"@type":"ListItem","position":1,"name":"Accueil","item":"https:\/\/www.daisho.be\/it\/"},{"@type":"ListItem","position":2,"name":"Prodotti","item":"https:\/\/www.daisho.be\/it\/prodotti\/"},{"@type":"ListItem","position":3,"name":"Attrezzature e abbigliamento per arti marziali e sport da combattimento","item":"https:\/\/www.daisho.be\/it\/categorie-produit\/attrezzature-e-abbigliamento-per-arti-marziali-e-sport-da-combattimento\/"},{"@type":"ListItem","position":4,"name":"Karate","item":"https:\/\/www.daisho.be\/it\/categorie-produit\/attrezzature-e-abbigliamento-per-arti-marziali-e-sport-da-combattimento\/karate-it-2\/"},{"@type":"ListItem","position":5,"name":"Attrezzatura per gare di karate","item":"https:\/\/www.daisho.be\/it\/categorie-produit\/attrezzature-e-abbigliamento-per-arti-marziali-e-sport-da-combattimento\/karate-it-2\/attrezzatura-per-gare-di-karate\/"},{"@type":"ListItem","position":6,"name":"Display da karate a batteria KTOPB"}]},{"@type":"WebSite","@id":"https:\/\/www.daisho.be\/it\/#website","url":"https:\/\/www.daisho.be\/it\/","name":"Daisho","description":"Sp&eacute;cialiste de l'&eacute;quipement sportif d'arts martiaux","publisher":{"@id":"https:\/\/www.daisho.be\/it\/#organization"},"potentialAction":[{"@type":"SearchAction","target":{"@type":"EntryPoint","urlTemplate":"https:\/\/www.daisho.be\/it\/?s={search_term_string}"},"query-input":{"@type":"PropertyValueSpecification","valueRequired":true,"valueName":"search_term_string"}}],"inLanguage":"it-IT"},{"@type":"Organization","@id":"https:\/\/www.daisho.be\/it\/#organization","name":"Daisho","url":"https:\/\/www.daisho.be\/it\/","logo":{"@type":"ImageObject","inLanguage":"it-IT","@id":"https:\/\/www.daisho.be\/it\/#\/schema\/logo\/image\/","url":"https:\/\/www.daisho.be\/wp-content\/uploads\/2019\/07\/color-nothing-horizontale4x-e1564486100247.png","contentUrl":"https:\/\/www.daisho.be\/wp-content\/uploads\/2019\/07\/color-nothing-horizontale4x-e1564486100247.png","width":1547,"height":385,"caption":"Daisho"},"image":{"@id":"https:\/\/www.daisho.be\/it\/#\/schema\/logo\/image\/"}}]}},"_links":{"self":[{"href":"https:\/\/www.daisho.be\/it\/wp-json\/wp\/v2\/product\/449338","targetHints":{"allow":["GET"]}}],"collection":[{"href":"https:\/\/www.daisho.be\/it\/wp-json\/wp\/v2\/product"}],"about":[{"href":"https:\/\/www.daisho.be\/it\/wp-json\/wp\/v2\/types\/product"}],"replies":[{"embeddable":true,"href":"https:\/\/www.daisho.be\/it\/wp-json\/wp\/v2\/comments?post=449338"}],"wp:featuredmedia":[{"embeddable":true,"href":"https:\/\/www.daisho.be\/it\/wp-json\/wp\/v2\/media\/521213"}],"wp:attachment":[{"href":"https:\/\/www.daisho.be\/it\/wp-json\/wp\/v2\/media?parent=449338"}],"wp:term":[{"taxonomy":"product_brand","embeddable":true,"href":"https:\/\/www.daisho.be\/it\/wp-json\/wp\/v2\/product_brand?post=449338"},{"taxonomy":"product_cat","embeddable":true,"href":"https:\/\/www.daisho.be\/it\/wp-json\/wp\/v2\/product_cat?post=449338"},{"taxonomy":"product_tag","embeddable":true,"href":"https:\/\/www.daisho.be\/it\/wp-json\/wp\/v2\/product_tag?post=449338"},{"taxonomy":"sport","embeddable":true,"href":"https:\/\/www.daisho.be\/it\/wp-json\/wp\/v2\/sport?post=449338"}],"curies":[{"name":"wp","href":"https:\/\/api.w.org\/{rel}","templated":true}]}}