{"id":449129,"date":"2019-06-12T13:02:10","date_gmt":"2019-06-12T11:02:10","guid":{"rendered":"https:\/\/www.daisho.be\/informativa-sulla-privacy\/"},"modified":"2025-10-09T10:05:24","modified_gmt":"2025-10-09T08:05:24","slug":"informativa-sulla-privacy","status":"publish","type":"page","link":"https:\/\/www.daisho.be\/it\/informativa-sulla-privacy\/","title":{"rendered":"Informativa sulla privacy"},"content":{"rendered":"\n<h2 class=\"wp-block-heading\">Chi siamo?<\/h2>\n\n<p>L&#8217;indirizzo del nostro sito web \u00e8: https: <a href=\"https:\/\/www.daisho.be\/it\/\">\/\/www.daisho.be.<\/a> \u00c8 stato sviluppato sulla base di un&#8217;istanza di <g id=\"gid_1\">WordPress<\/g> da <g id=\"gid_2\">Octopix<\/g>. Questo sito e tutti i suoi dati sono ospitati da <g id=\"gid_3\">DIOGENIUS<\/g>. Partecipante al Data Protection Shield.   <\/p>\n\n<h2 class=\"wp-block-heading\">Utilizzo dei dati personali raccolti<\/h2>\n\n<h3 class=\"wp-block-heading\">Media<\/h3>\n\n<p>Se sei un utente registrato e carichi immagini sul sito, ti consigliamo di evitare di caricare immagini contenenti dati EXIF di coordinate GPS. I visitatori del tuo sito web possono scaricare ed estrarre i dati di localizzazione da queste immagini. <\/p>\n\n<h3 class=\"wp-block-heading\">Moduli<\/h3>\n\n<p>Quando ci contatti utilizzando il nostro modulo di contatto, ti chiediamo il tuo {nome, cognome, indirizzo e-mail, &#8230;} per consentirci di identificare il mittente del messaggio e di risponderti. Queste informazioni vengono inviate direttamente al nostro indirizzo e-mail e non vengono memorizzate nel database di questo sito.   <\/p>\n\n<h3 class=\"wp-block-heading\">Lista di distribuzione o newsletter<\/h3>\n\n<p>L&#8217;iscrizione alla lista di distribuzione o alla newsletter implica che l&#8217;indirizzo e-mail dell&#8217;utente venga aggiunto all&#8217;elenco dei contatti che possono ricevere messaggi e-mail contenenti informazioni commerciali o promozionali sul sito. Utilizziamo il servizio Sendinblue per fornire newsletter agli utenti che hanno scelto di riceverle. <a rel=\"noreferrer noopener\" aria-label=\"Sendinblue (s&#x2019;ouvre dans un nouvel onglet)\" href=\"https:\/\/fr.sendinblue.com\/rgpd\/\" target=\"_blank\">Sendinblue<\/a> \u00e8 un servizio di gestione degli indirizzi e-mail e di invio di messaggi. <\/p>\n\n<h3 class=\"wp-block-heading\">Biscotti<\/h3>\n\n<p>Se lasci un commento sul nostro sito, ti verr\u00e0 chiesto di salvare il tuo nome, l&#8217;indirizzo e-mail e il sito web nei cookie. Questo \u00e8 solo per tua comodit\u00e0, in modo che tu non debba inserire queste informazioni se pubblichi un altro commento in un secondo momento. Questi cookie scadono dopo un anno. Se hai un account e accedi a questo sito, verr\u00e0 creato un cookie temporaneo per determinare se il tuo browser accetta i cookie. Non contiene dati personali e verr\u00e0 eliminato automaticamente alla chiusura del browser. Al momento dell&#8217;accesso, verranno impostati una serie di cookie per registrare i tuoi dati di accesso e le preferenze dello schermo. La durata di un cookie di connessione \u00e8 di due giorni, quella di un cookie di opzione dello schermo \u00e8 di un anno. Se selezioni &#8220;Ricordami&#8221;, il tuo cookie di connessione sar\u00e0 conservato per due settimane. Se esci dal tuo account, il cookie di accesso verr\u00e0 cancellato. Una serie di cookie pu\u00f2 essere creata come parte della raccolta dei dati di utilizzo da parte di Google Analytics. L&#8217;elenco di questi cookie e il loro ruolo possono essere consultati al seguente indirizzo: https:\/\/developers.google.com\/analytics\/devguides\/collection\/analyticsjs\/cookie-usage          <\/p>\n\n<h3 class=\"wp-block-heading\">Contenuti incorporati da altri siti<\/h3>\n\n<p>Gli articoli di questo sito possono includere contenuti incorporati (ad esempio video, immagini, articoli, ecc.). I contenuti incorporati di altri siti si comportano come se il visitatore stesse visitando l&#8217;altro sito. Questi siti web possono raccogliere dati sull&#8217;utente, utilizzare cookie, incorporare strumenti di tracciamento di terze parti e tracciare le interazioni dell&#8217;utente con questi contenuti incorporati se l&#8217;utente ha effettuato l&#8217;accesso al loro sito web.  <\/p>\n\n<h3 class=\"wp-block-heading\">Statistiche e misurazione del pubblico<\/h3>\n\n<p>Google Analytics \u00e8 un servizio di analisi web fornito da Google Inc (&#8220;Google&#8221;). Google utilizza i Dati raccolti allo scopo di monitorare e analizzare l&#8217;utilizzo di questa Applicazione, compilare report sulle sue attivit\u00e0 e condividerli con altri servizi Google. Google pu\u00f2 utilizzare i Dati raccolti per contestualizzare e personalizzare gli annunci del proprio network pubblicitario.Dati personali raccolti: Cookie e Dati di utilizzo. Luogo di trattamento: Stati Uniti &#8211; <a href=\"https:\/\/www.google.com\/intl\/fr\/policies\/privacy\/\" target=\"_blank\" rel=\"noreferrer noopener\">Privacy Policy<\/a> &#8211; <a href=\"https:\/\/tools.google.com\/dlpage\/gaoptout?hl=fr\" target=\"_blank\" rel=\"noreferrer noopener\">Opt-out<\/a>. Partecipante al Data Protection Shield.     <\/p>\n\n<h3 class=\"wp-block-heading\">Acquisti e pagamenti online<\/h3>\n\n<p>Quando effettui un acquisto nel nostro negozio, come parte del nostro processo di compravendita, raccogliamo le informazioni personali che ci fornisci, come il tuo nome, indirizzo e indirizzo e-mail. I gateway di pagamento e altri processori di transazioni di pagamento hanno le loro politiche sulla privacy per quanto riguarda le informazioni che siamo tenuti a fornire loro per le transazioni di acquisto. Per quanto riguarda questi fornitori, ti consigliamo di leggere attentamente le loro politiche sulla privacy in modo da capire come tratteranno i tuoi dati personali. Una volta che l&#8217;utente lascia il sito del nostro negozio o viene reindirizzato al sito web o all&#8217;applicazione di una terza parte, non \u00e8 pi\u00f9 regolato dalla presente Informativa sulla privacy o dai Termini e condizioni di vendita e d&#8217;uso del nostro sito web.   <\/p>\n\n<h2 class=\"wp-block-heading\">Utilizzo e trasmissione dei tuoi dati personali<\/h2>\n\n<h2 class=\"wp-block-heading\">Periodi di conservazione dei tuoi dati<\/h2>\n\n<p>I Dati Personali vengono elaborati e conservati per il tempo necessario allo scopo per cui sono stati raccolti. I Dati personali raccolti per finalit\u00e0 connesse all&#8217;esecuzione di un contratto tra il titolare e l&#8217;utente devono essere conservati fino alla completa esecuzione del contratto. Se lasci un commento, il commento e i relativi metadati vengono conservati a tempo indeterminato. Ci\u00f2 consente di riconoscere e approvare automaticamente i commenti successivi, invece di lasciarli nella coda di moderazione. Per gli utenti che si registrano sul nostro sito (ove possibile), memorizziamo anche i dati personali indicati nel loro profilo. Tutti gli utenti possono visualizzare, modificare o cancellare i propri dati personali in qualsiasi momento (ad eccezione del nome utente). Anche i gestori del sito possono visualizzare e modificare queste informazioni. {Google Analytics} I dati di utilizzo del sito raccolti da Google Analytics vengono conservati da questo servizio per un periodo di 26 mesi prima di essere eliminati.       <\/p>\n\n<h2 class=\"wp-block-heading\">I diritti che hai sui tuoi dati<\/h2>\n\n<p>Se hai un account o hai lasciato commenti sul sito, puoi richiedere di ricevere un file contenente tutti i dati personali in nostro possesso, compresi quelli che ci hai fornito. Puoi anche richiedere la cancellazione dei tuoi dati personali. Questo non include i dati memorizzati per scopi amministrativi, legali o di sicurezza.  <\/p>\n\n<h2 class=\"wp-block-heading\">Informazioni di contatto<\/h2>\n\n<p>Puoi contattarci visitando la nostra <a href=\"https:\/\/www.daisho.be\/contact\/\">pagina dei contatti<\/a>.<\/p>\n\n<h2 class=\"wp-block-heading\">Ulteriori informazioni<\/h2>\n\n<h3 class=\"wp-block-heading\">Come proteggiamo i tuoi dati<\/h3>\n\n<p>Per proteggere i tuoi dati personali, adottiamo ragionevoli precauzioni e seguiamo le migliori prassi del settore per garantire che non vengano persi, sottratti, consultati, divulgati, alterati o distrutti in modo inappropriato. Sono stati messi in atto controlli e strumenti di sicurezza per monitorare potenziali attacchi e prevenire eventuali violazioni. <\/p>\n","protected":false},"excerpt":{"rendered":"<p>Chi siamo? L&#8217;indirizzo del nostro sito web \u00e8: https: \/\/www.daisho.be. \u00c8 stato sviluppato sulla base di un&#8217;istanza di WordPress da Octopix. Questo sito e tutti i suoi dati sono ospitati da DIOGENIUS. Partecipante al Data Protection Shield. Utilizzo dei dati personali raccolti Media Se sei un utente registrato e carichi immagini sul sito, ti consigliamo [&hellip;]<\/p>\n","protected":false},"author":1,"featured_media":449130,"parent":0,"menu_order":0,"comment_status":"closed","ping_status":"open","template":"template-full-width.php","meta":{"inline_featured_image":false,"footnotes":""},"class_list":["post-449129","page","type-page","status-publish","has-post-thumbnail","hentry"],"yoast_head":"<!-- This site is optimized with the Yoast SEO plugin v27.2 - https:\/\/yoast.com\/product\/yoast-seo-wordpress\/ -->\n<title>Informativa sulla privacy &#8211; Daisho<\/title>\n<meta name=\"robots\" content=\"index, follow, max-snippet:-1, max-image-preview:large, max-video-preview:-1\" \/>\n<link rel=\"canonical\" href=\"https:\/\/www.daisho.be\/it\/informativa-sulla-privacy\/\" \/>\n<meta property=\"og:locale\" content=\"it_IT\" \/>\n<meta property=\"og:type\" content=\"article\" \/>\n<meta property=\"og:title\" content=\"Informativa sulla privacy &#8211; Daisho\" \/>\n<meta property=\"og:description\" content=\"Chi siamo? L&#8217;indirizzo del nostro sito web \u00e8: https: \/\/www.daisho.be. \u00c8 stato sviluppato sulla base di un&#8217;istanza di WordPress da Octopix. Questo sito e tutti i suoi dati sono ospitati da DIOGENIUS. Partecipante al Data Protection Shield. Utilizzo dei dati personali raccolti Media Se sei un utente registrato e carichi immagini sul sito, ti consigliamo [&hellip;]\" \/>\n<meta property=\"og:url\" content=\"https:\/\/www.daisho.be\/it\/informativa-sulla-privacy\/\" \/>\n<meta property=\"og:site_name\" content=\"Daisho\" \/>\n<meta property=\"article:modified_time\" content=\"2025-10-09T08:05:24+00:00\" \/>\n<meta property=\"og:image\" content=\"https:\/\/www.daisho.be\/wp-content\/uploads\/2019\/10\/politique-confidentialite-japonais.png\" \/>\n\t<meta property=\"og:image:width\" content=\"296\" \/>\n\t<meta property=\"og:image:height\" content=\"170\" \/>\n\t<meta property=\"og:image:type\" content=\"image\/png\" \/>\n<meta name=\"twitter:card\" content=\"summary_large_image\" \/>\n<meta name=\"twitter:label1\" content=\"Tempo di lettura stimato\" \/>\n\t<meta name=\"twitter:data1\" content=\"5 minuti\" \/>\n<script type=\"application\/ld+json\" class=\"yoast-schema-graph\">{\"@context\":\"https:\/\/schema.org\",\"@graph\":[{\"@type\":\"WebPage\",\"@id\":\"https:\/\/www.daisho.be\/it\/informativa-sulla-privacy\/\",\"url\":\"https:\/\/www.daisho.be\/it\/informativa-sulla-privacy\/\",\"name\":\"Informativa sulla privacy &#8211; Daisho\",\"isPartOf\":{\"@id\":\"https:\/\/www.daisho.be\/it\/#website\"},\"primaryImageOfPage\":{\"@id\":\"https:\/\/www.daisho.be\/it\/informativa-sulla-privacy\/#primaryimage\"},\"image\":{\"@id\":\"https:\/\/www.daisho.be\/it\/informativa-sulla-privacy\/#primaryimage\"},\"thumbnailUrl\":\"https:\/\/www.daisho.be\/wp-content\/uploads\/2019\/10\/politique-confidentialite-japonais.png\",\"datePublished\":\"2019-06-12T11:02:10+00:00\",\"dateModified\":\"2025-10-09T08:05:24+00:00\",\"breadcrumb\":{\"@id\":\"https:\/\/www.daisho.be\/it\/informativa-sulla-privacy\/#breadcrumb\"},\"inLanguage\":\"it-IT\",\"potentialAction\":[{\"@type\":\"ReadAction\",\"target\":[\"https:\/\/www.daisho.be\/it\/informativa-sulla-privacy\/\"]}]},{\"@type\":\"ImageObject\",\"inLanguage\":\"it-IT\",\"@id\":\"https:\/\/www.daisho.be\/it\/informativa-sulla-privacy\/#primaryimage\",\"url\":\"https:\/\/www.daisho.be\/wp-content\/uploads\/2019\/10\/politique-confidentialite-japonais.png\",\"contentUrl\":\"https:\/\/www.daisho.be\/wp-content\/uploads\/2019\/10\/politique-confidentialite-japonais.png\",\"width\":296,\"height\":170},{\"@type\":\"BreadcrumbList\",\"@id\":\"https:\/\/www.daisho.be\/it\/informativa-sulla-privacy\/#breadcrumb\",\"itemListElement\":[{\"@type\":\"ListItem\",\"position\":1,\"name\":\"Accueil\",\"item\":\"https:\/\/www.daisho.be\/it\/\"},{\"@type\":\"ListItem\",\"position\":2,\"name\":\"Informativa sulla privacy\"}]},{\"@type\":\"WebSite\",\"@id\":\"https:\/\/www.daisho.be\/it\/#website\",\"url\":\"https:\/\/www.daisho.be\/it\/\",\"name\":\"Daisho\",\"description\":\"Sp&eacute;cialiste de l'&eacute;quipement sportif d'arts martiaux\",\"publisher\":{\"@id\":\"https:\/\/www.daisho.be\/it\/#organization\"},\"potentialAction\":[{\"@type\":\"SearchAction\",\"target\":{\"@type\":\"EntryPoint\",\"urlTemplate\":\"https:\/\/www.daisho.be\/it\/?s={search_term_string}\"},\"query-input\":{\"@type\":\"PropertyValueSpecification\",\"valueRequired\":true,\"valueName\":\"search_term_string\"}}],\"inLanguage\":\"it-IT\"},{\"@type\":\"Organization\",\"@id\":\"https:\/\/www.daisho.be\/it\/#organization\",\"name\":\"Daisho\",\"url\":\"https:\/\/www.daisho.be\/it\/\",\"logo\":{\"@type\":\"ImageObject\",\"inLanguage\":\"it-IT\",\"@id\":\"https:\/\/www.daisho.be\/it\/#\/schema\/logo\/image\/\",\"url\":\"https:\/\/www.daisho.be\/wp-content\/uploads\/2019\/07\/color-nothing-horizontale4x-e1564486100247.png\",\"contentUrl\":\"https:\/\/www.daisho.be\/wp-content\/uploads\/2019\/07\/color-nothing-horizontale4x-e1564486100247.png\",\"width\":1547,\"height\":385,\"caption\":\"Daisho\"},\"image\":{\"@id\":\"https:\/\/www.daisho.be\/it\/#\/schema\/logo\/image\/\"}}]}<\/script>\n<!-- \/ Yoast SEO plugin. -->","yoast_head_json":{"title":"Informativa sulla privacy &#8211; Daisho","robots":{"index":"index","follow":"follow","max-snippet":"max-snippet:-1","max-image-preview":"max-image-preview:large","max-video-preview":"max-video-preview:-1"},"canonical":"https:\/\/www.daisho.be\/it\/informativa-sulla-privacy\/","og_locale":"it_IT","og_type":"article","og_title":"Informativa sulla privacy &#8211; Daisho","og_description":"Chi siamo? L&#8217;indirizzo del nostro sito web \u00e8: https: \/\/www.daisho.be. \u00c8 stato sviluppato sulla base di un&#8217;istanza di WordPress da Octopix. Questo sito e tutti i suoi dati sono ospitati da DIOGENIUS. Partecipante al Data Protection Shield. Utilizzo dei dati personali raccolti Media Se sei un utente registrato e carichi immagini sul sito, ti consigliamo [&hellip;]","og_url":"https:\/\/www.daisho.be\/it\/informativa-sulla-privacy\/","og_site_name":"Daisho","article_modified_time":"2025-10-09T08:05:24+00:00","og_image":[{"width":296,"height":170,"url":"https:\/\/www.daisho.be\/wp-content\/uploads\/2019\/10\/politique-confidentialite-japonais.png","type":"image\/png"}],"twitter_card":"summary_large_image","twitter_misc":{"Tempo di lettura stimato":"5 minuti"},"schema":{"@context":"https:\/\/schema.org","@graph":[{"@type":"WebPage","@id":"https:\/\/www.daisho.be\/it\/informativa-sulla-privacy\/","url":"https:\/\/www.daisho.be\/it\/informativa-sulla-privacy\/","name":"Informativa sulla privacy &#8211; Daisho","isPartOf":{"@id":"https:\/\/www.daisho.be\/it\/#website"},"primaryImageOfPage":{"@id":"https:\/\/www.daisho.be\/it\/informativa-sulla-privacy\/#primaryimage"},"image":{"@id":"https:\/\/www.daisho.be\/it\/informativa-sulla-privacy\/#primaryimage"},"thumbnailUrl":"https:\/\/www.daisho.be\/wp-content\/uploads\/2019\/10\/politique-confidentialite-japonais.png","datePublished":"2019-06-12T11:02:10+00:00","dateModified":"2025-10-09T08:05:24+00:00","breadcrumb":{"@id":"https:\/\/www.daisho.be\/it\/informativa-sulla-privacy\/#breadcrumb"},"inLanguage":"it-IT","potentialAction":[{"@type":"ReadAction","target":["https:\/\/www.daisho.be\/it\/informativa-sulla-privacy\/"]}]},{"@type":"ImageObject","inLanguage":"it-IT","@id":"https:\/\/www.daisho.be\/it\/informativa-sulla-privacy\/#primaryimage","url":"https:\/\/www.daisho.be\/wp-content\/uploads\/2019\/10\/politique-confidentialite-japonais.png","contentUrl":"https:\/\/www.daisho.be\/wp-content\/uploads\/2019\/10\/politique-confidentialite-japonais.png","width":296,"height":170},{"@type":"BreadcrumbList","@id":"https:\/\/www.daisho.be\/it\/informativa-sulla-privacy\/#breadcrumb","itemListElement":[{"@type":"ListItem","position":1,"name":"Accueil","item":"https:\/\/www.daisho.be\/it\/"},{"@type":"ListItem","position":2,"name":"Informativa sulla privacy"}]},{"@type":"WebSite","@id":"https:\/\/www.daisho.be\/it\/#website","url":"https:\/\/www.daisho.be\/it\/","name":"Daisho","description":"Sp&eacute;cialiste de l'&eacute;quipement sportif d'arts martiaux","publisher":{"@id":"https:\/\/www.daisho.be\/it\/#organization"},"potentialAction":[{"@type":"SearchAction","target":{"@type":"EntryPoint","urlTemplate":"https:\/\/www.daisho.be\/it\/?s={search_term_string}"},"query-input":{"@type":"PropertyValueSpecification","valueRequired":true,"valueName":"search_term_string"}}],"inLanguage":"it-IT"},{"@type":"Organization","@id":"https:\/\/www.daisho.be\/it\/#organization","name":"Daisho","url":"https:\/\/www.daisho.be\/it\/","logo":{"@type":"ImageObject","inLanguage":"it-IT","@id":"https:\/\/www.daisho.be\/it\/#\/schema\/logo\/image\/","url":"https:\/\/www.daisho.be\/wp-content\/uploads\/2019\/07\/color-nothing-horizontale4x-e1564486100247.png","contentUrl":"https:\/\/www.daisho.be\/wp-content\/uploads\/2019\/07\/color-nothing-horizontale4x-e1564486100247.png","width":1547,"height":385,"caption":"Daisho"},"image":{"@id":"https:\/\/www.daisho.be\/it\/#\/schema\/logo\/image\/"}}]}},"_links":{"self":[{"href":"https:\/\/www.daisho.be\/it\/wp-json\/wp\/v2\/pages\/449129","targetHints":{"allow":["GET"]}}],"collection":[{"href":"https:\/\/www.daisho.be\/it\/wp-json\/wp\/v2\/pages"}],"about":[{"href":"https:\/\/www.daisho.be\/it\/wp-json\/wp\/v2\/types\/page"}],"author":[{"embeddable":true,"href":"https:\/\/www.daisho.be\/it\/wp-json\/wp\/v2\/users\/1"}],"replies":[{"embeddable":true,"href":"https:\/\/www.daisho.be\/it\/wp-json\/wp\/v2\/comments?post=449129"}],"version-history":[{"count":2,"href":"https:\/\/www.daisho.be\/it\/wp-json\/wp\/v2\/pages\/449129\/revisions"}],"predecessor-version":[{"id":558622,"href":"https:\/\/www.daisho.be\/it\/wp-json\/wp\/v2\/pages\/449129\/revisions\/558622"}],"wp:featuredmedia":[{"embeddable":true,"href":"https:\/\/www.daisho.be\/it\/wp-json\/wp\/v2\/media\/449130"}],"wp:attachment":[{"href":"https:\/\/www.daisho.be\/it\/wp-json\/wp\/v2\/media?parent=449129"}],"curies":[{"name":"wp","href":"https:\/\/api.w.org\/{rel}","templated":true}]}}