{"id":692707,"date":"2026-05-08T15:35:27","date_gmt":"2026-05-08T13:35:27","guid":{"rendered":"https:\/\/www.daisho.be\/produit\/bolas-de-qi-gong-bolas-sonoras-rojas-con-yingyang-4-cm\/"},"modified":"2026-05-08T15:35:27","modified_gmt":"2026-05-08T13:35:27","slug":"bolas-de-qi-gong-bolas-sonoras-rojas-con-yingyang-4-cm","status":"publish","type":"product","link":"https:\/\/www.daisho.be\/es\/produit\/bolas-de-qi-gong-bolas-sonoras-rojas-con-yingyang-4-cm\/","title":{"rendered":"Bolas de Qi Gong Bolas sonoras rojas con YingYang 4 cm"},"content":{"rendered":"<p>Estas bolas de qigong est\u00e1n hechas a mano con un dise\u00f1o sonoro.<br \/>\nEstas bolas sonoras son ideales para relajarse, meditar o concentrarse.<br \/>\nTambi\u00e9n son adecuadas para rehabilitaci\u00f3n, entrenamiento de habilidades motoras y masaje.<\/p>\n<p>Estas bolas de Qi Gong con motivos YingYang se suministran por pares en una bolsa de regalo.<br \/>\nMiden aproximadamente 4 cm de di\u00e1metro.<\/p>\n<p>Ten en cuenta que estas bolas de Qigong est\u00e1n hechas a mano y, por tanto, puede haber ligeras diferencias de tipo y calidad (por ejemplo, de color, tama\u00f1o o estructura).<br \/>\n\u00a1Los principiantes deben tener mucho cuidado de no dejar caer las bolas!<\/p>\n<p>Caracter\u00edsticas :<\/p>\n<p>  Color: rojo<br \/>\n con mecanismo de sonido<br \/>\n hecho a mano<br \/>\n Contenido de la entrega: 1 par con estuche de regalo<\/p>\n","protected":false},"excerpt":{"rendered":"<p>Estas bolas de qigong est\u00e1n hechas a mano con un dise\u00f1o sonoro. Estas bolas sonoras son ideales para relajarse, meditar o concentrarse. Tambi\u00e9n son adecuadas para rehabilitaci\u00f3n, entrenamiento de habilidades motoras y masaje. Estas bolas de Qi Gong con motivos YingYang se suministran por pares en una bolsa de regalo. Miden aproximadamente 4 cm de [&hellip;]<\/p>\n","protected":false},"featured_media":692659,"comment_status":"open","ping_status":"closed","template":"","meta":{"inline_featured_image":false},"product_brand":[],"product_cat":[1622],"product_tag":[1469],"sport":[],"class_list":{"0":"post-692707","1":"product","2":"type-product","3":"status-publish","4":"has-post-thumbnail","6":"product_cat-otros","7":"product_tag-s-b-j-es","9":"first","10":"instock","11":"taxable","12":"shipping-taxable","13":"purchasable","14":"product-type-simple"},"yoast_head":"<!-- This site is optimized with the Yoast SEO plugin v27.2 - https:\/\/yoast.com\/product\/yoast-seo-wordpress\/ -->\n<title>Bolas de Qi Gong Bolas sonoras rojas con YingYang 4 cm &#8211; Daisho<\/title>\n<meta name=\"robots\" content=\"index, follow, max-snippet:-1, max-image-preview:large, max-video-preview:-1\" \/>\n<link rel=\"canonical\" href=\"https:\/\/www.daisho.be\/es\/produit\/bolas-de-qi-gong-bolas-sonoras-rojas-con-yingyang-4-cm\/\" \/>\n<meta property=\"og:locale\" content=\"es_ES\" \/>\n<meta property=\"og:type\" content=\"article\" \/>\n<meta property=\"og:title\" content=\"Bolas de Qi Gong Bolas sonoras rojas con YingYang 4 cm &#8211; Daisho\" \/>\n<meta property=\"og:description\" content=\"Estas bolas de qigong est\u00e1n hechas a mano con un dise\u00f1o sonoro. Estas bolas sonoras son ideales para relajarse, meditar o concentrarse. Tambi\u00e9n son adecuadas para rehabilitaci\u00f3n, entrenamiento de habilidades motoras y masaje. Estas bolas de Qi Gong con motivos YingYang se suministran por pares en una bolsa de regalo. Miden aproximadamente 4 cm de [&hellip;]\" \/>\n<meta property=\"og:url\" content=\"https:\/\/www.daisho.be\/es\/produit\/bolas-de-qi-gong-bolas-sonoras-rojas-con-yingyang-4-cm\/\" \/>\n<meta property=\"og:site_name\" content=\"Daisho\" \/>\n<meta property=\"og:image\" content=\"https:\/\/www.daisho.be\/wp-content\/uploads\/2026\/05\/image-29.png\" \/>\n\t<meta property=\"og:image:width\" content=\"753\" \/>\n\t<meta property=\"og:image:height\" content=\"469\" \/>\n\t<meta property=\"og:image:type\" content=\"image\/png\" \/>\n<meta name=\"twitter:card\" content=\"summary_large_image\" \/>\n<meta name=\"twitter:label1\" content=\"Tiempo de lectura\" \/>\n\t<meta name=\"twitter:data1\" content=\"1 minuto\" \/>\n<script type=\"application\/ld+json\" class=\"yoast-schema-graph\">{\"@context\":\"https:\/\/schema.org\",\"@graph\":[{\"@type\":\"WebPage\",\"@id\":\"https:\/\/www.daisho.be\/es\/produit\/bolas-de-qi-gong-bolas-sonoras-rojas-con-yingyang-4-cm\/\",\"url\":\"https:\/\/www.daisho.be\/es\/produit\/bolas-de-qi-gong-bolas-sonoras-rojas-con-yingyang-4-cm\/\",\"name\":\"Bolas de Qi Gong Bolas sonoras rojas con YingYang 4 cm &#8211; Daisho\",\"isPartOf\":{\"@id\":\"https:\/\/www.daisho.be\/es\/#website\"},\"primaryImageOfPage\":{\"@id\":\"https:\/\/www.daisho.be\/es\/produit\/bolas-de-qi-gong-bolas-sonoras-rojas-con-yingyang-4-cm\/#primaryimage\"},\"image\":{\"@id\":\"https:\/\/www.daisho.be\/es\/produit\/bolas-de-qi-gong-bolas-sonoras-rojas-con-yingyang-4-cm\/#primaryimage\"},\"thumbnailUrl\":\"https:\/\/www.daisho.be\/wp-content\/uploads\/2026\/05\/image-29.png\",\"datePublished\":\"2026-05-08T13:35:27+00:00\",\"breadcrumb\":{\"@id\":\"https:\/\/www.daisho.be\/es\/produit\/bolas-de-qi-gong-bolas-sonoras-rojas-con-yingyang-4-cm\/#breadcrumb\"},\"inLanguage\":\"es\",\"potentialAction\":[{\"@type\":\"ReadAction\",\"target\":[\"https:\/\/www.daisho.be\/es\/produit\/bolas-de-qi-gong-bolas-sonoras-rojas-con-yingyang-4-cm\/\"]}]},{\"@type\":\"ImageObject\",\"inLanguage\":\"es\",\"@id\":\"https:\/\/www.daisho.be\/es\/produit\/bolas-de-qi-gong-bolas-sonoras-rojas-con-yingyang-4-cm\/#primaryimage\",\"url\":\"https:\/\/www.daisho.be\/wp-content\/uploads\/2026\/05\/image-29.png\",\"contentUrl\":\"https:\/\/www.daisho.be\/wp-content\/uploads\/2026\/05\/image-29.png\",\"width\":753,\"height\":469,\"caption\":\"Boules de Qi Gong Boules sonores rouges avec YingYang 4 cm-1\"},{\"@type\":\"BreadcrumbList\",\"@id\":\"https:\/\/www.daisho.be\/es\/produit\/bolas-de-qi-gong-bolas-sonoras-rojas-con-yingyang-4-cm\/#breadcrumb\",\"itemListElement\":[{\"@type\":\"ListItem\",\"position\":1,\"name\":\"Accueil\",\"item\":\"https:\/\/www.daisho.be\/es\/\"},{\"@type\":\"ListItem\",\"position\":2,\"name\":\"Productos\",\"item\":\"https:\/\/www.daisho.be\/es\/productos\/\"},{\"@type\":\"ListItem\",\"position\":3,\"name\":\"Otros\",\"item\":\"https:\/\/www.daisho.be\/es\/categorie-produit\/otros\/\"},{\"@type\":\"ListItem\",\"position\":4,\"name\":\"Bolas de Qi Gong Bolas sonoras rojas con YingYang 4 cm\"}]},{\"@type\":\"WebSite\",\"@id\":\"https:\/\/www.daisho.be\/es\/#website\",\"url\":\"https:\/\/www.daisho.be\/es\/\",\"name\":\"Daisho\",\"description\":\"Sp&eacute;cialiste de l'&eacute;quipement sportif d'arts martiaux\",\"publisher\":{\"@id\":\"https:\/\/www.daisho.be\/es\/#organization\"},\"potentialAction\":[{\"@type\":\"SearchAction\",\"target\":{\"@type\":\"EntryPoint\",\"urlTemplate\":\"https:\/\/www.daisho.be\/es\/?s={search_term_string}\"},\"query-input\":{\"@type\":\"PropertyValueSpecification\",\"valueRequired\":true,\"valueName\":\"search_term_string\"}}],\"inLanguage\":\"es\"},{\"@type\":\"Organization\",\"@id\":\"https:\/\/www.daisho.be\/es\/#organization\",\"name\":\"Daisho\",\"url\":\"https:\/\/www.daisho.be\/es\/\",\"logo\":{\"@type\":\"ImageObject\",\"inLanguage\":\"es\",\"@id\":\"https:\/\/www.daisho.be\/es\/#\/schema\/logo\/image\/\",\"url\":\"https:\/\/www.daisho.be\/wp-content\/uploads\/2019\/07\/color-nothing-horizontale4x-e1564486100247.png\",\"contentUrl\":\"https:\/\/www.daisho.be\/wp-content\/uploads\/2019\/07\/color-nothing-horizontale4x-e1564486100247.png\",\"width\":1547,\"height\":385,\"caption\":\"Daisho\"},\"image\":{\"@id\":\"https:\/\/www.daisho.be\/es\/#\/schema\/logo\/image\/\"}}]}<\/script>\n<!-- \/ Yoast SEO plugin. -->","yoast_head_json":{"title":"Bolas de Qi Gong Bolas sonoras rojas con YingYang 4 cm &#8211; Daisho","robots":{"index":"index","follow":"follow","max-snippet":"max-snippet:-1","max-image-preview":"max-image-preview:large","max-video-preview":"max-video-preview:-1"},"canonical":"https:\/\/www.daisho.be\/es\/produit\/bolas-de-qi-gong-bolas-sonoras-rojas-con-yingyang-4-cm\/","og_locale":"es_ES","og_type":"article","og_title":"Bolas de Qi Gong Bolas sonoras rojas con YingYang 4 cm &#8211; Daisho","og_description":"Estas bolas de qigong est\u00e1n hechas a mano con un dise\u00f1o sonoro. Estas bolas sonoras son ideales para relajarse, meditar o concentrarse. Tambi\u00e9n son adecuadas para rehabilitaci\u00f3n, entrenamiento de habilidades motoras y masaje. Estas bolas de Qi Gong con motivos YingYang se suministran por pares en una bolsa de regalo. Miden aproximadamente 4 cm de [&hellip;]","og_url":"https:\/\/www.daisho.be\/es\/produit\/bolas-de-qi-gong-bolas-sonoras-rojas-con-yingyang-4-cm\/","og_site_name":"Daisho","og_image":[{"width":753,"height":469,"url":"https:\/\/www.daisho.be\/wp-content\/uploads\/2026\/05\/image-29.png","type":"image\/png"}],"twitter_card":"summary_large_image","twitter_misc":{"Tiempo de lectura":"1 minuto"},"schema":{"@context":"https:\/\/schema.org","@graph":[{"@type":"WebPage","@id":"https:\/\/www.daisho.be\/es\/produit\/bolas-de-qi-gong-bolas-sonoras-rojas-con-yingyang-4-cm\/","url":"https:\/\/www.daisho.be\/es\/produit\/bolas-de-qi-gong-bolas-sonoras-rojas-con-yingyang-4-cm\/","name":"Bolas de Qi Gong Bolas sonoras rojas con YingYang 4 cm &#8211; Daisho","isPartOf":{"@id":"https:\/\/www.daisho.be\/es\/#website"},"primaryImageOfPage":{"@id":"https:\/\/www.daisho.be\/es\/produit\/bolas-de-qi-gong-bolas-sonoras-rojas-con-yingyang-4-cm\/#primaryimage"},"image":{"@id":"https:\/\/www.daisho.be\/es\/produit\/bolas-de-qi-gong-bolas-sonoras-rojas-con-yingyang-4-cm\/#primaryimage"},"thumbnailUrl":"https:\/\/www.daisho.be\/wp-content\/uploads\/2026\/05\/image-29.png","datePublished":"2026-05-08T13:35:27+00:00","breadcrumb":{"@id":"https:\/\/www.daisho.be\/es\/produit\/bolas-de-qi-gong-bolas-sonoras-rojas-con-yingyang-4-cm\/#breadcrumb"},"inLanguage":"es","potentialAction":[{"@type":"ReadAction","target":["https:\/\/www.daisho.be\/es\/produit\/bolas-de-qi-gong-bolas-sonoras-rojas-con-yingyang-4-cm\/"]}]},{"@type":"ImageObject","inLanguage":"es","@id":"https:\/\/www.daisho.be\/es\/produit\/bolas-de-qi-gong-bolas-sonoras-rojas-con-yingyang-4-cm\/#primaryimage","url":"https:\/\/www.daisho.be\/wp-content\/uploads\/2026\/05\/image-29.png","contentUrl":"https:\/\/www.daisho.be\/wp-content\/uploads\/2026\/05\/image-29.png","width":753,"height":469,"caption":"Boules de Qi Gong Boules sonores rouges avec YingYang 4 cm-1"},{"@type":"BreadcrumbList","@id":"https:\/\/www.daisho.be\/es\/produit\/bolas-de-qi-gong-bolas-sonoras-rojas-con-yingyang-4-cm\/#breadcrumb","itemListElement":[{"@type":"ListItem","position":1,"name":"Accueil","item":"https:\/\/www.daisho.be\/es\/"},{"@type":"ListItem","position":2,"name":"Productos","item":"https:\/\/www.daisho.be\/es\/productos\/"},{"@type":"ListItem","position":3,"name":"Otros","item":"https:\/\/www.daisho.be\/es\/categorie-produit\/otros\/"},{"@type":"ListItem","position":4,"name":"Bolas de Qi Gong Bolas sonoras rojas con YingYang 4 cm"}]},{"@type":"WebSite","@id":"https:\/\/www.daisho.be\/es\/#website","url":"https:\/\/www.daisho.be\/es\/","name":"Daisho","description":"Sp&eacute;cialiste de l'&eacute;quipement sportif d'arts martiaux","publisher":{"@id":"https:\/\/www.daisho.be\/es\/#organization"},"potentialAction":[{"@type":"SearchAction","target":{"@type":"EntryPoint","urlTemplate":"https:\/\/www.daisho.be\/es\/?s={search_term_string}"},"query-input":{"@type":"PropertyValueSpecification","valueRequired":true,"valueName":"search_term_string"}}],"inLanguage":"es"},{"@type":"Organization","@id":"https:\/\/www.daisho.be\/es\/#organization","name":"Daisho","url":"https:\/\/www.daisho.be\/es\/","logo":{"@type":"ImageObject","inLanguage":"es","@id":"https:\/\/www.daisho.be\/es\/#\/schema\/logo\/image\/","url":"https:\/\/www.daisho.be\/wp-content\/uploads\/2019\/07\/color-nothing-horizontale4x-e1564486100247.png","contentUrl":"https:\/\/www.daisho.be\/wp-content\/uploads\/2019\/07\/color-nothing-horizontale4x-e1564486100247.png","width":1547,"height":385,"caption":"Daisho"},"image":{"@id":"https:\/\/www.daisho.be\/es\/#\/schema\/logo\/image\/"}}]}},"_links":{"self":[{"href":"https:\/\/www.daisho.be\/es\/wp-json\/wp\/v2\/product\/692707","targetHints":{"allow":["GET"]}}],"collection":[{"href":"https:\/\/www.daisho.be\/es\/wp-json\/wp\/v2\/product"}],"about":[{"href":"https:\/\/www.daisho.be\/es\/wp-json\/wp\/v2\/types\/product"}],"replies":[{"embeddable":true,"href":"https:\/\/www.daisho.be\/es\/wp-json\/wp\/v2\/comments?post=692707"}],"wp:featuredmedia":[{"embeddable":true,"href":"https:\/\/www.daisho.be\/es\/wp-json\/wp\/v2\/media\/692659"}],"wp:attachment":[{"href":"https:\/\/www.daisho.be\/es\/wp-json\/wp\/v2\/media?parent=692707"}],"wp:term":[{"taxonomy":"product_brand","embeddable":true,"href":"https:\/\/www.daisho.be\/es\/wp-json\/wp\/v2\/product_brand?post=692707"},{"taxonomy":"product_cat","embeddable":true,"href":"https:\/\/www.daisho.be\/es\/wp-json\/wp\/v2\/product_cat?post=692707"},{"taxonomy":"product_tag","embeddable":true,"href":"https:\/\/www.daisho.be\/es\/wp-json\/wp\/v2\/product_tag?post=692707"},{"taxonomy":"sport","embeddable":true,"href":"https:\/\/www.daisho.be\/es\/wp-json\/wp\/v2\/sport?post=692707"}],"curies":[{"name":"wp","href":"https:\/\/api.w.org\/{rel}","templated":true}]}}